{"id":3454,"date":"2018-05-02T14:49:57","date_gmt":"2018-05-02T12:49:57","guid":{"rendered":"https:\/\/www.malin-krk.com\/_novo\/sistemazione\/campeggio-tiha-silo\/restorani-i-barovi\/"},"modified":"2018-06-20T12:54:10","modified_gmt":"2018-06-20T10:54:10","slug":"ristoranti","status":"publish","type":"page","link":"https:\/\/malin-krk.com\/it\/campeggio-tiha-silo\/ristoranti\/","title":{"rendered":"Ristoranti"},"content":{"rendered":"\n","protected":false},"excerpt":{"rendered":"","protected":false},"author":3,"featured_media":3036,"parent":1311,"menu_order":0,"comment_status":"closed","ping_status":"closed","template":"page-full-width-alternate-posts.php","meta":{"_acf_changed":false,"footnotes":""},"class_list":["post-3454","page","type-page","status-publish","has-post-thumbnail","hentry"],"acf":[],"yoast_head":"<!-- This site is optimized with the Yoast SEO plugin v27.4 - https:\/\/yoast.com\/product\/yoast-seo-wordpress\/ -->\n<title>Eccellente offerta gastronomica a \u0160ilo<\/title>\n<meta name=\"description\" content=\"L&#039;eccellente offerta gastronomica nella cittadina di \u0160ilo consente a tutti gli ospiti di godersi specialit\u00e0 locali, cocktail selezionati e buona musica.\" \/>\n<meta name=\"robots\" content=\"index, follow, max-snippet:-1, max-image-preview:large, max-video-preview:-1\" \/>\n<link rel=\"canonical\" href=\"https:\/\/malin-krk.com\/it\/campeggio-tiha-silo\/ristoranti\/\" \/>\n<meta property=\"og:locale\" content=\"it_IT\" \/>\n<meta property=\"og:type\" content=\"article\" \/>\n<meta property=\"og:title\" content=\"Eccellente offerta gastronomica a \u0160ilo\" \/>\n<meta property=\"og:description\" content=\"L&#039;eccellente offerta gastronomica nella cittadina di \u0160ilo consente a tutti gli ospiti di godersi specialit\u00e0 locali, cocktail selezionati e buona musica.\" \/>\n<meta property=\"og:url\" content=\"https:\/\/malin-krk.com\/it\/campeggio-tiha-silo\/ristoranti\/\" \/>\n<meta property=\"og:site_name\" content=\"Albergo Malin\" \/>\n<meta property=\"article:publisher\" content=\"https:\/\/www.facebook.com\/hotelmalin\/\" \/>\n<meta property=\"article:modified_time\" content=\"2018-06-20T10:54:10+00:00\" \/>\n<meta property=\"og:image\" content=\"https:\/\/malin-krk.com\/wp-content\/uploads\/2018\/06\/restoran-mulino-15_1.jpg\" \/>\n\t<meta property=\"og:image:width\" content=\"1900\" \/>\n\t<meta property=\"og:image:height\" content=\"1267\" \/>\n\t<meta property=\"og:image:type\" content=\"image\/jpeg\" \/>\n<meta name=\"twitter:card\" content=\"summary_large_image\" \/>\n<script type=\"application\/ld+json\" class=\"yoast-schema-graph\">{\"@context\":\"https:\\\/\\\/schema.org\",\"@graph\":[{\"@type\":\"WebPage\",\"@id\":\"https:\\\/\\\/malin-krk.com\\\/it\\\/campeggio-tiha-silo\\\/ristoranti\\\/\",\"url\":\"https:\\\/\\\/malin-krk.com\\\/it\\\/campeggio-tiha-silo\\\/ristoranti\\\/\",\"name\":\"Eccellente offerta gastronomica a \u0160ilo\",\"isPartOf\":{\"@id\":\"https:\\\/\\\/malin-krk.com\\\/#website\"},\"primaryImageOfPage\":{\"@id\":\"https:\\\/\\\/malin-krk.com\\\/it\\\/campeggio-tiha-silo\\\/ristoranti\\\/#primaryimage\"},\"image\":{\"@id\":\"https:\\\/\\\/malin-krk.com\\\/it\\\/campeggio-tiha-silo\\\/ristoranti\\\/#primaryimage\"},\"thumbnailUrl\":\"https:\\\/\\\/malin-krk.com\\\/wp-content\\\/uploads\\\/2018\\\/06\\\/restoran-mulino-15_1.jpg\",\"datePublished\":\"2018-05-02T12:49:57+00:00\",\"dateModified\":\"2018-06-20T10:54:10+00:00\",\"description\":\"L'eccellente offerta gastronomica nella cittadina di \u0160ilo consente a tutti gli ospiti di godersi specialit\u00e0 locali, cocktail selezionati e buona musica.\",\"breadcrumb\":{\"@id\":\"https:\\\/\\\/malin-krk.com\\\/it\\\/campeggio-tiha-silo\\\/ristoranti\\\/#breadcrumb\"},\"inLanguage\":\"it-IT\",\"potentialAction\":[{\"@type\":\"ReadAction\",\"target\":[\"https:\\\/\\\/malin-krk.com\\\/it\\\/campeggio-tiha-silo\\\/ristoranti\\\/\"]}]},{\"@type\":\"ImageObject\",\"inLanguage\":\"it-IT\",\"@id\":\"https:\\\/\\\/malin-krk.com\\\/it\\\/campeggio-tiha-silo\\\/ristoranti\\\/#primaryimage\",\"url\":\"https:\\\/\\\/malin-krk.com\\\/wp-content\\\/uploads\\\/2018\\\/06\\\/restoran-mulino-15_1.jpg\",\"contentUrl\":\"https:\\\/\\\/malin-krk.com\\\/wp-content\\\/uploads\\\/2018\\\/06\\\/restoran-mulino-15_1.jpg\",\"width\":1900,\"height\":1267,\"caption\":\"restoran Mulino\"},{\"@type\":\"BreadcrumbList\",\"@id\":\"https:\\\/\\\/malin-krk.com\\\/it\\\/campeggio-tiha-silo\\\/ristoranti\\\/#breadcrumb\",\"itemListElement\":[{\"@type\":\"ListItem\",\"position\":1,\"name\":\"Home\",\"item\":\"https:\\\/\\\/malin-krk.com\\\/it\\\/\"},{\"@type\":\"ListItem\",\"position\":2,\"name\":\"Campeggio Tiha \u0160ilo\",\"item\":\"https:\\\/\\\/malin-krk.com\\\/it\\\/campeggio-tiha-silo\\\/\"},{\"@type\":\"ListItem\",\"position\":3,\"name\":\"Ristoranti\"}]},{\"@type\":\"WebSite\",\"@id\":\"https:\\\/\\\/malin-krk.com\\\/#website\",\"url\":\"https:\\\/\\\/malin-krk.com\\\/\",\"name\":\"Malin Krk\",\"description\":\"\",\"publisher\":{\"@id\":\"https:\\\/\\\/malin-krk.com\\\/#organization\"},\"potentialAction\":[{\"@type\":\"SearchAction\",\"target\":{\"@type\":\"EntryPoint\",\"urlTemplate\":\"https:\\\/\\\/malin-krk.com\\\/?s={search_term_string}\"},\"query-input\":{\"@type\":\"PropertyValueSpecification\",\"valueRequired\":true,\"valueName\":\"search_term_string\"}}],\"inLanguage\":\"it-IT\"},{\"@type\":\"Organization\",\"@id\":\"https:\\\/\\\/malin-krk.com\\\/#organization\",\"name\":\"Malin Krk\",\"url\":\"https:\\\/\\\/malin-krk.com\\\/\",\"logo\":{\"@type\":\"ImageObject\",\"inLanguage\":\"it-IT\",\"@id\":\"https:\\\/\\\/malin-krk.com\\\/#\\\/schema\\\/logo\\\/image\\\/\",\"url\":\"https:\\\/\\\/malin-krk.com\\\/wp-content\\\/uploads\\\/2024\\\/02\\\/malin-logo.jpg\",\"contentUrl\":\"https:\\\/\\\/malin-krk.com\\\/wp-content\\\/uploads\\\/2024\\\/02\\\/malin-logo.jpg\",\"width\":280,\"height\":96,\"caption\":\"Malin Krk\"},\"image\":{\"@id\":\"https:\\\/\\\/malin-krk.com\\\/#\\\/schema\\\/logo\\\/image\\\/\"},\"sameAs\":[\"https:\\\/\\\/www.facebook.com\\\/hotelmalin\\\/\"]}]}<\/script>\n<!-- \/ Yoast SEO plugin. -->","yoast_head_json":{"title":"Eccellente offerta gastronomica a \u0160ilo","description":"L'eccellente offerta gastronomica nella cittadina di \u0160ilo consente a tutti gli ospiti di godersi specialit\u00e0 locali, cocktail selezionati e buona musica.","robots":{"index":"index","follow":"follow","max-snippet":"max-snippet:-1","max-image-preview":"max-image-preview:large","max-video-preview":"max-video-preview:-1"},"canonical":"https:\/\/malin-krk.com\/it\/campeggio-tiha-silo\/ristoranti\/","og_locale":"it_IT","og_type":"article","og_title":"Eccellente offerta gastronomica a \u0160ilo","og_description":"L'eccellente offerta gastronomica nella cittadina di \u0160ilo consente a tutti gli ospiti di godersi specialit\u00e0 locali, cocktail selezionati e buona musica.","og_url":"https:\/\/malin-krk.com\/it\/campeggio-tiha-silo\/ristoranti\/","og_site_name":"Albergo Malin","article_publisher":"https:\/\/www.facebook.com\/hotelmalin\/","article_modified_time":"2018-06-20T10:54:10+00:00","og_image":[{"width":1900,"height":1267,"url":"https:\/\/malin-krk.com\/wp-content\/uploads\/2018\/06\/restoran-mulino-15_1.jpg","type":"image\/jpeg"}],"twitter_card":"summary_large_image","schema":{"@context":"https:\/\/schema.org","@graph":[{"@type":"WebPage","@id":"https:\/\/malin-krk.com\/it\/campeggio-tiha-silo\/ristoranti\/","url":"https:\/\/malin-krk.com\/it\/campeggio-tiha-silo\/ristoranti\/","name":"Eccellente offerta gastronomica a \u0160ilo","isPartOf":{"@id":"https:\/\/malin-krk.com\/#website"},"primaryImageOfPage":{"@id":"https:\/\/malin-krk.com\/it\/campeggio-tiha-silo\/ristoranti\/#primaryimage"},"image":{"@id":"https:\/\/malin-krk.com\/it\/campeggio-tiha-silo\/ristoranti\/#primaryimage"},"thumbnailUrl":"https:\/\/malin-krk.com\/wp-content\/uploads\/2018\/06\/restoran-mulino-15_1.jpg","datePublished":"2018-05-02T12:49:57+00:00","dateModified":"2018-06-20T10:54:10+00:00","description":"L'eccellente offerta gastronomica nella cittadina di \u0160ilo consente a tutti gli ospiti di godersi specialit\u00e0 locali, cocktail selezionati e buona musica.","breadcrumb":{"@id":"https:\/\/malin-krk.com\/it\/campeggio-tiha-silo\/ristoranti\/#breadcrumb"},"inLanguage":"it-IT","potentialAction":[{"@type":"ReadAction","target":["https:\/\/malin-krk.com\/it\/campeggio-tiha-silo\/ristoranti\/"]}]},{"@type":"ImageObject","inLanguage":"it-IT","@id":"https:\/\/malin-krk.com\/it\/campeggio-tiha-silo\/ristoranti\/#primaryimage","url":"https:\/\/malin-krk.com\/wp-content\/uploads\/2018\/06\/restoran-mulino-15_1.jpg","contentUrl":"https:\/\/malin-krk.com\/wp-content\/uploads\/2018\/06\/restoran-mulino-15_1.jpg","width":1900,"height":1267,"caption":"restoran Mulino"},{"@type":"BreadcrumbList","@id":"https:\/\/malin-krk.com\/it\/campeggio-tiha-silo\/ristoranti\/#breadcrumb","itemListElement":[{"@type":"ListItem","position":1,"name":"Home","item":"https:\/\/malin-krk.com\/it\/"},{"@type":"ListItem","position":2,"name":"Campeggio Tiha \u0160ilo","item":"https:\/\/malin-krk.com\/it\/campeggio-tiha-silo\/"},{"@type":"ListItem","position":3,"name":"Ristoranti"}]},{"@type":"WebSite","@id":"https:\/\/malin-krk.com\/#website","url":"https:\/\/malin-krk.com\/","name":"Malin Krk","description":"","publisher":{"@id":"https:\/\/malin-krk.com\/#organization"},"potentialAction":[{"@type":"SearchAction","target":{"@type":"EntryPoint","urlTemplate":"https:\/\/malin-krk.com\/?s={search_term_string}"},"query-input":{"@type":"PropertyValueSpecification","valueRequired":true,"valueName":"search_term_string"}}],"inLanguage":"it-IT"},{"@type":"Organization","@id":"https:\/\/malin-krk.com\/#organization","name":"Malin Krk","url":"https:\/\/malin-krk.com\/","logo":{"@type":"ImageObject","inLanguage":"it-IT","@id":"https:\/\/malin-krk.com\/#\/schema\/logo\/image\/","url":"https:\/\/malin-krk.com\/wp-content\/uploads\/2024\/02\/malin-logo.jpg","contentUrl":"https:\/\/malin-krk.com\/wp-content\/uploads\/2024\/02\/malin-logo.jpg","width":280,"height":96,"caption":"Malin Krk"},"image":{"@id":"https:\/\/malin-krk.com\/#\/schema\/logo\/image\/"},"sameAs":["https:\/\/www.facebook.com\/hotelmalin\/"]}]}},"_links":{"self":[{"href":"https:\/\/malin-krk.com\/it\/wp-json\/wp\/v2\/pages\/3454","targetHints":{"allow":["GET"]}}],"collection":[{"href":"https:\/\/malin-krk.com\/it\/wp-json\/wp\/v2\/pages"}],"about":[{"href":"https:\/\/malin-krk.com\/it\/wp-json\/wp\/v2\/types\/page"}],"author":[{"embeddable":true,"href":"https:\/\/malin-krk.com\/it\/wp-json\/wp\/v2\/users\/3"}],"replies":[{"embeddable":true,"href":"https:\/\/malin-krk.com\/it\/wp-json\/wp\/v2\/comments?post=3454"}],"version-history":[{"count":5,"href":"https:\/\/malin-krk.com\/it\/wp-json\/wp\/v2\/pages\/3454\/revisions"}],"predecessor-version":[{"id":4479,"href":"https:\/\/malin-krk.com\/it\/wp-json\/wp\/v2\/pages\/3454\/revisions\/4479"}],"up":[{"embeddable":true,"href":"https:\/\/malin-krk.com\/it\/wp-json\/wp\/v2\/pages\/1311"}],"wp:featuredmedia":[{"embeddable":true,"href":"https:\/\/malin-krk.com\/it\/wp-json\/wp\/v2\/media\/3036"}],"wp:attachment":[{"href":"https:\/\/malin-krk.com\/it\/wp-json\/wp\/v2\/media?parent=3454"}],"curies":[{"name":"wp","href":"https:\/\/api.w.org\/{rel}","templated":true}]}}