{"id":32003,"date":"2025-03-31T10:11:40","date_gmt":"2025-03-31T08:11:40","guid":{"rendered":"https:\/\/malin-krk.com\/?page_id=32003"},"modified":"2025-03-31T12:47:16","modified_gmt":"2025-03-31T10:47:16","slug":"osterwochenende-im-camp-tiha","status":"publish","type":"page","link":"https:\/\/malin-krk.com\/it\/campeggio-tiha-silo\/offerte-speciali\/osterwochenende-im-camp-tiha\/","title":{"rendered":"Fine settimana di Pasqua al Camp Tiha"},"content":{"rendered":"<!DOCTYPE html PUBLIC \"-\/\/W3C\/\/DTD HTML 4.0 Transitional\/\/EN\" \"http:\/\/www.w3.org\/TR\/REC-html40\/loose.dtd\">\n<html><body><p><span style=\"font-size: 18pt;\"><strong>Fine settimana di Pasqua al Camp Tiha<\/strong><\/span><\/p>\n<p>Trascorri la Pasqua nella natura, tra il profumo del mare e un&rsquo;atmosfera rilassante! Il campeggio Tiha a &Scaron;ilo offre le migliori condizioni per rilassarsi ed esplorare le bellezze dell&rsquo;isola di Krk a prezzi accessibili.<br>\nPrenota in tempo il tuo posto e vivi la Pasqua in modo speciale!<\/p>\n<p><span style=\"font-size: 18pt;\"><strong>18.04. &ndash; 21.04.<\/strong><\/span><\/p>\n<p><strong>Il pacchetto include:<\/strong><br>\n&bull; 2 o 3 notti fino a 4 persone in una casa mobile Standard<br>\n&bull; Utilizzo del campo da tennis con attrezzatura per 2 ore (su prenotazione, una volta durante il soggiorno)<br>\n&bull; Parcheggio per 1 auto<br>\n&bull; 1 animale domestico (da segnalare al momento della prenotazione)<br>\n&bull; Pulizia finale<br>\n&bull; Lenzuola + asciugamani un set<\/p>\n<p><strong>REGALO DI BENVENUTO PER PASQUA:<\/strong><br>\n&bull; Bottiglia di vino<br>\n&bull; Pinta<br>\n&bull; Regalo per bambini (uova di Pasqua colorate e cioccolatini)<\/p>\n<p><strong>Opzioni:<\/strong><\/p>\n<p>Pacchetto 2 notti &ndash; &euro; 165,00<br>\nNotte aggiuntiva: &ndash; &euro; 82,50<br>\n18.04.-21.04. \/ 30.04.-04.05.<\/p>\n<p>Pacchetto 3 notti &ndash; &euro;225,00<br>\nNotte aggiuntiva: &ndash; &euro; 75,00<\/p>\n<p>Il campeggio Tiha a &Scaron;ilo si trova vicino a numerose interessanti mete escursionistiche, il che lo rende un punto di partenza ideale. Sapevi che &egrave; possibile visitare l&rsquo;intera isola di Krk a piedi in sette giorni? Parti per un&rsquo;avventura escursionistica pensata per gli amanti della natura e scopri tutta la bellezza e la diversit&agrave; dell&rsquo;Isola d&rsquo;Oro.<\/p>\n<p><strong>Supplementi obbligatori alla reception:<\/strong><br>\n&bull; Tassa di soggiorno (&euro; 1,99 a persona\/giorno); bambini fino a 12 anni non pagano la tassa di soggiorno e i ragazzi dai 12 ai 18 anni pagano il 50%.<br>\n&bull; Registrazione (1,50 &euro; a persona, quota una tantum)<br>\nL&rsquo;utilizzo della casa mobile &egrave; consentito a partire dalle ore 16:00 del giorno di arrivo. Il giorno della partenza, il check-out deve essere effettuato entro le ore 10.00.<\/p>\n<p><strong>Extra facoltativi alla reception:<\/strong><br>\n&bull; Supplemento Casa Mobile Premium &euro; 10\/giorno<br>\n&bull; Supplemento per Casa Mobile Superior 15 &euro; \/ giorno<br>\n&bull; Supplemento per Casa Mobile Luxury 25 &euro; \/ giorno<br>\n&bull; Supplemento per Casa Mobile Deluxe 35 &euro; \/ giorno<\/p>\n<p><strong>Casa mobile standard<\/strong><\/p>\n<p>Semplice e grazioso, ideale per 4 persone. Dimensioni 22 m2 (7,3 m * 3 m). Decorato in stile mediterraneo, rivestito in pietra decorativa; Rappresenta un vero e proprio piccolo prototipo di casa in pietra, tipica del clima dell&rsquo;isola. &Egrave; composto da 2 camere da letto, 1 bagno, soggiorno e angolo cottura. Dotato di aria condizionata, televisione, terrazza coperta con posti a sedere e sedie a sdraio.<\/p>\n<p><strong>Prenotazioni: reservations@camp.tiha.hr<\/strong><\/p>\n<p><strong>Tel: 051 850 129<\/strong><\/p>\n<p><strong>Contattaci:<\/strong><\/p>\n\n<div class=\"wpcf7 no-js\" id=\"wpcf7-f858-o1\" lang=\"hr-HR\" dir=\"ltr\" data-wpcf7-id=\"858\">\n<div class=\"screen-reader-response\"><p role=\"status\" aria-live=\"polite\" aria-atomic=\"true\"><\/p> <ul><\/ul><\/div>\n<form action=\"\/it\/wp-json\/wp\/v2\/pages\/32003#wpcf7-f858-o1\" method=\"post\" class=\"wpcf7-form init\" aria-label=\"Modulo di contatto\" novalidate=\"novalidate\" data-status=\"init\">\n<fieldset class=\"hidden-fields-container\"><input type=\"hidden\" name=\"_wpcf7\" value=\"858\" \/><input type=\"hidden\" name=\"_wpcf7_version\" value=\"6.1.5\" \/><input type=\"hidden\" name=\"_wpcf7_locale\" value=\"hr_HR\" \/><input type=\"hidden\" name=\"_wpcf7_unit_tag\" value=\"wpcf7-f858-o1\" \/><input type=\"hidden\" name=\"_wpcf7_container_post\" value=\"0\" \/><input type=\"hidden\" name=\"_wpcf7_posted_data_hash\" value=\"\" \/>\n<\/fieldset>\n<p><label>Ime i prezime*<br \/>\n<span class=\"wpcf7-form-control-wrap\" data-name=\"your-name\"><input size=\"40\" maxlength=\"400\" class=\"wpcf7-form-control wpcf7-text wpcf7-validates-as-required\" aria-required=\"true\" aria-invalid=\"false\" value=\"\" type=\"text\" name=\"your-name\" \/><\/span> <\/label>\n<\/p>\n<p><label>Email*<br \/>\n<span class=\"wpcf7-form-control-wrap\" data-name=\"your-email\"><input size=\"40\" maxlength=\"400\" class=\"wpcf7-form-control wpcf7-email wpcf7-validates-as-required wpcf7-text wpcf7-validates-as-email\" aria-required=\"true\" aria-invalid=\"false\" value=\"\" type=\"email\" name=\"your-email\" \/><\/span> <\/label>\n<\/p>\n<p><label>Predmet<br \/>\n<span class=\"wpcf7-form-control-wrap\" data-name=\"your-subject\"><input size=\"40\" maxlength=\"400\" class=\"wpcf7-form-control wpcf7-text wpcf7-validates-as-required\" aria-required=\"true\" aria-invalid=\"false\" value=\"\" type=\"text\" name=\"your-subject\" \/><\/span> <\/label>\n<\/p>\n<p><label>Poruka*<br \/>\n<span class=\"wpcf7-form-control-wrap\" data-name=\"your-message\"><textarea cols=\"40\" rows=\"10\" maxlength=\"2000\" class=\"wpcf7-form-control wpcf7-textarea wpcf7-validates-as-required\" aria-required=\"true\" aria-invalid=\"false\" name=\"your-message\"><\/textarea><\/span> <\/label>\n<\/p>\n<p><label>Primatelj poruke<br \/>\n<span class=\"wpcf7-form-control-wrap\" data-name=\"your-recipient\"><select class=\"wpcf7-form-control wpcf7-select wpcf7-validates-as-required\" aria-required=\"true\" aria-invalid=\"false\" name=\"your-recipient\"><option value=\"\">&#8212;Seleziona un&#039;opzione&#8212;<\/option><option value=\"Hotel Malin\">Hotel Malin<\/option><option value=\"Vile i apartmani\">Vile i apartmani<\/option><option value=\"Mobilne ku\u0107ice\">Mobilne ku\u0107ice<\/option><option value=\"Kamp Tiha \u0160ilo\">Kamp Tiha \u0160ilo<\/option><\/select><\/span><\/label>\n<\/p>\n<p><label>Captcha<br \/>\n<input type=\"hidden\" name=\"_wpcf7_captcha_challenge_captcha-1\" value=\"2438300130\" \/><img decoding=\"async\" class=\"wpcf7-form-control wpcf7-captchac wpcf7-captcha-captcha-1\" width=\"84\" height=\"28\" alt=\"captcha\" src=\"https:\/\/malin-krk.com\/wp-content\/uploads\/wpcf7_captcha\/2438300130.png\" \/><span class=\"wpcf7-form-control-wrap\" data-name=\"captcha-1\"><input size=\"40\" maxlength=\"100\" class=\"wpcf7-form-control wpcf7-captchar\" autocomplete=\"off\" aria-invalid=\"false\" placeholder=\"Upi\u0161ite znakove\" value=\"\" type=\"text\" name=\"captcha-1\" \/><\/span><br \/>\n<\/label>\n<\/p>\n<p><span class=\"wpcf7-form-control-wrap\" data-name=\"your-consent\"><span class=\"wpcf7-form-control wpcf7-acceptance\"><span class=\"wpcf7-list-item\"><label><input type=\"checkbox\" name=\"your-consent\" value=\"1\" aria-invalid=\"false\" \/><span class=\"wpcf7-list-item-label\">Molimo ozna\u010dite kako biste pristali na spremanje va\u0161ih podataka u skladu sa smjernicama navedenim u na\u0161oj izjavi o <a href=\"https:\/\/malin-krk.com\/pravila-koristenja\/\">privatnosti podataka<\/a><\/span><\/label><\/span><\/span><\/span>\n<\/p>\n<p><input class=\"wpcf7-form-control wpcf7-submit has-spinner btn\" type=\"submit\" value=\"Po\u0161aljite\" \/>\n<\/p><div class=\"wpcf7-response-output\" aria-hidden=\"true\"><\/div>\n<\/form>\n<\/div>\n\n<\/body><\/html>\n","protected":false},"excerpt":{"rendered":"<p>Fine settimana di Pasqua al Camp Tiha Trascorri la Pasqua nella natura, tra il profumo del mare e un&rsquo;atmosfera rilassante! Il campeggio Tiha a &Scaron;ilo offre le migliori condizioni per rilassarsi ed esplorare le bellezze dell&rsquo;isola di Krk a prezzi accessibili. Prenota in tempo il tuo posto e vivi la Pasqua in modo speciale! 18.04. [&hellip;]<\/p>\n","protected":false},"author":2,"featured_media":31979,"parent":24654,"menu_order":0,"comment_status":"closed","ping_status":"closed","template":"","meta":{"_acf_changed":false,"footnotes":""},"class_list":["post-32003","page","type-page","status-publish","has-post-thumbnail","hentry"],"acf":[],"yoast_head":"<!-- This site is optimized with the Yoast SEO plugin v27.5 - https:\/\/yoast.com\/product\/yoast-seo-wordpress\/ -->\n<title>Fine settimana di Pasqua al Camp Tiha - Albergo Malin<\/title>\n<meta name=\"description\" content=\"Das Camp Tiha in \u0160ilo bietet erstklassige Bedingungen zum Entspannen und Erkunden der Sch\u00f6nheiten der Insel Krk zu erschwinglichen Preisen.\" \/>\n<meta name=\"robots\" content=\"index, follow, max-snippet:-1, max-image-preview:large, max-video-preview:-1\" \/>\n<link rel=\"canonical\" href=\"https:\/\/malin-krk.com\/it\/campeggio-tiha-silo\/offerte-speciali\/osterwochenende-im-camp-tiha\/\" \/>\n<meta property=\"og:locale\" content=\"it_IT\" \/>\n<meta property=\"og:type\" content=\"article\" \/>\n<meta property=\"og:title\" content=\"Fine settimana di Pasqua al Camp Tiha - Albergo Malin\" \/>\n<meta property=\"og:description\" content=\"Das Camp Tiha in \u0160ilo bietet erstklassige Bedingungen zum Entspannen und Erkunden der Sch\u00f6nheiten der Insel Krk zu erschwinglichen Preisen.\" \/>\n<meta property=\"og:url\" content=\"https:\/\/malin-krk.com\/it\/campeggio-tiha-silo\/offerte-speciali\/osterwochenende-im-camp-tiha\/\" \/>\n<meta property=\"og:site_name\" content=\"Albergo Malin\" \/>\n<meta property=\"article:publisher\" content=\"https:\/\/www.facebook.com\/hotelmalin\/\" \/>\n<meta property=\"article:modified_time\" content=\"2025-03-31T10:47:16+00:00\" \/>\n<meta property=\"og:image\" content=\"https:\/\/malin-krk.com\/wp-content\/uploads\/2025\/03\/green-minimalist-happy-easter-Facebook-Post-1.png\" \/>\n\t<meta property=\"og:image:width\" content=\"940\" \/>\n\t<meta property=\"og:image:height\" content=\"788\" \/>\n\t<meta property=\"og:image:type\" content=\"image\/png\" \/>\n<meta name=\"twitter:card\" content=\"summary_large_image\" \/>\n<script type=\"application\/ld+json\" class=\"yoast-schema-graph\">{\"@context\":\"https:\\\/\\\/schema.org\",\"@graph\":[{\"@type\":\"WebPage\",\"@id\":\"https:\\\/\\\/malin-krk.com\\\/it\\\/campeggio-tiha-silo\\\/offerte-speciali\\\/osterwochenende-im-camp-tiha\\\/\",\"url\":\"https:\\\/\\\/malin-krk.com\\\/it\\\/campeggio-tiha-silo\\\/offerte-speciali\\\/osterwochenende-im-camp-tiha\\\/\",\"name\":\"Fine settimana di Pasqua al Camp Tiha - Albergo Malin\",\"isPartOf\":{\"@id\":\"https:\\\/\\\/malin-krk.com\\\/#website\"},\"primaryImageOfPage\":{\"@id\":\"https:\\\/\\\/malin-krk.com\\\/it\\\/campeggio-tiha-silo\\\/offerte-speciali\\\/osterwochenende-im-camp-tiha\\\/#primaryimage\"},\"image\":{\"@id\":\"https:\\\/\\\/malin-krk.com\\\/it\\\/campeggio-tiha-silo\\\/offerte-speciali\\\/osterwochenende-im-camp-tiha\\\/#primaryimage\"},\"thumbnailUrl\":\"https:\\\/\\\/malin-krk.com\\\/wp-content\\\/uploads\\\/2025\\\/03\\\/green-minimalist-happy-easter-Facebook-Post-1.png\",\"datePublished\":\"2025-03-31T08:11:40+00:00\",\"dateModified\":\"2025-03-31T10:47:16+00:00\",\"description\":\"Das Camp Tiha in \u0160ilo bietet erstklassige Bedingungen zum Entspannen und Erkunden der Sch\u00f6nheiten der Insel Krk zu erschwinglichen Preisen.\",\"breadcrumb\":{\"@id\":\"https:\\\/\\\/malin-krk.com\\\/it\\\/campeggio-tiha-silo\\\/offerte-speciali\\\/osterwochenende-im-camp-tiha\\\/#breadcrumb\"},\"inLanguage\":\"it-IT\",\"potentialAction\":[{\"@type\":\"ReadAction\",\"target\":[\"https:\\\/\\\/malin-krk.com\\\/it\\\/campeggio-tiha-silo\\\/offerte-speciali\\\/osterwochenende-im-camp-tiha\\\/\"]}]},{\"@type\":\"ImageObject\",\"inLanguage\":\"it-IT\",\"@id\":\"https:\\\/\\\/malin-krk.com\\\/it\\\/campeggio-tiha-silo\\\/offerte-speciali\\\/osterwochenende-im-camp-tiha\\\/#primaryimage\",\"url\":\"https:\\\/\\\/malin-krk.com\\\/wp-content\\\/uploads\\\/2025\\\/03\\\/green-minimalist-happy-easter-Facebook-Post-1.png\",\"contentUrl\":\"https:\\\/\\\/malin-krk.com\\\/wp-content\\\/uploads\\\/2025\\\/03\\\/green-minimalist-happy-easter-Facebook-Post-1.png\",\"width\":940,\"height\":788},{\"@type\":\"BreadcrumbList\",\"@id\":\"https:\\\/\\\/malin-krk.com\\\/it\\\/campeggio-tiha-silo\\\/offerte-speciali\\\/osterwochenende-im-camp-tiha\\\/#breadcrumb\",\"itemListElement\":[{\"@type\":\"ListItem\",\"position\":1,\"name\":\"Home\",\"item\":\"https:\\\/\\\/malin-krk.com\\\/it\\\/\"},{\"@type\":\"ListItem\",\"position\":2,\"name\":\"Campeggio Tiha \u0160ilo\",\"item\":\"https:\\\/\\\/malin-krk.com\\\/it\\\/campeggio-tiha-silo\\\/\"},{\"@type\":\"ListItem\",\"position\":3,\"name\":\"Offerte speciali camp Tiha\",\"item\":\"https:\\\/\\\/malin-krk.com\\\/it\\\/campeggio-tiha-silo\\\/offerte-speciali\\\/\"},{\"@type\":\"ListItem\",\"position\":4,\"name\":\"Fine settimana di Pasqua al Camp Tiha\"}]},{\"@type\":\"WebSite\",\"@id\":\"https:\\\/\\\/malin-krk.com\\\/#website\",\"url\":\"https:\\\/\\\/malin-krk.com\\\/\",\"name\":\"Malin Krk\",\"description\":\"\",\"publisher\":{\"@id\":\"https:\\\/\\\/malin-krk.com\\\/#organization\"},\"potentialAction\":[{\"@type\":\"SearchAction\",\"target\":{\"@type\":\"EntryPoint\",\"urlTemplate\":\"https:\\\/\\\/malin-krk.com\\\/?s={search_term_string}\"},\"query-input\":{\"@type\":\"PropertyValueSpecification\",\"valueRequired\":true,\"valueName\":\"search_term_string\"}}],\"inLanguage\":\"it-IT\"},{\"@type\":\"Organization\",\"@id\":\"https:\\\/\\\/malin-krk.com\\\/#organization\",\"name\":\"Malin Krk\",\"url\":\"https:\\\/\\\/malin-krk.com\\\/\",\"logo\":{\"@type\":\"ImageObject\",\"inLanguage\":\"it-IT\",\"@id\":\"https:\\\/\\\/malin-krk.com\\\/#\\\/schema\\\/logo\\\/image\\\/\",\"url\":\"https:\\\/\\\/malin-krk.com\\\/wp-content\\\/uploads\\\/2024\\\/02\\\/malin-logo.jpg\",\"contentUrl\":\"https:\\\/\\\/malin-krk.com\\\/wp-content\\\/uploads\\\/2024\\\/02\\\/malin-logo.jpg\",\"width\":280,\"height\":96,\"caption\":\"Malin Krk\"},\"image\":{\"@id\":\"https:\\\/\\\/malin-krk.com\\\/#\\\/schema\\\/logo\\\/image\\\/\"},\"sameAs\":[\"https:\\\/\\\/www.facebook.com\\\/hotelmalin\\\/\"]}]}<\/script>\n<!-- \/ Yoast SEO plugin. -->","yoast_head_json":{"title":"Fine settimana di Pasqua al Camp Tiha - Albergo Malin","description":"Das Camp Tiha in \u0160ilo bietet erstklassige Bedingungen zum Entspannen und Erkunden der Sch\u00f6nheiten der Insel Krk zu erschwinglichen Preisen.","robots":{"index":"index","follow":"follow","max-snippet":"max-snippet:-1","max-image-preview":"max-image-preview:large","max-video-preview":"max-video-preview:-1"},"canonical":"https:\/\/malin-krk.com\/it\/campeggio-tiha-silo\/offerte-speciali\/osterwochenende-im-camp-tiha\/","og_locale":"it_IT","og_type":"article","og_title":"Fine settimana di Pasqua al Camp Tiha - Albergo Malin","og_description":"Das Camp Tiha in \u0160ilo bietet erstklassige Bedingungen zum Entspannen und Erkunden der Sch\u00f6nheiten der Insel Krk zu erschwinglichen Preisen.","og_url":"https:\/\/malin-krk.com\/it\/campeggio-tiha-silo\/offerte-speciali\/osterwochenende-im-camp-tiha\/","og_site_name":"Albergo Malin","article_publisher":"https:\/\/www.facebook.com\/hotelmalin\/","article_modified_time":"2025-03-31T10:47:16+00:00","og_image":[{"width":940,"height":788,"url":"https:\/\/malin-krk.com\/wp-content\/uploads\/2025\/03\/green-minimalist-happy-easter-Facebook-Post-1.png","type":"image\/png"}],"twitter_card":"summary_large_image","schema":{"@context":"https:\/\/schema.org","@graph":[{"@type":"WebPage","@id":"https:\/\/malin-krk.com\/it\/campeggio-tiha-silo\/offerte-speciali\/osterwochenende-im-camp-tiha\/","url":"https:\/\/malin-krk.com\/it\/campeggio-tiha-silo\/offerte-speciali\/osterwochenende-im-camp-tiha\/","name":"Fine settimana di Pasqua al Camp Tiha - Albergo Malin","isPartOf":{"@id":"https:\/\/malin-krk.com\/#website"},"primaryImageOfPage":{"@id":"https:\/\/malin-krk.com\/it\/campeggio-tiha-silo\/offerte-speciali\/osterwochenende-im-camp-tiha\/#primaryimage"},"image":{"@id":"https:\/\/malin-krk.com\/it\/campeggio-tiha-silo\/offerte-speciali\/osterwochenende-im-camp-tiha\/#primaryimage"},"thumbnailUrl":"https:\/\/malin-krk.com\/wp-content\/uploads\/2025\/03\/green-minimalist-happy-easter-Facebook-Post-1.png","datePublished":"2025-03-31T08:11:40+00:00","dateModified":"2025-03-31T10:47:16+00:00","description":"Das Camp Tiha in \u0160ilo bietet erstklassige Bedingungen zum Entspannen und Erkunden der Sch\u00f6nheiten der Insel Krk zu erschwinglichen Preisen.","breadcrumb":{"@id":"https:\/\/malin-krk.com\/it\/campeggio-tiha-silo\/offerte-speciali\/osterwochenende-im-camp-tiha\/#breadcrumb"},"inLanguage":"it-IT","potentialAction":[{"@type":"ReadAction","target":["https:\/\/malin-krk.com\/it\/campeggio-tiha-silo\/offerte-speciali\/osterwochenende-im-camp-tiha\/"]}]},{"@type":"ImageObject","inLanguage":"it-IT","@id":"https:\/\/malin-krk.com\/it\/campeggio-tiha-silo\/offerte-speciali\/osterwochenende-im-camp-tiha\/#primaryimage","url":"https:\/\/malin-krk.com\/wp-content\/uploads\/2025\/03\/green-minimalist-happy-easter-Facebook-Post-1.png","contentUrl":"https:\/\/malin-krk.com\/wp-content\/uploads\/2025\/03\/green-minimalist-happy-easter-Facebook-Post-1.png","width":940,"height":788},{"@type":"BreadcrumbList","@id":"https:\/\/malin-krk.com\/it\/campeggio-tiha-silo\/offerte-speciali\/osterwochenende-im-camp-tiha\/#breadcrumb","itemListElement":[{"@type":"ListItem","position":1,"name":"Home","item":"https:\/\/malin-krk.com\/it\/"},{"@type":"ListItem","position":2,"name":"Campeggio Tiha \u0160ilo","item":"https:\/\/malin-krk.com\/it\/campeggio-tiha-silo\/"},{"@type":"ListItem","position":3,"name":"Offerte speciali camp Tiha","item":"https:\/\/malin-krk.com\/it\/campeggio-tiha-silo\/offerte-speciali\/"},{"@type":"ListItem","position":4,"name":"Fine settimana di Pasqua al Camp Tiha"}]},{"@type":"WebSite","@id":"https:\/\/malin-krk.com\/#website","url":"https:\/\/malin-krk.com\/","name":"Malin Krk","description":"","publisher":{"@id":"https:\/\/malin-krk.com\/#organization"},"potentialAction":[{"@type":"SearchAction","target":{"@type":"EntryPoint","urlTemplate":"https:\/\/malin-krk.com\/?s={search_term_string}"},"query-input":{"@type":"PropertyValueSpecification","valueRequired":true,"valueName":"search_term_string"}}],"inLanguage":"it-IT"},{"@type":"Organization","@id":"https:\/\/malin-krk.com\/#organization","name":"Malin Krk","url":"https:\/\/malin-krk.com\/","logo":{"@type":"ImageObject","inLanguage":"it-IT","@id":"https:\/\/malin-krk.com\/#\/schema\/logo\/image\/","url":"https:\/\/malin-krk.com\/wp-content\/uploads\/2024\/02\/malin-logo.jpg","contentUrl":"https:\/\/malin-krk.com\/wp-content\/uploads\/2024\/02\/malin-logo.jpg","width":280,"height":96,"caption":"Malin Krk"},"image":{"@id":"https:\/\/malin-krk.com\/#\/schema\/logo\/image\/"},"sameAs":["https:\/\/www.facebook.com\/hotelmalin\/"]}]}},"_links":{"self":[{"href":"https:\/\/malin-krk.com\/it\/wp-json\/wp\/v2\/pages\/32003","targetHints":{"allow":["GET"]}}],"collection":[{"href":"https:\/\/malin-krk.com\/it\/wp-json\/wp\/v2\/pages"}],"about":[{"href":"https:\/\/malin-krk.com\/it\/wp-json\/wp\/v2\/types\/page"}],"author":[{"embeddable":true,"href":"https:\/\/malin-krk.com\/it\/wp-json\/wp\/v2\/users\/2"}],"replies":[{"embeddable":true,"href":"https:\/\/malin-krk.com\/it\/wp-json\/wp\/v2\/comments?post=32003"}],"version-history":[{"count":4,"href":"https:\/\/malin-krk.com\/it\/wp-json\/wp\/v2\/pages\/32003\/revisions"}],"predecessor-version":[{"id":32008,"href":"https:\/\/malin-krk.com\/it\/wp-json\/wp\/v2\/pages\/32003\/revisions\/32008"}],"up":[{"embeddable":true,"href":"https:\/\/malin-krk.com\/it\/wp-json\/wp\/v2\/pages\/24654"}],"wp:featuredmedia":[{"embeddable":true,"href":"https:\/\/malin-krk.com\/it\/wp-json\/wp\/v2\/media\/31979"}],"wp:attachment":[{"href":"https:\/\/malin-krk.com\/it\/wp-json\/wp\/v2\/media?parent=32003"}],"curies":[{"name":"wp","href":"https:\/\/api.w.org\/{rel}","templated":true}]}}