{"id":29640,"date":"2024-04-16T09:06:28","date_gmt":"2024-04-16T07:06:28","guid":{"rendered":"https:\/\/malin-krk.com\/?page_id=29640"},"modified":"2024-08-27T14:09:34","modified_gmt":"2024-08-27T12:09:34","slug":"offerta-speciale-per-soggiorni-da-min-7-notti","status":"publish","type":"page","link":"https:\/\/malin-krk.com\/it\/offerta-speciale-per-soggiorni-da-min-7-notti\/","title":{"rendered":"Offerta speciale per soggiorni da min. 7 notti"},"content":{"rendered":"<!DOCTYPE html PUBLIC \"-\/\/W3C\/\/DTD HTML 4.0 Transitional\/\/EN\" \"http:\/\/www.w3.org\/TR\/REC-html40\/loose.dtd\">\n<html><body><p>Alloggi di qualit&agrave; ad un passo dal mare, cibo tradizionale preparato in modo moderno, vini accuratamente selezionati, canti klapa e feste sulla spiaggia, strutture sportive e culturali, ulivi e pace sono solo una parte di ci&ograve; che vi aspetta all&rsquo;Hotel Malin.<\/p>\n<p>&nbsp;<\/p>\n<p><strong>Risparmia con questa offerta speciale:<\/strong><\/p>\n<ul>\n<li><strong>Sconto del 20%<\/strong> per soggiorni di almeno 7 notti<\/li>\n<li>Cancellazione gratuita della prenotazione fino a 5 giorni prima dell&rsquo;arrivo<\/li>\n<\/ul>\n<p>&nbsp;<\/p>\n<p>*Per confermare la prenotazione &egrave; richiesto il pagamento anticipato del 30%.<\/p>\n<p>*Rimborso dell&rsquo;acconto in caso di cancellazione della prenotazione fino a 5 giorni prima dell&rsquo;arrivo.<\/p>\n<p>*L&rsquo;animazione &egrave; disponibile nel periodo dal 15 giugno 2024 al 15 settembre 2024.<\/p>\n<p>&nbsp;<\/p>\n<p><img decoding=\"async\" class=\"aligncenter  wp-image-30559\" src=\"https:\/\/malin-krk.com\/wp-content\/uploads\/2024\/08\/tal-300x212.png\" alt=\"\" width=\"786\" height=\"556\" srcset=\"https:\/\/malin-krk.com\/wp-content\/uploads\/2024\/08\/tal-300x212.png 300w, https:\/\/malin-krk.com\/wp-content\/uploads\/2024\/08\/tal-1024x724.png 1024w, https:\/\/malin-krk.com\/wp-content\/uploads\/2024\/08\/tal-768x543.png 768w, https:\/\/malin-krk.com\/wp-content\/uploads\/2024\/08\/tal-1536x1086.png 1536w, https:\/\/malin-krk.com\/wp-content\/uploads\/2024\/08\/tal.png 2000w\" sizes=\"(max-width: 786px) 100vw, 786px\" \/><\/p>\n<p>&nbsp;<\/p>\n<p>L&rsquo;offerta &egrave; valida per tutte le tipologie di camere dell&rsquo;Hotel Malin e per i servizi di pernottamento con prima colazione o mezza pensione.<\/p>\n<p>&nbsp;<\/p>\n<div class=\"content__wp-gallery\">\n\n     \t \n\n<\/div>\n<p>&nbsp;<\/p>\n<div class=\"text-center\"><a href=\"https:\/\/malin-krk.book-official-website.com\/booking.php?company_id=46397161914251e464f8373ba1bec4d4&#038;hotel=8351670ef3694fc21885e90066044adc&#038;d&#038;rate=443033\" class=\"btn btn-primary btn-primary--secondary color-white soba__btn btn--rezervacija\"><span>CLICCA E PRENOTA!<\/span><\/a><\/div>\n<p>&nbsp;<\/p>\n\n<div class=\"wpcf7 no-js\" id=\"wpcf7-f858-o1\" lang=\"hr-HR\" dir=\"ltr\" data-wpcf7-id=\"858\">\n<div class=\"screen-reader-response\"><p role=\"status\" aria-live=\"polite\" aria-atomic=\"true\"><\/p> <ul><\/ul><\/div>\n<form action=\"\/it\/wp-json\/wp\/v2\/pages\/29640#wpcf7-f858-o1\" method=\"post\" class=\"wpcf7-form init\" aria-label=\"Modulo di contatto\" novalidate=\"novalidate\" data-status=\"init\">\n<fieldset class=\"hidden-fields-container\"><input type=\"hidden\" name=\"_wpcf7\" value=\"858\" \/><input type=\"hidden\" name=\"_wpcf7_version\" value=\"6.1.5\" \/><input type=\"hidden\" name=\"_wpcf7_locale\" value=\"hr_HR\" \/><input type=\"hidden\" name=\"_wpcf7_unit_tag\" value=\"wpcf7-f858-o1\" \/><input type=\"hidden\" name=\"_wpcf7_container_post\" value=\"0\" \/><input type=\"hidden\" name=\"_wpcf7_posted_data_hash\" value=\"\" \/>\n<\/fieldset>\n<p><label>Ime i prezime*<br \/>\n<span class=\"wpcf7-form-control-wrap\" data-name=\"your-name\"><input size=\"40\" maxlength=\"400\" class=\"wpcf7-form-control wpcf7-text wpcf7-validates-as-required\" aria-required=\"true\" aria-invalid=\"false\" value=\"\" type=\"text\" name=\"your-name\" \/><\/span> <\/label>\n<\/p>\n<p><label>Email*<br \/>\n<span class=\"wpcf7-form-control-wrap\" data-name=\"your-email\"><input size=\"40\" maxlength=\"400\" class=\"wpcf7-form-control wpcf7-email wpcf7-validates-as-required wpcf7-text wpcf7-validates-as-email\" aria-required=\"true\" aria-invalid=\"false\" value=\"\" type=\"email\" name=\"your-email\" \/><\/span> <\/label>\n<\/p>\n<p><label>Predmet<br \/>\n<span class=\"wpcf7-form-control-wrap\" data-name=\"your-subject\"><input size=\"40\" maxlength=\"400\" class=\"wpcf7-form-control wpcf7-text wpcf7-validates-as-required\" aria-required=\"true\" aria-invalid=\"false\" value=\"\" type=\"text\" name=\"your-subject\" \/><\/span> <\/label>\n<\/p>\n<p><label>Poruka*<br \/>\n<span class=\"wpcf7-form-control-wrap\" data-name=\"your-message\"><textarea cols=\"40\" rows=\"10\" maxlength=\"2000\" class=\"wpcf7-form-control wpcf7-textarea wpcf7-validates-as-required\" aria-required=\"true\" aria-invalid=\"false\" name=\"your-message\"><\/textarea><\/span> <\/label>\n<\/p>\n<p><label>Primatelj poruke<br \/>\n<span class=\"wpcf7-form-control-wrap\" data-name=\"your-recipient\"><select class=\"wpcf7-form-control wpcf7-select wpcf7-validates-as-required\" aria-required=\"true\" aria-invalid=\"false\" name=\"your-recipient\"><option value=\"\">&#8212;Seleziona un&#039;opzione&#8212;<\/option><option value=\"Hotel Malin\">Hotel Malin<\/option><option value=\"Vile i apartmani\">Vile i apartmani<\/option><option value=\"Mobilne ku\u0107ice\">Mobilne ku\u0107ice<\/option><option value=\"Kamp Tiha \u0160ilo\">Kamp Tiha \u0160ilo<\/option><\/select><\/span><\/label>\n<\/p>\n<p><label>Captcha<br \/>\n<input type=\"hidden\" name=\"_wpcf7_captcha_challenge_captcha-1\" value=\"3152956116\" \/><img decoding=\"async\" class=\"wpcf7-form-control wpcf7-captchac wpcf7-captcha-captcha-1\" width=\"84\" height=\"28\" alt=\"captcha\" src=\"https:\/\/malin-krk.com\/wp-content\/uploads\/wpcf7_captcha\/3152956116.png\" \/><span class=\"wpcf7-form-control-wrap\" data-name=\"captcha-1\"><input size=\"40\" maxlength=\"100\" class=\"wpcf7-form-control wpcf7-captchar\" autocomplete=\"off\" aria-invalid=\"false\" placeholder=\"Upi\u0161ite znakove\" value=\"\" type=\"text\" name=\"captcha-1\" \/><\/span><br \/>\n<\/label>\n<\/p>\n<p><span class=\"wpcf7-form-control-wrap\" data-name=\"your-consent\"><span class=\"wpcf7-form-control wpcf7-acceptance\"><span class=\"wpcf7-list-item\"><label><input type=\"checkbox\" name=\"your-consent\" value=\"1\" aria-invalid=\"false\" \/><span class=\"wpcf7-list-item-label\">Molimo ozna\u010dite kako biste pristali na spremanje va\u0161ih podataka u skladu sa smjernicama navedenim u na\u0161oj izjavi o <a href=\"https:\/\/malin-krk.com\/pravila-koristenja\/\">privatnosti podataka<\/a><\/span><\/label><\/span><\/span><\/span>\n<\/p>\n<p><input class=\"wpcf7-form-control wpcf7-submit has-spinner btn\" type=\"submit\" value=\"Po\u0161aljite\" \/>\n<\/p><div class=\"wpcf7-response-output\" aria-hidden=\"true\"><\/div>\n<\/form>\n<\/div>\n\n<\/body><\/html>\n","protected":false},"excerpt":{"rendered":"<p>Alloggi di qualit&agrave; ad un passo dal mare, cibo tradizionale preparato in modo moderno, vini accuratamente selezionati, canti klapa e feste sulla spiaggia, strutture sportive e culturali, ulivi e pace sono solo una parte di ci&ograve; che vi aspetta all&rsquo;Hotel Malin. &nbsp; Risparmia con questa offerta speciale: Sconto del 20% per soggiorni di almeno 7 [&hellip;]<\/p>\n","protected":false},"author":2,"featured_media":30567,"parent":0,"menu_order":0,"comment_status":"closed","ping_status":"closed","template":"","meta":{"_acf_changed":false,"footnotes":""},"class_list":["post-29640","page","type-page","status-publish","has-post-thumbnail","hentry"],"acf":[],"yoast_head":"<!-- This site is optimized with the Yoast SEO plugin v27.4 - https:\/\/yoast.com\/product\/yoast-seo-wordpress\/ -->\n<title>Offerta speciale per soggiorni da min. 7 notti - Albergo Malin<\/title>\n<meta name=\"description\" content=\"Approfittate dell&#039;offerta speciale dell&#039;Hotel Malin e ottenete uno sconto del 15% sulla vostra vacanza da sogno per un soggiorno di almeno 7 notti.\" \/>\n<meta name=\"robots\" content=\"index, follow, max-snippet:-1, max-image-preview:large, max-video-preview:-1\" \/>\n<link rel=\"canonical\" href=\"https:\/\/malin-krk.com\/it\/offerta-speciale-per-soggiorni-da-min-7-notti\/\" \/>\n<meta property=\"og:locale\" content=\"it_IT\" \/>\n<meta property=\"og:type\" content=\"article\" \/>\n<meta property=\"og:title\" content=\"Offerta speciale per soggiorni da min. 7 notti - Albergo Malin\" \/>\n<meta property=\"og:description\" content=\"Approfittate dell&#039;offerta speciale dell&#039;Hotel Malin e ottenete uno sconto del 15% sulla vostra vacanza da sogno per un soggiorno di almeno 7 notti.\" \/>\n<meta property=\"og:url\" content=\"https:\/\/malin-krk.com\/it\/offerta-speciale-per-soggiorni-da-min-7-notti\/\" \/>\n<meta property=\"og:site_name\" content=\"Albergo Malin\" \/>\n<meta property=\"article:publisher\" content=\"https:\/\/www.facebook.com\/hotelmalin\/\" \/>\n<meta property=\"article:modified_time\" content=\"2024-08-27T12:09:34+00:00\" \/>\n<meta property=\"og:image\" content=\"https:\/\/malin-krk.com\/wp-content\/uploads\/2024\/04\/Web-Fit-hike-3-1024x1024.png\" \/>\n\t<meta property=\"og:image:width\" content=\"1024\" \/>\n\t<meta property=\"og:image:height\" content=\"1024\" \/>\n\t<meta property=\"og:image:type\" content=\"image\/png\" \/>\n<meta name=\"twitter:card\" content=\"summary_large_image\" \/>\n<script type=\"application\/ld+json\" class=\"yoast-schema-graph\">{\"@context\":\"https:\\\/\\\/schema.org\",\"@graph\":[{\"@type\":\"WebPage\",\"@id\":\"https:\\\/\\\/malin-krk.com\\\/it\\\/offerta-speciale-per-soggiorni-da-min-7-notti\\\/\",\"url\":\"https:\\\/\\\/malin-krk.com\\\/it\\\/offerta-speciale-per-soggiorni-da-min-7-notti\\\/\",\"name\":\"Offerta speciale per soggiorni da min. 7 notti - Albergo Malin\",\"isPartOf\":{\"@id\":\"https:\\\/\\\/malin-krk.com\\\/#website\"},\"primaryImageOfPage\":{\"@id\":\"https:\\\/\\\/malin-krk.com\\\/it\\\/offerta-speciale-per-soggiorni-da-min-7-notti\\\/#primaryimage\"},\"image\":{\"@id\":\"https:\\\/\\\/malin-krk.com\\\/it\\\/offerta-speciale-per-soggiorni-da-min-7-notti\\\/#primaryimage\"},\"thumbnailUrl\":\"https:\\\/\\\/malin-krk.com\\\/wp-content\\\/uploads\\\/2024\\\/08\\\/en-1.png\",\"datePublished\":\"2024-04-16T07:06:28+00:00\",\"dateModified\":\"2024-08-27T12:09:34+00:00\",\"description\":\"Approfittate dell'offerta speciale dell'Hotel Malin e ottenete uno sconto del 15% sulla vostra vacanza da sogno per un soggiorno di almeno 7 notti.\",\"breadcrumb\":{\"@id\":\"https:\\\/\\\/malin-krk.com\\\/it\\\/offerta-speciale-per-soggiorni-da-min-7-notti\\\/#breadcrumb\"},\"inLanguage\":\"it-IT\",\"potentialAction\":[{\"@type\":\"ReadAction\",\"target\":[\"https:\\\/\\\/malin-krk.com\\\/it\\\/offerta-speciale-per-soggiorni-da-min-7-notti\\\/\"]}]},{\"@type\":\"ImageObject\",\"inLanguage\":\"it-IT\",\"@id\":\"https:\\\/\\\/malin-krk.com\\\/it\\\/offerta-speciale-per-soggiorni-da-min-7-notti\\\/#primaryimage\",\"url\":\"https:\\\/\\\/malin-krk.com\\\/wp-content\\\/uploads\\\/2024\\\/08\\\/en-1.png\",\"contentUrl\":\"https:\\\/\\\/malin-krk.com\\\/wp-content\\\/uploads\\\/2024\\\/08\\\/en-1.png\",\"width\":2000,\"height\":1414},{\"@type\":\"BreadcrumbList\",\"@id\":\"https:\\\/\\\/malin-krk.com\\\/it\\\/offerta-speciale-per-soggiorni-da-min-7-notti\\\/#breadcrumb\",\"itemListElement\":[{\"@type\":\"ListItem\",\"position\":1,\"name\":\"Home\",\"item\":\"https:\\\/\\\/malin-krk.com\\\/it\\\/\"},{\"@type\":\"ListItem\",\"position\":2,\"name\":\"Offerta speciale per soggiorni da min. 7 notti\"}]},{\"@type\":\"WebSite\",\"@id\":\"https:\\\/\\\/malin-krk.com\\\/#website\",\"url\":\"https:\\\/\\\/malin-krk.com\\\/\",\"name\":\"Malin Krk\",\"description\":\"\",\"publisher\":{\"@id\":\"https:\\\/\\\/malin-krk.com\\\/#organization\"},\"potentialAction\":[{\"@type\":\"SearchAction\",\"target\":{\"@type\":\"EntryPoint\",\"urlTemplate\":\"https:\\\/\\\/malin-krk.com\\\/?s={search_term_string}\"},\"query-input\":{\"@type\":\"PropertyValueSpecification\",\"valueRequired\":true,\"valueName\":\"search_term_string\"}}],\"inLanguage\":\"it-IT\"},{\"@type\":\"Organization\",\"@id\":\"https:\\\/\\\/malin-krk.com\\\/#organization\",\"name\":\"Malin Krk\",\"url\":\"https:\\\/\\\/malin-krk.com\\\/\",\"logo\":{\"@type\":\"ImageObject\",\"inLanguage\":\"it-IT\",\"@id\":\"https:\\\/\\\/malin-krk.com\\\/#\\\/schema\\\/logo\\\/image\\\/\",\"url\":\"https:\\\/\\\/malin-krk.com\\\/wp-content\\\/uploads\\\/2024\\\/02\\\/malin-logo.jpg\",\"contentUrl\":\"https:\\\/\\\/malin-krk.com\\\/wp-content\\\/uploads\\\/2024\\\/02\\\/malin-logo.jpg\",\"width\":280,\"height\":96,\"caption\":\"Malin Krk\"},\"image\":{\"@id\":\"https:\\\/\\\/malin-krk.com\\\/#\\\/schema\\\/logo\\\/image\\\/\"},\"sameAs\":[\"https:\\\/\\\/www.facebook.com\\\/hotelmalin\\\/\"]}]}<\/script>\n<!-- \/ Yoast SEO plugin. -->","yoast_head_json":{"title":"Offerta speciale per soggiorni da min. 7 notti - Albergo Malin","description":"Approfittate dell'offerta speciale dell'Hotel Malin e ottenete uno sconto del 15% sulla vostra vacanza da sogno per un soggiorno di almeno 7 notti.","robots":{"index":"index","follow":"follow","max-snippet":"max-snippet:-1","max-image-preview":"max-image-preview:large","max-video-preview":"max-video-preview:-1"},"canonical":"https:\/\/malin-krk.com\/it\/offerta-speciale-per-soggiorni-da-min-7-notti\/","og_locale":"it_IT","og_type":"article","og_title":"Offerta speciale per soggiorni da min. 7 notti - Albergo Malin","og_description":"Approfittate dell'offerta speciale dell'Hotel Malin e ottenete uno sconto del 15% sulla vostra vacanza da sogno per un soggiorno di almeno 7 notti.","og_url":"https:\/\/malin-krk.com\/it\/offerta-speciale-per-soggiorni-da-min-7-notti\/","og_site_name":"Albergo Malin","article_publisher":"https:\/\/www.facebook.com\/hotelmalin\/","article_modified_time":"2024-08-27T12:09:34+00:00","og_image":[{"width":1024,"height":1024,"url":"https:\/\/malin-krk.com\/wp-content\/uploads\/2024\/04\/Web-Fit-hike-3-1024x1024.png","type":"image\/png"}],"twitter_card":"summary_large_image","schema":{"@context":"https:\/\/schema.org","@graph":[{"@type":"WebPage","@id":"https:\/\/malin-krk.com\/it\/offerta-speciale-per-soggiorni-da-min-7-notti\/","url":"https:\/\/malin-krk.com\/it\/offerta-speciale-per-soggiorni-da-min-7-notti\/","name":"Offerta speciale per soggiorni da min. 7 notti - Albergo Malin","isPartOf":{"@id":"https:\/\/malin-krk.com\/#website"},"primaryImageOfPage":{"@id":"https:\/\/malin-krk.com\/it\/offerta-speciale-per-soggiorni-da-min-7-notti\/#primaryimage"},"image":{"@id":"https:\/\/malin-krk.com\/it\/offerta-speciale-per-soggiorni-da-min-7-notti\/#primaryimage"},"thumbnailUrl":"https:\/\/malin-krk.com\/wp-content\/uploads\/2024\/08\/en-1.png","datePublished":"2024-04-16T07:06:28+00:00","dateModified":"2024-08-27T12:09:34+00:00","description":"Approfittate dell'offerta speciale dell'Hotel Malin e ottenete uno sconto del 15% sulla vostra vacanza da sogno per un soggiorno di almeno 7 notti.","breadcrumb":{"@id":"https:\/\/malin-krk.com\/it\/offerta-speciale-per-soggiorni-da-min-7-notti\/#breadcrumb"},"inLanguage":"it-IT","potentialAction":[{"@type":"ReadAction","target":["https:\/\/malin-krk.com\/it\/offerta-speciale-per-soggiorni-da-min-7-notti\/"]}]},{"@type":"ImageObject","inLanguage":"it-IT","@id":"https:\/\/malin-krk.com\/it\/offerta-speciale-per-soggiorni-da-min-7-notti\/#primaryimage","url":"https:\/\/malin-krk.com\/wp-content\/uploads\/2024\/08\/en-1.png","contentUrl":"https:\/\/malin-krk.com\/wp-content\/uploads\/2024\/08\/en-1.png","width":2000,"height":1414},{"@type":"BreadcrumbList","@id":"https:\/\/malin-krk.com\/it\/offerta-speciale-per-soggiorni-da-min-7-notti\/#breadcrumb","itemListElement":[{"@type":"ListItem","position":1,"name":"Home","item":"https:\/\/malin-krk.com\/it\/"},{"@type":"ListItem","position":2,"name":"Offerta speciale per soggiorni da min. 7 notti"}]},{"@type":"WebSite","@id":"https:\/\/malin-krk.com\/#website","url":"https:\/\/malin-krk.com\/","name":"Malin Krk","description":"","publisher":{"@id":"https:\/\/malin-krk.com\/#organization"},"potentialAction":[{"@type":"SearchAction","target":{"@type":"EntryPoint","urlTemplate":"https:\/\/malin-krk.com\/?s={search_term_string}"},"query-input":{"@type":"PropertyValueSpecification","valueRequired":true,"valueName":"search_term_string"}}],"inLanguage":"it-IT"},{"@type":"Organization","@id":"https:\/\/malin-krk.com\/#organization","name":"Malin Krk","url":"https:\/\/malin-krk.com\/","logo":{"@type":"ImageObject","inLanguage":"it-IT","@id":"https:\/\/malin-krk.com\/#\/schema\/logo\/image\/","url":"https:\/\/malin-krk.com\/wp-content\/uploads\/2024\/02\/malin-logo.jpg","contentUrl":"https:\/\/malin-krk.com\/wp-content\/uploads\/2024\/02\/malin-logo.jpg","width":280,"height":96,"caption":"Malin Krk"},"image":{"@id":"https:\/\/malin-krk.com\/#\/schema\/logo\/image\/"},"sameAs":["https:\/\/www.facebook.com\/hotelmalin\/"]}]}},"_links":{"self":[{"href":"https:\/\/malin-krk.com\/it\/wp-json\/wp\/v2\/pages\/29640","targetHints":{"allow":["GET"]}}],"collection":[{"href":"https:\/\/malin-krk.com\/it\/wp-json\/wp\/v2\/pages"}],"about":[{"href":"https:\/\/malin-krk.com\/it\/wp-json\/wp\/v2\/types\/page"}],"author":[{"embeddable":true,"href":"https:\/\/malin-krk.com\/it\/wp-json\/wp\/v2\/users\/2"}],"replies":[{"embeddable":true,"href":"https:\/\/malin-krk.com\/it\/wp-json\/wp\/v2\/comments?post=29640"}],"version-history":[{"count":7,"href":"https:\/\/malin-krk.com\/it\/wp-json\/wp\/v2\/pages\/29640\/revisions"}],"predecessor-version":[{"id":30563,"href":"https:\/\/malin-krk.com\/it\/wp-json\/wp\/v2\/pages\/29640\/revisions\/30563"}],"wp:featuredmedia":[{"embeddable":true,"href":"https:\/\/malin-krk.com\/it\/wp-json\/wp\/v2\/media\/30567"}],"wp:attachment":[{"href":"https:\/\/malin-krk.com\/it\/wp-json\/wp\/v2\/media?parent=29640"}],"curies":[{"name":"wp","href":"https:\/\/api.w.org\/{rel}","templated":true}]}}