{"id":1853,"date":"2018-02-15T10:13:35","date_gmt":"2018-02-15T09:13:35","guid":{"rendered":"https:\/\/www.malin-krk.com\/_novo\/gastronomia\/restoran-portic\/"},"modified":"2023-04-25T12:57:39","modified_gmt":"2023-04-25T10:57:39","slug":"portic","status":"publish","type":"page","link":"https:\/\/malin-krk.com\/it\/gastronomia\/ristoranti\/portic\/","title":{"rendered":"Ristorante Porti\u0107"},"content":{"rendered":"<!DOCTYPE html PUBLIC \"-\/\/W3C\/\/DTD HTML 4.0 Transitional\/\/EN\" \"http:\/\/www.w3.org\/TR\/REC-html40\/loose.dtd\">\n<html><body><p>Il piccolo paese di pescatori &Scaron;ilo, situato nella parte dell&rsquo;isola rivolta verso la terraferma e Cirquenizza, cela il locanda Porti&#263;. Oltre al pesce fresco e a prelibatezze di mare, serviti in un vero ambiente litoraneo, il Porti&#263; propone specialit&agrave; locali degne di degustazione.<\/p>\n<\/body><\/html>\n","protected":false},"excerpt":{"rendered":"<p>Il piccolo paese di pescatori &Scaron;ilo, situato nella parte dell&rsquo;isola rivolta verso la terraferma e Cirquenizza, cela il locanda Porti&#263;. Oltre al pesce fresco e a prelibatezze di mare, serviti in un vero ambiente litoraneo, il Porti&#263; propone specialit&agrave; locali degne di degustazione.<\/p>\n","protected":false},"author":3,"featured_media":19939,"parent":1846,"menu_order":2,"comment_status":"closed","ping_status":"closed","template":"","meta":{"_acf_changed":false,"footnotes":""},"class_list":["post-1853","page","type-page","status-publish","has-post-thumbnail","hentry"],"acf":[],"yoast_head":"<!-- This site is optimized with the Yoast SEO plugin v27.4 - https:\/\/yoast.com\/product\/yoast-seo-wordpress\/ -->\n<title>Variet\u00e0 di sapori del ristorante Porti\u0107 a \u0160ilo<\/title>\n<meta name=\"description\" content=\"La locanda Porti\u0107 si trova nel paese di pescatori di \u0160ilo. Pesce fresco e delizie marine . Sapori irresistibili per un\u2019esperienza unica!\" \/>\n<meta name=\"robots\" content=\"index, follow, max-snippet:-1, max-image-preview:large, max-video-preview:-1\" \/>\n<link rel=\"canonical\" href=\"https:\/\/malin-krk.com\/it\/gastronomia\/ristoranti\/portic\/\" \/>\n<meta property=\"og:locale\" content=\"it_IT\" \/>\n<meta property=\"og:type\" content=\"article\" \/>\n<meta property=\"og:title\" content=\"Variet\u00e0 di sapori del ristorante Porti\u0107 a \u0160ilo\" \/>\n<meta property=\"og:description\" content=\"La locanda Porti\u0107 si trova nel paese di pescatori di \u0160ilo. Pesce fresco e delizie marine . Sapori irresistibili per un\u2019esperienza unica!\" \/>\n<meta property=\"og:url\" content=\"https:\/\/malin-krk.com\/it\/gastronomia\/ristoranti\/portic\/\" \/>\n<meta property=\"og:site_name\" content=\"Albergo Malin\" \/>\n<meta property=\"article:publisher\" content=\"https:\/\/www.facebook.com\/hotelmalin\/\" \/>\n<meta property=\"article:modified_time\" content=\"2023-04-25T10:57:39+00:00\" \/>\n<meta property=\"og:image\" content=\"https:\/\/malin-krk.com\/wp-content\/uploads\/2020\/10\/malin11-Copy.jpg\" \/>\n\t<meta property=\"og:image:width\" content=\"1200\" \/>\n\t<meta property=\"og:image:height\" content=\"800\" \/>\n\t<meta property=\"og:image:type\" content=\"image\/jpeg\" \/>\n<meta name=\"twitter:card\" content=\"summary_large_image\" \/>\n<script type=\"application\/ld+json\" class=\"yoast-schema-graph\">{\"@context\":\"https:\\\/\\\/schema.org\",\"@graph\":[{\"@type\":\"WebPage\",\"@id\":\"https:\\\/\\\/malin-krk.com\\\/it\\\/gastronomia\\\/ristoranti\\\/portic\\\/\",\"url\":\"https:\\\/\\\/malin-krk.com\\\/it\\\/gastronomia\\\/ristoranti\\\/portic\\\/\",\"name\":\"Variet\u00e0 di sapori del ristorante Porti\u0107 a \u0160ilo\",\"isPartOf\":{\"@id\":\"https:\\\/\\\/malin-krk.com\\\/#website\"},\"primaryImageOfPage\":{\"@id\":\"https:\\\/\\\/malin-krk.com\\\/it\\\/gastronomia\\\/ristoranti\\\/portic\\\/#primaryimage\"},\"image\":{\"@id\":\"https:\\\/\\\/malin-krk.com\\\/it\\\/gastronomia\\\/ristoranti\\\/portic\\\/#primaryimage\"},\"thumbnailUrl\":\"https:\\\/\\\/malin-krk.com\\\/wp-content\\\/uploads\\\/2020\\\/10\\\/malin11-Copy.jpg\",\"datePublished\":\"2018-02-15T09:13:35+00:00\",\"dateModified\":\"2023-04-25T10:57:39+00:00\",\"description\":\"La locanda Porti\u0107 si trova nel paese di pescatori di \u0160ilo. Pesce fresco e delizie marine . Sapori irresistibili per un\u2019esperienza unica!\",\"breadcrumb\":{\"@id\":\"https:\\\/\\\/malin-krk.com\\\/it\\\/gastronomia\\\/ristoranti\\\/portic\\\/#breadcrumb\"},\"inLanguage\":\"it-IT\",\"potentialAction\":[{\"@type\":\"ReadAction\",\"target\":[\"https:\\\/\\\/malin-krk.com\\\/it\\\/gastronomia\\\/ristoranti\\\/portic\\\/\"]}]},{\"@type\":\"ImageObject\",\"inLanguage\":\"it-IT\",\"@id\":\"https:\\\/\\\/malin-krk.com\\\/it\\\/gastronomia\\\/ristoranti\\\/portic\\\/#primaryimage\",\"url\":\"https:\\\/\\\/malin-krk.com\\\/wp-content\\\/uploads\\\/2020\\\/10\\\/malin11-Copy.jpg\",\"contentUrl\":\"https:\\\/\\\/malin-krk.com\\\/wp-content\\\/uploads\\\/2020\\\/10\\\/malin11-Copy.jpg\",\"width\":1200,\"height\":800},{\"@type\":\"BreadcrumbList\",\"@id\":\"https:\\\/\\\/malin-krk.com\\\/it\\\/gastronomia\\\/ristoranti\\\/portic\\\/#breadcrumb\",\"itemListElement\":[{\"@type\":\"ListItem\",\"position\":1,\"name\":\"Home\",\"item\":\"https:\\\/\\\/malin-krk.com\\\/it\\\/\"},{\"@type\":\"ListItem\",\"position\":2,\"name\":\"Gastronomia\",\"item\":\"https:\\\/\\\/malin-krk.com\\\/it\\\/gastronomia\\\/\"},{\"@type\":\"ListItem\",\"position\":3,\"name\":\"Ristoranti\",\"item\":\"https:\\\/\\\/malin-krk.com\\\/it\\\/gastronomia\\\/ristoranti\\\/\"},{\"@type\":\"ListItem\",\"position\":4,\"name\":\"Ristorante Porti\u0107\"}]},{\"@type\":\"WebSite\",\"@id\":\"https:\\\/\\\/malin-krk.com\\\/#website\",\"url\":\"https:\\\/\\\/malin-krk.com\\\/\",\"name\":\"Malin Krk\",\"description\":\"\",\"publisher\":{\"@id\":\"https:\\\/\\\/malin-krk.com\\\/#organization\"},\"potentialAction\":[{\"@type\":\"SearchAction\",\"target\":{\"@type\":\"EntryPoint\",\"urlTemplate\":\"https:\\\/\\\/malin-krk.com\\\/?s={search_term_string}\"},\"query-input\":{\"@type\":\"PropertyValueSpecification\",\"valueRequired\":true,\"valueName\":\"search_term_string\"}}],\"inLanguage\":\"it-IT\"},{\"@type\":\"Organization\",\"@id\":\"https:\\\/\\\/malin-krk.com\\\/#organization\",\"name\":\"Malin Krk\",\"url\":\"https:\\\/\\\/malin-krk.com\\\/\",\"logo\":{\"@type\":\"ImageObject\",\"inLanguage\":\"it-IT\",\"@id\":\"https:\\\/\\\/malin-krk.com\\\/#\\\/schema\\\/logo\\\/image\\\/\",\"url\":\"https:\\\/\\\/malin-krk.com\\\/wp-content\\\/uploads\\\/2024\\\/02\\\/malin-logo.jpg\",\"contentUrl\":\"https:\\\/\\\/malin-krk.com\\\/wp-content\\\/uploads\\\/2024\\\/02\\\/malin-logo.jpg\",\"width\":280,\"height\":96,\"caption\":\"Malin Krk\"},\"image\":{\"@id\":\"https:\\\/\\\/malin-krk.com\\\/#\\\/schema\\\/logo\\\/image\\\/\"},\"sameAs\":[\"https:\\\/\\\/www.facebook.com\\\/hotelmalin\\\/\"]}]}<\/script>\n<!-- \/ Yoast SEO plugin. -->","yoast_head_json":{"title":"Variet\u00e0 di sapori del ristorante Porti\u0107 a \u0160ilo","description":"La locanda Porti\u0107 si trova nel paese di pescatori di \u0160ilo. Pesce fresco e delizie marine . Sapori irresistibili per un\u2019esperienza unica!","robots":{"index":"index","follow":"follow","max-snippet":"max-snippet:-1","max-image-preview":"max-image-preview:large","max-video-preview":"max-video-preview:-1"},"canonical":"https:\/\/malin-krk.com\/it\/gastronomia\/ristoranti\/portic\/","og_locale":"it_IT","og_type":"article","og_title":"Variet\u00e0 di sapori del ristorante Porti\u0107 a \u0160ilo","og_description":"La locanda Porti\u0107 si trova nel paese di pescatori di \u0160ilo. Pesce fresco e delizie marine . Sapori irresistibili per un\u2019esperienza unica!","og_url":"https:\/\/malin-krk.com\/it\/gastronomia\/ristoranti\/portic\/","og_site_name":"Albergo Malin","article_publisher":"https:\/\/www.facebook.com\/hotelmalin\/","article_modified_time":"2023-04-25T10:57:39+00:00","og_image":[{"width":1200,"height":800,"url":"https:\/\/malin-krk.com\/wp-content\/uploads\/2020\/10\/malin11-Copy.jpg","type":"image\/jpeg"}],"twitter_card":"summary_large_image","schema":{"@context":"https:\/\/schema.org","@graph":[{"@type":"WebPage","@id":"https:\/\/malin-krk.com\/it\/gastronomia\/ristoranti\/portic\/","url":"https:\/\/malin-krk.com\/it\/gastronomia\/ristoranti\/portic\/","name":"Variet\u00e0 di sapori del ristorante Porti\u0107 a \u0160ilo","isPartOf":{"@id":"https:\/\/malin-krk.com\/#website"},"primaryImageOfPage":{"@id":"https:\/\/malin-krk.com\/it\/gastronomia\/ristoranti\/portic\/#primaryimage"},"image":{"@id":"https:\/\/malin-krk.com\/it\/gastronomia\/ristoranti\/portic\/#primaryimage"},"thumbnailUrl":"https:\/\/malin-krk.com\/wp-content\/uploads\/2020\/10\/malin11-Copy.jpg","datePublished":"2018-02-15T09:13:35+00:00","dateModified":"2023-04-25T10:57:39+00:00","description":"La locanda Porti\u0107 si trova nel paese di pescatori di \u0160ilo. Pesce fresco e delizie marine . Sapori irresistibili per un\u2019esperienza unica!","breadcrumb":{"@id":"https:\/\/malin-krk.com\/it\/gastronomia\/ristoranti\/portic\/#breadcrumb"},"inLanguage":"it-IT","potentialAction":[{"@type":"ReadAction","target":["https:\/\/malin-krk.com\/it\/gastronomia\/ristoranti\/portic\/"]}]},{"@type":"ImageObject","inLanguage":"it-IT","@id":"https:\/\/malin-krk.com\/it\/gastronomia\/ristoranti\/portic\/#primaryimage","url":"https:\/\/malin-krk.com\/wp-content\/uploads\/2020\/10\/malin11-Copy.jpg","contentUrl":"https:\/\/malin-krk.com\/wp-content\/uploads\/2020\/10\/malin11-Copy.jpg","width":1200,"height":800},{"@type":"BreadcrumbList","@id":"https:\/\/malin-krk.com\/it\/gastronomia\/ristoranti\/portic\/#breadcrumb","itemListElement":[{"@type":"ListItem","position":1,"name":"Home","item":"https:\/\/malin-krk.com\/it\/"},{"@type":"ListItem","position":2,"name":"Gastronomia","item":"https:\/\/malin-krk.com\/it\/gastronomia\/"},{"@type":"ListItem","position":3,"name":"Ristoranti","item":"https:\/\/malin-krk.com\/it\/gastronomia\/ristoranti\/"},{"@type":"ListItem","position":4,"name":"Ristorante Porti\u0107"}]},{"@type":"WebSite","@id":"https:\/\/malin-krk.com\/#website","url":"https:\/\/malin-krk.com\/","name":"Malin Krk","description":"","publisher":{"@id":"https:\/\/malin-krk.com\/#organization"},"potentialAction":[{"@type":"SearchAction","target":{"@type":"EntryPoint","urlTemplate":"https:\/\/malin-krk.com\/?s={search_term_string}"},"query-input":{"@type":"PropertyValueSpecification","valueRequired":true,"valueName":"search_term_string"}}],"inLanguage":"it-IT"},{"@type":"Organization","@id":"https:\/\/malin-krk.com\/#organization","name":"Malin Krk","url":"https:\/\/malin-krk.com\/","logo":{"@type":"ImageObject","inLanguage":"it-IT","@id":"https:\/\/malin-krk.com\/#\/schema\/logo\/image\/","url":"https:\/\/malin-krk.com\/wp-content\/uploads\/2024\/02\/malin-logo.jpg","contentUrl":"https:\/\/malin-krk.com\/wp-content\/uploads\/2024\/02\/malin-logo.jpg","width":280,"height":96,"caption":"Malin Krk"},"image":{"@id":"https:\/\/malin-krk.com\/#\/schema\/logo\/image\/"},"sameAs":["https:\/\/www.facebook.com\/hotelmalin\/"]}]}},"_links":{"self":[{"href":"https:\/\/malin-krk.com\/it\/wp-json\/wp\/v2\/pages\/1853","targetHints":{"allow":["GET"]}}],"collection":[{"href":"https:\/\/malin-krk.com\/it\/wp-json\/wp\/v2\/pages"}],"about":[{"href":"https:\/\/malin-krk.com\/it\/wp-json\/wp\/v2\/types\/page"}],"author":[{"embeddable":true,"href":"https:\/\/malin-krk.com\/it\/wp-json\/wp\/v2\/users\/3"}],"replies":[{"embeddable":true,"href":"https:\/\/malin-krk.com\/it\/wp-json\/wp\/v2\/comments?post=1853"}],"version-history":[{"count":9,"href":"https:\/\/malin-krk.com\/it\/wp-json\/wp\/v2\/pages\/1853\/revisions"}],"predecessor-version":[{"id":27725,"href":"https:\/\/malin-krk.com\/it\/wp-json\/wp\/v2\/pages\/1853\/revisions\/27725"}],"up":[{"embeddable":true,"href":"https:\/\/malin-krk.com\/it\/wp-json\/wp\/v2\/pages\/1846"}],"wp:featuredmedia":[{"embeddable":true,"href":"https:\/\/malin-krk.com\/it\/wp-json\/wp\/v2\/media\/19939"}],"wp:attachment":[{"href":"https:\/\/malin-krk.com\/it\/wp-json\/wp\/v2\/media?parent=1853"}],"curies":[{"name":"wp","href":"https:\/\/api.w.org\/{rel}","templated":true}]}}