{"id":1311,"date":"2018-02-15T10:05:09","date_gmt":"2018-02-15T09:05:09","guid":{"rendered":"https:\/\/www.malin-krk.com\/_novo\/?page_id=1311"},"modified":"2025-11-11T14:01:16","modified_gmt":"2025-11-11T13:01:16","slug":"campeggio-tiha-silo","status":"publish","type":"page","link":"https:\/\/malin-krk.com\/it\/campeggio-tiha-silo\/","title":{"rendered":"Campeggio Tiha \u0160ilo"},"content":{"rendered":"<!DOCTYPE html PUBLIC \"-\/\/W3C\/\/DTD HTML 4.0 Transitional\/\/EN\" \"http:\/\/www.w3.org\/TR\/REC-html40\/loose.dtd\">\n<html><body><p><strong>Cari ospiti, vi informiamo che il Campeggio Tiha aprir&agrave; le sue porte il 15 aprile 2026.<\/strong><\/p>\n<p>Vi invitiamo al campeggio &ldquo;Tiha&rdquo;, nel villaggio di pescatori di &Scaron;ilo, nella regione di Dobrinj, una perla di spazio e identit&agrave; preservati. Di fronte al campeggio si estende l&rsquo;intero canale di Vinodol, che con tutto il suo azzurro intenso separa l&rsquo;isola dalla terraferma.<\/p>\n<p>Vicino al ponte di Krk, a soli 20 km di distanza, vi aspettano baie assolate, sport e divertimento, l&rsquo;ombra dei pini, il profumo del pesce fresco, la musica serale, il mare aperto illuminato dalle lanterne delle barche dei pescatori e la pace fin dall&rsquo;inizio. Voi&hellip;<\/p>\n<p>La ricca offerta di alloggi nel campeggio &ldquo;Tiha&rdquo; a &Scaron;ilo soddisfer&agrave; anche gli ospiti pi&ugrave; esigenti. Case mobili lussuose e ben attrezzate, arredate in stile mediterraneo, un&rsquo;area speciale destinata ai campeggiatori di passaggio e piazzole ben tenute all&rsquo;ombra dei pini sono solo una parte dell&rsquo;allettante offerta.<\/p>\n<p><strong>Strutture al Camp Tiha:<\/strong><\/p>\n<ul>\n<li>Reception<\/li>\n<li>Parcheggio<\/li>\n<li>Stazione di ricarica per auto<\/li>\n<li>Bar sulla spiaggia<\/li>\n<li>Spiaggia per cani<\/li>\n<li>Forno<\/li>\n<\/ul>\n<p><strong>Attivit&agrave; al Camp Tiha:<\/strong><\/p>\n<ul>\n<li>Animazione per bambini (dal 16.06. al 15.09.)<\/li>\n<li>Bagni di gong (luglio, agosto)<\/li>\n<li>Noleggio SUP<\/li>\n<li><a href=\"https:\/\/malin-krk.com\/it\/campeggio-tiha-silo\/riposo-e-divertimento-a-camp-tiha\/vacanze-attive\/tennis\/\">Campi da tennis<\/a><\/li>\n<\/ul>\n<p><a href=\"https:\/\/malin-krk.com\/wp-content\/uploads\/2025\/01\/INFO-MAP-CAMP-PLAN.pdf\">INFO MAP CAMP PLAN<\/a><\/p>\n<\/body><\/html>\n","protected":false},"excerpt":{"rendered":"<p>Cari ospiti, vi informiamo che il Campeggio Tiha aprir&agrave; le sue porte il 15 aprile 2026. Vi invitiamo al campeggio &ldquo;Tiha&rdquo;, nel villaggio di pescatori di &Scaron;ilo, nella regione di Dobrinj, una perla di spazio e identit&agrave; preservati. Di fronte al campeggio si estende l&rsquo;intero canale di Vinodol, che con tutto il suo azzurro intenso [&hellip;]<\/p>\n","protected":false},"author":3,"featured_media":33913,"parent":0,"menu_order":0,"comment_status":"closed","ping_status":"closed","template":"page-hotel-template.php","meta":{"_acf_changed":false,"footnotes":""},"class_list":["post-1311","page","type-page","status-publish","has-post-thumbnail","hentry"],"acf":[],"yoast_head":"<!-- This site is optimized with the Yoast SEO plugin v27.5 - https:\/\/yoast.com\/product\/yoast-seo-wordpress\/ -->\n<title>Campeggio Tiha \u0160ilo sull\u2019isola di Krk \u2013 Malin Krk<\/title>\n<meta name=\"description\" content=\"Ricca offerta del campeggio Tiha \u0160ilo, nella baia di Tiho, Per appassionati di campeggio, natura, mare e sport, il campeggio Tiha \u0160ilo \u00e8 la scelta ideale.\" \/>\n<meta name=\"robots\" content=\"index, follow, max-snippet:-1, max-image-preview:large, max-video-preview:-1\" \/>\n<link rel=\"canonical\" href=\"https:\/\/malin-krk.com\/it\/campeggio-tiha-silo\/\" \/>\n<meta property=\"og:locale\" content=\"it_IT\" \/>\n<meta property=\"og:type\" content=\"article\" \/>\n<meta property=\"og:title\" content=\"Campeggio Tiha \u0160ilo sull\u2019isola di Krk \u2013 Malin Krk\" \/>\n<meta property=\"og:description\" content=\"Ricca offerta del campeggio Tiha \u0160ilo, nella baia di Tiho, Per appassionati di campeggio, natura, mare e sport, il campeggio Tiha \u0160ilo \u00e8 la scelta ideale.\" \/>\n<meta property=\"og:url\" content=\"https:\/\/malin-krk.com\/it\/campeggio-tiha-silo\/\" \/>\n<meta property=\"og:site_name\" content=\"Albergo Malin\" \/>\n<meta property=\"article:publisher\" content=\"https:\/\/www.facebook.com\/hotelmalin\/\" \/>\n<meta property=\"article:modified_time\" content=\"2025-11-11T13:01:16+00:00\" \/>\n<meta property=\"og:image\" content=\"https:\/\/malin-krk.com\/wp-content\/uploads\/2020\/06\/KAMP_SILO-0030.jpg\" \/>\n\t<meta property=\"og:image:width\" content=\"1950\" \/>\n\t<meta property=\"og:image:height\" content=\"1297\" \/>\n\t<meta property=\"og:image:type\" content=\"image\/jpeg\" \/>\n<meta name=\"twitter:card\" content=\"summary_large_image\" \/>\n<script type=\"application\/ld+json\" class=\"yoast-schema-graph\">{\"@context\":\"https:\\\/\\\/schema.org\",\"@graph\":[{\"@type\":\"WebPage\",\"@id\":\"https:\\\/\\\/malin-krk.com\\\/it\\\/campeggio-tiha-silo\\\/\",\"url\":\"https:\\\/\\\/malin-krk.com\\\/it\\\/campeggio-tiha-silo\\\/\",\"name\":\"Campeggio Tiha \u0160ilo sull\u2019isola di Krk \u2013 Malin Krk\",\"isPartOf\":{\"@id\":\"https:\\\/\\\/malin-krk.com\\\/#website\"},\"primaryImageOfPage\":{\"@id\":\"https:\\\/\\\/malin-krk.com\\\/it\\\/campeggio-tiha-silo\\\/#primaryimage\"},\"image\":{\"@id\":\"https:\\\/\\\/malin-krk.com\\\/it\\\/campeggio-tiha-silo\\\/#primaryimage\"},\"thumbnailUrl\":\"https:\\\/\\\/malin-krk.com\\\/wp-content\\\/uploads\\\/2026\\\/02\\\/DJI_0486.jpg\",\"datePublished\":\"2018-02-15T09:05:09+00:00\",\"dateModified\":\"2025-11-11T13:01:16+00:00\",\"description\":\"Ricca offerta del campeggio Tiha \u0160ilo, nella baia di Tiho, Per appassionati di campeggio, natura, mare e sport, il campeggio Tiha \u0160ilo \u00e8 la scelta ideale.\",\"breadcrumb\":{\"@id\":\"https:\\\/\\\/malin-krk.com\\\/it\\\/campeggio-tiha-silo\\\/#breadcrumb\"},\"inLanguage\":\"it-IT\",\"potentialAction\":[{\"@type\":\"ReadAction\",\"target\":[\"https:\\\/\\\/malin-krk.com\\\/it\\\/campeggio-tiha-silo\\\/\"]}]},{\"@type\":\"ImageObject\",\"inLanguage\":\"it-IT\",\"@id\":\"https:\\\/\\\/malin-krk.com\\\/it\\\/campeggio-tiha-silo\\\/#primaryimage\",\"url\":\"https:\\\/\\\/malin-krk.com\\\/wp-content\\\/uploads\\\/2026\\\/02\\\/DJI_0486.jpg\",\"contentUrl\":\"https:\\\/\\\/malin-krk.com\\\/wp-content\\\/uploads\\\/2026\\\/02\\\/DJI_0486.jpg\",\"width\":2300,\"height\":1532},{\"@type\":\"BreadcrumbList\",\"@id\":\"https:\\\/\\\/malin-krk.com\\\/it\\\/campeggio-tiha-silo\\\/#breadcrumb\",\"itemListElement\":[{\"@type\":\"ListItem\",\"position\":1,\"name\":\"Home\",\"item\":\"https:\\\/\\\/malin-krk.com\\\/it\\\/\"},{\"@type\":\"ListItem\",\"position\":2,\"name\":\"Campeggio Tiha \u0160ilo\"}]},{\"@type\":\"WebSite\",\"@id\":\"https:\\\/\\\/malin-krk.com\\\/#website\",\"url\":\"https:\\\/\\\/malin-krk.com\\\/\",\"name\":\"Malin Krk\",\"description\":\"\",\"publisher\":{\"@id\":\"https:\\\/\\\/malin-krk.com\\\/#organization\"},\"potentialAction\":[{\"@type\":\"SearchAction\",\"target\":{\"@type\":\"EntryPoint\",\"urlTemplate\":\"https:\\\/\\\/malin-krk.com\\\/?s={search_term_string}\"},\"query-input\":{\"@type\":\"PropertyValueSpecification\",\"valueRequired\":true,\"valueName\":\"search_term_string\"}}],\"inLanguage\":\"it-IT\"},{\"@type\":\"Organization\",\"@id\":\"https:\\\/\\\/malin-krk.com\\\/#organization\",\"name\":\"Malin Krk\",\"url\":\"https:\\\/\\\/malin-krk.com\\\/\",\"logo\":{\"@type\":\"ImageObject\",\"inLanguage\":\"it-IT\",\"@id\":\"https:\\\/\\\/malin-krk.com\\\/#\\\/schema\\\/logo\\\/image\\\/\",\"url\":\"https:\\\/\\\/malin-krk.com\\\/wp-content\\\/uploads\\\/2024\\\/02\\\/malin-logo.jpg\",\"contentUrl\":\"https:\\\/\\\/malin-krk.com\\\/wp-content\\\/uploads\\\/2024\\\/02\\\/malin-logo.jpg\",\"width\":280,\"height\":96,\"caption\":\"Malin Krk\"},\"image\":{\"@id\":\"https:\\\/\\\/malin-krk.com\\\/#\\\/schema\\\/logo\\\/image\\\/\"},\"sameAs\":[\"https:\\\/\\\/www.facebook.com\\\/hotelmalin\\\/\"]}]}<\/script>\n<!-- \/ Yoast SEO plugin. -->","yoast_head_json":{"title":"Campeggio Tiha \u0160ilo sull\u2019isola di Krk \u2013 Malin Krk","description":"Ricca offerta del campeggio Tiha \u0160ilo, nella baia di Tiho, Per appassionati di campeggio, natura, mare e sport, il campeggio Tiha \u0160ilo \u00e8 la scelta ideale.","robots":{"index":"index","follow":"follow","max-snippet":"max-snippet:-1","max-image-preview":"max-image-preview:large","max-video-preview":"max-video-preview:-1"},"canonical":"https:\/\/malin-krk.com\/it\/campeggio-tiha-silo\/","og_locale":"it_IT","og_type":"article","og_title":"Campeggio Tiha \u0160ilo sull\u2019isola di Krk \u2013 Malin Krk","og_description":"Ricca offerta del campeggio Tiha \u0160ilo, nella baia di Tiho, Per appassionati di campeggio, natura, mare e sport, il campeggio Tiha \u0160ilo \u00e8 la scelta ideale.","og_url":"https:\/\/malin-krk.com\/it\/campeggio-tiha-silo\/","og_site_name":"Albergo Malin","article_publisher":"https:\/\/www.facebook.com\/hotelmalin\/","article_modified_time":"2025-11-11T13:01:16+00:00","og_image":[{"width":1950,"height":1297,"url":"https:\/\/malin-krk.com\/wp-content\/uploads\/2020\/06\/KAMP_SILO-0030.jpg","type":"image\/jpeg"}],"twitter_card":"summary_large_image","schema":{"@context":"https:\/\/schema.org","@graph":[{"@type":"WebPage","@id":"https:\/\/malin-krk.com\/it\/campeggio-tiha-silo\/","url":"https:\/\/malin-krk.com\/it\/campeggio-tiha-silo\/","name":"Campeggio Tiha \u0160ilo sull\u2019isola di Krk \u2013 Malin Krk","isPartOf":{"@id":"https:\/\/malin-krk.com\/#website"},"primaryImageOfPage":{"@id":"https:\/\/malin-krk.com\/it\/campeggio-tiha-silo\/#primaryimage"},"image":{"@id":"https:\/\/malin-krk.com\/it\/campeggio-tiha-silo\/#primaryimage"},"thumbnailUrl":"https:\/\/malin-krk.com\/wp-content\/uploads\/2026\/02\/DJI_0486.jpg","datePublished":"2018-02-15T09:05:09+00:00","dateModified":"2025-11-11T13:01:16+00:00","description":"Ricca offerta del campeggio Tiha \u0160ilo, nella baia di Tiho, Per appassionati di campeggio, natura, mare e sport, il campeggio Tiha \u0160ilo \u00e8 la scelta ideale.","breadcrumb":{"@id":"https:\/\/malin-krk.com\/it\/campeggio-tiha-silo\/#breadcrumb"},"inLanguage":"it-IT","potentialAction":[{"@type":"ReadAction","target":["https:\/\/malin-krk.com\/it\/campeggio-tiha-silo\/"]}]},{"@type":"ImageObject","inLanguage":"it-IT","@id":"https:\/\/malin-krk.com\/it\/campeggio-tiha-silo\/#primaryimage","url":"https:\/\/malin-krk.com\/wp-content\/uploads\/2026\/02\/DJI_0486.jpg","contentUrl":"https:\/\/malin-krk.com\/wp-content\/uploads\/2026\/02\/DJI_0486.jpg","width":2300,"height":1532},{"@type":"BreadcrumbList","@id":"https:\/\/malin-krk.com\/it\/campeggio-tiha-silo\/#breadcrumb","itemListElement":[{"@type":"ListItem","position":1,"name":"Home","item":"https:\/\/malin-krk.com\/it\/"},{"@type":"ListItem","position":2,"name":"Campeggio Tiha \u0160ilo"}]},{"@type":"WebSite","@id":"https:\/\/malin-krk.com\/#website","url":"https:\/\/malin-krk.com\/","name":"Malin Krk","description":"","publisher":{"@id":"https:\/\/malin-krk.com\/#organization"},"potentialAction":[{"@type":"SearchAction","target":{"@type":"EntryPoint","urlTemplate":"https:\/\/malin-krk.com\/?s={search_term_string}"},"query-input":{"@type":"PropertyValueSpecification","valueRequired":true,"valueName":"search_term_string"}}],"inLanguage":"it-IT"},{"@type":"Organization","@id":"https:\/\/malin-krk.com\/#organization","name":"Malin Krk","url":"https:\/\/malin-krk.com\/","logo":{"@type":"ImageObject","inLanguage":"it-IT","@id":"https:\/\/malin-krk.com\/#\/schema\/logo\/image\/","url":"https:\/\/malin-krk.com\/wp-content\/uploads\/2024\/02\/malin-logo.jpg","contentUrl":"https:\/\/malin-krk.com\/wp-content\/uploads\/2024\/02\/malin-logo.jpg","width":280,"height":96,"caption":"Malin Krk"},"image":{"@id":"https:\/\/malin-krk.com\/#\/schema\/logo\/image\/"},"sameAs":["https:\/\/www.facebook.com\/hotelmalin\/"]}]}},"_links":{"self":[{"href":"https:\/\/malin-krk.com\/it\/wp-json\/wp\/v2\/pages\/1311","targetHints":{"allow":["GET"]}}],"collection":[{"href":"https:\/\/malin-krk.com\/it\/wp-json\/wp\/v2\/pages"}],"about":[{"href":"https:\/\/malin-krk.com\/it\/wp-json\/wp\/v2\/types\/page"}],"author":[{"embeddable":true,"href":"https:\/\/malin-krk.com\/it\/wp-json\/wp\/v2\/users\/3"}],"replies":[{"embeddable":true,"href":"https:\/\/malin-krk.com\/it\/wp-json\/wp\/v2\/comments?post=1311"}],"version-history":[{"count":7,"href":"https:\/\/malin-krk.com\/it\/wp-json\/wp\/v2\/pages\/1311\/revisions"}],"predecessor-version":[{"id":33651,"href":"https:\/\/malin-krk.com\/it\/wp-json\/wp\/v2\/pages\/1311\/revisions\/33651"}],"wp:featuredmedia":[{"embeddable":true,"href":"https:\/\/malin-krk.com\/it\/wp-json\/wp\/v2\/media\/33913"}],"wp:attachment":[{"href":"https:\/\/malin-krk.com\/it\/wp-json\/wp\/v2\/media?parent=1311"}],"curies":[{"name":"wp","href":"https:\/\/api.w.org\/{rel}","templated":true}]}}