{"id":1284,"date":"2018-05-02T14:51:03","date_gmt":"2018-05-02T12:51:03","guid":{"rendered":"https:\/\/www.malin-krk.com\/_novo\/?page_id=1284"},"modified":"2022-02-01T10:36:46","modified_gmt":"2022-02-01T09:36:46","slug":"spiaggia-di-silo","status":"publish","type":"page","link":"https:\/\/malin-krk.com\/it\/campeggio-tiha-silo\/spiaggia-di-silo\/","title":{"rendered":"Spiaggia di \u0160ilo"},"content":{"rendered":"<!DOCTYPE html PUBLIC \"-\/\/W3C\/\/DTD HTML 4.0 Transitional\/\/EN\" \"http:\/\/www.w3.org\/TR\/REC-html40\/loose.dtd\">\n<html><body><p><span style=\"font-weight: 400;\">La pittoresca localit&agrave; di &Scaron;ilo &egrave; nota per il suo mare cristallino, le numerose baie in cui prendere il sole in tranquillit&agrave; e godersi il mare, e le diverse spiagge per ogni gusto. Trascorrete una giornata in famiglia su questa famosa spiaggia di sabbia assaporando le gioie dell&rsquo;estate o tuffatevi dalla spiaggia di cemento che si trova nel centro della localit&agrave;. Rinfrescatevi sulla spiaggia del campeggio Tiha e concedetevi un aperitivo nel vicino bar, approfittate della brezza, ideale per la vela e il windsurf, oppure giocate a tennis, beach volley, basket o calcio.<\/span><\/p>\n<p>&nbsp;<\/p>\n<p>Oltre alla spiaggia del nostro campeggio Tiha, assicurati di visitare alcune delle seguenti spiagge della zona:<\/p>\n<ul>\n<li>Mala Pla&#382;a &ndash; spiaggia di ghiaia\/cemento, &Scaron;ilo<\/li>\n<li>Na vodici &ndash; spiaggia di cemento, &Scaron;ilo<\/li>\n<li>Lokvi&scaron;&#263;a &ndash; spiaggia di ghiaia\/cemento, &Scaron;ilo<\/li>\n<li>Pje&scaron;&#269;ana- spiaggia sabbiosa, &Scaron;ilo<\/li>\n<li>Spiaggia per cani &ndash; &Scaron;ilo<\/li>\n<li>Konjska &ndash; spiaggia di ciottoli, &Scaron;ilo<\/li>\n<li>Murvenica &ndash; spiaggia di ciottoli, &Scaron;ilo<\/li>\n<li>Meline &ndash; spiaggia sabbiosa, Klimno<\/li>\n<li>Slivanjska &ndash; spiaggia sabbiosa, Rudine<\/li>\n<li>Sv. Marek &ndash; spiaggia sabbiosa, Risika<\/li>\n<\/ul>\n<p>&nbsp;<\/p>\n<\/body><\/html>\n","protected":false},"excerpt":{"rendered":"<p>La pittoresca localit&agrave; di &Scaron;ilo &egrave; nota per il suo mare cristallino, le numerose baie in cui prendere il sole in tranquillit&agrave; e godersi il mare, e le diverse spiagge per ogni gusto. Trascorrete una giornata in famiglia su questa famosa spiaggia di sabbia assaporando le gioie dell&rsquo;estate o tuffatevi dalla spiaggia di cemento che [&hellip;]<\/p>\n","protected":false},"author":3,"featured_media":4139,"parent":1311,"menu_order":0,"comment_status":"closed","ping_status":"closed","template":"","meta":{"_acf_changed":false,"footnotes":""},"class_list":["post-1284","page","type-page","status-publish","has-post-thumbnail","hentry"],"acf":[],"yoast_head":"<!-- This site is optimized with the Yoast SEO plugin v27.5 - https:\/\/yoast.com\/product\/yoast-seo-wordpress\/ -->\n<title>Spiagge a \u0160ilo sull&#039;isola di Krk - Malin Krk<\/title>\n<meta name=\"description\" content=\"\u0160ilo \u00e8 nota per il mare cristallino e le numerose baie, ideali per prendere il sole e godersi il mare nelle spiagge che soddisfano tutti i criteri.\" \/>\n<meta name=\"robots\" content=\"index, follow, max-snippet:-1, max-image-preview:large, max-video-preview:-1\" \/>\n<link rel=\"canonical\" href=\"https:\/\/malin-krk.com\/it\/campeggio-tiha-silo\/spiaggia-di-silo\/\" \/>\n<meta property=\"og:locale\" content=\"it_IT\" \/>\n<meta property=\"og:type\" content=\"article\" \/>\n<meta property=\"og:title\" content=\"Spiagge a \u0160ilo sull&#039;isola di Krk - Malin Krk\" \/>\n<meta property=\"og:description\" content=\"\u0160ilo \u00e8 nota per il mare cristallino e le numerose baie, ideali per prendere il sole e godersi il mare nelle spiagge che soddisfano tutti i criteri.\" \/>\n<meta property=\"og:url\" content=\"https:\/\/malin-krk.com\/it\/campeggio-tiha-silo\/spiaggia-di-silo\/\" \/>\n<meta property=\"og:site_name\" content=\"Albergo Malin\" \/>\n<meta property=\"article:publisher\" content=\"https:\/\/www.facebook.com\/hotelmalin\/\" \/>\n<meta property=\"article:modified_time\" content=\"2022-02-01T09:36:46+00:00\" \/>\n<meta property=\"og:image\" content=\"https:\/\/malin-krk.com\/wp-content\/uploads\/2018\/06\/plaza-silo.jpg\" \/>\n\t<meta property=\"og:image:width\" content=\"1018\" \/>\n\t<meta property=\"og:image:height\" content=\"325\" \/>\n\t<meta property=\"og:image:type\" content=\"image\/jpeg\" \/>\n<meta name=\"twitter:card\" content=\"summary_large_image\" \/>\n<script type=\"application\/ld+json\" class=\"yoast-schema-graph\">{\"@context\":\"https:\\\/\\\/schema.org\",\"@graph\":[{\"@type\":\"WebPage\",\"@id\":\"https:\\\/\\\/malin-krk.com\\\/it\\\/campeggio-tiha-silo\\\/spiaggia-di-silo\\\/\",\"url\":\"https:\\\/\\\/malin-krk.com\\\/it\\\/campeggio-tiha-silo\\\/spiaggia-di-silo\\\/\",\"name\":\"Spiagge a \u0160ilo sull'isola di Krk - Malin Krk\",\"isPartOf\":{\"@id\":\"https:\\\/\\\/malin-krk.com\\\/#website\"},\"primaryImageOfPage\":{\"@id\":\"https:\\\/\\\/malin-krk.com\\\/it\\\/campeggio-tiha-silo\\\/spiaggia-di-silo\\\/#primaryimage\"},\"image\":{\"@id\":\"https:\\\/\\\/malin-krk.com\\\/it\\\/campeggio-tiha-silo\\\/spiaggia-di-silo\\\/#primaryimage\"},\"thumbnailUrl\":\"https:\\\/\\\/malin-krk.com\\\/wp-content\\\/uploads\\\/2018\\\/06\\\/plaza-silo.jpg\",\"datePublished\":\"2018-05-02T12:51:03+00:00\",\"dateModified\":\"2022-02-01T09:36:46+00:00\",\"description\":\"\u0160ilo \u00e8 nota per il mare cristallino e le numerose baie, ideali per prendere il sole e godersi il mare nelle spiagge che soddisfano tutti i criteri.\",\"breadcrumb\":{\"@id\":\"https:\\\/\\\/malin-krk.com\\\/it\\\/campeggio-tiha-silo\\\/spiaggia-di-silo\\\/#breadcrumb\"},\"inLanguage\":\"it-IT\",\"potentialAction\":[{\"@type\":\"ReadAction\",\"target\":[\"https:\\\/\\\/malin-krk.com\\\/it\\\/campeggio-tiha-silo\\\/spiaggia-di-silo\\\/\"]}]},{\"@type\":\"ImageObject\",\"inLanguage\":\"it-IT\",\"@id\":\"https:\\\/\\\/malin-krk.com\\\/it\\\/campeggio-tiha-silo\\\/spiaggia-di-silo\\\/#primaryimage\",\"url\":\"https:\\\/\\\/malin-krk.com\\\/wp-content\\\/uploads\\\/2018\\\/06\\\/plaza-silo.jpg\",\"contentUrl\":\"https:\\\/\\\/malin-krk.com\\\/wp-content\\\/uploads\\\/2018\\\/06\\\/plaza-silo.jpg\",\"width\":1018,\"height\":325,\"caption\":\"pla\u017ea \u0160ilo\"},{\"@type\":\"BreadcrumbList\",\"@id\":\"https:\\\/\\\/malin-krk.com\\\/it\\\/campeggio-tiha-silo\\\/spiaggia-di-silo\\\/#breadcrumb\",\"itemListElement\":[{\"@type\":\"ListItem\",\"position\":1,\"name\":\"Home\",\"item\":\"https:\\\/\\\/malin-krk.com\\\/it\\\/\"},{\"@type\":\"ListItem\",\"position\":2,\"name\":\"Campeggio Tiha \u0160ilo\",\"item\":\"https:\\\/\\\/malin-krk.com\\\/it\\\/campeggio-tiha-silo\\\/\"},{\"@type\":\"ListItem\",\"position\":3,\"name\":\"Spiaggia di \u0160ilo\"}]},{\"@type\":\"WebSite\",\"@id\":\"https:\\\/\\\/malin-krk.com\\\/#website\",\"url\":\"https:\\\/\\\/malin-krk.com\\\/\",\"name\":\"Malin Krk\",\"description\":\"\",\"publisher\":{\"@id\":\"https:\\\/\\\/malin-krk.com\\\/#organization\"},\"potentialAction\":[{\"@type\":\"SearchAction\",\"target\":{\"@type\":\"EntryPoint\",\"urlTemplate\":\"https:\\\/\\\/malin-krk.com\\\/?s={search_term_string}\"},\"query-input\":{\"@type\":\"PropertyValueSpecification\",\"valueRequired\":true,\"valueName\":\"search_term_string\"}}],\"inLanguage\":\"it-IT\"},{\"@type\":\"Organization\",\"@id\":\"https:\\\/\\\/malin-krk.com\\\/#organization\",\"name\":\"Malin Krk\",\"url\":\"https:\\\/\\\/malin-krk.com\\\/\",\"logo\":{\"@type\":\"ImageObject\",\"inLanguage\":\"it-IT\",\"@id\":\"https:\\\/\\\/malin-krk.com\\\/#\\\/schema\\\/logo\\\/image\\\/\",\"url\":\"https:\\\/\\\/malin-krk.com\\\/wp-content\\\/uploads\\\/2024\\\/02\\\/malin-logo.jpg\",\"contentUrl\":\"https:\\\/\\\/malin-krk.com\\\/wp-content\\\/uploads\\\/2024\\\/02\\\/malin-logo.jpg\",\"width\":280,\"height\":96,\"caption\":\"Malin Krk\"},\"image\":{\"@id\":\"https:\\\/\\\/malin-krk.com\\\/#\\\/schema\\\/logo\\\/image\\\/\"},\"sameAs\":[\"https:\\\/\\\/www.facebook.com\\\/hotelmalin\\\/\"]}]}<\/script>\n<!-- \/ Yoast SEO plugin. -->","yoast_head_json":{"title":"Spiagge a \u0160ilo sull'isola di Krk - Malin Krk","description":"\u0160ilo \u00e8 nota per il mare cristallino e le numerose baie, ideali per prendere il sole e godersi il mare nelle spiagge che soddisfano tutti i criteri.","robots":{"index":"index","follow":"follow","max-snippet":"max-snippet:-1","max-image-preview":"max-image-preview:large","max-video-preview":"max-video-preview:-1"},"canonical":"https:\/\/malin-krk.com\/it\/campeggio-tiha-silo\/spiaggia-di-silo\/","og_locale":"it_IT","og_type":"article","og_title":"Spiagge a \u0160ilo sull'isola di Krk - Malin Krk","og_description":"\u0160ilo \u00e8 nota per il mare cristallino e le numerose baie, ideali per prendere il sole e godersi il mare nelle spiagge che soddisfano tutti i criteri.","og_url":"https:\/\/malin-krk.com\/it\/campeggio-tiha-silo\/spiaggia-di-silo\/","og_site_name":"Albergo Malin","article_publisher":"https:\/\/www.facebook.com\/hotelmalin\/","article_modified_time":"2022-02-01T09:36:46+00:00","og_image":[{"width":1018,"height":325,"url":"https:\/\/malin-krk.com\/wp-content\/uploads\/2018\/06\/plaza-silo.jpg","type":"image\/jpeg"}],"twitter_card":"summary_large_image","schema":{"@context":"https:\/\/schema.org","@graph":[{"@type":"WebPage","@id":"https:\/\/malin-krk.com\/it\/campeggio-tiha-silo\/spiaggia-di-silo\/","url":"https:\/\/malin-krk.com\/it\/campeggio-tiha-silo\/spiaggia-di-silo\/","name":"Spiagge a \u0160ilo sull'isola di Krk - Malin Krk","isPartOf":{"@id":"https:\/\/malin-krk.com\/#website"},"primaryImageOfPage":{"@id":"https:\/\/malin-krk.com\/it\/campeggio-tiha-silo\/spiaggia-di-silo\/#primaryimage"},"image":{"@id":"https:\/\/malin-krk.com\/it\/campeggio-tiha-silo\/spiaggia-di-silo\/#primaryimage"},"thumbnailUrl":"https:\/\/malin-krk.com\/wp-content\/uploads\/2018\/06\/plaza-silo.jpg","datePublished":"2018-05-02T12:51:03+00:00","dateModified":"2022-02-01T09:36:46+00:00","description":"\u0160ilo \u00e8 nota per il mare cristallino e le numerose baie, ideali per prendere il sole e godersi il mare nelle spiagge che soddisfano tutti i criteri.","breadcrumb":{"@id":"https:\/\/malin-krk.com\/it\/campeggio-tiha-silo\/spiaggia-di-silo\/#breadcrumb"},"inLanguage":"it-IT","potentialAction":[{"@type":"ReadAction","target":["https:\/\/malin-krk.com\/it\/campeggio-tiha-silo\/spiaggia-di-silo\/"]}]},{"@type":"ImageObject","inLanguage":"it-IT","@id":"https:\/\/malin-krk.com\/it\/campeggio-tiha-silo\/spiaggia-di-silo\/#primaryimage","url":"https:\/\/malin-krk.com\/wp-content\/uploads\/2018\/06\/plaza-silo.jpg","contentUrl":"https:\/\/malin-krk.com\/wp-content\/uploads\/2018\/06\/plaza-silo.jpg","width":1018,"height":325,"caption":"pla\u017ea \u0160ilo"},{"@type":"BreadcrumbList","@id":"https:\/\/malin-krk.com\/it\/campeggio-tiha-silo\/spiaggia-di-silo\/#breadcrumb","itemListElement":[{"@type":"ListItem","position":1,"name":"Home","item":"https:\/\/malin-krk.com\/it\/"},{"@type":"ListItem","position":2,"name":"Campeggio Tiha \u0160ilo","item":"https:\/\/malin-krk.com\/it\/campeggio-tiha-silo\/"},{"@type":"ListItem","position":3,"name":"Spiaggia di \u0160ilo"}]},{"@type":"WebSite","@id":"https:\/\/malin-krk.com\/#website","url":"https:\/\/malin-krk.com\/","name":"Malin Krk","description":"","publisher":{"@id":"https:\/\/malin-krk.com\/#organization"},"potentialAction":[{"@type":"SearchAction","target":{"@type":"EntryPoint","urlTemplate":"https:\/\/malin-krk.com\/?s={search_term_string}"},"query-input":{"@type":"PropertyValueSpecification","valueRequired":true,"valueName":"search_term_string"}}],"inLanguage":"it-IT"},{"@type":"Organization","@id":"https:\/\/malin-krk.com\/#organization","name":"Malin Krk","url":"https:\/\/malin-krk.com\/","logo":{"@type":"ImageObject","inLanguage":"it-IT","@id":"https:\/\/malin-krk.com\/#\/schema\/logo\/image\/","url":"https:\/\/malin-krk.com\/wp-content\/uploads\/2024\/02\/malin-logo.jpg","contentUrl":"https:\/\/malin-krk.com\/wp-content\/uploads\/2024\/02\/malin-logo.jpg","width":280,"height":96,"caption":"Malin Krk"},"image":{"@id":"https:\/\/malin-krk.com\/#\/schema\/logo\/image\/"},"sameAs":["https:\/\/www.facebook.com\/hotelmalin\/"]}]}},"_links":{"self":[{"href":"https:\/\/malin-krk.com\/it\/wp-json\/wp\/v2\/pages\/1284","targetHints":{"allow":["GET"]}}],"collection":[{"href":"https:\/\/malin-krk.com\/it\/wp-json\/wp\/v2\/pages"}],"about":[{"href":"https:\/\/malin-krk.com\/it\/wp-json\/wp\/v2\/types\/page"}],"author":[{"embeddable":true,"href":"https:\/\/malin-krk.com\/it\/wp-json\/wp\/v2\/users\/3"}],"replies":[{"embeddable":true,"href":"https:\/\/malin-krk.com\/it\/wp-json\/wp\/v2\/comments?post=1284"}],"version-history":[{"count":5,"href":"https:\/\/malin-krk.com\/it\/wp-json\/wp\/v2\/pages\/1284\/revisions"}],"predecessor-version":[{"id":22389,"href":"https:\/\/malin-krk.com\/it\/wp-json\/wp\/v2\/pages\/1284\/revisions\/22389"}],"up":[{"embeddable":true,"href":"https:\/\/malin-krk.com\/it\/wp-json\/wp\/v2\/pages\/1311"}],"wp:featuredmedia":[{"embeddable":true,"href":"https:\/\/malin-krk.com\/it\/wp-json\/wp\/v2\/media\/4139"}],"wp:attachment":[{"href":"https:\/\/malin-krk.com\/it\/wp-json\/wp\/v2\/media?parent=1284"}],"curies":[{"name":"wp","href":"https:\/\/api.w.org\/{rel}","templated":true}]}}