{"id":996,"date":"2018-05-02T13:42:38","date_gmt":"2018-05-02T11:42:38","guid":{"rendered":"https:\/\/www.malin-krk.com\/_novo\/kamp-tiha-silo\/o-kampu\/"},"modified":"2018-09-13T12:41:38","modified_gmt":"2018-09-13T10:41:38","slug":"about-tiha-silo","status":"publish","type":"page","link":"https:\/\/malin-krk.com\/en\/tiha-campsite-silo\/about-tiha-silo\/","title":{"rendered":"About Tiha \u0160ilo"},"content":{"rendered":"<!DOCTYPE html PUBLIC \"-\/\/W3C\/\/DTD HTML 4.0 Transitional\/\/EN\" \"http:\/\/www.w3.org\/TR\/REC-html40\/loose.dtd\">\n<html><body><p><span style=\"font-weight: 400;\">The Tiha campsite was named after the bay in which it is located and is the only campsite in the area. Situated just 500 m from the fishing town of &Scaron;ilo, this campsite has been organised and designed for everyone who visits it, being at the same time a true oasis of peace and relaxation. The preserved nature, blue sea and the accompanying facilities make this campsite the best choice for a carefree and comfortable family holiday.<\/span><\/p>\n<\/body><\/html>\n","protected":false},"excerpt":{"rendered":"<p>The Tiha campsite was named after the bay in which it is located and is the only campsite in the area. Situated just 500 m from the fishing town of &Scaron;ilo, this campsite has been organised and designed for everyone who visits it, being at the same time a true oasis of peace and relaxation. [&hellip;]<\/p>\n","protected":false},"author":3,"featured_media":4189,"parent":992,"menu_order":0,"comment_status":"closed","ping_status":"closed","template":"page-hotel-template.php","meta":{"_acf_changed":false,"footnotes":""},"class_list":["post-996","page","type-page","status-publish","has-post-thumbnail","hentry"],"acf":[],"yoast_head":"<!-- This site is optimized with the Yoast SEO plugin v27.4 - https:\/\/yoast.com\/product\/yoast-seo-wordpress\/ -->\n<title>Town of \u0160ilo on the island of Krk - Malin Krk<\/title>\n<meta name=\"description\" content=\"Tiha \u0160ilo Camp in the \u0160ilo tourist settlement is located in the north-eastern part of Krk. Enjoy numerous coves and a large child-friendly sandy beach.\" \/>\n<meta name=\"robots\" content=\"index, follow, max-snippet:-1, max-image-preview:large, max-video-preview:-1\" \/>\n<link rel=\"canonical\" href=\"https:\/\/malin-krk.com\/en\/tiha-campsite-silo\/about-tiha-silo\/\" \/>\n<meta property=\"og:locale\" content=\"en_US\" \/>\n<meta property=\"og:type\" content=\"article\" \/>\n<meta property=\"og:title\" content=\"Town of \u0160ilo on the island of Krk - Malin Krk\" \/>\n<meta property=\"og:description\" content=\"Tiha \u0160ilo Camp in the \u0160ilo tourist settlement is located in the north-eastern part of Krk. Enjoy numerous coves and a large child-friendly sandy beach.\" \/>\n<meta property=\"og:url\" content=\"https:\/\/malin-krk.com\/en\/tiha-campsite-silo\/about-tiha-silo\/\" \/>\n<meta property=\"og:site_name\" content=\"Malin Krk\" \/>\n<meta property=\"article:publisher\" content=\"https:\/\/www.facebook.com\/hotelmalin\/\" \/>\n<meta property=\"article:modified_time\" content=\"2018-09-13T10:41:38+00:00\" \/>\n<meta property=\"og:image\" content=\"https:\/\/malin-krk.com\/wp-content\/uploads\/2018\/06\/kamp-tiha-silo.jpg\" \/>\n\t<meta property=\"og:image:width\" content=\"1018\" \/>\n\t<meta property=\"og:image:height\" content=\"325\" \/>\n\t<meta property=\"og:image:type\" content=\"image\/jpeg\" \/>\n<meta name=\"twitter:card\" content=\"summary_large_image\" \/>\n<script type=\"application\/ld+json\" class=\"yoast-schema-graph\">{\"@context\":\"https:\\\/\\\/schema.org\",\"@graph\":[{\"@type\":\"WebPage\",\"@id\":\"https:\\\/\\\/malin-krk.com\\\/en\\\/tiha-campsite-silo\\\/about-tiha-silo\\\/\",\"url\":\"https:\\\/\\\/malin-krk.com\\\/en\\\/tiha-campsite-silo\\\/about-tiha-silo\\\/\",\"name\":\"Town of \u0160ilo on the island of Krk - Malin Krk\",\"isPartOf\":{\"@id\":\"https:\\\/\\\/malin-krk.com\\\/#website\"},\"primaryImageOfPage\":{\"@id\":\"https:\\\/\\\/malin-krk.com\\\/en\\\/tiha-campsite-silo\\\/about-tiha-silo\\\/#primaryimage\"},\"image\":{\"@id\":\"https:\\\/\\\/malin-krk.com\\\/en\\\/tiha-campsite-silo\\\/about-tiha-silo\\\/#primaryimage\"},\"thumbnailUrl\":\"https:\\\/\\\/malin-krk.com\\\/wp-content\\\/uploads\\\/2018\\\/06\\\/kamp-tiha-silo.jpg\",\"datePublished\":\"2018-05-02T11:42:38+00:00\",\"dateModified\":\"2018-09-13T10:41:38+00:00\",\"description\":\"Tiha \u0160ilo Camp in the \u0160ilo tourist settlement is located in the north-eastern part of Krk. Enjoy numerous coves and a large child-friendly sandy beach.\",\"breadcrumb\":{\"@id\":\"https:\\\/\\\/malin-krk.com\\\/en\\\/tiha-campsite-silo\\\/about-tiha-silo\\\/#breadcrumb\"},\"inLanguage\":\"en-US\",\"potentialAction\":[{\"@type\":\"ReadAction\",\"target\":[\"https:\\\/\\\/malin-krk.com\\\/en\\\/tiha-campsite-silo\\\/about-tiha-silo\\\/\"]}]},{\"@type\":\"ImageObject\",\"inLanguage\":\"en-US\",\"@id\":\"https:\\\/\\\/malin-krk.com\\\/en\\\/tiha-campsite-silo\\\/about-tiha-silo\\\/#primaryimage\",\"url\":\"https:\\\/\\\/malin-krk.com\\\/wp-content\\\/uploads\\\/2018\\\/06\\\/kamp-tiha-silo.jpg\",\"contentUrl\":\"https:\\\/\\\/malin-krk.com\\\/wp-content\\\/uploads\\\/2018\\\/06\\\/kamp-tiha-silo.jpg\",\"width\":1018,\"height\":325,\"caption\":\"kamp Tiha \u0160ilo\"},{\"@type\":\"BreadcrumbList\",\"@id\":\"https:\\\/\\\/malin-krk.com\\\/en\\\/tiha-campsite-silo\\\/about-tiha-silo\\\/#breadcrumb\",\"itemListElement\":[{\"@type\":\"ListItem\",\"position\":1,\"name\":\"Home\",\"item\":\"https:\\\/\\\/malin-krk.com\\\/en\\\/\"},{\"@type\":\"ListItem\",\"position\":2,\"name\":\"Tiha Campsite in \u0160ilo\",\"item\":\"https:\\\/\\\/malin-krk.com\\\/en\\\/tiha-campsite-silo\\\/\"},{\"@type\":\"ListItem\",\"position\":3,\"name\":\"About Tiha \u0160ilo\"}]},{\"@type\":\"WebSite\",\"@id\":\"https:\\\/\\\/malin-krk.com\\\/#website\",\"url\":\"https:\\\/\\\/malin-krk.com\\\/\",\"name\":\"Malin Krk\",\"description\":\"\",\"publisher\":{\"@id\":\"https:\\\/\\\/malin-krk.com\\\/#organization\"},\"potentialAction\":[{\"@type\":\"SearchAction\",\"target\":{\"@type\":\"EntryPoint\",\"urlTemplate\":\"https:\\\/\\\/malin-krk.com\\\/?s={search_term_string}\"},\"query-input\":{\"@type\":\"PropertyValueSpecification\",\"valueRequired\":true,\"valueName\":\"search_term_string\"}}],\"inLanguage\":\"en-US\"},{\"@type\":\"Organization\",\"@id\":\"https:\\\/\\\/malin-krk.com\\\/#organization\",\"name\":\"Malin Krk\",\"url\":\"https:\\\/\\\/malin-krk.com\\\/\",\"logo\":{\"@type\":\"ImageObject\",\"inLanguage\":\"en-US\",\"@id\":\"https:\\\/\\\/malin-krk.com\\\/#\\\/schema\\\/logo\\\/image\\\/\",\"url\":\"https:\\\/\\\/malin-krk.com\\\/wp-content\\\/uploads\\\/2024\\\/02\\\/malin-logo.jpg\",\"contentUrl\":\"https:\\\/\\\/malin-krk.com\\\/wp-content\\\/uploads\\\/2024\\\/02\\\/malin-logo.jpg\",\"width\":280,\"height\":96,\"caption\":\"Malin Krk\"},\"image\":{\"@id\":\"https:\\\/\\\/malin-krk.com\\\/#\\\/schema\\\/logo\\\/image\\\/\"},\"sameAs\":[\"https:\\\/\\\/www.facebook.com\\\/hotelmalin\\\/\"]}]}<\/script>\n<!-- \/ Yoast SEO plugin. -->","yoast_head_json":{"title":"Town of \u0160ilo on the island of Krk - Malin Krk","description":"Tiha \u0160ilo Camp in the \u0160ilo tourist settlement is located in the north-eastern part of Krk. Enjoy numerous coves and a large child-friendly sandy beach.","robots":{"index":"index","follow":"follow","max-snippet":"max-snippet:-1","max-image-preview":"max-image-preview:large","max-video-preview":"max-video-preview:-1"},"canonical":"https:\/\/malin-krk.com\/en\/tiha-campsite-silo\/about-tiha-silo\/","og_locale":"en_US","og_type":"article","og_title":"Town of \u0160ilo on the island of Krk - Malin Krk","og_description":"Tiha \u0160ilo Camp in the \u0160ilo tourist settlement is located in the north-eastern part of Krk. Enjoy numerous coves and a large child-friendly sandy beach.","og_url":"https:\/\/malin-krk.com\/en\/tiha-campsite-silo\/about-tiha-silo\/","og_site_name":"Malin Krk","article_publisher":"https:\/\/www.facebook.com\/hotelmalin\/","article_modified_time":"2018-09-13T10:41:38+00:00","og_image":[{"width":1018,"height":325,"url":"https:\/\/malin-krk.com\/wp-content\/uploads\/2018\/06\/kamp-tiha-silo.jpg","type":"image\/jpeg"}],"twitter_card":"summary_large_image","schema":{"@context":"https:\/\/schema.org","@graph":[{"@type":"WebPage","@id":"https:\/\/malin-krk.com\/en\/tiha-campsite-silo\/about-tiha-silo\/","url":"https:\/\/malin-krk.com\/en\/tiha-campsite-silo\/about-tiha-silo\/","name":"Town of \u0160ilo on the island of Krk - Malin Krk","isPartOf":{"@id":"https:\/\/malin-krk.com\/#website"},"primaryImageOfPage":{"@id":"https:\/\/malin-krk.com\/en\/tiha-campsite-silo\/about-tiha-silo\/#primaryimage"},"image":{"@id":"https:\/\/malin-krk.com\/en\/tiha-campsite-silo\/about-tiha-silo\/#primaryimage"},"thumbnailUrl":"https:\/\/malin-krk.com\/wp-content\/uploads\/2018\/06\/kamp-tiha-silo.jpg","datePublished":"2018-05-02T11:42:38+00:00","dateModified":"2018-09-13T10:41:38+00:00","description":"Tiha \u0160ilo Camp in the \u0160ilo tourist settlement is located in the north-eastern part of Krk. Enjoy numerous coves and a large child-friendly sandy beach.","breadcrumb":{"@id":"https:\/\/malin-krk.com\/en\/tiha-campsite-silo\/about-tiha-silo\/#breadcrumb"},"inLanguage":"en-US","potentialAction":[{"@type":"ReadAction","target":["https:\/\/malin-krk.com\/en\/tiha-campsite-silo\/about-tiha-silo\/"]}]},{"@type":"ImageObject","inLanguage":"en-US","@id":"https:\/\/malin-krk.com\/en\/tiha-campsite-silo\/about-tiha-silo\/#primaryimage","url":"https:\/\/malin-krk.com\/wp-content\/uploads\/2018\/06\/kamp-tiha-silo.jpg","contentUrl":"https:\/\/malin-krk.com\/wp-content\/uploads\/2018\/06\/kamp-tiha-silo.jpg","width":1018,"height":325,"caption":"kamp Tiha \u0160ilo"},{"@type":"BreadcrumbList","@id":"https:\/\/malin-krk.com\/en\/tiha-campsite-silo\/about-tiha-silo\/#breadcrumb","itemListElement":[{"@type":"ListItem","position":1,"name":"Home","item":"https:\/\/malin-krk.com\/en\/"},{"@type":"ListItem","position":2,"name":"Tiha Campsite in \u0160ilo","item":"https:\/\/malin-krk.com\/en\/tiha-campsite-silo\/"},{"@type":"ListItem","position":3,"name":"About Tiha \u0160ilo"}]},{"@type":"WebSite","@id":"https:\/\/malin-krk.com\/#website","url":"https:\/\/malin-krk.com\/","name":"Malin Krk","description":"","publisher":{"@id":"https:\/\/malin-krk.com\/#organization"},"potentialAction":[{"@type":"SearchAction","target":{"@type":"EntryPoint","urlTemplate":"https:\/\/malin-krk.com\/?s={search_term_string}"},"query-input":{"@type":"PropertyValueSpecification","valueRequired":true,"valueName":"search_term_string"}}],"inLanguage":"en-US"},{"@type":"Organization","@id":"https:\/\/malin-krk.com\/#organization","name":"Malin Krk","url":"https:\/\/malin-krk.com\/","logo":{"@type":"ImageObject","inLanguage":"en-US","@id":"https:\/\/malin-krk.com\/#\/schema\/logo\/image\/","url":"https:\/\/malin-krk.com\/wp-content\/uploads\/2024\/02\/malin-logo.jpg","contentUrl":"https:\/\/malin-krk.com\/wp-content\/uploads\/2024\/02\/malin-logo.jpg","width":280,"height":96,"caption":"Malin Krk"},"image":{"@id":"https:\/\/malin-krk.com\/#\/schema\/logo\/image\/"},"sameAs":["https:\/\/www.facebook.com\/hotelmalin\/"]}]}},"_links":{"self":[{"href":"https:\/\/malin-krk.com\/en\/wp-json\/wp\/v2\/pages\/996","targetHints":{"allow":["GET"]}}],"collection":[{"href":"https:\/\/malin-krk.com\/en\/wp-json\/wp\/v2\/pages"}],"about":[{"href":"https:\/\/malin-krk.com\/en\/wp-json\/wp\/v2\/types\/page"}],"author":[{"embeddable":true,"href":"https:\/\/malin-krk.com\/en\/wp-json\/wp\/v2\/users\/3"}],"replies":[{"embeddable":true,"href":"https:\/\/malin-krk.com\/en\/wp-json\/wp\/v2\/comments?post=996"}],"version-history":[{"count":4,"href":"https:\/\/malin-krk.com\/en\/wp-json\/wp\/v2\/pages\/996\/revisions"}],"predecessor-version":[{"id":5927,"href":"https:\/\/malin-krk.com\/en\/wp-json\/wp\/v2\/pages\/996\/revisions\/5927"}],"up":[{"embeddable":true,"href":"https:\/\/malin-krk.com\/en\/wp-json\/wp\/v2\/pages\/992"}],"wp:featuredmedia":[{"embeddable":true,"href":"https:\/\/malin-krk.com\/en\/wp-json\/wp\/v2\/media\/4189"}],"wp:attachment":[{"href":"https:\/\/malin-krk.com\/en\/wp-json\/wp\/v2\/media?parent=996"}],"curies":[{"name":"wp","href":"https:\/\/api.w.org\/{rel}","templated":true}]}}