{"id":29917,"date":"2024-05-17T12:00:55","date_gmt":"2024-05-17T10:00:55","guid":{"rendered":"https:\/\/malin-krk.com\/?page_id=29917"},"modified":"2024-05-20T16:27:02","modified_gmt":"2024-05-20T14:27:02","slug":"special-summer-offer","status":"publish","type":"page","link":"https:\/\/malin-krk.com\/en\/special-summer-offer\/","title":{"rendered":"Special summer offer"},"content":{"rendered":"<!DOCTYPE html PUBLIC \"-\/\/W3C\/\/DTD HTML 4.0 Transitional\/\/EN\" \"http:\/\/www.w3.org\/TR\/REC-html40\/loose.dtd\">\n<html><body><p>Summer at Camp Tiha in &Scaron;ilo on the island of Krk offers an unforgettable experience that combines natural beauty, relaxation and numerous activities. Located on the northwest coast of the island, Camp Tiha offers the perfect retreat for nature lovers and those looking for an escape from everyday stress.<\/p>\n<p>\nCamp Tiha offers various accommodation options, including spacious camping plots for tents, campers and trailers, as well as modernly equipped mobile homes that provide additional comfort. One of the main advantages of Camp Tiha is the beautiful beaches with crystal clear sea. The beaches are pebbly and ideal for sunbathing, swimming and diving. Relax on the deckchairs on the beach, enjoy refreshing drinks at the Mare beach bar, rent a SUP or kayak &ndash; summer activities in the sea are fun for the whole family.<\/p>\n<p><strong>The offer is valid during the period: 30.05.-29.06.2024.<\/strong><\/p>\n<p><strong>The package includes:<\/strong><br>\n&bull; 2 or 3 or 5 nights for up to 5 or 6 people in a Premium Family mobile home<br>\n&bull; Parking for 1 car<br>\n&bull; Final cleaning<br>\n&bull; Bed sheet<br>\n&bull; One set of towels<\/p>\n<p><strong>Package price:<\/strong><\/p>\n<p>Package of 2 nights &ndash; 216,00 &euro; \/ Additional night &ndash; 108,00 &euro;<\/p>\n<p>Package of 3 nights &ndash; 306,00 &euro; \/ Additional night &ndash; 102,00 &euro;<\/p>\n<p>Package of 5 nights &ndash; 480,00 &euro; \/ Additional night &ndash; 96,00 &euro;<\/p>\n<p>&nbsp;<\/p>\n<p><strong>Mandatory surcharges at the reception:<\/strong><br>\n&bull; Tourist tax (1,80 &euro; per person\/day)<br>\n&bull; Registration (1,00 &euro; per person once)<\/p>\n<p>&nbsp;<\/p>\n<p>*The use of the mobile home is from 16:00 on the day of arrival. On the day of departure, check-out is until 10 am.<\/p>\n<p>&nbsp;<\/p>\n<p><strong>Premium Family mobile home<\/strong><\/p>\n<p>Luxury house, ideal for a family of 4 + 1 people. Size 39 m2 (7.6 x 5.2 m), consists of 2 bedrooms, 2 bathrooms, living room with extra bed and kitchenette. Equipped with air conditioning, television, a spacious terrace of 21 m2, with seating and deckchairs. The mobile home is decorated in a modern style for the most comfortable stay possible.<\/p>\n<p>&nbsp;<\/p>\n<p><strong>Info &amp; reservations: <\/strong><\/p>\n<p><strong>reservations@camp.tiha.hr <\/strong><\/p>\n<p><strong>T: 051 850 129<\/strong><\/p>\n<p>&nbsp;<\/p>\n\n<div class=\"wpcf7 no-js\" id=\"wpcf7-f858-o1\" lang=\"hr-HR\" dir=\"ltr\" data-wpcf7-id=\"858\">\n<div class=\"screen-reader-response\"><p role=\"status\" aria-live=\"polite\" aria-atomic=\"true\"><\/p> <ul><\/ul><\/div>\n<form action=\"\/en\/wp-json\/wp\/v2\/pages\/29917#wpcf7-f858-o1\" method=\"post\" class=\"wpcf7-form init\" aria-label=\"Contact form\" novalidate=\"novalidate\" data-status=\"init\">\n<fieldset class=\"hidden-fields-container\"><input type=\"hidden\" name=\"_wpcf7\" value=\"858\" \/><input type=\"hidden\" name=\"_wpcf7_version\" value=\"6.1.5\" \/><input type=\"hidden\" name=\"_wpcf7_locale\" value=\"hr_HR\" \/><input type=\"hidden\" name=\"_wpcf7_unit_tag\" value=\"wpcf7-f858-o1\" \/><input type=\"hidden\" name=\"_wpcf7_container_post\" value=\"0\" \/><input type=\"hidden\" name=\"_wpcf7_posted_data_hash\" value=\"\" \/>\n<\/fieldset>\n<p><label>Ime i prezime*<br \/>\n<span class=\"wpcf7-form-control-wrap\" data-name=\"your-name\"><input size=\"40\" maxlength=\"400\" class=\"wpcf7-form-control wpcf7-text wpcf7-validates-as-required\" aria-required=\"true\" aria-invalid=\"false\" value=\"\" type=\"text\" name=\"your-name\" \/><\/span> <\/label>\n<\/p>\n<p><label>Email*<br \/>\n<span class=\"wpcf7-form-control-wrap\" data-name=\"your-email\"><input size=\"40\" maxlength=\"400\" class=\"wpcf7-form-control wpcf7-email wpcf7-validates-as-required wpcf7-text wpcf7-validates-as-email\" aria-required=\"true\" aria-invalid=\"false\" value=\"\" type=\"email\" name=\"your-email\" \/><\/span> <\/label>\n<\/p>\n<p><label>Predmet<br \/>\n<span class=\"wpcf7-form-control-wrap\" data-name=\"your-subject\"><input size=\"40\" maxlength=\"400\" class=\"wpcf7-form-control wpcf7-text wpcf7-validates-as-required\" aria-required=\"true\" aria-invalid=\"false\" value=\"\" type=\"text\" name=\"your-subject\" \/><\/span> <\/label>\n<\/p>\n<p><label>Poruka*<br \/>\n<span class=\"wpcf7-form-control-wrap\" data-name=\"your-message\"><textarea cols=\"40\" rows=\"10\" maxlength=\"2000\" class=\"wpcf7-form-control wpcf7-textarea wpcf7-validates-as-required\" aria-required=\"true\" aria-invalid=\"false\" name=\"your-message\"><\/textarea><\/span> <\/label>\n<\/p>\n<p><label>Primatelj poruke<br \/>\n<span class=\"wpcf7-form-control-wrap\" data-name=\"your-recipient\"><select class=\"wpcf7-form-control wpcf7-select wpcf7-validates-as-required\" aria-required=\"true\" aria-invalid=\"false\" name=\"your-recipient\"><option value=\"\">&#8212;Please choose an option&#8212;<\/option><option value=\"Hotel Malin\">Hotel Malin<\/option><option value=\"Vile i apartmani\">Vile i apartmani<\/option><option value=\"Mobilne ku\u0107ice\">Mobilne ku\u0107ice<\/option><option value=\"Kamp Tiha \u0160ilo\">Kamp Tiha \u0160ilo<\/option><\/select><\/span><\/label>\n<\/p>\n<p><label>Captcha<br \/>\n<input type=\"hidden\" name=\"_wpcf7_captcha_challenge_captcha-1\" value=\"1278935228\" \/><img decoding=\"async\" class=\"wpcf7-form-control wpcf7-captchac wpcf7-captcha-captcha-1\" width=\"84\" height=\"28\" alt=\"captcha\" src=\"https:\/\/malin-krk.com\/wp-content\/uploads\/wpcf7_captcha\/1278935228.png\" \/><span class=\"wpcf7-form-control-wrap\" data-name=\"captcha-1\"><input size=\"40\" maxlength=\"100\" class=\"wpcf7-form-control wpcf7-captchar\" autocomplete=\"off\" aria-invalid=\"false\" placeholder=\"Upi\u0161ite znakove\" value=\"\" type=\"text\" name=\"captcha-1\" \/><\/span><br \/>\n<\/label>\n<\/p>\n<p><span class=\"wpcf7-form-control-wrap\" data-name=\"your-consent\"><span class=\"wpcf7-form-control wpcf7-acceptance\"><span class=\"wpcf7-list-item\"><label><input type=\"checkbox\" name=\"your-consent\" value=\"1\" aria-invalid=\"false\" \/><span class=\"wpcf7-list-item-label\">Molimo ozna\u010dite kako biste pristali na spremanje va\u0161ih podataka u skladu sa smjernicama navedenim u na\u0161oj izjavi o <a href=\"https:\/\/malin-krk.com\/pravila-koristenja\/\">privatnosti podataka<\/a><\/span><\/label><\/span><\/span><\/span>\n<\/p>\n<p><input class=\"wpcf7-form-control wpcf7-submit has-spinner btn\" type=\"submit\" value=\"Po\u0161aljite\" \/>\n<\/p><div class=\"wpcf7-response-output\" aria-hidden=\"true\"><\/div>\n<\/form>\n<\/div>\n\n<\/body><\/html>\n","protected":false},"excerpt":{"rendered":"<p>Summer at Camp Tiha in &Scaron;ilo on the island of Krk offers an unforgettable experience that combines natural beauty, relaxation and numerous activities. Located on the northwest coast of the island, Camp Tiha offers the perfect retreat for nature lovers and those looking for an escape from everyday stress. Camp Tiha offers various accommodation options, [&hellip;]<\/p>\n","protected":false},"author":2,"featured_media":26749,"parent":0,"menu_order":0,"comment_status":"closed","ping_status":"closed","template":"","meta":{"_acf_changed":false,"footnotes":""},"class_list":["post-29917","page","type-page","status-publish","has-post-thumbnail","hentry"],"acf":[],"yoast_head":"<!-- This site is optimized with the Yoast SEO plugin v27.5 - https:\/\/yoast.com\/product\/yoast-seo-wordpress\/ -->\n<title>Special summer offer - Malin Krk<\/title>\n<meta name=\"description\" content=\"Summer at Camp Tiha in \u0160il on the island of Krk offers an unforgettable experience that combines natural beauty, relaxation and numerous activities.\" \/>\n<meta name=\"robots\" content=\"index, follow, max-snippet:-1, max-image-preview:large, max-video-preview:-1\" \/>\n<link rel=\"canonical\" href=\"https:\/\/malin-krk.com\/en\/special-summer-offer\/\" \/>\n<meta property=\"og:locale\" content=\"en_US\" \/>\n<meta property=\"og:type\" content=\"article\" \/>\n<meta property=\"og:title\" content=\"Special summer offer - Malin Krk\" \/>\n<meta property=\"og:description\" content=\"Summer at Camp Tiha in \u0160il on the island of Krk offers an unforgettable experience that combines natural beauty, relaxation and numerous activities.\" \/>\n<meta property=\"og:url\" content=\"https:\/\/malin-krk.com\/en\/special-summer-offer\/\" \/>\n<meta property=\"og:site_name\" content=\"Malin Krk\" \/>\n<meta property=\"article:publisher\" content=\"https:\/\/www.facebook.com\/hotelmalin\/\" \/>\n<meta property=\"article:modified_time\" content=\"2024-05-20T14:27:02+00:00\" \/>\n<meta property=\"og:image\" content=\"https:\/\/malin-krk.com\/wp-content\/uploads\/2022\/12\/Luxury.jpg\" \/>\n\t<meta property=\"og:image:width\" content=\"1920\" \/>\n\t<meta property=\"og:image:height\" content=\"1278\" \/>\n\t<meta property=\"og:image:type\" content=\"image\/jpeg\" \/>\n<meta name=\"twitter:card\" content=\"summary_large_image\" \/>\n<script type=\"application\/ld+json\" class=\"yoast-schema-graph\">{\"@context\":\"https:\\\/\\\/schema.org\",\"@graph\":[{\"@type\":\"WebPage\",\"@id\":\"https:\\\/\\\/malin-krk.com\\\/en\\\/special-summer-offer\\\/\",\"url\":\"https:\\\/\\\/malin-krk.com\\\/en\\\/special-summer-offer\\\/\",\"name\":\"Special summer offer - Malin Krk\",\"isPartOf\":{\"@id\":\"https:\\\/\\\/malin-krk.com\\\/#website\"},\"primaryImageOfPage\":{\"@id\":\"https:\\\/\\\/malin-krk.com\\\/en\\\/special-summer-offer\\\/#primaryimage\"},\"image\":{\"@id\":\"https:\\\/\\\/malin-krk.com\\\/en\\\/special-summer-offer\\\/#primaryimage\"},\"thumbnailUrl\":\"https:\\\/\\\/malin-krk.com\\\/wp-content\\\/uploads\\\/2022\\\/12\\\/Luxury.jpg\",\"datePublished\":\"2024-05-17T10:00:55+00:00\",\"dateModified\":\"2024-05-20T14:27:02+00:00\",\"description\":\"Summer at Camp Tiha in \u0160il on the island of Krk offers an unforgettable experience that combines natural beauty, relaxation and numerous activities.\",\"breadcrumb\":{\"@id\":\"https:\\\/\\\/malin-krk.com\\\/en\\\/special-summer-offer\\\/#breadcrumb\"},\"inLanguage\":\"en-US\",\"potentialAction\":[{\"@type\":\"ReadAction\",\"target\":[\"https:\\\/\\\/malin-krk.com\\\/en\\\/special-summer-offer\\\/\"]}]},{\"@type\":\"ImageObject\",\"inLanguage\":\"en-US\",\"@id\":\"https:\\\/\\\/malin-krk.com\\\/en\\\/special-summer-offer\\\/#primaryimage\",\"url\":\"https:\\\/\\\/malin-krk.com\\\/wp-content\\\/uploads\\\/2022\\\/12\\\/Luxury.jpg\",\"contentUrl\":\"https:\\\/\\\/malin-krk.com\\\/wp-content\\\/uploads\\\/2022\\\/12\\\/Luxury.jpg\",\"width\":1920,\"height\":1278,\"caption\":\"Luxury mobile home\"},{\"@type\":\"BreadcrumbList\",\"@id\":\"https:\\\/\\\/malin-krk.com\\\/en\\\/special-summer-offer\\\/#breadcrumb\",\"itemListElement\":[{\"@type\":\"ListItem\",\"position\":1,\"name\":\"Home\",\"item\":\"https:\\\/\\\/malin-krk.com\\\/en\\\/\"},{\"@type\":\"ListItem\",\"position\":2,\"name\":\"Special summer offer\"}]},{\"@type\":\"WebSite\",\"@id\":\"https:\\\/\\\/malin-krk.com\\\/#website\",\"url\":\"https:\\\/\\\/malin-krk.com\\\/\",\"name\":\"Malin Krk\",\"description\":\"\",\"publisher\":{\"@id\":\"https:\\\/\\\/malin-krk.com\\\/#organization\"},\"potentialAction\":[{\"@type\":\"SearchAction\",\"target\":{\"@type\":\"EntryPoint\",\"urlTemplate\":\"https:\\\/\\\/malin-krk.com\\\/?s={search_term_string}\"},\"query-input\":{\"@type\":\"PropertyValueSpecification\",\"valueRequired\":true,\"valueName\":\"search_term_string\"}}],\"inLanguage\":\"en-US\"},{\"@type\":\"Organization\",\"@id\":\"https:\\\/\\\/malin-krk.com\\\/#organization\",\"name\":\"Malin Krk\",\"url\":\"https:\\\/\\\/malin-krk.com\\\/\",\"logo\":{\"@type\":\"ImageObject\",\"inLanguage\":\"en-US\",\"@id\":\"https:\\\/\\\/malin-krk.com\\\/#\\\/schema\\\/logo\\\/image\\\/\",\"url\":\"https:\\\/\\\/malin-krk.com\\\/wp-content\\\/uploads\\\/2024\\\/02\\\/malin-logo.jpg\",\"contentUrl\":\"https:\\\/\\\/malin-krk.com\\\/wp-content\\\/uploads\\\/2024\\\/02\\\/malin-logo.jpg\",\"width\":280,\"height\":96,\"caption\":\"Malin Krk\"},\"image\":{\"@id\":\"https:\\\/\\\/malin-krk.com\\\/#\\\/schema\\\/logo\\\/image\\\/\"},\"sameAs\":[\"https:\\\/\\\/www.facebook.com\\\/hotelmalin\\\/\"]}]}<\/script>\n<!-- \/ Yoast SEO plugin. -->","yoast_head_json":{"title":"Special summer offer - Malin Krk","description":"Summer at Camp Tiha in \u0160il on the island of Krk offers an unforgettable experience that combines natural beauty, relaxation and numerous activities.","robots":{"index":"index","follow":"follow","max-snippet":"max-snippet:-1","max-image-preview":"max-image-preview:large","max-video-preview":"max-video-preview:-1"},"canonical":"https:\/\/malin-krk.com\/en\/special-summer-offer\/","og_locale":"en_US","og_type":"article","og_title":"Special summer offer - Malin Krk","og_description":"Summer at Camp Tiha in \u0160il on the island of Krk offers an unforgettable experience that combines natural beauty, relaxation and numerous activities.","og_url":"https:\/\/malin-krk.com\/en\/special-summer-offer\/","og_site_name":"Malin Krk","article_publisher":"https:\/\/www.facebook.com\/hotelmalin\/","article_modified_time":"2024-05-20T14:27:02+00:00","og_image":[{"width":1920,"height":1278,"url":"https:\/\/malin-krk.com\/wp-content\/uploads\/2022\/12\/Luxury.jpg","type":"image\/jpeg"}],"twitter_card":"summary_large_image","schema":{"@context":"https:\/\/schema.org","@graph":[{"@type":"WebPage","@id":"https:\/\/malin-krk.com\/en\/special-summer-offer\/","url":"https:\/\/malin-krk.com\/en\/special-summer-offer\/","name":"Special summer offer - Malin Krk","isPartOf":{"@id":"https:\/\/malin-krk.com\/#website"},"primaryImageOfPage":{"@id":"https:\/\/malin-krk.com\/en\/special-summer-offer\/#primaryimage"},"image":{"@id":"https:\/\/malin-krk.com\/en\/special-summer-offer\/#primaryimage"},"thumbnailUrl":"https:\/\/malin-krk.com\/wp-content\/uploads\/2022\/12\/Luxury.jpg","datePublished":"2024-05-17T10:00:55+00:00","dateModified":"2024-05-20T14:27:02+00:00","description":"Summer at Camp Tiha in \u0160il on the island of Krk offers an unforgettable experience that combines natural beauty, relaxation and numerous activities.","breadcrumb":{"@id":"https:\/\/malin-krk.com\/en\/special-summer-offer\/#breadcrumb"},"inLanguage":"en-US","potentialAction":[{"@type":"ReadAction","target":["https:\/\/malin-krk.com\/en\/special-summer-offer\/"]}]},{"@type":"ImageObject","inLanguage":"en-US","@id":"https:\/\/malin-krk.com\/en\/special-summer-offer\/#primaryimage","url":"https:\/\/malin-krk.com\/wp-content\/uploads\/2022\/12\/Luxury.jpg","contentUrl":"https:\/\/malin-krk.com\/wp-content\/uploads\/2022\/12\/Luxury.jpg","width":1920,"height":1278,"caption":"Luxury mobile home"},{"@type":"BreadcrumbList","@id":"https:\/\/malin-krk.com\/en\/special-summer-offer\/#breadcrumb","itemListElement":[{"@type":"ListItem","position":1,"name":"Home","item":"https:\/\/malin-krk.com\/en\/"},{"@type":"ListItem","position":2,"name":"Special summer offer"}]},{"@type":"WebSite","@id":"https:\/\/malin-krk.com\/#website","url":"https:\/\/malin-krk.com\/","name":"Malin Krk","description":"","publisher":{"@id":"https:\/\/malin-krk.com\/#organization"},"potentialAction":[{"@type":"SearchAction","target":{"@type":"EntryPoint","urlTemplate":"https:\/\/malin-krk.com\/?s={search_term_string}"},"query-input":{"@type":"PropertyValueSpecification","valueRequired":true,"valueName":"search_term_string"}}],"inLanguage":"en-US"},{"@type":"Organization","@id":"https:\/\/malin-krk.com\/#organization","name":"Malin Krk","url":"https:\/\/malin-krk.com\/","logo":{"@type":"ImageObject","inLanguage":"en-US","@id":"https:\/\/malin-krk.com\/#\/schema\/logo\/image\/","url":"https:\/\/malin-krk.com\/wp-content\/uploads\/2024\/02\/malin-logo.jpg","contentUrl":"https:\/\/malin-krk.com\/wp-content\/uploads\/2024\/02\/malin-logo.jpg","width":280,"height":96,"caption":"Malin Krk"},"image":{"@id":"https:\/\/malin-krk.com\/#\/schema\/logo\/image\/"},"sameAs":["https:\/\/www.facebook.com\/hotelmalin\/"]}]}},"_links":{"self":[{"href":"https:\/\/malin-krk.com\/en\/wp-json\/wp\/v2\/pages\/29917","targetHints":{"allow":["GET"]}}],"collection":[{"href":"https:\/\/malin-krk.com\/en\/wp-json\/wp\/v2\/pages"}],"about":[{"href":"https:\/\/malin-krk.com\/en\/wp-json\/wp\/v2\/types\/page"}],"author":[{"embeddable":true,"href":"https:\/\/malin-krk.com\/en\/wp-json\/wp\/v2\/users\/2"}],"replies":[{"embeddable":true,"href":"https:\/\/malin-krk.com\/en\/wp-json\/wp\/v2\/comments?post=29917"}],"version-history":[{"count":5,"href":"https:\/\/malin-krk.com\/en\/wp-json\/wp\/v2\/pages\/29917\/revisions"}],"predecessor-version":[{"id":29940,"href":"https:\/\/malin-krk.com\/en\/wp-json\/wp\/v2\/pages\/29917\/revisions\/29940"}],"wp:featuredmedia":[{"embeddable":true,"href":"https:\/\/malin-krk.com\/en\/wp-json\/wp\/v2\/media\/26749"}],"wp:attachment":[{"href":"https:\/\/malin-krk.com\/en\/wp-json\/wp\/v2\/media?parent=29917"}],"curies":[{"name":"wp","href":"https:\/\/api.w.org\/{rel}","templated":true}]}}