{"id":29832,"date":"2021-03-24T20:18:03","date_gmt":"2021-03-24T19:18:03","guid":{"rendered":"https:\/\/malin-krk.com\/?page_id=29832"},"modified":"2024-06-03T10:13:11","modified_gmt":"2024-06-03T08:13:11","slug":"wellness-weekend-getaway","status":"publish","type":"page","link":"https:\/\/malin-krk.com\/en\/hotel-malin\/special-offers\/wellness-weekend-getaway\/","title":{"rendered":"Wellness Getaway"},"content":{"rendered":"<!DOCTYPE html PUBLIC \"-\/\/W3C\/\/DTD HTML 4.0 Transitional\/\/EN\" \"http:\/\/www.w3.org\/TR\/REC-html40\/loose.dtd\">\n<html><body><p><strong>Wellness Getaway<\/strong> is the perfect reason for a short trip from the city to the sea. Escape from the stress of everyday life and leave yourself with our Wellness Getaway package. The Wellness &amp; Spa Center of the Malin Hotel offers its guests a haven for rest and relaxation with its unique ambience, a place where you will experience complete revitalization of mind and body. The pool and sunny terrace offer a magnificent view of the sea while you enjoy an unforgettable wellness experience.<\/p>\n<p>&nbsp;<\/p>\n<p><strong>The offer is valid during the period: 21.05.-30.06.2024.<\/strong><\/p>\n<p>&nbsp;<\/p>\n<p><strong>Package 1 includes:<\/strong><\/p>\n<p>&bull; 2 half-boards for two people and one child up to 12 years old in <strong>a double room with a balcony<\/strong><\/p>\n<p>&bull; Soft drinks from the vending machine are included with dinner<\/p>\n<p>&bull; <strong>Unlimited free use of indoor and outdoor pool with Relax zone<\/strong><\/p>\n<p>&bull; <strong>Use of the saunas for 120 min once during the stay<\/strong> (Finnish, infrared in combination with Himalayan salt, bio sauna and steam bath) with a prior reservation (only for people over 16 years old).<\/p>\n<p>&bull; Possibility of early check-in\/late check-out at the hotel (depending on availability)<\/p>\n<p>&bull; Free wi-fi.<\/p>\n<p>&nbsp;<\/p>\n<p><strong>Package 1: Package price for 2 people and 1 child up to 12 years: 379,00 &euro;<\/strong><\/p>\n<p>&nbsp;<\/p>\n<p><strong>Surcharges on the spot:<\/strong><br>\n&bull; Suite supplement: 35,00 &euro; per day<br>\n&bull; Surcharge for a room on the sea side: 15,00 &euro; per day<br>\n&bull; Parking in the garage: 15,00 &euro; per day or 10,00 &euro; in the outdoor parking lot.<br>\n&bull; An additional night is 189,50 &euro; per day.<br>\n&bull; Third adult 50,00 &euro; per day on an extra bed.<\/p>\n<p>&nbsp;<\/p>\n<p><strong>Room description:<\/strong><\/p>\n<p><strong>Double room with balcony<\/strong> &ndash; The room is air-conditioned and equipped with SAT TV, telephone, sofa (in most rooms), writing desk, mini bar, safe and hair dryer.<\/p>\n<p>&nbsp;<\/p>\n<p>*The residence tax is 1,80 &euro; and is charged per person per night. Children up to 12 years old do not pay the residence tax, and children from 12 to 18 years old pay 50% of the price of the residence tax.<\/p>\n<p>*The package is valid for all days of the week.<\/p>\n<p>&nbsp;<\/p>\n\n\t\t\t\t\t\t<ul class='img-galerija list-inline list-unstyled fancybox-show-nav'>\n\n\t\t\t\t\t\t\t\n\t\t\t\t\t\t\t<li class=\"col-md-4 col-sm-6 col-xs-4 thumb-wrapper\">\n\t\t\t\t\t\t\t\t<a class=\"fancybox\" data-fancybox=\"group\" rel=\"group\" data-title=\"Wellness Getaway\" href=\"https:\/\/malin-krk.com\/wp-content\/uploads\/2023\/10\/IMG_2444-HDR.jpg\" data-title=\"Wellness Getaway\">\n\t\t\t\t\t\t\t\t\t<img decoding=\"async\" class=\"thumb img-responsive\" src=\"https:\/\/malin-krk.com\/wp-content\/uploads\/2023\/10\/IMG_2444-HDR-400x400.jpg\" alt=\"Wellness Getaway\">\n\t\t\t\t\t\t\t\t<\/a>\n\t\t\t\t\t\t\t<\/li>\n\n\t\t\t\t\t\t\t\n\t\t\t\t\t\t\t<li class=\"col-md-4 col-sm-6 col-xs-4 thumb-wrapper\">\n\t\t\t\t\t\t\t\t<a class=\"fancybox\" data-fancybox=\"group\" rel=\"group\" data-title=\"Wellness Getaway\" href=\"https:\/\/malin-krk.com\/wp-content\/uploads\/2021\/03\/IMG_2255-HDR.jpg\" data-title=\"Wellness Getaway\">\n\t\t\t\t\t\t\t\t\t<img decoding=\"async\" class=\"thumb img-responsive\" src=\"https:\/\/malin-krk.com\/wp-content\/uploads\/2021\/03\/IMG_2255-HDR-400x400.jpg\" alt=\"Wellness Getaway\">\n\t\t\t\t\t\t\t\t<\/a>\n\t\t\t\t\t\t\t<\/li>\n\n\t\t\t\t\t\t\t\n\t\t\t\t\t\t\t<li class=\"col-md-4 col-sm-6 col-xs-4 thumb-wrapper\">\n\t\t\t\t\t\t\t\t<a class=\"fancybox\" data-fancybox=\"group\" rel=\"group\" data-title=\"Wellness Getaway\" href=\"https:\/\/malin-krk.com\/wp-content\/uploads\/2021\/03\/IMG_5483.jpg\" data-title=\"Wellness Getaway\">\n\t\t\t\t\t\t\t\t\t<img decoding=\"async\" class=\"thumb img-responsive\" src=\"https:\/\/malin-krk.com\/wp-content\/uploads\/2021\/03\/IMG_5483-400x400.jpg\" alt=\"Wellness Getaway\">\n\t\t\t\t\t\t\t\t<\/a>\n\t\t\t\t\t\t\t<\/li>\n\n\t\t\t\t\t\t\t\t\t\t\t\t\t<\/ul>\n\t\t\t\t\t\t\n<p><strong>Package 2 includes:<\/strong><\/p>\n<p>&bull; 2 half-boards for two people and two children up to 12 years old in <strong>a suite with a balcony<\/strong><\/p>\n<p>&bull; Soft drinks from the vending machine are included with dinner<\/p>\n<p>&bull; <strong>Unlimited free use of indoor and outdoor pool with Relax zone<\/strong><\/p>\n<p>&bull; <strong>Use of the saunas for 120 min once during the stay<\/strong> (Finnish, infrared in combination with Himalayan salt, bio sauna and steam bath) with a prior reservation (only for people over 16 years old).<\/p>\n<p>&bull; Possibility of early check-in\/late check-out at the hotel (depending on availability)<\/p>\n<p>&bull; Free wi-fi.<\/p>\n<p>&nbsp;<\/p>\n<p><strong>Package 2: Package price for 2 people and 2 children up to 12 years: 479,00 &euro;<\/strong><\/p>\n<p>&nbsp;<\/p>\n<p><strong>Surcharges on the spot:<\/strong><br>\n&bull; Parking in the garage: 15,00 &euro; per day or 10,00 &euro; in the outdoor parking lot.<br>\n&bull; An additional night is 239,50 &euro; per day.<br>\n&bull; Third adult 50,00 &euro; per day on an extra bed.<\/p>\n<p>&nbsp;<\/p>\n<p><strong>Room description:<\/strong><\/p>\n<p><strong>The suite<\/strong> with a balcony is decorated very elegantly, with furniture and equipment of the highest quality. All suites have a spacious balcony, and some are facing the sea. It consists of a bedroom with a double bed and a living room with a sofa bed. The bathroom with shower or bathtub offers hotel cosmetics and a hair dryer. The room is air-conditioned and equipped with SAT TV, telephone, sofa, desk, safe.<\/p>\n<p>&nbsp;<\/p>\n<p>*The residence tax is 1,80 &euro; and is charged per person per night. Children up to 12 years old do not pay the residence tax, and children from 12 to 18 years old pay 50% of the price of the residence tax.<\/p>\n<p>*The package is valid for all days of the week.<\/p>\n<p>&nbsp;<\/p>\n<p><strong>INFO &amp; RESERVATIONS:<\/strong><\/p>\n<p><strong>T: 00 385 (0)51 850 129 \/ 00385 (0)51 850 200<\/strong><br>\n<strong>E: reservations@hotelmalin.com<\/strong><\/p>\n\n\t\t\t\t\t\t<ul class='img-galerija list-inline list-unstyled fancybox-show-nav'>\n\n\t\t\t\t\t\t\t\n\t\t\t\t\t\t\t<li class=\"col-md-4 col-sm-6 col-xs-4 thumb-wrapper\">\n\t\t\t\t\t\t\t\t<a class=\"fancybox\" data-fancybox=\"group\" rel=\"group\" data-title=\"Wellness Getaway\" href=\"https:\/\/malin-krk.com\/wp-content\/uploads\/2021\/03\/Hotel-Malin-panorama-20.jpg\" data-title=\"Wellness Getaway\">\n\t\t\t\t\t\t\t\t\t<img decoding=\"async\" class=\"thumb img-responsive\" src=\"https:\/\/malin-krk.com\/wp-content\/uploads\/2021\/03\/Hotel-Malin-panorama-20-400x400.jpg\" alt=\"Wellness Getaway\">\n\t\t\t\t\t\t\t\t<\/a>\n\t\t\t\t\t\t\t<\/li>\n\n\t\t\t\t\t\t\t\n\t\t\t\t\t\t\t<li class=\"col-md-4 col-sm-6 col-xs-4 thumb-wrapper\">\n\t\t\t\t\t\t\t\t<a class=\"fancybox\" data-fancybox=\"group\" rel=\"group\" data-title=\"Hotel Malin\" href=\"https:\/\/malin-krk.com\/wp-content\/uploads\/2023\/01\/hotel-malin-panorama-21-v2.jpg\" data-title=\"Hotel Malin\">\n\t\t\t\t\t\t\t\t\t<img decoding=\"async\" class=\"thumb img-responsive\" src=\"https:\/\/malin-krk.com\/wp-content\/uploads\/2023\/01\/hotel-malin-panorama-21-v2-400x400.jpg\" alt=\"Hotel Malin\">\n\t\t\t\t\t\t\t\t<\/a>\n\t\t\t\t\t\t\t<\/li>\n\n\t\t\t\t\t\t\t\n\t\t\t\t\t\t\t<li class=\"col-md-4 col-sm-6 col-xs-4 thumb-wrapper\">\n\t\t\t\t\t\t\t\t<a class=\"fancybox\" data-fancybox=\"group\" rel=\"group\" data-title=\"bazen\" href=\"https:\/\/malin-krk.com\/wp-content\/uploads\/2021\/03\/IMG_2332-HDR.jpg\" data-title=\"bazen\">\n\t\t\t\t\t\t\t\t\t<img decoding=\"async\" class=\"thumb img-responsive\" src=\"https:\/\/malin-krk.com\/wp-content\/uploads\/2021\/03\/IMG_2332-HDR-400x400.jpg\" alt=\"bazen\">\n\t\t\t\t\t\t\t\t<\/a>\n\t\t\t\t\t\t\t<\/li>\n\n\t\t\t\t\t\t\t\n\t\t\t\t\t\t\t<li class=\"col-md-4 col-sm-6 col-xs-4 thumb-wrapper\">\n\t\t\t\t\t\t\t\t<a class=\"fancybox\" data-fancybox=\"group\" rel=\"group\" data-title=\"Wellness Getaway\" href=\"https:\/\/malin-krk.com\/wp-content\/uploads\/2021\/03\/IMG_2423-HDR.jpg\" data-title=\"Wellness Getaway\">\n\t\t\t\t\t\t\t\t\t<img decoding=\"async\" class=\"thumb img-responsive\" src=\"https:\/\/malin-krk.com\/wp-content\/uploads\/2021\/03\/IMG_2423-HDR-400x400.jpg\" alt=\"Wellness Getaway\">\n\t\t\t\t\t\t\t\t<\/a>\n\t\t\t\t\t\t\t<\/li>\n\n\t\t\t\t\t\t\t\n\t\t\t\t\t\t\t<li class=\"col-md-4 col-sm-6 col-xs-4 thumb-wrapper\">\n\t\t\t\t\t\t\t\t<a class=\"fancybox\" data-fancybox=\"group\" rel=\"group\" data-title=\"Wellness Getaway\" href=\"https:\/\/malin-krk.com\/wp-content\/uploads\/2023\/03\/Malin-15-1024x740-2.jpg\" data-title=\"Wellness Getaway\">\n\t\t\t\t\t\t\t\t\t<img decoding=\"async\" class=\"thumb img-responsive\" src=\"https:\/\/malin-krk.com\/wp-content\/uploads\/2023\/03\/Malin-15-1024x740-2-400x400.jpg\" alt=\"Wellness Getaway\">\n\t\t\t\t\t\t\t\t<\/a>\n\t\t\t\t\t\t\t<\/li>\n\n\t\t\t\t\t\t\t\n\t\t\t\t\t\t\t<li class=\"col-md-4 col-sm-6 col-xs-4 thumb-wrapper\">\n\t\t\t\t\t\t\t\t<a class=\"fancybox\" data-fancybox=\"group\" rel=\"group\" data-title=\"Wellness Getaway\" href=\"https:\/\/malin-krk.com\/wp-content\/uploads\/2023\/02\/S2S-Standard-double-room-1.jpg\" data-title=\"Wellness Getaway\">\n\t\t\t\t\t\t\t\t\t<img decoding=\"async\" class=\"thumb img-responsive\" src=\"https:\/\/malin-krk.com\/wp-content\/uploads\/2023\/02\/S2S-Standard-double-room-1-400x400.jpg\" alt=\"Wellness Getaway\">\n\t\t\t\t\t\t\t\t<\/a>\n\t\t\t\t\t\t\t<\/li>\n\n\t\t\t\t\t\t\t\t\t\t\t\t\t<\/ul>\n\t\t\t\t\t\t\n<h4 style=\"text-align: center;\">&nbsp;<\/h4>\n<div class=\"content__wp-gallery\">\n\n     \t \n\n<\/div>\n\n<div class=\"wpcf7 no-js\" id=\"wpcf7-f858-o1\" lang=\"hr-HR\" dir=\"ltr\" data-wpcf7-id=\"858\">\n<div class=\"screen-reader-response\"><p role=\"status\" aria-live=\"polite\" aria-atomic=\"true\"><\/p> <ul><\/ul><\/div>\n<form action=\"\/en\/wp-json\/wp\/v2\/pages\/29832#wpcf7-f858-o1\" method=\"post\" class=\"wpcf7-form init\" aria-label=\"Contact form\" novalidate=\"novalidate\" data-status=\"init\">\n<fieldset class=\"hidden-fields-container\"><input type=\"hidden\" name=\"_wpcf7\" value=\"858\" \/><input type=\"hidden\" name=\"_wpcf7_version\" value=\"6.1.5\" \/><input type=\"hidden\" name=\"_wpcf7_locale\" value=\"hr_HR\" \/><input type=\"hidden\" name=\"_wpcf7_unit_tag\" value=\"wpcf7-f858-o1\" \/><input type=\"hidden\" name=\"_wpcf7_container_post\" value=\"0\" \/><input type=\"hidden\" name=\"_wpcf7_posted_data_hash\" value=\"\" \/>\n<\/fieldset>\n<p><label>Ime i prezime*<br \/>\n<span class=\"wpcf7-form-control-wrap\" data-name=\"your-name\"><input size=\"40\" maxlength=\"400\" class=\"wpcf7-form-control wpcf7-text wpcf7-validates-as-required\" aria-required=\"true\" aria-invalid=\"false\" value=\"\" type=\"text\" name=\"your-name\" \/><\/span> <\/label>\n<\/p>\n<p><label>Email*<br \/>\n<span class=\"wpcf7-form-control-wrap\" data-name=\"your-email\"><input size=\"40\" maxlength=\"400\" class=\"wpcf7-form-control wpcf7-email wpcf7-validates-as-required wpcf7-text wpcf7-validates-as-email\" aria-required=\"true\" aria-invalid=\"false\" value=\"\" type=\"email\" name=\"your-email\" \/><\/span> <\/label>\n<\/p>\n<p><label>Predmet<br \/>\n<span class=\"wpcf7-form-control-wrap\" data-name=\"your-subject\"><input size=\"40\" maxlength=\"400\" class=\"wpcf7-form-control wpcf7-text wpcf7-validates-as-required\" aria-required=\"true\" aria-invalid=\"false\" value=\"\" type=\"text\" name=\"your-subject\" \/><\/span> <\/label>\n<\/p>\n<p><label>Poruka*<br \/>\n<span class=\"wpcf7-form-control-wrap\" data-name=\"your-message\"><textarea cols=\"40\" rows=\"10\" maxlength=\"2000\" class=\"wpcf7-form-control wpcf7-textarea wpcf7-validates-as-required\" aria-required=\"true\" aria-invalid=\"false\" name=\"your-message\"><\/textarea><\/span> <\/label>\n<\/p>\n<p><label>Primatelj poruke<br \/>\n<span class=\"wpcf7-form-control-wrap\" data-name=\"your-recipient\"><select class=\"wpcf7-form-control wpcf7-select wpcf7-validates-as-required\" aria-required=\"true\" aria-invalid=\"false\" name=\"your-recipient\"><option value=\"\">&#8212;Please choose an option&#8212;<\/option><option value=\"Hotel Malin\">Hotel Malin<\/option><option value=\"Vile i apartmani\">Vile i apartmani<\/option><option value=\"Mobilne ku\u0107ice\">Mobilne ku\u0107ice<\/option><option value=\"Kamp Tiha \u0160ilo\">Kamp Tiha \u0160ilo<\/option><\/select><\/span><\/label>\n<\/p>\n<p><label>Captcha<br \/>\n<input type=\"hidden\" name=\"_wpcf7_captcha_challenge_captcha-1\" value=\"1818408283\" \/><img decoding=\"async\" class=\"wpcf7-form-control wpcf7-captchac wpcf7-captcha-captcha-1\" width=\"84\" height=\"28\" alt=\"captcha\" src=\"https:\/\/malin-krk.com\/wp-content\/uploads\/wpcf7_captcha\/1818408283.png\" \/><span class=\"wpcf7-form-control-wrap\" data-name=\"captcha-1\"><input size=\"40\" maxlength=\"100\" class=\"wpcf7-form-control wpcf7-captchar\" autocomplete=\"off\" aria-invalid=\"false\" placeholder=\"Upi\u0161ite znakove\" value=\"\" type=\"text\" name=\"captcha-1\" \/><\/span><br \/>\n<\/label>\n<\/p>\n<p><span class=\"wpcf7-form-control-wrap\" data-name=\"your-consent\"><span class=\"wpcf7-form-control wpcf7-acceptance\"><span class=\"wpcf7-list-item\"><label><input type=\"checkbox\" name=\"your-consent\" value=\"1\" aria-invalid=\"false\" \/><span class=\"wpcf7-list-item-label\">Molimo ozna\u010dite kako biste pristali na spremanje va\u0161ih podataka u skladu sa smjernicama navedenim u na\u0161oj izjavi o <a href=\"https:\/\/malin-krk.com\/pravila-koristenja\/\">privatnosti podataka<\/a><\/span><\/label><\/span><\/span><\/span>\n<\/p>\n<p><input class=\"wpcf7-form-control wpcf7-submit has-spinner btn\" type=\"submit\" value=\"Po\u0161aljite\" \/>\n<\/p><div class=\"wpcf7-response-output\" aria-hidden=\"true\"><\/div>\n<\/form>\n<\/div>\n\n<\/body><\/html>\n","protected":false},"excerpt":{"rendered":"<p>Wellness Getaway is the perfect reason for a short trip from the city to the sea. Escape from the stress of everyday life and leave yourself with our Wellness Getaway package. The Wellness &amp; Spa Center of the Malin Hotel offers its guests a haven for rest and relaxation with its unique ambience, a place [&hellip;]<\/p>\n","protected":false},"author":2,"featured_media":28542,"parent":966,"menu_order":0,"comment_status":"closed","ping_status":"closed","template":"","meta":{"_acf_changed":false,"footnotes":""},"class_list":["post-29832","page","type-page","status-publish","has-post-thumbnail","hentry"],"acf":[],"yoast_head":"<!-- This site is optimized with the Yoast SEO plugin v27.5 - https:\/\/yoast.com\/product\/yoast-seo-wordpress\/ -->\n<title>Wellness Getaway - Malin Krk<\/title>\n<meta name=\"description\" content=\"Wellness Getaway is the perfect reason for a short trip from the city to the sea. Escape from the stress of everyday life and relax with our exclusive package.\" \/>\n<meta name=\"robots\" content=\"index, follow, max-snippet:-1, max-image-preview:large, max-video-preview:-1\" \/>\n<link rel=\"canonical\" href=\"https:\/\/malin-krk.com\/en\/hotel-malin\/special-offers\/wellness-weekend-getaway\/\" \/>\n<meta property=\"og:locale\" content=\"en_US\" \/>\n<meta property=\"og:type\" content=\"article\" \/>\n<meta property=\"og:title\" content=\"Wellness Getaway - Malin Krk\" \/>\n<meta property=\"og:description\" content=\"Wellness Getaway is the perfect reason for a short trip from the city to the sea. Escape from the stress of everyday life and relax with our exclusive package.\" \/>\n<meta property=\"og:url\" content=\"https:\/\/malin-krk.com\/en\/hotel-malin\/special-offers\/wellness-weekend-getaway\/\" \/>\n<meta property=\"og:site_name\" content=\"Malin Krk\" \/>\n<meta property=\"article:publisher\" content=\"https:\/\/www.facebook.com\/hotelmalin\/\" \/>\n<meta property=\"article:modified_time\" content=\"2024-06-03T08:13:11+00:00\" \/>\n<meta property=\"og:image\" content=\"https:\/\/malin-krk.com\/wp-content\/uploads\/2023\/10\/IMG_2374-HDR.jpg\" \/>\n\t<meta property=\"og:image:width\" content=\"2300\" \/>\n\t<meta property=\"og:image:height\" content=\"1533\" \/>\n\t<meta property=\"og:image:type\" content=\"image\/jpeg\" \/>\n<meta name=\"twitter:card\" content=\"summary_large_image\" \/>\n<script type=\"application\/ld+json\" class=\"yoast-schema-graph\">{\"@context\":\"https:\\\/\\\/schema.org\",\"@graph\":[{\"@type\":\"WebPage\",\"@id\":\"https:\\\/\\\/malin-krk.com\\\/en\\\/hotel-malin\\\/special-offers\\\/wellness-weekend-getaway\\\/\",\"url\":\"https:\\\/\\\/malin-krk.com\\\/en\\\/hotel-malin\\\/special-offers\\\/wellness-weekend-getaway\\\/\",\"name\":\"Wellness Getaway - Malin Krk\",\"isPartOf\":{\"@id\":\"https:\\\/\\\/malin-krk.com\\\/#website\"},\"primaryImageOfPage\":{\"@id\":\"https:\\\/\\\/malin-krk.com\\\/en\\\/hotel-malin\\\/special-offers\\\/wellness-weekend-getaway\\\/#primaryimage\"},\"image\":{\"@id\":\"https:\\\/\\\/malin-krk.com\\\/en\\\/hotel-malin\\\/special-offers\\\/wellness-weekend-getaway\\\/#primaryimage\"},\"thumbnailUrl\":\"https:\\\/\\\/malin-krk.com\\\/wp-content\\\/uploads\\\/2023\\\/10\\\/IMG_2374-HDR.jpg\",\"datePublished\":\"2021-03-24T19:18:03+00:00\",\"dateModified\":\"2024-06-03T08:13:11+00:00\",\"description\":\"Wellness Getaway is the perfect reason for a short trip from the city to the sea. Escape from the stress of everyday life and relax with our exclusive package.\",\"breadcrumb\":{\"@id\":\"https:\\\/\\\/malin-krk.com\\\/en\\\/hotel-malin\\\/special-offers\\\/wellness-weekend-getaway\\\/#breadcrumb\"},\"inLanguage\":\"en-US\",\"potentialAction\":[{\"@type\":\"ReadAction\",\"target\":[\"https:\\\/\\\/malin-krk.com\\\/en\\\/hotel-malin\\\/special-offers\\\/wellness-weekend-getaway\\\/\"]}]},{\"@type\":\"ImageObject\",\"inLanguage\":\"en-US\",\"@id\":\"https:\\\/\\\/malin-krk.com\\\/en\\\/hotel-malin\\\/special-offers\\\/wellness-weekend-getaway\\\/#primaryimage\",\"url\":\"https:\\\/\\\/malin-krk.com\\\/wp-content\\\/uploads\\\/2023\\\/10\\\/IMG_2374-HDR.jpg\",\"contentUrl\":\"https:\\\/\\\/malin-krk.com\\\/wp-content\\\/uploads\\\/2023\\\/10\\\/IMG_2374-HDR.jpg\",\"width\":2300,\"height\":1533},{\"@type\":\"BreadcrumbList\",\"@id\":\"https:\\\/\\\/malin-krk.com\\\/en\\\/hotel-malin\\\/special-offers\\\/wellness-weekend-getaway\\\/#breadcrumb\",\"itemListElement\":[{\"@type\":\"ListItem\",\"position\":1,\"name\":\"Home\",\"item\":\"https:\\\/\\\/malin-krk.com\\\/en\\\/\"},{\"@type\":\"ListItem\",\"position\":2,\"name\":\"Hotel Malin\",\"item\":\"https:\\\/\\\/malin-krk.com\\\/en\\\/hotel-malin\\\/\"},{\"@type\":\"ListItem\",\"position\":3,\"name\":\"Special offers\",\"item\":\"https:\\\/\\\/malin-krk.com\\\/en\\\/hotel-malin\\\/special-offers\\\/\"},{\"@type\":\"ListItem\",\"position\":4,\"name\":\"Wellness Getaway\"}]},{\"@type\":\"WebSite\",\"@id\":\"https:\\\/\\\/malin-krk.com\\\/#website\",\"url\":\"https:\\\/\\\/malin-krk.com\\\/\",\"name\":\"Malin Krk\",\"description\":\"\",\"publisher\":{\"@id\":\"https:\\\/\\\/malin-krk.com\\\/#organization\"},\"potentialAction\":[{\"@type\":\"SearchAction\",\"target\":{\"@type\":\"EntryPoint\",\"urlTemplate\":\"https:\\\/\\\/malin-krk.com\\\/?s={search_term_string}\"},\"query-input\":{\"@type\":\"PropertyValueSpecification\",\"valueRequired\":true,\"valueName\":\"search_term_string\"}}],\"inLanguage\":\"en-US\"},{\"@type\":\"Organization\",\"@id\":\"https:\\\/\\\/malin-krk.com\\\/#organization\",\"name\":\"Malin Krk\",\"url\":\"https:\\\/\\\/malin-krk.com\\\/\",\"logo\":{\"@type\":\"ImageObject\",\"inLanguage\":\"en-US\",\"@id\":\"https:\\\/\\\/malin-krk.com\\\/#\\\/schema\\\/logo\\\/image\\\/\",\"url\":\"https:\\\/\\\/malin-krk.com\\\/wp-content\\\/uploads\\\/2024\\\/02\\\/malin-logo.jpg\",\"contentUrl\":\"https:\\\/\\\/malin-krk.com\\\/wp-content\\\/uploads\\\/2024\\\/02\\\/malin-logo.jpg\",\"width\":280,\"height\":96,\"caption\":\"Malin Krk\"},\"image\":{\"@id\":\"https:\\\/\\\/malin-krk.com\\\/#\\\/schema\\\/logo\\\/image\\\/\"},\"sameAs\":[\"https:\\\/\\\/www.facebook.com\\\/hotelmalin\\\/\"]}]}<\/script>\n<!-- \/ Yoast SEO plugin. -->","yoast_head_json":{"title":"Wellness Getaway - Malin Krk","description":"Wellness Getaway is the perfect reason for a short trip from the city to the sea. Escape from the stress of everyday life and relax with our exclusive package.","robots":{"index":"index","follow":"follow","max-snippet":"max-snippet:-1","max-image-preview":"max-image-preview:large","max-video-preview":"max-video-preview:-1"},"canonical":"https:\/\/malin-krk.com\/en\/hotel-malin\/special-offers\/wellness-weekend-getaway\/","og_locale":"en_US","og_type":"article","og_title":"Wellness Getaway - Malin Krk","og_description":"Wellness Getaway is the perfect reason for a short trip from the city to the sea. Escape from the stress of everyday life and relax with our exclusive package.","og_url":"https:\/\/malin-krk.com\/en\/hotel-malin\/special-offers\/wellness-weekend-getaway\/","og_site_name":"Malin Krk","article_publisher":"https:\/\/www.facebook.com\/hotelmalin\/","article_modified_time":"2024-06-03T08:13:11+00:00","og_image":[{"width":2300,"height":1533,"url":"https:\/\/malin-krk.com\/wp-content\/uploads\/2023\/10\/IMG_2374-HDR.jpg","type":"image\/jpeg"}],"twitter_card":"summary_large_image","schema":{"@context":"https:\/\/schema.org","@graph":[{"@type":"WebPage","@id":"https:\/\/malin-krk.com\/en\/hotel-malin\/special-offers\/wellness-weekend-getaway\/","url":"https:\/\/malin-krk.com\/en\/hotel-malin\/special-offers\/wellness-weekend-getaway\/","name":"Wellness Getaway - Malin Krk","isPartOf":{"@id":"https:\/\/malin-krk.com\/#website"},"primaryImageOfPage":{"@id":"https:\/\/malin-krk.com\/en\/hotel-malin\/special-offers\/wellness-weekend-getaway\/#primaryimage"},"image":{"@id":"https:\/\/malin-krk.com\/en\/hotel-malin\/special-offers\/wellness-weekend-getaway\/#primaryimage"},"thumbnailUrl":"https:\/\/malin-krk.com\/wp-content\/uploads\/2023\/10\/IMG_2374-HDR.jpg","datePublished":"2021-03-24T19:18:03+00:00","dateModified":"2024-06-03T08:13:11+00:00","description":"Wellness Getaway is the perfect reason for a short trip from the city to the sea. Escape from the stress of everyday life and relax with our exclusive package.","breadcrumb":{"@id":"https:\/\/malin-krk.com\/en\/hotel-malin\/special-offers\/wellness-weekend-getaway\/#breadcrumb"},"inLanguage":"en-US","potentialAction":[{"@type":"ReadAction","target":["https:\/\/malin-krk.com\/en\/hotel-malin\/special-offers\/wellness-weekend-getaway\/"]}]},{"@type":"ImageObject","inLanguage":"en-US","@id":"https:\/\/malin-krk.com\/en\/hotel-malin\/special-offers\/wellness-weekend-getaway\/#primaryimage","url":"https:\/\/malin-krk.com\/wp-content\/uploads\/2023\/10\/IMG_2374-HDR.jpg","contentUrl":"https:\/\/malin-krk.com\/wp-content\/uploads\/2023\/10\/IMG_2374-HDR.jpg","width":2300,"height":1533},{"@type":"BreadcrumbList","@id":"https:\/\/malin-krk.com\/en\/hotel-malin\/special-offers\/wellness-weekend-getaway\/#breadcrumb","itemListElement":[{"@type":"ListItem","position":1,"name":"Home","item":"https:\/\/malin-krk.com\/en\/"},{"@type":"ListItem","position":2,"name":"Hotel Malin","item":"https:\/\/malin-krk.com\/en\/hotel-malin\/"},{"@type":"ListItem","position":3,"name":"Special offers","item":"https:\/\/malin-krk.com\/en\/hotel-malin\/special-offers\/"},{"@type":"ListItem","position":4,"name":"Wellness Getaway"}]},{"@type":"WebSite","@id":"https:\/\/malin-krk.com\/#website","url":"https:\/\/malin-krk.com\/","name":"Malin Krk","description":"","publisher":{"@id":"https:\/\/malin-krk.com\/#organization"},"potentialAction":[{"@type":"SearchAction","target":{"@type":"EntryPoint","urlTemplate":"https:\/\/malin-krk.com\/?s={search_term_string}"},"query-input":{"@type":"PropertyValueSpecification","valueRequired":true,"valueName":"search_term_string"}}],"inLanguage":"en-US"},{"@type":"Organization","@id":"https:\/\/malin-krk.com\/#organization","name":"Malin Krk","url":"https:\/\/malin-krk.com\/","logo":{"@type":"ImageObject","inLanguage":"en-US","@id":"https:\/\/malin-krk.com\/#\/schema\/logo\/image\/","url":"https:\/\/malin-krk.com\/wp-content\/uploads\/2024\/02\/malin-logo.jpg","contentUrl":"https:\/\/malin-krk.com\/wp-content\/uploads\/2024\/02\/malin-logo.jpg","width":280,"height":96,"caption":"Malin Krk"},"image":{"@id":"https:\/\/malin-krk.com\/#\/schema\/logo\/image\/"},"sameAs":["https:\/\/www.facebook.com\/hotelmalin\/"]}]}},"_links":{"self":[{"href":"https:\/\/malin-krk.com\/en\/wp-json\/wp\/v2\/pages\/29832","targetHints":{"allow":["GET"]}}],"collection":[{"href":"https:\/\/malin-krk.com\/en\/wp-json\/wp\/v2\/pages"}],"about":[{"href":"https:\/\/malin-krk.com\/en\/wp-json\/wp\/v2\/types\/page"}],"author":[{"embeddable":true,"href":"https:\/\/malin-krk.com\/en\/wp-json\/wp\/v2\/users\/2"}],"replies":[{"embeddable":true,"href":"https:\/\/malin-krk.com\/en\/wp-json\/wp\/v2\/comments?post=29832"}],"version-history":[{"count":6,"href":"https:\/\/malin-krk.com\/en\/wp-json\/wp\/v2\/pages\/29832\/revisions"}],"predecessor-version":[{"id":30114,"href":"https:\/\/malin-krk.com\/en\/wp-json\/wp\/v2\/pages\/29832\/revisions\/30114"}],"up":[{"embeddable":true,"href":"https:\/\/malin-krk.com\/en\/wp-json\/wp\/v2\/pages\/966"}],"wp:featuredmedia":[{"embeddable":true,"href":"https:\/\/malin-krk.com\/en\/wp-json\/wp\/v2\/media\/28542"}],"wp:attachment":[{"href":"https:\/\/malin-krk.com\/en\/wp-json\/wp\/v2\/media?parent=29832"}],"curies":[{"name":"wp","href":"https:\/\/api.w.org\/{rel}","templated":true}]}}