{"id":29658,"date":"2024-04-16T10:33:29","date_gmt":"2024-04-16T08:33:29","guid":{"rendered":"https:\/\/malin-krk.com\/?page_id=29658"},"modified":"2024-06-27T15:42:11","modified_gmt":"2024-06-27T13:42:11","slug":"special-offer-for-stays-from-min-7-nights-at-camp-tiha","status":"publish","type":"page","link":"https:\/\/malin-krk.com\/en\/special-offer-for-stays-from-min-7-nights-at-camp-tiha\/","title":{"rendered":"Special offer for stays from min. 7 nights at camp Tiha"},"content":{"rendered":"<!DOCTYPE html PUBLIC \"-\/\/W3C\/\/DTD HTML 4.0 Transitional\/\/EN\" \"http:\/\/www.w3.org\/TR\/REC-html40\/loose.dtd\">\n<html><body><p>Book your stay in a mobile home with a unique view of the Vinodol canal.<\/p>\n<p>A stay in newly renovated mobile homes by the sea will delight you with the original interiors, and will also offer a completely new view of the summer colors of Vinodol and Crikvenica area. Luxuriously furnished and decorated in a Mediterranean style, the Tiha &Scaron;ilo mobile homes are ideal for a family stay. Each mobile home has a spacious terrace, a kitchen with a living room, 2 bedrooms and a bathroom and offers the complete comfort of a home or a hotel room just a few meters from the sea.<\/p>\n<p>&nbsp;<\/p>\n<p><strong>Save with this special offer:<\/strong><\/p>\n<ul>\n<li><strong>20% discount<\/strong> for a minimum stay of 7 nights<\/li>\n<li>Free cancellation of reservation up to 7 days before arrival<\/li>\n<\/ul>\n<p>&nbsp;<\/p>\n<p><strong>The offer is valid during:<\/strong><\/p>\n<p>15.04.2024. &ndash; 15.07.2024. \/ 09.09.2024. &ndash; 03.11.2024.<\/p>\n<p>&nbsp;<\/p>\n<p>*A 30% advance payment is required to confirm the reservation.<\/p>\n<p>* Refund of advance payment in case of cancellation of reservation up to 7 days before arrival.<\/p>\n<p>&nbsp;<\/p>\n<p><img decoding=\"async\" class=\"aligncenter  wp-image-29660\" src=\"https:\/\/malin-krk.com\/wp-content\/uploads\/2024\/04\/Weekly-stay-kamp-1-300x212.png\" alt=\"Weekly stay camp Tiha\" width=\"731\" height=\"516\" srcset=\"https:\/\/malin-krk.com\/wp-content\/uploads\/2024\/04\/Weekly-stay-kamp-1-300x212.png 300w, https:\/\/malin-krk.com\/wp-content\/uploads\/2024\/04\/Weekly-stay-kamp-1-1024x724.png 1024w, https:\/\/malin-krk.com\/wp-content\/uploads\/2024\/04\/Weekly-stay-kamp-1-768x543.png 768w, https:\/\/malin-krk.com\/wp-content\/uploads\/2024\/04\/Weekly-stay-kamp-1-1536x1086.png 1536w, https:\/\/malin-krk.com\/wp-content\/uploads\/2024\/04\/Weekly-stay-kamp-1.png 2000w\" sizes=\"(max-width: 731px) 100vw, 731px\" \/><\/p>\n<p>&nbsp;<\/p>\n<p>The offer is valid for all types of mobile homes.<\/p>\n<p>&nbsp;<\/p>\n<div class=\"text-center\"><a href=\"https:\/\/malin-krk.book-official-website.com\/book.php?page=cross_selling&#038;companyid=299&#038;checkin=2024-06-01&#038;checkout=2024-06-02&#038;ibelang=en&#038;ibecurrency=EUR&#038;ptype=mobilehomes&#038;crcid=5a45d1c98db2e0f2622cbf1d7c18e752&#038;cookie_consent=1\" class=\"btn btn-primary btn-primary--secondary color-white soba__btn btn--rezervacija\"><span>CLICK AND BOOK<\/span><\/a><\/div>\n<p>&nbsp;<\/p>\n\n<div class=\"wpcf7 no-js\" id=\"wpcf7-f858-o1\" lang=\"hr-HR\" dir=\"ltr\" data-wpcf7-id=\"858\">\n<div class=\"screen-reader-response\"><p role=\"status\" aria-live=\"polite\" aria-atomic=\"true\"><\/p> <ul><\/ul><\/div>\n<form action=\"\/en\/wp-json\/wp\/v2\/pages\/29658#wpcf7-f858-o1\" method=\"post\" class=\"wpcf7-form init\" aria-label=\"Contact form\" novalidate=\"novalidate\" data-status=\"init\">\n<fieldset class=\"hidden-fields-container\"><input type=\"hidden\" name=\"_wpcf7\" value=\"858\" \/><input type=\"hidden\" name=\"_wpcf7_version\" value=\"6.1.5\" \/><input type=\"hidden\" name=\"_wpcf7_locale\" value=\"hr_HR\" \/><input type=\"hidden\" name=\"_wpcf7_unit_tag\" value=\"wpcf7-f858-o1\" \/><input type=\"hidden\" name=\"_wpcf7_container_post\" value=\"0\" \/><input type=\"hidden\" name=\"_wpcf7_posted_data_hash\" value=\"\" \/>\n<\/fieldset>\n<p><label>Ime i prezime*<br \/>\n<span class=\"wpcf7-form-control-wrap\" data-name=\"your-name\"><input size=\"40\" maxlength=\"400\" class=\"wpcf7-form-control wpcf7-text wpcf7-validates-as-required\" aria-required=\"true\" aria-invalid=\"false\" value=\"\" type=\"text\" name=\"your-name\" \/><\/span> <\/label>\n<\/p>\n<p><label>Email*<br \/>\n<span class=\"wpcf7-form-control-wrap\" data-name=\"your-email\"><input size=\"40\" maxlength=\"400\" class=\"wpcf7-form-control wpcf7-email wpcf7-validates-as-required wpcf7-text wpcf7-validates-as-email\" aria-required=\"true\" aria-invalid=\"false\" value=\"\" type=\"email\" name=\"your-email\" \/><\/span> <\/label>\n<\/p>\n<p><label>Predmet<br \/>\n<span class=\"wpcf7-form-control-wrap\" data-name=\"your-subject\"><input size=\"40\" maxlength=\"400\" class=\"wpcf7-form-control wpcf7-text wpcf7-validates-as-required\" aria-required=\"true\" aria-invalid=\"false\" value=\"\" type=\"text\" name=\"your-subject\" \/><\/span> <\/label>\n<\/p>\n<p><label>Poruka*<br \/>\n<span class=\"wpcf7-form-control-wrap\" data-name=\"your-message\"><textarea cols=\"40\" rows=\"10\" maxlength=\"2000\" class=\"wpcf7-form-control wpcf7-textarea wpcf7-validates-as-required\" aria-required=\"true\" aria-invalid=\"false\" name=\"your-message\"><\/textarea><\/span> <\/label>\n<\/p>\n<p><label>Primatelj poruke<br \/>\n<span class=\"wpcf7-form-control-wrap\" data-name=\"your-recipient\"><select class=\"wpcf7-form-control wpcf7-select wpcf7-validates-as-required\" aria-required=\"true\" aria-invalid=\"false\" name=\"your-recipient\"><option value=\"\">&#8212;Please choose an option&#8212;<\/option><option value=\"Hotel Malin\">Hotel Malin<\/option><option value=\"Vile i apartmani\">Vile i apartmani<\/option><option value=\"Mobilne ku\u0107ice\">Mobilne ku\u0107ice<\/option><option value=\"Kamp Tiha \u0160ilo\">Kamp Tiha \u0160ilo<\/option><\/select><\/span><\/label>\n<\/p>\n<p><label>Captcha<br \/>\n<input type=\"hidden\" name=\"_wpcf7_captcha_challenge_captcha-1\" value=\"4202934505\" \/><img decoding=\"async\" class=\"wpcf7-form-control wpcf7-captchac wpcf7-captcha-captcha-1\" width=\"84\" height=\"28\" alt=\"captcha\" src=\"https:\/\/malin-krk.com\/wp-content\/uploads\/wpcf7_captcha\/4202934505.png\" \/><span class=\"wpcf7-form-control-wrap\" data-name=\"captcha-1\"><input size=\"40\" maxlength=\"100\" class=\"wpcf7-form-control wpcf7-captchar\" autocomplete=\"off\" aria-invalid=\"false\" placeholder=\"Upi\u0161ite znakove\" value=\"\" type=\"text\" name=\"captcha-1\" \/><\/span><br \/>\n<\/label>\n<\/p>\n<p><span class=\"wpcf7-form-control-wrap\" data-name=\"your-consent\"><span class=\"wpcf7-form-control wpcf7-acceptance\"><span class=\"wpcf7-list-item\"><label><input type=\"checkbox\" name=\"your-consent\" value=\"1\" aria-invalid=\"false\" \/><span class=\"wpcf7-list-item-label\">Molimo ozna\u010dite kako biste pristali na spremanje va\u0161ih podataka u skladu sa smjernicama navedenim u na\u0161oj izjavi o <a href=\"https:\/\/malin-krk.com\/pravila-koristenja\/\">privatnosti podataka<\/a><\/span><\/label><\/span><\/span><\/span>\n<\/p>\n<p><input class=\"wpcf7-form-control wpcf7-submit has-spinner btn\" type=\"submit\" value=\"Po\u0161aljite\" \/>\n<\/p><div class=\"wpcf7-response-output\" aria-hidden=\"true\"><\/div>\n<\/form>\n<\/div>\n\n<p>&nbsp;<\/p>\n\n\t\t\t\t\t\t<ul class='img-galerija list-inline list-unstyled fancybox-show-nav'>\n\n\t\t\t\t\t\t\t\n\t\t\t\t\t\t\t<li class=\"col-md-4 col-sm-6 col-xs-4 thumb-wrapper\">\n\t\t\t\t\t\t\t\t<a class=\"fancybox\" data-fancybox=\"group\" rel=\"group\" data-title=\"Special offer for stays from min. 7 nights at camp Tiha\" href=\"https:\/\/malin-krk.com\/wp-content\/uploads\/2020\/06\/KAMP_SILO-0005-1.jpg\" data-title=\"Special offer for stays from min. 7 nights at camp Tiha\">\n\t\t\t\t\t\t\t\t\t<img decoding=\"async\" class=\"thumb img-responsive\" src=\"https:\/\/malin-krk.com\/wp-content\/uploads\/2020\/06\/KAMP_SILO-0005-1-400x400.jpg\" alt=\"Special offer for stays from min. 7 nights at camp Tiha\">\n\t\t\t\t\t\t\t\t<\/a>\n\t\t\t\t\t\t\t<\/li>\n\n\t\t\t\t\t\t\t\n\t\t\t\t\t\t\t<li class=\"col-md-4 col-sm-6 col-xs-4 thumb-wrapper\">\n\t\t\t\t\t\t\t\t<a class=\"fancybox\" data-fancybox=\"group\" rel=\"group\" data-title=\"Special offer for stays from min. 7 nights at camp Tiha\" href=\"https:\/\/malin-krk.com\/wp-content\/uploads\/2020\/06\/KAMP_SILO-0048.jpg\" data-title=\"Special offer for stays from min. 7 nights at camp Tiha\">\n\t\t\t\t\t\t\t\t\t<img decoding=\"async\" class=\"thumb img-responsive\" src=\"https:\/\/malin-krk.com\/wp-content\/uploads\/2020\/06\/KAMP_SILO-0048-400x400.jpg\" alt=\"Special offer for stays from min. 7 nights at camp Tiha\">\n\t\t\t\t\t\t\t\t<\/a>\n\t\t\t\t\t\t\t<\/li>\n\n\t\t\t\t\t\t\t\n\t\t\t\t\t\t\t<li class=\"col-md-4 col-sm-6 col-xs-4 thumb-wrapper\">\n\t\t\t\t\t\t\t\t<a class=\"fancybox\" data-fancybox=\"group\" rel=\"group\" data-title=\"Special offer for stays from min. 7 nights at camp Tiha\" href=\"https:\/\/malin-krk.com\/wp-content\/uploads\/2020\/06\/KAMP_SILO-0013-1.jpg\" data-title=\"Special offer for stays from min. 7 nights at camp Tiha\">\n\t\t\t\t\t\t\t\t\t<img decoding=\"async\" class=\"thumb img-responsive\" src=\"https:\/\/malin-krk.com\/wp-content\/uploads\/2020\/06\/KAMP_SILO-0013-1-400x400.jpg\" alt=\"Special offer for stays from min. 7 nights at camp Tiha\">\n\t\t\t\t\t\t\t\t<\/a>\n\t\t\t\t\t\t\t<\/li>\n\n\t\t\t\t\t\t\t\n\t\t\t\t\t\t\t<li class=\"col-md-4 col-sm-6 col-xs-4 thumb-wrapper\">\n\t\t\t\t\t\t\t\t<a class=\"fancybox\" data-fancybox=\"group\" rel=\"group\" data-title=\"Special offer for stays from min. 7 nights at camp Tiha\" href=\"https:\/\/malin-krk.com\/wp-content\/uploads\/2020\/06\/KAMP_SILO-0029.jpg\" data-title=\"Special offer for stays from min. 7 nights at camp Tiha\">\n\t\t\t\t\t\t\t\t\t<img decoding=\"async\" class=\"thumb img-responsive\" src=\"https:\/\/malin-krk.com\/wp-content\/uploads\/2020\/06\/KAMP_SILO-0029-400x400.jpg\" alt=\"Special offer for stays from min. 7 nights at camp Tiha\">\n\t\t\t\t\t\t\t\t<\/a>\n\t\t\t\t\t\t\t<\/li>\n\n\t\t\t\t\t\t\t\n\t\t\t\t\t\t\t<li class=\"col-md-4 col-sm-6 col-xs-4 thumb-wrapper\">\n\t\t\t\t\t\t\t\t<a class=\"fancybox\" data-fancybox=\"group\" rel=\"group\" data-title=\"Special offer for stays from min. 7 nights at camp Tiha\" href=\"https:\/\/malin-krk.com\/wp-content\/uploads\/2020\/06\/KAMP_SILO-0030.jpg\" data-title=\"Special offer for stays from min. 7 nights at camp Tiha\">\n\t\t\t\t\t\t\t\t\t<img decoding=\"async\" class=\"thumb img-responsive\" src=\"https:\/\/malin-krk.com\/wp-content\/uploads\/2020\/06\/KAMP_SILO-0030-400x400.jpg\" alt=\"Special offer for stays from min. 7 nights at camp Tiha\">\n\t\t\t\t\t\t\t\t<\/a>\n\t\t\t\t\t\t\t<\/li>\n\n\t\t\t\t\t\t\t\n\t\t\t\t\t\t\t<li class=\"col-md-4 col-sm-6 col-xs-4 thumb-wrapper\">\n\t\t\t\t\t\t\t\t<a class=\"fancybox\" data-fancybox=\"group\" rel=\"group\" data-title=\"Special offer for stays from min. 7 nights at camp Tiha\" href=\"https:\/\/malin-krk.com\/wp-content\/uploads\/2020\/06\/KAMP_SILO-0031.jpg\" data-title=\"Special offer for stays from min. 7 nights at camp Tiha\">\n\t\t\t\t\t\t\t\t\t<img decoding=\"async\" class=\"thumb img-responsive\" src=\"https:\/\/malin-krk.com\/wp-content\/uploads\/2020\/06\/KAMP_SILO-0031-400x400.jpg\" alt=\"Special offer for stays from min. 7 nights at camp Tiha\">\n\t\t\t\t\t\t\t\t<\/a>\n\t\t\t\t\t\t\t<\/li>\n\n\t\t\t\t\t\t\t\t\t\t\t\t\t<\/ul>\n\t\t\t\t\t\t\n<p>&nbsp;<\/p>\n<p>&nbsp;<\/p>\n<\/body><\/html>\n","protected":false},"excerpt":{"rendered":"<p>Book your stay in a mobile home with a unique view of the Vinodol canal. A stay in newly renovated mobile homes by the sea will delight you with the original interiors, and will also offer a completely new view of the summer colors of Vinodol and Crikvenica area. Luxuriously furnished and decorated in a [&hellip;]<\/p>\n","protected":false},"author":2,"featured_media":29648,"parent":0,"menu_order":0,"comment_status":"closed","ping_status":"closed","template":"","meta":{"_acf_changed":false,"footnotes":""},"class_list":["post-29658","page","type-page","status-publish","has-post-thumbnail","hentry"],"acf":[],"yoast_head":"<!-- This site is optimized with the Yoast SEO plugin v27.5 - https:\/\/yoast.com\/product\/yoast-seo-wordpress\/ -->\n<title>Special offer for stays from min. 7 nights at camp Tiha - Malin Krk<\/title>\n<meta name=\"description\" content=\"Book your stay in a mobile home with a unique view of the Vinodol Canal and get a 20% discount for a stay of min. 7 nights.\" \/>\n<meta name=\"robots\" content=\"index, follow, max-snippet:-1, max-image-preview:large, max-video-preview:-1\" \/>\n<link rel=\"canonical\" href=\"https:\/\/malin-krk.com\/en\/special-offer-for-stays-from-min-7-nights-at-camp-tiha\/\" \/>\n<meta property=\"og:locale\" content=\"en_US\" \/>\n<meta property=\"og:type\" content=\"article\" \/>\n<meta property=\"og:title\" content=\"Special offer for stays from min. 7 nights at camp Tiha - Malin Krk\" \/>\n<meta property=\"og:description\" content=\"Book your stay in a mobile home with a unique view of the Vinodol Canal and get a 20% discount for a stay of min. 7 nights.\" \/>\n<meta property=\"og:url\" content=\"https:\/\/malin-krk.com\/en\/special-offer-for-stays-from-min-7-nights-at-camp-tiha\/\" \/>\n<meta property=\"og:site_name\" content=\"Malin Krk\" \/>\n<meta property=\"article:publisher\" content=\"https:\/\/www.facebook.com\/hotelmalin\/\" \/>\n<meta property=\"article:modified_time\" content=\"2024-06-27T13:42:11+00:00\" \/>\n<meta property=\"og:image\" content=\"https:\/\/malin-krk.com\/wp-content\/uploads\/2024\/04\/Web-Fit-hike-4-1024x1024.png\" \/>\n\t<meta property=\"og:image:width\" content=\"1024\" \/>\n\t<meta property=\"og:image:height\" content=\"1024\" \/>\n\t<meta property=\"og:image:type\" content=\"image\/png\" \/>\n<meta name=\"twitter:card\" content=\"summary_large_image\" \/>\n<script type=\"application\/ld+json\" class=\"yoast-schema-graph\">{\"@context\":\"https:\\\/\\\/schema.org\",\"@graph\":[{\"@type\":\"WebPage\",\"@id\":\"https:\\\/\\\/malin-krk.com\\\/en\\\/special-offer-for-stays-from-min-7-nights-at-camp-tiha\\\/\",\"url\":\"https:\\\/\\\/malin-krk.com\\\/en\\\/special-offer-for-stays-from-min-7-nights-at-camp-tiha\\\/\",\"name\":\"Special offer for stays from min. 7 nights at camp Tiha - Malin Krk\",\"isPartOf\":{\"@id\":\"https:\\\/\\\/malin-krk.com\\\/#website\"},\"primaryImageOfPage\":{\"@id\":\"https:\\\/\\\/malin-krk.com\\\/en\\\/special-offer-for-stays-from-min-7-nights-at-camp-tiha\\\/#primaryimage\"},\"image\":{\"@id\":\"https:\\\/\\\/malin-krk.com\\\/en\\\/special-offer-for-stays-from-min-7-nights-at-camp-tiha\\\/#primaryimage\"},\"thumbnailUrl\":\"https:\\\/\\\/malin-krk.com\\\/wp-content\\\/uploads\\\/2024\\\/04\\\/Web-Fit-hike-4.png\",\"datePublished\":\"2024-04-16T08:33:29+00:00\",\"dateModified\":\"2024-06-27T13:42:11+00:00\",\"description\":\"Book your stay in a mobile home with a unique view of the Vinodol Canal and get a 20% discount for a stay of min. 7 nights.\",\"breadcrumb\":{\"@id\":\"https:\\\/\\\/malin-krk.com\\\/en\\\/special-offer-for-stays-from-min-7-nights-at-camp-tiha\\\/#breadcrumb\"},\"inLanguage\":\"en-US\",\"potentialAction\":[{\"@type\":\"ReadAction\",\"target\":[\"https:\\\/\\\/malin-krk.com\\\/en\\\/special-offer-for-stays-from-min-7-nights-at-camp-tiha\\\/\"]}]},{\"@type\":\"ImageObject\",\"inLanguage\":\"en-US\",\"@id\":\"https:\\\/\\\/malin-krk.com\\\/en\\\/special-offer-for-stays-from-min-7-nights-at-camp-tiha\\\/#primaryimage\",\"url\":\"https:\\\/\\\/malin-krk.com\\\/wp-content\\\/uploads\\\/2024\\\/04\\\/Web-Fit-hike-4.png\",\"contentUrl\":\"https:\\\/\\\/malin-krk.com\\\/wp-content\\\/uploads\\\/2024\\\/04\\\/Web-Fit-hike-4.png\",\"width\":1200,\"height\":1200},{\"@type\":\"BreadcrumbList\",\"@id\":\"https:\\\/\\\/malin-krk.com\\\/en\\\/special-offer-for-stays-from-min-7-nights-at-camp-tiha\\\/#breadcrumb\",\"itemListElement\":[{\"@type\":\"ListItem\",\"position\":1,\"name\":\"Home\",\"item\":\"https:\\\/\\\/malin-krk.com\\\/en\\\/\"},{\"@type\":\"ListItem\",\"position\":2,\"name\":\"Special offer for stays from min. 7 nights at camp Tiha\"}]},{\"@type\":\"WebSite\",\"@id\":\"https:\\\/\\\/malin-krk.com\\\/#website\",\"url\":\"https:\\\/\\\/malin-krk.com\\\/\",\"name\":\"Malin Krk\",\"description\":\"\",\"publisher\":{\"@id\":\"https:\\\/\\\/malin-krk.com\\\/#organization\"},\"potentialAction\":[{\"@type\":\"SearchAction\",\"target\":{\"@type\":\"EntryPoint\",\"urlTemplate\":\"https:\\\/\\\/malin-krk.com\\\/?s={search_term_string}\"},\"query-input\":{\"@type\":\"PropertyValueSpecification\",\"valueRequired\":true,\"valueName\":\"search_term_string\"}}],\"inLanguage\":\"en-US\"},{\"@type\":\"Organization\",\"@id\":\"https:\\\/\\\/malin-krk.com\\\/#organization\",\"name\":\"Malin Krk\",\"url\":\"https:\\\/\\\/malin-krk.com\\\/\",\"logo\":{\"@type\":\"ImageObject\",\"inLanguage\":\"en-US\",\"@id\":\"https:\\\/\\\/malin-krk.com\\\/#\\\/schema\\\/logo\\\/image\\\/\",\"url\":\"https:\\\/\\\/malin-krk.com\\\/wp-content\\\/uploads\\\/2024\\\/02\\\/malin-logo.jpg\",\"contentUrl\":\"https:\\\/\\\/malin-krk.com\\\/wp-content\\\/uploads\\\/2024\\\/02\\\/malin-logo.jpg\",\"width\":280,\"height\":96,\"caption\":\"Malin Krk\"},\"image\":{\"@id\":\"https:\\\/\\\/malin-krk.com\\\/#\\\/schema\\\/logo\\\/image\\\/\"},\"sameAs\":[\"https:\\\/\\\/www.facebook.com\\\/hotelmalin\\\/\"]}]}<\/script>\n<!-- \/ Yoast SEO plugin. -->","yoast_head_json":{"title":"Special offer for stays from min. 7 nights at camp Tiha - Malin Krk","description":"Book your stay in a mobile home with a unique view of the Vinodol Canal and get a 20% discount for a stay of min. 7 nights.","robots":{"index":"index","follow":"follow","max-snippet":"max-snippet:-1","max-image-preview":"max-image-preview:large","max-video-preview":"max-video-preview:-1"},"canonical":"https:\/\/malin-krk.com\/en\/special-offer-for-stays-from-min-7-nights-at-camp-tiha\/","og_locale":"en_US","og_type":"article","og_title":"Special offer for stays from min. 7 nights at camp Tiha - Malin Krk","og_description":"Book your stay in a mobile home with a unique view of the Vinodol Canal and get a 20% discount for a stay of min. 7 nights.","og_url":"https:\/\/malin-krk.com\/en\/special-offer-for-stays-from-min-7-nights-at-camp-tiha\/","og_site_name":"Malin Krk","article_publisher":"https:\/\/www.facebook.com\/hotelmalin\/","article_modified_time":"2024-06-27T13:42:11+00:00","og_image":[{"width":1024,"height":1024,"url":"https:\/\/malin-krk.com\/wp-content\/uploads\/2024\/04\/Web-Fit-hike-4-1024x1024.png","type":"image\/png"}],"twitter_card":"summary_large_image","schema":{"@context":"https:\/\/schema.org","@graph":[{"@type":"WebPage","@id":"https:\/\/malin-krk.com\/en\/special-offer-for-stays-from-min-7-nights-at-camp-tiha\/","url":"https:\/\/malin-krk.com\/en\/special-offer-for-stays-from-min-7-nights-at-camp-tiha\/","name":"Special offer for stays from min. 7 nights at camp Tiha - Malin Krk","isPartOf":{"@id":"https:\/\/malin-krk.com\/#website"},"primaryImageOfPage":{"@id":"https:\/\/malin-krk.com\/en\/special-offer-for-stays-from-min-7-nights-at-camp-tiha\/#primaryimage"},"image":{"@id":"https:\/\/malin-krk.com\/en\/special-offer-for-stays-from-min-7-nights-at-camp-tiha\/#primaryimage"},"thumbnailUrl":"https:\/\/malin-krk.com\/wp-content\/uploads\/2024\/04\/Web-Fit-hike-4.png","datePublished":"2024-04-16T08:33:29+00:00","dateModified":"2024-06-27T13:42:11+00:00","description":"Book your stay in a mobile home with a unique view of the Vinodol Canal and get a 20% discount for a stay of min. 7 nights.","breadcrumb":{"@id":"https:\/\/malin-krk.com\/en\/special-offer-for-stays-from-min-7-nights-at-camp-tiha\/#breadcrumb"},"inLanguage":"en-US","potentialAction":[{"@type":"ReadAction","target":["https:\/\/malin-krk.com\/en\/special-offer-for-stays-from-min-7-nights-at-camp-tiha\/"]}]},{"@type":"ImageObject","inLanguage":"en-US","@id":"https:\/\/malin-krk.com\/en\/special-offer-for-stays-from-min-7-nights-at-camp-tiha\/#primaryimage","url":"https:\/\/malin-krk.com\/wp-content\/uploads\/2024\/04\/Web-Fit-hike-4.png","contentUrl":"https:\/\/malin-krk.com\/wp-content\/uploads\/2024\/04\/Web-Fit-hike-4.png","width":1200,"height":1200},{"@type":"BreadcrumbList","@id":"https:\/\/malin-krk.com\/en\/special-offer-for-stays-from-min-7-nights-at-camp-tiha\/#breadcrumb","itemListElement":[{"@type":"ListItem","position":1,"name":"Home","item":"https:\/\/malin-krk.com\/en\/"},{"@type":"ListItem","position":2,"name":"Special offer for stays from min. 7 nights at camp Tiha"}]},{"@type":"WebSite","@id":"https:\/\/malin-krk.com\/#website","url":"https:\/\/malin-krk.com\/","name":"Malin Krk","description":"","publisher":{"@id":"https:\/\/malin-krk.com\/#organization"},"potentialAction":[{"@type":"SearchAction","target":{"@type":"EntryPoint","urlTemplate":"https:\/\/malin-krk.com\/?s={search_term_string}"},"query-input":{"@type":"PropertyValueSpecification","valueRequired":true,"valueName":"search_term_string"}}],"inLanguage":"en-US"},{"@type":"Organization","@id":"https:\/\/malin-krk.com\/#organization","name":"Malin Krk","url":"https:\/\/malin-krk.com\/","logo":{"@type":"ImageObject","inLanguage":"en-US","@id":"https:\/\/malin-krk.com\/#\/schema\/logo\/image\/","url":"https:\/\/malin-krk.com\/wp-content\/uploads\/2024\/02\/malin-logo.jpg","contentUrl":"https:\/\/malin-krk.com\/wp-content\/uploads\/2024\/02\/malin-logo.jpg","width":280,"height":96,"caption":"Malin Krk"},"image":{"@id":"https:\/\/malin-krk.com\/#\/schema\/logo\/image\/"},"sameAs":["https:\/\/www.facebook.com\/hotelmalin\/"]}]}},"_links":{"self":[{"href":"https:\/\/malin-krk.com\/en\/wp-json\/wp\/v2\/pages\/29658","targetHints":{"allow":["GET"]}}],"collection":[{"href":"https:\/\/malin-krk.com\/en\/wp-json\/wp\/v2\/pages"}],"about":[{"href":"https:\/\/malin-krk.com\/en\/wp-json\/wp\/v2\/types\/page"}],"author":[{"embeddable":true,"href":"https:\/\/malin-krk.com\/en\/wp-json\/wp\/v2\/users\/2"}],"replies":[{"embeddable":true,"href":"https:\/\/malin-krk.com\/en\/wp-json\/wp\/v2\/comments?post=29658"}],"version-history":[{"count":5,"href":"https:\/\/malin-krk.com\/en\/wp-json\/wp\/v2\/pages\/29658\/revisions"}],"predecessor-version":[{"id":30249,"href":"https:\/\/malin-krk.com\/en\/wp-json\/wp\/v2\/pages\/29658\/revisions\/30249"}],"wp:featuredmedia":[{"embeddable":true,"href":"https:\/\/malin-krk.com\/en\/wp-json\/wp\/v2\/media\/29648"}],"wp:attachment":[{"href":"https:\/\/malin-krk.com\/en\/wp-json\/wp\/v2\/media?parent=29658"}],"curies":[{"name":"wp","href":"https:\/\/api.w.org\/{rel}","templated":true}]}}