{"id":29001,"date":"2023-12-07T09:16:23","date_gmt":"2023-12-07T08:16:23","guid":{"rendered":"https:\/\/malin-krk.com\/?page_id=29001"},"modified":"2026-03-16T11:55:26","modified_gmt":"2026-03-16T10:55:26","slug":"special-benefit-for-members","status":"publish","type":"page","link":"https:\/\/malin-krk.com\/en\/special-benefit-for-members\/","title":{"rendered":"Special benefit for members"},"content":{"rendered":"<!DOCTYPE html PUBLIC \"-\/\/W3C\/\/DTD HTML 4.0 Transitional\/\/EN\" \"http:\/\/www.w3.org\/TR\/REC-html40\/loose.dtd\">\n<html><body><p>We have prepared special benefits for all members of <a href=\"https:\/\/www.adac.de\/\">ADAC,<\/a> <a href=\"https:\/\/www.campingcard.co.uk\/\">ACSI<\/a>,&nbsp;<a href=\"https:\/\/avtokampi.si\/\">Avtokampi.si<\/a> and <a href=\"https:\/\/udrugakampista.hr\/\">UKH<\/a> camping cards.<\/p>\n<p><img decoding=\"async\" class=\"aligncenter  wp-image-34264\" src=\"https:\/\/malin-krk.com\/wp-content\/uploads\/2026\/03\/FBIG-CAMP-post-Landscape-2-300x212.png\" alt=\"\" width=\"805\" height=\"569\" srcset=\"https:\/\/malin-krk.com\/wp-content\/uploads\/2026\/03\/FBIG-CAMP-post-Landscape-2-300x212.png 300w, https:\/\/malin-krk.com\/wp-content\/uploads\/2026\/03\/FBIG-CAMP-post-Landscape-2-1024x724.png 1024w, https:\/\/malin-krk.com\/wp-content\/uploads\/2026\/03\/FBIG-CAMP-post-Landscape-2-768x543.png 768w, https:\/\/malin-krk.com\/wp-content\/uploads\/2026\/03\/FBIG-CAMP-post-Landscape-2-1536x1086.png 1536w, https:\/\/malin-krk.com\/wp-content\/uploads\/2026\/03\/FBIG-CAMP-post-Landscape-2.png 2000w\" sizes=\"(max-width: 805px) 100vw, 805px\" \/><\/p>\n<p>The special offer is valid <strong>from 15.04. until 21.06.<\/strong> and from <strong>01.09. until 31.10.:.<\/strong> and includes the following:<\/p>\n<ul>\n<li>CLASSIC pitch for 2 adults<\/li>\n<li>Connection to electricity<\/li>\n<li>FREE stay for children up to 5 years old (max. 2 children)<\/li>\n<\/ul>\n<p><strong>PRICE: 23,00&nbsp; &euro; \/ day<\/strong><\/p>\n<p>*Resident tax is not included in the price.<\/p>\n<p>*Special offer excludes all other offers.<\/p>\n<p>*The number of plots is available until filled.<\/p>\n<p>&nbsp;<\/p>\n<p>Special offer <strong>15% DISCOUNT<\/strong> for ADAC Camp Card members in the period from<strong> 01.04. &ndash; 21.06. and<\/strong>&nbsp;<strong>01.09. till 31.10.:<\/strong><\/p>\n<ul>\n<li>15% discount on all types of plots<\/li>\n<li>Connection to electricity<\/li>\n<\/ul>\n<p>*Resident tax is not included in the price.<\/p>\n<p>*Special offer excludes all other offers.<\/p>\n<p>*The number of plots is available until filled.<\/p>\n<p>&nbsp;<\/p>\n<p>The discount is calculated upon departure upon presentation of a valid card.<\/p>\n<p>&nbsp;<\/p>\n<p>Holders of the mentioned camping cards also achieve in all dates and on all types of pitches:<\/p>\n<ul>\n<li>5% discount on the price per person<\/li>\n<li>max. 20% discount on the price per person &ndash; for continuous stay of the same persons in the camp for more than 14 nights<\/li>\n<\/ul>\n<p>The discount is calculated at the reception and is not combined with other discounts.<\/p>\n<p>&nbsp;<\/p>\n<p><strong>Reservations:<\/strong><\/p>\n<p>&#128233;reservations@camp.tiha.hr<\/p>\n<p>&#128222;+385 (0)51 850 129<\/p>\n\n\t\t\t\t\t\t<ul class='img-galerija list-inline list-unstyled fancybox-show-nav'>\n\n\t\t\t\t\t\t\t\n\t\t\t\t\t\t\t<li class=\"col-md-4 col-sm-6 col-xs-4 thumb-wrapper\">\n\t\t\t\t\t\t\t\t<a class=\"fancybox\" data-fancybox=\"group\" rel=\"group\" data-title=\"Special benefit for members\" href=\"https:\/\/malin-krk.com\/wp-content\/uploads\/2026\/03\/DJI_0513.jpg\" data-title=\"Special benefit for members\">\n\t\t\t\t\t\t\t\t\t<img decoding=\"async\" class=\"thumb img-responsive\" src=\"https:\/\/malin-krk.com\/wp-content\/uploads\/2026\/03\/DJI_0513-400x400.jpg\" alt=\"Special benefit for members\">\n\t\t\t\t\t\t\t\t<\/a>\n\t\t\t\t\t\t\t<\/li>\n\n\t\t\t\t\t\t\t\n\t\t\t\t\t\t\t<li class=\"col-md-4 col-sm-6 col-xs-4 thumb-wrapper\">\n\t\t\t\t\t\t\t\t<a class=\"fancybox\" data-fancybox=\"group\" rel=\"group\" data-title=\"Special benefit for members\" href=\"https:\/\/malin-krk.com\/wp-content\/uploads\/2023\/11\/KAMP_SILO_2023-0109.jpg\" data-title=\"Special benefit for members\">\n\t\t\t\t\t\t\t\t\t<img decoding=\"async\" class=\"thumb img-responsive\" src=\"https:\/\/malin-krk.com\/wp-content\/uploads\/2023\/11\/KAMP_SILO_2023-0109-400x400.jpg\" alt=\"Special benefit for members\">\n\t\t\t\t\t\t\t\t<\/a>\n\t\t\t\t\t\t\t<\/li>\n\n\t\t\t\t\t\t\t\n\t\t\t\t\t\t\t<li class=\"col-md-4 col-sm-6 col-xs-4 thumb-wrapper\">\n\t\t\t\t\t\t\t\t<a class=\"fancybox\" data-fancybox=\"group\" rel=\"group\" data-title=\"Special benefit for members\" href=\"https:\/\/malin-krk.com\/wp-content\/uploads\/2023\/11\/KAMP_SILO_2023-0132.jpg\" data-title=\"Special benefit for members\">\n\t\t\t\t\t\t\t\t\t<img decoding=\"async\" class=\"thumb img-responsive\" src=\"https:\/\/malin-krk.com\/wp-content\/uploads\/2023\/11\/KAMP_SILO_2023-0132-400x400.jpg\" alt=\"Special benefit for members\">\n\t\t\t\t\t\t\t\t<\/a>\n\t\t\t\t\t\t\t<\/li>\n\n\t\t\t\t\t\t\t\n\t\t\t\t\t\t\t<li class=\"col-md-4 col-sm-6 col-xs-4 thumb-wrapper\">\n\t\t\t\t\t\t\t\t<a class=\"fancybox\" data-fancybox=\"group\" rel=\"group\" data-title=\"Special benefit for members\" href=\"https:\/\/malin-krk.com\/wp-content\/uploads\/2024\/07\/KAMP_SILO_2024-0104.jpg\" data-title=\"Special benefit for members\">\n\t\t\t\t\t\t\t\t\t<img decoding=\"async\" class=\"thumb img-responsive\" src=\"https:\/\/malin-krk.com\/wp-content\/uploads\/2024\/07\/KAMP_SILO_2024-0104-400x400.jpg\" alt=\"Special benefit for members\">\n\t\t\t\t\t\t\t\t<\/a>\n\t\t\t\t\t\t\t<\/li>\n\n\t\t\t\t\t\t\t\n\t\t\t\t\t\t\t<li class=\"col-md-4 col-sm-6 col-xs-4 thumb-wrapper\">\n\t\t\t\t\t\t\t\t<a class=\"fancybox\" data-fancybox=\"group\" rel=\"group\" data-title=\"Special benefit for members\" href=\"https:\/\/malin-krk.com\/wp-content\/uploads\/2024\/07\/8O0A6879.jpg\" data-title=\"Special benefit for members\">\n\t\t\t\t\t\t\t\t\t<img decoding=\"async\" class=\"thumb img-responsive\" src=\"https:\/\/malin-krk.com\/wp-content\/uploads\/2024\/07\/8O0A6879-400x400.jpg\" alt=\"Special benefit for members\">\n\t\t\t\t\t\t\t\t<\/a>\n\t\t\t\t\t\t\t<\/li>\n\n\t\t\t\t\t\t\t\n\t\t\t\t\t\t\t<li class=\"col-md-4 col-sm-6 col-xs-4 thumb-wrapper\">\n\t\t\t\t\t\t\t\t<a class=\"fancybox\" data-fancybox=\"group\" rel=\"group\" data-title=\"Special benefit for members\" href=\"https:\/\/malin-krk.com\/wp-content\/uploads\/2024\/07\/KAMP_SILO_2024-0099.jpg\" data-title=\"Special benefit for members\">\n\t\t\t\t\t\t\t\t\t<img decoding=\"async\" class=\"thumb img-responsive\" src=\"https:\/\/malin-krk.com\/wp-content\/uploads\/2024\/07\/KAMP_SILO_2024-0099-400x400.jpg\" alt=\"Special benefit for members\">\n\t\t\t\t\t\t\t\t<\/a>\n\t\t\t\t\t\t\t<\/li>\n\n\t\t\t\t\t\t\t\t\t\t\t\t\t<\/ul>\n\t\t\t\t\t\t\n<p>&nbsp;<\/p>\n<h3><strong>Contact us<\/strong><\/h3>\n\n<div class=\"wpcf7 no-js\" id=\"wpcf7-f858-o1\" lang=\"hr-HR\" dir=\"ltr\" data-wpcf7-id=\"858\">\n<div class=\"screen-reader-response\"><p role=\"status\" aria-live=\"polite\" aria-atomic=\"true\"><\/p> <ul><\/ul><\/div>\n<form action=\"\/en\/wp-json\/wp\/v2\/pages\/29001#wpcf7-f858-o1\" method=\"post\" class=\"wpcf7-form init\" aria-label=\"Contact form\" novalidate=\"novalidate\" data-status=\"init\">\n<fieldset class=\"hidden-fields-container\"><input type=\"hidden\" name=\"_wpcf7\" value=\"858\" \/><input type=\"hidden\" name=\"_wpcf7_version\" value=\"6.1.5\" \/><input type=\"hidden\" name=\"_wpcf7_locale\" value=\"hr_HR\" \/><input type=\"hidden\" name=\"_wpcf7_unit_tag\" value=\"wpcf7-f858-o1\" \/><input type=\"hidden\" name=\"_wpcf7_container_post\" value=\"0\" \/><input type=\"hidden\" name=\"_wpcf7_posted_data_hash\" value=\"\" \/>\n<\/fieldset>\n<p><label>Ime i prezime*<br \/>\n<span class=\"wpcf7-form-control-wrap\" data-name=\"your-name\"><input size=\"40\" maxlength=\"400\" class=\"wpcf7-form-control wpcf7-text wpcf7-validates-as-required\" aria-required=\"true\" aria-invalid=\"false\" value=\"\" type=\"text\" name=\"your-name\" \/><\/span> <\/label>\n<\/p>\n<p><label>Email*<br \/>\n<span class=\"wpcf7-form-control-wrap\" data-name=\"your-email\"><input size=\"40\" maxlength=\"400\" class=\"wpcf7-form-control wpcf7-email wpcf7-validates-as-required wpcf7-text wpcf7-validates-as-email\" aria-required=\"true\" aria-invalid=\"false\" value=\"\" type=\"email\" name=\"your-email\" \/><\/span> <\/label>\n<\/p>\n<p><label>Predmet<br \/>\n<span class=\"wpcf7-form-control-wrap\" data-name=\"your-subject\"><input size=\"40\" maxlength=\"400\" class=\"wpcf7-form-control wpcf7-text wpcf7-validates-as-required\" aria-required=\"true\" aria-invalid=\"false\" value=\"\" type=\"text\" name=\"your-subject\" \/><\/span> <\/label>\n<\/p>\n<p><label>Poruka*<br \/>\n<span class=\"wpcf7-form-control-wrap\" data-name=\"your-message\"><textarea cols=\"40\" rows=\"10\" maxlength=\"2000\" class=\"wpcf7-form-control wpcf7-textarea wpcf7-validates-as-required\" aria-required=\"true\" aria-invalid=\"false\" name=\"your-message\"><\/textarea><\/span> <\/label>\n<\/p>\n<p><label>Primatelj poruke<br \/>\n<span class=\"wpcf7-form-control-wrap\" data-name=\"your-recipient\"><select class=\"wpcf7-form-control wpcf7-select wpcf7-validates-as-required\" aria-required=\"true\" aria-invalid=\"false\" name=\"your-recipient\"><option value=\"\">&#8212;Please choose an option&#8212;<\/option><option value=\"Hotel Malin\">Hotel Malin<\/option><option value=\"Vile i apartmani\">Vile i apartmani<\/option><option value=\"Mobilne ku\u0107ice\">Mobilne ku\u0107ice<\/option><option value=\"Kamp Tiha \u0160ilo\">Kamp Tiha \u0160ilo<\/option><\/select><\/span><\/label>\n<\/p>\n<p><label>Captcha<br \/>\n<input type=\"hidden\" name=\"_wpcf7_captcha_challenge_captcha-1\" value=\"2992998661\" \/><img decoding=\"async\" class=\"wpcf7-form-control wpcf7-captchac wpcf7-captcha-captcha-1\" width=\"84\" height=\"28\" alt=\"captcha\" src=\"https:\/\/malin-krk.com\/wp-content\/uploads\/wpcf7_captcha\/2992998661.png\" \/><span class=\"wpcf7-form-control-wrap\" data-name=\"captcha-1\"><input size=\"40\" maxlength=\"100\" class=\"wpcf7-form-control wpcf7-captchar\" autocomplete=\"off\" aria-invalid=\"false\" placeholder=\"Upi\u0161ite znakove\" value=\"\" type=\"text\" name=\"captcha-1\" \/><\/span><br \/>\n<\/label>\n<\/p>\n<p><span class=\"wpcf7-form-control-wrap\" data-name=\"your-consent\"><span class=\"wpcf7-form-control wpcf7-acceptance\"><span class=\"wpcf7-list-item\"><label><input type=\"checkbox\" name=\"your-consent\" value=\"1\" aria-invalid=\"false\" \/><span class=\"wpcf7-list-item-label\">Molimo ozna\u010dite kako biste pristali na spremanje va\u0161ih podataka u skladu sa smjernicama navedenim u na\u0161oj izjavi o <a href=\"https:\/\/malin-krk.com\/pravila-koristenja\/\">privatnosti podataka<\/a><\/span><\/label><\/span><\/span><\/span>\n<\/p>\n<p><input class=\"wpcf7-form-control wpcf7-submit has-spinner btn\" type=\"submit\" value=\"Po\u0161aljite\" \/>\n<\/p><div class=\"wpcf7-response-output\" aria-hidden=\"true\"><\/div>\n<\/form>\n<\/div>\n\n<\/body><\/html>\n","protected":false},"excerpt":{"rendered":"<p>We have prepared special benefits for all members of ADAC, ACSI,&nbsp;Avtokampi.si and UKH camping cards. The special offer is valid from 15.04. until 21.06. and from 01.09. until 31.10.:. and includes the following: CLASSIC pitch for 2 adults Connection to electricity FREE stay for children up to 5 years old (max. 2 children) PRICE: 23,00&nbsp; [&hellip;]<\/p>\n","protected":false},"author":2,"featured_media":28995,"parent":0,"menu_order":0,"comment_status":"closed","ping_status":"closed","template":"","meta":{"_acf_changed":false,"footnotes":""},"class_list":["post-29001","page","type-page","status-publish","has-post-thumbnail","hentry"],"acf":[],"yoast_head":"<!-- This site is optimized with the Yoast SEO plugin v27.5 - https:\/\/yoast.com\/product\/yoast-seo-wordpress\/ -->\n<title>Special benefit for members - Malin Krk<\/title>\n<meta name=\"description\" content=\"Special benefit for all members of ACSII, ADAC, Avtokampi.si and UKH camping cards throughout the year. Take advantage of membership benefits.\" \/>\n<meta name=\"robots\" content=\"index, follow, max-snippet:-1, max-image-preview:large, max-video-preview:-1\" \/>\n<link rel=\"canonical\" href=\"https:\/\/malin-krk.com\/en\/special-benefit-for-members\/\" \/>\n<meta property=\"og:locale\" content=\"en_US\" \/>\n<meta property=\"og:type\" content=\"article\" \/>\n<meta property=\"og:title\" content=\"Special benefit for members - Malin Krk\" \/>\n<meta property=\"og:description\" content=\"Special benefit for all members of ACSII, ADAC, Avtokampi.si and UKH camping cards throughout the year. Take advantage of membership benefits.\" \/>\n<meta property=\"og:url\" content=\"https:\/\/malin-krk.com\/en\/special-benefit-for-members\/\" \/>\n<meta property=\"og:site_name\" content=\"Malin Krk\" \/>\n<meta property=\"article:publisher\" content=\"https:\/\/www.facebook.com\/hotelmalin\/\" \/>\n<meta property=\"article:modified_time\" content=\"2026-03-16T10:55:26+00:00\" \/>\n<meta property=\"og:image\" content=\"https:\/\/malin-krk.com\/wp-content\/uploads\/2023\/12\/Untitled-design-1-1024x1024.png\" \/>\n\t<meta property=\"og:image:width\" content=\"1024\" \/>\n\t<meta property=\"og:image:height\" content=\"1024\" \/>\n\t<meta property=\"og:image:type\" content=\"image\/png\" \/>\n<meta name=\"twitter:card\" content=\"summary_large_image\" \/>\n<script type=\"application\/ld+json\" class=\"yoast-schema-graph\">{\"@context\":\"https:\\\/\\\/schema.org\",\"@graph\":[{\"@type\":\"WebPage\",\"@id\":\"https:\\\/\\\/malin-krk.com\\\/en\\\/special-benefit-for-members\\\/\",\"url\":\"https:\\\/\\\/malin-krk.com\\\/en\\\/special-benefit-for-members\\\/\",\"name\":\"Special benefit for members - Malin Krk\",\"isPartOf\":{\"@id\":\"https:\\\/\\\/malin-krk.com\\\/#website\"},\"primaryImageOfPage\":{\"@id\":\"https:\\\/\\\/malin-krk.com\\\/en\\\/special-benefit-for-members\\\/#primaryimage\"},\"image\":{\"@id\":\"https:\\\/\\\/malin-krk.com\\\/en\\\/special-benefit-for-members\\\/#primaryimage\"},\"thumbnailUrl\":\"https:\\\/\\\/malin-krk.com\\\/wp-content\\\/uploads\\\/2023\\\/12\\\/Untitled-design-1.png\",\"datePublished\":\"2023-12-07T08:16:23+00:00\",\"dateModified\":\"2026-03-16T10:55:26+00:00\",\"description\":\"Special benefit for all members of ACSII, ADAC, Avtokampi.si and UKH camping cards throughout the year. Take advantage of membership benefits.\",\"breadcrumb\":{\"@id\":\"https:\\\/\\\/malin-krk.com\\\/en\\\/special-benefit-for-members\\\/#breadcrumb\"},\"inLanguage\":\"en-US\",\"potentialAction\":[{\"@type\":\"ReadAction\",\"target\":[\"https:\\\/\\\/malin-krk.com\\\/en\\\/special-benefit-for-members\\\/\"]}]},{\"@type\":\"ImageObject\",\"inLanguage\":\"en-US\",\"@id\":\"https:\\\/\\\/malin-krk.com\\\/en\\\/special-benefit-for-members\\\/#primaryimage\",\"url\":\"https:\\\/\\\/malin-krk.com\\\/wp-content\\\/uploads\\\/2023\\\/12\\\/Untitled-design-1.png\",\"contentUrl\":\"https:\\\/\\\/malin-krk.com\\\/wp-content\\\/uploads\\\/2023\\\/12\\\/Untitled-design-1.png\",\"width\":2000,\"height\":2000},{\"@type\":\"BreadcrumbList\",\"@id\":\"https:\\\/\\\/malin-krk.com\\\/en\\\/special-benefit-for-members\\\/#breadcrumb\",\"itemListElement\":[{\"@type\":\"ListItem\",\"position\":1,\"name\":\"Home\",\"item\":\"https:\\\/\\\/malin-krk.com\\\/en\\\/\"},{\"@type\":\"ListItem\",\"position\":2,\"name\":\"Special benefit for members\"}]},{\"@type\":\"WebSite\",\"@id\":\"https:\\\/\\\/malin-krk.com\\\/#website\",\"url\":\"https:\\\/\\\/malin-krk.com\\\/\",\"name\":\"Malin Krk\",\"description\":\"\",\"publisher\":{\"@id\":\"https:\\\/\\\/malin-krk.com\\\/#organization\"},\"potentialAction\":[{\"@type\":\"SearchAction\",\"target\":{\"@type\":\"EntryPoint\",\"urlTemplate\":\"https:\\\/\\\/malin-krk.com\\\/?s={search_term_string}\"},\"query-input\":{\"@type\":\"PropertyValueSpecification\",\"valueRequired\":true,\"valueName\":\"search_term_string\"}}],\"inLanguage\":\"en-US\"},{\"@type\":\"Organization\",\"@id\":\"https:\\\/\\\/malin-krk.com\\\/#organization\",\"name\":\"Malin Krk\",\"url\":\"https:\\\/\\\/malin-krk.com\\\/\",\"logo\":{\"@type\":\"ImageObject\",\"inLanguage\":\"en-US\",\"@id\":\"https:\\\/\\\/malin-krk.com\\\/#\\\/schema\\\/logo\\\/image\\\/\",\"url\":\"https:\\\/\\\/malin-krk.com\\\/wp-content\\\/uploads\\\/2024\\\/02\\\/malin-logo.jpg\",\"contentUrl\":\"https:\\\/\\\/malin-krk.com\\\/wp-content\\\/uploads\\\/2024\\\/02\\\/malin-logo.jpg\",\"width\":280,\"height\":96,\"caption\":\"Malin Krk\"},\"image\":{\"@id\":\"https:\\\/\\\/malin-krk.com\\\/#\\\/schema\\\/logo\\\/image\\\/\"},\"sameAs\":[\"https:\\\/\\\/www.facebook.com\\\/hotelmalin\\\/\"]}]}<\/script>\n<!-- \/ Yoast SEO plugin. -->","yoast_head_json":{"title":"Special benefit for members - Malin Krk","description":"Special benefit for all members of ACSII, ADAC, Avtokampi.si and UKH camping cards throughout the year. Take advantage of membership benefits.","robots":{"index":"index","follow":"follow","max-snippet":"max-snippet:-1","max-image-preview":"max-image-preview:large","max-video-preview":"max-video-preview:-1"},"canonical":"https:\/\/malin-krk.com\/en\/special-benefit-for-members\/","og_locale":"en_US","og_type":"article","og_title":"Special benefit for members - Malin Krk","og_description":"Special benefit for all members of ACSII, ADAC, Avtokampi.si and UKH camping cards throughout the year. Take advantage of membership benefits.","og_url":"https:\/\/malin-krk.com\/en\/special-benefit-for-members\/","og_site_name":"Malin Krk","article_publisher":"https:\/\/www.facebook.com\/hotelmalin\/","article_modified_time":"2026-03-16T10:55:26+00:00","og_image":[{"width":1024,"height":1024,"url":"https:\/\/malin-krk.com\/wp-content\/uploads\/2023\/12\/Untitled-design-1-1024x1024.png","type":"image\/png"}],"twitter_card":"summary_large_image","schema":{"@context":"https:\/\/schema.org","@graph":[{"@type":"WebPage","@id":"https:\/\/malin-krk.com\/en\/special-benefit-for-members\/","url":"https:\/\/malin-krk.com\/en\/special-benefit-for-members\/","name":"Special benefit for members - Malin Krk","isPartOf":{"@id":"https:\/\/malin-krk.com\/#website"},"primaryImageOfPage":{"@id":"https:\/\/malin-krk.com\/en\/special-benefit-for-members\/#primaryimage"},"image":{"@id":"https:\/\/malin-krk.com\/en\/special-benefit-for-members\/#primaryimage"},"thumbnailUrl":"https:\/\/malin-krk.com\/wp-content\/uploads\/2023\/12\/Untitled-design-1.png","datePublished":"2023-12-07T08:16:23+00:00","dateModified":"2026-03-16T10:55:26+00:00","description":"Special benefit for all members of ACSII, ADAC, Avtokampi.si and UKH camping cards throughout the year. Take advantage of membership benefits.","breadcrumb":{"@id":"https:\/\/malin-krk.com\/en\/special-benefit-for-members\/#breadcrumb"},"inLanguage":"en-US","potentialAction":[{"@type":"ReadAction","target":["https:\/\/malin-krk.com\/en\/special-benefit-for-members\/"]}]},{"@type":"ImageObject","inLanguage":"en-US","@id":"https:\/\/malin-krk.com\/en\/special-benefit-for-members\/#primaryimage","url":"https:\/\/malin-krk.com\/wp-content\/uploads\/2023\/12\/Untitled-design-1.png","contentUrl":"https:\/\/malin-krk.com\/wp-content\/uploads\/2023\/12\/Untitled-design-1.png","width":2000,"height":2000},{"@type":"BreadcrumbList","@id":"https:\/\/malin-krk.com\/en\/special-benefit-for-members\/#breadcrumb","itemListElement":[{"@type":"ListItem","position":1,"name":"Home","item":"https:\/\/malin-krk.com\/en\/"},{"@type":"ListItem","position":2,"name":"Special benefit for members"}]},{"@type":"WebSite","@id":"https:\/\/malin-krk.com\/#website","url":"https:\/\/malin-krk.com\/","name":"Malin Krk","description":"","publisher":{"@id":"https:\/\/malin-krk.com\/#organization"},"potentialAction":[{"@type":"SearchAction","target":{"@type":"EntryPoint","urlTemplate":"https:\/\/malin-krk.com\/?s={search_term_string}"},"query-input":{"@type":"PropertyValueSpecification","valueRequired":true,"valueName":"search_term_string"}}],"inLanguage":"en-US"},{"@type":"Organization","@id":"https:\/\/malin-krk.com\/#organization","name":"Malin Krk","url":"https:\/\/malin-krk.com\/","logo":{"@type":"ImageObject","inLanguage":"en-US","@id":"https:\/\/malin-krk.com\/#\/schema\/logo\/image\/","url":"https:\/\/malin-krk.com\/wp-content\/uploads\/2024\/02\/malin-logo.jpg","contentUrl":"https:\/\/malin-krk.com\/wp-content\/uploads\/2024\/02\/malin-logo.jpg","width":280,"height":96,"caption":"Malin Krk"},"image":{"@id":"https:\/\/malin-krk.com\/#\/schema\/logo\/image\/"},"sameAs":["https:\/\/www.facebook.com\/hotelmalin\/"]}]}},"_links":{"self":[{"href":"https:\/\/malin-krk.com\/en\/wp-json\/wp\/v2\/pages\/29001","targetHints":{"allow":["GET"]}}],"collection":[{"href":"https:\/\/malin-krk.com\/en\/wp-json\/wp\/v2\/pages"}],"about":[{"href":"https:\/\/malin-krk.com\/en\/wp-json\/wp\/v2\/types\/page"}],"author":[{"embeddable":true,"href":"https:\/\/malin-krk.com\/en\/wp-json\/wp\/v2\/users\/2"}],"replies":[{"embeddable":true,"href":"https:\/\/malin-krk.com\/en\/wp-json\/wp\/v2\/comments?post=29001"}],"version-history":[{"count":16,"href":"https:\/\/malin-krk.com\/en\/wp-json\/wp\/v2\/pages\/29001\/revisions"}],"predecessor-version":[{"id":34281,"href":"https:\/\/malin-krk.com\/en\/wp-json\/wp\/v2\/pages\/29001\/revisions\/34281"}],"wp:featuredmedia":[{"embeddable":true,"href":"https:\/\/malin-krk.com\/en\/wp-json\/wp\/v2\/media\/28995"}],"wp:attachment":[{"href":"https:\/\/malin-krk.com\/en\/wp-json\/wp\/v2\/media?parent=29001"}],"curies":[{"name":"wp","href":"https:\/\/api.w.org\/{rel}","templated":true}]}}