{"id":23725,"date":"2022-07-22T12:55:49","date_gmt":"2022-07-22T10:55:49","guid":{"rendered":"https:\/\/malin-krk.com\/?page_id=23725"},"modified":"2022-07-25T11:15:10","modified_gmt":"2022-07-25T09:15:10","slug":"duboak-maritime-heritage-interpretation-centre","status":"publish","type":"page","link":"https:\/\/malin-krk.com\/en\/hotel-malin\/about-the-destination-malinska\/duboak-maritime-heritage-interpretation-centre\/","title":{"rendered":"DUBoak &#8211; Maritime Heritage Interpretation Centre"},"content":{"rendered":"<!DOCTYPE html PUBLIC \"-\/\/W3C\/\/DTD HTML 4.0 Transitional\/\/EN\" \"http:\/\/www.w3.org\/TR\/REC-html40\/loose.dtd\">\n<html><body><p>\n\t\t\t\t\t\t<ul class='img-galerija list-inline list-unstyled fancybox-show-nav'>\n\n\t\t\t\t\t\t\t\n\t\t\t\t\t\t\t<li class=\"col-md-4 col-sm-6 col-xs-4 thumb-wrapper\">\n\t\t\t\t\t\t\t\t<a class=\"fancybox\" data-fancybox=\"group\" rel=\"group\" data-title=\"DUBoak &#8211; Maritime Heritage Interpretation Centre\" href=\"https:\/\/malin-krk.com\/wp-content\/uploads\/2022\/07\/Duboak-Malinska-hotel-Malin.jpg\" data-title=\"DUBoak &#8211; Maritime Heritage Interpretation Centre\">\n\t\t\t\t\t\t\t\t\t<img decoding=\"async\" class=\"thumb img-responsive\" src=\"https:\/\/malin-krk.com\/wp-content\/uploads\/2022\/07\/Duboak-Malinska-hotel-Malin-400x400.jpg\" alt=\"DUBoak &#8211; Maritime Heritage Interpretation Centre\">\n\t\t\t\t\t\t\t\t<\/a>\n\t\t\t\t\t\t\t<\/li>\n\n\t\t\t\t\t\t\t\n\t\t\t\t\t\t\t<li class=\"col-md-4 col-sm-6 col-xs-4 thumb-wrapper\">\n\t\t\t\t\t\t\t\t<a class=\"fancybox\" data-fancybox=\"group\" rel=\"group\" data-title=\"DUBoak &#8211; Maritime Heritage Interpretation Centre\" href=\"https:\/\/malin-krk.com\/wp-content\/uploads\/2022\/07\/281538757_130120636307192_7664944788242734172_n.jpg\" data-title=\"DUBoak &#8211; Maritime Heritage Interpretation Centre\">\n\t\t\t\t\t\t\t\t\t<img decoding=\"async\" class=\"thumb img-responsive\" src=\"https:\/\/malin-krk.com\/wp-content\/uploads\/2022\/07\/281538757_130120636307192_7664944788242734172_n-400x400.jpg\" alt=\"DUBoak &#8211; Maritime Heritage Interpretation Centre\">\n\t\t\t\t\t\t\t\t<\/a>\n\t\t\t\t\t\t\t<\/li>\n\n\t\t\t\t\t\t\t\n\t\t\t\t\t\t\t<li class=\"col-md-4 col-sm-6 col-xs-4 thumb-wrapper\">\n\t\t\t\t\t\t\t\t<a class=\"fancybox\" data-fancybox=\"group\" rel=\"group\" data-title=\"DUBoak &#8211; Maritime Heritage Interpretation Centre\" href=\"https:\/\/malin-krk.com\/wp-content\/uploads\/2022\/07\/DUBoak_drmuni-vala.jpg\" data-title=\"DUBoak &#8211; Maritime Heritage Interpretation Centre\">\n\t\t\t\t\t\t\t\t\t<img decoding=\"async\" class=\"thumb img-responsive\" src=\"https:\/\/malin-krk.com\/wp-content\/uploads\/2022\/07\/DUBoak_drmuni-vala-400x400.jpg\" alt=\"DUBoak &#8211; Maritime Heritage Interpretation Centre\">\n\t\t\t\t\t\t\t\t<\/a>\n\t\t\t\t\t\t\t<\/li>\n\n\t\t\t\t\t\t\t\n\t\t\t\t\t\t\t<li class=\"col-md-4 col-sm-6 col-xs-4 thumb-wrapper\">\n\t\t\t\t\t\t\t\t<a class=\"fancybox\" data-fancybox=\"group\" rel=\"group\" data-title=\"DUBoak &#8211; Maritime Heritage Interpretation Centre\" href=\"https:\/\/malin-krk.com\/wp-content\/uploads\/2022\/07\/DUBoak_VR.jpg\" data-title=\"DUBoak &#8211; Maritime Heritage Interpretation Centre\">\n\t\t\t\t\t\t\t\t\t<img decoding=\"async\" class=\"thumb img-responsive\" src=\"https:\/\/malin-krk.com\/wp-content\/uploads\/2022\/07\/DUBoak_VR-400x400.jpg\" alt=\"DUBoak &#8211; Maritime Heritage Interpretation Centre\">\n\t\t\t\t\t\t\t\t<\/a>\n\t\t\t\t\t\t\t<\/li>\n\n\t\t\t\t\t\t\t\n\t\t\t\t\t\t\t<li class=\"col-md-4 col-sm-6 col-xs-4 thumb-wrapper\">\n\t\t\t\t\t\t\t\t<a class=\"fancybox\" data-fancybox=\"group\" rel=\"group\" data-title=\"DUBoak &#8211; Maritime Heritage Interpretation Centre\" href=\"https:\/\/malin-krk.com\/wp-content\/uploads\/2022\/07\/DUBok_sest.jpg\" data-title=\"DUBoak &#8211; Maritime Heritage Interpretation Centre\">\n\t\t\t\t\t\t\t\t\t<img decoding=\"async\" class=\"thumb img-responsive\" src=\"https:\/\/malin-krk.com\/wp-content\/uploads\/2022\/07\/DUBok_sest-400x400.jpg\" alt=\"DUBoak &#8211; Maritime Heritage Interpretation Centre\">\n\t\t\t\t\t\t\t\t<\/a>\n\t\t\t\t\t\t\t<\/li>\n\n\t\t\t\t\t\t\t\n\t\t\t\t\t\t\t<li class=\"col-md-4 col-sm-6 col-xs-4 thumb-wrapper\">\n\t\t\t\t\t\t\t\t<a class=\"fancybox\" data-fancybox=\"group\" rel=\"group\" data-title=\"DUBoak &#8211; Maritime Heritage Interpretation Centre\" href=\"https:\/\/malin-krk.com\/wp-content\/uploads\/2022\/07\/DUBoak_statisti_nocne_F-Media_230522-14.jpg\" data-title=\"DUBoak &#8211; Maritime Heritage Interpretation Centre\">\n\t\t\t\t\t\t\t\t\t<img decoding=\"async\" class=\"thumb img-responsive\" src=\"https:\/\/malin-krk.com\/wp-content\/uploads\/2022\/07\/DUBoak_statisti_nocne_F-Media_230522-14-400x400.jpg\" alt=\"DUBoak &#8211; Maritime Heritage Interpretation Centre\">\n\t\t\t\t\t\t\t\t<\/a>\n\t\t\t\t\t\t\t<\/li>\n\n\t\t\t\t\t\t\t\t\t\t\t\t\t<\/ul>\n\t\t\t\t\t\t\n<\/p><p style=\"text-align: center;\"><a href=\"https:\/\/duboak.org\/\"><b>FIND OUT MORE<\/b><\/a><\/p>\n<\/body><\/html>\n","protected":false},"excerpt":{"rendered":"<p>FIND OUT MORE<\/p>\n","protected":false},"author":2,"featured_media":23627,"parent":23572,"menu_order":0,"comment_status":"closed","ping_status":"closed","template":"","meta":{"_acf_changed":false,"footnotes":""},"class_list":["post-23725","page","type-page","status-publish","has-post-thumbnail","hentry"],"acf":[],"yoast_head":"<!-- This site is optimized with the Yoast SEO plugin v27.5 - https:\/\/yoast.com\/product\/yoast-seo-wordpress\/ -->\n<title>DUBoak - Maritime Heritage Interpretation Centre - Malin Krk<\/title>\n<meta name=\"description\" content=\"DUBoak interpretacijski centar maritimne ba\u0161tine u Malinskoj na otoku Krku odli\u010dna je destinacija za cijelu obitelj. Saznajte vi\u0161e!\" \/>\n<meta name=\"robots\" content=\"index, follow, max-snippet:-1, max-image-preview:large, max-video-preview:-1\" \/>\n<link rel=\"canonical\" href=\"https:\/\/malin-krk.com\/en\/hotel-malin\/about-the-destination-malinska\/duboak-maritime-heritage-interpretation-centre\/\" \/>\n<meta property=\"og:locale\" content=\"en_US\" \/>\n<meta property=\"og:type\" content=\"article\" \/>\n<meta property=\"og:title\" content=\"DUBoak - Maritime Heritage Interpretation Centre - Malin Krk\" \/>\n<meta property=\"og:description\" content=\"DUBoak interpretacijski centar maritimne ba\u0161tine u Malinskoj na otoku Krku odli\u010dna je destinacija za cijelu obitelj. Saznajte vi\u0161e!\" \/>\n<meta property=\"og:url\" content=\"https:\/\/malin-krk.com\/en\/hotel-malin\/about-the-destination-malinska\/duboak-maritime-heritage-interpretation-centre\/\" \/>\n<meta property=\"og:site_name\" content=\"Malin Krk\" \/>\n<meta property=\"article:publisher\" content=\"https:\/\/www.facebook.com\/hotelmalin\/\" \/>\n<meta property=\"article:modified_time\" content=\"2022-07-25T09:15:10+00:00\" \/>\n<meta property=\"og:image\" content=\"https:\/\/malin-krk.com\/wp-content\/uploads\/2022\/07\/Duboak-Malinska-hotel-Malin.jpg\" \/>\n\t<meta property=\"og:image:width\" content=\"2048\" \/>\n\t<meta property=\"og:image:height\" content=\"1537\" \/>\n\t<meta property=\"og:image:type\" content=\"image\/jpeg\" \/>\n<meta name=\"twitter:card\" content=\"summary_large_image\" \/>\n<script type=\"application\/ld+json\" class=\"yoast-schema-graph\">{\"@context\":\"https:\\\/\\\/schema.org\",\"@graph\":[{\"@type\":\"WebPage\",\"@id\":\"https:\\\/\\\/malin-krk.com\\\/en\\\/hotel-malin\\\/about-the-destination-malinska\\\/duboak-maritime-heritage-interpretation-centre\\\/\",\"url\":\"https:\\\/\\\/malin-krk.com\\\/en\\\/hotel-malin\\\/about-the-destination-malinska\\\/duboak-maritime-heritage-interpretation-centre\\\/\",\"name\":\"DUBoak - Maritime Heritage Interpretation Centre - Malin Krk\",\"isPartOf\":{\"@id\":\"https:\\\/\\\/malin-krk.com\\\/#website\"},\"primaryImageOfPage\":{\"@id\":\"https:\\\/\\\/malin-krk.com\\\/en\\\/hotel-malin\\\/about-the-destination-malinska\\\/duboak-maritime-heritage-interpretation-centre\\\/#primaryimage\"},\"image\":{\"@id\":\"https:\\\/\\\/malin-krk.com\\\/en\\\/hotel-malin\\\/about-the-destination-malinska\\\/duboak-maritime-heritage-interpretation-centre\\\/#primaryimage\"},\"thumbnailUrl\":\"https:\\\/\\\/malin-krk.com\\\/wp-content\\\/uploads\\\/2022\\\/07\\\/Duboak-Malinska-hotel-Malin.jpg\",\"datePublished\":\"2022-07-22T10:55:49+00:00\",\"dateModified\":\"2022-07-25T09:15:10+00:00\",\"description\":\"DUBoak interpretacijski centar maritimne ba\u0161tine u Malinskoj na otoku Krku odli\u010dna je destinacija za cijelu obitelj. Saznajte vi\u0161e!\",\"breadcrumb\":{\"@id\":\"https:\\\/\\\/malin-krk.com\\\/en\\\/hotel-malin\\\/about-the-destination-malinska\\\/duboak-maritime-heritage-interpretation-centre\\\/#breadcrumb\"},\"inLanguage\":\"en-US\",\"potentialAction\":[{\"@type\":\"ReadAction\",\"target\":[\"https:\\\/\\\/malin-krk.com\\\/en\\\/hotel-malin\\\/about-the-destination-malinska\\\/duboak-maritime-heritage-interpretation-centre\\\/\"]}]},{\"@type\":\"ImageObject\",\"inLanguage\":\"en-US\",\"@id\":\"https:\\\/\\\/malin-krk.com\\\/en\\\/hotel-malin\\\/about-the-destination-malinska\\\/duboak-maritime-heritage-interpretation-centre\\\/#primaryimage\",\"url\":\"https:\\\/\\\/malin-krk.com\\\/wp-content\\\/uploads\\\/2022\\\/07\\\/Duboak-Malinska-hotel-Malin.jpg\",\"contentUrl\":\"https:\\\/\\\/malin-krk.com\\\/wp-content\\\/uploads\\\/2022\\\/07\\\/Duboak-Malinska-hotel-Malin.jpg\",\"width\":2048,\"height\":1537},{\"@type\":\"BreadcrumbList\",\"@id\":\"https:\\\/\\\/malin-krk.com\\\/en\\\/hotel-malin\\\/about-the-destination-malinska\\\/duboak-maritime-heritage-interpretation-centre\\\/#breadcrumb\",\"itemListElement\":[{\"@type\":\"ListItem\",\"position\":1,\"name\":\"Home\",\"item\":\"https:\\\/\\\/malin-krk.com\\\/en\\\/\"},{\"@type\":\"ListItem\",\"position\":2,\"name\":\"Hotel Malin\",\"item\":\"https:\\\/\\\/malin-krk.com\\\/en\\\/hotel-malin\\\/\"},{\"@type\":\"ListItem\",\"position\":3,\"name\":\"About the destination &#8211; Malinska\",\"item\":\"https:\\\/\\\/malin-krk.com\\\/en\\\/hotel-malin\\\/about-the-destination-malinska\\\/\"},{\"@type\":\"ListItem\",\"position\":4,\"name\":\"DUBoak &#8211; Maritime Heritage Interpretation Centre\"}]},{\"@type\":\"WebSite\",\"@id\":\"https:\\\/\\\/malin-krk.com\\\/#website\",\"url\":\"https:\\\/\\\/malin-krk.com\\\/\",\"name\":\"Malin Krk\",\"description\":\"\",\"publisher\":{\"@id\":\"https:\\\/\\\/malin-krk.com\\\/#organization\"},\"potentialAction\":[{\"@type\":\"SearchAction\",\"target\":{\"@type\":\"EntryPoint\",\"urlTemplate\":\"https:\\\/\\\/malin-krk.com\\\/?s={search_term_string}\"},\"query-input\":{\"@type\":\"PropertyValueSpecification\",\"valueRequired\":true,\"valueName\":\"search_term_string\"}}],\"inLanguage\":\"en-US\"},{\"@type\":\"Organization\",\"@id\":\"https:\\\/\\\/malin-krk.com\\\/#organization\",\"name\":\"Malin Krk\",\"url\":\"https:\\\/\\\/malin-krk.com\\\/\",\"logo\":{\"@type\":\"ImageObject\",\"inLanguage\":\"en-US\",\"@id\":\"https:\\\/\\\/malin-krk.com\\\/#\\\/schema\\\/logo\\\/image\\\/\",\"url\":\"https:\\\/\\\/malin-krk.com\\\/wp-content\\\/uploads\\\/2024\\\/02\\\/malin-logo.jpg\",\"contentUrl\":\"https:\\\/\\\/malin-krk.com\\\/wp-content\\\/uploads\\\/2024\\\/02\\\/malin-logo.jpg\",\"width\":280,\"height\":96,\"caption\":\"Malin Krk\"},\"image\":{\"@id\":\"https:\\\/\\\/malin-krk.com\\\/#\\\/schema\\\/logo\\\/image\\\/\"},\"sameAs\":[\"https:\\\/\\\/www.facebook.com\\\/hotelmalin\\\/\"]}]}<\/script>\n<!-- \/ Yoast SEO plugin. -->","yoast_head_json":{"title":"DUBoak - Maritime Heritage Interpretation Centre - Malin Krk","description":"DUBoak interpretacijski centar maritimne ba\u0161tine u Malinskoj na otoku Krku odli\u010dna je destinacija za cijelu obitelj. Saznajte vi\u0161e!","robots":{"index":"index","follow":"follow","max-snippet":"max-snippet:-1","max-image-preview":"max-image-preview:large","max-video-preview":"max-video-preview:-1"},"canonical":"https:\/\/malin-krk.com\/en\/hotel-malin\/about-the-destination-malinska\/duboak-maritime-heritage-interpretation-centre\/","og_locale":"en_US","og_type":"article","og_title":"DUBoak - Maritime Heritage Interpretation Centre - Malin Krk","og_description":"DUBoak interpretacijski centar maritimne ba\u0161tine u Malinskoj na otoku Krku odli\u010dna je destinacija za cijelu obitelj. Saznajte vi\u0161e!","og_url":"https:\/\/malin-krk.com\/en\/hotel-malin\/about-the-destination-malinska\/duboak-maritime-heritage-interpretation-centre\/","og_site_name":"Malin Krk","article_publisher":"https:\/\/www.facebook.com\/hotelmalin\/","article_modified_time":"2022-07-25T09:15:10+00:00","og_image":[{"width":2048,"height":1537,"url":"https:\/\/malin-krk.com\/wp-content\/uploads\/2022\/07\/Duboak-Malinska-hotel-Malin.jpg","type":"image\/jpeg"}],"twitter_card":"summary_large_image","schema":{"@context":"https:\/\/schema.org","@graph":[{"@type":"WebPage","@id":"https:\/\/malin-krk.com\/en\/hotel-malin\/about-the-destination-malinska\/duboak-maritime-heritage-interpretation-centre\/","url":"https:\/\/malin-krk.com\/en\/hotel-malin\/about-the-destination-malinska\/duboak-maritime-heritage-interpretation-centre\/","name":"DUBoak - Maritime Heritage Interpretation Centre - Malin Krk","isPartOf":{"@id":"https:\/\/malin-krk.com\/#website"},"primaryImageOfPage":{"@id":"https:\/\/malin-krk.com\/en\/hotel-malin\/about-the-destination-malinska\/duboak-maritime-heritage-interpretation-centre\/#primaryimage"},"image":{"@id":"https:\/\/malin-krk.com\/en\/hotel-malin\/about-the-destination-malinska\/duboak-maritime-heritage-interpretation-centre\/#primaryimage"},"thumbnailUrl":"https:\/\/malin-krk.com\/wp-content\/uploads\/2022\/07\/Duboak-Malinska-hotel-Malin.jpg","datePublished":"2022-07-22T10:55:49+00:00","dateModified":"2022-07-25T09:15:10+00:00","description":"DUBoak interpretacijski centar maritimne ba\u0161tine u Malinskoj na otoku Krku odli\u010dna je destinacija za cijelu obitelj. Saznajte vi\u0161e!","breadcrumb":{"@id":"https:\/\/malin-krk.com\/en\/hotel-malin\/about-the-destination-malinska\/duboak-maritime-heritage-interpretation-centre\/#breadcrumb"},"inLanguage":"en-US","potentialAction":[{"@type":"ReadAction","target":["https:\/\/malin-krk.com\/en\/hotel-malin\/about-the-destination-malinska\/duboak-maritime-heritage-interpretation-centre\/"]}]},{"@type":"ImageObject","inLanguage":"en-US","@id":"https:\/\/malin-krk.com\/en\/hotel-malin\/about-the-destination-malinska\/duboak-maritime-heritage-interpretation-centre\/#primaryimage","url":"https:\/\/malin-krk.com\/wp-content\/uploads\/2022\/07\/Duboak-Malinska-hotel-Malin.jpg","contentUrl":"https:\/\/malin-krk.com\/wp-content\/uploads\/2022\/07\/Duboak-Malinska-hotel-Malin.jpg","width":2048,"height":1537},{"@type":"BreadcrumbList","@id":"https:\/\/malin-krk.com\/en\/hotel-malin\/about-the-destination-malinska\/duboak-maritime-heritage-interpretation-centre\/#breadcrumb","itemListElement":[{"@type":"ListItem","position":1,"name":"Home","item":"https:\/\/malin-krk.com\/en\/"},{"@type":"ListItem","position":2,"name":"Hotel Malin","item":"https:\/\/malin-krk.com\/en\/hotel-malin\/"},{"@type":"ListItem","position":3,"name":"About the destination &#8211; Malinska","item":"https:\/\/malin-krk.com\/en\/hotel-malin\/about-the-destination-malinska\/"},{"@type":"ListItem","position":4,"name":"DUBoak &#8211; Maritime Heritage Interpretation Centre"}]},{"@type":"WebSite","@id":"https:\/\/malin-krk.com\/#website","url":"https:\/\/malin-krk.com\/","name":"Malin Krk","description":"","publisher":{"@id":"https:\/\/malin-krk.com\/#organization"},"potentialAction":[{"@type":"SearchAction","target":{"@type":"EntryPoint","urlTemplate":"https:\/\/malin-krk.com\/?s={search_term_string}"},"query-input":{"@type":"PropertyValueSpecification","valueRequired":true,"valueName":"search_term_string"}}],"inLanguage":"en-US"},{"@type":"Organization","@id":"https:\/\/malin-krk.com\/#organization","name":"Malin Krk","url":"https:\/\/malin-krk.com\/","logo":{"@type":"ImageObject","inLanguage":"en-US","@id":"https:\/\/malin-krk.com\/#\/schema\/logo\/image\/","url":"https:\/\/malin-krk.com\/wp-content\/uploads\/2024\/02\/malin-logo.jpg","contentUrl":"https:\/\/malin-krk.com\/wp-content\/uploads\/2024\/02\/malin-logo.jpg","width":280,"height":96,"caption":"Malin Krk"},"image":{"@id":"https:\/\/malin-krk.com\/#\/schema\/logo\/image\/"},"sameAs":["https:\/\/www.facebook.com\/hotelmalin\/"]}]}},"_links":{"self":[{"href":"https:\/\/malin-krk.com\/en\/wp-json\/wp\/v2\/pages\/23725","targetHints":{"allow":["GET"]}}],"collection":[{"href":"https:\/\/malin-krk.com\/en\/wp-json\/wp\/v2\/pages"}],"about":[{"href":"https:\/\/malin-krk.com\/en\/wp-json\/wp\/v2\/types\/page"}],"author":[{"embeddable":true,"href":"https:\/\/malin-krk.com\/en\/wp-json\/wp\/v2\/users\/2"}],"replies":[{"embeddable":true,"href":"https:\/\/malin-krk.com\/en\/wp-json\/wp\/v2\/comments?post=23725"}],"version-history":[{"count":3,"href":"https:\/\/malin-krk.com\/en\/wp-json\/wp\/v2\/pages\/23725\/revisions"}],"predecessor-version":[{"id":23728,"href":"https:\/\/malin-krk.com\/en\/wp-json\/wp\/v2\/pages\/23725\/revisions\/23728"}],"up":[{"embeddable":true,"href":"https:\/\/malin-krk.com\/en\/wp-json\/wp\/v2\/pages\/23572"}],"wp:featuredmedia":[{"embeddable":true,"href":"https:\/\/malin-krk.com\/en\/wp-json\/wp\/v2\/media\/23627"}],"wp:attachment":[{"href":"https:\/\/malin-krk.com\/en\/wp-json\/wp\/v2\/media?parent=23725"}],"curies":[{"name":"wp","href":"https:\/\/api.w.org\/{rel}","templated":true}]}}