{"id":1625,"date":"2018-02-15T10:13:35","date_gmt":"2018-02-15T09:13:35","guid":{"rendered":"https:\/\/www.malin-krk.com\/_novo\/restorani\/restoran-portic\/"},"modified":"2023-04-25T12:56:26","modified_gmt":"2023-04-25T10:56:26","slug":"portic","status":"publish","type":"page","link":"https:\/\/malin-krk.com\/en\/gastronomy\/restaurants\/portic\/","title":{"rendered":"Porti\u0107 Restaurant"},"content":{"rendered":"<!DOCTYPE html PUBLIC \"-\/\/W3C\/\/DTD HTML 4.0 Transitional\/\/EN\" \"http:\/\/www.w3.org\/TR\/REC-html40\/loose.dtd\">\n<html><body><p>In the small fishing village of &Scaron;ilo, located on that part of the island overlooking the mainland and Crikvenica, you will find the&nbsp;Porti&#263; &agrave; la carte restaurant. Along with its fresh fish and seafood delicacies within a real coastal backdrop, the Porti&#263; offers excellent local specialities that are worthy of being tasted.<\/p>\n<\/body><\/html>\n","protected":false},"excerpt":{"rendered":"<p>In the small fishing village of &Scaron;ilo, located on that part of the island overlooking the mainland and Crikvenica, you will find the&nbsp;Porti&#263; &agrave; la carte restaurant. Along with its fresh fish and seafood delicacies within a real coastal backdrop, the Porti&#263; offers excellent local specialities that are worthy of being tasted.<\/p>\n","protected":false},"author":3,"featured_media":19937,"parent":1613,"menu_order":2,"comment_status":"closed","ping_status":"closed","template":"","meta":{"_acf_changed":false,"footnotes":""},"class_list":["post-1625","page","type-page","status-publish","has-post-thumbnail","hentry"],"acf":[],"yoast_head":"<!-- This site is optimized with the Yoast SEO plugin v27.5 - https:\/\/yoast.com\/product\/yoast-seo-wordpress\/ -->\n<title>Varied tastes of the Porti\u0107 restaurant in the town of \u0160ilo<\/title>\n<meta name=\"description\" content=\"Sea delicacies and great local specialities are but a part of the varied gastronomic offer by \u00e0 la carte restaurant Porti\u0107 in \u0160ilo. Click and find out more\" \/>\n<meta name=\"robots\" content=\"index, follow, max-snippet:-1, max-image-preview:large, max-video-preview:-1\" \/>\n<link rel=\"canonical\" href=\"https:\/\/malin-krk.com\/en\/gastronomy\/restaurants\/portic\/\" \/>\n<meta property=\"og:locale\" content=\"en_US\" \/>\n<meta property=\"og:type\" content=\"article\" \/>\n<meta property=\"og:title\" content=\"Varied tastes of the Porti\u0107 restaurant in the town of \u0160ilo\" \/>\n<meta property=\"og:description\" content=\"Sea delicacies and great local specialities are but a part of the varied gastronomic offer by \u00e0 la carte restaurant Porti\u0107 in \u0160ilo. Click and find out more\" \/>\n<meta property=\"og:url\" content=\"https:\/\/malin-krk.com\/en\/gastronomy\/restaurants\/portic\/\" \/>\n<meta property=\"og:site_name\" content=\"Malin Krk\" \/>\n<meta property=\"article:publisher\" content=\"https:\/\/www.facebook.com\/hotelmalin\/\" \/>\n<meta property=\"article:modified_time\" content=\"2023-04-25T10:56:26+00:00\" \/>\n<meta property=\"og:image\" content=\"https:\/\/malin-krk.com\/wp-content\/uploads\/2020\/10\/malin11-Copy.jpg\" \/>\n\t<meta property=\"og:image:width\" content=\"1200\" \/>\n\t<meta property=\"og:image:height\" content=\"800\" \/>\n\t<meta property=\"og:image:type\" content=\"image\/jpeg\" \/>\n<meta name=\"twitter:card\" content=\"summary_large_image\" \/>\n<script type=\"application\/ld+json\" class=\"yoast-schema-graph\">{\"@context\":\"https:\\\/\\\/schema.org\",\"@graph\":[{\"@type\":\"WebPage\",\"@id\":\"https:\\\/\\\/malin-krk.com\\\/en\\\/gastronomy\\\/restaurants\\\/portic\\\/\",\"url\":\"https:\\\/\\\/malin-krk.com\\\/en\\\/gastronomy\\\/restaurants\\\/portic\\\/\",\"name\":\"Varied tastes of the Porti\u0107 restaurant in the town of \u0160ilo\",\"isPartOf\":{\"@id\":\"https:\\\/\\\/malin-krk.com\\\/#website\"},\"primaryImageOfPage\":{\"@id\":\"https:\\\/\\\/malin-krk.com\\\/en\\\/gastronomy\\\/restaurants\\\/portic\\\/#primaryimage\"},\"image\":{\"@id\":\"https:\\\/\\\/malin-krk.com\\\/en\\\/gastronomy\\\/restaurants\\\/portic\\\/#primaryimage\"},\"thumbnailUrl\":\"https:\\\/\\\/malin-krk.com\\\/wp-content\\\/uploads\\\/2020\\\/10\\\/malin11-Copy.jpg\",\"datePublished\":\"2018-02-15T09:13:35+00:00\",\"dateModified\":\"2023-04-25T10:56:26+00:00\",\"description\":\"Sea delicacies and great local specialities are but a part of the varied gastronomic offer by \u00e0 la carte restaurant Porti\u0107 in \u0160ilo. Click and find out more\",\"breadcrumb\":{\"@id\":\"https:\\\/\\\/malin-krk.com\\\/en\\\/gastronomy\\\/restaurants\\\/portic\\\/#breadcrumb\"},\"inLanguage\":\"en-US\",\"potentialAction\":[{\"@type\":\"ReadAction\",\"target\":[\"https:\\\/\\\/malin-krk.com\\\/en\\\/gastronomy\\\/restaurants\\\/portic\\\/\"]}]},{\"@type\":\"ImageObject\",\"inLanguage\":\"en-US\",\"@id\":\"https:\\\/\\\/malin-krk.com\\\/en\\\/gastronomy\\\/restaurants\\\/portic\\\/#primaryimage\",\"url\":\"https:\\\/\\\/malin-krk.com\\\/wp-content\\\/uploads\\\/2020\\\/10\\\/malin11-Copy.jpg\",\"contentUrl\":\"https:\\\/\\\/malin-krk.com\\\/wp-content\\\/uploads\\\/2020\\\/10\\\/malin11-Copy.jpg\",\"width\":1200,\"height\":800},{\"@type\":\"BreadcrumbList\",\"@id\":\"https:\\\/\\\/malin-krk.com\\\/en\\\/gastronomy\\\/restaurants\\\/portic\\\/#breadcrumb\",\"itemListElement\":[{\"@type\":\"ListItem\",\"position\":1,\"name\":\"Home\",\"item\":\"https:\\\/\\\/malin-krk.com\\\/en\\\/\"},{\"@type\":\"ListItem\",\"position\":2,\"name\":\"Gastronomy\",\"item\":\"https:\\\/\\\/malin-krk.com\\\/en\\\/gastronomy\\\/\"},{\"@type\":\"ListItem\",\"position\":3,\"name\":\"Restaurants\",\"item\":\"https:\\\/\\\/malin-krk.com\\\/en\\\/gastronomy\\\/restaurants\\\/\"},{\"@type\":\"ListItem\",\"position\":4,\"name\":\"Porti\u0107 Restaurant\"}]},{\"@type\":\"WebSite\",\"@id\":\"https:\\\/\\\/malin-krk.com\\\/#website\",\"url\":\"https:\\\/\\\/malin-krk.com\\\/\",\"name\":\"Malin Krk\",\"description\":\"\",\"publisher\":{\"@id\":\"https:\\\/\\\/malin-krk.com\\\/#organization\"},\"potentialAction\":[{\"@type\":\"SearchAction\",\"target\":{\"@type\":\"EntryPoint\",\"urlTemplate\":\"https:\\\/\\\/malin-krk.com\\\/?s={search_term_string}\"},\"query-input\":{\"@type\":\"PropertyValueSpecification\",\"valueRequired\":true,\"valueName\":\"search_term_string\"}}],\"inLanguage\":\"en-US\"},{\"@type\":\"Organization\",\"@id\":\"https:\\\/\\\/malin-krk.com\\\/#organization\",\"name\":\"Malin Krk\",\"url\":\"https:\\\/\\\/malin-krk.com\\\/\",\"logo\":{\"@type\":\"ImageObject\",\"inLanguage\":\"en-US\",\"@id\":\"https:\\\/\\\/malin-krk.com\\\/#\\\/schema\\\/logo\\\/image\\\/\",\"url\":\"https:\\\/\\\/malin-krk.com\\\/wp-content\\\/uploads\\\/2024\\\/02\\\/malin-logo.jpg\",\"contentUrl\":\"https:\\\/\\\/malin-krk.com\\\/wp-content\\\/uploads\\\/2024\\\/02\\\/malin-logo.jpg\",\"width\":280,\"height\":96,\"caption\":\"Malin Krk\"},\"image\":{\"@id\":\"https:\\\/\\\/malin-krk.com\\\/#\\\/schema\\\/logo\\\/image\\\/\"},\"sameAs\":[\"https:\\\/\\\/www.facebook.com\\\/hotelmalin\\\/\"]}]}<\/script>\n<!-- \/ Yoast SEO plugin. -->","yoast_head_json":{"title":"Varied tastes of the Porti\u0107 restaurant in the town of \u0160ilo","description":"Sea delicacies and great local specialities are but a part of the varied gastronomic offer by \u00e0 la carte restaurant Porti\u0107 in \u0160ilo. Click and find out more","robots":{"index":"index","follow":"follow","max-snippet":"max-snippet:-1","max-image-preview":"max-image-preview:large","max-video-preview":"max-video-preview:-1"},"canonical":"https:\/\/malin-krk.com\/en\/gastronomy\/restaurants\/portic\/","og_locale":"en_US","og_type":"article","og_title":"Varied tastes of the Porti\u0107 restaurant in the town of \u0160ilo","og_description":"Sea delicacies and great local specialities are but a part of the varied gastronomic offer by \u00e0 la carte restaurant Porti\u0107 in \u0160ilo. Click and find out more","og_url":"https:\/\/malin-krk.com\/en\/gastronomy\/restaurants\/portic\/","og_site_name":"Malin Krk","article_publisher":"https:\/\/www.facebook.com\/hotelmalin\/","article_modified_time":"2023-04-25T10:56:26+00:00","og_image":[{"width":1200,"height":800,"url":"https:\/\/malin-krk.com\/wp-content\/uploads\/2020\/10\/malin11-Copy.jpg","type":"image\/jpeg"}],"twitter_card":"summary_large_image","schema":{"@context":"https:\/\/schema.org","@graph":[{"@type":"WebPage","@id":"https:\/\/malin-krk.com\/en\/gastronomy\/restaurants\/portic\/","url":"https:\/\/malin-krk.com\/en\/gastronomy\/restaurants\/portic\/","name":"Varied tastes of the Porti\u0107 restaurant in the town of \u0160ilo","isPartOf":{"@id":"https:\/\/malin-krk.com\/#website"},"primaryImageOfPage":{"@id":"https:\/\/malin-krk.com\/en\/gastronomy\/restaurants\/portic\/#primaryimage"},"image":{"@id":"https:\/\/malin-krk.com\/en\/gastronomy\/restaurants\/portic\/#primaryimage"},"thumbnailUrl":"https:\/\/malin-krk.com\/wp-content\/uploads\/2020\/10\/malin11-Copy.jpg","datePublished":"2018-02-15T09:13:35+00:00","dateModified":"2023-04-25T10:56:26+00:00","description":"Sea delicacies and great local specialities are but a part of the varied gastronomic offer by \u00e0 la carte restaurant Porti\u0107 in \u0160ilo. Click and find out more","breadcrumb":{"@id":"https:\/\/malin-krk.com\/en\/gastronomy\/restaurants\/portic\/#breadcrumb"},"inLanguage":"en-US","potentialAction":[{"@type":"ReadAction","target":["https:\/\/malin-krk.com\/en\/gastronomy\/restaurants\/portic\/"]}]},{"@type":"ImageObject","inLanguage":"en-US","@id":"https:\/\/malin-krk.com\/en\/gastronomy\/restaurants\/portic\/#primaryimage","url":"https:\/\/malin-krk.com\/wp-content\/uploads\/2020\/10\/malin11-Copy.jpg","contentUrl":"https:\/\/malin-krk.com\/wp-content\/uploads\/2020\/10\/malin11-Copy.jpg","width":1200,"height":800},{"@type":"BreadcrumbList","@id":"https:\/\/malin-krk.com\/en\/gastronomy\/restaurants\/portic\/#breadcrumb","itemListElement":[{"@type":"ListItem","position":1,"name":"Home","item":"https:\/\/malin-krk.com\/en\/"},{"@type":"ListItem","position":2,"name":"Gastronomy","item":"https:\/\/malin-krk.com\/en\/gastronomy\/"},{"@type":"ListItem","position":3,"name":"Restaurants","item":"https:\/\/malin-krk.com\/en\/gastronomy\/restaurants\/"},{"@type":"ListItem","position":4,"name":"Porti\u0107 Restaurant"}]},{"@type":"WebSite","@id":"https:\/\/malin-krk.com\/#website","url":"https:\/\/malin-krk.com\/","name":"Malin Krk","description":"","publisher":{"@id":"https:\/\/malin-krk.com\/#organization"},"potentialAction":[{"@type":"SearchAction","target":{"@type":"EntryPoint","urlTemplate":"https:\/\/malin-krk.com\/?s={search_term_string}"},"query-input":{"@type":"PropertyValueSpecification","valueRequired":true,"valueName":"search_term_string"}}],"inLanguage":"en-US"},{"@type":"Organization","@id":"https:\/\/malin-krk.com\/#organization","name":"Malin Krk","url":"https:\/\/malin-krk.com\/","logo":{"@type":"ImageObject","inLanguage":"en-US","@id":"https:\/\/malin-krk.com\/#\/schema\/logo\/image\/","url":"https:\/\/malin-krk.com\/wp-content\/uploads\/2024\/02\/malin-logo.jpg","contentUrl":"https:\/\/malin-krk.com\/wp-content\/uploads\/2024\/02\/malin-logo.jpg","width":280,"height":96,"caption":"Malin Krk"},"image":{"@id":"https:\/\/malin-krk.com\/#\/schema\/logo\/image\/"},"sameAs":["https:\/\/www.facebook.com\/hotelmalin\/"]}]}},"_links":{"self":[{"href":"https:\/\/malin-krk.com\/en\/wp-json\/wp\/v2\/pages\/1625","targetHints":{"allow":["GET"]}}],"collection":[{"href":"https:\/\/malin-krk.com\/en\/wp-json\/wp\/v2\/pages"}],"about":[{"href":"https:\/\/malin-krk.com\/en\/wp-json\/wp\/v2\/types\/page"}],"author":[{"embeddable":true,"href":"https:\/\/malin-krk.com\/en\/wp-json\/wp\/v2\/users\/3"}],"replies":[{"embeddable":true,"href":"https:\/\/malin-krk.com\/en\/wp-json\/wp\/v2\/comments?post=1625"}],"version-history":[{"count":10,"href":"https:\/\/malin-krk.com\/en\/wp-json\/wp\/v2\/pages\/1625\/revisions"}],"predecessor-version":[{"id":27723,"href":"https:\/\/malin-krk.com\/en\/wp-json\/wp\/v2\/pages\/1625\/revisions\/27723"}],"up":[{"embeddable":true,"href":"https:\/\/malin-krk.com\/en\/wp-json\/wp\/v2\/pages\/1613"}],"wp:featuredmedia":[{"embeddable":true,"href":"https:\/\/malin-krk.com\/en\/wp-json\/wp\/v2\/media\/19937"}],"wp:attachment":[{"href":"https:\/\/malin-krk.com\/en\/wp-json\/wp\/v2\/media?parent=1625"}],"curies":[{"name":"wp","href":"https:\/\/api.w.org\/{rel}","templated":true}]}}