{"id":8760,"date":"2019-02-22T09:27:09","date_gmt":"2019-02-22T08:27:09","guid":{"rendered":"https:\/\/malin-krk.com\/?page_id=8760"},"modified":"2025-06-17T14:04:38","modified_gmt":"2025-06-17T12:04:38","slug":"kids-club","status":"publish","type":"page","link":"https:\/\/malin-krk.com\/de\/freizeit-und-erholung\/kids-club\/","title":{"rendered":"Kinderklub im Hotel Malin"},"content":{"rendered":"<!DOCTYPE html PUBLIC \"-\/\/W3C\/\/DTD HTML 4.0 Transitional\/\/EN\" \"http:\/\/www.w3.org\/TR\/REC-html40\/loose.dtd\">\n<html><body><p>Dass Ihr Urlaub im Hotel Malin auch den j&uuml;ngsten Mitgliedern Ihrer Familie in wundersch&ouml;ner Erinnerung bleibt, daf&uuml;r sorgt das Animationsteam in unserem Kinderklub.<\/p>\n<p>Kreative Workshops, Karaoke, Tanz, Mini-Disco, Sportaktivit&auml;ten und diverse Wettk&auml;mpfe &ndash; all dies und vieles mehr halten wir in unserem Kinderklub f&uuml;r einen unvergesslichen Aufenthalt aller Kinder bei uns im Hotel Malin bereit.<\/p>\n<p>Ihre Kinder k&ouml;nnen sich in der sicheren Umgebung unseres Klubs so richtig austoben und sich auf wundersch&ouml;ne Erlebnisse freuen, an die sie sich immer gerne erinnern werden.<\/p>\n<p><strong>In den Sommermonaten wird Kinderanimation angeboten, die den Kindern eine sichere und unterhaltsame Umgebung zum Spielen und Sozialisieren bietet.<\/strong><\/p>\n<p><img decoding=\"async\" class=\"aligncenter wp-image-32778 size-large\" src=\"https:\/\/malin-krk.com\/wp-content\/uploads\/2025\/06\/3-1-1024x1024.png\" alt=\"\" width=\"1024\" height=\"1024\" srcset=\"https:\/\/malin-krk.com\/wp-content\/uploads\/2025\/06\/3-1-1024x1024.png 1024w, https:\/\/malin-krk.com\/wp-content\/uploads\/2025\/06\/3-1-300x300.png 300w, https:\/\/malin-krk.com\/wp-content\/uploads\/2025\/06\/3-1-150x150.png 150w, https:\/\/malin-krk.com\/wp-content\/uploads\/2025\/06\/3-1-768x768.png 768w, https:\/\/malin-krk.com\/wp-content\/uploads\/2025\/06\/3-1-370x370.png 370w, https:\/\/malin-krk.com\/wp-content\/uploads\/2025\/06\/3-1-400x400.png 400w, https:\/\/malin-krk.com\/wp-content\/uploads\/2025\/06\/3-1-285x285.png 285w, https:\/\/malin-krk.com\/wp-content\/uploads\/2025\/06\/3-1-600x600.png 600w, https:\/\/malin-krk.com\/wp-content\/uploads\/2025\/06\/3-1.png 1080w\" sizes=\"(max-width: 1024px) 100vw, 1024px\" \/><\/p>\n<p><img decoding=\"async\" width=\"1024\" height=\"683\" class=\"aligncenter size-large wp-image-10549\" src=\"https:\/\/malin-krk.com\/wp-content\/uploads\/2019\/04\/IMG_0827-Edit-1024x683.jpg\" alt=\"Kinderklub im Hotel Malin\" srcset=\"https:\/\/malin-krk.com\/wp-content\/uploads\/2019\/04\/IMG_0827-Edit-1024x683.jpg 1024w, https:\/\/malin-krk.com\/wp-content\/uploads\/2019\/04\/IMG_0827-Edit-300x200.jpg 300w, https:\/\/malin-krk.com\/wp-content\/uploads\/2019\/04\/IMG_0827-Edit-768x512.jpg 768w, https:\/\/malin-krk.com\/wp-content\/uploads\/2019\/04\/IMG_0827-Edit.jpg 1453w\" sizes=\"(max-width: 1024px) 100vw, 1024px\" \/><\/p>\n<header><\/header>\n<p>&nbsp;<\/p>\n<\/body><\/html>\n","protected":false},"excerpt":{"rendered":"<p>Dass Ihr Urlaub im Hotel Malin auch den j&uuml;ngsten Mitgliedern Ihrer Familie in wundersch&ouml;ner Erinnerung bleibt, daf&uuml;r sorgt das Animationsteam in unserem Kinderklub. Kreative Workshops, Karaoke, Tanz, Mini-Disco, Sportaktivit&auml;ten und diverse Wettk&auml;mpfe &ndash; all dies und vieles mehr halten wir in unserem Kinderklub f&uuml;r einen unvergesslichen Aufenthalt aller Kinder bei uns im Hotel Malin bereit. [&hellip;]<\/p>\n","protected":false},"author":3,"featured_media":10551,"parent":3117,"menu_order":2,"comment_status":"closed","ping_status":"closed","template":"","meta":{"_acf_changed":false,"footnotes":""},"class_list":["post-8760","page","type-page","status-publish","has-post-thumbnail","hentry"],"acf":[],"yoast_head":"<!-- This site is optimized with the Yoast SEO plugin v27.5 - https:\/\/yoast.com\/product\/yoast-seo-wordpress\/ -->\n<title>Dje\u010dji klub hotela Malin - Malin Krk<\/title>\n<meta name=\"description\" content=\"Dass Ihr Urlaub im Hotel Malin auch den j\u00fcngsten Mitgliedern Ihrer Familie in wundersch\u00f6ner Erinnerung bleibt, daf\u00fcr sorgt das Animationsteam in unserem Kinderklub.\" \/>\n<meta name=\"robots\" content=\"index, follow, max-snippet:-1, max-image-preview:large, max-video-preview:-1\" \/>\n<link rel=\"canonical\" href=\"https:\/\/malin-krk.com\/de\/freizeit-und-erholung\/kids-club\/\" \/>\n<meta property=\"og:locale\" content=\"de_DE\" \/>\n<meta property=\"og:type\" content=\"article\" \/>\n<meta property=\"og:title\" content=\"Dje\u010dji klub hotela Malin - Malin Krk\" \/>\n<meta property=\"og:description\" content=\"Dass Ihr Urlaub im Hotel Malin auch den j\u00fcngsten Mitgliedern Ihrer Familie in wundersch\u00f6ner Erinnerung bleibt, daf\u00fcr sorgt das Animationsteam in unserem Kinderklub.\" \/>\n<meta property=\"og:url\" content=\"https:\/\/malin-krk.com\/de\/freizeit-und-erholung\/kids-club\/\" \/>\n<meta property=\"og:site_name\" content=\"Malin Krk\" \/>\n<meta property=\"article:publisher\" content=\"https:\/\/www.facebook.com\/hotelmalin\/\" \/>\n<meta property=\"article:modified_time\" content=\"2025-06-17T12:04:38+00:00\" \/>\n<meta property=\"og:image\" content=\"https:\/\/malin-krk.com\/wp-content\/uploads\/2019\/04\/IMG_0827-Edit.jpg\" \/>\n\t<meta property=\"og:image:width\" content=\"1453\" \/>\n\t<meta property=\"og:image:height\" content=\"969\" \/>\n\t<meta property=\"og:image:type\" content=\"image\/jpeg\" \/>\n<meta name=\"twitter:card\" content=\"summary_large_image\" \/>\n<script type=\"application\/ld+json\" class=\"yoast-schema-graph\">{\"@context\":\"https:\\\/\\\/schema.org\",\"@graph\":[{\"@type\":\"WebPage\",\"@id\":\"https:\\\/\\\/malin-krk.com\\\/de\\\/freizeit-und-erholung\\\/kids-club\\\/\",\"url\":\"https:\\\/\\\/malin-krk.com\\\/de\\\/freizeit-und-erholung\\\/kids-club\\\/\",\"name\":\"Dje\u010dji klub hotela Malin - Malin Krk\",\"isPartOf\":{\"@id\":\"https:\\\/\\\/malin-krk.com\\\/#website\"},\"primaryImageOfPage\":{\"@id\":\"https:\\\/\\\/malin-krk.com\\\/de\\\/freizeit-und-erholung\\\/kids-club\\\/#primaryimage\"},\"image\":{\"@id\":\"https:\\\/\\\/malin-krk.com\\\/de\\\/freizeit-und-erholung\\\/kids-club\\\/#primaryimage\"},\"thumbnailUrl\":\"https:\\\/\\\/malin-krk.com\\\/wp-content\\\/uploads\\\/2019\\\/04\\\/IMG_0827-Edit.jpg\",\"datePublished\":\"2019-02-22T08:27:09+00:00\",\"dateModified\":\"2025-06-17T12:04:38+00:00\",\"description\":\"Dass Ihr Urlaub im Hotel Malin auch den j\u00fcngsten Mitgliedern Ihrer Familie in wundersch\u00f6ner Erinnerung bleibt, daf\u00fcr sorgt das Animationsteam in unserem Kinderklub.\",\"breadcrumb\":{\"@id\":\"https:\\\/\\\/malin-krk.com\\\/de\\\/freizeit-und-erholung\\\/kids-club\\\/#breadcrumb\"},\"inLanguage\":\"de\",\"potentialAction\":[{\"@type\":\"ReadAction\",\"target\":[\"https:\\\/\\\/malin-krk.com\\\/de\\\/freizeit-und-erholung\\\/kids-club\\\/\"]}]},{\"@type\":\"ImageObject\",\"inLanguage\":\"de\",\"@id\":\"https:\\\/\\\/malin-krk.com\\\/de\\\/freizeit-und-erholung\\\/kids-club\\\/#primaryimage\",\"url\":\"https:\\\/\\\/malin-krk.com\\\/wp-content\\\/uploads\\\/2019\\\/04\\\/IMG_0827-Edit.jpg\",\"contentUrl\":\"https:\\\/\\\/malin-krk.com\\\/wp-content\\\/uploads\\\/2019\\\/04\\\/IMG_0827-Edit.jpg\",\"width\":1453,\"height\":969},{\"@type\":\"BreadcrumbList\",\"@id\":\"https:\\\/\\\/malin-krk.com\\\/de\\\/freizeit-und-erholung\\\/kids-club\\\/#breadcrumb\",\"itemListElement\":[{\"@type\":\"ListItem\",\"position\":1,\"name\":\"Home\",\"item\":\"https:\\\/\\\/malin-krk.com\\\/de\\\/\"},{\"@type\":\"ListItem\",\"position\":2,\"name\":\"Freizeit und Erholung\",\"item\":\"https:\\\/\\\/malin-krk.com\\\/de\\\/freizeit-und-erholung\\\/\"},{\"@type\":\"ListItem\",\"position\":3,\"name\":\"Kinderklub im Hotel Malin\"}]},{\"@type\":\"WebSite\",\"@id\":\"https:\\\/\\\/malin-krk.com\\\/#website\",\"url\":\"https:\\\/\\\/malin-krk.com\\\/\",\"name\":\"Malin Krk\",\"description\":\"\",\"publisher\":{\"@id\":\"https:\\\/\\\/malin-krk.com\\\/#organization\"},\"potentialAction\":[{\"@type\":\"SearchAction\",\"target\":{\"@type\":\"EntryPoint\",\"urlTemplate\":\"https:\\\/\\\/malin-krk.com\\\/?s={search_term_string}\"},\"query-input\":{\"@type\":\"PropertyValueSpecification\",\"valueRequired\":true,\"valueName\":\"search_term_string\"}}],\"inLanguage\":\"de\"},{\"@type\":\"Organization\",\"@id\":\"https:\\\/\\\/malin-krk.com\\\/#organization\",\"name\":\"Malin Krk\",\"url\":\"https:\\\/\\\/malin-krk.com\\\/\",\"logo\":{\"@type\":\"ImageObject\",\"inLanguage\":\"de\",\"@id\":\"https:\\\/\\\/malin-krk.com\\\/#\\\/schema\\\/logo\\\/image\\\/\",\"url\":\"https:\\\/\\\/malin-krk.com\\\/wp-content\\\/uploads\\\/2024\\\/02\\\/malin-logo.jpg\",\"contentUrl\":\"https:\\\/\\\/malin-krk.com\\\/wp-content\\\/uploads\\\/2024\\\/02\\\/malin-logo.jpg\",\"width\":280,\"height\":96,\"caption\":\"Malin Krk\"},\"image\":{\"@id\":\"https:\\\/\\\/malin-krk.com\\\/#\\\/schema\\\/logo\\\/image\\\/\"},\"sameAs\":[\"https:\\\/\\\/www.facebook.com\\\/hotelmalin\\\/\"]}]}<\/script>\n<!-- \/ Yoast SEO plugin. -->","yoast_head_json":{"title":"Dje\u010dji klub hotela Malin - Malin Krk","description":"Dass Ihr Urlaub im Hotel Malin auch den j\u00fcngsten Mitgliedern Ihrer Familie in wundersch\u00f6ner Erinnerung bleibt, daf\u00fcr sorgt das Animationsteam in unserem Kinderklub.","robots":{"index":"index","follow":"follow","max-snippet":"max-snippet:-1","max-image-preview":"max-image-preview:large","max-video-preview":"max-video-preview:-1"},"canonical":"https:\/\/malin-krk.com\/de\/freizeit-und-erholung\/kids-club\/","og_locale":"de_DE","og_type":"article","og_title":"Dje\u010dji klub hotela Malin - Malin Krk","og_description":"Dass Ihr Urlaub im Hotel Malin auch den j\u00fcngsten Mitgliedern Ihrer Familie in wundersch\u00f6ner Erinnerung bleibt, daf\u00fcr sorgt das Animationsteam in unserem Kinderklub.","og_url":"https:\/\/malin-krk.com\/de\/freizeit-und-erholung\/kids-club\/","og_site_name":"Malin Krk","article_publisher":"https:\/\/www.facebook.com\/hotelmalin\/","article_modified_time":"2025-06-17T12:04:38+00:00","og_image":[{"width":1453,"height":969,"url":"https:\/\/malin-krk.com\/wp-content\/uploads\/2019\/04\/IMG_0827-Edit.jpg","type":"image\/jpeg"}],"twitter_card":"summary_large_image","schema":{"@context":"https:\/\/schema.org","@graph":[{"@type":"WebPage","@id":"https:\/\/malin-krk.com\/de\/freizeit-und-erholung\/kids-club\/","url":"https:\/\/malin-krk.com\/de\/freizeit-und-erholung\/kids-club\/","name":"Dje\u010dji klub hotela Malin - Malin Krk","isPartOf":{"@id":"https:\/\/malin-krk.com\/#website"},"primaryImageOfPage":{"@id":"https:\/\/malin-krk.com\/de\/freizeit-und-erholung\/kids-club\/#primaryimage"},"image":{"@id":"https:\/\/malin-krk.com\/de\/freizeit-und-erholung\/kids-club\/#primaryimage"},"thumbnailUrl":"https:\/\/malin-krk.com\/wp-content\/uploads\/2019\/04\/IMG_0827-Edit.jpg","datePublished":"2019-02-22T08:27:09+00:00","dateModified":"2025-06-17T12:04:38+00:00","description":"Dass Ihr Urlaub im Hotel Malin auch den j\u00fcngsten Mitgliedern Ihrer Familie in wundersch\u00f6ner Erinnerung bleibt, daf\u00fcr sorgt das Animationsteam in unserem Kinderklub.","breadcrumb":{"@id":"https:\/\/malin-krk.com\/de\/freizeit-und-erholung\/kids-club\/#breadcrumb"},"inLanguage":"de","potentialAction":[{"@type":"ReadAction","target":["https:\/\/malin-krk.com\/de\/freizeit-und-erholung\/kids-club\/"]}]},{"@type":"ImageObject","inLanguage":"de","@id":"https:\/\/malin-krk.com\/de\/freizeit-und-erholung\/kids-club\/#primaryimage","url":"https:\/\/malin-krk.com\/wp-content\/uploads\/2019\/04\/IMG_0827-Edit.jpg","contentUrl":"https:\/\/malin-krk.com\/wp-content\/uploads\/2019\/04\/IMG_0827-Edit.jpg","width":1453,"height":969},{"@type":"BreadcrumbList","@id":"https:\/\/malin-krk.com\/de\/freizeit-und-erholung\/kids-club\/#breadcrumb","itemListElement":[{"@type":"ListItem","position":1,"name":"Home","item":"https:\/\/malin-krk.com\/de\/"},{"@type":"ListItem","position":2,"name":"Freizeit und Erholung","item":"https:\/\/malin-krk.com\/de\/freizeit-und-erholung\/"},{"@type":"ListItem","position":3,"name":"Kinderklub im Hotel Malin"}]},{"@type":"WebSite","@id":"https:\/\/malin-krk.com\/#website","url":"https:\/\/malin-krk.com\/","name":"Malin Krk","description":"","publisher":{"@id":"https:\/\/malin-krk.com\/#organization"},"potentialAction":[{"@type":"SearchAction","target":{"@type":"EntryPoint","urlTemplate":"https:\/\/malin-krk.com\/?s={search_term_string}"},"query-input":{"@type":"PropertyValueSpecification","valueRequired":true,"valueName":"search_term_string"}}],"inLanguage":"de"},{"@type":"Organization","@id":"https:\/\/malin-krk.com\/#organization","name":"Malin Krk","url":"https:\/\/malin-krk.com\/","logo":{"@type":"ImageObject","inLanguage":"de","@id":"https:\/\/malin-krk.com\/#\/schema\/logo\/image\/","url":"https:\/\/malin-krk.com\/wp-content\/uploads\/2024\/02\/malin-logo.jpg","contentUrl":"https:\/\/malin-krk.com\/wp-content\/uploads\/2024\/02\/malin-logo.jpg","width":280,"height":96,"caption":"Malin Krk"},"image":{"@id":"https:\/\/malin-krk.com\/#\/schema\/logo\/image\/"},"sameAs":["https:\/\/www.facebook.com\/hotelmalin\/"]}]}},"_links":{"self":[{"href":"https:\/\/malin-krk.com\/de\/wp-json\/wp\/v2\/pages\/8760","targetHints":{"allow":["GET"]}}],"collection":[{"href":"https:\/\/malin-krk.com\/de\/wp-json\/wp\/v2\/pages"}],"about":[{"href":"https:\/\/malin-krk.com\/de\/wp-json\/wp\/v2\/types\/page"}],"author":[{"embeddable":true,"href":"https:\/\/malin-krk.com\/de\/wp-json\/wp\/v2\/users\/3"}],"replies":[{"embeddable":true,"href":"https:\/\/malin-krk.com\/de\/wp-json\/wp\/v2\/comments?post=8760"}],"version-history":[{"count":10,"href":"https:\/\/malin-krk.com\/de\/wp-json\/wp\/v2\/pages\/8760\/revisions"}],"predecessor-version":[{"id":32786,"href":"https:\/\/malin-krk.com\/de\/wp-json\/wp\/v2\/pages\/8760\/revisions\/32786"}],"up":[{"embeddable":true,"href":"https:\/\/malin-krk.com\/de\/wp-json\/wp\/v2\/pages\/3117"}],"wp:featuredmedia":[{"embeddable":true,"href":"https:\/\/malin-krk.com\/de\/wp-json\/wp\/v2\/media\/10551"}],"wp:attachment":[{"href":"https:\/\/malin-krk.com\/de\/wp-json\/wp\/v2\/media?parent=8760"}],"curies":[{"name":"wp","href":"https:\/\/api.w.org\/{rel}","templated":true}]}}