{"id":3907,"date":"2018-06-13T13:03:25","date_gmt":"2018-06-13T11:03:25","guid":{"rendered":"https:\/\/www.malin-krk.com\/_novo\/?page_id=3907"},"modified":"2019-05-27T12:03:28","modified_gmt":"2019-05-27T10:03:28","slug":"ueber-das-reiseziel","status":"publish","type":"page","link":"https:\/\/malin-krk.com\/de\/ueber-das-reiseziel\/","title":{"rendered":"\u00dcber das Reiseziel"},"content":{"rendered":"<!DOCTYPE html PUBLIC \"-\/\/W3C\/\/DTD HTML 4.0 Transitional\/\/EN\" \"http:\/\/www.w3.org\/TR\/REC-html40\/loose.dtd\">\n<html><body><p>Malinska, ein Gebiet auf der Insel Krk, welches keinen Siedlungs-, Festungsmittelpunkt hatte. Die gesamte Gegend nennt sich Duba&scaron;nica im westlichen Teil der Insel Krk. Dies ist ebenfalls die einzige Gegend Krks, von welcher wir genau wissen, wann sie angesiedelt wurde.<\/p>\n<p>Ganz bis ins 15. Jh. n&auml;mlich war Duba&scaron;nica fast ohne st&auml;ndige Einwohner, sowie auch das s&uuml;dlichere Gebiet davon, ganz bis zur Stadt Krk. Die Bezeichnung der Gegend stammt von &laquo;duba&raquo; oder &laquo;hrast&raquo; (= Eiche), da hier reiche W&auml;lder und Wiesen mit einigen Ackerfeldern sind. Duba&scaron;nica war haupts&auml;chlich ein Gebiet von Omi&scaron;alj, bereits vor dem 12. Jahrhundert, aber einen Teil unterhielten auch die Bewohner Krks.<\/p>\n<p>Malinska, als Zentrum der Duba&scaron;nica, war einst ein Inselhafen f&uuml;r den Holzexport, sowie eine beliebte touristische Destination der Wiener Aristokratie. Es wird im 15. Jh. als guter Ankerplatz erw&auml;hnt, bei welchem Schiffe zur Zeit st&auml;rkerer Winde, besonders dem Jugo, Unterschlupf fanden. Durch die Ankunft des Dampfschiffes im Jahr 1866 wird Malinska vom Holzexporthafen zum klimatischen Kurort, dank dem milden Klima mit etwa 260 Sonnentagen j&auml;hrlich. Heute ist es einer der st&auml;rkeren touristischen Inselbestimmungspunkte, bekannt anhand der zahlreichen Str&auml;nde und dem entwickelten Hotelwesen, sowie dem Familientourismus.<\/p>\n<\/body><\/html>\n","protected":false},"excerpt":{"rendered":"<p>Malinska, ein Gebiet auf der Insel Krk, welches keinen Siedlungs-, Festungsmittelpunkt hatte. Die gesamte Gegend nennt sich Duba&scaron;nica im westlichen Teil der Insel Krk. Dies ist ebenfalls die einzige Gegend Krks, von welcher wir genau wissen, wann sie angesiedelt wurde. Ganz bis ins 15. Jh. n&auml;mlich war Duba&scaron;nica fast ohne st&auml;ndige Einwohner, sowie auch das [&hellip;]<\/p>\n","protected":false},"author":3,"featured_media":7369,"parent":0,"menu_order":0,"comment_status":"closed","ping_status":"closed","template":"","meta":{"_acf_changed":false,"footnotes":""},"class_list":["post-3907","page","type-page","status-publish","has-post-thumbnail","hentry"],"acf":[],"yoast_head":"<!-- This site is optimized with the Yoast SEO plugin v27.5 - https:\/\/yoast.com\/product\/yoast-seo-wordpress\/ -->\n<title>Malinska \u2013 Top-Destination f\u00fcr einen Traumurlaub<\/title>\n<meta name=\"description\" content=\"Das Hotel Malin liegt an der Westk\u00fcste der Insel Krk in Malinska. Mildes Klima, sch\u00f6ne Str\u00e4nde, hochwertige K\u00fcche, viele Ereignisse und Attraktionen.\" \/>\n<meta name=\"robots\" content=\"index, follow, max-snippet:-1, max-image-preview:large, max-video-preview:-1\" \/>\n<link rel=\"canonical\" href=\"https:\/\/malin-krk.com\/de\/ueber-das-reiseziel\/\" \/>\n<meta property=\"og:locale\" content=\"de_DE\" \/>\n<meta property=\"og:type\" content=\"article\" \/>\n<meta property=\"og:title\" content=\"Malinska \u2013 Top-Destination f\u00fcr einen Traumurlaub\" \/>\n<meta property=\"og:description\" content=\"Das Hotel Malin liegt an der Westk\u00fcste der Insel Krk in Malinska. Mildes Klima, sch\u00f6ne Str\u00e4nde, hochwertige K\u00fcche, viele Ereignisse und Attraktionen.\" \/>\n<meta property=\"og:url\" content=\"https:\/\/malin-krk.com\/de\/ueber-das-reiseziel\/\" \/>\n<meta property=\"og:site_name\" content=\"Malin Krk\" \/>\n<meta property=\"article:publisher\" content=\"https:\/\/www.facebook.com\/hotelmalin\/\" \/>\n<meta property=\"article:modified_time\" content=\"2019-05-27T10:03:28+00:00\" \/>\n<meta property=\"og:image\" content=\"https:\/\/malin-krk.com\/wp-content\/uploads\/2018\/10\/Hotel-Malin-panorama-21.jpg\" \/>\n\t<meta property=\"og:image:width\" content=\"1950\" \/>\n\t<meta property=\"og:image:height\" content=\"1300\" \/>\n\t<meta property=\"og:image:type\" content=\"image\/jpeg\" \/>\n<meta name=\"twitter:card\" content=\"summary_large_image\" \/>\n<script type=\"application\/ld+json\" class=\"yoast-schema-graph\">{\"@context\":\"https:\\\/\\\/schema.org\",\"@graph\":[{\"@type\":\"WebPage\",\"@id\":\"https:\\\/\\\/malin-krk.com\\\/de\\\/ueber-das-reiseziel\\\/\",\"url\":\"https:\\\/\\\/malin-krk.com\\\/de\\\/ueber-das-reiseziel\\\/\",\"name\":\"Malinska \u2013 Top-Destination f\u00fcr einen Traumurlaub\",\"isPartOf\":{\"@id\":\"https:\\\/\\\/malin-krk.com\\\/#website\"},\"primaryImageOfPage\":{\"@id\":\"https:\\\/\\\/malin-krk.com\\\/de\\\/ueber-das-reiseziel\\\/#primaryimage\"},\"image\":{\"@id\":\"https:\\\/\\\/malin-krk.com\\\/de\\\/ueber-das-reiseziel\\\/#primaryimage\"},\"thumbnailUrl\":\"https:\\\/\\\/malin-krk.com\\\/wp-content\\\/uploads\\\/2018\\\/10\\\/Hotel-Malin-panorama-21.jpg\",\"datePublished\":\"2018-06-13T11:03:25+00:00\",\"dateModified\":\"2019-05-27T10:03:28+00:00\",\"description\":\"Das Hotel Malin liegt an der Westk\u00fcste der Insel Krk in Malinska. Mildes Klima, sch\u00f6ne Str\u00e4nde, hochwertige K\u00fcche, viele Ereignisse und Attraktionen.\",\"breadcrumb\":{\"@id\":\"https:\\\/\\\/malin-krk.com\\\/de\\\/ueber-das-reiseziel\\\/#breadcrumb\"},\"inLanguage\":\"de\",\"potentialAction\":[{\"@type\":\"ReadAction\",\"target\":[\"https:\\\/\\\/malin-krk.com\\\/de\\\/ueber-das-reiseziel\\\/\"]}]},{\"@type\":\"ImageObject\",\"inLanguage\":\"de\",\"@id\":\"https:\\\/\\\/malin-krk.com\\\/de\\\/ueber-das-reiseziel\\\/#primaryimage\",\"url\":\"https:\\\/\\\/malin-krk.com\\\/wp-content\\\/uploads\\\/2018\\\/10\\\/Hotel-Malin-panorama-21.jpg\",\"contentUrl\":\"https:\\\/\\\/malin-krk.com\\\/wp-content\\\/uploads\\\/2018\\\/10\\\/Hotel-Malin-panorama-21.jpg\",\"width\":1950,\"height\":1300},{\"@type\":\"BreadcrumbList\",\"@id\":\"https:\\\/\\\/malin-krk.com\\\/de\\\/ueber-das-reiseziel\\\/#breadcrumb\",\"itemListElement\":[{\"@type\":\"ListItem\",\"position\":1,\"name\":\"Home\",\"item\":\"https:\\\/\\\/malin-krk.com\\\/de\\\/\"},{\"@type\":\"ListItem\",\"position\":2,\"name\":\"\u00dcber das Reiseziel\"}]},{\"@type\":\"WebSite\",\"@id\":\"https:\\\/\\\/malin-krk.com\\\/#website\",\"url\":\"https:\\\/\\\/malin-krk.com\\\/\",\"name\":\"Malin Krk\",\"description\":\"\",\"publisher\":{\"@id\":\"https:\\\/\\\/malin-krk.com\\\/#organization\"},\"potentialAction\":[{\"@type\":\"SearchAction\",\"target\":{\"@type\":\"EntryPoint\",\"urlTemplate\":\"https:\\\/\\\/malin-krk.com\\\/?s={search_term_string}\"},\"query-input\":{\"@type\":\"PropertyValueSpecification\",\"valueRequired\":true,\"valueName\":\"search_term_string\"}}],\"inLanguage\":\"de\"},{\"@type\":\"Organization\",\"@id\":\"https:\\\/\\\/malin-krk.com\\\/#organization\",\"name\":\"Malin Krk\",\"url\":\"https:\\\/\\\/malin-krk.com\\\/\",\"logo\":{\"@type\":\"ImageObject\",\"inLanguage\":\"de\",\"@id\":\"https:\\\/\\\/malin-krk.com\\\/#\\\/schema\\\/logo\\\/image\\\/\",\"url\":\"https:\\\/\\\/malin-krk.com\\\/wp-content\\\/uploads\\\/2024\\\/02\\\/malin-logo.jpg\",\"contentUrl\":\"https:\\\/\\\/malin-krk.com\\\/wp-content\\\/uploads\\\/2024\\\/02\\\/malin-logo.jpg\",\"width\":280,\"height\":96,\"caption\":\"Malin Krk\"},\"image\":{\"@id\":\"https:\\\/\\\/malin-krk.com\\\/#\\\/schema\\\/logo\\\/image\\\/\"},\"sameAs\":[\"https:\\\/\\\/www.facebook.com\\\/hotelmalin\\\/\"]}]}<\/script>\n<!-- \/ Yoast SEO plugin. -->","yoast_head_json":{"title":"Malinska \u2013 Top-Destination f\u00fcr einen Traumurlaub","description":"Das Hotel Malin liegt an der Westk\u00fcste der Insel Krk in Malinska. Mildes Klima, sch\u00f6ne Str\u00e4nde, hochwertige K\u00fcche, viele Ereignisse und Attraktionen.","robots":{"index":"index","follow":"follow","max-snippet":"max-snippet:-1","max-image-preview":"max-image-preview:large","max-video-preview":"max-video-preview:-1"},"canonical":"https:\/\/malin-krk.com\/de\/ueber-das-reiseziel\/","og_locale":"de_DE","og_type":"article","og_title":"Malinska \u2013 Top-Destination f\u00fcr einen Traumurlaub","og_description":"Das Hotel Malin liegt an der Westk\u00fcste der Insel Krk in Malinska. Mildes Klima, sch\u00f6ne Str\u00e4nde, hochwertige K\u00fcche, viele Ereignisse und Attraktionen.","og_url":"https:\/\/malin-krk.com\/de\/ueber-das-reiseziel\/","og_site_name":"Malin Krk","article_publisher":"https:\/\/www.facebook.com\/hotelmalin\/","article_modified_time":"2019-05-27T10:03:28+00:00","og_image":[{"width":1950,"height":1300,"url":"https:\/\/malin-krk.com\/wp-content\/uploads\/2018\/10\/Hotel-Malin-panorama-21.jpg","type":"image\/jpeg"}],"twitter_card":"summary_large_image","schema":{"@context":"https:\/\/schema.org","@graph":[{"@type":"WebPage","@id":"https:\/\/malin-krk.com\/de\/ueber-das-reiseziel\/","url":"https:\/\/malin-krk.com\/de\/ueber-das-reiseziel\/","name":"Malinska \u2013 Top-Destination f\u00fcr einen Traumurlaub","isPartOf":{"@id":"https:\/\/malin-krk.com\/#website"},"primaryImageOfPage":{"@id":"https:\/\/malin-krk.com\/de\/ueber-das-reiseziel\/#primaryimage"},"image":{"@id":"https:\/\/malin-krk.com\/de\/ueber-das-reiseziel\/#primaryimage"},"thumbnailUrl":"https:\/\/malin-krk.com\/wp-content\/uploads\/2018\/10\/Hotel-Malin-panorama-21.jpg","datePublished":"2018-06-13T11:03:25+00:00","dateModified":"2019-05-27T10:03:28+00:00","description":"Das Hotel Malin liegt an der Westk\u00fcste der Insel Krk in Malinska. Mildes Klima, sch\u00f6ne Str\u00e4nde, hochwertige K\u00fcche, viele Ereignisse und Attraktionen.","breadcrumb":{"@id":"https:\/\/malin-krk.com\/de\/ueber-das-reiseziel\/#breadcrumb"},"inLanguage":"de","potentialAction":[{"@type":"ReadAction","target":["https:\/\/malin-krk.com\/de\/ueber-das-reiseziel\/"]}]},{"@type":"ImageObject","inLanguage":"de","@id":"https:\/\/malin-krk.com\/de\/ueber-das-reiseziel\/#primaryimage","url":"https:\/\/malin-krk.com\/wp-content\/uploads\/2018\/10\/Hotel-Malin-panorama-21.jpg","contentUrl":"https:\/\/malin-krk.com\/wp-content\/uploads\/2018\/10\/Hotel-Malin-panorama-21.jpg","width":1950,"height":1300},{"@type":"BreadcrumbList","@id":"https:\/\/malin-krk.com\/de\/ueber-das-reiseziel\/#breadcrumb","itemListElement":[{"@type":"ListItem","position":1,"name":"Home","item":"https:\/\/malin-krk.com\/de\/"},{"@type":"ListItem","position":2,"name":"\u00dcber das Reiseziel"}]},{"@type":"WebSite","@id":"https:\/\/malin-krk.com\/#website","url":"https:\/\/malin-krk.com\/","name":"Malin Krk","description":"","publisher":{"@id":"https:\/\/malin-krk.com\/#organization"},"potentialAction":[{"@type":"SearchAction","target":{"@type":"EntryPoint","urlTemplate":"https:\/\/malin-krk.com\/?s={search_term_string}"},"query-input":{"@type":"PropertyValueSpecification","valueRequired":true,"valueName":"search_term_string"}}],"inLanguage":"de"},{"@type":"Organization","@id":"https:\/\/malin-krk.com\/#organization","name":"Malin Krk","url":"https:\/\/malin-krk.com\/","logo":{"@type":"ImageObject","inLanguage":"de","@id":"https:\/\/malin-krk.com\/#\/schema\/logo\/image\/","url":"https:\/\/malin-krk.com\/wp-content\/uploads\/2024\/02\/malin-logo.jpg","contentUrl":"https:\/\/malin-krk.com\/wp-content\/uploads\/2024\/02\/malin-logo.jpg","width":280,"height":96,"caption":"Malin Krk"},"image":{"@id":"https:\/\/malin-krk.com\/#\/schema\/logo\/image\/"},"sameAs":["https:\/\/www.facebook.com\/hotelmalin\/"]}]}},"_links":{"self":[{"href":"https:\/\/malin-krk.com\/de\/wp-json\/wp\/v2\/pages\/3907","targetHints":{"allow":["GET"]}}],"collection":[{"href":"https:\/\/malin-krk.com\/de\/wp-json\/wp\/v2\/pages"}],"about":[{"href":"https:\/\/malin-krk.com\/de\/wp-json\/wp\/v2\/types\/page"}],"author":[{"embeddable":true,"href":"https:\/\/malin-krk.com\/de\/wp-json\/wp\/v2\/users\/3"}],"replies":[{"embeddable":true,"href":"https:\/\/malin-krk.com\/de\/wp-json\/wp\/v2\/comments?post=3907"}],"version-history":[{"count":7,"href":"https:\/\/malin-krk.com\/de\/wp-json\/wp\/v2\/pages\/3907\/revisions"}],"predecessor-version":[{"id":12216,"href":"https:\/\/malin-krk.com\/de\/wp-json\/wp\/v2\/pages\/3907\/revisions\/12216"}],"wp:featuredmedia":[{"embeddable":true,"href":"https:\/\/malin-krk.com\/de\/wp-json\/wp\/v2\/media\/7369"}],"wp:attachment":[{"href":"https:\/\/malin-krk.com\/de\/wp-json\/wp\/v2\/media?parent=3907"}],"curies":[{"name":"wp","href":"https:\/\/api.w.org\/{rel}","templated":true}]}}