{"id":3488,"date":"2018-06-11T13:50:32","date_gmt":"2018-06-11T11:50:32","guid":{"rendered":"https:\/\/www.malin-krk.com\/_novo\/unterkunft\/camp-tiha-silo\/restorani-i-barovi\/restoran-pecine\/"},"modified":"2018-06-20T12:52:45","modified_gmt":"2018-06-20T10:52:45","slug":"restaurant-pecine","status":"publish","type":"page","link":"https:\/\/malin-krk.com\/de\/camp-tiha-silo\/restaurants\/restaurant-pecine\/","title":{"rendered":"Restaurant Pe\u0107ine"},"content":{"rendered":"<!DOCTYPE html PUBLIC \"-\/\/W3C\/\/DTD HTML 4.0 Transitional\/\/EN\" \"http:\/\/www.w3.org\/TR\/REC-html40\/loose.dtd\">\n<html><body><p>Das Restaurant Pe&#263;ine liegt &uuml;ber einem Sandstrand, an einem Ort, an dem der Blick &uuml;ber die gesamte Bucht schweift. Die ger&auml;umige Terrasse biete im Sommer untertags angenehmen Schatten, am Abend die Frische einer leichten Brise vom Meer. Eine rustikale Einrichtung, traditionelle K&uuml;che und liebensw&uuml;rdiges Personal sind die Visitenkarte dieses Restaurants.<\/p>\n<\/body><\/html>\n","protected":false},"excerpt":{"rendered":"<p>Das Restaurant Pe&#263;ine liegt &uuml;ber einem Sandstrand, an einem Ort, an dem der Blick &uuml;ber die gesamte Bucht schweift. Die ger&auml;umige Terrasse biete im Sommer untertags angenehmen Schatten, am Abend die Frische einer leichten Brise vom Meer. Eine rustikale Einrichtung, traditionelle K&uuml;che und liebensw&uuml;rdiges Personal sind die Visitenkarte dieses Restaurants.<\/p>\n","protected":false},"author":3,"featured_media":11154,"parent":3476,"menu_order":1,"comment_status":"closed","ping_status":"closed","template":"","meta":{"_acf_changed":false,"footnotes":""},"class_list":["post-3488","page","type-page","status-publish","has-post-thumbnail","hentry"],"acf":[],"yoast_head":"<!-- This site is optimized with the Yoast SEO plugin v27.5 - https:\/\/yoast.com\/product\/yoast-seo-wordpress\/ -->\n<title>Reiches Gastro-Angebot im Restaurant Pe\u0107ine<\/title>\n<meta name=\"description\" content=\"Das Restaurant Pe\u0107ine begeistert jeden Gast mit seinem Angebot. Heimische Spezialit\u00e4ten, rustikale Innengestaltung und nettes Personal sind seine St\u00e4rken.\" \/>\n<meta name=\"robots\" content=\"index, follow, max-snippet:-1, max-image-preview:large, max-video-preview:-1\" \/>\n<link rel=\"canonical\" href=\"https:\/\/malin-krk.com\/de\/camp-tiha-silo\/restaurants\/restaurant-pecine\/\" \/>\n<meta property=\"og:locale\" content=\"de_DE\" \/>\n<meta property=\"og:type\" content=\"article\" \/>\n<meta property=\"og:title\" content=\"Reiches Gastro-Angebot im Restaurant Pe\u0107ine\" \/>\n<meta property=\"og:description\" content=\"Das Restaurant Pe\u0107ine begeistert jeden Gast mit seinem Angebot. Heimische Spezialit\u00e4ten, rustikale Innengestaltung und nettes Personal sind seine St\u00e4rken.\" \/>\n<meta property=\"og:url\" content=\"https:\/\/malin-krk.com\/de\/camp-tiha-silo\/restaurants\/restaurant-pecine\/\" \/>\n<meta property=\"og:site_name\" content=\"Malin Krk\" \/>\n<meta property=\"article:publisher\" content=\"https:\/\/www.facebook.com\/hotelmalin\/\" \/>\n<meta property=\"article:modified_time\" content=\"2018-06-20T10:52:45+00:00\" \/>\n<meta property=\"og:image\" content=\"https:\/\/malin-krk.com\/wp-content\/uploads\/2019\/05\/Pe\u0107ine-Kamp.jpg\" \/>\n\t<meta property=\"og:image:width\" content=\"1920\" \/>\n\t<meta property=\"og:image:height\" content=\"1280\" \/>\n\t<meta property=\"og:image:type\" content=\"image\/jpeg\" \/>\n<meta name=\"twitter:card\" content=\"summary_large_image\" \/>\n<script type=\"application\/ld+json\" class=\"yoast-schema-graph\">{\"@context\":\"https:\\\/\\\/schema.org\",\"@graph\":[{\"@type\":\"WebPage\",\"@id\":\"https:\\\/\\\/malin-krk.com\\\/de\\\/camp-tiha-silo\\\/restaurants\\\/restaurant-pecine\\\/\",\"url\":\"https:\\\/\\\/malin-krk.com\\\/de\\\/camp-tiha-silo\\\/restaurants\\\/restaurant-pecine\\\/\",\"name\":\"Reiches Gastro-Angebot im Restaurant Pe\u0107ine\",\"isPartOf\":{\"@id\":\"https:\\\/\\\/malin-krk.com\\\/#website\"},\"primaryImageOfPage\":{\"@id\":\"https:\\\/\\\/malin-krk.com\\\/de\\\/camp-tiha-silo\\\/restaurants\\\/restaurant-pecine\\\/#primaryimage\"},\"image\":{\"@id\":\"https:\\\/\\\/malin-krk.com\\\/de\\\/camp-tiha-silo\\\/restaurants\\\/restaurant-pecine\\\/#primaryimage\"},\"thumbnailUrl\":\"https:\\\/\\\/malin-krk.com\\\/wp-content\\\/uploads\\\/2019\\\/05\\\/Pe\u0107ine-Kamp.jpg\",\"datePublished\":\"2018-06-11T11:50:32+00:00\",\"dateModified\":\"2018-06-20T10:52:45+00:00\",\"description\":\"Das Restaurant Pe\u0107ine begeistert jeden Gast mit seinem Angebot. Heimische Spezialit\u00e4ten, rustikale Innengestaltung und nettes Personal sind seine St\u00e4rken.\",\"breadcrumb\":{\"@id\":\"https:\\\/\\\/malin-krk.com\\\/de\\\/camp-tiha-silo\\\/restaurants\\\/restaurant-pecine\\\/#breadcrumb\"},\"inLanguage\":\"de\",\"potentialAction\":[{\"@type\":\"ReadAction\",\"target\":[\"https:\\\/\\\/malin-krk.com\\\/de\\\/camp-tiha-silo\\\/restaurants\\\/restaurant-pecine\\\/\"]}]},{\"@type\":\"ImageObject\",\"inLanguage\":\"de\",\"@id\":\"https:\\\/\\\/malin-krk.com\\\/de\\\/camp-tiha-silo\\\/restaurants\\\/restaurant-pecine\\\/#primaryimage\",\"url\":\"https:\\\/\\\/malin-krk.com\\\/wp-content\\\/uploads\\\/2019\\\/05\\\/Pe\u0107ine-Kamp.jpg\",\"contentUrl\":\"https:\\\/\\\/malin-krk.com\\\/wp-content\\\/uploads\\\/2019\\\/05\\\/Pe\u0107ine-Kamp.jpg\",\"width\":1920,\"height\":1280},{\"@type\":\"BreadcrumbList\",\"@id\":\"https:\\\/\\\/malin-krk.com\\\/de\\\/camp-tiha-silo\\\/restaurants\\\/restaurant-pecine\\\/#breadcrumb\",\"itemListElement\":[{\"@type\":\"ListItem\",\"position\":1,\"name\":\"Home\",\"item\":\"https:\\\/\\\/malin-krk.com\\\/de\\\/\"},{\"@type\":\"ListItem\",\"position\":2,\"name\":\"Camp Tiha \u0160ilo\",\"item\":\"https:\\\/\\\/malin-krk.com\\\/de\\\/camp-tiha-silo\\\/\"},{\"@type\":\"ListItem\",\"position\":3,\"name\":\"Restaurants\",\"item\":\"https:\\\/\\\/malin-krk.com\\\/de\\\/camp-tiha-silo\\\/restaurants\\\/\"},{\"@type\":\"ListItem\",\"position\":4,\"name\":\"Restaurant Pe\u0107ine\"}]},{\"@type\":\"WebSite\",\"@id\":\"https:\\\/\\\/malin-krk.com\\\/#website\",\"url\":\"https:\\\/\\\/malin-krk.com\\\/\",\"name\":\"Malin Krk\",\"description\":\"\",\"publisher\":{\"@id\":\"https:\\\/\\\/malin-krk.com\\\/#organization\"},\"potentialAction\":[{\"@type\":\"SearchAction\",\"target\":{\"@type\":\"EntryPoint\",\"urlTemplate\":\"https:\\\/\\\/malin-krk.com\\\/?s={search_term_string}\"},\"query-input\":{\"@type\":\"PropertyValueSpecification\",\"valueRequired\":true,\"valueName\":\"search_term_string\"}}],\"inLanguage\":\"de\"},{\"@type\":\"Organization\",\"@id\":\"https:\\\/\\\/malin-krk.com\\\/#organization\",\"name\":\"Malin Krk\",\"url\":\"https:\\\/\\\/malin-krk.com\\\/\",\"logo\":{\"@type\":\"ImageObject\",\"inLanguage\":\"de\",\"@id\":\"https:\\\/\\\/malin-krk.com\\\/#\\\/schema\\\/logo\\\/image\\\/\",\"url\":\"https:\\\/\\\/malin-krk.com\\\/wp-content\\\/uploads\\\/2024\\\/02\\\/malin-logo.jpg\",\"contentUrl\":\"https:\\\/\\\/malin-krk.com\\\/wp-content\\\/uploads\\\/2024\\\/02\\\/malin-logo.jpg\",\"width\":280,\"height\":96,\"caption\":\"Malin Krk\"},\"image\":{\"@id\":\"https:\\\/\\\/malin-krk.com\\\/#\\\/schema\\\/logo\\\/image\\\/\"},\"sameAs\":[\"https:\\\/\\\/www.facebook.com\\\/hotelmalin\\\/\"]}]}<\/script>\n<!-- \/ Yoast SEO plugin. -->","yoast_head_json":{"title":"Reiches Gastro-Angebot im Restaurant Pe\u0107ine","description":"Das Restaurant Pe\u0107ine begeistert jeden Gast mit seinem Angebot. Heimische Spezialit\u00e4ten, rustikale Innengestaltung und nettes Personal sind seine St\u00e4rken.","robots":{"index":"index","follow":"follow","max-snippet":"max-snippet:-1","max-image-preview":"max-image-preview:large","max-video-preview":"max-video-preview:-1"},"canonical":"https:\/\/malin-krk.com\/de\/camp-tiha-silo\/restaurants\/restaurant-pecine\/","og_locale":"de_DE","og_type":"article","og_title":"Reiches Gastro-Angebot im Restaurant Pe\u0107ine","og_description":"Das Restaurant Pe\u0107ine begeistert jeden Gast mit seinem Angebot. Heimische Spezialit\u00e4ten, rustikale Innengestaltung und nettes Personal sind seine St\u00e4rken.","og_url":"https:\/\/malin-krk.com\/de\/camp-tiha-silo\/restaurants\/restaurant-pecine\/","og_site_name":"Malin Krk","article_publisher":"https:\/\/www.facebook.com\/hotelmalin\/","article_modified_time":"2018-06-20T10:52:45+00:00","og_image":[{"width":1920,"height":1280,"url":"https:\/\/malin-krk.com\/wp-content\/uploads\/2019\/05\/Pe\u0107ine-Kamp.jpg","type":"image\/jpeg"}],"twitter_card":"summary_large_image","schema":{"@context":"https:\/\/schema.org","@graph":[{"@type":"WebPage","@id":"https:\/\/malin-krk.com\/de\/camp-tiha-silo\/restaurants\/restaurant-pecine\/","url":"https:\/\/malin-krk.com\/de\/camp-tiha-silo\/restaurants\/restaurant-pecine\/","name":"Reiches Gastro-Angebot im Restaurant Pe\u0107ine","isPartOf":{"@id":"https:\/\/malin-krk.com\/#website"},"primaryImageOfPage":{"@id":"https:\/\/malin-krk.com\/de\/camp-tiha-silo\/restaurants\/restaurant-pecine\/#primaryimage"},"image":{"@id":"https:\/\/malin-krk.com\/de\/camp-tiha-silo\/restaurants\/restaurant-pecine\/#primaryimage"},"thumbnailUrl":"https:\/\/malin-krk.com\/wp-content\/uploads\/2019\/05\/Pe\u0107ine-Kamp.jpg","datePublished":"2018-06-11T11:50:32+00:00","dateModified":"2018-06-20T10:52:45+00:00","description":"Das Restaurant Pe\u0107ine begeistert jeden Gast mit seinem Angebot. Heimische Spezialit\u00e4ten, rustikale Innengestaltung und nettes Personal sind seine St\u00e4rken.","breadcrumb":{"@id":"https:\/\/malin-krk.com\/de\/camp-tiha-silo\/restaurants\/restaurant-pecine\/#breadcrumb"},"inLanguage":"de","potentialAction":[{"@type":"ReadAction","target":["https:\/\/malin-krk.com\/de\/camp-tiha-silo\/restaurants\/restaurant-pecine\/"]}]},{"@type":"ImageObject","inLanguage":"de","@id":"https:\/\/malin-krk.com\/de\/camp-tiha-silo\/restaurants\/restaurant-pecine\/#primaryimage","url":"https:\/\/malin-krk.com\/wp-content\/uploads\/2019\/05\/Pe\u0107ine-Kamp.jpg","contentUrl":"https:\/\/malin-krk.com\/wp-content\/uploads\/2019\/05\/Pe\u0107ine-Kamp.jpg","width":1920,"height":1280},{"@type":"BreadcrumbList","@id":"https:\/\/malin-krk.com\/de\/camp-tiha-silo\/restaurants\/restaurant-pecine\/#breadcrumb","itemListElement":[{"@type":"ListItem","position":1,"name":"Home","item":"https:\/\/malin-krk.com\/de\/"},{"@type":"ListItem","position":2,"name":"Camp Tiha \u0160ilo","item":"https:\/\/malin-krk.com\/de\/camp-tiha-silo\/"},{"@type":"ListItem","position":3,"name":"Restaurants","item":"https:\/\/malin-krk.com\/de\/camp-tiha-silo\/restaurants\/"},{"@type":"ListItem","position":4,"name":"Restaurant Pe\u0107ine"}]},{"@type":"WebSite","@id":"https:\/\/malin-krk.com\/#website","url":"https:\/\/malin-krk.com\/","name":"Malin Krk","description":"","publisher":{"@id":"https:\/\/malin-krk.com\/#organization"},"potentialAction":[{"@type":"SearchAction","target":{"@type":"EntryPoint","urlTemplate":"https:\/\/malin-krk.com\/?s={search_term_string}"},"query-input":{"@type":"PropertyValueSpecification","valueRequired":true,"valueName":"search_term_string"}}],"inLanguage":"de"},{"@type":"Organization","@id":"https:\/\/malin-krk.com\/#organization","name":"Malin Krk","url":"https:\/\/malin-krk.com\/","logo":{"@type":"ImageObject","inLanguage":"de","@id":"https:\/\/malin-krk.com\/#\/schema\/logo\/image\/","url":"https:\/\/malin-krk.com\/wp-content\/uploads\/2024\/02\/malin-logo.jpg","contentUrl":"https:\/\/malin-krk.com\/wp-content\/uploads\/2024\/02\/malin-logo.jpg","width":280,"height":96,"caption":"Malin Krk"},"image":{"@id":"https:\/\/malin-krk.com\/#\/schema\/logo\/image\/"},"sameAs":["https:\/\/www.facebook.com\/hotelmalin\/"]}]}},"_links":{"self":[{"href":"https:\/\/malin-krk.com\/de\/wp-json\/wp\/v2\/pages\/3488","targetHints":{"allow":["GET"]}}],"collection":[{"href":"https:\/\/malin-krk.com\/de\/wp-json\/wp\/v2\/pages"}],"about":[{"href":"https:\/\/malin-krk.com\/de\/wp-json\/wp\/v2\/types\/page"}],"author":[{"embeddable":true,"href":"https:\/\/malin-krk.com\/de\/wp-json\/wp\/v2\/users\/3"}],"replies":[{"embeddable":true,"href":"https:\/\/malin-krk.com\/de\/wp-json\/wp\/v2\/comments?post=3488"}],"version-history":[{"count":2,"href":"https:\/\/malin-krk.com\/de\/wp-json\/wp\/v2\/pages\/3488\/revisions"}],"predecessor-version":[{"id":4478,"href":"https:\/\/malin-krk.com\/de\/wp-json\/wp\/v2\/pages\/3488\/revisions\/4478"}],"up":[{"embeddable":true,"href":"https:\/\/malin-krk.com\/de\/wp-json\/wp\/v2\/pages\/3476"}],"wp:featuredmedia":[{"embeddable":true,"href":"https:\/\/malin-krk.com\/de\/wp-json\/wp\/v2\/media\/11154"}],"wp:attachment":[{"href":"https:\/\/malin-krk.com\/de\/wp-json\/wp\/v2\/media?parent=3488"}],"curies":[{"name":"wp","href":"https:\/\/api.w.org\/{rel}","templated":true}]}}