{"id":3308,"date":"2018-02-15T10:18:53","date_gmt":"2018-02-15T09:18:53","guid":{"rendered":"https:\/\/www.malin-krk.com\/_novo\/?page_id=3308"},"modified":"2022-08-12T14:03:46","modified_gmt":"2022-08-12T12:03:46","slug":"angebot-speisen-und-getraenken","status":"publish","type":"page","link":"https:\/\/malin-krk.com\/de\/hochzeiten\/angebot-speisen-und-getraenken\/","title":{"rendered":"Angebot an Speisen und Getr\u00e4nken"},"content":{"rendered":"<!DOCTYPE html PUBLIC \"-\/\/W3C\/\/DTD HTML 4.0 Transitional\/\/EN\" \"http:\/\/www.w3.org\/TR\/REC-html40\/loose.dtd\">\n<html><body><p>Nachdem Sie den Rahmen ausgew&auml;hlt haben, bieten wir ein perfektes Abendessen, das aus einer Vielzahl von zeremoniellen Men&uuml;s ausgew&auml;hlt werden kann.<br>\nWenn Sie Ihr eigenes Men&uuml; zusammenstellen m&ouml;chten, helfen wir Ihnen gerne bei der Auswahl.<\/p>\n<p>Neben unseren Festmen&uuml;s bieten wir Ihnen hier eine Auswahl:<\/p>\n<ul>\n<li>Begr&uuml;&szlig;ungscocktail<\/li>\n<li>Kalt-warmes Buffet<\/li>\n<li>Bewirtung Ihrer Wunschlocation<\/li>\n<li>Hochzeitstorte<\/li>\n<li>Hochzeitsgeb&auml;ck<\/li>\n<li>Hochzeitsessen am Sonntag<\/li>\n<li>Junggesellenabschiede und Junggesellenabschiede<\/li>\n<\/ul>\n<\/body><\/html>\n","protected":false},"excerpt":{"rendered":"<p>Nachdem Sie den Rahmen ausgew&auml;hlt haben, bieten wir ein perfektes Abendessen, das aus einer Vielzahl von zeremoniellen Men&uuml;s ausgew&auml;hlt werden kann. Wenn Sie Ihr eigenes Men&uuml; zusammenstellen m&ouml;chten, helfen wir Ihnen gerne bei der Auswahl. Neben unseren Festmen&uuml;s bieten wir Ihnen hier eine Auswahl: Begr&uuml;&szlig;ungscocktail Kalt-warmes Buffet Bewirtung Ihrer Wunschlocation Hochzeitstorte Hochzeitsgeb&auml;ck Hochzeitsessen am Sonntag [&hellip;]<\/p>\n","protected":false},"author":3,"featured_media":4088,"parent":3304,"menu_order":0,"comment_status":"closed","ping_status":"closed","template":"","meta":{"_acf_changed":false,"footnotes":""},"class_list":["post-3308","page","type-page","status-publish","has-post-thumbnail","hentry"],"acf":[],"yoast_head":"<!-- This site is optimized with the Yoast SEO plugin v27.5 - https:\/\/yoast.com\/product\/yoast-seo-wordpress\/ -->\n<title>Speisen und Getr\u00e4nke f\u00fcr die perfekte Hochzeit im Hotel Malin 4* Krk<\/title>\n<meta name=\"description\" content=\"Wir bieten ein breites Angebot an Speisen und Getr\u00e4nken an, die Ihre Hochzeitsfeier perfekt machen. Klicken Sie hier um weitere Informationen zu erhalten.\" \/>\n<meta name=\"robots\" content=\"index, follow, max-snippet:-1, max-image-preview:large, max-video-preview:-1\" \/>\n<link rel=\"canonical\" href=\"https:\/\/malin-krk.com\/de\/hochzeiten\/angebot-speisen-und-getraenken\/\" \/>\n<meta property=\"og:locale\" content=\"de_DE\" \/>\n<meta property=\"og:type\" content=\"article\" \/>\n<meta property=\"og:title\" content=\"Speisen und Getr\u00e4nke f\u00fcr die perfekte Hochzeit im Hotel Malin 4* Krk\" \/>\n<meta property=\"og:description\" content=\"Wir bieten ein breites Angebot an Speisen und Getr\u00e4nken an, die Ihre Hochzeitsfeier perfekt machen. Klicken Sie hier um weitere Informationen zu erhalten.\" \/>\n<meta property=\"og:url\" content=\"https:\/\/malin-krk.com\/de\/hochzeiten\/angebot-speisen-und-getraenken\/\" \/>\n<meta property=\"og:site_name\" content=\"Malin Krk\" \/>\n<meta property=\"article:publisher\" content=\"https:\/\/www.facebook.com\/hotelmalin\/\" \/>\n<meta property=\"article:modified_time\" content=\"2022-08-12T12:03:46+00:00\" \/>\n<meta property=\"og:image\" content=\"https:\/\/malin-krk.com\/wp-content\/uploads\/2018\/06\/hrana-pice-2.jpg\" \/>\n\t<meta property=\"og:image:width\" content=\"1900\" \/>\n\t<meta property=\"og:image:height\" content=\"1267\" \/>\n\t<meta property=\"og:image:type\" content=\"image\/jpeg\" \/>\n<meta name=\"twitter:card\" content=\"summary_large_image\" \/>\n<script type=\"application\/ld+json\" class=\"yoast-schema-graph\">{\"@context\":\"https:\\\/\\\/schema.org\",\"@graph\":[{\"@type\":\"WebPage\",\"@id\":\"https:\\\/\\\/malin-krk.com\\\/de\\\/hochzeiten\\\/angebot-speisen-und-getraenken\\\/\",\"url\":\"https:\\\/\\\/malin-krk.com\\\/de\\\/hochzeiten\\\/angebot-speisen-und-getraenken\\\/\",\"name\":\"Speisen und Getr\u00e4nke f\u00fcr die perfekte Hochzeit im Hotel Malin 4* Krk\",\"isPartOf\":{\"@id\":\"https:\\\/\\\/malin-krk.com\\\/#website\"},\"primaryImageOfPage\":{\"@id\":\"https:\\\/\\\/malin-krk.com\\\/de\\\/hochzeiten\\\/angebot-speisen-und-getraenken\\\/#primaryimage\"},\"image\":{\"@id\":\"https:\\\/\\\/malin-krk.com\\\/de\\\/hochzeiten\\\/angebot-speisen-und-getraenken\\\/#primaryimage\"},\"thumbnailUrl\":\"https:\\\/\\\/malin-krk.com\\\/wp-content\\\/uploads\\\/2018\\\/06\\\/hrana-pice-2.jpg\",\"datePublished\":\"2018-02-15T09:18:53+00:00\",\"dateModified\":\"2022-08-12T12:03:46+00:00\",\"description\":\"Wir bieten ein breites Angebot an Speisen und Getr\u00e4nken an, die Ihre Hochzeitsfeier perfekt machen. Klicken Sie hier um weitere Informationen zu erhalten.\",\"breadcrumb\":{\"@id\":\"https:\\\/\\\/malin-krk.com\\\/de\\\/hochzeiten\\\/angebot-speisen-und-getraenken\\\/#breadcrumb\"},\"inLanguage\":\"de\",\"potentialAction\":[{\"@type\":\"ReadAction\",\"target\":[\"https:\\\/\\\/malin-krk.com\\\/de\\\/hochzeiten\\\/angebot-speisen-und-getraenken\\\/\"]}]},{\"@type\":\"ImageObject\",\"inLanguage\":\"de\",\"@id\":\"https:\\\/\\\/malin-krk.com\\\/de\\\/hochzeiten\\\/angebot-speisen-und-getraenken\\\/#primaryimage\",\"url\":\"https:\\\/\\\/malin-krk.com\\\/wp-content\\\/uploads\\\/2018\\\/06\\\/hrana-pice-2.jpg\",\"contentUrl\":\"https:\\\/\\\/malin-krk.com\\\/wp-content\\\/uploads\\\/2018\\\/06\\\/hrana-pice-2.jpg\",\"width\":1900,\"height\":1267,\"caption\":\"hrana i pi\u0107e\"},{\"@type\":\"BreadcrumbList\",\"@id\":\"https:\\\/\\\/malin-krk.com\\\/de\\\/hochzeiten\\\/angebot-speisen-und-getraenken\\\/#breadcrumb\",\"itemListElement\":[{\"@type\":\"ListItem\",\"position\":1,\"name\":\"Home\",\"item\":\"https:\\\/\\\/malin-krk.com\\\/de\\\/\"},{\"@type\":\"ListItem\",\"position\":2,\"name\":\"Hochzeiten\",\"item\":\"https:\\\/\\\/malin-krk.com\\\/de\\\/hochzeiten\\\/\"},{\"@type\":\"ListItem\",\"position\":3,\"name\":\"Angebot an Speisen und Getr\u00e4nken\"}]},{\"@type\":\"WebSite\",\"@id\":\"https:\\\/\\\/malin-krk.com\\\/#website\",\"url\":\"https:\\\/\\\/malin-krk.com\\\/\",\"name\":\"Malin Krk\",\"description\":\"\",\"publisher\":{\"@id\":\"https:\\\/\\\/malin-krk.com\\\/#organization\"},\"potentialAction\":[{\"@type\":\"SearchAction\",\"target\":{\"@type\":\"EntryPoint\",\"urlTemplate\":\"https:\\\/\\\/malin-krk.com\\\/?s={search_term_string}\"},\"query-input\":{\"@type\":\"PropertyValueSpecification\",\"valueRequired\":true,\"valueName\":\"search_term_string\"}}],\"inLanguage\":\"de\"},{\"@type\":\"Organization\",\"@id\":\"https:\\\/\\\/malin-krk.com\\\/#organization\",\"name\":\"Malin Krk\",\"url\":\"https:\\\/\\\/malin-krk.com\\\/\",\"logo\":{\"@type\":\"ImageObject\",\"inLanguage\":\"de\",\"@id\":\"https:\\\/\\\/malin-krk.com\\\/#\\\/schema\\\/logo\\\/image\\\/\",\"url\":\"https:\\\/\\\/malin-krk.com\\\/wp-content\\\/uploads\\\/2024\\\/02\\\/malin-logo.jpg\",\"contentUrl\":\"https:\\\/\\\/malin-krk.com\\\/wp-content\\\/uploads\\\/2024\\\/02\\\/malin-logo.jpg\",\"width\":280,\"height\":96,\"caption\":\"Malin Krk\"},\"image\":{\"@id\":\"https:\\\/\\\/malin-krk.com\\\/#\\\/schema\\\/logo\\\/image\\\/\"},\"sameAs\":[\"https:\\\/\\\/www.facebook.com\\\/hotelmalin\\\/\"]}]}<\/script>\n<!-- \/ Yoast SEO plugin. -->","yoast_head_json":{"title":"Speisen und Getr\u00e4nke f\u00fcr die perfekte Hochzeit im Hotel Malin 4* Krk","description":"Wir bieten ein breites Angebot an Speisen und Getr\u00e4nken an, die Ihre Hochzeitsfeier perfekt machen. Klicken Sie hier um weitere Informationen zu erhalten.","robots":{"index":"index","follow":"follow","max-snippet":"max-snippet:-1","max-image-preview":"max-image-preview:large","max-video-preview":"max-video-preview:-1"},"canonical":"https:\/\/malin-krk.com\/de\/hochzeiten\/angebot-speisen-und-getraenken\/","og_locale":"de_DE","og_type":"article","og_title":"Speisen und Getr\u00e4nke f\u00fcr die perfekte Hochzeit im Hotel Malin 4* Krk","og_description":"Wir bieten ein breites Angebot an Speisen und Getr\u00e4nken an, die Ihre Hochzeitsfeier perfekt machen. Klicken Sie hier um weitere Informationen zu erhalten.","og_url":"https:\/\/malin-krk.com\/de\/hochzeiten\/angebot-speisen-und-getraenken\/","og_site_name":"Malin Krk","article_publisher":"https:\/\/www.facebook.com\/hotelmalin\/","article_modified_time":"2022-08-12T12:03:46+00:00","og_image":[{"width":1900,"height":1267,"url":"https:\/\/malin-krk.com\/wp-content\/uploads\/2018\/06\/hrana-pice-2.jpg","type":"image\/jpeg"}],"twitter_card":"summary_large_image","schema":{"@context":"https:\/\/schema.org","@graph":[{"@type":"WebPage","@id":"https:\/\/malin-krk.com\/de\/hochzeiten\/angebot-speisen-und-getraenken\/","url":"https:\/\/malin-krk.com\/de\/hochzeiten\/angebot-speisen-und-getraenken\/","name":"Speisen und Getr\u00e4nke f\u00fcr die perfekte Hochzeit im Hotel Malin 4* Krk","isPartOf":{"@id":"https:\/\/malin-krk.com\/#website"},"primaryImageOfPage":{"@id":"https:\/\/malin-krk.com\/de\/hochzeiten\/angebot-speisen-und-getraenken\/#primaryimage"},"image":{"@id":"https:\/\/malin-krk.com\/de\/hochzeiten\/angebot-speisen-und-getraenken\/#primaryimage"},"thumbnailUrl":"https:\/\/malin-krk.com\/wp-content\/uploads\/2018\/06\/hrana-pice-2.jpg","datePublished":"2018-02-15T09:18:53+00:00","dateModified":"2022-08-12T12:03:46+00:00","description":"Wir bieten ein breites Angebot an Speisen und Getr\u00e4nken an, die Ihre Hochzeitsfeier perfekt machen. Klicken Sie hier um weitere Informationen zu erhalten.","breadcrumb":{"@id":"https:\/\/malin-krk.com\/de\/hochzeiten\/angebot-speisen-und-getraenken\/#breadcrumb"},"inLanguage":"de","potentialAction":[{"@type":"ReadAction","target":["https:\/\/malin-krk.com\/de\/hochzeiten\/angebot-speisen-und-getraenken\/"]}]},{"@type":"ImageObject","inLanguage":"de","@id":"https:\/\/malin-krk.com\/de\/hochzeiten\/angebot-speisen-und-getraenken\/#primaryimage","url":"https:\/\/malin-krk.com\/wp-content\/uploads\/2018\/06\/hrana-pice-2.jpg","contentUrl":"https:\/\/malin-krk.com\/wp-content\/uploads\/2018\/06\/hrana-pice-2.jpg","width":1900,"height":1267,"caption":"hrana i pi\u0107e"},{"@type":"BreadcrumbList","@id":"https:\/\/malin-krk.com\/de\/hochzeiten\/angebot-speisen-und-getraenken\/#breadcrumb","itemListElement":[{"@type":"ListItem","position":1,"name":"Home","item":"https:\/\/malin-krk.com\/de\/"},{"@type":"ListItem","position":2,"name":"Hochzeiten","item":"https:\/\/malin-krk.com\/de\/hochzeiten\/"},{"@type":"ListItem","position":3,"name":"Angebot an Speisen und Getr\u00e4nken"}]},{"@type":"WebSite","@id":"https:\/\/malin-krk.com\/#website","url":"https:\/\/malin-krk.com\/","name":"Malin Krk","description":"","publisher":{"@id":"https:\/\/malin-krk.com\/#organization"},"potentialAction":[{"@type":"SearchAction","target":{"@type":"EntryPoint","urlTemplate":"https:\/\/malin-krk.com\/?s={search_term_string}"},"query-input":{"@type":"PropertyValueSpecification","valueRequired":true,"valueName":"search_term_string"}}],"inLanguage":"de"},{"@type":"Organization","@id":"https:\/\/malin-krk.com\/#organization","name":"Malin Krk","url":"https:\/\/malin-krk.com\/","logo":{"@type":"ImageObject","inLanguage":"de","@id":"https:\/\/malin-krk.com\/#\/schema\/logo\/image\/","url":"https:\/\/malin-krk.com\/wp-content\/uploads\/2024\/02\/malin-logo.jpg","contentUrl":"https:\/\/malin-krk.com\/wp-content\/uploads\/2024\/02\/malin-logo.jpg","width":280,"height":96,"caption":"Malin Krk"},"image":{"@id":"https:\/\/malin-krk.com\/#\/schema\/logo\/image\/"},"sameAs":["https:\/\/www.facebook.com\/hotelmalin\/"]}]}},"_links":{"self":[{"href":"https:\/\/malin-krk.com\/de\/wp-json\/wp\/v2\/pages\/3308","targetHints":{"allow":["GET"]}}],"collection":[{"href":"https:\/\/malin-krk.com\/de\/wp-json\/wp\/v2\/pages"}],"about":[{"href":"https:\/\/malin-krk.com\/de\/wp-json\/wp\/v2\/types\/page"}],"author":[{"embeddable":true,"href":"https:\/\/malin-krk.com\/de\/wp-json\/wp\/v2\/users\/3"}],"replies":[{"embeddable":true,"href":"https:\/\/malin-krk.com\/de\/wp-json\/wp\/v2\/comments?post=3308"}],"version-history":[{"count":2,"href":"https:\/\/malin-krk.com\/de\/wp-json\/wp\/v2\/pages\/3308\/revisions"}],"predecessor-version":[{"id":24182,"href":"https:\/\/malin-krk.com\/de\/wp-json\/wp\/v2\/pages\/3308\/revisions\/24182"}],"up":[{"embeddable":true,"href":"https:\/\/malin-krk.com\/de\/wp-json\/wp\/v2\/pages\/3304"}],"wp:featuredmedia":[{"embeddable":true,"href":"https:\/\/malin-krk.com\/de\/wp-json\/wp\/v2\/media\/4088"}],"wp:attachment":[{"href":"https:\/\/malin-krk.com\/de\/wp-json\/wp\/v2\/media?parent=3308"}],"curies":[{"name":"wp","href":"https:\/\/api.w.org\/{rel}","templated":true}]}}