{"id":3294,"date":"2018-02-15T10:17:00","date_gmt":"2018-02-15T09:17:00","guid":{"rendered":"https:\/\/www.malin-krk.com\/_novo\/?page_id=3294"},"modified":"2018-06-18T14:40:06","modified_gmt":"2018-06-18T12:40:06","slug":"saal-emilia","status":"publish","type":"page","link":"https:\/\/malin-krk.com\/de\/events\/seminare-und-kongresse\/saele\/saal-emilia\/","title":{"rendered":"Saal Emilia"},"content":{"rendered":"<!DOCTYPE html PUBLIC \"-\/\/W3C\/\/DTD HTML 4.0 Transitional\/\/EN\" \"http:\/\/www.w3.org\/TR\/REC-html40\/loose.dtd\">\n<html><body><div class=\"pages_content\">Ein gro&szlig;er, ruhiger und heller Saal, der Superlativ der neuen Kongresszentrums, welcher auf 400 m&sup2; bis zu 350 Personen aufnehmen kann. Die Halle verf&uuml;gt, au&szlig;er &uuml;ber Tageslicht, &uuml;ber eine faszinierende Beleuchtung und ist ausgestattet mit Audio und Videoanlagen (Graphoskop, LCD Projektor, Videorekorder, DVD, Flipchart, Projektionsleinwand, Lautsprecheranlage). Ideal f&uuml;r gro&szlig;e Kongresse und Versammlungen mit vielen Teilnehmern.\n<p><strong>Technische Daten:<br>\n<\/strong><br>\nL&auml;nge X Breite: 20 x 18 m<br>\nFl&auml;che: 360 m2<\/p>\n<p><strong>Audio- und Videotechnik, Zusatzleistungen:<\/strong><\/p>\n<ul>\n<li>LCD Projektor<\/li>\n<li>Overhead Projektor<\/li>\n<li>Wi Fi Internet<\/li>\n<li>Flipchart Set<\/li>\n<li>Whiteboard<\/li>\n<li>Projektionsuch<\/li>\n<li>Laptop<\/li>\n<li>DVD\/CD Player<\/li>\n<li>VHS Video &ndash; Player<\/li>\n<li>Lautsprecher und Mikrofonset<\/li>\n<li>Anzeigetafel<\/li>\n<li>Laser Pointer<\/li>\n<li>Fotoapparat<\/li>\n<li>TV Monitor<\/li>\n<\/ul>\n<\/div>\n<\/body><\/html>\n","protected":false},"excerpt":{"rendered":"<p>Ein gro&szlig;er, ruhiger und heller Saal, der Superlativ der neuen Kongresszentrums, welcher auf 400 m&sup2; bis zu 350 Personen aufnehmen kann. Die Halle verf&uuml;gt, au&szlig;er &uuml;ber Tageslicht, &uuml;ber eine faszinierende Beleuchtung und ist ausgestattet mit Audio und Videoanlagen (Graphoskop, LCD Projektor, Videorekorder, DVD, Flipchart, Projektionsleinwand, Lautsprecheranlage). Ideal f&uuml;r gro&szlig;e Kongresse und Versammlungen mit vielen Teilnehmern. [&hellip;]<\/p>\n","protected":false},"author":3,"featured_media":4146,"parent":1412,"menu_order":0,"comment_status":"closed","ping_status":"closed","template":"","meta":{"_acf_changed":false,"footnotes":""},"class_list":["post-3294","page","type-page","status-publish","has-post-thumbnail","hentry"],"acf":[],"yoast_head":"<!-- This site is optimized with the Yoast SEO plugin v27.4 - https:\/\/yoast.com\/product\/yoast-seo-wordpress\/ -->\n<title>Saal Emilia im Hotel Malin 4* Krk<\/title>\n<meta name=\"description\" content=\"Der Saal Emilia ist ideal f\u00fcr gro\u00dfe Veranstaltungen, er bietet Platz f\u00fcr 350 Menschen. Der 360 qm gro\u00dfe Saal ist mit Audio- und Videotechnik ausgestattet.\" \/>\n<meta name=\"robots\" content=\"index, follow, max-snippet:-1, max-image-preview:large, max-video-preview:-1\" \/>\n<link rel=\"canonical\" href=\"https:\/\/malin-krk.com\/de\/events\/seminare-und-kongresse\/saele\/saal-emilia\/\" \/>\n<meta property=\"og:locale\" content=\"de_DE\" \/>\n<meta property=\"og:type\" content=\"article\" \/>\n<meta property=\"og:title\" content=\"Saal Emilia im Hotel Malin 4* Krk\" \/>\n<meta property=\"og:description\" content=\"Der Saal Emilia ist ideal f\u00fcr gro\u00dfe Veranstaltungen, er bietet Platz f\u00fcr 350 Menschen. Der 360 qm gro\u00dfe Saal ist mit Audio- und Videotechnik ausgestattet.\" \/>\n<meta property=\"og:url\" content=\"https:\/\/malin-krk.com\/de\/events\/seminare-und-kongresse\/saele\/saal-emilia\/\" \/>\n<meta property=\"og:site_name\" content=\"Malin Krk\" \/>\n<meta property=\"article:publisher\" content=\"https:\/\/www.facebook.com\/hotelmalin\/\" \/>\n<meta property=\"article:modified_time\" content=\"2018-06-18T12:40:06+00:00\" \/>\n<meta property=\"og:image\" content=\"https:\/\/malin-krk.com\/wp-content\/uploads\/2018\/06\/dvorana-emilia.jpg\" \/>\n\t<meta property=\"og:image:width\" content=\"1018\" \/>\n\t<meta property=\"og:image:height\" content=\"325\" \/>\n\t<meta property=\"og:image:type\" content=\"image\/jpeg\" \/>\n<meta name=\"twitter:card\" content=\"summary_large_image\" \/>\n<script type=\"application\/ld+json\" class=\"yoast-schema-graph\">{\"@context\":\"https:\\\/\\\/schema.org\",\"@graph\":[{\"@type\":\"WebPage\",\"@id\":\"https:\\\/\\\/malin-krk.com\\\/de\\\/events\\\/seminare-und-kongresse\\\/saele\\\/saal-emilia\\\/\",\"url\":\"https:\\\/\\\/malin-krk.com\\\/de\\\/events\\\/seminare-und-kongresse\\\/saele\\\/saal-emilia\\\/\",\"name\":\"Saal Emilia im Hotel Malin 4* Krk\",\"isPartOf\":{\"@id\":\"https:\\\/\\\/malin-krk.com\\\/#website\"},\"primaryImageOfPage\":{\"@id\":\"https:\\\/\\\/malin-krk.com\\\/de\\\/events\\\/seminare-und-kongresse\\\/saele\\\/saal-emilia\\\/#primaryimage\"},\"image\":{\"@id\":\"https:\\\/\\\/malin-krk.com\\\/de\\\/events\\\/seminare-und-kongresse\\\/saele\\\/saal-emilia\\\/#primaryimage\"},\"thumbnailUrl\":\"https:\\\/\\\/malin-krk.com\\\/wp-content\\\/uploads\\\/2018\\\/06\\\/dvorana-emilia.jpg\",\"datePublished\":\"2018-02-15T09:17:00+00:00\",\"dateModified\":\"2018-06-18T12:40:06+00:00\",\"description\":\"Der Saal Emilia ist ideal f\u00fcr gro\u00dfe Veranstaltungen, er bietet Platz f\u00fcr 350 Menschen. Der 360 qm gro\u00dfe Saal ist mit Audio- und Videotechnik ausgestattet.\",\"breadcrumb\":{\"@id\":\"https:\\\/\\\/malin-krk.com\\\/de\\\/events\\\/seminare-und-kongresse\\\/saele\\\/saal-emilia\\\/#breadcrumb\"},\"inLanguage\":\"de\",\"potentialAction\":[{\"@type\":\"ReadAction\",\"target\":[\"https:\\\/\\\/malin-krk.com\\\/de\\\/events\\\/seminare-und-kongresse\\\/saele\\\/saal-emilia\\\/\"]}]},{\"@type\":\"ImageObject\",\"inLanguage\":\"de\",\"@id\":\"https:\\\/\\\/malin-krk.com\\\/de\\\/events\\\/seminare-und-kongresse\\\/saele\\\/saal-emilia\\\/#primaryimage\",\"url\":\"https:\\\/\\\/malin-krk.com\\\/wp-content\\\/uploads\\\/2018\\\/06\\\/dvorana-emilia.jpg\",\"contentUrl\":\"https:\\\/\\\/malin-krk.com\\\/wp-content\\\/uploads\\\/2018\\\/06\\\/dvorana-emilia.jpg\",\"width\":1018,\"height\":325,\"caption\":\"dvorana Emilia\"},{\"@type\":\"BreadcrumbList\",\"@id\":\"https:\\\/\\\/malin-krk.com\\\/de\\\/events\\\/seminare-und-kongresse\\\/saele\\\/saal-emilia\\\/#breadcrumb\",\"itemListElement\":[{\"@type\":\"ListItem\",\"position\":1,\"name\":\"Home\",\"item\":\"https:\\\/\\\/malin-krk.com\\\/de\\\/\"},{\"@type\":\"ListItem\",\"position\":2,\"name\":\"Events\",\"item\":\"https:\\\/\\\/malin-krk.com\\\/de\\\/events\\\/\"},{\"@type\":\"ListItem\",\"position\":3,\"name\":\"Seminare und Kongresse\",\"item\":\"https:\\\/\\\/malin-krk.com\\\/de\\\/events\\\/seminare-und-kongresse\\\/\"},{\"@type\":\"ListItem\",\"position\":4,\"name\":\"S\u00e4le\",\"item\":\"https:\\\/\\\/malin-krk.com\\\/de\\\/events\\\/seminare-und-kongresse\\\/saele\\\/\"},{\"@type\":\"ListItem\",\"position\":5,\"name\":\"Saal Emilia\"}]},{\"@type\":\"WebSite\",\"@id\":\"https:\\\/\\\/malin-krk.com\\\/#website\",\"url\":\"https:\\\/\\\/malin-krk.com\\\/\",\"name\":\"Malin Krk\",\"description\":\"\",\"publisher\":{\"@id\":\"https:\\\/\\\/malin-krk.com\\\/#organization\"},\"potentialAction\":[{\"@type\":\"SearchAction\",\"target\":{\"@type\":\"EntryPoint\",\"urlTemplate\":\"https:\\\/\\\/malin-krk.com\\\/?s={search_term_string}\"},\"query-input\":{\"@type\":\"PropertyValueSpecification\",\"valueRequired\":true,\"valueName\":\"search_term_string\"}}],\"inLanguage\":\"de\"},{\"@type\":\"Organization\",\"@id\":\"https:\\\/\\\/malin-krk.com\\\/#organization\",\"name\":\"Malin Krk\",\"url\":\"https:\\\/\\\/malin-krk.com\\\/\",\"logo\":{\"@type\":\"ImageObject\",\"inLanguage\":\"de\",\"@id\":\"https:\\\/\\\/malin-krk.com\\\/#\\\/schema\\\/logo\\\/image\\\/\",\"url\":\"https:\\\/\\\/malin-krk.com\\\/wp-content\\\/uploads\\\/2024\\\/02\\\/malin-logo.jpg\",\"contentUrl\":\"https:\\\/\\\/malin-krk.com\\\/wp-content\\\/uploads\\\/2024\\\/02\\\/malin-logo.jpg\",\"width\":280,\"height\":96,\"caption\":\"Malin Krk\"},\"image\":{\"@id\":\"https:\\\/\\\/malin-krk.com\\\/#\\\/schema\\\/logo\\\/image\\\/\"},\"sameAs\":[\"https:\\\/\\\/www.facebook.com\\\/hotelmalin\\\/\"]}]}<\/script>\n<!-- \/ Yoast SEO plugin. -->","yoast_head_json":{"title":"Saal Emilia im Hotel Malin 4* Krk","description":"Der Saal Emilia ist ideal f\u00fcr gro\u00dfe Veranstaltungen, er bietet Platz f\u00fcr 350 Menschen. Der 360 qm gro\u00dfe Saal ist mit Audio- und Videotechnik ausgestattet.","robots":{"index":"index","follow":"follow","max-snippet":"max-snippet:-1","max-image-preview":"max-image-preview:large","max-video-preview":"max-video-preview:-1"},"canonical":"https:\/\/malin-krk.com\/de\/events\/seminare-und-kongresse\/saele\/saal-emilia\/","og_locale":"de_DE","og_type":"article","og_title":"Saal Emilia im Hotel Malin 4* Krk","og_description":"Der Saal Emilia ist ideal f\u00fcr gro\u00dfe Veranstaltungen, er bietet Platz f\u00fcr 350 Menschen. Der 360 qm gro\u00dfe Saal ist mit Audio- und Videotechnik ausgestattet.","og_url":"https:\/\/malin-krk.com\/de\/events\/seminare-und-kongresse\/saele\/saal-emilia\/","og_site_name":"Malin Krk","article_publisher":"https:\/\/www.facebook.com\/hotelmalin\/","article_modified_time":"2018-06-18T12:40:06+00:00","og_image":[{"width":1018,"height":325,"url":"https:\/\/malin-krk.com\/wp-content\/uploads\/2018\/06\/dvorana-emilia.jpg","type":"image\/jpeg"}],"twitter_card":"summary_large_image","schema":{"@context":"https:\/\/schema.org","@graph":[{"@type":"WebPage","@id":"https:\/\/malin-krk.com\/de\/events\/seminare-und-kongresse\/saele\/saal-emilia\/","url":"https:\/\/malin-krk.com\/de\/events\/seminare-und-kongresse\/saele\/saal-emilia\/","name":"Saal Emilia im Hotel Malin 4* Krk","isPartOf":{"@id":"https:\/\/malin-krk.com\/#website"},"primaryImageOfPage":{"@id":"https:\/\/malin-krk.com\/de\/events\/seminare-und-kongresse\/saele\/saal-emilia\/#primaryimage"},"image":{"@id":"https:\/\/malin-krk.com\/de\/events\/seminare-und-kongresse\/saele\/saal-emilia\/#primaryimage"},"thumbnailUrl":"https:\/\/malin-krk.com\/wp-content\/uploads\/2018\/06\/dvorana-emilia.jpg","datePublished":"2018-02-15T09:17:00+00:00","dateModified":"2018-06-18T12:40:06+00:00","description":"Der Saal Emilia ist ideal f\u00fcr gro\u00dfe Veranstaltungen, er bietet Platz f\u00fcr 350 Menschen. Der 360 qm gro\u00dfe Saal ist mit Audio- und Videotechnik ausgestattet.","breadcrumb":{"@id":"https:\/\/malin-krk.com\/de\/events\/seminare-und-kongresse\/saele\/saal-emilia\/#breadcrumb"},"inLanguage":"de","potentialAction":[{"@type":"ReadAction","target":["https:\/\/malin-krk.com\/de\/events\/seminare-und-kongresse\/saele\/saal-emilia\/"]}]},{"@type":"ImageObject","inLanguage":"de","@id":"https:\/\/malin-krk.com\/de\/events\/seminare-und-kongresse\/saele\/saal-emilia\/#primaryimage","url":"https:\/\/malin-krk.com\/wp-content\/uploads\/2018\/06\/dvorana-emilia.jpg","contentUrl":"https:\/\/malin-krk.com\/wp-content\/uploads\/2018\/06\/dvorana-emilia.jpg","width":1018,"height":325,"caption":"dvorana Emilia"},{"@type":"BreadcrumbList","@id":"https:\/\/malin-krk.com\/de\/events\/seminare-und-kongresse\/saele\/saal-emilia\/#breadcrumb","itemListElement":[{"@type":"ListItem","position":1,"name":"Home","item":"https:\/\/malin-krk.com\/de\/"},{"@type":"ListItem","position":2,"name":"Events","item":"https:\/\/malin-krk.com\/de\/events\/"},{"@type":"ListItem","position":3,"name":"Seminare und Kongresse","item":"https:\/\/malin-krk.com\/de\/events\/seminare-und-kongresse\/"},{"@type":"ListItem","position":4,"name":"S\u00e4le","item":"https:\/\/malin-krk.com\/de\/events\/seminare-und-kongresse\/saele\/"},{"@type":"ListItem","position":5,"name":"Saal Emilia"}]},{"@type":"WebSite","@id":"https:\/\/malin-krk.com\/#website","url":"https:\/\/malin-krk.com\/","name":"Malin Krk","description":"","publisher":{"@id":"https:\/\/malin-krk.com\/#organization"},"potentialAction":[{"@type":"SearchAction","target":{"@type":"EntryPoint","urlTemplate":"https:\/\/malin-krk.com\/?s={search_term_string}"},"query-input":{"@type":"PropertyValueSpecification","valueRequired":true,"valueName":"search_term_string"}}],"inLanguage":"de"},{"@type":"Organization","@id":"https:\/\/malin-krk.com\/#organization","name":"Malin Krk","url":"https:\/\/malin-krk.com\/","logo":{"@type":"ImageObject","inLanguage":"de","@id":"https:\/\/malin-krk.com\/#\/schema\/logo\/image\/","url":"https:\/\/malin-krk.com\/wp-content\/uploads\/2024\/02\/malin-logo.jpg","contentUrl":"https:\/\/malin-krk.com\/wp-content\/uploads\/2024\/02\/malin-logo.jpg","width":280,"height":96,"caption":"Malin Krk"},"image":{"@id":"https:\/\/malin-krk.com\/#\/schema\/logo\/image\/"},"sameAs":["https:\/\/www.facebook.com\/hotelmalin\/"]}]}},"_links":{"self":[{"href":"https:\/\/malin-krk.com\/de\/wp-json\/wp\/v2\/pages\/3294","targetHints":{"allow":["GET"]}}],"collection":[{"href":"https:\/\/malin-krk.com\/de\/wp-json\/wp\/v2\/pages"}],"about":[{"href":"https:\/\/malin-krk.com\/de\/wp-json\/wp\/v2\/types\/page"}],"author":[{"embeddable":true,"href":"https:\/\/malin-krk.com\/de\/wp-json\/wp\/v2\/users\/3"}],"replies":[{"embeddable":true,"href":"https:\/\/malin-krk.com\/de\/wp-json\/wp\/v2\/comments?post=3294"}],"version-history":[{"count":2,"href":"https:\/\/malin-krk.com\/de\/wp-json\/wp\/v2\/pages\/3294\/revisions"}],"predecessor-version":[{"id":4314,"href":"https:\/\/malin-krk.com\/de\/wp-json\/wp\/v2\/pages\/3294\/revisions\/4314"}],"up":[{"embeddable":true,"href":"https:\/\/malin-krk.com\/de\/wp-json\/wp\/v2\/pages\/1412"}],"wp:featuredmedia":[{"embeddable":true,"href":"https:\/\/malin-krk.com\/de\/wp-json\/wp\/v2\/media\/4146"}],"wp:attachment":[{"href":"https:\/\/malin-krk.com\/de\/wp-json\/wp\/v2\/media?parent=3294"}],"curies":[{"name":"wp","href":"https:\/\/api.w.org\/{rel}","templated":true}]}}