{"id":3235,"date":"2018-02-15T10:07:57","date_gmt":"2018-02-15T09:07:57","guid":{"rendered":"https:\/\/www.malin-krk.com\/_novo\/?page_id=3235"},"modified":"2024-05-10T13:52:07","modified_gmt":"2024-05-10T11:52:07","slug":"mediterranean-premium","status":"publish","type":"page","link":"https:\/\/malin-krk.com\/de\/mobilheime\/unterkunft\/mediterranean-premium\/","title":{"rendered":"Mediterranean Premium Mobileheim"},"content":{"rendered":"<!DOCTYPE html PUBLIC \"-\/\/W3C\/\/DTD HTML 4.0 Transitional\/\/EN\" \"http:\/\/www.w3.org\/TR\/REC-html40\/loose.dtd\">\n<html><body><p style=\"text-align: left;\">Super-Luxus-Haus, ideal f&uuml;r 4 Personen. Ein Steinhaus, typisch f&uuml;r die Insel Krk.<br>\nIst 32 m2 gross, besteht aus 2 Schlafzimmern, 2 B&auml;dern, einem Wohnzimmer mit zwei Zustellbetten und K&uuml;che.<br>\nAusgestattet mit Klimaanlage, TV, &uuml;berdachte Terrasse von 21 m2, mit Sitzgarnituren.<\/p>\n<p style=\"text-align: left;\"><strong>Bedingungen:<\/strong><\/p>\n<ul>\n<li style=\"text-align: left;\">Die Vermietung beinhaltet Aufenthalt f&uuml;r 4 Personen<\/li>\n<li style=\"text-align: left;\">Strom-, Wasser- und Gasverbrauch<\/li>\n<li style=\"text-align: left;\">Kurtaxe ist nicht im Preis enthalten<\/li>\n<li style=\"text-align: left;\">Bettw&auml;sche und Handt&uuml;cher sind in die Vermietung der H&auml;uschen mitinbegriffen<\/li>\n<li style=\"text-align: left;\">Der Gast muss 100,00 Euro beim Check-in hinterlegen, womit f&uuml;r eventuelle Besch&auml;digungen des H&auml;uschens und des Inventars geb&uuml;rgt wird.<\/li>\n<li style=\"text-align: left;\">Bei Anmeldung bezahlt der Gast die Hinterlegung an der Rezeption des Campingplatzes. Sollten keine Sch&auml;den festgestellt werden, so wird dem Gast der Hinterlegungsvertrag bei der Abmeldung zur&uuml;ckerstattet<\/li>\n<li style=\"text-align: left;\">Check-in am Anreisetag ab 16:00h. Check-out am Abreisetag ist bis 10:00h<\/li>\n<\/ul>\n<\/body><\/html>\n","protected":false},"excerpt":{"rendered":"<p>Super-Luxus-Haus, ideal f&uuml;r 4 Personen. Ein Steinhaus, typisch f&uuml;r die Insel Krk. Ist 32 m2 gross, besteht aus 2 Schlafzimmern, 2 B&auml;dern, einem Wohnzimmer mit zwei Zustellbetten und K&uuml;che. Ausgestattet mit Klimaanlage, TV, &uuml;berdachte Terrasse von 21 m2, mit Sitzgarnituren. Bedingungen: Die Vermietung beinhaltet Aufenthalt f&uuml;r 4 Personen Strom-, Wasser- und Gasverbrauch Kurtaxe ist nicht [&hellip;]<\/p>\n","protected":false},"author":3,"featured_media":2635,"parent":1402,"menu_order":5,"comment_status":"closed","ping_status":"closed","template":"page-soba.php","meta":{"_acf_changed":false,"footnotes":""},"class_list":["post-3235","page","type-page","status-publish","has-post-thumbnail","hentry"],"acf":[],"yoast_head":"<!-- This site is optimized with the Yoast SEO plugin v27.5 - https:\/\/yoast.com\/product\/yoast-seo-wordpress\/ -->\n<title>Luxusmobilheim im Camp Tiha \u0160ilo \u2013 Malin Krk<\/title>\n<meta name=\"description\" content=\"Dieses luxuri\u00f6se Mobilheim im mediteranen Stil mit 32 qm im Camp Tiha \u0160ilo bietet Luxusunterkunft f\u00fcr 4 + 2 Personen. Klicken Sie f\u00fcr mehr Informationen.\" \/>\n<meta name=\"robots\" content=\"index, follow, max-snippet:-1, max-image-preview:large, max-video-preview:-1\" \/>\n<link rel=\"canonical\" href=\"https:\/\/malin-krk.com\/de\/mobilheime\/unterkunft\/mediterranean-premium\/\" \/>\n<meta property=\"og:locale\" content=\"de_DE\" \/>\n<meta property=\"og:type\" content=\"article\" \/>\n<meta property=\"og:title\" content=\"Luxusmobilheim im Camp Tiha \u0160ilo \u2013 Malin Krk\" \/>\n<meta property=\"og:description\" content=\"Dieses luxuri\u00f6se Mobilheim im mediteranen Stil mit 32 qm im Camp Tiha \u0160ilo bietet Luxusunterkunft f\u00fcr 4 + 2 Personen. Klicken Sie f\u00fcr mehr Informationen.\" \/>\n<meta property=\"og:url\" content=\"https:\/\/malin-krk.com\/de\/mobilheime\/unterkunft\/mediterranean-premium\/\" \/>\n<meta property=\"og:site_name\" content=\"Malin Krk\" \/>\n<meta property=\"article:publisher\" content=\"https:\/\/www.facebook.com\/hotelmalin\/\" \/>\n<meta property=\"article:modified_time\" content=\"2024-05-10T11:52:07+00:00\" \/>\n<meta property=\"og:image\" content=\"https:\/\/malin-krk.com\/wp-content\/uploads\/2018\/04\/deluxe-mobilna-kucica-13.jpg\" \/>\n\t<meta property=\"og:image:width\" content=\"800\" \/>\n\t<meta property=\"og:image:height\" content=\"533\" \/>\n\t<meta property=\"og:image:type\" content=\"image\/jpeg\" \/>\n<meta name=\"twitter:card\" content=\"summary_large_image\" \/>\n<script type=\"application\/ld+json\" class=\"yoast-schema-graph\">{\"@context\":\"https:\\\/\\\/schema.org\",\"@graph\":[{\"@type\":\"WebPage\",\"@id\":\"https:\\\/\\\/malin-krk.com\\\/de\\\/mobilheime\\\/unterkunft\\\/mediterranean-premium\\\/\",\"url\":\"https:\\\/\\\/malin-krk.com\\\/de\\\/mobilheime\\\/unterkunft\\\/mediterranean-premium\\\/\",\"name\":\"Luxusmobilheim im Camp Tiha \u0160ilo \u2013 Malin Krk\",\"isPartOf\":{\"@id\":\"https:\\\/\\\/malin-krk.com\\\/#website\"},\"primaryImageOfPage\":{\"@id\":\"https:\\\/\\\/malin-krk.com\\\/de\\\/mobilheime\\\/unterkunft\\\/mediterranean-premium\\\/#primaryimage\"},\"image\":{\"@id\":\"https:\\\/\\\/malin-krk.com\\\/de\\\/mobilheime\\\/unterkunft\\\/mediterranean-premium\\\/#primaryimage\"},\"thumbnailUrl\":\"https:\\\/\\\/malin-krk.com\\\/wp-content\\\/uploads\\\/2018\\\/04\\\/deluxe-mobilna-kucica-13.jpg\",\"datePublished\":\"2018-02-15T09:07:57+00:00\",\"dateModified\":\"2024-05-10T11:52:07+00:00\",\"description\":\"Dieses luxuri\u00f6se Mobilheim im mediteranen Stil mit 32 qm im Camp Tiha \u0160ilo bietet Luxusunterkunft f\u00fcr 4 + 2 Personen. Klicken Sie f\u00fcr mehr Informationen.\",\"breadcrumb\":{\"@id\":\"https:\\\/\\\/malin-krk.com\\\/de\\\/mobilheime\\\/unterkunft\\\/mediterranean-premium\\\/#breadcrumb\"},\"inLanguage\":\"de\",\"potentialAction\":[{\"@type\":\"ReadAction\",\"target\":[\"https:\\\/\\\/malin-krk.com\\\/de\\\/mobilheime\\\/unterkunft\\\/mediterranean-premium\\\/\"]}]},{\"@type\":\"ImageObject\",\"inLanguage\":\"de\",\"@id\":\"https:\\\/\\\/malin-krk.com\\\/de\\\/mobilheime\\\/unterkunft\\\/mediterranean-premium\\\/#primaryimage\",\"url\":\"https:\\\/\\\/malin-krk.com\\\/wp-content\\\/uploads\\\/2018\\\/04\\\/deluxe-mobilna-kucica-13.jpg\",\"contentUrl\":\"https:\\\/\\\/malin-krk.com\\\/wp-content\\\/uploads\\\/2018\\\/04\\\/deluxe-mobilna-kucica-13.jpg\",\"width\":800,\"height\":533},{\"@type\":\"BreadcrumbList\",\"@id\":\"https:\\\/\\\/malin-krk.com\\\/de\\\/mobilheime\\\/unterkunft\\\/mediterranean-premium\\\/#breadcrumb\",\"itemListElement\":[{\"@type\":\"ListItem\",\"position\":1,\"name\":\"Home\",\"item\":\"https:\\\/\\\/malin-krk.com\\\/de\\\/\"},{\"@type\":\"ListItem\",\"position\":2,\"name\":\"Mobilheime\",\"item\":\"https:\\\/\\\/malin-krk.com\\\/de\\\/mobilheime\\\/\"},{\"@type\":\"ListItem\",\"position\":3,\"name\":\"Unterkunft\",\"item\":\"https:\\\/\\\/malin-krk.com\\\/de\\\/mobilheime\\\/unterkunft\\\/\"},{\"@type\":\"ListItem\",\"position\":4,\"name\":\"Mediterranean Premium Mobileheim\"}]},{\"@type\":\"WebSite\",\"@id\":\"https:\\\/\\\/malin-krk.com\\\/#website\",\"url\":\"https:\\\/\\\/malin-krk.com\\\/\",\"name\":\"Malin Krk\",\"description\":\"\",\"publisher\":{\"@id\":\"https:\\\/\\\/malin-krk.com\\\/#organization\"},\"potentialAction\":[{\"@type\":\"SearchAction\",\"target\":{\"@type\":\"EntryPoint\",\"urlTemplate\":\"https:\\\/\\\/malin-krk.com\\\/?s={search_term_string}\"},\"query-input\":{\"@type\":\"PropertyValueSpecification\",\"valueRequired\":true,\"valueName\":\"search_term_string\"}}],\"inLanguage\":\"de\"},{\"@type\":\"Organization\",\"@id\":\"https:\\\/\\\/malin-krk.com\\\/#organization\",\"name\":\"Malin Krk\",\"url\":\"https:\\\/\\\/malin-krk.com\\\/\",\"logo\":{\"@type\":\"ImageObject\",\"inLanguage\":\"de\",\"@id\":\"https:\\\/\\\/malin-krk.com\\\/#\\\/schema\\\/logo\\\/image\\\/\",\"url\":\"https:\\\/\\\/malin-krk.com\\\/wp-content\\\/uploads\\\/2024\\\/02\\\/malin-logo.jpg\",\"contentUrl\":\"https:\\\/\\\/malin-krk.com\\\/wp-content\\\/uploads\\\/2024\\\/02\\\/malin-logo.jpg\",\"width\":280,\"height\":96,\"caption\":\"Malin Krk\"},\"image\":{\"@id\":\"https:\\\/\\\/malin-krk.com\\\/#\\\/schema\\\/logo\\\/image\\\/\"},\"sameAs\":[\"https:\\\/\\\/www.facebook.com\\\/hotelmalin\\\/\"]}]}<\/script>\n<!-- \/ Yoast SEO plugin. -->","yoast_head_json":{"title":"Luxusmobilheim im Camp Tiha \u0160ilo \u2013 Malin Krk","description":"Dieses luxuri\u00f6se Mobilheim im mediteranen Stil mit 32 qm im Camp Tiha \u0160ilo bietet Luxusunterkunft f\u00fcr 4 + 2 Personen. Klicken Sie f\u00fcr mehr Informationen.","robots":{"index":"index","follow":"follow","max-snippet":"max-snippet:-1","max-image-preview":"max-image-preview:large","max-video-preview":"max-video-preview:-1"},"canonical":"https:\/\/malin-krk.com\/de\/mobilheime\/unterkunft\/mediterranean-premium\/","og_locale":"de_DE","og_type":"article","og_title":"Luxusmobilheim im Camp Tiha \u0160ilo \u2013 Malin Krk","og_description":"Dieses luxuri\u00f6se Mobilheim im mediteranen Stil mit 32 qm im Camp Tiha \u0160ilo bietet Luxusunterkunft f\u00fcr 4 + 2 Personen. Klicken Sie f\u00fcr mehr Informationen.","og_url":"https:\/\/malin-krk.com\/de\/mobilheime\/unterkunft\/mediterranean-premium\/","og_site_name":"Malin Krk","article_publisher":"https:\/\/www.facebook.com\/hotelmalin\/","article_modified_time":"2024-05-10T11:52:07+00:00","og_image":[{"width":800,"height":533,"url":"https:\/\/malin-krk.com\/wp-content\/uploads\/2018\/04\/deluxe-mobilna-kucica-13.jpg","type":"image\/jpeg"}],"twitter_card":"summary_large_image","schema":{"@context":"https:\/\/schema.org","@graph":[{"@type":"WebPage","@id":"https:\/\/malin-krk.com\/de\/mobilheime\/unterkunft\/mediterranean-premium\/","url":"https:\/\/malin-krk.com\/de\/mobilheime\/unterkunft\/mediterranean-premium\/","name":"Luxusmobilheim im Camp Tiha \u0160ilo \u2013 Malin Krk","isPartOf":{"@id":"https:\/\/malin-krk.com\/#website"},"primaryImageOfPage":{"@id":"https:\/\/malin-krk.com\/de\/mobilheime\/unterkunft\/mediterranean-premium\/#primaryimage"},"image":{"@id":"https:\/\/malin-krk.com\/de\/mobilheime\/unterkunft\/mediterranean-premium\/#primaryimage"},"thumbnailUrl":"https:\/\/malin-krk.com\/wp-content\/uploads\/2018\/04\/deluxe-mobilna-kucica-13.jpg","datePublished":"2018-02-15T09:07:57+00:00","dateModified":"2024-05-10T11:52:07+00:00","description":"Dieses luxuri\u00f6se Mobilheim im mediteranen Stil mit 32 qm im Camp Tiha \u0160ilo bietet Luxusunterkunft f\u00fcr 4 + 2 Personen. Klicken Sie f\u00fcr mehr Informationen.","breadcrumb":{"@id":"https:\/\/malin-krk.com\/de\/mobilheime\/unterkunft\/mediterranean-premium\/#breadcrumb"},"inLanguage":"de","potentialAction":[{"@type":"ReadAction","target":["https:\/\/malin-krk.com\/de\/mobilheime\/unterkunft\/mediterranean-premium\/"]}]},{"@type":"ImageObject","inLanguage":"de","@id":"https:\/\/malin-krk.com\/de\/mobilheime\/unterkunft\/mediterranean-premium\/#primaryimage","url":"https:\/\/malin-krk.com\/wp-content\/uploads\/2018\/04\/deluxe-mobilna-kucica-13.jpg","contentUrl":"https:\/\/malin-krk.com\/wp-content\/uploads\/2018\/04\/deluxe-mobilna-kucica-13.jpg","width":800,"height":533},{"@type":"BreadcrumbList","@id":"https:\/\/malin-krk.com\/de\/mobilheime\/unterkunft\/mediterranean-premium\/#breadcrumb","itemListElement":[{"@type":"ListItem","position":1,"name":"Home","item":"https:\/\/malin-krk.com\/de\/"},{"@type":"ListItem","position":2,"name":"Mobilheime","item":"https:\/\/malin-krk.com\/de\/mobilheime\/"},{"@type":"ListItem","position":3,"name":"Unterkunft","item":"https:\/\/malin-krk.com\/de\/mobilheime\/unterkunft\/"},{"@type":"ListItem","position":4,"name":"Mediterranean Premium Mobileheim"}]},{"@type":"WebSite","@id":"https:\/\/malin-krk.com\/#website","url":"https:\/\/malin-krk.com\/","name":"Malin Krk","description":"","publisher":{"@id":"https:\/\/malin-krk.com\/#organization"},"potentialAction":[{"@type":"SearchAction","target":{"@type":"EntryPoint","urlTemplate":"https:\/\/malin-krk.com\/?s={search_term_string}"},"query-input":{"@type":"PropertyValueSpecification","valueRequired":true,"valueName":"search_term_string"}}],"inLanguage":"de"},{"@type":"Organization","@id":"https:\/\/malin-krk.com\/#organization","name":"Malin Krk","url":"https:\/\/malin-krk.com\/","logo":{"@type":"ImageObject","inLanguage":"de","@id":"https:\/\/malin-krk.com\/#\/schema\/logo\/image\/","url":"https:\/\/malin-krk.com\/wp-content\/uploads\/2024\/02\/malin-logo.jpg","contentUrl":"https:\/\/malin-krk.com\/wp-content\/uploads\/2024\/02\/malin-logo.jpg","width":280,"height":96,"caption":"Malin Krk"},"image":{"@id":"https:\/\/malin-krk.com\/#\/schema\/logo\/image\/"},"sameAs":["https:\/\/www.facebook.com\/hotelmalin\/"]}]}},"_links":{"self":[{"href":"https:\/\/malin-krk.com\/de\/wp-json\/wp\/v2\/pages\/3235","targetHints":{"allow":["GET"]}}],"collection":[{"href":"https:\/\/malin-krk.com\/de\/wp-json\/wp\/v2\/pages"}],"about":[{"href":"https:\/\/malin-krk.com\/de\/wp-json\/wp\/v2\/types\/page"}],"author":[{"embeddable":true,"href":"https:\/\/malin-krk.com\/de\/wp-json\/wp\/v2\/users\/3"}],"replies":[{"embeddable":true,"href":"https:\/\/malin-krk.com\/de\/wp-json\/wp\/v2\/comments?post=3235"}],"version-history":[{"count":10,"href":"https:\/\/malin-krk.com\/de\/wp-json\/wp\/v2\/pages\/3235\/revisions"}],"predecessor-version":[{"id":29907,"href":"https:\/\/malin-krk.com\/de\/wp-json\/wp\/v2\/pages\/3235\/revisions\/29907"}],"up":[{"embeddable":true,"href":"https:\/\/malin-krk.com\/de\/wp-json\/wp\/v2\/pages\/1402"}],"wp:featuredmedia":[{"embeddable":true,"href":"https:\/\/malin-krk.com\/de\/wp-json\/wp\/v2\/media\/2635"}],"wp:attachment":[{"href":"https:\/\/malin-krk.com\/de\/wp-json\/wp\/v2\/media?parent=3235"}],"curies":[{"name":"wp","href":"https:\/\/api.w.org\/{rel}","templated":true}]}}