{"id":32318,"date":"2025-04-28T09:32:26","date_gmt":"2025-04-28T07:32:26","guid":{"rendered":"https:\/\/malin-krk.com\/?page_id=32318"},"modified":"2025-05-05T11:52:51","modified_gmt":"2025-05-05T09:52:51","slug":"spa-urlaub_hotel_malin","status":"publish","type":"page","link":"https:\/\/malin-krk.com\/de\/hotel-malin\/sonderangebote-des-hotels-malin\/spa-urlaub_hotel_malin\/","title":{"rendered":"Spa-Urlaub im Hotel Malin"},"content":{"rendered":"<!DOCTYPE html PUBLIC \"-\/\/W3C\/\/DTD HTML 4.0 Transitional\/\/EN\" \"http:\/\/www.w3.org\/TR\/REC-html40\/loose.dtd\">\n<html><body><p>G&ouml;nnen Sie sich v&ouml;llige Entspannung mit einem speziell gestalteten Spa-Urlaub im Hotel Malin auf der Insel Krk. Genie&szlig;en Sie erstklassige Wellnessangebote, Pools, Saunen und Massagen f&uuml;r eine perfekte Auszeit.<\/p>\n<p style=\"text-align: center;\"><span style=\"font-size: 18pt;\"><strong>Spa-Urlaub im Hotel Malin<\/strong><\/span><br>\n<strong>Angebot g&uuml;ltig vom<\/strong><br>\n<strong>04.05.-19.06.2025<\/strong><br>\n*Ausgenommene Daten: 25.05.-01.06. &amp; 06.06.-08.06.<\/p>\n<p><strong>Das Angebot beinhaltet:<\/strong><\/p>\n<p>&bull; 2 x Halbpension (Abendessen inkl. Sanfte und Wasser vom Automaten)<\/p>\n<p>&bull; Nutzung des Kinderspielzimmers und des Kinderspielplatzes im Freien<\/p>\n<p>&bull; Unbegrenzte kostenlose Nutzung des beheizten Innenpools und Au&szlig;enpools<\/p>\n<p>&bull; Fr&uuml;her Check-in und sp&auml;ter Check-out im Hotel (je nach Verf&uuml;gbarkeit, auf Anfrage)<\/p>\n<p>&bull; 1 x Besuch von DUBoak, dem Interpretationszentrum f&uuml;r maritimes Erbe<\/p>\n<p>&bull; 1 x Saunanutzung w&auml;hrend Ihres Aufenthaltes (Finnische Sauna, Biosauna, T&uuml;rkisches Bad, Infrarotsauna mit Himalaya-Salz) &ndash; nach Verf&uuml;gbarkeit und mit vorheriger Reservierung an der Wellness-Rezeption<\/p>\n<p>&bull; 20 % Rabatt auf Massagen<\/p>\n<p>&bull; Kostenloses WLAN<\/p>\n<p>Die Kurtaxe ist nicht im Preis inbegriffen und betr&auml;gt 2,00 &euro; und wird pro Person und Nacht erhoben. Kinder unter 12 Jahren zahlen keine Kurtaxe, Kinder von 12 bis 18 Jahren zahlen 50 % der Kurtaxe.<\/p>\n<p><strong>ZUSCHLAG:<\/strong><br>\nKind von 13 bis 17 Jahren &ndash; 25,00 &euro; pro Nacht;<\/p>\n<p>3. Erwachsener &ndash; 50,00 &euro; pro Nacht<\/p>\n<p>&nbsp;<\/p>\n<p><span style=\"font-size: 14pt;\"><strong>PREISE F&Uuml;R EIN 2-N&Auml;CHTE-ARRANGEMENT:<\/strong><\/span><br>\n<span style=\"font-size: 14pt;\"><strong>ZIMMERART \/ AUFENTHALTSDAUER<\/strong><\/span><\/p>\n<p>&nbsp;<\/p>\n<div class=\"table-responsive\"><table style=\"border-collapse: collapse; width: 100%; height: 192px;\" class=\"table\">\n<tbody>\n<tr style=\"height: 96px;\">\n<td style=\"width: 42.8916%; height: 96px;\"><strong>ZIMMERTYP \/ AUFENTHALTSDAUER<\/strong><\/td>\n<td style=\"width: 23.775%; height: 96px; text-align: center;\"><strong>04.05.-25.05.2025.<\/strong><\/td>\n<td style=\"width: 33.3333%; height: 96px;\">\n<p style=\"text-align: center;\"><strong>01.06.-06.06.2025.<\/strong><\/p>\n<p style=\"text-align: center;\"><strong>08.06.-19.06.2025.<\/strong><\/p>\n<\/td>\n<\/tr>\n<tr style=\"height: 24px;\">\n<td style=\"width: 42.8916%; height: 24px;\">Doppelzimmer mit Balkon (2 Personen und 1 Kind bis 12 Jahre)<\/td>\n<td style=\"width: 23.775%; height: 24px; text-align: center;\">338,00 &euro;<\/td>\n<td style=\"width: 33.3333%; height: 24px; text-align: center;\">371,00 &euro;<\/td>\n<\/tr>\n<tr style=\"height: 24px;\">\n<td style=\"width: 42.8916%; height: 24px;\">Standard-Doppelzimmer mit Balkon (2 Personen und 1 Kind bis 12 Jahre)<\/td>\n<td style=\"width: 23.775%; height: 24px; text-align: center;\">362,00 &euro;<\/td>\n<td style=\"width: 33.3333%; height: 24px; text-align: center;\">397,00 &euro;<\/td>\n<\/tr>\n<tr style=\"height: 24px;\">\n<td style=\"width: 42.8916%; height: 24px;\">Superior Doppelzimmer mit Balkon (2 Personen und 1 Kind bis 12 Jahre)<\/td>\n<td style=\"width: 23.775%; height: 24px; text-align: center;\">396,00 &euro;<\/td>\n<td style=\"width: 33.3333%; height: 24px; text-align: center;\">434,00 &euro;<\/td>\n<\/tr>\n<tr style=\"height: 24px;\">\n<td style=\"width: 42.8916%; height: 24px;\">Suite mit Balkon oder Terrasse (2 Personen und 2 Kinder bis 12 Jahre)<\/td>\n<td style=\"width: 23.775%; height: 24px; text-align: center;\">444,00 &euro;<\/td>\n<td style=\"width: 33.3333%; height: 24px; text-align: center;\">487,00 &euro;<\/td>\n<\/tr>\n<\/tbody>\n<\/table><\/div>\n<p><strong>ZIMMERBESCHREIBUNG:<\/strong><\/p>\n<p><strong>Doppelzimmer mit Balkon<\/strong>, 24 m2, klimatisiert und ausgestattet mit SAT-TV, Telefon, Sofa (f&uuml;r 1 Person), Schreibtisch, Minibar, Safe und Haartrockner. Das Zimmer ist zum Meer ausgerichtet.<\/p>\n<p><img decoding=\"async\" class=\"aligncenter wp-image-32284 size-large\" src=\"https:\/\/malin-krk.com\/wp-content\/uploads\/2025\/04\/Copy-of-Mul-Jakov-ex.-Tattinger-180-x-80-cm-1024x205.png\" alt=\"\" width=\"1024\" height=\"205\" srcset=\"https:\/\/malin-krk.com\/wp-content\/uploads\/2025\/04\/Copy-of-Mul-Jakov-ex.-Tattinger-180-x-80-cm-1024x205.png 1024w, https:\/\/malin-krk.com\/wp-content\/uploads\/2025\/04\/Copy-of-Mul-Jakov-ex.-Tattinger-180-x-80-cm-300x60.png 300w, https:\/\/malin-krk.com\/wp-content\/uploads\/2025\/04\/Copy-of-Mul-Jakov-ex.-Tattinger-180-x-80-cm-768x154.png 768w, https:\/\/malin-krk.com\/wp-content\/uploads\/2025\/04\/Copy-of-Mul-Jakov-ex.-Tattinger-180-x-80-cm-1536x307.png 1536w, https:\/\/malin-krk.com\/wp-content\/uploads\/2025\/04\/Copy-of-Mul-Jakov-ex.-Tattinger-180-x-80-cm.png 2000w\" sizes=\"(max-width: 1024px) 100vw, 1024px\" \/><br>\n<strong>Standard-Doppelzimmer mit Balkon<\/strong> (20 m2), klimatisiert und ausgestattet mit SAT-TV, Telefon, Sofa (f&uuml;r 1 Person), Schreibtisch, Minibar, Safe und Haartrockner. Der Raum ist nach Norden ausgerichtet.<\/p>\n<p><img decoding=\"async\" class=\"aligncenter wp-image-32288 size-large\" src=\"https:\/\/malin-krk.com\/wp-content\/uploads\/2025\/04\/Copy-of-Mul-Jakov-ex.-Tattinger-180-x-80-cm-1-1024x205.png\" alt=\"\" width=\"1024\" height=\"205\" srcset=\"https:\/\/malin-krk.com\/wp-content\/uploads\/2025\/04\/Copy-of-Mul-Jakov-ex.-Tattinger-180-x-80-cm-1-1024x205.png 1024w, https:\/\/malin-krk.com\/wp-content\/uploads\/2025\/04\/Copy-of-Mul-Jakov-ex.-Tattinger-180-x-80-cm-1-300x60.png 300w, https:\/\/malin-krk.com\/wp-content\/uploads\/2025\/04\/Copy-of-Mul-Jakov-ex.-Tattinger-180-x-80-cm-1-768x154.png 768w, https:\/\/malin-krk.com\/wp-content\/uploads\/2025\/04\/Copy-of-Mul-Jakov-ex.-Tattinger-180-x-80-cm-1-1536x307.png 1536w, https:\/\/malin-krk.com\/wp-content\/uploads\/2025\/04\/Copy-of-Mul-Jakov-ex.-Tattinger-180-x-80-cm-1.png 2000w\" sizes=\"(max-width: 1024px) 100vw, 1024px\" \/><br>\n<strong>Das Superior-Doppelzimmer mit Balkon<\/strong> (21 m2) ist klimatisiert und mit SAT-TV, Telefon, Sofa (f&uuml;r 1 Person), Schreibtisch, Minibar, Safe und Haartrockner ausgestattet. Das Zimmer ist zum Meer ausgerichtet. Die Zimmer wurden 2024 renoviert.<\/p>\n<p><img decoding=\"async\" class=\"aligncenter wp-image-32292 size-large\" src=\"https:\/\/malin-krk.com\/wp-content\/uploads\/2025\/04\/Copy-of-Mul-Jakov-ex.-Tattinger-180-x-80-cm-2-1024x205.png\" alt=\"\" width=\"1024\" height=\"205\" srcset=\"https:\/\/malin-krk.com\/wp-content\/uploads\/2025\/04\/Copy-of-Mul-Jakov-ex.-Tattinger-180-x-80-cm-2-1024x205.png 1024w, https:\/\/malin-krk.com\/wp-content\/uploads\/2025\/04\/Copy-of-Mul-Jakov-ex.-Tattinger-180-x-80-cm-2-300x60.png 300w, https:\/\/malin-krk.com\/wp-content\/uploads\/2025\/04\/Copy-of-Mul-Jakov-ex.-Tattinger-180-x-80-cm-2-768x154.png 768w, https:\/\/malin-krk.com\/wp-content\/uploads\/2025\/04\/Copy-of-Mul-Jakov-ex.-Tattinger-180-x-80-cm-2-1536x307.png 1536w, https:\/\/malin-krk.com\/wp-content\/uploads\/2025\/04\/Copy-of-Mul-Jakov-ex.-Tattinger-180-x-80-cm-2.png 2000w\" sizes=\"(max-width: 1024px) 100vw, 1024px\" \/><\/p>\n<p><strong>Die Suite mit Balkon oder Terrasse<\/strong> ist f&uuml;r eine Familie mit zwei Erwachsenen und zwei Kindern bis 12 Jahre geeignet. Die Suite besteht aus einem Schlafzimmer mit Doppelbett und einem Wohnzimmer mit Schlafsofa, das Zimmer ist klimatisiert und mit Sat-TV, Telefon, Schreibtisch, Minibar, Safe und Haartrockner ausgestattet. Die Gr&ouml;&szlig;e der Suite variiert zwischen 29 m2 und 35 m2.<\/p>\n<p>Suite Typ 1:<\/p>\n<p><img decoding=\"async\" class=\"aligncenter wp-image-32296 size-large\" src=\"https:\/\/malin-krk.com\/wp-content\/uploads\/2025\/04\/Copy-of-Mul-Jakov-ex.-Tattinger-180-x-80-cm-3-1024x205.png\" alt=\"\" width=\"1024\" height=\"205\" srcset=\"https:\/\/malin-krk.com\/wp-content\/uploads\/2025\/04\/Copy-of-Mul-Jakov-ex.-Tattinger-180-x-80-cm-3-1024x205.png 1024w, https:\/\/malin-krk.com\/wp-content\/uploads\/2025\/04\/Copy-of-Mul-Jakov-ex.-Tattinger-180-x-80-cm-3-300x60.png 300w, https:\/\/malin-krk.com\/wp-content\/uploads\/2025\/04\/Copy-of-Mul-Jakov-ex.-Tattinger-180-x-80-cm-3-768x154.png 768w, https:\/\/malin-krk.com\/wp-content\/uploads\/2025\/04\/Copy-of-Mul-Jakov-ex.-Tattinger-180-x-80-cm-3-1536x307.png 1536w, https:\/\/malin-krk.com\/wp-content\/uploads\/2025\/04\/Copy-of-Mul-Jakov-ex.-Tattinger-180-x-80-cm-3.png 2000w\" sizes=\"(max-width: 1024px) 100vw, 1024px\" \/><\/p>\n<p>Suite Typ 2:<\/p>\n<p><img decoding=\"async\" class=\"aligncenter wp-image-32300 size-large\" src=\"https:\/\/malin-krk.com\/wp-content\/uploads\/2025\/04\/Copy-of-Mul-Jakov-ex.-Tattinger-180-x-80-cm-4-1024x205.png\" alt=\"\" width=\"1024\" height=\"205\" srcset=\"https:\/\/malin-krk.com\/wp-content\/uploads\/2025\/04\/Copy-of-Mul-Jakov-ex.-Tattinger-180-x-80-cm-4-1024x205.png 1024w, https:\/\/malin-krk.com\/wp-content\/uploads\/2025\/04\/Copy-of-Mul-Jakov-ex.-Tattinger-180-x-80-cm-4-300x60.png 300w, https:\/\/malin-krk.com\/wp-content\/uploads\/2025\/04\/Copy-of-Mul-Jakov-ex.-Tattinger-180-x-80-cm-4-768x154.png 768w, https:\/\/malin-krk.com\/wp-content\/uploads\/2025\/04\/Copy-of-Mul-Jakov-ex.-Tattinger-180-x-80-cm-4-1536x307.png 1536w, https:\/\/malin-krk.com\/wp-content\/uploads\/2025\/04\/Copy-of-Mul-Jakov-ex.-Tattinger-180-x-80-cm-4.png 2000w\" sizes=\"(max-width: 1024px) 100vw, 1024px\" \/><\/p>\n<p>Suite Typ 3:<\/p>\n<p><img decoding=\"async\" class=\"aligncenter wp-image-32304 size-large\" src=\"https:\/\/malin-krk.com\/wp-content\/uploads\/2025\/04\/Copy-of-Mul-Jakov-ex.-Tattinger-180-x-80-cm-5-1024x205.png\" alt=\"\" width=\"1024\" height=\"205\" srcset=\"https:\/\/malin-krk.com\/wp-content\/uploads\/2025\/04\/Copy-of-Mul-Jakov-ex.-Tattinger-180-x-80-cm-5-1024x205.png 1024w, https:\/\/malin-krk.com\/wp-content\/uploads\/2025\/04\/Copy-of-Mul-Jakov-ex.-Tattinger-180-x-80-cm-5-300x60.png 300w, https:\/\/malin-krk.com\/wp-content\/uploads\/2025\/04\/Copy-of-Mul-Jakov-ex.-Tattinger-180-x-80-cm-5-768x154.png 768w, https:\/\/malin-krk.com\/wp-content\/uploads\/2025\/04\/Copy-of-Mul-Jakov-ex.-Tattinger-180-x-80-cm-5-1536x307.png 1536w, https:\/\/malin-krk.com\/wp-content\/uploads\/2025\/04\/Copy-of-Mul-Jakov-ex.-Tattinger-180-x-80-cm-5.png 2000w\" sizes=\"(max-width: 1024px) 100vw, 1024px\" \/><\/p>\n<p><strong>Informationen und Reservierungen:<\/strong><\/p>\n\n<div class=\"wpcf7 no-js\" id=\"wpcf7-f863-o1\" lang=\"hr-HR\" dir=\"ltr\" data-wpcf7-id=\"863\">\n<div class=\"screen-reader-response\"><p role=\"status\" aria-live=\"polite\" aria-atomic=\"true\"><\/p> <ul><\/ul><\/div>\n<form action=\"\/de\/wp-json\/wp\/v2\/pages\/32318#wpcf7-f863-o1\" method=\"post\" class=\"wpcf7-form init\" aria-label=\"Kontaktformular\" novalidate=\"novalidate\" data-status=\"init\">\n<fieldset class=\"hidden-fields-container\"><input type=\"hidden\" name=\"_wpcf7\" value=\"863\" \/><input type=\"hidden\" name=\"_wpcf7_version\" value=\"6.1.5\" \/><input type=\"hidden\" name=\"_wpcf7_locale\" value=\"hr_HR\" \/><input type=\"hidden\" name=\"_wpcf7_unit_tag\" value=\"wpcf7-f863-o1\" \/><input type=\"hidden\" name=\"_wpcf7_container_post\" value=\"0\" \/><input type=\"hidden\" name=\"_wpcf7_posted_data_hash\" value=\"\" \/>\n<\/fieldset>\n<p><label>Vor- und Nachname*<br \/>\n<span class=\"wpcf7-form-control-wrap\" data-name=\"your-name\"><input size=\"40\" maxlength=\"400\" class=\"wpcf7-form-control wpcf7-text wpcf7-validates-as-required\" aria-required=\"true\" aria-invalid=\"false\" value=\"\" type=\"text\" name=\"your-name\" \/><\/span> <\/label>\n<\/p>\n<p><label>E-mail*<br \/>\n<span class=\"wpcf7-form-control-wrap\" data-name=\"your-email\"><input size=\"40\" maxlength=\"400\" class=\"wpcf7-form-control wpcf7-email wpcf7-validates-as-required wpcf7-text wpcf7-validates-as-email\" aria-required=\"true\" aria-invalid=\"false\" value=\"\" type=\"email\" name=\"your-email\" \/><\/span> <\/label>\n<\/p>\n<p><label>Betreff*<br \/>\n<span class=\"wpcf7-form-control-wrap\" data-name=\"your-subject\"><input size=\"40\" maxlength=\"400\" class=\"wpcf7-form-control wpcf7-text wpcf7-validates-as-required\" aria-required=\"true\" aria-invalid=\"false\" value=\"\" type=\"text\" name=\"your-subject\" \/><\/span> <\/label>\n<\/p>\n<p><label>Ihre Nachricht*<br \/>\n<span class=\"wpcf7-form-control-wrap\" data-name=\"your-message\"><textarea cols=\"40\" rows=\"10\" maxlength=\"2000\" class=\"wpcf7-form-control wpcf7-textarea wpcf7-validates-as-required\" aria-required=\"true\" aria-invalid=\"false\" name=\"your-message\"><\/textarea><\/span> <\/label>\n<\/p>\n<p><label>Empf\u00e4nger<br \/>\n<span class=\"wpcf7-form-control-wrap\" data-name=\"your-recipient\"><select class=\"wpcf7-form-control wpcf7-select wpcf7-validates-as-required\" aria-required=\"true\" aria-invalid=\"false\" name=\"your-recipient\"><option value=\"\">&#8211; Bitte ausw\u00e4hlen &#8211;<\/option><option value=\"Hotel Malin\">Hotel Malin<\/option><option value=\"Villen &amp; appartements\">Villen &amp; appartements<\/option><option value=\"Mobilheime\">Mobilheime<\/option><option value=\"Camp Tiha \u0160ilo\">Camp Tiha \u0160ilo<\/option><\/select><\/span><\/label>\n<\/p>\n<p><label>Captcha<br \/>\n<input type=\"hidden\" name=\"_wpcf7_captcha_challenge_captcha-1\" value=\"313048491\" \/><img decoding=\"async\" class=\"wpcf7-form-control wpcf7-captchac wpcf7-captcha-captcha-1\" width=\"84\" height=\"28\" alt=\"captcha\" src=\"https:\/\/malin-krk.com\/wp-content\/uploads\/wpcf7_captcha\/313048491.png\" \/><span class=\"wpcf7-form-control-wrap\" data-name=\"captcha-1\"><input size=\"40\" maxlength=\"100\" class=\"wpcf7-form-control wpcf7-captchar\" autocomplete=\"off\" aria-invalid=\"false\" placeholder=\"Zeichen eingeben\" value=\"\" type=\"text\" name=\"captcha-1\" \/><\/span><br \/>\n<\/label>\n<\/p>\n<p><span class=\"wpcf7-form-control-wrap\" data-name=\"your-consent\"><span class=\"wpcf7-form-control wpcf7-acceptance\"><span class=\"wpcf7-list-item\"><label><input type=\"checkbox\" name=\"your-consent\" value=\"1\" aria-invalid=\"false\" \/><span class=\"wpcf7-list-item-label\">Bitte markieren, damit Sie der Speicherung Ihrer Daten gem\u00e4\u00df den Richtlinien angef\u00fchrt in unserer <a href=\"https:\/\/malin-krk.com\/de\/allgemeine-nutzungsbedingungen\/\">Datenschutzerkl\u00e4rung zustimmen<\/a><\/span><\/label><\/span><\/span><\/span>\n<\/p>\n<p><input class=\"wpcf7-form-control wpcf7-submit has-spinner btn\" type=\"submit\" value=\"Senden\" \/>\n<\/p><div class=\"wpcf7-response-output\" aria-hidden=\"true\"><\/div>\n<\/form>\n<\/div>\n\n<\/body><\/html>\n","protected":false},"excerpt":{"rendered":"<p>G&ouml;nnen Sie sich v&ouml;llige Entspannung mit einem speziell gestalteten Spa-Urlaub im Hotel Malin auf der Insel Krk. Genie&szlig;en Sie erstklassige Wellnessangebote, Pools, Saunen und Massagen f&uuml;r eine perfekte Auszeit. Spa-Urlaub im Hotel Malin Angebot g&uuml;ltig vom 04.05.-19.06.2025 *Ausgenommene Daten: 25.05.-01.06. &amp; 06.06.-08.06. Das Angebot beinhaltet: &bull; 2 x Halbpension (Abendessen inkl. Sanfte und Wasser vom [&hellip;]<\/p>\n","protected":false},"author":2,"featured_media":32331,"parent":1339,"menu_order":0,"comment_status":"closed","ping_status":"closed","template":"","meta":{"_acf_changed":false,"footnotes":""},"class_list":["post-32318","page","type-page","status-publish","has-post-thumbnail","hentry"],"acf":[],"yoast_head":"<!-- This site is optimized with the Yoast SEO plugin v27.5 - https:\/\/yoast.com\/product\/yoast-seo-wordpress\/ -->\n<title>Spa-Urlaub im Hotel Malin - Malin Krk<\/title>\n<meta name=\"description\" content=\"Erleben Sie den perfekten Spa-Urlaub im Hotel Malin auf der Insel Krk! Genie\u00dfen Sie Halbpension, Wellness mit Pools und Saunen, Massagen und familienfreundliche Angebote. Buchen Sie jetzt Ihre Auszeit!\" \/>\n<meta name=\"robots\" content=\"index, follow, max-snippet:-1, max-image-preview:large, max-video-preview:-1\" \/>\n<link rel=\"canonical\" href=\"https:\/\/malin-krk.com\/de\/hotel-malin\/sonderangebote-des-hotels-malin\/spa-urlaub_hotel_malin\/\" \/>\n<meta property=\"og:locale\" content=\"de_DE\" \/>\n<meta property=\"og:type\" content=\"article\" \/>\n<meta property=\"og:title\" content=\"Spa-Urlaub im Hotel Malin - Malin Krk\" \/>\n<meta property=\"og:description\" content=\"Erleben Sie den perfekten Spa-Urlaub im Hotel Malin auf der Insel Krk! Genie\u00dfen Sie Halbpension, Wellness mit Pools und Saunen, Massagen und familienfreundliche Angebote. Buchen Sie jetzt Ihre Auszeit!\" \/>\n<meta property=\"og:url\" content=\"https:\/\/malin-krk.com\/de\/hotel-malin\/sonderangebote-des-hotels-malin\/spa-urlaub_hotel_malin\/\" \/>\n<meta property=\"og:site_name\" content=\"Malin Krk\" \/>\n<meta property=\"article:publisher\" content=\"https:\/\/www.facebook.com\/hotelmalin\/\" \/>\n<meta property=\"article:modified_time\" content=\"2025-05-05T09:52:51+00:00\" \/>\n<meta property=\"og:image\" content=\"https:\/\/malin-krk.com\/wp-content\/uploads\/2025\/04\/IMG_2318-HDR.jpg\" \/>\n\t<meta property=\"og:image:width\" content=\"2300\" \/>\n\t<meta property=\"og:image:height\" content=\"1533\" \/>\n\t<meta property=\"og:image:type\" content=\"image\/jpeg\" \/>\n<meta name=\"twitter:card\" content=\"summary_large_image\" \/>\n<script type=\"application\/ld+json\" class=\"yoast-schema-graph\">{\"@context\":\"https:\\\/\\\/schema.org\",\"@graph\":[{\"@type\":\"WebPage\",\"@id\":\"https:\\\/\\\/malin-krk.com\\\/de\\\/hotel-malin\\\/sonderangebote-des-hotels-malin\\\/spa-urlaub_hotel_malin\\\/\",\"url\":\"https:\\\/\\\/malin-krk.com\\\/de\\\/hotel-malin\\\/sonderangebote-des-hotels-malin\\\/spa-urlaub_hotel_malin\\\/\",\"name\":\"Spa-Urlaub im Hotel Malin - Malin Krk\",\"isPartOf\":{\"@id\":\"https:\\\/\\\/malin-krk.com\\\/#website\"},\"primaryImageOfPage\":{\"@id\":\"https:\\\/\\\/malin-krk.com\\\/de\\\/hotel-malin\\\/sonderangebote-des-hotels-malin\\\/spa-urlaub_hotel_malin\\\/#primaryimage\"},\"image\":{\"@id\":\"https:\\\/\\\/malin-krk.com\\\/de\\\/hotel-malin\\\/sonderangebote-des-hotels-malin\\\/spa-urlaub_hotel_malin\\\/#primaryimage\"},\"thumbnailUrl\":\"https:\\\/\\\/malin-krk.com\\\/wp-content\\\/uploads\\\/2025\\\/04\\\/IMG_2318-HDR.jpg\",\"datePublished\":\"2025-04-28T07:32:26+00:00\",\"dateModified\":\"2025-05-05T09:52:51+00:00\",\"description\":\"Erleben Sie den perfekten Spa-Urlaub im Hotel Malin auf der Insel Krk! Genie\u00dfen Sie Halbpension, Wellness mit Pools und Saunen, Massagen und familienfreundliche Angebote. Buchen Sie jetzt Ihre Auszeit!\",\"breadcrumb\":{\"@id\":\"https:\\\/\\\/malin-krk.com\\\/de\\\/hotel-malin\\\/sonderangebote-des-hotels-malin\\\/spa-urlaub_hotel_malin\\\/#breadcrumb\"},\"inLanguage\":\"de\",\"potentialAction\":[{\"@type\":\"ReadAction\",\"target\":[\"https:\\\/\\\/malin-krk.com\\\/de\\\/hotel-malin\\\/sonderangebote-des-hotels-malin\\\/spa-urlaub_hotel_malin\\\/\"]}]},{\"@type\":\"ImageObject\",\"inLanguage\":\"de\",\"@id\":\"https:\\\/\\\/malin-krk.com\\\/de\\\/hotel-malin\\\/sonderangebote-des-hotels-malin\\\/spa-urlaub_hotel_malin\\\/#primaryimage\",\"url\":\"https:\\\/\\\/malin-krk.com\\\/wp-content\\\/uploads\\\/2025\\\/04\\\/IMG_2318-HDR.jpg\",\"contentUrl\":\"https:\\\/\\\/malin-krk.com\\\/wp-content\\\/uploads\\\/2025\\\/04\\\/IMG_2318-HDR.jpg\",\"width\":2300,\"height\":1533},{\"@type\":\"BreadcrumbList\",\"@id\":\"https:\\\/\\\/malin-krk.com\\\/de\\\/hotel-malin\\\/sonderangebote-des-hotels-malin\\\/spa-urlaub_hotel_malin\\\/#breadcrumb\",\"itemListElement\":[{\"@type\":\"ListItem\",\"position\":1,\"name\":\"Home\",\"item\":\"https:\\\/\\\/malin-krk.com\\\/de\\\/\"},{\"@type\":\"ListItem\",\"position\":2,\"name\":\"Hotel Malin\",\"item\":\"https:\\\/\\\/malin-krk.com\\\/de\\\/hotel-malin\\\/\"},{\"@type\":\"ListItem\",\"position\":3,\"name\":\"Advent im Malin Hotel\",\"item\":\"https:\\\/\\\/malin-krk.com\\\/de\\\/hotel-malin\\\/sonderangebote-des-hotels-malin\\\/\"},{\"@type\":\"ListItem\",\"position\":4,\"name\":\"Spa-Urlaub im Hotel Malin\"}]},{\"@type\":\"WebSite\",\"@id\":\"https:\\\/\\\/malin-krk.com\\\/#website\",\"url\":\"https:\\\/\\\/malin-krk.com\\\/\",\"name\":\"Malin Krk\",\"description\":\"\",\"publisher\":{\"@id\":\"https:\\\/\\\/malin-krk.com\\\/#organization\"},\"potentialAction\":[{\"@type\":\"SearchAction\",\"target\":{\"@type\":\"EntryPoint\",\"urlTemplate\":\"https:\\\/\\\/malin-krk.com\\\/?s={search_term_string}\"},\"query-input\":{\"@type\":\"PropertyValueSpecification\",\"valueRequired\":true,\"valueName\":\"search_term_string\"}}],\"inLanguage\":\"de\"},{\"@type\":\"Organization\",\"@id\":\"https:\\\/\\\/malin-krk.com\\\/#organization\",\"name\":\"Malin Krk\",\"url\":\"https:\\\/\\\/malin-krk.com\\\/\",\"logo\":{\"@type\":\"ImageObject\",\"inLanguage\":\"de\",\"@id\":\"https:\\\/\\\/malin-krk.com\\\/#\\\/schema\\\/logo\\\/image\\\/\",\"url\":\"https:\\\/\\\/malin-krk.com\\\/wp-content\\\/uploads\\\/2024\\\/02\\\/malin-logo.jpg\",\"contentUrl\":\"https:\\\/\\\/malin-krk.com\\\/wp-content\\\/uploads\\\/2024\\\/02\\\/malin-logo.jpg\",\"width\":280,\"height\":96,\"caption\":\"Malin Krk\"},\"image\":{\"@id\":\"https:\\\/\\\/malin-krk.com\\\/#\\\/schema\\\/logo\\\/image\\\/\"},\"sameAs\":[\"https:\\\/\\\/www.facebook.com\\\/hotelmalin\\\/\"]}]}<\/script>\n<!-- \/ Yoast SEO plugin. -->","yoast_head_json":{"title":"Spa-Urlaub im Hotel Malin - Malin Krk","description":"Erleben Sie den perfekten Spa-Urlaub im Hotel Malin auf der Insel Krk! Genie\u00dfen Sie Halbpension, Wellness mit Pools und Saunen, Massagen und familienfreundliche Angebote. Buchen Sie jetzt Ihre Auszeit!","robots":{"index":"index","follow":"follow","max-snippet":"max-snippet:-1","max-image-preview":"max-image-preview:large","max-video-preview":"max-video-preview:-1"},"canonical":"https:\/\/malin-krk.com\/de\/hotel-malin\/sonderangebote-des-hotels-malin\/spa-urlaub_hotel_malin\/","og_locale":"de_DE","og_type":"article","og_title":"Spa-Urlaub im Hotel Malin - Malin Krk","og_description":"Erleben Sie den perfekten Spa-Urlaub im Hotel Malin auf der Insel Krk! Genie\u00dfen Sie Halbpension, Wellness mit Pools und Saunen, Massagen und familienfreundliche Angebote. Buchen Sie jetzt Ihre Auszeit!","og_url":"https:\/\/malin-krk.com\/de\/hotel-malin\/sonderangebote-des-hotels-malin\/spa-urlaub_hotel_malin\/","og_site_name":"Malin Krk","article_publisher":"https:\/\/www.facebook.com\/hotelmalin\/","article_modified_time":"2025-05-05T09:52:51+00:00","og_image":[{"width":2300,"height":1533,"url":"https:\/\/malin-krk.com\/wp-content\/uploads\/2025\/04\/IMG_2318-HDR.jpg","type":"image\/jpeg"}],"twitter_card":"summary_large_image","schema":{"@context":"https:\/\/schema.org","@graph":[{"@type":"WebPage","@id":"https:\/\/malin-krk.com\/de\/hotel-malin\/sonderangebote-des-hotels-malin\/spa-urlaub_hotel_malin\/","url":"https:\/\/malin-krk.com\/de\/hotel-malin\/sonderangebote-des-hotels-malin\/spa-urlaub_hotel_malin\/","name":"Spa-Urlaub im Hotel Malin - Malin Krk","isPartOf":{"@id":"https:\/\/malin-krk.com\/#website"},"primaryImageOfPage":{"@id":"https:\/\/malin-krk.com\/de\/hotel-malin\/sonderangebote-des-hotels-malin\/spa-urlaub_hotel_malin\/#primaryimage"},"image":{"@id":"https:\/\/malin-krk.com\/de\/hotel-malin\/sonderangebote-des-hotels-malin\/spa-urlaub_hotel_malin\/#primaryimage"},"thumbnailUrl":"https:\/\/malin-krk.com\/wp-content\/uploads\/2025\/04\/IMG_2318-HDR.jpg","datePublished":"2025-04-28T07:32:26+00:00","dateModified":"2025-05-05T09:52:51+00:00","description":"Erleben Sie den perfekten Spa-Urlaub im Hotel Malin auf der Insel Krk! Genie\u00dfen Sie Halbpension, Wellness mit Pools und Saunen, Massagen und familienfreundliche Angebote. Buchen Sie jetzt Ihre Auszeit!","breadcrumb":{"@id":"https:\/\/malin-krk.com\/de\/hotel-malin\/sonderangebote-des-hotels-malin\/spa-urlaub_hotel_malin\/#breadcrumb"},"inLanguage":"de","potentialAction":[{"@type":"ReadAction","target":["https:\/\/malin-krk.com\/de\/hotel-malin\/sonderangebote-des-hotels-malin\/spa-urlaub_hotel_malin\/"]}]},{"@type":"ImageObject","inLanguage":"de","@id":"https:\/\/malin-krk.com\/de\/hotel-malin\/sonderangebote-des-hotels-malin\/spa-urlaub_hotel_malin\/#primaryimage","url":"https:\/\/malin-krk.com\/wp-content\/uploads\/2025\/04\/IMG_2318-HDR.jpg","contentUrl":"https:\/\/malin-krk.com\/wp-content\/uploads\/2025\/04\/IMG_2318-HDR.jpg","width":2300,"height":1533},{"@type":"BreadcrumbList","@id":"https:\/\/malin-krk.com\/de\/hotel-malin\/sonderangebote-des-hotels-malin\/spa-urlaub_hotel_malin\/#breadcrumb","itemListElement":[{"@type":"ListItem","position":1,"name":"Home","item":"https:\/\/malin-krk.com\/de\/"},{"@type":"ListItem","position":2,"name":"Hotel Malin","item":"https:\/\/malin-krk.com\/de\/hotel-malin\/"},{"@type":"ListItem","position":3,"name":"Advent im Malin Hotel","item":"https:\/\/malin-krk.com\/de\/hotel-malin\/sonderangebote-des-hotels-malin\/"},{"@type":"ListItem","position":4,"name":"Spa-Urlaub im Hotel Malin"}]},{"@type":"WebSite","@id":"https:\/\/malin-krk.com\/#website","url":"https:\/\/malin-krk.com\/","name":"Malin Krk","description":"","publisher":{"@id":"https:\/\/malin-krk.com\/#organization"},"potentialAction":[{"@type":"SearchAction","target":{"@type":"EntryPoint","urlTemplate":"https:\/\/malin-krk.com\/?s={search_term_string}"},"query-input":{"@type":"PropertyValueSpecification","valueRequired":true,"valueName":"search_term_string"}}],"inLanguage":"de"},{"@type":"Organization","@id":"https:\/\/malin-krk.com\/#organization","name":"Malin Krk","url":"https:\/\/malin-krk.com\/","logo":{"@type":"ImageObject","inLanguage":"de","@id":"https:\/\/malin-krk.com\/#\/schema\/logo\/image\/","url":"https:\/\/malin-krk.com\/wp-content\/uploads\/2024\/02\/malin-logo.jpg","contentUrl":"https:\/\/malin-krk.com\/wp-content\/uploads\/2024\/02\/malin-logo.jpg","width":280,"height":96,"caption":"Malin Krk"},"image":{"@id":"https:\/\/malin-krk.com\/#\/schema\/logo\/image\/"},"sameAs":["https:\/\/www.facebook.com\/hotelmalin\/"]}]}},"_links":{"self":[{"href":"https:\/\/malin-krk.com\/de\/wp-json\/wp\/v2\/pages\/32318","targetHints":{"allow":["GET"]}}],"collection":[{"href":"https:\/\/malin-krk.com\/de\/wp-json\/wp\/v2\/pages"}],"about":[{"href":"https:\/\/malin-krk.com\/de\/wp-json\/wp\/v2\/types\/page"}],"author":[{"embeddable":true,"href":"https:\/\/malin-krk.com\/de\/wp-json\/wp\/v2\/users\/2"}],"replies":[{"embeddable":true,"href":"https:\/\/malin-krk.com\/de\/wp-json\/wp\/v2\/comments?post=32318"}],"version-history":[{"count":7,"href":"https:\/\/malin-krk.com\/de\/wp-json\/wp\/v2\/pages\/32318\/revisions"}],"predecessor-version":[{"id":32382,"href":"https:\/\/malin-krk.com\/de\/wp-json\/wp\/v2\/pages\/32318\/revisions\/32382"}],"up":[{"embeddable":true,"href":"https:\/\/malin-krk.com\/de\/wp-json\/wp\/v2\/pages\/1339"}],"wp:featuredmedia":[{"embeddable":true,"href":"https:\/\/malin-krk.com\/de\/wp-json\/wp\/v2\/media\/32331"}],"wp:attachment":[{"href":"https:\/\/malin-krk.com\/de\/wp-json\/wp\/v2\/media?parent=32318"}],"curies":[{"name":"wp","href":"https:\/\/api.w.org\/{rel}","templated":true}]}}