{"id":3211,"date":"2018-02-15T09:48:41","date_gmt":"2018-02-15T08:48:41","guid":{"rendered":"https:\/\/www.malin-krk.com\/_novo\/?page_id=3211"},"modified":"2018-06-18T13:50:45","modified_gmt":"2018-06-18T11:50:45","slug":"standard-und-komfortzimmer","status":"publish","type":"page","link":"https:\/\/malin-krk.com\/de\/hotel-malin\/unterkunft\/standard-und-komfortzimmer\/","title":{"rendered":"Standard- und Komfortzimmer"},"content":{"rendered":"<!DOCTYPE html PUBLIC \"-\/\/W3C\/\/DTD HTML 4.0 Transitional\/\/EN\" \"http:\/\/www.w3.org\/TR\/REC-html40\/loose.dtd\">\n<html><body><p>\n\n\t\n<div class=\"soba-wrapper\">\n\n\t\n\t\t\n<div class=\"soba\">\n\t<div class=\"soba__img-wrapper\">\n\t\t<a href=\"https:\/\/malin-krk.com\/de\/hotel-malin\/unterkunft\/standard-und-komfortzimmer\/zweibettzimmer-mit-balkon\/\">\n\t\t\t\t\t\t\t\t\t<img decoding=\"async\" src=\"https:\/\/malin-krk.com\/wp-content\/uploads\/2023\/02\/HOTEL_MALIN_SOBA-0020-400x300.jpg\" class=\"img-responsive\" alt=\"Standard- und Komfort- Zweibettzimmer mit Balkon im Hotel Malin\">\n\t\t\t\t\t\t\t\t<\/a>\n\t<\/div>\n\t<div class=\"soba__content\">\n\t\t<h3 class=\"soba__title\">\n\t\t\t<a class=\"soba__title-btn\" href=\"https:\/\/malin-krk.com\/de\/hotel-malin\/unterkunft\/standard-und-komfortzimmer\/zweibettzimmer-mit-balkon\/\">\n\t\t\t\tZweibettzimmer mit Balkon\t\t\t<\/a>\n\t\t<\/h3>\n\t\t<div class=\"soba__text\">\n\t\t\t<p>Die &auml;u&szlig;erst gem&uuml;tlich eingerichteten Doppelzimmer mit Balkon liegen teilweise auf der Meerseite des Hotels Malin, teilweise zur Parkseite. In allen Zimmern besteht die M&ouml;glichkeit ein Zustellbett aufzustellen.<\/p>\n\t\t<\/div>\n\t\t<ul class=\"soba__list list-unstyled\">\n\n\t\t\t\t\t\t<li>\n\t\t\t\tBereich:\n\t\t\t\t25-27m\n\t\t\t\t<sup>2<\/sup>\n\t\t\t<\/li>\n\t\t\t\n\t\t\t\t\t\t<li>\n\t\t\t\tMax:\n\t\t\t\t<img decoding=\"async\" class=\"icon-osoba\" src=\"https:\/\/malin-krk.com\/wp-content\/themes\/bideja\/assets\/img\/icon-osoba.png\" alt=\"Max\"> x\n\t\t\t\t3\t\t\t<\/li>\n\t\t\t\n\t\t\t\t\t\t\t\t\t<li>\n\t\t\t\t<img decoding=\"async\" class=\"icon-kava\" src=\"https:\/\/malin-krk.com\/wp-content\/themes\/bideja\/assets\/img\/icon-kava.png\" alt=\"Fr\u00fchst\u00fccksbuffet ist f\u00fcr alle Zimmerarten inkludiert. \">\n\t\t\t\tFr\u00fchst\u00fccksbuffet ist f\u00fcr alle Zimmerarten inkludiert. \t\t\t<\/li>\n\t\t\t\n\t\t\t<li>\n\t\t\t\tWiFi\t\t\t<\/li>\n\n\t\t\t\n\t\t\t\n\t\t<\/ul>\n\t\t<ul class=\"soba__linkovi list-inline\">\n\t\t\t<li>\n\t\t\t\t<a class=\"soba__link\" href=\"https:\/\/malin-krk.com\/de\/hotel-malin\/unterkunft\/standard-und-komfortzimmer\/zweibettzimmer-mit-balkon\/\">\n\t\t\t\t\tMehr Details ansehen\t\t\t\t<\/a>\n\t\t\t<\/li>\n\t\t\t<li>\n\t\t\t\t<a class=\"soba__link\" href=\"https:\/\/malin-krk.com\/de\/datenschutz-bestimmungen\/\">\n\t\t\t\t\tAllgemeine Vertragsbedingungen\t\t\t\t<\/a>\n\t\t\t<\/li>\n\t\t<\/ul>\n\t<\/div>\n\t<div class=\"soba__desno\">\n\t\t<ul class=\"soba__popis list-unstyled\">\n\n\t\t\t\n\t\t<\/ul>\n\t\t\t\t<div class=\"text-center\">\n\t\t\t<a class=\"btn btn-primary btn-primary--secondary color-white soba__btn btn--rezervacija\" href=\"https:\/\/malin-krk.com\/de\/kontakt\/\">\n\t\t\t\tSenden\t\t\t<\/a>\n\t\t<\/div>\n\t\t<br>\n\t\t<div class=\"text-center\">\n\t\t\n\t\t\t\t\t\t\t\t\t\t\t<a class=\"btn btn-primary btn-primary--secondary color-white soba__btn btn--rezervacija\" href=\"https:\/\/malin-krk.book-official-website.com\/book.php?company_id=46397161914251e464f8373ba1bec4d4&hotel=8351670ef3694fc21885e90066044adc&lang=de&cookie_consent=1&unit_id=5482&date=2026-04-01&nights=3\" target=\"_blank\">\n\t\t\t\tBuchen Sie jetzt!<\/a>\n\t\t\t\t\t\t\t\t\n\t\t\t\t\n\t\t<\/div>\n\t<\/div>\n<\/div>\t\n\t\n\t\t\n<div class=\"soba\">\n\t<div class=\"soba__img-wrapper\">\n\t\t<a href=\"https:\/\/malin-krk.com\/de\/hotel-malin\/unterkunft\/standard-und-komfortzimmer\/zweibettzimmer-mit-balkon-zum-meer\/\">\n\t\t\t\t\t\t\t\t\t<img decoding=\"async\" src=\"https:\/\/malin-krk.com\/wp-content\/uploads\/2024\/05\/HOTEL_MALIN_NOVO-0004-1-400x300.jpg\" class=\"img-responsive\" alt=\"Zweibettzimmer mit Balkon zum Meer im Hotel Malin\">\n\t\t\t\t\t\t\t\t<\/a>\n\t<\/div>\n\t<div class=\"soba__content\">\n\t\t<h3 class=\"soba__title\">\n\t\t\t<a class=\"soba__title-btn\" href=\"https:\/\/malin-krk.com\/de\/hotel-malin\/unterkunft\/standard-und-komfortzimmer\/zweibettzimmer-mit-balkon-zum-meer\/\">\n\t\t\t\tSuperior Doppelzimmer mit Balkon zur Meerseite\t\t\t<\/a>\n\t\t<\/h3>\n\t\t<div class=\"soba__text\">\n\t\t\t<p>NEU IM JAHR 2024! Modernes Design und hochwertige M&ouml;blierung erwarten Sie in den neu renovierten Superior Doppelzimmern f&uuml;r ein Urlaubserlebnis der Extraklasse. Jedes Zimmer verf&uuml;gt &uuml;ber einen Balkon und bietet Blick auf das Meer. Die Badezimmer sind mit Dusche, Hotelkosmetik und Haartrockner ausgestattet.<\/p>\n\t\t<\/div>\n\t\t<ul class=\"soba__list list-unstyled\">\n\n\t\t\t\t\t\t<li>\n\t\t\t\tBereich:\n\t\t\t\t25-27 m\n\t\t\t\t<sup>2<\/sup>\n\t\t\t<\/li>\n\t\t\t\n\t\t\t\t\t\t<li>\n\t\t\t\tMax:\n\t\t\t\t<img decoding=\"async\" class=\"icon-osoba\" src=\"https:\/\/malin-krk.com\/wp-content\/themes\/bideja\/assets\/img\/icon-osoba.png\" alt=\"Max\"> x\n\t\t\t\t3\t\t\t<\/li>\n\t\t\t\n\t\t\t\t\t\t\t\t\t<li>\n\t\t\t\t<img decoding=\"async\" class=\"icon-kava\" src=\"https:\/\/malin-krk.com\/wp-content\/themes\/bideja\/assets\/img\/icon-kava.png\" alt=\"Fr\u00fchst\u00fccksbuffet ist f\u00fcr alle Zimmerarten inkludiert. \">\n\t\t\t\tFr\u00fchst\u00fccksbuffet ist f\u00fcr alle Zimmerarten inkludiert. \t\t\t<\/li>\n\t\t\t\n\t\t\t<li>\n\t\t\t\tWiFi\t\t\t<\/li>\n\n\t\t\t\n\t\t\t\n\t\t<\/ul>\n\t\t<ul class=\"soba__linkovi list-inline\">\n\t\t\t<li>\n\t\t\t\t<a class=\"soba__link\" href=\"https:\/\/malin-krk.com\/de\/hotel-malin\/unterkunft\/standard-und-komfortzimmer\/zweibettzimmer-mit-balkon-zum-meer\/\">\n\t\t\t\t\tMehr Details ansehen\t\t\t\t<\/a>\n\t\t\t<\/li>\n\t\t\t<li>\n\t\t\t\t<a class=\"soba__link\" href=\"https:\/\/malin-krk.com\/de\/datenschutz-bestimmungen\/\">\n\t\t\t\t\tAllgemeine Vertragsbedingungen\t\t\t\t<\/a>\n\t\t\t<\/li>\n\t\t<\/ul>\n\t<\/div>\n\t<div class=\"soba__desno\">\n\t\t<ul class=\"soba__popis list-unstyled\">\n\n\t\t\t\n\t\t<\/ul>\n\t\t\t\t<div class=\"text-center\">\n\t\t\t<a class=\"btn btn-primary btn-primary--secondary color-white soba__btn btn--rezervacija\" href=\"https:\/\/malin-krk.com\/de\/kontakt\/\">\n\t\t\t\tSenden\t\t\t<\/a>\n\t\t<\/div>\n\t\t<br>\n\t\t<div class=\"text-center\">\n\t\t\n\t\t\t\t\t\t\t\t\t\t\t<a class=\"btn btn-primary btn-primary--secondary color-white soba__btn btn--rezervacija\" href=\"https:\/\/malin-krk.book-official-website.com\/book.php?company_id=46397161914251e464f8373ba1bec4d4&hotel=8351670ef3694fc21885e90066044adc&lang=de&cookie_consent=1&unit_id=5484&date=2026-04-01&nights=3\" target=\"_blank\">\n\t\t\t\tBuchen Sie jetzt!<\/a>\n\t\t\t\t\t\t\t\t\n\t\t\t\t\n\t\t<\/div>\n\t<\/div>\n<\/div>\t\n\t\n\t\t\n<div class=\"soba\">\n\t<div class=\"soba__img-wrapper\">\n\t\t<a href=\"https:\/\/malin-krk.com\/de\/hotel-malin\/unterkunft\/standard-und-komfortzimmer\/zweobettzimmer-atrium\/\">\n\t\t\t\t\t\t\t\t\t<img decoding=\"async\" src=\"https:\/\/malin-krk.com\/wp-content\/uploads\/2023\/02\/MALIN_SOBE-0002-400x300.jpg\" class=\"img-responsive\" alt=\"Dvokrevetna soba atrium\">\n\t\t\t\t\t\t\t\t<\/a>\n\t<\/div>\n\t<div class=\"soba__content\">\n\t\t<h3 class=\"soba__title\">\n\t\t\t<a class=\"soba__title-btn\" href=\"https:\/\/malin-krk.com\/de\/hotel-malin\/unterkunft\/standard-und-komfortzimmer\/zweobettzimmer-atrium\/\">\n\t\t\t\tZweibettzimmer Atrium\t\t\t<\/a>\n\t\t<\/h3>\n\t\t<div class=\"soba__text\">\n\t\t\t<p>Die &auml;u&szlig;erst angenehm eingerichteten Doppelzimmer mit franz&ouml;sischem Balkon liegen zum Atrium des Hotels hin. In allen Zimmern besteht die M&ouml;glichkeit, ein Zustellbett aufzustellen.<\/p>\n\t\t<\/div>\n\t\t<ul class=\"soba__list list-unstyled\">\n\n\t\t\t\t\t\t<li>\n\t\t\t\tBereich:\n\t\t\t\t25-27m\n\t\t\t\t<sup>2<\/sup>\n\t\t\t<\/li>\n\t\t\t\n\t\t\t\t\t\t<li>\n\t\t\t\tMax:\n\t\t\t\t<img decoding=\"async\" class=\"icon-osoba\" src=\"https:\/\/malin-krk.com\/wp-content\/themes\/bideja\/assets\/img\/icon-osoba.png\" alt=\"Max\"> x\n\t\t\t\t3\t\t\t<\/li>\n\t\t\t\n\t\t\t\t\t\t\t\t\t<li>\n\t\t\t\t<img decoding=\"async\" class=\"icon-kava\" src=\"https:\/\/malin-krk.com\/wp-content\/themes\/bideja\/assets\/img\/icon-kava.png\" alt=\"Fr\u00fchst\u00fccksbuffet ist f\u00fcr alle Zimmerarten inkludiert. \">\n\t\t\t\tFr\u00fchst\u00fccksbuffet ist f\u00fcr alle Zimmerarten inkludiert. \t\t\t<\/li>\n\t\t\t\n\t\t\t<li>\n\t\t\t\tWiFi\t\t\t<\/li>\n\n\t\t\t\n\t\t\t\n\t\t<\/ul>\n\t\t<ul class=\"soba__linkovi list-inline\">\n\t\t\t<li>\n\t\t\t\t<a class=\"soba__link\" href=\"https:\/\/malin-krk.com\/de\/hotel-malin\/unterkunft\/standard-und-komfortzimmer\/zweobettzimmer-atrium\/\">\n\t\t\t\t\tMehr Details ansehen\t\t\t\t<\/a>\n\t\t\t<\/li>\n\t\t\t<li>\n\t\t\t\t<a class=\"soba__link\" href=\"https:\/\/malin-krk.com\/de\/datenschutz-bestimmungen\/\">\n\t\t\t\t\tAllgemeine Vertragsbedingungen\t\t\t\t<\/a>\n\t\t\t<\/li>\n\t\t<\/ul>\n\t<\/div>\n\t<div class=\"soba__desno\">\n\t\t<ul class=\"soba__popis list-unstyled\">\n\n\t\t\t\n\t\t<\/ul>\n\t\t\t\t<div class=\"text-center\">\n\t\t\t<a class=\"btn btn-primary btn-primary--secondary color-white soba__btn btn--rezervacija\" href=\"https:\/\/malin-krk.com\/de\/kontakt\/\">\n\t\t\t\tSenden\t\t\t<\/a>\n\t\t<\/div>\n\t\t<br>\n\t\t<div class=\"text-center\">\n\t\t\n\t\t\t\t\t\t\t\t\t\t\t<a class=\"btn btn-primary btn-primary--secondary color-white soba__btn btn--rezervacija\" href=\"https:\/\/malin-krk.book-official-website.com\/book.php?company_id=46397161914251e464f8373ba1bec4d4&hotel=8351670ef3694fc21885e90066044adc&lang=de&cookie_consent=1&unit_id=27674&date=2026-04-01&nights=3\" target=\"_blank\">\n\t\t\t\tBuchen Sie jetzt!<\/a>\n\t\t\t\t\t\t\t\t\n\t\t\t\t\n\t\t<\/div>\n\t<\/div>\n<\/div>\t\n\t\n\t\t\n<div class=\"soba\">\n\t<div class=\"soba__img-wrapper\">\n\t\t<a href=\"https:\/\/malin-krk.com\/de\/hotel-malin\/unterkunft\/standard-und-komfortzimmer\/komfortzimmer\/\">\n\t\t\t\t\t\t\t\t\t<img decoding=\"async\" src=\"https:\/\/malin-krk.com\/wp-content\/uploads\/2026\/01\/NEW-IN-2026-11-400x300.png\" class=\"img-responsive\" alt=\"Komfortzimmer im Hotel Malin\">\n\t\t\t\t\t\t\t\t<\/a>\n\t<\/div>\n\t<div class=\"soba__content\">\n\t\t<h3 class=\"soba__title\">\n\t\t\t<a class=\"soba__title-btn\" href=\"https:\/\/malin-krk.com\/de\/hotel-malin\/unterkunft\/standard-und-komfortzimmer\/komfortzimmer\/\">\n\t\t\t\tKomfortzimmer mit Balkon\t\t\t<\/a>\n\t\t<\/h3>\n\t\t<div class=\"soba__text\">\n\t\t\t<p>In den komfortablen Doppelzimmern wurde besonderes Augenmerk auf die Dekoration gelegt und alle Zimmer verf&uuml;gen &uuml;ber einen Balkon mit Meerblick.<\/p>\n\t\t<\/div>\n\t\t<ul class=\"soba__list list-unstyled\">\n\n\t\t\t\t\t\t<li>\n\t\t\t\tBereich:\n\t\t\t\t30m\n\t\t\t\t<sup>2<\/sup>\n\t\t\t<\/li>\n\t\t\t\n\t\t\t\t\t\t<li>\n\t\t\t\tMax:\n\t\t\t\t<img decoding=\"async\" class=\"icon-osoba\" src=\"https:\/\/malin-krk.com\/wp-content\/themes\/bideja\/assets\/img\/icon-osoba.png\" alt=\"Max\"> x\n\t\t\t\t2\t\t\t<\/li>\n\t\t\t\n\t\t\t\t\t\t\t\t\t<li>\n\t\t\t\t<img decoding=\"async\" class=\"icon-kava\" src=\"https:\/\/malin-krk.com\/wp-content\/themes\/bideja\/assets\/img\/icon-kava.png\" alt=\"Fr\u00fchst\u00fccksbuffet ist f\u00fcr alle Zimmerarten inkludiert. \">\n\t\t\t\tFr\u00fchst\u00fccksbuffet ist f\u00fcr alle Zimmerarten inkludiert. \t\t\t<\/li>\n\t\t\t\n\t\t\t<li>\n\t\t\t\tWiFi\t\t\t<\/li>\n\n\t\t\t\n\t\t\t\n\t\t<\/ul>\n\t\t<ul class=\"soba__linkovi list-inline\">\n\t\t\t<li>\n\t\t\t\t<a class=\"soba__link\" href=\"https:\/\/malin-krk.com\/de\/hotel-malin\/unterkunft\/standard-und-komfortzimmer\/komfortzimmer\/\">\n\t\t\t\t\tMehr Details ansehen\t\t\t\t<\/a>\n\t\t\t<\/li>\n\t\t\t<li>\n\t\t\t\t<a class=\"soba__link\" href=\"https:\/\/malin-krk.com\/de\/datenschutz-bestimmungen\/\">\n\t\t\t\t\tAllgemeine Vertragsbedingungen\t\t\t\t<\/a>\n\t\t\t<\/li>\n\t\t<\/ul>\n\t<\/div>\n\t<div class=\"soba__desno\">\n\t\t<ul class=\"soba__popis list-unstyled\">\n\n\t\t\t\n\t\t<\/ul>\n\t\t\t\t<div class=\"text-center\">\n\t\t\t<a class=\"btn btn-primary btn-primary--secondary color-white soba__btn btn--rezervacija\" href=\"https:\/\/malin-krk.com\/de\/kontakt\/\">\n\t\t\t\tSenden\t\t\t<\/a>\n\t\t<\/div>\n\t\t<br>\n\t\t<div class=\"text-center\">\n\t\t\n\t\t\t\t\t\t\t\t\t\t\t<a class=\"btn btn-primary btn-primary--secondary color-white soba__btn btn--rezervacija\" href=\"https:\/\/malin-krk.book-official-website.com\/book.php?company_id=46397161914251e464f8373ba1bec4d4&hotel=8351670ef3694fc21885e90066044adc&lang=de&cookie_consent=1&unit_id=5485&date=2026-04-01&nights=3\" target=\"_blank\">\n\t\t\t\tBuchen Sie jetzt!<\/a>\n\t\t\t\t\t\t\t\t\n\t\t\t\t\n\t\t<\/div>\n\t<\/div>\n<\/div>\t\n\t\n<\/div>\n\n\n<\/p><\/body><\/html>\n","protected":false},"excerpt":{"rendered":"","protected":false},"author":3,"featured_media":2107,"parent":871,"menu_order":0,"comment_status":"closed","ping_status":"closed","template":"","meta":{"_acf_changed":false,"footnotes":""},"class_list":["post-3211","page","type-page","status-publish","has-post-thumbnail","hentry"],"acf":[],"yoast_head":"<!-- This site is optimized with the Yoast SEO plugin v27.5 - https:\/\/yoast.com\/product\/yoast-seo-wordpress\/ -->\n<title>Standard- und Komfortzimmer im Hotel Malin 4* Krk<\/title>\n<meta name=\"description\" content=\"Unser freundliches Personal sorgt f\u00fcr einen sorgenfreien Aufenthalt in einem Zimmer mit Meerblick oder Gartenblick. Buchen Sie das gew\u00fcnschte Zimmer hier!\" \/>\n<meta name=\"robots\" content=\"index, follow, max-snippet:-1, max-image-preview:large, max-video-preview:-1\" \/>\n<link rel=\"canonical\" href=\"https:\/\/malin-krk.com\/de\/hotel-malin\/unterkunft\/standard-und-komfortzimmer\/\" \/>\n<meta property=\"og:locale\" content=\"de_DE\" \/>\n<meta property=\"og:type\" content=\"article\" \/>\n<meta property=\"og:title\" content=\"Standard- und Komfortzimmer im Hotel Malin 4* Krk\" \/>\n<meta property=\"og:description\" content=\"Unser freundliches Personal sorgt f\u00fcr einen sorgenfreien Aufenthalt in einem Zimmer mit Meerblick oder Gartenblick. Buchen Sie das gew\u00fcnschte Zimmer hier!\" \/>\n<meta property=\"og:url\" content=\"https:\/\/malin-krk.com\/de\/hotel-malin\/unterkunft\/standard-und-komfortzimmer\/\" \/>\n<meta property=\"og:site_name\" content=\"Malin Krk\" \/>\n<meta property=\"article:publisher\" content=\"https:\/\/www.facebook.com\/hotelmalin\/\" \/>\n<meta property=\"article:modified_time\" content=\"2018-06-18T11:50:45+00:00\" \/>\n<meta property=\"og:image\" content=\"https:\/\/malin-krk.com\/wp-content\/uploads\/2018\/04\/malin-komfort-soba-5.jpg\" \/>\n\t<meta property=\"og:image:width\" content=\"1024\" \/>\n\t<meta property=\"og:image:height\" content=\"682\" \/>\n\t<meta property=\"og:image:type\" content=\"image\/jpeg\" \/>\n<meta name=\"twitter:card\" content=\"summary_large_image\" \/>\n<script type=\"application\/ld+json\" class=\"yoast-schema-graph\">{\"@context\":\"https:\\\/\\\/schema.org\",\"@graph\":[{\"@type\":\"WebPage\",\"@id\":\"https:\\\/\\\/malin-krk.com\\\/de\\\/hotel-malin\\\/unterkunft\\\/standard-und-komfortzimmer\\\/\",\"url\":\"https:\\\/\\\/malin-krk.com\\\/de\\\/hotel-malin\\\/unterkunft\\\/standard-und-komfortzimmer\\\/\",\"name\":\"Standard- und Komfortzimmer im Hotel Malin 4* Krk\",\"isPartOf\":{\"@id\":\"https:\\\/\\\/malin-krk.com\\\/#website\"},\"primaryImageOfPage\":{\"@id\":\"https:\\\/\\\/malin-krk.com\\\/de\\\/hotel-malin\\\/unterkunft\\\/standard-und-komfortzimmer\\\/#primaryimage\"},\"image\":{\"@id\":\"https:\\\/\\\/malin-krk.com\\\/de\\\/hotel-malin\\\/unterkunft\\\/standard-und-komfortzimmer\\\/#primaryimage\"},\"thumbnailUrl\":\"https:\\\/\\\/malin-krk.com\\\/wp-content\\\/uploads\\\/2018\\\/04\\\/malin-komfort-soba-5.jpg\",\"datePublished\":\"2018-02-15T08:48:41+00:00\",\"dateModified\":\"2018-06-18T11:50:45+00:00\",\"description\":\"Unser freundliches Personal sorgt f\u00fcr einen sorgenfreien Aufenthalt in einem Zimmer mit Meerblick oder Gartenblick. Buchen Sie das gew\u00fcnschte Zimmer hier!\",\"breadcrumb\":{\"@id\":\"https:\\\/\\\/malin-krk.com\\\/de\\\/hotel-malin\\\/unterkunft\\\/standard-und-komfortzimmer\\\/#breadcrumb\"},\"inLanguage\":\"de\",\"potentialAction\":[{\"@type\":\"ReadAction\",\"target\":[\"https:\\\/\\\/malin-krk.com\\\/de\\\/hotel-malin\\\/unterkunft\\\/standard-und-komfortzimmer\\\/\"]}]},{\"@type\":\"ImageObject\",\"inLanguage\":\"de\",\"@id\":\"https:\\\/\\\/malin-krk.com\\\/de\\\/hotel-malin\\\/unterkunft\\\/standard-und-komfortzimmer\\\/#primaryimage\",\"url\":\"https:\\\/\\\/malin-krk.com\\\/wp-content\\\/uploads\\\/2018\\\/04\\\/malin-komfort-soba-5.jpg\",\"contentUrl\":\"https:\\\/\\\/malin-krk.com\\\/wp-content\\\/uploads\\\/2018\\\/04\\\/malin-komfort-soba-5.jpg\",\"width\":1024,\"height\":682},{\"@type\":\"BreadcrumbList\",\"@id\":\"https:\\\/\\\/malin-krk.com\\\/de\\\/hotel-malin\\\/unterkunft\\\/standard-und-komfortzimmer\\\/#breadcrumb\",\"itemListElement\":[{\"@type\":\"ListItem\",\"position\":1,\"name\":\"Home\",\"item\":\"https:\\\/\\\/malin-krk.com\\\/de\\\/\"},{\"@type\":\"ListItem\",\"position\":2,\"name\":\"Hotel Malin\",\"item\":\"https:\\\/\\\/malin-krk.com\\\/de\\\/hotel-malin\\\/\"},{\"@type\":\"ListItem\",\"position\":3,\"name\":\"Unterkunft\",\"item\":\"https:\\\/\\\/malin-krk.com\\\/de\\\/hotel-malin\\\/unterkunft\\\/\"},{\"@type\":\"ListItem\",\"position\":4,\"name\":\"Standard- und Komfortzimmer\"}]},{\"@type\":\"WebSite\",\"@id\":\"https:\\\/\\\/malin-krk.com\\\/#website\",\"url\":\"https:\\\/\\\/malin-krk.com\\\/\",\"name\":\"Malin Krk\",\"description\":\"\",\"publisher\":{\"@id\":\"https:\\\/\\\/malin-krk.com\\\/#organization\"},\"potentialAction\":[{\"@type\":\"SearchAction\",\"target\":{\"@type\":\"EntryPoint\",\"urlTemplate\":\"https:\\\/\\\/malin-krk.com\\\/?s={search_term_string}\"},\"query-input\":{\"@type\":\"PropertyValueSpecification\",\"valueRequired\":true,\"valueName\":\"search_term_string\"}}],\"inLanguage\":\"de\"},{\"@type\":\"Organization\",\"@id\":\"https:\\\/\\\/malin-krk.com\\\/#organization\",\"name\":\"Malin Krk\",\"url\":\"https:\\\/\\\/malin-krk.com\\\/\",\"logo\":{\"@type\":\"ImageObject\",\"inLanguage\":\"de\",\"@id\":\"https:\\\/\\\/malin-krk.com\\\/#\\\/schema\\\/logo\\\/image\\\/\",\"url\":\"https:\\\/\\\/malin-krk.com\\\/wp-content\\\/uploads\\\/2024\\\/02\\\/malin-logo.jpg\",\"contentUrl\":\"https:\\\/\\\/malin-krk.com\\\/wp-content\\\/uploads\\\/2024\\\/02\\\/malin-logo.jpg\",\"width\":280,\"height\":96,\"caption\":\"Malin Krk\"},\"image\":{\"@id\":\"https:\\\/\\\/malin-krk.com\\\/#\\\/schema\\\/logo\\\/image\\\/\"},\"sameAs\":[\"https:\\\/\\\/www.facebook.com\\\/hotelmalin\\\/\"]}]}<\/script>\n<!-- \/ Yoast SEO plugin. -->","yoast_head_json":{"title":"Standard- und Komfortzimmer im Hotel Malin 4* Krk","description":"Unser freundliches Personal sorgt f\u00fcr einen sorgenfreien Aufenthalt in einem Zimmer mit Meerblick oder Gartenblick. Buchen Sie das gew\u00fcnschte Zimmer hier!","robots":{"index":"index","follow":"follow","max-snippet":"max-snippet:-1","max-image-preview":"max-image-preview:large","max-video-preview":"max-video-preview:-1"},"canonical":"https:\/\/malin-krk.com\/de\/hotel-malin\/unterkunft\/standard-und-komfortzimmer\/","og_locale":"de_DE","og_type":"article","og_title":"Standard- und Komfortzimmer im Hotel Malin 4* Krk","og_description":"Unser freundliches Personal sorgt f\u00fcr einen sorgenfreien Aufenthalt in einem Zimmer mit Meerblick oder Gartenblick. Buchen Sie das gew\u00fcnschte Zimmer hier!","og_url":"https:\/\/malin-krk.com\/de\/hotel-malin\/unterkunft\/standard-und-komfortzimmer\/","og_site_name":"Malin Krk","article_publisher":"https:\/\/www.facebook.com\/hotelmalin\/","article_modified_time":"2018-06-18T11:50:45+00:00","og_image":[{"width":1024,"height":682,"url":"https:\/\/malin-krk.com\/wp-content\/uploads\/2018\/04\/malin-komfort-soba-5.jpg","type":"image\/jpeg"}],"twitter_card":"summary_large_image","schema":{"@context":"https:\/\/schema.org","@graph":[{"@type":"WebPage","@id":"https:\/\/malin-krk.com\/de\/hotel-malin\/unterkunft\/standard-und-komfortzimmer\/","url":"https:\/\/malin-krk.com\/de\/hotel-malin\/unterkunft\/standard-und-komfortzimmer\/","name":"Standard- und Komfortzimmer im Hotel Malin 4* Krk","isPartOf":{"@id":"https:\/\/malin-krk.com\/#website"},"primaryImageOfPage":{"@id":"https:\/\/malin-krk.com\/de\/hotel-malin\/unterkunft\/standard-und-komfortzimmer\/#primaryimage"},"image":{"@id":"https:\/\/malin-krk.com\/de\/hotel-malin\/unterkunft\/standard-und-komfortzimmer\/#primaryimage"},"thumbnailUrl":"https:\/\/malin-krk.com\/wp-content\/uploads\/2018\/04\/malin-komfort-soba-5.jpg","datePublished":"2018-02-15T08:48:41+00:00","dateModified":"2018-06-18T11:50:45+00:00","description":"Unser freundliches Personal sorgt f\u00fcr einen sorgenfreien Aufenthalt in einem Zimmer mit Meerblick oder Gartenblick. Buchen Sie das gew\u00fcnschte Zimmer hier!","breadcrumb":{"@id":"https:\/\/malin-krk.com\/de\/hotel-malin\/unterkunft\/standard-und-komfortzimmer\/#breadcrumb"},"inLanguage":"de","potentialAction":[{"@type":"ReadAction","target":["https:\/\/malin-krk.com\/de\/hotel-malin\/unterkunft\/standard-und-komfortzimmer\/"]}]},{"@type":"ImageObject","inLanguage":"de","@id":"https:\/\/malin-krk.com\/de\/hotel-malin\/unterkunft\/standard-und-komfortzimmer\/#primaryimage","url":"https:\/\/malin-krk.com\/wp-content\/uploads\/2018\/04\/malin-komfort-soba-5.jpg","contentUrl":"https:\/\/malin-krk.com\/wp-content\/uploads\/2018\/04\/malin-komfort-soba-5.jpg","width":1024,"height":682},{"@type":"BreadcrumbList","@id":"https:\/\/malin-krk.com\/de\/hotel-malin\/unterkunft\/standard-und-komfortzimmer\/#breadcrumb","itemListElement":[{"@type":"ListItem","position":1,"name":"Home","item":"https:\/\/malin-krk.com\/de\/"},{"@type":"ListItem","position":2,"name":"Hotel Malin","item":"https:\/\/malin-krk.com\/de\/hotel-malin\/"},{"@type":"ListItem","position":3,"name":"Unterkunft","item":"https:\/\/malin-krk.com\/de\/hotel-malin\/unterkunft\/"},{"@type":"ListItem","position":4,"name":"Standard- und Komfortzimmer"}]},{"@type":"WebSite","@id":"https:\/\/malin-krk.com\/#website","url":"https:\/\/malin-krk.com\/","name":"Malin Krk","description":"","publisher":{"@id":"https:\/\/malin-krk.com\/#organization"},"potentialAction":[{"@type":"SearchAction","target":{"@type":"EntryPoint","urlTemplate":"https:\/\/malin-krk.com\/?s={search_term_string}"},"query-input":{"@type":"PropertyValueSpecification","valueRequired":true,"valueName":"search_term_string"}}],"inLanguage":"de"},{"@type":"Organization","@id":"https:\/\/malin-krk.com\/#organization","name":"Malin Krk","url":"https:\/\/malin-krk.com\/","logo":{"@type":"ImageObject","inLanguage":"de","@id":"https:\/\/malin-krk.com\/#\/schema\/logo\/image\/","url":"https:\/\/malin-krk.com\/wp-content\/uploads\/2024\/02\/malin-logo.jpg","contentUrl":"https:\/\/malin-krk.com\/wp-content\/uploads\/2024\/02\/malin-logo.jpg","width":280,"height":96,"caption":"Malin Krk"},"image":{"@id":"https:\/\/malin-krk.com\/#\/schema\/logo\/image\/"},"sameAs":["https:\/\/www.facebook.com\/hotelmalin\/"]}]}},"_links":{"self":[{"href":"https:\/\/malin-krk.com\/de\/wp-json\/wp\/v2\/pages\/3211","targetHints":{"allow":["GET"]}}],"collection":[{"href":"https:\/\/malin-krk.com\/de\/wp-json\/wp\/v2\/pages"}],"about":[{"href":"https:\/\/malin-krk.com\/de\/wp-json\/wp\/v2\/types\/page"}],"author":[{"embeddable":true,"href":"https:\/\/malin-krk.com\/de\/wp-json\/wp\/v2\/users\/3"}],"replies":[{"embeddable":true,"href":"https:\/\/malin-krk.com\/de\/wp-json\/wp\/v2\/comments?post=3211"}],"version-history":[{"count":3,"href":"https:\/\/malin-krk.com\/de\/wp-json\/wp\/v2\/pages\/3211\/revisions"}],"predecessor-version":[{"id":3426,"href":"https:\/\/malin-krk.com\/de\/wp-json\/wp\/v2\/pages\/3211\/revisions\/3426"}],"up":[{"embeddable":true,"href":"https:\/\/malin-krk.com\/de\/wp-json\/wp\/v2\/pages\/871"}],"wp:featuredmedia":[{"embeddable":true,"href":"https:\/\/malin-krk.com\/de\/wp-json\/wp\/v2\/media\/2107"}],"wp:attachment":[{"href":"https:\/\/malin-krk.com\/de\/wp-json\/wp\/v2\/media?parent=3211"}],"curies":[{"name":"wp","href":"https:\/\/api.w.org\/{rel}","templated":true}]}}