{"id":3209,"date":"2018-02-15T09:53:18","date_gmt":"2018-02-15T08:53:18","guid":{"rendered":"https:\/\/www.malin-krk.com\/_novo\/?page_id=3209"},"modified":"2025-01-15T09:50:01","modified_gmt":"2025-01-15T08:50:01","slug":"familienzimmer-mit-verbindungstuer-zum-meer-und-balkon","status":"publish","type":"page","link":"https:\/\/malin-krk.com\/de\/hotel-malin\/unterkunft\/familienzimmer\/familienzimmer-mit-verbindungstuer-zum-meer-und-balkon\/","title":{"rendered":"Familienzimmer mit Verbindungst\u00fcr zum Meerseite und Balkon"},"content":{"rendered":"<!DOCTYPE html PUBLIC \"-\/\/W3C\/\/DTD HTML 4.0 Transitional\/\/EN\" \"http:\/\/www.w3.org\/TR\/REC-html40\/loose.dtd\">\n<html><body><p><strong>NEU IM JAHR 2024!<\/strong><\/p>\n<p>Das ger&auml;umige, neu renovierte Familienzimmer mit Balkon eignet sich f&uuml;r die Unterbringung einer gr&ouml;&szlig;eren Familie und ist mit modernem Design und hochwertigen M&ouml;beln ausgestattet. Das Zimmer besteht aus zwei v&ouml;llig getrennten Schlafzimmern mit Doppelbetten. Alle Zimmer liegen zum Meer hin.<\/p>\n<\/body><\/html>\n","protected":false},"excerpt":{"rendered":"<p>NEU IM JAHR 2024! Das ger&auml;umige, neu renovierte Familienzimmer mit Balkon eignet sich f&uuml;r die Unterbringung einer gr&ouml;&szlig;eren Familie und ist mit modernem Design und hochwertigen M&ouml;beln ausgestattet. Das Zimmer besteht aus zwei v&ouml;llig getrennten Schlafzimmern mit Doppelbetten. Alle Zimmer liegen zum Meer hin.<\/p>\n","protected":false},"author":3,"featured_media":29282,"parent":3202,"menu_order":10,"comment_status":"closed","ping_status":"closed","template":"page-soba.php","meta":{"_acf_changed":false,"footnotes":""},"class_list":["post-3209","page","type-page","status-publish","has-post-thumbnail","hentry"],"acf":[],"yoast_head":"<!-- This site is optimized with the Yoast SEO plugin v27.5 - https:\/\/yoast.com\/product\/yoast-seo-wordpress\/ -->\n<title>Familienzimmer mit Verbindungst\u00fcr zum Meer und Balkon im Hotel Malin 4*<\/title>\n<meta name=\"description\" content=\"Die neuen und ger\u00e4umigen Familienzimmer mit Balkon im Hotel Malin 4* in Krk eignen sich f\u00fcr die Unterbringung einer gr\u00f6\u00dferen Familie. Klicken Sie hier und buchen Sie Ihr Familienurlaubszimmer!\" \/>\n<meta name=\"robots\" content=\"index, follow, max-snippet:-1, max-image-preview:large, max-video-preview:-1\" \/>\n<link rel=\"canonical\" href=\"https:\/\/malin-krk.com\/de\/hotel-malin\/unterkunft\/familienzimmer\/familienzimmer-mit-verbindungstuer-zum-meer-und-balkon\/\" \/>\n<meta property=\"og:locale\" content=\"de_DE\" \/>\n<meta property=\"og:type\" content=\"article\" \/>\n<meta property=\"og:title\" content=\"Familienzimmer mit Verbindungst\u00fcr zum Meer und Balkon im Hotel Malin 4*\" \/>\n<meta property=\"og:description\" content=\"Die neuen und ger\u00e4umigen Familienzimmer mit Balkon im Hotel Malin 4* in Krk eignen sich f\u00fcr die Unterbringung einer gr\u00f6\u00dferen Familie. Klicken Sie hier und buchen Sie Ihr Familienurlaubszimmer!\" \/>\n<meta property=\"og:url\" content=\"https:\/\/malin-krk.com\/de\/hotel-malin\/unterkunft\/familienzimmer\/familienzimmer-mit-verbindungstuer-zum-meer-und-balkon\/\" \/>\n<meta property=\"og:site_name\" content=\"Malin Krk\" \/>\n<meta property=\"article:publisher\" content=\"https:\/\/www.facebook.com\/hotelmalin\/\" \/>\n<meta property=\"article:modified_time\" content=\"2025-01-15T08:50:01+00:00\" \/>\n<meta property=\"og:image\" content=\"https:\/\/malin-krk.com\/wp-content\/uploads\/2024\/02\/K1_1.jpg\" \/>\n\t<meta property=\"og:image:width\" content=\"2300\" \/>\n\t<meta property=\"og:image:height\" content=\"1380\" \/>\n\t<meta property=\"og:image:type\" content=\"image\/jpeg\" \/>\n<meta name=\"twitter:card\" content=\"summary_large_image\" \/>\n<script type=\"application\/ld+json\" class=\"yoast-schema-graph\">{\"@context\":\"https:\\\/\\\/schema.org\",\"@graph\":[{\"@type\":\"WebPage\",\"@id\":\"https:\\\/\\\/malin-krk.com\\\/de\\\/hotel-malin\\\/unterkunft\\\/familienzimmer\\\/familienzimmer-mit-verbindungstuer-zum-meer-und-balkon\\\/\",\"url\":\"https:\\\/\\\/malin-krk.com\\\/de\\\/hotel-malin\\\/unterkunft\\\/familienzimmer\\\/familienzimmer-mit-verbindungstuer-zum-meer-und-balkon\\\/\",\"name\":\"Familienzimmer mit Verbindungst\u00fcr zum Meer und Balkon im Hotel Malin 4*\",\"isPartOf\":{\"@id\":\"https:\\\/\\\/malin-krk.com\\\/#website\"},\"primaryImageOfPage\":{\"@id\":\"https:\\\/\\\/malin-krk.com\\\/de\\\/hotel-malin\\\/unterkunft\\\/familienzimmer\\\/familienzimmer-mit-verbindungstuer-zum-meer-und-balkon\\\/#primaryimage\"},\"image\":{\"@id\":\"https:\\\/\\\/malin-krk.com\\\/de\\\/hotel-malin\\\/unterkunft\\\/familienzimmer\\\/familienzimmer-mit-verbindungstuer-zum-meer-und-balkon\\\/#primaryimage\"},\"thumbnailUrl\":\"https:\\\/\\\/malin-krk.com\\\/wp-content\\\/uploads\\\/2024\\\/02\\\/K1_1.jpg\",\"datePublished\":\"2018-02-15T08:53:18+00:00\",\"dateModified\":\"2025-01-15T08:50:01+00:00\",\"description\":\"Die neuen und ger\u00e4umigen Familienzimmer mit Balkon im Hotel Malin 4* in Krk eignen sich f\u00fcr die Unterbringung einer gr\u00f6\u00dferen Familie. Klicken Sie hier und buchen Sie Ihr Familienurlaubszimmer!\",\"breadcrumb\":{\"@id\":\"https:\\\/\\\/malin-krk.com\\\/de\\\/hotel-malin\\\/unterkunft\\\/familienzimmer\\\/familienzimmer-mit-verbindungstuer-zum-meer-und-balkon\\\/#breadcrumb\"},\"inLanguage\":\"de\",\"potentialAction\":[{\"@type\":\"ReadAction\",\"target\":[\"https:\\\/\\\/malin-krk.com\\\/de\\\/hotel-malin\\\/unterkunft\\\/familienzimmer\\\/familienzimmer-mit-verbindungstuer-zum-meer-und-balkon\\\/\"]}]},{\"@type\":\"ImageObject\",\"inLanguage\":\"de\",\"@id\":\"https:\\\/\\\/malin-krk.com\\\/de\\\/hotel-malin\\\/unterkunft\\\/familienzimmer\\\/familienzimmer-mit-verbindungstuer-zum-meer-und-balkon\\\/#primaryimage\",\"url\":\"https:\\\/\\\/malin-krk.com\\\/wp-content\\\/uploads\\\/2024\\\/02\\\/K1_1.jpg\",\"contentUrl\":\"https:\\\/\\\/malin-krk.com\\\/wp-content\\\/uploads\\\/2024\\\/02\\\/K1_1.jpg\",\"width\":2300,\"height\":1380,\"caption\":\"Seaside connected family room with sea view\"},{\"@type\":\"BreadcrumbList\",\"@id\":\"https:\\\/\\\/malin-krk.com\\\/de\\\/hotel-malin\\\/unterkunft\\\/familienzimmer\\\/familienzimmer-mit-verbindungstuer-zum-meer-und-balkon\\\/#breadcrumb\",\"itemListElement\":[{\"@type\":\"ListItem\",\"position\":1,\"name\":\"Home\",\"item\":\"https:\\\/\\\/malin-krk.com\\\/de\\\/\"},{\"@type\":\"ListItem\",\"position\":2,\"name\":\"Hotel Malin\",\"item\":\"https:\\\/\\\/malin-krk.com\\\/de\\\/hotel-malin\\\/\"},{\"@type\":\"ListItem\",\"position\":3,\"name\":\"Unterkunft\",\"item\":\"https:\\\/\\\/malin-krk.com\\\/de\\\/hotel-malin\\\/unterkunft\\\/\"},{\"@type\":\"ListItem\",\"position\":4,\"name\":\"Familienzimmer\",\"item\":\"https:\\\/\\\/malin-krk.com\\\/de\\\/hotel-malin\\\/unterkunft\\\/familienzimmer\\\/\"},{\"@type\":\"ListItem\",\"position\":5,\"name\":\"Familienzimmer mit Verbindungst\u00fcr zum Meerseite und Balkon\"}]},{\"@type\":\"WebSite\",\"@id\":\"https:\\\/\\\/malin-krk.com\\\/#website\",\"url\":\"https:\\\/\\\/malin-krk.com\\\/\",\"name\":\"Malin Krk\",\"description\":\"\",\"publisher\":{\"@id\":\"https:\\\/\\\/malin-krk.com\\\/#organization\"},\"potentialAction\":[{\"@type\":\"SearchAction\",\"target\":{\"@type\":\"EntryPoint\",\"urlTemplate\":\"https:\\\/\\\/malin-krk.com\\\/?s={search_term_string}\"},\"query-input\":{\"@type\":\"PropertyValueSpecification\",\"valueRequired\":true,\"valueName\":\"search_term_string\"}}],\"inLanguage\":\"de\"},{\"@type\":\"Organization\",\"@id\":\"https:\\\/\\\/malin-krk.com\\\/#organization\",\"name\":\"Malin Krk\",\"url\":\"https:\\\/\\\/malin-krk.com\\\/\",\"logo\":{\"@type\":\"ImageObject\",\"inLanguage\":\"de\",\"@id\":\"https:\\\/\\\/malin-krk.com\\\/#\\\/schema\\\/logo\\\/image\\\/\",\"url\":\"https:\\\/\\\/malin-krk.com\\\/wp-content\\\/uploads\\\/2024\\\/02\\\/malin-logo.jpg\",\"contentUrl\":\"https:\\\/\\\/malin-krk.com\\\/wp-content\\\/uploads\\\/2024\\\/02\\\/malin-logo.jpg\",\"width\":280,\"height\":96,\"caption\":\"Malin Krk\"},\"image\":{\"@id\":\"https:\\\/\\\/malin-krk.com\\\/#\\\/schema\\\/logo\\\/image\\\/\"},\"sameAs\":[\"https:\\\/\\\/www.facebook.com\\\/hotelmalin\\\/\"]}]}<\/script>\n<!-- \/ Yoast SEO plugin. -->","yoast_head_json":{"title":"Familienzimmer mit Verbindungst\u00fcr zum Meer und Balkon im Hotel Malin 4*","description":"Die neuen und ger\u00e4umigen Familienzimmer mit Balkon im Hotel Malin 4* in Krk eignen sich f\u00fcr die Unterbringung einer gr\u00f6\u00dferen Familie. Klicken Sie hier und buchen Sie Ihr Familienurlaubszimmer!","robots":{"index":"index","follow":"follow","max-snippet":"max-snippet:-1","max-image-preview":"max-image-preview:large","max-video-preview":"max-video-preview:-1"},"canonical":"https:\/\/malin-krk.com\/de\/hotel-malin\/unterkunft\/familienzimmer\/familienzimmer-mit-verbindungstuer-zum-meer-und-balkon\/","og_locale":"de_DE","og_type":"article","og_title":"Familienzimmer mit Verbindungst\u00fcr zum Meer und Balkon im Hotel Malin 4*","og_description":"Die neuen und ger\u00e4umigen Familienzimmer mit Balkon im Hotel Malin 4* in Krk eignen sich f\u00fcr die Unterbringung einer gr\u00f6\u00dferen Familie. Klicken Sie hier und buchen Sie Ihr Familienurlaubszimmer!","og_url":"https:\/\/malin-krk.com\/de\/hotel-malin\/unterkunft\/familienzimmer\/familienzimmer-mit-verbindungstuer-zum-meer-und-balkon\/","og_site_name":"Malin Krk","article_publisher":"https:\/\/www.facebook.com\/hotelmalin\/","article_modified_time":"2025-01-15T08:50:01+00:00","og_image":[{"width":2300,"height":1380,"url":"https:\/\/malin-krk.com\/wp-content\/uploads\/2024\/02\/K1_1.jpg","type":"image\/jpeg"}],"twitter_card":"summary_large_image","schema":{"@context":"https:\/\/schema.org","@graph":[{"@type":"WebPage","@id":"https:\/\/malin-krk.com\/de\/hotel-malin\/unterkunft\/familienzimmer\/familienzimmer-mit-verbindungstuer-zum-meer-und-balkon\/","url":"https:\/\/malin-krk.com\/de\/hotel-malin\/unterkunft\/familienzimmer\/familienzimmer-mit-verbindungstuer-zum-meer-und-balkon\/","name":"Familienzimmer mit Verbindungst\u00fcr zum Meer und Balkon im Hotel Malin 4*","isPartOf":{"@id":"https:\/\/malin-krk.com\/#website"},"primaryImageOfPage":{"@id":"https:\/\/malin-krk.com\/de\/hotel-malin\/unterkunft\/familienzimmer\/familienzimmer-mit-verbindungstuer-zum-meer-und-balkon\/#primaryimage"},"image":{"@id":"https:\/\/malin-krk.com\/de\/hotel-malin\/unterkunft\/familienzimmer\/familienzimmer-mit-verbindungstuer-zum-meer-und-balkon\/#primaryimage"},"thumbnailUrl":"https:\/\/malin-krk.com\/wp-content\/uploads\/2024\/02\/K1_1.jpg","datePublished":"2018-02-15T08:53:18+00:00","dateModified":"2025-01-15T08:50:01+00:00","description":"Die neuen und ger\u00e4umigen Familienzimmer mit Balkon im Hotel Malin 4* in Krk eignen sich f\u00fcr die Unterbringung einer gr\u00f6\u00dferen Familie. Klicken Sie hier und buchen Sie Ihr Familienurlaubszimmer!","breadcrumb":{"@id":"https:\/\/malin-krk.com\/de\/hotel-malin\/unterkunft\/familienzimmer\/familienzimmer-mit-verbindungstuer-zum-meer-und-balkon\/#breadcrumb"},"inLanguage":"de","potentialAction":[{"@type":"ReadAction","target":["https:\/\/malin-krk.com\/de\/hotel-malin\/unterkunft\/familienzimmer\/familienzimmer-mit-verbindungstuer-zum-meer-und-balkon\/"]}]},{"@type":"ImageObject","inLanguage":"de","@id":"https:\/\/malin-krk.com\/de\/hotel-malin\/unterkunft\/familienzimmer\/familienzimmer-mit-verbindungstuer-zum-meer-und-balkon\/#primaryimage","url":"https:\/\/malin-krk.com\/wp-content\/uploads\/2024\/02\/K1_1.jpg","contentUrl":"https:\/\/malin-krk.com\/wp-content\/uploads\/2024\/02\/K1_1.jpg","width":2300,"height":1380,"caption":"Seaside connected family room with sea view"},{"@type":"BreadcrumbList","@id":"https:\/\/malin-krk.com\/de\/hotel-malin\/unterkunft\/familienzimmer\/familienzimmer-mit-verbindungstuer-zum-meer-und-balkon\/#breadcrumb","itemListElement":[{"@type":"ListItem","position":1,"name":"Home","item":"https:\/\/malin-krk.com\/de\/"},{"@type":"ListItem","position":2,"name":"Hotel Malin","item":"https:\/\/malin-krk.com\/de\/hotel-malin\/"},{"@type":"ListItem","position":3,"name":"Unterkunft","item":"https:\/\/malin-krk.com\/de\/hotel-malin\/unterkunft\/"},{"@type":"ListItem","position":4,"name":"Familienzimmer","item":"https:\/\/malin-krk.com\/de\/hotel-malin\/unterkunft\/familienzimmer\/"},{"@type":"ListItem","position":5,"name":"Familienzimmer mit Verbindungst\u00fcr zum Meerseite und Balkon"}]},{"@type":"WebSite","@id":"https:\/\/malin-krk.com\/#website","url":"https:\/\/malin-krk.com\/","name":"Malin Krk","description":"","publisher":{"@id":"https:\/\/malin-krk.com\/#organization"},"potentialAction":[{"@type":"SearchAction","target":{"@type":"EntryPoint","urlTemplate":"https:\/\/malin-krk.com\/?s={search_term_string}"},"query-input":{"@type":"PropertyValueSpecification","valueRequired":true,"valueName":"search_term_string"}}],"inLanguage":"de"},{"@type":"Organization","@id":"https:\/\/malin-krk.com\/#organization","name":"Malin Krk","url":"https:\/\/malin-krk.com\/","logo":{"@type":"ImageObject","inLanguage":"de","@id":"https:\/\/malin-krk.com\/#\/schema\/logo\/image\/","url":"https:\/\/malin-krk.com\/wp-content\/uploads\/2024\/02\/malin-logo.jpg","contentUrl":"https:\/\/malin-krk.com\/wp-content\/uploads\/2024\/02\/malin-logo.jpg","width":280,"height":96,"caption":"Malin Krk"},"image":{"@id":"https:\/\/malin-krk.com\/#\/schema\/logo\/image\/"},"sameAs":["https:\/\/www.facebook.com\/hotelmalin\/"]}]}},"_links":{"self":[{"href":"https:\/\/malin-krk.com\/de\/wp-json\/wp\/v2\/pages\/3209","targetHints":{"allow":["GET"]}}],"collection":[{"href":"https:\/\/malin-krk.com\/de\/wp-json\/wp\/v2\/pages"}],"about":[{"href":"https:\/\/malin-krk.com\/de\/wp-json\/wp\/v2\/types\/page"}],"author":[{"embeddable":true,"href":"https:\/\/malin-krk.com\/de\/wp-json\/wp\/v2\/users\/3"}],"replies":[{"embeddable":true,"href":"https:\/\/malin-krk.com\/de\/wp-json\/wp\/v2\/comments?post=3209"}],"version-history":[{"count":8,"href":"https:\/\/malin-krk.com\/de\/wp-json\/wp\/v2\/pages\/3209\/revisions"}],"predecessor-version":[{"id":31490,"href":"https:\/\/malin-krk.com\/de\/wp-json\/wp\/v2\/pages\/3209\/revisions\/31490"}],"up":[{"embeddable":true,"href":"https:\/\/malin-krk.com\/de\/wp-json\/wp\/v2\/pages\/3202"}],"wp:featuredmedia":[{"embeddable":true,"href":"https:\/\/malin-krk.com\/de\/wp-json\/wp\/v2\/media\/29282"}],"wp:attachment":[{"href":"https:\/\/malin-krk.com\/de\/wp-json\/wp\/v2\/media?parent=3209"}],"curies":[{"name":"wp","href":"https:\/\/api.w.org\/{rel}","templated":true}]}}