{"id":3202,"date":"2018-02-15T09:49:30","date_gmt":"2018-02-15T08:49:30","guid":{"rendered":"https:\/\/www.malin-krk.com\/_novo\/?page_id=3202"},"modified":"2018-06-18T14:50:27","modified_gmt":"2018-06-18T12:50:27","slug":"familienzimmer","status":"publish","type":"page","link":"https:\/\/malin-krk.com\/de\/hotel-malin\/unterkunft\/familienzimmer\/","title":{"rendered":"Familienzimmer"},"content":{"rendered":"<!DOCTYPE html PUBLIC \"-\/\/W3C\/\/DTD HTML 4.0 Transitional\/\/EN\" \"http:\/\/www.w3.org\/TR\/REC-html40\/loose.dtd\">\n<html><body><p>\n\n\t\n<div class=\"soba-wrapper\">\n\n\t\n\t\t\n<div class=\"soba\">\n\t<div class=\"soba__img-wrapper\">\n\t\t<a href=\"https:\/\/malin-krk.com\/de\/hotel-malin\/unterkunft\/familienzimmer\/familienzimmer\/\">\n\t\t\t\t\t\t\t\t\t<img decoding=\"async\" src=\"https:\/\/malin-krk.com\/wp-content\/uploads\/2024\/06\/HOTEL_MALIN_NOVE_SOBE_2024-0042-1-400x300.jpg\" class=\"img-responsive\" alt=\"Familienzimmer im Hotel Malin\">\n\t\t\t\t\t\t\t\t<\/a>\n\t<\/div>\n\t<div class=\"soba__content\">\n\t\t<h3 class=\"soba__title\">\n\t\t\t<a class=\"soba__title-btn\" href=\"https:\/\/malin-krk.com\/de\/hotel-malin\/unterkunft\/familienzimmer\/familienzimmer\/\">\n\t\t\t\tFamilienzimmer\t\t\t<\/a>\n\t\t<\/h3>\n\t\t<div class=\"soba__text\">\n\t\t\t<p>NEU IM JAHR 2024! Das neu renovierte Familienzimmer mit Blick auf den Park ist f&uuml;r eine Familie mit zwei Erwachsenen und zwei Kindern geeignet und mit modernem Design und hochwertigen M&ouml;beln ausgestattet. Das Zimmer besteht aus einem separaten Schlafzimmer mit Doppelbett, einer T&uuml;r zu einem separaten Wohnzimmer mit Schlafsofa und einem Badezimmer.<\/p>\n\t\t<\/div>\n\t\t<ul class=\"soba__list list-unstyled\">\n\n\t\t\t\t\t\t<li>\n\t\t\t\tBereich:\n\t\t\t\t30-35m\n\t\t\t\t<sup>2<\/sup>\n\t\t\t<\/li>\n\t\t\t\n\t\t\t\t\t\t<li>\n\t\t\t\tMax:\n\t\t\t\t<img decoding=\"async\" class=\"icon-osoba\" src=\"https:\/\/malin-krk.com\/wp-content\/themes\/bideja\/assets\/img\/icon-osoba.png\" alt=\"Max\"> x\n\t\t\t\t4\t\t\t<\/li>\n\t\t\t\n\t\t\t\t\t\t\t\t\t<li>\n\t\t\t\t<img decoding=\"async\" class=\"icon-kava\" src=\"https:\/\/malin-krk.com\/wp-content\/themes\/bideja\/assets\/img\/icon-kava.png\" alt=\"Fr\u00fchst\u00fccksbuffet ist f\u00fcr alle Zimmerarten inkludiert. \">\n\t\t\t\tFr\u00fchst\u00fccksbuffet ist f\u00fcr alle Zimmerarten inkludiert. \t\t\t<\/li>\n\t\t\t\n\t\t\t<li>\n\t\t\t\tWiFi\t\t\t<\/li>\n\n\t\t\t\n\t\t\t\n\t\t<\/ul>\n\t\t<ul class=\"soba__linkovi list-inline\">\n\t\t\t<li>\n\t\t\t\t<a class=\"soba__link\" href=\"https:\/\/malin-krk.com\/de\/hotel-malin\/unterkunft\/familienzimmer\/familienzimmer\/\">\n\t\t\t\t\tMehr Details ansehen\t\t\t\t<\/a>\n\t\t\t<\/li>\n\t\t\t<li>\n\t\t\t\t<a class=\"soba__link\" href=\"https:\/\/malin-krk.com\/de\/datenschutz-bestimmungen\/\">\n\t\t\t\t\tAllgemeine Vertragsbedingungen\t\t\t\t<\/a>\n\t\t\t<\/li>\n\t\t<\/ul>\n\t<\/div>\n\t<div class=\"soba__desno\">\n\t\t<ul class=\"soba__popis list-unstyled\">\n\n\t\t\t\n\t\t<\/ul>\n\t\t\t\t<div class=\"text-center\">\n\t\t\t<a class=\"btn btn-primary btn-primary--secondary color-white soba__btn btn--rezervacija\" href=\"https:\/\/malin-krk.com\/de\/kontakt\/\">\n\t\t\t\tSenden\t\t\t<\/a>\n\t\t<\/div>\n\t\t<br>\n\t\t<div class=\"text-center\">\n\t\t\n\t\t\t\t\t\t\t\t\t\t\t<a class=\"btn btn-primary btn-primary--secondary color-white soba__btn btn--rezervacija\" href=\"https:\/\/malin-krk.book-official-website.com\/book.php?company_id=46397161914251e464f8373ba1bec4d4&hotel=8351670ef3694fc21885e90066044adc&lang=de&cookie_consent=1&unit_id=5599&date=2026-04-01&nights=3\" target=\"_blank\">\n\t\t\t\tBuchen Sie jetzt!<\/a>\n\t\t\t\t\t\t\t\t\n\t\t\t\t\n\t\t<\/div>\n\t<\/div>\n<\/div>\t\n\t\n\t\t\n<div class=\"soba\">\n\t<div class=\"soba__img-wrapper\">\n\t\t<a href=\"https:\/\/malin-krk.com\/de\/hotel-malin\/unterkunft\/familienzimmer\/familienzimmer-atrium\/\">\n\t\t\t\t\t\t\t\t\t<img decoding=\"async\" src=\"https:\/\/malin-krk.com\/wp-content\/uploads\/2020\/06\/MALIN_SOBE-0001-400x300.jpg\" class=\"img-responsive\" alt=\"Obiteljska soba atrium\">\n\t\t\t\t\t\t\t\t<\/a>\n\t<\/div>\n\t<div class=\"soba__content\">\n\t\t<h3 class=\"soba__title\">\n\t\t\t<a class=\"soba__title-btn\" href=\"https:\/\/malin-krk.com\/de\/hotel-malin\/unterkunft\/familienzimmer\/familienzimmer-atrium\/\">\n\t\t\t\tFamilienzimmer Atrium\t\t\t<\/a>\n\t\t<\/h3>\n\t\t<div class=\"soba__text\">\n\t\t\t<p>Ger&auml;umige Familienzimmer mit Balkon, interessant und vor allem hochwertig eingerichtet, machen Familienzimmer zu einer ausgezeichneten Wahl f&uuml;r gl&uuml;ckliche Tage im Familienurlaub. Alle Zimmer haben einen Blick auf das Atrium des Hotels.<\/p>\n\t\t<\/div>\n\t\t<ul class=\"soba__list list-unstyled\">\n\n\t\t\t\t\t\t<li>\n\t\t\t\tBereich:\n\t\t\t\t40 m\n\t\t\t\t<sup>2<\/sup>\n\t\t\t<\/li>\n\t\t\t\n\t\t\t\t\t\t<li>\n\t\t\t\tMax:\n\t\t\t\t<img decoding=\"async\" class=\"icon-osoba\" src=\"https:\/\/malin-krk.com\/wp-content\/themes\/bideja\/assets\/img\/icon-osoba.png\" alt=\"Max\"> x\n\t\t\t\t4\t\t\t<\/li>\n\t\t\t\n\t\t\t\t\t\t\t\t\t<li>\n\t\t\t\t<img decoding=\"async\" class=\"icon-kava\" src=\"https:\/\/malin-krk.com\/wp-content\/themes\/bideja\/assets\/img\/icon-kava.png\" alt=\"Fr\u00fchst\u00fccksbuffet ist f\u00fcr alle Zimmerarten inkludiert. \">\n\t\t\t\tFr\u00fchst\u00fccksbuffet ist f\u00fcr alle Zimmerarten inkludiert. \t\t\t<\/li>\n\t\t\t\n\t\t\t<li>\n\t\t\t\tWiFi\t\t\t<\/li>\n\n\t\t\t\n\t\t\t\n\t\t<\/ul>\n\t\t<ul class=\"soba__linkovi list-inline\">\n\t\t\t<li>\n\t\t\t\t<a class=\"soba__link\" href=\"https:\/\/malin-krk.com\/de\/hotel-malin\/unterkunft\/familienzimmer\/familienzimmer-atrium\/\">\n\t\t\t\t\tMehr Details ansehen\t\t\t\t<\/a>\n\t\t\t<\/li>\n\t\t\t<li>\n\t\t\t\t<a class=\"soba__link\" href=\"https:\/\/malin-krk.com\/de\/datenschutz-bestimmungen\/\">\n\t\t\t\t\tAllgemeine Vertragsbedingungen\t\t\t\t<\/a>\n\t\t\t<\/li>\n\t\t<\/ul>\n\t<\/div>\n\t<div class=\"soba__desno\">\n\t\t<ul class=\"soba__popis list-unstyled\">\n\n\t\t\t\n\t\t<\/ul>\n\t\t\t\t<div class=\"text-center\">\n\t\t\t<a class=\"btn btn-primary btn-primary--secondary color-white soba__btn btn--rezervacija\" href=\"https:\/\/malin-krk.com\/de\/kontakt\/\">\n\t\t\t\tSenden\t\t\t<\/a>\n\t\t<\/div>\n\t\t<br>\n\t\t<div class=\"text-center\">\n\t\t\n\t\t\t\t\t\t\t\t\t\t\t<a class=\"btn btn-primary btn-primary--secondary color-white soba__btn btn--rezervacija\" href=\"https:\/\/malin-krk.book-official-website.com\/book.php?company_id=46397161914251e464f8373ba1bec4d4&hotel=8351670ef3694fc21885e90066044adc&lang=de&cookie_consent=1&unit_id=27676&date=2026-04-01&nights=3\" target=\"_blank\">\n\t\t\t\tBuchen Sie jetzt!<\/a>\n\t\t\t\t\t\t\t\t\n\t\t\t\t\n\t\t<\/div>\n\t<\/div>\n<\/div>\t\n\t\n\t\t\n<div class=\"soba\">\n\t<div class=\"soba__img-wrapper\">\n\t\t<a href=\"https:\/\/malin-krk.com\/de\/hotel-malin\/unterkunft\/familienzimmer\/familienzimmer-mit-verbindungstuer-zum-meer-und-balkon\/\">\n\t\t\t\t\t\t\t\t\t<img decoding=\"async\" src=\"https:\/\/malin-krk.com\/wp-content\/uploads\/2024\/06\/HOTEL_MALIN_NOVE_SOBE_2024-0070-400x300.jpg\" class=\"img-responsive\" alt=\"Familienzimmer mit Verbindungst\u00fcr zum Meer und Balkon\">\n\t\t\t\t\t\t\t\t<\/a>\n\t<\/div>\n\t<div class=\"soba__content\">\n\t\t<h3 class=\"soba__title\">\n\t\t\t<a class=\"soba__title-btn\" href=\"https:\/\/malin-krk.com\/de\/hotel-malin\/unterkunft\/familienzimmer\/familienzimmer-mit-verbindungstuer-zum-meer-und-balkon\/\">\n\t\t\t\tFamilienzimmer mit Verbindungst\u00fcr zum Meerseite und Balkon\t\t\t<\/a>\n\t\t<\/h3>\n\t\t<div class=\"soba__text\">\n\t\t\t<p>NEU IM JAHR 2024! Das ger&auml;umige, neu renovierte Familienzimmer mit Balkon eignet sich f&uuml;r die Unterbringung einer gr&ouml;&szlig;eren Familie und ist mit modernem Design und hochwertigen M&ouml;beln ausgestattet. Das Zimmer besteht aus zwei v&ouml;llig getrennten Schlafzimmern mit Doppelbetten. Alle Zimmer liegen zum Meer hin.<\/p>\n\t\t<\/div>\n\t\t<ul class=\"soba__list list-unstyled\">\n\n\t\t\t\t\t\t<li>\n\t\t\t\tBereich:\n\t\t\t\t40m\n\t\t\t\t<sup>2<\/sup>\n\t\t\t<\/li>\n\t\t\t\n\t\t\t\t\t\t<li>\n\t\t\t\tMax:\n\t\t\t\t<img decoding=\"async\" class=\"icon-osoba\" src=\"https:\/\/malin-krk.com\/wp-content\/themes\/bideja\/assets\/img\/icon-osoba.png\" alt=\"Max\"> x\n\t\t\t\t4\t\t\t<\/li>\n\t\t\t\n\t\t\t\t\t\t\t\t\t<li>\n\t\t\t\t<img decoding=\"async\" class=\"icon-kava\" src=\"https:\/\/malin-krk.com\/wp-content\/themes\/bideja\/assets\/img\/icon-kava.png\" alt=\"Fr\u00fchst\u00fccksbuffet ist f\u00fcr alle Zimmerarten inkludiert. \">\n\t\t\t\tFr\u00fchst\u00fccksbuffet ist f\u00fcr alle Zimmerarten inkludiert. \t\t\t<\/li>\n\t\t\t\n\t\t\t<li>\n\t\t\t\tWiFi\t\t\t<\/li>\n\n\t\t\t\n\t\t\t\n\t\t<\/ul>\n\t\t<ul class=\"soba__linkovi list-inline\">\n\t\t\t<li>\n\t\t\t\t<a class=\"soba__link\" href=\"https:\/\/malin-krk.com\/de\/hotel-malin\/unterkunft\/familienzimmer\/familienzimmer-mit-verbindungstuer-zum-meer-und-balkon\/\">\n\t\t\t\t\tMehr Details ansehen\t\t\t\t<\/a>\n\t\t\t<\/li>\n\t\t\t<li>\n\t\t\t\t<a class=\"soba__link\" href=\"https:\/\/malin-krk.com\/de\/datenschutz-bestimmungen\/\">\n\t\t\t\t\tAllgemeine Vertragsbedingungen\t\t\t\t<\/a>\n\t\t\t<\/li>\n\t\t<\/ul>\n\t<\/div>\n\t<div class=\"soba__desno\">\n\t\t<ul class=\"soba__popis list-unstyled\">\n\n\t\t\t\n\t\t<\/ul>\n\t\t\t\t<div class=\"text-center\">\n\t\t\t<a class=\"btn btn-primary btn-primary--secondary color-white soba__btn btn--rezervacija\" href=\"https:\/\/malin-krk.com\/de\/kontakt\/\">\n\t\t\t\tSenden\t\t\t<\/a>\n\t\t<\/div>\n\t\t<br>\n\t\t<div class=\"text-center\">\n\t\t\n\t\t\t\t\t\t\t\t\t\t\t<a class=\"btn btn-primary btn-primary--secondary color-white soba__btn btn--rezervacija\" href=\"https:\/\/malin-krk.book-official-website.com\/book.php?company_id=46397161914251e464f8373ba1bec4d4&hotel=8351670ef3694fc21885e90066044adc&lang=de&cookie_consent=1&unit_id=12242&date=2026-04-01&nights=3\" target=\"_blank\">\n\t\t\t\tBuchen Sie jetzt!<\/a>\n\t\t\t\t\t\t\t\t\n\t\t\t\t\n\t\t<\/div>\n\t<\/div>\n<\/div>\t\n\t\n<\/div>\n\n\n<\/p><\/body><\/html>\n","protected":false},"excerpt":{"rendered":"","protected":false},"author":3,"featured_media":2197,"parent":871,"menu_order":0,"comment_status":"closed","ping_status":"closed","template":"","meta":{"_acf_changed":false,"footnotes":""},"class_list":["post-3202","page","type-page","status-publish","has-post-thumbnail","hentry"],"acf":[],"yoast_head":"<!-- This site is optimized with the Yoast SEO plugin v27.5 - https:\/\/yoast.com\/product\/yoast-seo-wordpress\/ -->\n<title>Familienzimmer im Hotel Malin 4* Krk<\/title>\n<meta name=\"description\" content=\"Ger\u00e4umige Familienzimmern bestehend aus Zimmer mit Doppelbett und einem Wohnraum mit Zusatzbett bieten jeder Familie Komfort sowie perfekten Familienurlaub.\" \/>\n<meta name=\"robots\" content=\"index, follow, max-snippet:-1, max-image-preview:large, max-video-preview:-1\" \/>\n<link rel=\"canonical\" href=\"https:\/\/malin-krk.com\/de\/hotel-malin\/unterkunft\/familienzimmer\/\" \/>\n<meta property=\"og:locale\" content=\"de_DE\" \/>\n<meta property=\"og:type\" content=\"article\" \/>\n<meta property=\"og:title\" content=\"Familienzimmer im Hotel Malin 4* Krk\" \/>\n<meta property=\"og:description\" content=\"Ger\u00e4umige Familienzimmern bestehend aus Zimmer mit Doppelbett und einem Wohnraum mit Zusatzbett bieten jeder Familie Komfort sowie perfekten Familienurlaub.\" \/>\n<meta property=\"og:url\" content=\"https:\/\/malin-krk.com\/de\/hotel-malin\/unterkunft\/familienzimmer\/\" \/>\n<meta property=\"og:site_name\" content=\"Malin Krk\" \/>\n<meta property=\"article:publisher\" content=\"https:\/\/www.facebook.com\/hotelmalin\/\" \/>\n<meta property=\"article:modified_time\" content=\"2018-06-18T12:50:27+00:00\" \/>\n<meta property=\"og:image\" content=\"https:\/\/malin-krk.com\/wp-content\/uploads\/2018\/04\/obiteljski-suite-s-vrtnom-terasom-1.jpg\" \/>\n\t<meta property=\"og:image:width\" content=\"1920\" \/>\n\t<meta property=\"og:image:height\" content=\"1080\" \/>\n\t<meta property=\"og:image:type\" content=\"image\/jpeg\" \/>\n<meta name=\"twitter:card\" content=\"summary_large_image\" \/>\n<script type=\"application\/ld+json\" class=\"yoast-schema-graph\">{\"@context\":\"https:\\\/\\\/schema.org\",\"@graph\":[{\"@type\":\"WebPage\",\"@id\":\"https:\\\/\\\/malin-krk.com\\\/de\\\/hotel-malin\\\/unterkunft\\\/familienzimmer\\\/\",\"url\":\"https:\\\/\\\/malin-krk.com\\\/de\\\/hotel-malin\\\/unterkunft\\\/familienzimmer\\\/\",\"name\":\"Familienzimmer im Hotel Malin 4* Krk\",\"isPartOf\":{\"@id\":\"https:\\\/\\\/malin-krk.com\\\/#website\"},\"primaryImageOfPage\":{\"@id\":\"https:\\\/\\\/malin-krk.com\\\/de\\\/hotel-malin\\\/unterkunft\\\/familienzimmer\\\/#primaryimage\"},\"image\":{\"@id\":\"https:\\\/\\\/malin-krk.com\\\/de\\\/hotel-malin\\\/unterkunft\\\/familienzimmer\\\/#primaryimage\"},\"thumbnailUrl\":\"https:\\\/\\\/malin-krk.com\\\/wp-content\\\/uploads\\\/2018\\\/04\\\/obiteljski-suite-s-vrtnom-terasom-1.jpg\",\"datePublished\":\"2018-02-15T08:49:30+00:00\",\"dateModified\":\"2018-06-18T12:50:27+00:00\",\"description\":\"Ger\u00e4umige Familienzimmern bestehend aus Zimmer mit Doppelbett und einem Wohnraum mit Zusatzbett bieten jeder Familie Komfort sowie perfekten Familienurlaub.\",\"breadcrumb\":{\"@id\":\"https:\\\/\\\/malin-krk.com\\\/de\\\/hotel-malin\\\/unterkunft\\\/familienzimmer\\\/#breadcrumb\"},\"inLanguage\":\"de\",\"potentialAction\":[{\"@type\":\"ReadAction\",\"target\":[\"https:\\\/\\\/malin-krk.com\\\/de\\\/hotel-malin\\\/unterkunft\\\/familienzimmer\\\/\"]}]},{\"@type\":\"ImageObject\",\"inLanguage\":\"de\",\"@id\":\"https:\\\/\\\/malin-krk.com\\\/de\\\/hotel-malin\\\/unterkunft\\\/familienzimmer\\\/#primaryimage\",\"url\":\"https:\\\/\\\/malin-krk.com\\\/wp-content\\\/uploads\\\/2018\\\/04\\\/obiteljski-suite-s-vrtnom-terasom-1.jpg\",\"contentUrl\":\"https:\\\/\\\/malin-krk.com\\\/wp-content\\\/uploads\\\/2018\\\/04\\\/obiteljski-suite-s-vrtnom-terasom-1.jpg\",\"width\":1920,\"height\":1080},{\"@type\":\"BreadcrumbList\",\"@id\":\"https:\\\/\\\/malin-krk.com\\\/de\\\/hotel-malin\\\/unterkunft\\\/familienzimmer\\\/#breadcrumb\",\"itemListElement\":[{\"@type\":\"ListItem\",\"position\":1,\"name\":\"Home\",\"item\":\"https:\\\/\\\/malin-krk.com\\\/de\\\/\"},{\"@type\":\"ListItem\",\"position\":2,\"name\":\"Hotel Malin\",\"item\":\"https:\\\/\\\/malin-krk.com\\\/de\\\/hotel-malin\\\/\"},{\"@type\":\"ListItem\",\"position\":3,\"name\":\"Unterkunft\",\"item\":\"https:\\\/\\\/malin-krk.com\\\/de\\\/hotel-malin\\\/unterkunft\\\/\"},{\"@type\":\"ListItem\",\"position\":4,\"name\":\"Familienzimmer\"}]},{\"@type\":\"WebSite\",\"@id\":\"https:\\\/\\\/malin-krk.com\\\/#website\",\"url\":\"https:\\\/\\\/malin-krk.com\\\/\",\"name\":\"Malin Krk\",\"description\":\"\",\"publisher\":{\"@id\":\"https:\\\/\\\/malin-krk.com\\\/#organization\"},\"potentialAction\":[{\"@type\":\"SearchAction\",\"target\":{\"@type\":\"EntryPoint\",\"urlTemplate\":\"https:\\\/\\\/malin-krk.com\\\/?s={search_term_string}\"},\"query-input\":{\"@type\":\"PropertyValueSpecification\",\"valueRequired\":true,\"valueName\":\"search_term_string\"}}],\"inLanguage\":\"de\"},{\"@type\":\"Organization\",\"@id\":\"https:\\\/\\\/malin-krk.com\\\/#organization\",\"name\":\"Malin Krk\",\"url\":\"https:\\\/\\\/malin-krk.com\\\/\",\"logo\":{\"@type\":\"ImageObject\",\"inLanguage\":\"de\",\"@id\":\"https:\\\/\\\/malin-krk.com\\\/#\\\/schema\\\/logo\\\/image\\\/\",\"url\":\"https:\\\/\\\/malin-krk.com\\\/wp-content\\\/uploads\\\/2024\\\/02\\\/malin-logo.jpg\",\"contentUrl\":\"https:\\\/\\\/malin-krk.com\\\/wp-content\\\/uploads\\\/2024\\\/02\\\/malin-logo.jpg\",\"width\":280,\"height\":96,\"caption\":\"Malin Krk\"},\"image\":{\"@id\":\"https:\\\/\\\/malin-krk.com\\\/#\\\/schema\\\/logo\\\/image\\\/\"},\"sameAs\":[\"https:\\\/\\\/www.facebook.com\\\/hotelmalin\\\/\"]}]}<\/script>\n<!-- \/ Yoast SEO plugin. -->","yoast_head_json":{"title":"Familienzimmer im Hotel Malin 4* Krk","description":"Ger\u00e4umige Familienzimmern bestehend aus Zimmer mit Doppelbett und einem Wohnraum mit Zusatzbett bieten jeder Familie Komfort sowie perfekten Familienurlaub.","robots":{"index":"index","follow":"follow","max-snippet":"max-snippet:-1","max-image-preview":"max-image-preview:large","max-video-preview":"max-video-preview:-1"},"canonical":"https:\/\/malin-krk.com\/de\/hotel-malin\/unterkunft\/familienzimmer\/","og_locale":"de_DE","og_type":"article","og_title":"Familienzimmer im Hotel Malin 4* Krk","og_description":"Ger\u00e4umige Familienzimmern bestehend aus Zimmer mit Doppelbett und einem Wohnraum mit Zusatzbett bieten jeder Familie Komfort sowie perfekten Familienurlaub.","og_url":"https:\/\/malin-krk.com\/de\/hotel-malin\/unterkunft\/familienzimmer\/","og_site_name":"Malin Krk","article_publisher":"https:\/\/www.facebook.com\/hotelmalin\/","article_modified_time":"2018-06-18T12:50:27+00:00","og_image":[{"width":1920,"height":1080,"url":"https:\/\/malin-krk.com\/wp-content\/uploads\/2018\/04\/obiteljski-suite-s-vrtnom-terasom-1.jpg","type":"image\/jpeg"}],"twitter_card":"summary_large_image","schema":{"@context":"https:\/\/schema.org","@graph":[{"@type":"WebPage","@id":"https:\/\/malin-krk.com\/de\/hotel-malin\/unterkunft\/familienzimmer\/","url":"https:\/\/malin-krk.com\/de\/hotel-malin\/unterkunft\/familienzimmer\/","name":"Familienzimmer im Hotel Malin 4* Krk","isPartOf":{"@id":"https:\/\/malin-krk.com\/#website"},"primaryImageOfPage":{"@id":"https:\/\/malin-krk.com\/de\/hotel-malin\/unterkunft\/familienzimmer\/#primaryimage"},"image":{"@id":"https:\/\/malin-krk.com\/de\/hotel-malin\/unterkunft\/familienzimmer\/#primaryimage"},"thumbnailUrl":"https:\/\/malin-krk.com\/wp-content\/uploads\/2018\/04\/obiteljski-suite-s-vrtnom-terasom-1.jpg","datePublished":"2018-02-15T08:49:30+00:00","dateModified":"2018-06-18T12:50:27+00:00","description":"Ger\u00e4umige Familienzimmern bestehend aus Zimmer mit Doppelbett und einem Wohnraum mit Zusatzbett bieten jeder Familie Komfort sowie perfekten Familienurlaub.","breadcrumb":{"@id":"https:\/\/malin-krk.com\/de\/hotel-malin\/unterkunft\/familienzimmer\/#breadcrumb"},"inLanguage":"de","potentialAction":[{"@type":"ReadAction","target":["https:\/\/malin-krk.com\/de\/hotel-malin\/unterkunft\/familienzimmer\/"]}]},{"@type":"ImageObject","inLanguage":"de","@id":"https:\/\/malin-krk.com\/de\/hotel-malin\/unterkunft\/familienzimmer\/#primaryimage","url":"https:\/\/malin-krk.com\/wp-content\/uploads\/2018\/04\/obiteljski-suite-s-vrtnom-terasom-1.jpg","contentUrl":"https:\/\/malin-krk.com\/wp-content\/uploads\/2018\/04\/obiteljski-suite-s-vrtnom-terasom-1.jpg","width":1920,"height":1080},{"@type":"BreadcrumbList","@id":"https:\/\/malin-krk.com\/de\/hotel-malin\/unterkunft\/familienzimmer\/#breadcrumb","itemListElement":[{"@type":"ListItem","position":1,"name":"Home","item":"https:\/\/malin-krk.com\/de\/"},{"@type":"ListItem","position":2,"name":"Hotel Malin","item":"https:\/\/malin-krk.com\/de\/hotel-malin\/"},{"@type":"ListItem","position":3,"name":"Unterkunft","item":"https:\/\/malin-krk.com\/de\/hotel-malin\/unterkunft\/"},{"@type":"ListItem","position":4,"name":"Familienzimmer"}]},{"@type":"WebSite","@id":"https:\/\/malin-krk.com\/#website","url":"https:\/\/malin-krk.com\/","name":"Malin Krk","description":"","publisher":{"@id":"https:\/\/malin-krk.com\/#organization"},"potentialAction":[{"@type":"SearchAction","target":{"@type":"EntryPoint","urlTemplate":"https:\/\/malin-krk.com\/?s={search_term_string}"},"query-input":{"@type":"PropertyValueSpecification","valueRequired":true,"valueName":"search_term_string"}}],"inLanguage":"de"},{"@type":"Organization","@id":"https:\/\/malin-krk.com\/#organization","name":"Malin Krk","url":"https:\/\/malin-krk.com\/","logo":{"@type":"ImageObject","inLanguage":"de","@id":"https:\/\/malin-krk.com\/#\/schema\/logo\/image\/","url":"https:\/\/malin-krk.com\/wp-content\/uploads\/2024\/02\/malin-logo.jpg","contentUrl":"https:\/\/malin-krk.com\/wp-content\/uploads\/2024\/02\/malin-logo.jpg","width":280,"height":96,"caption":"Malin Krk"},"image":{"@id":"https:\/\/malin-krk.com\/#\/schema\/logo\/image\/"},"sameAs":["https:\/\/www.facebook.com\/hotelmalin\/"]}]}},"_links":{"self":[{"href":"https:\/\/malin-krk.com\/de\/wp-json\/wp\/v2\/pages\/3202","targetHints":{"allow":["GET"]}}],"collection":[{"href":"https:\/\/malin-krk.com\/de\/wp-json\/wp\/v2\/pages"}],"about":[{"href":"https:\/\/malin-krk.com\/de\/wp-json\/wp\/v2\/types\/page"}],"author":[{"embeddable":true,"href":"https:\/\/malin-krk.com\/de\/wp-json\/wp\/v2\/users\/3"}],"replies":[{"embeddable":true,"href":"https:\/\/malin-krk.com\/de\/wp-json\/wp\/v2\/comments?post=3202"}],"version-history":[{"count":3,"href":"https:\/\/malin-krk.com\/de\/wp-json\/wp\/v2\/pages\/3202\/revisions"}],"predecessor-version":[{"id":3470,"href":"https:\/\/malin-krk.com\/de\/wp-json\/wp\/v2\/pages\/3202\/revisions\/3470"}],"up":[{"embeddable":true,"href":"https:\/\/malin-krk.com\/de\/wp-json\/wp\/v2\/pages\/871"}],"wp:featuredmedia":[{"embeddable":true,"href":"https:\/\/malin-krk.com\/de\/wp-json\/wp\/v2\/media\/2197"}],"wp:attachment":[{"href":"https:\/\/malin-krk.com\/de\/wp-json\/wp\/v2\/media?parent=3202"}],"curies":[{"name":"wp","href":"https:\/\/api.w.org\/{rel}","templated":true}]}}