{"id":31958,"date":"2018-11-15T13:12:26","date_gmt":"2018-11-15T12:12:26","guid":{"rendered":"https:\/\/malin-krk.com\/?page_id=31958"},"modified":"2025-03-31T12:15:10","modified_gmt":"2025-03-31T10:15:10","slug":"ostern-im-hotel-malin","status":"publish","type":"page","link":"https:\/\/malin-krk.com\/de\/hotel-malin\/sonderangebote-des-hotels-malin\/ostern-im-hotel-malin\/","title":{"rendered":"Ostern im Hotel Malin!"},"content":{"rendered":"<!DOCTYPE html PUBLIC \"-\/\/W3C\/\/DTD HTML 4.0 Transitional\/\/EN\" \"http:\/\/www.w3.org\/TR\/REC-html40\/loose.dtd\">\n<html><body><p><span style=\"font-size: 18pt;\"><strong>Ostern im Hotel Malin!<\/strong><\/span><\/p>\n<p>Nutzen Sie das spezielle Osterangebot im Hotel Malin und verbringen Sie die Feiertage im angenehmen Ambiente der Insel Krk. Das direkt am Meer gelegene Hotel bietet perfekte Voraussetzungen zum Entspannen und Genie&szlig;en der Natur mit attraktiven Preisen und zus&auml;tzlichen Vorteilen. Erleben Sie ein unvergessliches Osterfest mit erstklassigem Service und einem reichhaltigen Angebot.<\/p>\n\n\t\t\t\t\t\t<ul class='img-galerija list-inline list-unstyled fancybox-show-nav'>\n\n\t\t\t\t\t\t\t\n\t\t\t\t\t\t\t<li class=\"col-md-4 col-sm-6 col-xs-4 thumb-wrapper\">\n\t\t\t\t\t\t\t\t<a class=\"fancybox\" data-fancybox=\"group\" rel=\"group\" data-title=\"Ostern im Hotel Malin!\" href=\"https:\/\/malin-krk.com\/wp-content\/uploads\/2025\/03\/Ham-on-table.jpg\" data-title=\"Ostern im Hotel Malin!\">\n\t\t\t\t\t\t\t\t\t<img decoding=\"async\" class=\"thumb img-responsive\" src=\"https:\/\/malin-krk.com\/wp-content\/uploads\/2025\/03\/Ham-on-table-400x400.jpg\" alt=\"Ostern im Hotel Malin!\">\n\t\t\t\t\t\t\t\t<\/a>\n\t\t\t\t\t\t\t<\/li>\n\n\t\t\t\t\t\t\t\n\t\t\t\t\t\t\t<li class=\"col-md-4 col-sm-6 col-xs-4 thumb-wrapper\">\n\t\t\t\t\t\t\t\t<a class=\"fancybox\" data-fancybox=\"group\" rel=\"group\" data-title=\"Ostern im Hotel Malin!\" href=\"https:\/\/malin-krk.com\/wp-content\/uploads\/2025\/03\/brunch-easter.jpg\" data-title=\"Ostern im Hotel Malin!\">\n\t\t\t\t\t\t\t\t\t<img decoding=\"async\" class=\"thumb img-responsive\" src=\"https:\/\/malin-krk.com\/wp-content\/uploads\/2025\/03\/brunch-easter-400x399.jpg\" alt=\"Ostern im Hotel Malin!\">\n\t\t\t\t\t\t\t\t<\/a>\n\t\t\t\t\t\t\t<\/li>\n\n\t\t\t\t\t\t\t\n\t\t\t\t\t\t\t<li class=\"col-md-4 col-sm-6 col-xs-4 thumb-wrapper\">\n\t\t\t\t\t\t\t\t<a class=\"fancybox\" data-fancybox=\"group\" rel=\"group\" data-title=\"Ostern im Hotel Malin!\" href=\"https:\/\/malin-krk.com\/wp-content\/uploads\/2025\/03\/5L8A0115.jpg\" data-title=\"Ostern im Hotel Malin!\">\n\t\t\t\t\t\t\t\t\t<img decoding=\"async\" class=\"thumb img-responsive\" src=\"https:\/\/malin-krk.com\/wp-content\/uploads\/2025\/03\/5L8A0115-400x400.jpg\" alt=\"Ostern im Hotel Malin!\">\n\t\t\t\t\t\t\t\t<\/a>\n\t\t\t\t\t\t\t<\/li>\n\n\t\t\t\t\t\t\t\n\t\t\t\t\t\t\t<li class=\"col-md-4 col-sm-6 col-xs-4 thumb-wrapper\">\n\t\t\t\t\t\t\t\t<a class=\"fancybox\" data-fancybox=\"group\" rel=\"group\" data-title=\"Ostern im Hotel Malin!\" href=\"https:\/\/malin-krk.com\/wp-content\/uploads\/2025\/03\/337170778_1362885587616888_6927565569708983740_n.jpg\" data-title=\"Ostern im Hotel Malin!\">\n\t\t\t\t\t\t\t\t\t<img decoding=\"async\" class=\"thumb img-responsive\" src=\"https:\/\/malin-krk.com\/wp-content\/uploads\/2025\/03\/337170778_1362885587616888_6927565569708983740_n-400x400.jpg\" alt=\"Ostern im Hotel Malin!\">\n\t\t\t\t\t\t\t\t<\/a>\n\t\t\t\t\t\t\t<\/li>\n\n\t\t\t\t\t\t\t\n\t\t\t\t\t\t\t<li class=\"col-md-4 col-sm-6 col-xs-4 thumb-wrapper\">\n\t\t\t\t\t\t\t\t<a class=\"fancybox\" data-fancybox=\"group\" rel=\"group\" data-title=\"Ostern im Hotel Malin!\" href=\"https:\/\/malin-krk.com\/wp-content\/uploads\/2025\/03\/337281475_754928349496323_7940343056682408056_n.jpg\" data-title=\"Ostern im Hotel Malin!\">\n\t\t\t\t\t\t\t\t\t<img decoding=\"async\" class=\"thumb img-responsive\" src=\"https:\/\/malin-krk.com\/wp-content\/uploads\/2025\/03\/337281475_754928349496323_7940343056682408056_n-400x400.jpg\" alt=\"Ostern im Hotel Malin!\">\n\t\t\t\t\t\t\t\t<\/a>\n\t\t\t\t\t\t\t<\/li>\n\n\t\t\t\t\t\t\t\n\t\t\t\t\t\t\t<li class=\"col-md-4 col-sm-6 col-xs-4 thumb-wrapper\">\n\t\t\t\t\t\t\t\t<a class=\"fancybox\" data-fancybox=\"group\" rel=\"group\" data-title=\"Ostern im Hotel Malin!\" href=\"https:\/\/malin-krk.com\/wp-content\/uploads\/2025\/03\/FK3A1247.jpg\" data-title=\"Ostern im Hotel Malin!\">\n\t\t\t\t\t\t\t\t\t<img decoding=\"async\" class=\"thumb img-responsive\" src=\"https:\/\/malin-krk.com\/wp-content\/uploads\/2025\/03\/FK3A1247-400x400.jpg\" alt=\"Ostern im Hotel Malin!\">\n\t\t\t\t\t\t\t\t<\/a>\n\t\t\t\t\t\t\t<\/li>\n\n\t\t\t\t\t\t\t\t\t\t\t\t\t<\/ul>\n\t\t\t\t\t\t\n<p><span style=\"font-size: 18pt;\"><strong>18.04. &ndash; 21.04.<\/strong><\/span><\/p>\n<p><strong>Das Angebot beinhaltet:<\/strong><\/p>\n<p>&bull; Halbpension (Abendessen inklusive Softdrinks aus dem Automaten)<\/p>\n<p>&bull; Nutzung des Kinderspielzimmers und des Au&szlig;enspielplatzes<\/p>\n<p>&bull; Organisierte Unterhaltung f&uuml;r Kinder im Alter von 4 bis 12 Jahren am Osterwochenende<\/p>\n<p>&bull; Unbegrenzte kostenlose Nutzung des Innenpools und des Au&szlig;enpools<\/p>\n<p>&bull; M&ouml;glichkeit zum fr&uuml;hen Check-in und sp&auml;ten Check-out im Hotel (je nach Verf&uuml;gbarkeit)<\/p>\n<p>&bull; Kostenloses Parken auf dem offenen Parkplatz neben dem Hotel<\/p>\n<p>&bull; Kostenloses WLAN<\/p>\n<p>&bull; Gef&uuml;hrte Wanderung in Begleitung eines lizenzierten F&uuml;hrers mit einer Malin-Wanderungs-Goodie-Bag (Wasser, Obst, Sandwich) f&uuml;r jeden Gast<\/p>\n<p><strong>Paketpreise:<\/strong><\/p>\n<p><strong>Variante 1<\/strong>: 2x Halbpension f&uuml;r zwei Personen im Doppelzimmer mit Balkon &rarr; 295,00 &euro;<br>\n<strong>Variante 2<\/strong>: 2 Halbpension f&uuml;r zwei Personen und 1 Kind bis 12 Jahre im Doppelzimmer mit Balkon &rarr; 335,00 &euro;<br>\n<strong>Variante 3<\/strong>: 2 Halbpension f&uuml;r zwei Personen und bis zu 2 Kinder unter 12 Jahren im Familienzimmer &rarr; 415,00 &euro;<br>\n<strong>Variante 4<\/strong>: 3x Halbpension f&uuml;r zwei Personen im Doppelzimmer mit Balkon &rarr; 433,00 &euro;<br>\n<strong>Variante 5<\/strong>: 3 Halbpension f&uuml;r zwei Personen und 1 Kind bis 12 Jahre im Doppelzimmer mit Balkon &rarr; 488,00 &euro;<br>\n<strong>Variante 6<\/strong>: 3 Halbpension f&uuml;r zwei Personen und bis zu 2 Kinder unter 12 Jahren im Familienzimmer &rarr; 595,00 &euro;<\/p>\n<p><strong>Wanderung:<\/strong><\/p>\n<p><strong>19.04. Malin &ndash; Porat &ndash; Fumak &ndash; Alter Friedhof &ndash; Malin, 12 km, ca. 4 Stunden<\/strong><\/p>\n<p>Die Promenade entlang des Meeres f&uuml;hrt bis zur Stadt Porat, neben der sich das gr&ouml;&szlig;te h&ouml;lzerne Votivkreuz Europas befindet &ndash; Fumak.&nbsp; Nach den bezaubernden Ausblicken auf Cres und das Festland setzen wir unseren Spaziergang durch die zauberhaften Haine von Duba&scaron;nica fort, der uns zum mystischen alten Friedhof des Heiligen Apollinaris und zur&uuml;ck zum Hotel f&uuml;hrt.<\/p>\n<p><strong>WICHTIG:<\/strong><br>\n* Die Mindestteilnehmerzahl f&uuml;r alle gef&uuml;hrten Wanderungen betr&auml;gt 10 Personen.<br>\nBei geringerer Teilnehmerzahl oder schlechtem Wetter statt einer gef&uuml;hrten Wanderung ein eigenst&auml;ndiger Besuch des DUBoak Maritime Heritage Interpretation Center im Zentrum von Malinska<br>\n(Eintrittskarten inbegriffen).<\/p>\n<p>* N&Uuml;TZLICHE TIPPS: Passen Sie Ihre Kleidung der Jahreszeit an, w&auml;hlen Sie bei l&auml;ngeren Wanderungen festes und bequemes Schuhwerk, bringen Sie Schutz vor Sonne, Regen und Wind mit: Windjacke, Kopfbedeckung (Hut oder M&uuml;tze), Sonnenbrille.<\/p>\n<p>Die Kurtaxe betr&auml;gt bis 31.03.2025 1,50 &euro; und ab 01.04.2025 2,00 &euro;. und wird pro Person und Nacht berechnet.<\/p>\n<p>Kinder bis 12 Jahre zahlen keine Aufenthaltssteuer und Kinder von 12 bis 18 Jahren Sie zahlen 50 % des Kurtaxenpreises.<\/p>\n<p><strong>Zuschl&auml;ge vor Ort (mit Vorreservierung):<\/strong><\/p>\n<p>&bull; Suite-Zuschlag: 20,00 &euro; pro Nacht (Aufpreis zum Preis eines Doppelzimmer-Arrangements)<\/p>\n<p>&bull; Aufpreis f&uuml;r ein Zimmer zur Meerseite: 20,00 &euro; pro Nacht (Aufpreis zum Preis einer Doppelzimmer-Anordnung)<\/p>\n<p>&bull; Babybett f&uuml;r Kinder bis 3 Jahre: 7,00 &euro; pro Nacht.<\/p>\n<p><strong>Zimmerbeschreibung:<\/strong><\/p>\n<p>Doppelzimmer mit Balkon. Das Zimmer ist klimatisiert und mit SAT-TV, Telefon, Schlafsofa (f&uuml;r 1 Person), Schreibtisch, Minibar, Safe und Haartrockner ausgestattet.<\/p>\n<p>Das Familienzimmer eignet sich f&uuml;r die Unterbringung einer Familie mit zwei Erwachsenen und zwei Kindern und verf&uuml;gt &uuml;ber ein modernes Design und hochwertige M&ouml;bel. Das Zimmer besteht aus einem separaten Schlafzimmer mit Doppelbett, einer T&uuml;r zu einem separaten Wohnzimmer mit Schlafsofa und einem Badezimmer.<\/p>\n<p><em>Malinska ist das perfekte Reiseziel f&uuml;r alle Liebhaber von Outdoor-Aktivit&auml;ten. Aufgrund seiner Lage und des milden mediterranen Klimas ist es das ganze Jahr &uuml;ber ein ideales Ziel zum Laufen. Schmale Pfade direkt am Meer, kleine Buchten und versteckte Str&auml;nde, unz&auml;hlige Makadam- und Altstra&szlig;en, &uuml;ppige Vegetation und mediterranes Klima, jahrhundertealte Eichen und Olivenb&auml;ume, kombiniert mit einem anspruchslosen Anstieg und einer angenehmen L&auml;nge, sind die perfekte Kombination und das Rezept f&uuml;r einen unvergesslichen Trail.<\/em><\/p>\n<p><strong>Informationen und Reservierungen:<\/strong><\/p>\n<p><strong>reservations@hotelmalin.com oder 051\/850-129<\/strong><\/p>\n\n<div class=\"wpcf7 no-js\" id=\"wpcf7-f863-o1\" lang=\"hr-HR\" dir=\"ltr\" data-wpcf7-id=\"863\">\n<div class=\"screen-reader-response\"><p role=\"status\" aria-live=\"polite\" aria-atomic=\"true\"><\/p> <ul><\/ul><\/div>\n<form action=\"\/de\/wp-json\/wp\/v2\/pages\/31958#wpcf7-f863-o1\" method=\"post\" class=\"wpcf7-form init\" aria-label=\"Kontaktformular\" novalidate=\"novalidate\" data-status=\"init\">\n<fieldset class=\"hidden-fields-container\"><input type=\"hidden\" name=\"_wpcf7\" value=\"863\" \/><input type=\"hidden\" name=\"_wpcf7_version\" value=\"6.1.5\" \/><input type=\"hidden\" name=\"_wpcf7_locale\" value=\"hr_HR\" \/><input type=\"hidden\" name=\"_wpcf7_unit_tag\" value=\"wpcf7-f863-o1\" \/><input type=\"hidden\" name=\"_wpcf7_container_post\" value=\"0\" \/><input type=\"hidden\" name=\"_wpcf7_posted_data_hash\" value=\"\" \/>\n<\/fieldset>\n<p><label>Vor- und Nachname*<br \/>\n<span class=\"wpcf7-form-control-wrap\" data-name=\"your-name\"><input size=\"40\" maxlength=\"400\" class=\"wpcf7-form-control wpcf7-text wpcf7-validates-as-required\" aria-required=\"true\" aria-invalid=\"false\" value=\"\" type=\"text\" name=\"your-name\" \/><\/span> <\/label>\n<\/p>\n<p><label>E-mail*<br \/>\n<span class=\"wpcf7-form-control-wrap\" data-name=\"your-email\"><input size=\"40\" maxlength=\"400\" class=\"wpcf7-form-control wpcf7-email wpcf7-validates-as-required wpcf7-text wpcf7-validates-as-email\" aria-required=\"true\" aria-invalid=\"false\" value=\"\" type=\"email\" name=\"your-email\" \/><\/span> <\/label>\n<\/p>\n<p><label>Betreff*<br \/>\n<span class=\"wpcf7-form-control-wrap\" data-name=\"your-subject\"><input size=\"40\" maxlength=\"400\" class=\"wpcf7-form-control wpcf7-text wpcf7-validates-as-required\" aria-required=\"true\" aria-invalid=\"false\" value=\"\" type=\"text\" name=\"your-subject\" \/><\/span> <\/label>\n<\/p>\n<p><label>Ihre Nachricht*<br \/>\n<span class=\"wpcf7-form-control-wrap\" data-name=\"your-message\"><textarea cols=\"40\" rows=\"10\" maxlength=\"2000\" class=\"wpcf7-form-control wpcf7-textarea wpcf7-validates-as-required\" aria-required=\"true\" aria-invalid=\"false\" name=\"your-message\"><\/textarea><\/span> <\/label>\n<\/p>\n<p><label>Empf\u00e4nger<br \/>\n<span class=\"wpcf7-form-control-wrap\" data-name=\"your-recipient\"><select class=\"wpcf7-form-control wpcf7-select wpcf7-validates-as-required\" aria-required=\"true\" aria-invalid=\"false\" name=\"your-recipient\"><option value=\"\">&#8211; Bitte ausw\u00e4hlen &#8211;<\/option><option value=\"Hotel Malin\">Hotel Malin<\/option><option value=\"Villen &amp; appartements\">Villen &amp; appartements<\/option><option value=\"Mobilheime\">Mobilheime<\/option><option value=\"Camp Tiha \u0160ilo\">Camp Tiha \u0160ilo<\/option><\/select><\/span><\/label>\n<\/p>\n<p><label>Captcha<br \/>\n<input type=\"hidden\" name=\"_wpcf7_captcha_challenge_captcha-1\" value=\"3600318907\" \/><img decoding=\"async\" class=\"wpcf7-form-control wpcf7-captchac wpcf7-captcha-captcha-1\" width=\"84\" height=\"28\" alt=\"captcha\" src=\"https:\/\/malin-krk.com\/wp-content\/uploads\/wpcf7_captcha\/3600318907.png\" \/><span class=\"wpcf7-form-control-wrap\" data-name=\"captcha-1\"><input size=\"40\" maxlength=\"100\" class=\"wpcf7-form-control wpcf7-captchar\" autocomplete=\"off\" aria-invalid=\"false\" placeholder=\"Zeichen eingeben\" value=\"\" type=\"text\" name=\"captcha-1\" \/><\/span><br \/>\n<\/label>\n<\/p>\n<p><span class=\"wpcf7-form-control-wrap\" data-name=\"your-consent\"><span class=\"wpcf7-form-control wpcf7-acceptance\"><span class=\"wpcf7-list-item\"><label><input type=\"checkbox\" name=\"your-consent\" value=\"1\" aria-invalid=\"false\" \/><span class=\"wpcf7-list-item-label\">Bitte markieren, damit Sie der Speicherung Ihrer Daten gem\u00e4\u00df den Richtlinien angef\u00fchrt in unserer <a href=\"https:\/\/malin-krk.com\/de\/allgemeine-nutzungsbedingungen\/\">Datenschutzerkl\u00e4rung zustimmen<\/a><\/span><\/label><\/span><\/span><\/span>\n<\/p>\n<p><input class=\"wpcf7-form-control wpcf7-submit has-spinner btn\" type=\"submit\" value=\"Senden\" \/>\n<\/p><div class=\"wpcf7-response-output\" aria-hidden=\"true\"><\/div>\n<\/form>\n<\/div>\n\n<\/body><\/html>\n","protected":false},"excerpt":{"rendered":"<p>Ostern im Hotel Malin! Nutzen Sie das spezielle Osterangebot im Hotel Malin und verbringen Sie die Feiertage im angenehmen Ambiente der Insel Krk. Das direkt am Meer gelegene Hotel bietet perfekte Voraussetzungen zum Entspannen und Genie&szlig;en der Natur mit attraktiven Preisen und zus&auml;tzlichen Vorteilen. Erleben Sie ein unvergessliches Osterfest mit erstklassigem Service und einem reichhaltigen [&hellip;]<\/p>\n","protected":false},"author":2,"featured_media":0,"parent":1339,"menu_order":0,"comment_status":"closed","ping_status":"closed","template":"","meta":{"_acf_changed":false,"footnotes":""},"class_list":["post-31958","page","type-page","status-publish","hentry"],"acf":[],"yoast_head":"<!-- This site is optimized with the Yoast SEO plugin v27.5 - https:\/\/yoast.com\/product\/yoast-seo-wordpress\/ -->\n<title>Ostern im Hotel Malin! - Malin Krk<\/title>\n<meta name=\"robots\" content=\"index, follow, max-snippet:-1, max-image-preview:large, max-video-preview:-1\" \/>\n<link rel=\"canonical\" href=\"https:\/\/malin-krk.com\/de\/hotel-malin\/sonderangebote-des-hotels-malin\/ostern-im-hotel-malin\/\" \/>\n<meta property=\"og:locale\" content=\"de_DE\" \/>\n<meta property=\"og:type\" content=\"article\" \/>\n<meta property=\"og:title\" content=\"Ostern im Hotel Malin! - Malin Krk\" \/>\n<meta property=\"og:description\" content=\"Ostern im Hotel Malin! Nutzen Sie das spezielle Osterangebot im Hotel Malin und verbringen Sie die Feiertage im angenehmen Ambiente der Insel Krk. Das direkt am Meer gelegene Hotel bietet perfekte Voraussetzungen zum Entspannen und Genie&szlig;en der Natur mit attraktiven Preisen und zus&auml;tzlichen Vorteilen. Erleben Sie ein unvergessliches Osterfest mit erstklassigem Service und einem reichhaltigen [&hellip;]\" \/>\n<meta property=\"og:url\" content=\"https:\/\/malin-krk.com\/de\/hotel-malin\/sonderangebote-des-hotels-malin\/ostern-im-hotel-malin\/\" \/>\n<meta property=\"og:site_name\" content=\"Malin Krk\" \/>\n<meta property=\"article:publisher\" content=\"https:\/\/www.facebook.com\/hotelmalin\/\" \/>\n<meta property=\"article:modified_time\" content=\"2025-03-31T10:15:10+00:00\" \/>\n<meta property=\"og:image\" content=\"https:\/\/malin-krk.com\/wp-content\/uploads\/2023\/01\/hotel-malin-panorama-21-v2.jpg\" \/>\n\t<meta property=\"og:image:width\" content=\"992\" \/>\n\t<meta property=\"og:image:height\" content=\"661\" \/>\n\t<meta property=\"og:image:type\" content=\"image\/jpeg\" \/>\n<meta name=\"twitter:card\" content=\"summary_large_image\" \/>\n<script type=\"application\/ld+json\" class=\"yoast-schema-graph\">{\"@context\":\"https:\\\/\\\/schema.org\",\"@graph\":[{\"@type\":\"WebPage\",\"@id\":\"https:\\\/\\\/malin-krk.com\\\/de\\\/hotel-malin\\\/sonderangebote-des-hotels-malin\\\/ostern-im-hotel-malin\\\/\",\"url\":\"https:\\\/\\\/malin-krk.com\\\/de\\\/hotel-malin\\\/sonderangebote-des-hotels-malin\\\/ostern-im-hotel-malin\\\/\",\"name\":\"Ostern im Hotel Malin! - Malin Krk\",\"isPartOf\":{\"@id\":\"https:\\\/\\\/malin-krk.com\\\/#website\"},\"datePublished\":\"2018-11-15T12:12:26+00:00\",\"dateModified\":\"2025-03-31T10:15:10+00:00\",\"breadcrumb\":{\"@id\":\"https:\\\/\\\/malin-krk.com\\\/de\\\/hotel-malin\\\/sonderangebote-des-hotels-malin\\\/ostern-im-hotel-malin\\\/#breadcrumb\"},\"inLanguage\":\"de\",\"potentialAction\":[{\"@type\":\"ReadAction\",\"target\":[\"https:\\\/\\\/malin-krk.com\\\/de\\\/hotel-malin\\\/sonderangebote-des-hotels-malin\\\/ostern-im-hotel-malin\\\/\"]}]},{\"@type\":\"BreadcrumbList\",\"@id\":\"https:\\\/\\\/malin-krk.com\\\/de\\\/hotel-malin\\\/sonderangebote-des-hotels-malin\\\/ostern-im-hotel-malin\\\/#breadcrumb\",\"itemListElement\":[{\"@type\":\"ListItem\",\"position\":1,\"name\":\"Home\",\"item\":\"https:\\\/\\\/malin-krk.com\\\/de\\\/\"},{\"@type\":\"ListItem\",\"position\":2,\"name\":\"Hotel Malin\",\"item\":\"https:\\\/\\\/malin-krk.com\\\/de\\\/hotel-malin\\\/\"},{\"@type\":\"ListItem\",\"position\":3,\"name\":\"Advent im Malin Hotel\",\"item\":\"https:\\\/\\\/malin-krk.com\\\/de\\\/hotel-malin\\\/sonderangebote-des-hotels-malin\\\/\"},{\"@type\":\"ListItem\",\"position\":4,\"name\":\"Ostern im Hotel Malin!\"}]},{\"@type\":\"WebSite\",\"@id\":\"https:\\\/\\\/malin-krk.com\\\/#website\",\"url\":\"https:\\\/\\\/malin-krk.com\\\/\",\"name\":\"Malin Krk\",\"description\":\"\",\"publisher\":{\"@id\":\"https:\\\/\\\/malin-krk.com\\\/#organization\"},\"potentialAction\":[{\"@type\":\"SearchAction\",\"target\":{\"@type\":\"EntryPoint\",\"urlTemplate\":\"https:\\\/\\\/malin-krk.com\\\/?s={search_term_string}\"},\"query-input\":{\"@type\":\"PropertyValueSpecification\",\"valueRequired\":true,\"valueName\":\"search_term_string\"}}],\"inLanguage\":\"de\"},{\"@type\":\"Organization\",\"@id\":\"https:\\\/\\\/malin-krk.com\\\/#organization\",\"name\":\"Malin Krk\",\"url\":\"https:\\\/\\\/malin-krk.com\\\/\",\"logo\":{\"@type\":\"ImageObject\",\"inLanguage\":\"de\",\"@id\":\"https:\\\/\\\/malin-krk.com\\\/#\\\/schema\\\/logo\\\/image\\\/\",\"url\":\"https:\\\/\\\/malin-krk.com\\\/wp-content\\\/uploads\\\/2024\\\/02\\\/malin-logo.jpg\",\"contentUrl\":\"https:\\\/\\\/malin-krk.com\\\/wp-content\\\/uploads\\\/2024\\\/02\\\/malin-logo.jpg\",\"width\":280,\"height\":96,\"caption\":\"Malin Krk\"},\"image\":{\"@id\":\"https:\\\/\\\/malin-krk.com\\\/#\\\/schema\\\/logo\\\/image\\\/\"},\"sameAs\":[\"https:\\\/\\\/www.facebook.com\\\/hotelmalin\\\/\"]}]}<\/script>\n<!-- \/ Yoast SEO plugin. -->","yoast_head_json":{"title":"Ostern im Hotel Malin! - Malin Krk","robots":{"index":"index","follow":"follow","max-snippet":"max-snippet:-1","max-image-preview":"max-image-preview:large","max-video-preview":"max-video-preview:-1"},"canonical":"https:\/\/malin-krk.com\/de\/hotel-malin\/sonderangebote-des-hotels-malin\/ostern-im-hotel-malin\/","og_locale":"de_DE","og_type":"article","og_title":"Ostern im Hotel Malin! - Malin Krk","og_description":"Ostern im Hotel Malin! Nutzen Sie das spezielle Osterangebot im Hotel Malin und verbringen Sie die Feiertage im angenehmen Ambiente der Insel Krk. Das direkt am Meer gelegene Hotel bietet perfekte Voraussetzungen zum Entspannen und Genie&szlig;en der Natur mit attraktiven Preisen und zus&auml;tzlichen Vorteilen. Erleben Sie ein unvergessliches Osterfest mit erstklassigem Service und einem reichhaltigen [&hellip;]","og_url":"https:\/\/malin-krk.com\/de\/hotel-malin\/sonderangebote-des-hotels-malin\/ostern-im-hotel-malin\/","og_site_name":"Malin Krk","article_publisher":"https:\/\/www.facebook.com\/hotelmalin\/","article_modified_time":"2025-03-31T10:15:10+00:00","og_image":[{"width":992,"height":661,"url":"https:\/\/malin-krk.com\/wp-content\/uploads\/2023\/01\/hotel-malin-panorama-21-v2.jpg","type":"image\/jpeg"}],"twitter_card":"summary_large_image","schema":{"@context":"https:\/\/schema.org","@graph":[{"@type":"WebPage","@id":"https:\/\/malin-krk.com\/de\/hotel-malin\/sonderangebote-des-hotels-malin\/ostern-im-hotel-malin\/","url":"https:\/\/malin-krk.com\/de\/hotel-malin\/sonderangebote-des-hotels-malin\/ostern-im-hotel-malin\/","name":"Ostern im Hotel Malin! - Malin Krk","isPartOf":{"@id":"https:\/\/malin-krk.com\/#website"},"datePublished":"2018-11-15T12:12:26+00:00","dateModified":"2025-03-31T10:15:10+00:00","breadcrumb":{"@id":"https:\/\/malin-krk.com\/de\/hotel-malin\/sonderangebote-des-hotels-malin\/ostern-im-hotel-malin\/#breadcrumb"},"inLanguage":"de","potentialAction":[{"@type":"ReadAction","target":["https:\/\/malin-krk.com\/de\/hotel-malin\/sonderangebote-des-hotels-malin\/ostern-im-hotel-malin\/"]}]},{"@type":"BreadcrumbList","@id":"https:\/\/malin-krk.com\/de\/hotel-malin\/sonderangebote-des-hotels-malin\/ostern-im-hotel-malin\/#breadcrumb","itemListElement":[{"@type":"ListItem","position":1,"name":"Home","item":"https:\/\/malin-krk.com\/de\/"},{"@type":"ListItem","position":2,"name":"Hotel Malin","item":"https:\/\/malin-krk.com\/de\/hotel-malin\/"},{"@type":"ListItem","position":3,"name":"Advent im Malin Hotel","item":"https:\/\/malin-krk.com\/de\/hotel-malin\/sonderangebote-des-hotels-malin\/"},{"@type":"ListItem","position":4,"name":"Ostern im Hotel Malin!"}]},{"@type":"WebSite","@id":"https:\/\/malin-krk.com\/#website","url":"https:\/\/malin-krk.com\/","name":"Malin Krk","description":"","publisher":{"@id":"https:\/\/malin-krk.com\/#organization"},"potentialAction":[{"@type":"SearchAction","target":{"@type":"EntryPoint","urlTemplate":"https:\/\/malin-krk.com\/?s={search_term_string}"},"query-input":{"@type":"PropertyValueSpecification","valueRequired":true,"valueName":"search_term_string"}}],"inLanguage":"de"},{"@type":"Organization","@id":"https:\/\/malin-krk.com\/#organization","name":"Malin Krk","url":"https:\/\/malin-krk.com\/","logo":{"@type":"ImageObject","inLanguage":"de","@id":"https:\/\/malin-krk.com\/#\/schema\/logo\/image\/","url":"https:\/\/malin-krk.com\/wp-content\/uploads\/2024\/02\/malin-logo.jpg","contentUrl":"https:\/\/malin-krk.com\/wp-content\/uploads\/2024\/02\/malin-logo.jpg","width":280,"height":96,"caption":"Malin Krk"},"image":{"@id":"https:\/\/malin-krk.com\/#\/schema\/logo\/image\/"},"sameAs":["https:\/\/www.facebook.com\/hotelmalin\/"]}]}},"_links":{"self":[{"href":"https:\/\/malin-krk.com\/de\/wp-json\/wp\/v2\/pages\/31958","targetHints":{"allow":["GET"]}}],"collection":[{"href":"https:\/\/malin-krk.com\/de\/wp-json\/wp\/v2\/pages"}],"about":[{"href":"https:\/\/malin-krk.com\/de\/wp-json\/wp\/v2\/types\/page"}],"author":[{"embeddable":true,"href":"https:\/\/malin-krk.com\/de\/wp-json\/wp\/v2\/users\/2"}],"replies":[{"embeddable":true,"href":"https:\/\/malin-krk.com\/de\/wp-json\/wp\/v2\/comments?post=31958"}],"version-history":[{"count":4,"href":"https:\/\/malin-krk.com\/de\/wp-json\/wp\/v2\/pages\/31958\/revisions"}],"predecessor-version":[{"id":31999,"href":"https:\/\/malin-krk.com\/de\/wp-json\/wp\/v2\/pages\/31958\/revisions\/31999"}],"up":[{"embeddable":true,"href":"https:\/\/malin-krk.com\/de\/wp-json\/wp\/v2\/pages\/1339"}],"wp:attachment":[{"href":"https:\/\/malin-krk.com\/de\/wp-json\/wp\/v2\/media?parent=31958"}],"curies":[{"name":"wp","href":"https:\/\/api.w.org\/{rel}","templated":true}]}}