{"id":31669,"date":"2022-02-25T13:24:00","date_gmt":"2022-02-25T12:24:00","guid":{"rendered":"https:\/\/malin-krk.com\/?page_id=31669"},"modified":"2025-03-31T12:19:15","modified_gmt":"2025-03-31T10:19:15","slug":"fruehlingsferien","status":"publish","type":"page","link":"https:\/\/malin-krk.com\/de\/hotel-malin\/sonderangebote-des-hotels-malin\/fruehlingsferien\/","title":{"rendered":"FR\u00dcHLINGSFERIEN"},"content":{"rendered":"<!DOCTYPE html PUBLIC \"-\/\/W3C\/\/DTD HTML 4.0 Transitional\/\/EN\" \"http:\/\/www.w3.org\/TR\/REC-html40\/loose.dtd\">\n<html><body><p style=\"text-align: center;\">Profitieren Sie vom besonderen Fr&uuml;hlingsangebot im Hotel Malin und genie&szlig;en Sie einen erholsamen Urlaub auf der Insel Krk. Perfekt am Meer gelegen, bietet das Hotel ideale Voraussetzungen zum Entspannen und Genie&szlig;en der Natur mit attraktiven Preisen und Zusatzleistungen. Verbringen Sie einen unvergesslichen Fr&uuml;hlingsurlaub mit erstklassigem Service und einem reichhaltigen Angebot.<\/p>\n<p style=\"text-align: center;\"><strong><span style=\"font-size: 14pt;\">FR&Uuml;HLINGSFERIEN<\/span><\/strong><br>\nAngebot g&uuml;ltig im Zeitraum<\/p>\n<p style=\"text-align: center;\"><span style=\"font-size: 14pt;\"><strong>10.04.-04.05.2025.<\/strong><\/span><\/p>\n<p><strong>Das Angebot beinhaltet:<\/strong><\/p>\n<p>&bull; Halbpension (Abendessen inkl. Softdrinks aus dem Automaten)<\/p>\n<p>&bull; Nutzung des Kinderspielzimmers und des Au&szlig;enspielplatzes<\/p>\n<p>&bull; Organisierte Unterhaltung f&uuml;r Kinder im Alter von 4 bis 12 Jahren. f&uuml;r das Osterwochenende<\/p>\n<p>&bull; Unbegrenzte kostenfreie Nutzung des Innenpools und des Au&szlig;enpools<\/p>\n<p>&bull; M&ouml;glichkeit zum fr&uuml;hen Check-in und sp&auml;ten Check-out im Hotel (je nach Verf&uuml;gbarkeit)<\/p>\n<p>&bull; Kostenloses Parken auf dem offenen Parkplatz neben dem Hotel<\/p>\n<p>&bull; Kostenloses WLAN<\/p>\n<p>&bull; Gef&uuml;hrte Wanderung an Samstagen in Begleitung eines lizenzierten F&uuml;hrers mit einem Malin-Wanderungs-Geschenkebeutel (Wasser, Obst, Sandwich) f&uuml;r jeden Gast<\/p>\n<p>\n<strong>19.04. Malin &ndash; Porat &ndash; Fumak &ndash; Alter Friedhof &ndash; Malin, 12 km, ca. 4 Stunden<\/strong><\/p>\n<p>Vom Hotel f&uuml;hrt uns die Strandpromenade bis in die Stadt Porat, wo sich das gr&ouml;&szlig;te h&ouml;lzerne Votivkreuz Europas befindet &ndash; Fumak. Nach den bezaubernden Ausblicken auf Cres und das Festland setzen wir unseren Spaziergang durch die zauberhaften Haine von Duba&scaron;nica fort, der uns zum mystischen alten Friedhof des Heiligen Apollinaris und zur&uuml;ck zum Hotel f&uuml;hrt.<\/p>\n<p>\n<strong>26.04. Malin &ndash; Sr&scaron;i&#263;i &ndash; Cickini &ndash; Malin 10 km, ca. 4 Stunden<\/strong><\/p>\n<p>Machen Sie mit uns einen Spaziergang durch das Zentrum von Malinska, werfen Sie einen Blick in das verlassene Dorf Sr&scaron;i&#263;i und entdecken Sie die Geheimnisse der arch&auml;ologischen St&auml;tte Cickini, die von der Sp&auml;tantike und den Anf&auml;ngen des Christentums auf der Insel Krk zeugt.<\/p>\n<p>\n<strong>12.04. und 03.05. Malin &ndash; Rajska cesta &ndash; Kijac &ndash; Malin 10 km, ca. 4 Stunden<\/strong><\/p>\n<p>Begeben Sie sich auf eine unvergessliche 10 km lange Wanderung von Malinska nach Njivice entlang der magischen Paradiesstra&szlig;e. Wundersch&ouml;ne Aussichten, duftende mediterrane Vegetation und das beruhigende Rauschen des Meeres erwarten Sie. Dies ist Ihre Gelegenheit, die Paradise Road in ihrer ganzen Pracht zu erleben und herauszufinden, warum sie diesen Namen tr&auml;gt.<\/p>\n<p>\n<strong>WICHTIG:<\/strong><br>\n* Die Mindestteilnehmerzahl f&uuml;r alle gef&uuml;hrten Wanderungen betr&auml;gt 10 Personen.<br>\nBei geringerer Teilnehmerzahl oder bei Schlechtwetter statt einer gef&uuml;hrten Wanderung unabh&auml;ngiger Besuch des DUBoak Maritime Heritage Interpretation Center im Zentrum von Malinska<br>\n(Eintrittskarten inbegriffen).<br>\n* N&Uuml;TZLICHE TIPPS: Passen Sie Ihre Kleidung der Jahreszeit an, w&auml;hlen Sie bei l&auml;ngerem Aufenthalt festes und bequemes Schuhwerk. Wandern, bringen Sie Schutz vor Sonne, Regen und Wind mit: Windjacke, Kopfbedeckung (Hut oder M&uuml;tze), Sonnenbrille.<\/p>\n<p><strong>Paketpreise:<\/strong><\/p>\n<p><strong>Variante 1<\/strong>: 2x Halbpension f&uuml;r zwei Personen im Doppelzimmer mit Balkon &rarr; 295,00 &euro;<br>\n<strong>Variante 2<\/strong>: 2 Halbpension f&uuml;r zwei Personen und 1 Kind bis 12 Jahre im Doppelzimmer mit Balkon &rarr; 335,00 &euro;<br>\n<strong>Variante 3<\/strong>: 2 Halbpension f&uuml;r zwei Personen und bis zu 2 Kinder unter 12 Jahren im Familienzimmer &rarr; 415,00 &euro;<br>\n<strong>Variante 4<\/strong>: 3x Halbpension f&uuml;r zwei Personen im Doppelzimmer mit Balkon &rarr; 433,00 &euro;<br>\n<strong>Variante 5<\/strong>: 3 Halbpension f&uuml;r zwei Personen und 1 Kind bis 12 Jahre im Doppelzimmer mit Balkon &rarr; 488,00 &euro;<br>\n<strong>Variante 6<\/strong>: 3 Halbpension f&uuml;r zwei Personen und bis zu 2 Kinder unter 12 Jahren im Familienzimmer &rarr; 595,00 &euro;<\/p>\n<p>Mindest. 3-N&auml;chte-Aufenthalt in den Zeitr&auml;umen: 17.04.-21.04. &amp; 01.05.-04.05.<br>\nDie Kurtaxe betr&auml;gt bis 31.03.2025 1,50 &euro;. und ab 01.04.2025 2,00 &euro;. und wird pro Person und Nacht berechnet.<\/p>\n<p>Kinder bis 12 Jahre zahlen keine Aufenthaltssteuer, und Kinder von 12 bis 18 Jahren Sie zahlen 50 % des Kurtaxenpreises.<\/p>\n<p><strong>Zuschl&auml;ge vor Ort (mit Voranmeldung):<\/strong><br>\n&bull; Suite-Zuschlag: 20,00 &euro; pro Nacht (Aufpreis zum Preis eines Doppelzimmer-Arrangements)<\/p>\n<p>&bull; Aufpreis f&uuml;r Zimmer zur Meerseite: 20,00 &euro; pro Nacht (Aufpreis zum Preis einer Doppelzimmer-Anordnung)<\/p>\n<p>&bull; Babybett f&uuml;r Kinder bis 3 Jahre: 7,00 &euro; pro Nacht.<\/p>\n<p><strong>Zimmerbeschreibung:<\/strong><\/p>\n<p>Doppelzimmer mit Balkon. Das Zimmer ist klimatisiert und mit SAT-TV, Telefon, Schlafsofa (f&uuml;r 1 Person), Schreibtisch, Minibar, Safe und Haartrockner ausgestattet.<\/p>\n<p>Das Familienzimmer eignet sich f&uuml;r die Unterbringung einer Familie mit zwei Erwachsenen und zwei Kindern und verf&uuml;gt &uuml;ber ein modernes Design und eine hochwertige M&ouml;blierung. Das Zimmer besteht aus einem separaten Schlafzimmer mit Doppelbett, einer T&uuml;r zu einem separaten Wohnzimmer mit Schlafsofa und einem Badezimmer.<\/p>\n<p>Malinska ist das perfekte Reiseziel f&uuml;r alle Liebhaber von Outdoor-Aktivit&auml;ten. Aufgrund seiner Lage und des milden Mittelmeerklimas ist es das ganze Jahr &uuml;ber ein ideales Ziel zum Laufen. Schmale Pfade direkt am Meer, kleine Buchten und versteckte Str&auml;nde, unz&auml;hlige Makadam- und Altstra&szlig;en, &uuml;ppige Vegetation und mediterranes Klima, jahrhundertealte Eichen und Olivenb&auml;ume, kombiniert mit einem anspruchslosen Anstieg und einer langen Strecke, sind die perfekte Kombination und das Rezept f&uuml;r einen unvergesslichen Trail.<\/p>\n<p style=\"text-align: center;\"><strong>reservations@hotelmalin.com oder 051\/850-129<\/strong><\/p>\n<p><strong>Informationen und Reservierungen:<\/strong><\/p>\n\n<div class=\"wpcf7 no-js\" id=\"wpcf7-f863-o1\" lang=\"hr-HR\" dir=\"ltr\" data-wpcf7-id=\"863\">\n<div class=\"screen-reader-response\"><p role=\"status\" aria-live=\"polite\" aria-atomic=\"true\"><\/p> <ul><\/ul><\/div>\n<form action=\"\/de\/wp-json\/wp\/v2\/pages\/31669#wpcf7-f863-o1\" method=\"post\" class=\"wpcf7-form init\" aria-label=\"Kontaktformular\" novalidate=\"novalidate\" data-status=\"init\">\n<fieldset class=\"hidden-fields-container\"><input type=\"hidden\" name=\"_wpcf7\" value=\"863\" \/><input type=\"hidden\" name=\"_wpcf7_version\" value=\"6.1.5\" \/><input type=\"hidden\" name=\"_wpcf7_locale\" value=\"hr_HR\" \/><input type=\"hidden\" name=\"_wpcf7_unit_tag\" value=\"wpcf7-f863-o1\" \/><input type=\"hidden\" name=\"_wpcf7_container_post\" value=\"0\" \/><input type=\"hidden\" name=\"_wpcf7_posted_data_hash\" value=\"\" \/>\n<\/fieldset>\n<p><label>Vor- und Nachname*<br \/>\n<span class=\"wpcf7-form-control-wrap\" data-name=\"your-name\"><input size=\"40\" maxlength=\"400\" class=\"wpcf7-form-control wpcf7-text wpcf7-validates-as-required\" aria-required=\"true\" aria-invalid=\"false\" value=\"\" type=\"text\" name=\"your-name\" \/><\/span> <\/label>\n<\/p>\n<p><label>E-mail*<br \/>\n<span class=\"wpcf7-form-control-wrap\" data-name=\"your-email\"><input size=\"40\" maxlength=\"400\" class=\"wpcf7-form-control wpcf7-email wpcf7-validates-as-required wpcf7-text wpcf7-validates-as-email\" aria-required=\"true\" aria-invalid=\"false\" value=\"\" type=\"email\" name=\"your-email\" \/><\/span> <\/label>\n<\/p>\n<p><label>Betreff*<br \/>\n<span class=\"wpcf7-form-control-wrap\" data-name=\"your-subject\"><input size=\"40\" maxlength=\"400\" class=\"wpcf7-form-control wpcf7-text wpcf7-validates-as-required\" aria-required=\"true\" aria-invalid=\"false\" value=\"\" type=\"text\" name=\"your-subject\" \/><\/span> <\/label>\n<\/p>\n<p><label>Ihre Nachricht*<br \/>\n<span class=\"wpcf7-form-control-wrap\" data-name=\"your-message\"><textarea cols=\"40\" rows=\"10\" maxlength=\"2000\" class=\"wpcf7-form-control wpcf7-textarea wpcf7-validates-as-required\" aria-required=\"true\" aria-invalid=\"false\" name=\"your-message\"><\/textarea><\/span> <\/label>\n<\/p>\n<p><label>Empf\u00e4nger<br \/>\n<span class=\"wpcf7-form-control-wrap\" data-name=\"your-recipient\"><select class=\"wpcf7-form-control wpcf7-select wpcf7-validates-as-required\" aria-required=\"true\" aria-invalid=\"false\" name=\"your-recipient\"><option value=\"\">&#8211; Bitte ausw\u00e4hlen &#8211;<\/option><option value=\"Hotel Malin\">Hotel Malin<\/option><option value=\"Villen &amp; appartements\">Villen &amp; appartements<\/option><option value=\"Mobilheime\">Mobilheime<\/option><option value=\"Camp Tiha \u0160ilo\">Camp Tiha \u0160ilo<\/option><\/select><\/span><\/label>\n<\/p>\n<p><label>Captcha<br \/>\n<input type=\"hidden\" name=\"_wpcf7_captcha_challenge_captcha-1\" value=\"3536922406\" \/><img decoding=\"async\" class=\"wpcf7-form-control wpcf7-captchac wpcf7-captcha-captcha-1\" width=\"84\" height=\"28\" alt=\"captcha\" src=\"https:\/\/malin-krk.com\/wp-content\/uploads\/wpcf7_captcha\/3536922406.png\" \/><span class=\"wpcf7-form-control-wrap\" data-name=\"captcha-1\"><input size=\"40\" maxlength=\"100\" class=\"wpcf7-form-control wpcf7-captchar\" autocomplete=\"off\" aria-invalid=\"false\" placeholder=\"Zeichen eingeben\" value=\"\" type=\"text\" name=\"captcha-1\" \/><\/span><br \/>\n<\/label>\n<\/p>\n<p><span class=\"wpcf7-form-control-wrap\" data-name=\"your-consent\"><span class=\"wpcf7-form-control wpcf7-acceptance\"><span class=\"wpcf7-list-item\"><label><input type=\"checkbox\" name=\"your-consent\" value=\"1\" aria-invalid=\"false\" \/><span class=\"wpcf7-list-item-label\">Bitte markieren, damit Sie der Speicherung Ihrer Daten gem\u00e4\u00df den Richtlinien angef\u00fchrt in unserer <a href=\"https:\/\/malin-krk.com\/de\/allgemeine-nutzungsbedingungen\/\">Datenschutzerkl\u00e4rung zustimmen<\/a><\/span><\/label><\/span><\/span><\/span>\n<\/p>\n<p><input class=\"wpcf7-form-control wpcf7-submit has-spinner btn\" type=\"submit\" value=\"Senden\" \/>\n<\/p><div class=\"wpcf7-response-output\" aria-hidden=\"true\"><\/div>\n<\/form>\n<\/div>\n\n<\/body><\/html>\n","protected":false},"excerpt":{"rendered":"<p>Profitieren Sie vom besonderen Fr&uuml;hlingsangebot im Hotel Malin und genie&szlig;en Sie einen erholsamen Urlaub auf der Insel Krk. Perfekt am Meer gelegen, bietet das Hotel ideale Voraussetzungen zum Entspannen und Genie&szlig;en der Natur mit attraktiven Preisen und Zusatzleistungen. Verbringen Sie einen unvergesslichen Fr&uuml;hlingsurlaub mit erstklassigem Service und einem reichhaltigen Angebot. FR&Uuml;HLINGSFERIEN Angebot g&uuml;ltig im Zeitraum [&hellip;]<\/p>\n","protected":false},"author":2,"featured_media":22728,"parent":1339,"menu_order":0,"comment_status":"closed","ping_status":"closed","template":"","meta":{"_acf_changed":false,"footnotes":""},"class_list":["post-31669","page","type-page","status-publish","has-post-thumbnail","hentry"],"acf":[],"yoast_head":"<!-- This site is optimized with the Yoast SEO plugin v27.5 - https:\/\/yoast.com\/product\/yoast-seo-wordpress\/ -->\n<title>FR\u00dcHLINGSFERIEN - Malin Krk<\/title>\n<meta name=\"description\" content=\"Profitieren Sie vom besonderen Fr\u00fchlingsangebot im Hotel Malin und genie\u00dfen Sie einen erholsamen Urlaub auf der Insel Krk.\" \/>\n<meta name=\"robots\" content=\"index, follow, max-snippet:-1, max-image-preview:large, max-video-preview:-1\" \/>\n<link rel=\"canonical\" href=\"https:\/\/malin-krk.com\/de\/hotel-malin\/sonderangebote-des-hotels-malin\/fruehlingsferien\/\" \/>\n<meta property=\"og:locale\" content=\"de_DE\" \/>\n<meta property=\"og:type\" content=\"article\" \/>\n<meta property=\"og:title\" content=\"FR\u00dcHLINGSFERIEN - Malin Krk\" \/>\n<meta property=\"og:description\" content=\"Profitieren Sie vom besonderen Fr\u00fchlingsangebot im Hotel Malin und genie\u00dfen Sie einen erholsamen Urlaub auf der Insel Krk.\" \/>\n<meta property=\"og:url\" content=\"https:\/\/malin-krk.com\/de\/hotel-malin\/sonderangebote-des-hotels-malin\/fruehlingsferien\/\" \/>\n<meta property=\"og:site_name\" content=\"Malin Krk\" \/>\n<meta property=\"article:publisher\" content=\"https:\/\/www.facebook.com\/hotelmalin\/\" \/>\n<meta property=\"article:modified_time\" content=\"2025-03-31T10:19:15+00:00\" \/>\n<meta property=\"og:image\" content=\"https:\/\/malin-krk.com\/wp-content\/uploads\/2022\/02\/Hotel-Malin-1.jpg\" \/>\n\t<meta property=\"og:image:width\" content=\"2300\" \/>\n\t<meta property=\"og:image:height\" content=\"1533\" \/>\n\t<meta property=\"og:image:type\" content=\"image\/jpeg\" \/>\n<meta name=\"twitter:card\" content=\"summary_large_image\" \/>\n<script type=\"application\/ld+json\" class=\"yoast-schema-graph\">{\"@context\":\"https:\\\/\\\/schema.org\",\"@graph\":[{\"@type\":\"WebPage\",\"@id\":\"https:\\\/\\\/malin-krk.com\\\/de\\\/hotel-malin\\\/sonderangebote-des-hotels-malin\\\/fruehlingsferien\\\/\",\"url\":\"https:\\\/\\\/malin-krk.com\\\/de\\\/hotel-malin\\\/sonderangebote-des-hotels-malin\\\/fruehlingsferien\\\/\",\"name\":\"FR\u00dcHLINGSFERIEN - Malin Krk\",\"isPartOf\":{\"@id\":\"https:\\\/\\\/malin-krk.com\\\/#website\"},\"primaryImageOfPage\":{\"@id\":\"https:\\\/\\\/malin-krk.com\\\/de\\\/hotel-malin\\\/sonderangebote-des-hotels-malin\\\/fruehlingsferien\\\/#primaryimage\"},\"image\":{\"@id\":\"https:\\\/\\\/malin-krk.com\\\/de\\\/hotel-malin\\\/sonderangebote-des-hotels-malin\\\/fruehlingsferien\\\/#primaryimage\"},\"thumbnailUrl\":\"https:\\\/\\\/malin-krk.com\\\/wp-content\\\/uploads\\\/2022\\\/02\\\/Hotel-Malin-1.jpg\",\"datePublished\":\"2022-02-25T12:24:00+00:00\",\"dateModified\":\"2025-03-31T10:19:15+00:00\",\"description\":\"Profitieren Sie vom besonderen Fr\u00fchlingsangebot im Hotel Malin und genie\u00dfen Sie einen erholsamen Urlaub auf der Insel Krk.\",\"breadcrumb\":{\"@id\":\"https:\\\/\\\/malin-krk.com\\\/de\\\/hotel-malin\\\/sonderangebote-des-hotels-malin\\\/fruehlingsferien\\\/#breadcrumb\"},\"inLanguage\":\"de\",\"potentialAction\":[{\"@type\":\"ReadAction\",\"target\":[\"https:\\\/\\\/malin-krk.com\\\/de\\\/hotel-malin\\\/sonderangebote-des-hotels-malin\\\/fruehlingsferien\\\/\"]}]},{\"@type\":\"ImageObject\",\"inLanguage\":\"de\",\"@id\":\"https:\\\/\\\/malin-krk.com\\\/de\\\/hotel-malin\\\/sonderangebote-des-hotels-malin\\\/fruehlingsferien\\\/#primaryimage\",\"url\":\"https:\\\/\\\/malin-krk.com\\\/wp-content\\\/uploads\\\/2022\\\/02\\\/Hotel-Malin-1.jpg\",\"contentUrl\":\"https:\\\/\\\/malin-krk.com\\\/wp-content\\\/uploads\\\/2022\\\/02\\\/Hotel-Malin-1.jpg\",\"width\":2300,\"height\":1533},{\"@type\":\"BreadcrumbList\",\"@id\":\"https:\\\/\\\/malin-krk.com\\\/de\\\/hotel-malin\\\/sonderangebote-des-hotels-malin\\\/fruehlingsferien\\\/#breadcrumb\",\"itemListElement\":[{\"@type\":\"ListItem\",\"position\":1,\"name\":\"Home\",\"item\":\"https:\\\/\\\/malin-krk.com\\\/de\\\/\"},{\"@type\":\"ListItem\",\"position\":2,\"name\":\"Hotel Malin\",\"item\":\"https:\\\/\\\/malin-krk.com\\\/de\\\/hotel-malin\\\/\"},{\"@type\":\"ListItem\",\"position\":3,\"name\":\"Advent im Malin Hotel\",\"item\":\"https:\\\/\\\/malin-krk.com\\\/de\\\/hotel-malin\\\/sonderangebote-des-hotels-malin\\\/\"},{\"@type\":\"ListItem\",\"position\":4,\"name\":\"FR\u00dcHLINGSFERIEN\"}]},{\"@type\":\"WebSite\",\"@id\":\"https:\\\/\\\/malin-krk.com\\\/#website\",\"url\":\"https:\\\/\\\/malin-krk.com\\\/\",\"name\":\"Malin Krk\",\"description\":\"\",\"publisher\":{\"@id\":\"https:\\\/\\\/malin-krk.com\\\/#organization\"},\"potentialAction\":[{\"@type\":\"SearchAction\",\"target\":{\"@type\":\"EntryPoint\",\"urlTemplate\":\"https:\\\/\\\/malin-krk.com\\\/?s={search_term_string}\"},\"query-input\":{\"@type\":\"PropertyValueSpecification\",\"valueRequired\":true,\"valueName\":\"search_term_string\"}}],\"inLanguage\":\"de\"},{\"@type\":\"Organization\",\"@id\":\"https:\\\/\\\/malin-krk.com\\\/#organization\",\"name\":\"Malin Krk\",\"url\":\"https:\\\/\\\/malin-krk.com\\\/\",\"logo\":{\"@type\":\"ImageObject\",\"inLanguage\":\"de\",\"@id\":\"https:\\\/\\\/malin-krk.com\\\/#\\\/schema\\\/logo\\\/image\\\/\",\"url\":\"https:\\\/\\\/malin-krk.com\\\/wp-content\\\/uploads\\\/2024\\\/02\\\/malin-logo.jpg\",\"contentUrl\":\"https:\\\/\\\/malin-krk.com\\\/wp-content\\\/uploads\\\/2024\\\/02\\\/malin-logo.jpg\",\"width\":280,\"height\":96,\"caption\":\"Malin Krk\"},\"image\":{\"@id\":\"https:\\\/\\\/malin-krk.com\\\/#\\\/schema\\\/logo\\\/image\\\/\"},\"sameAs\":[\"https:\\\/\\\/www.facebook.com\\\/hotelmalin\\\/\"]}]}<\/script>\n<!-- \/ Yoast SEO plugin. -->","yoast_head_json":{"title":"FR\u00dcHLINGSFERIEN - Malin Krk","description":"Profitieren Sie vom besonderen Fr\u00fchlingsangebot im Hotel Malin und genie\u00dfen Sie einen erholsamen Urlaub auf der Insel Krk.","robots":{"index":"index","follow":"follow","max-snippet":"max-snippet:-1","max-image-preview":"max-image-preview:large","max-video-preview":"max-video-preview:-1"},"canonical":"https:\/\/malin-krk.com\/de\/hotel-malin\/sonderangebote-des-hotels-malin\/fruehlingsferien\/","og_locale":"de_DE","og_type":"article","og_title":"FR\u00dcHLINGSFERIEN - Malin Krk","og_description":"Profitieren Sie vom besonderen Fr\u00fchlingsangebot im Hotel Malin und genie\u00dfen Sie einen erholsamen Urlaub auf der Insel Krk.","og_url":"https:\/\/malin-krk.com\/de\/hotel-malin\/sonderangebote-des-hotels-malin\/fruehlingsferien\/","og_site_name":"Malin Krk","article_publisher":"https:\/\/www.facebook.com\/hotelmalin\/","article_modified_time":"2025-03-31T10:19:15+00:00","og_image":[{"width":2300,"height":1533,"url":"https:\/\/malin-krk.com\/wp-content\/uploads\/2022\/02\/Hotel-Malin-1.jpg","type":"image\/jpeg"}],"twitter_card":"summary_large_image","schema":{"@context":"https:\/\/schema.org","@graph":[{"@type":"WebPage","@id":"https:\/\/malin-krk.com\/de\/hotel-malin\/sonderangebote-des-hotels-malin\/fruehlingsferien\/","url":"https:\/\/malin-krk.com\/de\/hotel-malin\/sonderangebote-des-hotels-malin\/fruehlingsferien\/","name":"FR\u00dcHLINGSFERIEN - Malin Krk","isPartOf":{"@id":"https:\/\/malin-krk.com\/#website"},"primaryImageOfPage":{"@id":"https:\/\/malin-krk.com\/de\/hotel-malin\/sonderangebote-des-hotels-malin\/fruehlingsferien\/#primaryimage"},"image":{"@id":"https:\/\/malin-krk.com\/de\/hotel-malin\/sonderangebote-des-hotels-malin\/fruehlingsferien\/#primaryimage"},"thumbnailUrl":"https:\/\/malin-krk.com\/wp-content\/uploads\/2022\/02\/Hotel-Malin-1.jpg","datePublished":"2022-02-25T12:24:00+00:00","dateModified":"2025-03-31T10:19:15+00:00","description":"Profitieren Sie vom besonderen Fr\u00fchlingsangebot im Hotel Malin und genie\u00dfen Sie einen erholsamen Urlaub auf der Insel Krk.","breadcrumb":{"@id":"https:\/\/malin-krk.com\/de\/hotel-malin\/sonderangebote-des-hotels-malin\/fruehlingsferien\/#breadcrumb"},"inLanguage":"de","potentialAction":[{"@type":"ReadAction","target":["https:\/\/malin-krk.com\/de\/hotel-malin\/sonderangebote-des-hotels-malin\/fruehlingsferien\/"]}]},{"@type":"ImageObject","inLanguage":"de","@id":"https:\/\/malin-krk.com\/de\/hotel-malin\/sonderangebote-des-hotels-malin\/fruehlingsferien\/#primaryimage","url":"https:\/\/malin-krk.com\/wp-content\/uploads\/2022\/02\/Hotel-Malin-1.jpg","contentUrl":"https:\/\/malin-krk.com\/wp-content\/uploads\/2022\/02\/Hotel-Malin-1.jpg","width":2300,"height":1533},{"@type":"BreadcrumbList","@id":"https:\/\/malin-krk.com\/de\/hotel-malin\/sonderangebote-des-hotels-malin\/fruehlingsferien\/#breadcrumb","itemListElement":[{"@type":"ListItem","position":1,"name":"Home","item":"https:\/\/malin-krk.com\/de\/"},{"@type":"ListItem","position":2,"name":"Hotel Malin","item":"https:\/\/malin-krk.com\/de\/hotel-malin\/"},{"@type":"ListItem","position":3,"name":"Advent im Malin Hotel","item":"https:\/\/malin-krk.com\/de\/hotel-malin\/sonderangebote-des-hotels-malin\/"},{"@type":"ListItem","position":4,"name":"FR\u00dcHLINGSFERIEN"}]},{"@type":"WebSite","@id":"https:\/\/malin-krk.com\/#website","url":"https:\/\/malin-krk.com\/","name":"Malin Krk","description":"","publisher":{"@id":"https:\/\/malin-krk.com\/#organization"},"potentialAction":[{"@type":"SearchAction","target":{"@type":"EntryPoint","urlTemplate":"https:\/\/malin-krk.com\/?s={search_term_string}"},"query-input":{"@type":"PropertyValueSpecification","valueRequired":true,"valueName":"search_term_string"}}],"inLanguage":"de"},{"@type":"Organization","@id":"https:\/\/malin-krk.com\/#organization","name":"Malin Krk","url":"https:\/\/malin-krk.com\/","logo":{"@type":"ImageObject","inLanguage":"de","@id":"https:\/\/malin-krk.com\/#\/schema\/logo\/image\/","url":"https:\/\/malin-krk.com\/wp-content\/uploads\/2024\/02\/malin-logo.jpg","contentUrl":"https:\/\/malin-krk.com\/wp-content\/uploads\/2024\/02\/malin-logo.jpg","width":280,"height":96,"caption":"Malin Krk"},"image":{"@id":"https:\/\/malin-krk.com\/#\/schema\/logo\/image\/"},"sameAs":["https:\/\/www.facebook.com\/hotelmalin\/"]}]}},"_links":{"self":[{"href":"https:\/\/malin-krk.com\/de\/wp-json\/wp\/v2\/pages\/31669","targetHints":{"allow":["GET"]}}],"collection":[{"href":"https:\/\/malin-krk.com\/de\/wp-json\/wp\/v2\/pages"}],"about":[{"href":"https:\/\/malin-krk.com\/de\/wp-json\/wp\/v2\/types\/page"}],"author":[{"embeddable":true,"href":"https:\/\/malin-krk.com\/de\/wp-json\/wp\/v2\/users\/2"}],"replies":[{"embeddable":true,"href":"https:\/\/malin-krk.com\/de\/wp-json\/wp\/v2\/comments?post=31669"}],"version-history":[{"count":7,"href":"https:\/\/malin-krk.com\/de\/wp-json\/wp\/v2\/pages\/31669\/revisions"}],"predecessor-version":[{"id":32002,"href":"https:\/\/malin-krk.com\/de\/wp-json\/wp\/v2\/pages\/31669\/revisions\/32002"}],"up":[{"embeddable":true,"href":"https:\/\/malin-krk.com\/de\/wp-json\/wp\/v2\/pages\/1339"}],"wp:featuredmedia":[{"embeddable":true,"href":"https:\/\/malin-krk.com\/de\/wp-json\/wp\/v2\/media\/22728"}],"wp:attachment":[{"href":"https:\/\/malin-krk.com\/de\/wp-json\/wp\/v2\/media?parent=31669"}],"curies":[{"name":"wp","href":"https:\/\/api.w.org\/{rel}","templated":true}]}}