{"id":3164,"date":"2018-02-15T09:49:22","date_gmt":"2018-02-15T08:49:22","guid":{"rendered":"https:\/\/www.malin-krk.com\/_novo\/?page_id=3164"},"modified":"2018-06-18T13:46:36","modified_gmt":"2018-06-18T11:46:36","slug":"hotel-malin","status":"publish","type":"page","link":"https:\/\/malin-krk.com\/de\/hotel-malin\/","title":{"rendered":"Hotel Malin"},"content":{"rendered":"\n","protected":false},"excerpt":{"rendered":"","protected":false},"author":3,"featured_media":2077,"parent":0,"menu_order":0,"comment_status":"closed","ping_status":"closed","template":"page-hotel-template.php","meta":{"_acf_changed":false,"footnotes":""},"class_list":["post-3164","page","type-page","status-publish","has-post-thumbnail","hentry"],"acf":[],"yoast_head":"\nHotel Malin 4* Krk \u2013 offizielle Webseite<\/title>\n<meta name=\"description\" content=\"Entdecken Sie das strandnahe Hotel Malin 4*, dass sich f\u00fcr die G\u00e4ste, die sich ausruhen und entspannen wollen sowie f\u00fcr Abenteuerlustige perfekt eignet.\" \/>\n<meta name=\"robots\" content=\"index, follow, max-snippet:-1, max-image-preview:large, max-video-preview:-1\" \/>\n<link rel=\"canonical\" href=\"https:\/\/malin-krk.com\/de\/hotel-malin\/\" \/>\n<meta property=\"og:locale\" content=\"de_DE\" \/>\n<meta property=\"og:type\" content=\"article\" \/>\n<meta property=\"og:title\" content=\"Hotel Malin 4* Krk \u2013 offizielle Webseite\" \/>\n<meta property=\"og:description\" content=\"Entdecken Sie das strandnahe Hotel Malin 4*, dass sich f\u00fcr die G\u00e4ste, die sich ausruhen und entspannen wollen sowie f\u00fcr Abenteuerlustige perfekt eignet.\" \/>\n<meta property=\"og:url\" content=\"https:\/\/malin-krk.com\/de\/hotel-malin\/\" \/>\n<meta property=\"og:site_name\" content=\"Malin Krk\" \/>\n<meta property=\"article:publisher\" content=\"https:\/\/www.facebook.com\/hotelmalin\/\" \/>\n<meta property=\"article:modified_time\" content=\"2018-06-18T11:46:36+00:00\" \/>\n<meta property=\"og:image\" content=\"https:\/\/malin-krk.com\/wp-content\/uploads\/2018\/04\/hotel-malin.jpg\" \/>\n\t<meta property=\"og:image:width\" content=\"1920\" \/>\n\t<meta property=\"og:image:height\" content=\"1057\" \/>\n\t<meta property=\"og:image:type\" content=\"image\/jpeg\" \/>\n<meta name=\"twitter:card\" content=\"summary_large_image\" \/>\n<script type=\"application\/ld+json\" class=\"yoast-schema-graph\">{\"@context\":\"https:\\\/\\\/schema.org\",\"@graph\":[{\"@type\":\"WebPage\",\"@id\":\"https:\\\/\\\/malin-krk.com\\\/de\\\/hotel-malin\\\/\",\"url\":\"https:\\\/\\\/malin-krk.com\\\/de\\\/hotel-malin\\\/\",\"name\":\"Hotel Malin 4* Krk \u2013 offizielle Webseite\",\"isPartOf\":{\"@id\":\"https:\\\/\\\/malin-krk.com\\\/#website\"},\"primaryImageOfPage\":{\"@id\":\"https:\\\/\\\/malin-krk.com\\\/de\\\/hotel-malin\\\/#primaryimage\"},\"image\":{\"@id\":\"https:\\\/\\\/malin-krk.com\\\/de\\\/hotel-malin\\\/#primaryimage\"},\"thumbnailUrl\":\"https:\\\/\\\/malin-krk.com\\\/wp-content\\\/uploads\\\/2018\\\/04\\\/hotel-malin.jpg\",\"datePublished\":\"2018-02-15T08:49:22+00:00\",\"dateModified\":\"2018-06-18T11:46:36+00:00\",\"description\":\"Entdecken Sie das strandnahe Hotel Malin 4*, dass sich f\u00fcr die G\u00e4ste, die sich ausruhen und entspannen wollen sowie f\u00fcr Abenteuerlustige perfekt eignet.\",\"breadcrumb\":{\"@id\":\"https:\\\/\\\/malin-krk.com\\\/de\\\/hotel-malin\\\/#breadcrumb\"},\"inLanguage\":\"de\",\"potentialAction\":[{\"@type\":\"ReadAction\",\"target\":[\"https:\\\/\\\/malin-krk.com\\\/de\\\/hotel-malin\\\/\"]}]},{\"@type\":\"ImageObject\",\"inLanguage\":\"de\",\"@id\":\"https:\\\/\\\/malin-krk.com\\\/de\\\/hotel-malin\\\/#primaryimage\",\"url\":\"https:\\\/\\\/malin-krk.com\\\/wp-content\\\/uploads\\\/2018\\\/04\\\/hotel-malin.jpg\",\"contentUrl\":\"https:\\\/\\\/malin-krk.com\\\/wp-content\\\/uploads\\\/2018\\\/04\\\/hotel-malin.jpg\",\"width\":1920,\"height\":1057},{\"@type\":\"BreadcrumbList\",\"@id\":\"https:\\\/\\\/malin-krk.com\\\/de\\\/hotel-malin\\\/#breadcrumb\",\"itemListElement\":[{\"@type\":\"ListItem\",\"position\":1,\"name\":\"Home\",\"item\":\"https:\\\/\\\/malin-krk.com\\\/de\\\/\"},{\"@type\":\"ListItem\",\"position\":2,\"name\":\"Hotel Malin\"}]},{\"@type\":\"WebSite\",\"@id\":\"https:\\\/\\\/malin-krk.com\\\/#website\",\"url\":\"https:\\\/\\\/malin-krk.com\\\/\",\"name\":\"Malin Krk\",\"description\":\"\",\"publisher\":{\"@id\":\"https:\\\/\\\/malin-krk.com\\\/#organization\"},\"potentialAction\":[{\"@type\":\"SearchAction\",\"target\":{\"@type\":\"EntryPoint\",\"urlTemplate\":\"https:\\\/\\\/malin-krk.com\\\/?s={search_term_string}\"},\"query-input\":{\"@type\":\"PropertyValueSpecification\",\"valueRequired\":true,\"valueName\":\"search_term_string\"}}],\"inLanguage\":\"de\"},{\"@type\":\"Organization\",\"@id\":\"https:\\\/\\\/malin-krk.com\\\/#organization\",\"name\":\"Malin Krk\",\"url\":\"https:\\\/\\\/malin-krk.com\\\/\",\"logo\":{\"@type\":\"ImageObject\",\"inLanguage\":\"de\",\"@id\":\"https:\\\/\\\/malin-krk.com\\\/#\\\/schema\\\/logo\\\/image\\\/\",\"url\":\"https:\\\/\\\/malin-krk.com\\\/wp-content\\\/uploads\\\/2024\\\/02\\\/malin-logo.jpg\",\"contentUrl\":\"https:\\\/\\\/malin-krk.com\\\/wp-content\\\/uploads\\\/2024\\\/02\\\/malin-logo.jpg\",\"width\":280,\"height\":96,\"caption\":\"Malin Krk\"},\"image\":{\"@id\":\"https:\\\/\\\/malin-krk.com\\\/#\\\/schema\\\/logo\\\/image\\\/\"},\"sameAs\":[\"https:\\\/\\\/www.facebook.com\\\/hotelmalin\\\/\"]}]}<\/script>\n<!-- \/ Yoast SEO plugin. -->","yoast_head_json":{"title":"Hotel Malin 4* Krk \u2013 offizielle Webseite","description":"Entdecken Sie das strandnahe Hotel Malin 4*, dass sich f\u00fcr die G\u00e4ste, die sich ausruhen und entspannen wollen sowie f\u00fcr Abenteuerlustige perfekt eignet.","robots":{"index":"index","follow":"follow","max-snippet":"max-snippet:-1","max-image-preview":"max-image-preview:large","max-video-preview":"max-video-preview:-1"},"canonical":"https:\/\/malin-krk.com\/de\/hotel-malin\/","og_locale":"de_DE","og_type":"article","og_title":"Hotel Malin 4* Krk \u2013 offizielle Webseite","og_description":"Entdecken Sie das strandnahe Hotel Malin 4*, dass sich f\u00fcr die G\u00e4ste, die sich ausruhen und entspannen wollen sowie f\u00fcr Abenteuerlustige perfekt eignet.","og_url":"https:\/\/malin-krk.com\/de\/hotel-malin\/","og_site_name":"Malin Krk","article_publisher":"https:\/\/www.facebook.com\/hotelmalin\/","article_modified_time":"2018-06-18T11:46:36+00:00","og_image":[{"width":1920,"height":1057,"url":"https:\/\/malin-krk.com\/wp-content\/uploads\/2018\/04\/hotel-malin.jpg","type":"image\/jpeg"}],"twitter_card":"summary_large_image","schema":{"@context":"https:\/\/schema.org","@graph":[{"@type":"WebPage","@id":"https:\/\/malin-krk.com\/de\/hotel-malin\/","url":"https:\/\/malin-krk.com\/de\/hotel-malin\/","name":"Hotel Malin 4* Krk \u2013 offizielle Webseite","isPartOf":{"@id":"https:\/\/malin-krk.com\/#website"},"primaryImageOfPage":{"@id":"https:\/\/malin-krk.com\/de\/hotel-malin\/#primaryimage"},"image":{"@id":"https:\/\/malin-krk.com\/de\/hotel-malin\/#primaryimage"},"thumbnailUrl":"https:\/\/malin-krk.com\/wp-content\/uploads\/2018\/04\/hotel-malin.jpg","datePublished":"2018-02-15T08:49:22+00:00","dateModified":"2018-06-18T11:46:36+00:00","description":"Entdecken Sie das strandnahe Hotel Malin 4*, dass sich f\u00fcr die G\u00e4ste, die sich ausruhen und entspannen wollen sowie f\u00fcr Abenteuerlustige perfekt eignet.","breadcrumb":{"@id":"https:\/\/malin-krk.com\/de\/hotel-malin\/#breadcrumb"},"inLanguage":"de","potentialAction":[{"@type":"ReadAction","target":["https:\/\/malin-krk.com\/de\/hotel-malin\/"]}]},{"@type":"ImageObject","inLanguage":"de","@id":"https:\/\/malin-krk.com\/de\/hotel-malin\/#primaryimage","url":"https:\/\/malin-krk.com\/wp-content\/uploads\/2018\/04\/hotel-malin.jpg","contentUrl":"https:\/\/malin-krk.com\/wp-content\/uploads\/2018\/04\/hotel-malin.jpg","width":1920,"height":1057},{"@type":"BreadcrumbList","@id":"https:\/\/malin-krk.com\/de\/hotel-malin\/#breadcrumb","itemListElement":[{"@type":"ListItem","position":1,"name":"Home","item":"https:\/\/malin-krk.com\/de\/"},{"@type":"ListItem","position":2,"name":"Hotel Malin"}]},{"@type":"WebSite","@id":"https:\/\/malin-krk.com\/#website","url":"https:\/\/malin-krk.com\/","name":"Malin Krk","description":"","publisher":{"@id":"https:\/\/malin-krk.com\/#organization"},"potentialAction":[{"@type":"SearchAction","target":{"@type":"EntryPoint","urlTemplate":"https:\/\/malin-krk.com\/?s={search_term_string}"},"query-input":{"@type":"PropertyValueSpecification","valueRequired":true,"valueName":"search_term_string"}}],"inLanguage":"de"},{"@type":"Organization","@id":"https:\/\/malin-krk.com\/#organization","name":"Malin Krk","url":"https:\/\/malin-krk.com\/","logo":{"@type":"ImageObject","inLanguage":"de","@id":"https:\/\/malin-krk.com\/#\/schema\/logo\/image\/","url":"https:\/\/malin-krk.com\/wp-content\/uploads\/2024\/02\/malin-logo.jpg","contentUrl":"https:\/\/malin-krk.com\/wp-content\/uploads\/2024\/02\/malin-logo.jpg","width":280,"height":96,"caption":"Malin Krk"},"image":{"@id":"https:\/\/malin-krk.com\/#\/schema\/logo\/image\/"},"sameAs":["https:\/\/www.facebook.com\/hotelmalin\/"]}]}},"_links":{"self":[{"href":"https:\/\/malin-krk.com\/de\/wp-json\/wp\/v2\/pages\/3164","targetHints":{"allow":["GET"]}}],"collection":[{"href":"https:\/\/malin-krk.com\/de\/wp-json\/wp\/v2\/pages"}],"about":[{"href":"https:\/\/malin-krk.com\/de\/wp-json\/wp\/v2\/types\/page"}],"author":[{"embeddable":true,"href":"https:\/\/malin-krk.com\/de\/wp-json\/wp\/v2\/users\/3"}],"replies":[{"embeddable":true,"href":"https:\/\/malin-krk.com\/de\/wp-json\/wp\/v2\/comments?post=3164"}],"version-history":[{"count":1,"href":"https:\/\/malin-krk.com\/de\/wp-json\/wp\/v2\/pages\/3164\/revisions"}],"predecessor-version":[{"id":3165,"href":"https:\/\/malin-krk.com\/de\/wp-json\/wp\/v2\/pages\/3164\/revisions\/3165"}],"wp:featuredmedia":[{"embeddable":true,"href":"https:\/\/malin-krk.com\/de\/wp-json\/wp\/v2\/media\/2077"}],"wp:attachment":[{"href":"https:\/\/malin-krk.com\/de\/wp-json\/wp\/v2\/media?parent=3164"}],"curies":[{"name":"wp","href":"https:\/\/api.w.org\/{rel}","templated":true}]}}