{"id":3155,"date":"2018-03-31T17:30:47","date_gmt":"2018-03-31T15:30:47","guid":{"rendered":"https:\/\/www.malin-krk.com\/_novo\/?page_id=3155"},"modified":"2025-07-18T14:57:30","modified_gmt":"2025-07-18T12:57:30","slug":"die-insel-krk","status":"publish","type":"page","link":"https:\/\/malin-krk.com\/de\/ueber-das-reiseziel\/die-insel-krk\/","title":{"rendered":"Die Insel Krk"},"content":{"rendered":"<!DOCTYPE html PUBLIC \"-\/\/W3C\/\/DTD HTML 4.0 Transitional\/\/EN\" \"http:\/\/www.w3.org\/TR\/REC-html40\/loose.dtd\">\n<html><body><p data-start=\"1131\" data-end=\"1711\"><strong data-start=\"1131\" data-end=\"1148\">Die Insel Krk<\/strong> &ndash; verbunden durch die Krk-Br&uuml;cke &ndash; ist die gr&ouml;&szlig;te Insel der Adria. Sie besteht aus sieben historischen St&auml;dten &ndash; Krk, Ba&scaron;ka, Vrbnik, Dobrinj, Malinska, Omi&scaron;alj und Njivice &ndash; mit Frankopan-Festungen, alten Kirchen und Trockenmauern. Probieren Sie lokale Spezialit&auml;ten: luftgetrockneter Schinken, Oliven&ouml;l, K&auml;se, getrocknete Feigen, Honig und Schnaps. Genie&szlig;en Sie Sand- und Kiesstr&auml;nde, erkunden Sie die Weinstra&szlig;en von Vrbnik oder unternehmen Sie Wanderungen, Radtouren und Bootsausfl&uuml;ge. Krk verbindet reiche Geschichte, Natur und authentische Gastfreundschaft.<\/p>\n<p data-start=\"1713\" data-end=\"1890\">Sie k&ouml;nnen uns auch mit dem Flugzeug erreichen &ndash; der n&auml;chstgelegene Flughafen ist der <strong data-start=\"1799\" data-end=\"1827\">Flughafen Rijeka (16&#8239;km)<\/strong>. Alle Informationen zu Ank&uuml;nften und Abfl&uuml;gen finden Sie HIER.<\/p>\n<p data-start=\"1892\" data-end=\"2047\">F&uuml;r den Monat Mai haben wir den Flugplan im beigef&uuml;gten <strong><a href=\"https:\/\/malin-krk.com\/wp-content\/uploads\/2025\/07\/RED-LETENJA-KOLOVOZ-25.pdf\">FLUGPLAN 25. AUGUST<\/a><\/strong>&nbsp;vorbereitet, in dem Sie alle Details zu Linienfl&uuml;gen und Landezeiten finden.<\/p>\n<p data-start=\"2049\" data-end=\"2199\">Nach Ihrer Ankunft am Flughafen erreichen Sie das Hotel in etwa 20 Minuten &ndash; mit dem Taxi, einem Mietwagen oder dem <a href=\"https:\/\/malin-krk.com\/wp-content\/uploads\/2025\/05\/TIMETABLE-SHUTTLE-BUS-JUNE-2025.pdf\">TIMETABLE SHUTTLE BUS JUNE 2025<\/a><\/p>\n<\/body><\/html>\n","protected":false},"excerpt":{"rendered":"<p>Die Insel Krk &ndash; verbunden durch die Krk-Br&uuml;cke &ndash; ist die gr&ouml;&szlig;te Insel der Adria. Sie besteht aus sieben historischen St&auml;dten &ndash; Krk, Ba&scaron;ka, Vrbnik, Dobrinj, Malinska, Omi&scaron;alj und Njivice &ndash; mit Frankopan-Festungen, alten Kirchen und Trockenmauern. Probieren Sie lokale Spezialit&auml;ten: luftgetrockneter Schinken, Oliven&ouml;l, K&auml;se, getrocknete Feigen, Honig und Schnaps. Genie&szlig;en Sie Sand- und Kiesstr&auml;nde, [&hellip;]<\/p>\n","protected":false},"author":3,"featured_media":5371,"parent":3907,"menu_order":0,"comment_status":"closed","ping_status":"closed","template":"","meta":{"_acf_changed":false,"footnotes":""},"class_list":["post-3155","page","type-page","status-publish","has-post-thumbnail","hentry"],"acf":[],"yoast_head":"<!-- This site is optimized with the Yoast SEO plugin v27.5 - https:\/\/yoast.com\/product\/yoast-seo-wordpress\/ -->\n<title>Entdecken Sie alles, was die sch\u00f6ne Insel Krk Ihnen bietet<\/title>\n<meta name=\"description\" content=\"Die Insel Krk oder die \u201egoldene Insel\u201c, verbindet eine 1000-j\u00e4hrige Geschichte mit viel Qualit\u00e4t, und tollem \u00d6no-Gastroangebot basierenden Tourismusangebot.\" \/>\n<meta name=\"robots\" content=\"index, follow, max-snippet:-1, max-image-preview:large, max-video-preview:-1\" \/>\n<link rel=\"canonical\" href=\"https:\/\/malin-krk.com\/de\/ueber-das-reiseziel\/die-insel-krk\/\" \/>\n<meta property=\"og:locale\" content=\"de_DE\" \/>\n<meta property=\"og:type\" content=\"article\" \/>\n<meta property=\"og:title\" content=\"Entdecken Sie alles, was die sch\u00f6ne Insel Krk Ihnen bietet\" \/>\n<meta property=\"og:description\" content=\"Die Insel Krk oder die \u201egoldene Insel\u201c, verbindet eine 1000-j\u00e4hrige Geschichte mit viel Qualit\u00e4t, und tollem \u00d6no-Gastroangebot basierenden Tourismusangebot.\" \/>\n<meta property=\"og:url\" content=\"https:\/\/malin-krk.com\/de\/ueber-das-reiseziel\/die-insel-krk\/\" \/>\n<meta property=\"og:site_name\" content=\"Malin Krk\" \/>\n<meta property=\"article:publisher\" content=\"https:\/\/www.facebook.com\/hotelmalin\/\" \/>\n<meta property=\"article:modified_time\" content=\"2025-07-18T12:57:30+00:00\" \/>\n<meta property=\"og:image\" content=\"https:\/\/malin-krk.com\/wp-content\/uploads\/2018\/08\/most.jpg\" \/>\n\t<meta property=\"og:image:width\" content=\"848\" \/>\n\t<meta property=\"og:image:height\" content=\"566\" \/>\n\t<meta property=\"og:image:type\" content=\"image\/jpeg\" \/>\n<meta name=\"twitter:card\" content=\"summary_large_image\" \/>\n<script type=\"application\/ld+json\" class=\"yoast-schema-graph\">{\"@context\":\"https:\\\/\\\/schema.org\",\"@graph\":[{\"@type\":\"WebPage\",\"@id\":\"https:\\\/\\\/malin-krk.com\\\/de\\\/ueber-das-reiseziel\\\/die-insel-krk\\\/\",\"url\":\"https:\\\/\\\/malin-krk.com\\\/de\\\/ueber-das-reiseziel\\\/die-insel-krk\\\/\",\"name\":\"Entdecken Sie alles, was die sch\u00f6ne Insel Krk Ihnen bietet\",\"isPartOf\":{\"@id\":\"https:\\\/\\\/malin-krk.com\\\/#website\"},\"primaryImageOfPage\":{\"@id\":\"https:\\\/\\\/malin-krk.com\\\/de\\\/ueber-das-reiseziel\\\/die-insel-krk\\\/#primaryimage\"},\"image\":{\"@id\":\"https:\\\/\\\/malin-krk.com\\\/de\\\/ueber-das-reiseziel\\\/die-insel-krk\\\/#primaryimage\"},\"thumbnailUrl\":\"https:\\\/\\\/malin-krk.com\\\/wp-content\\\/uploads\\\/2018\\\/08\\\/most.jpg\",\"datePublished\":\"2018-03-31T15:30:47+00:00\",\"dateModified\":\"2025-07-18T12:57:30+00:00\",\"description\":\"Die Insel Krk oder die \u201egoldene Insel\u201c, verbindet eine 1000-j\u00e4hrige Geschichte mit viel Qualit\u00e4t, und tollem \u00d6no-Gastroangebot basierenden Tourismusangebot.\",\"breadcrumb\":{\"@id\":\"https:\\\/\\\/malin-krk.com\\\/de\\\/ueber-das-reiseziel\\\/die-insel-krk\\\/#breadcrumb\"},\"inLanguage\":\"de\",\"potentialAction\":[{\"@type\":\"ReadAction\",\"target\":[\"https:\\\/\\\/malin-krk.com\\\/de\\\/ueber-das-reiseziel\\\/die-insel-krk\\\/\"]}]},{\"@type\":\"ImageObject\",\"inLanguage\":\"de\",\"@id\":\"https:\\\/\\\/malin-krk.com\\\/de\\\/ueber-das-reiseziel\\\/die-insel-krk\\\/#primaryimage\",\"url\":\"https:\\\/\\\/malin-krk.com\\\/wp-content\\\/uploads\\\/2018\\\/08\\\/most.jpg\",\"contentUrl\":\"https:\\\/\\\/malin-krk.com\\\/wp-content\\\/uploads\\\/2018\\\/08\\\/most.jpg\",\"width\":848,\"height\":566},{\"@type\":\"BreadcrumbList\",\"@id\":\"https:\\\/\\\/malin-krk.com\\\/de\\\/ueber-das-reiseziel\\\/die-insel-krk\\\/#breadcrumb\",\"itemListElement\":[{\"@type\":\"ListItem\",\"position\":1,\"name\":\"Home\",\"item\":\"https:\\\/\\\/malin-krk.com\\\/de\\\/\"},{\"@type\":\"ListItem\",\"position\":2,\"name\":\"\u00dcber das Reiseziel\",\"item\":\"https:\\\/\\\/malin-krk.com\\\/de\\\/ueber-das-reiseziel\\\/\"},{\"@type\":\"ListItem\",\"position\":3,\"name\":\"Die Insel Krk\"}]},{\"@type\":\"WebSite\",\"@id\":\"https:\\\/\\\/malin-krk.com\\\/#website\",\"url\":\"https:\\\/\\\/malin-krk.com\\\/\",\"name\":\"Malin Krk\",\"description\":\"\",\"publisher\":{\"@id\":\"https:\\\/\\\/malin-krk.com\\\/#organization\"},\"potentialAction\":[{\"@type\":\"SearchAction\",\"target\":{\"@type\":\"EntryPoint\",\"urlTemplate\":\"https:\\\/\\\/malin-krk.com\\\/?s={search_term_string}\"},\"query-input\":{\"@type\":\"PropertyValueSpecification\",\"valueRequired\":true,\"valueName\":\"search_term_string\"}}],\"inLanguage\":\"de\"},{\"@type\":\"Organization\",\"@id\":\"https:\\\/\\\/malin-krk.com\\\/#organization\",\"name\":\"Malin Krk\",\"url\":\"https:\\\/\\\/malin-krk.com\\\/\",\"logo\":{\"@type\":\"ImageObject\",\"inLanguage\":\"de\",\"@id\":\"https:\\\/\\\/malin-krk.com\\\/#\\\/schema\\\/logo\\\/image\\\/\",\"url\":\"https:\\\/\\\/malin-krk.com\\\/wp-content\\\/uploads\\\/2024\\\/02\\\/malin-logo.jpg\",\"contentUrl\":\"https:\\\/\\\/malin-krk.com\\\/wp-content\\\/uploads\\\/2024\\\/02\\\/malin-logo.jpg\",\"width\":280,\"height\":96,\"caption\":\"Malin Krk\"},\"image\":{\"@id\":\"https:\\\/\\\/malin-krk.com\\\/#\\\/schema\\\/logo\\\/image\\\/\"},\"sameAs\":[\"https:\\\/\\\/www.facebook.com\\\/hotelmalin\\\/\"]}]}<\/script>\n<!-- \/ Yoast SEO plugin. -->","yoast_head_json":{"title":"Entdecken Sie alles, was die sch\u00f6ne Insel Krk Ihnen bietet","description":"Die Insel Krk oder die \u201egoldene Insel\u201c, verbindet eine 1000-j\u00e4hrige Geschichte mit viel Qualit\u00e4t, und tollem \u00d6no-Gastroangebot basierenden Tourismusangebot.","robots":{"index":"index","follow":"follow","max-snippet":"max-snippet:-1","max-image-preview":"max-image-preview:large","max-video-preview":"max-video-preview:-1"},"canonical":"https:\/\/malin-krk.com\/de\/ueber-das-reiseziel\/die-insel-krk\/","og_locale":"de_DE","og_type":"article","og_title":"Entdecken Sie alles, was die sch\u00f6ne Insel Krk Ihnen bietet","og_description":"Die Insel Krk oder die \u201egoldene Insel\u201c, verbindet eine 1000-j\u00e4hrige Geschichte mit viel Qualit\u00e4t, und tollem \u00d6no-Gastroangebot basierenden Tourismusangebot.","og_url":"https:\/\/malin-krk.com\/de\/ueber-das-reiseziel\/die-insel-krk\/","og_site_name":"Malin Krk","article_publisher":"https:\/\/www.facebook.com\/hotelmalin\/","article_modified_time":"2025-07-18T12:57:30+00:00","og_image":[{"width":848,"height":566,"url":"https:\/\/malin-krk.com\/wp-content\/uploads\/2018\/08\/most.jpg","type":"image\/jpeg"}],"twitter_card":"summary_large_image","schema":{"@context":"https:\/\/schema.org","@graph":[{"@type":"WebPage","@id":"https:\/\/malin-krk.com\/de\/ueber-das-reiseziel\/die-insel-krk\/","url":"https:\/\/malin-krk.com\/de\/ueber-das-reiseziel\/die-insel-krk\/","name":"Entdecken Sie alles, was die sch\u00f6ne Insel Krk Ihnen bietet","isPartOf":{"@id":"https:\/\/malin-krk.com\/#website"},"primaryImageOfPage":{"@id":"https:\/\/malin-krk.com\/de\/ueber-das-reiseziel\/die-insel-krk\/#primaryimage"},"image":{"@id":"https:\/\/malin-krk.com\/de\/ueber-das-reiseziel\/die-insel-krk\/#primaryimage"},"thumbnailUrl":"https:\/\/malin-krk.com\/wp-content\/uploads\/2018\/08\/most.jpg","datePublished":"2018-03-31T15:30:47+00:00","dateModified":"2025-07-18T12:57:30+00:00","description":"Die Insel Krk oder die \u201egoldene Insel\u201c, verbindet eine 1000-j\u00e4hrige Geschichte mit viel Qualit\u00e4t, und tollem \u00d6no-Gastroangebot basierenden Tourismusangebot.","breadcrumb":{"@id":"https:\/\/malin-krk.com\/de\/ueber-das-reiseziel\/die-insel-krk\/#breadcrumb"},"inLanguage":"de","potentialAction":[{"@type":"ReadAction","target":["https:\/\/malin-krk.com\/de\/ueber-das-reiseziel\/die-insel-krk\/"]}]},{"@type":"ImageObject","inLanguage":"de","@id":"https:\/\/malin-krk.com\/de\/ueber-das-reiseziel\/die-insel-krk\/#primaryimage","url":"https:\/\/malin-krk.com\/wp-content\/uploads\/2018\/08\/most.jpg","contentUrl":"https:\/\/malin-krk.com\/wp-content\/uploads\/2018\/08\/most.jpg","width":848,"height":566},{"@type":"BreadcrumbList","@id":"https:\/\/malin-krk.com\/de\/ueber-das-reiseziel\/die-insel-krk\/#breadcrumb","itemListElement":[{"@type":"ListItem","position":1,"name":"Home","item":"https:\/\/malin-krk.com\/de\/"},{"@type":"ListItem","position":2,"name":"\u00dcber das Reiseziel","item":"https:\/\/malin-krk.com\/de\/ueber-das-reiseziel\/"},{"@type":"ListItem","position":3,"name":"Die Insel Krk"}]},{"@type":"WebSite","@id":"https:\/\/malin-krk.com\/#website","url":"https:\/\/malin-krk.com\/","name":"Malin Krk","description":"","publisher":{"@id":"https:\/\/malin-krk.com\/#organization"},"potentialAction":[{"@type":"SearchAction","target":{"@type":"EntryPoint","urlTemplate":"https:\/\/malin-krk.com\/?s={search_term_string}"},"query-input":{"@type":"PropertyValueSpecification","valueRequired":true,"valueName":"search_term_string"}}],"inLanguage":"de"},{"@type":"Organization","@id":"https:\/\/malin-krk.com\/#organization","name":"Malin Krk","url":"https:\/\/malin-krk.com\/","logo":{"@type":"ImageObject","inLanguage":"de","@id":"https:\/\/malin-krk.com\/#\/schema\/logo\/image\/","url":"https:\/\/malin-krk.com\/wp-content\/uploads\/2024\/02\/malin-logo.jpg","contentUrl":"https:\/\/malin-krk.com\/wp-content\/uploads\/2024\/02\/malin-logo.jpg","width":280,"height":96,"caption":"Malin Krk"},"image":{"@id":"https:\/\/malin-krk.com\/#\/schema\/logo\/image\/"},"sameAs":["https:\/\/www.facebook.com\/hotelmalin\/"]}]}},"_links":{"self":[{"href":"https:\/\/malin-krk.com\/de\/wp-json\/wp\/v2\/pages\/3155","targetHints":{"allow":["GET"]}}],"collection":[{"href":"https:\/\/malin-krk.com\/de\/wp-json\/wp\/v2\/pages"}],"about":[{"href":"https:\/\/malin-krk.com\/de\/wp-json\/wp\/v2\/types\/page"}],"author":[{"embeddable":true,"href":"https:\/\/malin-krk.com\/de\/wp-json\/wp\/v2\/users\/3"}],"replies":[{"embeddable":true,"href":"https:\/\/malin-krk.com\/de\/wp-json\/wp\/v2\/comments?post=3155"}],"version-history":[{"count":5,"href":"https:\/\/malin-krk.com\/de\/wp-json\/wp\/v2\/pages\/3155\/revisions"}],"predecessor-version":[{"id":33089,"href":"https:\/\/malin-krk.com\/de\/wp-json\/wp\/v2\/pages\/3155\/revisions\/33089"}],"up":[{"embeddable":true,"href":"https:\/\/malin-krk.com\/de\/wp-json\/wp\/v2\/pages\/3907"}],"wp:featuredmedia":[{"embeddable":true,"href":"https:\/\/malin-krk.com\/de\/wp-json\/wp\/v2\/media\/5371"}],"wp:attachment":[{"href":"https:\/\/malin-krk.com\/de\/wp-json\/wp\/v2\/media?parent=3155"}],"curies":[{"name":"wp","href":"https:\/\/api.w.org\/{rel}","templated":true}]}}