{"id":3143,"date":"2018-02-15T10:21:42","date_gmt":"2018-02-15T09:21:42","guid":{"rendered":"https:\/\/www.malin-krk.com\/_novo\/?page_id=3143"},"modified":"2020-10-12T09:15:26","modified_gmt":"2020-10-12T07:15:26","slug":"strand-rova","status":"publish","type":"page","link":"https:\/\/malin-krk.com\/de\/freizeit-und-erholung\/straende\/strand-rova\/","title":{"rendered":"Strand Rova"},"content":{"rendered":"<!DOCTYPE html PUBLIC \"-\/\/W3C\/\/DTD HTML 4.0 Transitional\/\/EN\" \"http:\/\/www.w3.org\/TR\/REC-html40\/loose.dtd\">\n<html><body><p>Der Strand Rova ist wahrscheinlich einer der sch&ouml;nsten Str&auml;nde in Malinska. Der Strand befindet sich in der Bucht Rova. Dieser nat&uuml;rliche Kiesstrand ist die ideale Wahl f&uuml;r Familien mit kleinen Kindern. Am Strand besteht die M&ouml;glichkeit zum Verleih von Liegen und Sonnenschirmen und er befindet sich in N&auml;he der Hotelbar. Der Strand Rova und das Hotel Malin sind durch eine 1,5 km Promenade verbunden.<\/p>\n<\/body><\/html>\n","protected":false},"excerpt":{"rendered":"<p>Der Strand Rova ist wahrscheinlich einer der sch&ouml;nsten Str&auml;nde in Malinska. Der Strand befindet sich in der Bucht Rova. Dieser nat&uuml;rliche Kiesstrand ist die ideale Wahl f&uuml;r Familien mit kleinen Kindern. Am Strand besteht die M&ouml;glichkeit zum Verleih von Liegen und Sonnenschirmen und er befindet sich in N&auml;he der Hotelbar. Der Strand Rova und das [&hellip;]<\/p>\n","protected":false},"author":3,"featured_media":17200,"parent":3137,"menu_order":2,"comment_status":"closed","ping_status":"closed","template":"","meta":{"_acf_changed":false,"footnotes":""},"class_list":["post-3143","page","type-page","status-publish","has-post-thumbnail","hentry"],"acf":[],"yoast_head":"<!-- This site is optimized with the Yoast SEO plugin v27.5 - https:\/\/yoast.com\/product\/yoast-seo-wordpress\/ -->\n<title>Strand Rova auf der Insel Krk - Malin Krk<\/title>\n<meta name=\"description\" content=\"Rova ist einer der sch\u00f6nsten Str\u00e4nde in Malinska: Der nat\u00fcrliche Kiesstrand bietet den Strandservice und ist perfekt f\u00fcr Erholung vom Alltagsstress.\" \/>\n<meta name=\"robots\" content=\"index, follow, max-snippet:-1, max-image-preview:large, max-video-preview:-1\" \/>\n<link rel=\"canonical\" href=\"https:\/\/malin-krk.com\/de\/freizeit-und-erholung\/straende\/strand-rova\/\" \/>\n<meta property=\"og:locale\" content=\"de_DE\" \/>\n<meta property=\"og:type\" content=\"article\" \/>\n<meta property=\"og:title\" content=\"Strand Rova auf der Insel Krk - Malin Krk\" \/>\n<meta property=\"og:description\" content=\"Rova ist einer der sch\u00f6nsten Str\u00e4nde in Malinska: Der nat\u00fcrliche Kiesstrand bietet den Strandservice und ist perfekt f\u00fcr Erholung vom Alltagsstress.\" \/>\n<meta property=\"og:url\" content=\"https:\/\/malin-krk.com\/de\/freizeit-und-erholung\/straende\/strand-rova\/\" \/>\n<meta property=\"og:site_name\" content=\"Malin Krk\" \/>\n<meta property=\"article:publisher\" content=\"https:\/\/www.facebook.com\/hotelmalin\/\" \/>\n<meta property=\"article:modified_time\" content=\"2020-10-12T07:15:26+00:00\" \/>\n<meta property=\"og:image\" content=\"https:\/\/malin-krk.com\/wp-content\/uploads\/2020\/02\/001-rova-003-1.jpg\" \/>\n\t<meta property=\"og:image:width\" content=\"1280\" \/>\n\t<meta property=\"og:image:height\" content=\"720\" \/>\n\t<meta property=\"og:image:type\" content=\"image\/jpeg\" \/>\n<meta name=\"twitter:card\" content=\"summary_large_image\" \/>\n<script type=\"application\/ld+json\" class=\"yoast-schema-graph\">{\"@context\":\"https:\\\/\\\/schema.org\",\"@graph\":[{\"@type\":\"WebPage\",\"@id\":\"https:\\\/\\\/malin-krk.com\\\/de\\\/freizeit-und-erholung\\\/straende\\\/strand-rova\\\/\",\"url\":\"https:\\\/\\\/malin-krk.com\\\/de\\\/freizeit-und-erholung\\\/straende\\\/strand-rova\\\/\",\"name\":\"Strand Rova auf der Insel Krk - Malin Krk\",\"isPartOf\":{\"@id\":\"https:\\\/\\\/malin-krk.com\\\/#website\"},\"primaryImageOfPage\":{\"@id\":\"https:\\\/\\\/malin-krk.com\\\/de\\\/freizeit-und-erholung\\\/straende\\\/strand-rova\\\/#primaryimage\"},\"image\":{\"@id\":\"https:\\\/\\\/malin-krk.com\\\/de\\\/freizeit-und-erholung\\\/straende\\\/strand-rova\\\/#primaryimage\"},\"thumbnailUrl\":\"https:\\\/\\\/malin-krk.com\\\/wp-content\\\/uploads\\\/2020\\\/02\\\/001-rova-003-1.jpg\",\"datePublished\":\"2018-02-15T09:21:42+00:00\",\"dateModified\":\"2020-10-12T07:15:26+00:00\",\"description\":\"Rova ist einer der sch\u00f6nsten Str\u00e4nde in Malinska: Der nat\u00fcrliche Kiesstrand bietet den Strandservice und ist perfekt f\u00fcr Erholung vom Alltagsstress.\",\"breadcrumb\":{\"@id\":\"https:\\\/\\\/malin-krk.com\\\/de\\\/freizeit-und-erholung\\\/straende\\\/strand-rova\\\/#breadcrumb\"},\"inLanguage\":\"de\",\"potentialAction\":[{\"@type\":\"ReadAction\",\"target\":[\"https:\\\/\\\/malin-krk.com\\\/de\\\/freizeit-und-erholung\\\/straende\\\/strand-rova\\\/\"]}]},{\"@type\":\"ImageObject\",\"inLanguage\":\"de\",\"@id\":\"https:\\\/\\\/malin-krk.com\\\/de\\\/freizeit-und-erholung\\\/straende\\\/strand-rova\\\/#primaryimage\",\"url\":\"https:\\\/\\\/malin-krk.com\\\/wp-content\\\/uploads\\\/2020\\\/02\\\/001-rova-003-1.jpg\",\"contentUrl\":\"https:\\\/\\\/malin-krk.com\\\/wp-content\\\/uploads\\\/2020\\\/02\\\/001-rova-003-1.jpg\",\"width\":1280,\"height\":720},{\"@type\":\"BreadcrumbList\",\"@id\":\"https:\\\/\\\/malin-krk.com\\\/de\\\/freizeit-und-erholung\\\/straende\\\/strand-rova\\\/#breadcrumb\",\"itemListElement\":[{\"@type\":\"ListItem\",\"position\":1,\"name\":\"Home\",\"item\":\"https:\\\/\\\/malin-krk.com\\\/de\\\/\"},{\"@type\":\"ListItem\",\"position\":2,\"name\":\"Freizeit und Erholung\",\"item\":\"https:\\\/\\\/malin-krk.com\\\/de\\\/freizeit-und-erholung\\\/\"},{\"@type\":\"ListItem\",\"position\":3,\"name\":\"Str\u00e4nde\",\"item\":\"https:\\\/\\\/malin-krk.com\\\/de\\\/freizeit-und-erholung\\\/straende\\\/\"},{\"@type\":\"ListItem\",\"position\":4,\"name\":\"Strand Rova\"}]},{\"@type\":\"WebSite\",\"@id\":\"https:\\\/\\\/malin-krk.com\\\/#website\",\"url\":\"https:\\\/\\\/malin-krk.com\\\/\",\"name\":\"Malin Krk\",\"description\":\"\",\"publisher\":{\"@id\":\"https:\\\/\\\/malin-krk.com\\\/#organization\"},\"potentialAction\":[{\"@type\":\"SearchAction\",\"target\":{\"@type\":\"EntryPoint\",\"urlTemplate\":\"https:\\\/\\\/malin-krk.com\\\/?s={search_term_string}\"},\"query-input\":{\"@type\":\"PropertyValueSpecification\",\"valueRequired\":true,\"valueName\":\"search_term_string\"}}],\"inLanguage\":\"de\"},{\"@type\":\"Organization\",\"@id\":\"https:\\\/\\\/malin-krk.com\\\/#organization\",\"name\":\"Malin Krk\",\"url\":\"https:\\\/\\\/malin-krk.com\\\/\",\"logo\":{\"@type\":\"ImageObject\",\"inLanguage\":\"de\",\"@id\":\"https:\\\/\\\/malin-krk.com\\\/#\\\/schema\\\/logo\\\/image\\\/\",\"url\":\"https:\\\/\\\/malin-krk.com\\\/wp-content\\\/uploads\\\/2024\\\/02\\\/malin-logo.jpg\",\"contentUrl\":\"https:\\\/\\\/malin-krk.com\\\/wp-content\\\/uploads\\\/2024\\\/02\\\/malin-logo.jpg\",\"width\":280,\"height\":96,\"caption\":\"Malin Krk\"},\"image\":{\"@id\":\"https:\\\/\\\/malin-krk.com\\\/#\\\/schema\\\/logo\\\/image\\\/\"},\"sameAs\":[\"https:\\\/\\\/www.facebook.com\\\/hotelmalin\\\/\"]}]}<\/script>\n<!-- \/ Yoast SEO plugin. -->","yoast_head_json":{"title":"Strand Rova auf der Insel Krk - Malin Krk","description":"Rova ist einer der sch\u00f6nsten Str\u00e4nde in Malinska: Der nat\u00fcrliche Kiesstrand bietet den Strandservice und ist perfekt f\u00fcr Erholung vom Alltagsstress.","robots":{"index":"index","follow":"follow","max-snippet":"max-snippet:-1","max-image-preview":"max-image-preview:large","max-video-preview":"max-video-preview:-1"},"canonical":"https:\/\/malin-krk.com\/de\/freizeit-und-erholung\/straende\/strand-rova\/","og_locale":"de_DE","og_type":"article","og_title":"Strand Rova auf der Insel Krk - Malin Krk","og_description":"Rova ist einer der sch\u00f6nsten Str\u00e4nde in Malinska: Der nat\u00fcrliche Kiesstrand bietet den Strandservice und ist perfekt f\u00fcr Erholung vom Alltagsstress.","og_url":"https:\/\/malin-krk.com\/de\/freizeit-und-erholung\/straende\/strand-rova\/","og_site_name":"Malin Krk","article_publisher":"https:\/\/www.facebook.com\/hotelmalin\/","article_modified_time":"2020-10-12T07:15:26+00:00","og_image":[{"width":1280,"height":720,"url":"https:\/\/malin-krk.com\/wp-content\/uploads\/2020\/02\/001-rova-003-1.jpg","type":"image\/jpeg"}],"twitter_card":"summary_large_image","schema":{"@context":"https:\/\/schema.org","@graph":[{"@type":"WebPage","@id":"https:\/\/malin-krk.com\/de\/freizeit-und-erholung\/straende\/strand-rova\/","url":"https:\/\/malin-krk.com\/de\/freizeit-und-erholung\/straende\/strand-rova\/","name":"Strand Rova auf der Insel Krk - Malin Krk","isPartOf":{"@id":"https:\/\/malin-krk.com\/#website"},"primaryImageOfPage":{"@id":"https:\/\/malin-krk.com\/de\/freizeit-und-erholung\/straende\/strand-rova\/#primaryimage"},"image":{"@id":"https:\/\/malin-krk.com\/de\/freizeit-und-erholung\/straende\/strand-rova\/#primaryimage"},"thumbnailUrl":"https:\/\/malin-krk.com\/wp-content\/uploads\/2020\/02\/001-rova-003-1.jpg","datePublished":"2018-02-15T09:21:42+00:00","dateModified":"2020-10-12T07:15:26+00:00","description":"Rova ist einer der sch\u00f6nsten Str\u00e4nde in Malinska: Der nat\u00fcrliche Kiesstrand bietet den Strandservice und ist perfekt f\u00fcr Erholung vom Alltagsstress.","breadcrumb":{"@id":"https:\/\/malin-krk.com\/de\/freizeit-und-erholung\/straende\/strand-rova\/#breadcrumb"},"inLanguage":"de","potentialAction":[{"@type":"ReadAction","target":["https:\/\/malin-krk.com\/de\/freizeit-und-erholung\/straende\/strand-rova\/"]}]},{"@type":"ImageObject","inLanguage":"de","@id":"https:\/\/malin-krk.com\/de\/freizeit-und-erholung\/straende\/strand-rova\/#primaryimage","url":"https:\/\/malin-krk.com\/wp-content\/uploads\/2020\/02\/001-rova-003-1.jpg","contentUrl":"https:\/\/malin-krk.com\/wp-content\/uploads\/2020\/02\/001-rova-003-1.jpg","width":1280,"height":720},{"@type":"BreadcrumbList","@id":"https:\/\/malin-krk.com\/de\/freizeit-und-erholung\/straende\/strand-rova\/#breadcrumb","itemListElement":[{"@type":"ListItem","position":1,"name":"Home","item":"https:\/\/malin-krk.com\/de\/"},{"@type":"ListItem","position":2,"name":"Freizeit und Erholung","item":"https:\/\/malin-krk.com\/de\/freizeit-und-erholung\/"},{"@type":"ListItem","position":3,"name":"Str\u00e4nde","item":"https:\/\/malin-krk.com\/de\/freizeit-und-erholung\/straende\/"},{"@type":"ListItem","position":4,"name":"Strand Rova"}]},{"@type":"WebSite","@id":"https:\/\/malin-krk.com\/#website","url":"https:\/\/malin-krk.com\/","name":"Malin Krk","description":"","publisher":{"@id":"https:\/\/malin-krk.com\/#organization"},"potentialAction":[{"@type":"SearchAction","target":{"@type":"EntryPoint","urlTemplate":"https:\/\/malin-krk.com\/?s={search_term_string}"},"query-input":{"@type":"PropertyValueSpecification","valueRequired":true,"valueName":"search_term_string"}}],"inLanguage":"de"},{"@type":"Organization","@id":"https:\/\/malin-krk.com\/#organization","name":"Malin Krk","url":"https:\/\/malin-krk.com\/","logo":{"@type":"ImageObject","inLanguage":"de","@id":"https:\/\/malin-krk.com\/#\/schema\/logo\/image\/","url":"https:\/\/malin-krk.com\/wp-content\/uploads\/2024\/02\/malin-logo.jpg","contentUrl":"https:\/\/malin-krk.com\/wp-content\/uploads\/2024\/02\/malin-logo.jpg","width":280,"height":96,"caption":"Malin Krk"},"image":{"@id":"https:\/\/malin-krk.com\/#\/schema\/logo\/image\/"},"sameAs":["https:\/\/www.facebook.com\/hotelmalin\/"]}]}},"_links":{"self":[{"href":"https:\/\/malin-krk.com\/de\/wp-json\/wp\/v2\/pages\/3143","targetHints":{"allow":["GET"]}}],"collection":[{"href":"https:\/\/malin-krk.com\/de\/wp-json\/wp\/v2\/pages"}],"about":[{"href":"https:\/\/malin-krk.com\/de\/wp-json\/wp\/v2\/types\/page"}],"author":[{"embeddable":true,"href":"https:\/\/malin-krk.com\/de\/wp-json\/wp\/v2\/users\/3"}],"replies":[{"embeddable":true,"href":"https:\/\/malin-krk.com\/de\/wp-json\/wp\/v2\/comments?post=3143"}],"version-history":[{"count":3,"href":"https:\/\/malin-krk.com\/de\/wp-json\/wp\/v2\/pages\/3143\/revisions"}],"predecessor-version":[{"id":19734,"href":"https:\/\/malin-krk.com\/de\/wp-json\/wp\/v2\/pages\/3143\/revisions\/19734"}],"up":[{"embeddable":true,"href":"https:\/\/malin-krk.com\/de\/wp-json\/wp\/v2\/pages\/3137"}],"wp:featuredmedia":[{"embeddable":true,"href":"https:\/\/malin-krk.com\/de\/wp-json\/wp\/v2\/media\/17200"}],"wp:attachment":[{"href":"https:\/\/malin-krk.com\/de\/wp-json\/wp\/v2\/media?parent=3143"}],"curies":[{"name":"wp","href":"https:\/\/api.w.org\/{rel}","templated":true}]}}