{"id":3137,"date":"2018-02-15T10:19:55","date_gmt":"2018-02-15T09:19:55","guid":{"rendered":"https:\/\/www.malin-krk.com\/_novo\/?page_id=3137"},"modified":"2018-09-03T08:40:01","modified_gmt":"2018-09-03T06:40:01","slug":"straende","status":"publish","type":"page","link":"https:\/\/malin-krk.com\/de\/freizeit-und-erholung\/straende\/","title":{"rendered":"Str\u00e4nde"},"content":{"rendered":"<!DOCTYPE html PUBLIC \"-\/\/W3C\/\/DTD HTML 4.0 Transitional\/\/EN\" \"http:\/\/www.w3.org\/TR\/REC-html40\/loose.dtd\">\n<html><body><p class=\"margin-bottom-40px\">Unabh&auml;ngig davon, ob Sie mehr eingerichtete Str&auml;nde mit einer F&uuml;lle an Inhalten oder wilde, felsige duftende Klippen lieben, die Str&auml;nde auf der Insel Krk sind sauber und unber&uuml;hrt und das Meer kristallklar. Im Hotel Malin sind Sie nur einen Schritt vom azurblauen Adriameer entfernt. Sie werden bereits zum Fr&uuml;hst&uuml;ck und Morgenkaffe den Blick auf das weite Meer genie&szlig;en, welcher Sie ganz bis zur Abendd&auml;mmerung und zum Sonnenuntergang begleitet.<\/p>\n<\/body><\/html>\n","protected":false},"excerpt":{"rendered":"<p>Unabh&auml;ngig davon, ob Sie mehr eingerichtete Str&auml;nde mit einer F&uuml;lle an Inhalten oder wilde, felsige duftende Klippen lieben, die Str&auml;nde auf der Insel Krk sind sauber und unber&uuml;hrt und das Meer kristallklar. Im Hotel Malin sind Sie nur einen Schritt vom azurblauen Adriameer entfernt. Sie werden bereits zum Fr&uuml;hst&uuml;ck und Morgenkaffe den Blick auf das [&hellip;]<\/p>\n","protected":false},"author":3,"featured_media":5041,"parent":3117,"menu_order":3,"comment_status":"closed","ping_status":"closed","template":"page-full-width-alternate-posts.php","meta":{"_acf_changed":false,"footnotes":""},"class_list":["post-3137","page","type-page","status-publish","has-post-thumbnail","hentry"],"acf":[],"yoast_head":"<!-- This site is optimized with the Yoast SEO plugin v27.5 - https:\/\/yoast.com\/product\/yoast-seo-wordpress\/ -->\n<title>Str\u00e4nde auf der Insel Krk f\u00fcr einen perfekten Urlaub<\/title>\n<meta name=\"description\" content=\"Egal welche Art vom Strand f\u00fcr Sie die ideale ist, werden Sie vom Angebot auf der Insel Krk \u00fcberzeugt sein. Entdecken Sie die Str\u00e4nde der Insel Krk!\" \/>\n<meta name=\"robots\" content=\"index, follow, max-snippet:-1, max-image-preview:large, max-video-preview:-1\" \/>\n<link rel=\"canonical\" href=\"https:\/\/malin-krk.com\/de\/freizeit-und-erholung\/straende\/\" \/>\n<meta property=\"og:locale\" content=\"de_DE\" \/>\n<meta property=\"og:type\" content=\"article\" \/>\n<meta property=\"og:title\" content=\"Str\u00e4nde auf der Insel Krk f\u00fcr einen perfekten Urlaub\" \/>\n<meta property=\"og:description\" content=\"Egal welche Art vom Strand f\u00fcr Sie die ideale ist, werden Sie vom Angebot auf der Insel Krk \u00fcberzeugt sein. Entdecken Sie die Str\u00e4nde der Insel Krk!\" \/>\n<meta property=\"og:url\" content=\"https:\/\/malin-krk.com\/de\/freizeit-und-erholung\/straende\/\" \/>\n<meta property=\"og:site_name\" content=\"Malin Krk\" \/>\n<meta property=\"article:publisher\" content=\"https:\/\/www.facebook.com\/hotelmalin\/\" \/>\n<meta property=\"article:modified_time\" content=\"2018-09-03T06:40:01+00:00\" \/>\n<meta property=\"og:image\" content=\"https:\/\/malin-krk.com\/wp-content\/uploads\/2018\/08\/Hotel-Malin-Beach-136-1024x683.jpg\" \/>\n\t<meta property=\"og:image:width\" content=\"1024\" \/>\n\t<meta property=\"og:image:height\" content=\"683\" \/>\n\t<meta property=\"og:image:type\" content=\"image\/jpeg\" \/>\n<meta name=\"twitter:card\" content=\"summary_large_image\" \/>\n<script type=\"application\/ld+json\" class=\"yoast-schema-graph\">{\"@context\":\"https:\\\/\\\/schema.org\",\"@graph\":[{\"@type\":\"WebPage\",\"@id\":\"https:\\\/\\\/malin-krk.com\\\/de\\\/freizeit-und-erholung\\\/straende\\\/\",\"url\":\"https:\\\/\\\/malin-krk.com\\\/de\\\/freizeit-und-erholung\\\/straende\\\/\",\"name\":\"Str\u00e4nde auf der Insel Krk f\u00fcr einen perfekten Urlaub\",\"isPartOf\":{\"@id\":\"https:\\\/\\\/malin-krk.com\\\/#website\"},\"primaryImageOfPage\":{\"@id\":\"https:\\\/\\\/malin-krk.com\\\/de\\\/freizeit-und-erholung\\\/straende\\\/#primaryimage\"},\"image\":{\"@id\":\"https:\\\/\\\/malin-krk.com\\\/de\\\/freizeit-und-erholung\\\/straende\\\/#primaryimage\"},\"thumbnailUrl\":\"https:\\\/\\\/malin-krk.com\\\/wp-content\\\/uploads\\\/2018\\\/08\\\/Hotel-Malin-Beach-136.jpg\",\"datePublished\":\"2018-02-15T09:19:55+00:00\",\"dateModified\":\"2018-09-03T06:40:01+00:00\",\"description\":\"Egal welche Art vom Strand f\u00fcr Sie die ideale ist, werden Sie vom Angebot auf der Insel Krk \u00fcberzeugt sein. Entdecken Sie die Str\u00e4nde der Insel Krk!\",\"breadcrumb\":{\"@id\":\"https:\\\/\\\/malin-krk.com\\\/de\\\/freizeit-und-erholung\\\/straende\\\/#breadcrumb\"},\"inLanguage\":\"de\",\"potentialAction\":[{\"@type\":\"ReadAction\",\"target\":[\"https:\\\/\\\/malin-krk.com\\\/de\\\/freizeit-und-erholung\\\/straende\\\/\"]}]},{\"@type\":\"ImageObject\",\"inLanguage\":\"de\",\"@id\":\"https:\\\/\\\/malin-krk.com\\\/de\\\/freizeit-und-erholung\\\/straende\\\/#primaryimage\",\"url\":\"https:\\\/\\\/malin-krk.com\\\/wp-content\\\/uploads\\\/2018\\\/08\\\/Hotel-Malin-Beach-136.jpg\",\"contentUrl\":\"https:\\\/\\\/malin-krk.com\\\/wp-content\\\/uploads\\\/2018\\\/08\\\/Hotel-Malin-Beach-136.jpg\",\"width\":5472,\"height\":3648},{\"@type\":\"BreadcrumbList\",\"@id\":\"https:\\\/\\\/malin-krk.com\\\/de\\\/freizeit-und-erholung\\\/straende\\\/#breadcrumb\",\"itemListElement\":[{\"@type\":\"ListItem\",\"position\":1,\"name\":\"Home\",\"item\":\"https:\\\/\\\/malin-krk.com\\\/de\\\/\"},{\"@type\":\"ListItem\",\"position\":2,\"name\":\"Freizeit und Erholung\",\"item\":\"https:\\\/\\\/malin-krk.com\\\/de\\\/freizeit-und-erholung\\\/\"},{\"@type\":\"ListItem\",\"position\":3,\"name\":\"Str\u00e4nde\"}]},{\"@type\":\"WebSite\",\"@id\":\"https:\\\/\\\/malin-krk.com\\\/#website\",\"url\":\"https:\\\/\\\/malin-krk.com\\\/\",\"name\":\"Malin Krk\",\"description\":\"\",\"publisher\":{\"@id\":\"https:\\\/\\\/malin-krk.com\\\/#organization\"},\"potentialAction\":[{\"@type\":\"SearchAction\",\"target\":{\"@type\":\"EntryPoint\",\"urlTemplate\":\"https:\\\/\\\/malin-krk.com\\\/?s={search_term_string}\"},\"query-input\":{\"@type\":\"PropertyValueSpecification\",\"valueRequired\":true,\"valueName\":\"search_term_string\"}}],\"inLanguage\":\"de\"},{\"@type\":\"Organization\",\"@id\":\"https:\\\/\\\/malin-krk.com\\\/#organization\",\"name\":\"Malin Krk\",\"url\":\"https:\\\/\\\/malin-krk.com\\\/\",\"logo\":{\"@type\":\"ImageObject\",\"inLanguage\":\"de\",\"@id\":\"https:\\\/\\\/malin-krk.com\\\/#\\\/schema\\\/logo\\\/image\\\/\",\"url\":\"https:\\\/\\\/malin-krk.com\\\/wp-content\\\/uploads\\\/2024\\\/02\\\/malin-logo.jpg\",\"contentUrl\":\"https:\\\/\\\/malin-krk.com\\\/wp-content\\\/uploads\\\/2024\\\/02\\\/malin-logo.jpg\",\"width\":280,\"height\":96,\"caption\":\"Malin Krk\"},\"image\":{\"@id\":\"https:\\\/\\\/malin-krk.com\\\/#\\\/schema\\\/logo\\\/image\\\/\"},\"sameAs\":[\"https:\\\/\\\/www.facebook.com\\\/hotelmalin\\\/\"]}]}<\/script>\n<!-- \/ Yoast SEO plugin. -->","yoast_head_json":{"title":"Str\u00e4nde auf der Insel Krk f\u00fcr einen perfekten Urlaub","description":"Egal welche Art vom Strand f\u00fcr Sie die ideale ist, werden Sie vom Angebot auf der Insel Krk \u00fcberzeugt sein. Entdecken Sie die Str\u00e4nde der Insel Krk!","robots":{"index":"index","follow":"follow","max-snippet":"max-snippet:-1","max-image-preview":"max-image-preview:large","max-video-preview":"max-video-preview:-1"},"canonical":"https:\/\/malin-krk.com\/de\/freizeit-und-erholung\/straende\/","og_locale":"de_DE","og_type":"article","og_title":"Str\u00e4nde auf der Insel Krk f\u00fcr einen perfekten Urlaub","og_description":"Egal welche Art vom Strand f\u00fcr Sie die ideale ist, werden Sie vom Angebot auf der Insel Krk \u00fcberzeugt sein. Entdecken Sie die Str\u00e4nde der Insel Krk!","og_url":"https:\/\/malin-krk.com\/de\/freizeit-und-erholung\/straende\/","og_site_name":"Malin Krk","article_publisher":"https:\/\/www.facebook.com\/hotelmalin\/","article_modified_time":"2018-09-03T06:40:01+00:00","og_image":[{"width":1024,"height":683,"url":"https:\/\/malin-krk.com\/wp-content\/uploads\/2018\/08\/Hotel-Malin-Beach-136-1024x683.jpg","type":"image\/jpeg"}],"twitter_card":"summary_large_image","schema":{"@context":"https:\/\/schema.org","@graph":[{"@type":"WebPage","@id":"https:\/\/malin-krk.com\/de\/freizeit-und-erholung\/straende\/","url":"https:\/\/malin-krk.com\/de\/freizeit-und-erholung\/straende\/","name":"Str\u00e4nde auf der Insel Krk f\u00fcr einen perfekten Urlaub","isPartOf":{"@id":"https:\/\/malin-krk.com\/#website"},"primaryImageOfPage":{"@id":"https:\/\/malin-krk.com\/de\/freizeit-und-erholung\/straende\/#primaryimage"},"image":{"@id":"https:\/\/malin-krk.com\/de\/freizeit-und-erholung\/straende\/#primaryimage"},"thumbnailUrl":"https:\/\/malin-krk.com\/wp-content\/uploads\/2018\/08\/Hotel-Malin-Beach-136.jpg","datePublished":"2018-02-15T09:19:55+00:00","dateModified":"2018-09-03T06:40:01+00:00","description":"Egal welche Art vom Strand f\u00fcr Sie die ideale ist, werden Sie vom Angebot auf der Insel Krk \u00fcberzeugt sein. Entdecken Sie die Str\u00e4nde der Insel Krk!","breadcrumb":{"@id":"https:\/\/malin-krk.com\/de\/freizeit-und-erholung\/straende\/#breadcrumb"},"inLanguage":"de","potentialAction":[{"@type":"ReadAction","target":["https:\/\/malin-krk.com\/de\/freizeit-und-erholung\/straende\/"]}]},{"@type":"ImageObject","inLanguage":"de","@id":"https:\/\/malin-krk.com\/de\/freizeit-und-erholung\/straende\/#primaryimage","url":"https:\/\/malin-krk.com\/wp-content\/uploads\/2018\/08\/Hotel-Malin-Beach-136.jpg","contentUrl":"https:\/\/malin-krk.com\/wp-content\/uploads\/2018\/08\/Hotel-Malin-Beach-136.jpg","width":5472,"height":3648},{"@type":"BreadcrumbList","@id":"https:\/\/malin-krk.com\/de\/freizeit-und-erholung\/straende\/#breadcrumb","itemListElement":[{"@type":"ListItem","position":1,"name":"Home","item":"https:\/\/malin-krk.com\/de\/"},{"@type":"ListItem","position":2,"name":"Freizeit und Erholung","item":"https:\/\/malin-krk.com\/de\/freizeit-und-erholung\/"},{"@type":"ListItem","position":3,"name":"Str\u00e4nde"}]},{"@type":"WebSite","@id":"https:\/\/malin-krk.com\/#website","url":"https:\/\/malin-krk.com\/","name":"Malin Krk","description":"","publisher":{"@id":"https:\/\/malin-krk.com\/#organization"},"potentialAction":[{"@type":"SearchAction","target":{"@type":"EntryPoint","urlTemplate":"https:\/\/malin-krk.com\/?s={search_term_string}"},"query-input":{"@type":"PropertyValueSpecification","valueRequired":true,"valueName":"search_term_string"}}],"inLanguage":"de"},{"@type":"Organization","@id":"https:\/\/malin-krk.com\/#organization","name":"Malin Krk","url":"https:\/\/malin-krk.com\/","logo":{"@type":"ImageObject","inLanguage":"de","@id":"https:\/\/malin-krk.com\/#\/schema\/logo\/image\/","url":"https:\/\/malin-krk.com\/wp-content\/uploads\/2024\/02\/malin-logo.jpg","contentUrl":"https:\/\/malin-krk.com\/wp-content\/uploads\/2024\/02\/malin-logo.jpg","width":280,"height":96,"caption":"Malin Krk"},"image":{"@id":"https:\/\/malin-krk.com\/#\/schema\/logo\/image\/"},"sameAs":["https:\/\/www.facebook.com\/hotelmalin\/"]}]}},"_links":{"self":[{"href":"https:\/\/malin-krk.com\/de\/wp-json\/wp\/v2\/pages\/3137","targetHints":{"allow":["GET"]}}],"collection":[{"href":"https:\/\/malin-krk.com\/de\/wp-json\/wp\/v2\/pages"}],"about":[{"href":"https:\/\/malin-krk.com\/de\/wp-json\/wp\/v2\/types\/page"}],"author":[{"embeddable":true,"href":"https:\/\/malin-krk.com\/de\/wp-json\/wp\/v2\/users\/3"}],"replies":[{"embeddable":true,"href":"https:\/\/malin-krk.com\/de\/wp-json\/wp\/v2\/comments?post=3137"}],"version-history":[{"count":3,"href":"https:\/\/malin-krk.com\/de\/wp-json\/wp\/v2\/pages\/3137\/revisions"}],"predecessor-version":[{"id":5441,"href":"https:\/\/malin-krk.com\/de\/wp-json\/wp\/v2\/pages\/3137\/revisions\/5441"}],"up":[{"embeddable":true,"href":"https:\/\/malin-krk.com\/de\/wp-json\/wp\/v2\/pages\/3117"}],"wp:featuredmedia":[{"embeddable":true,"href":"https:\/\/malin-krk.com\/de\/wp-json\/wp\/v2\/media\/5041"}],"wp:attachment":[{"href":"https:\/\/malin-krk.com\/de\/wp-json\/wp\/v2\/media?parent=3137"}],"curies":[{"name":"wp","href":"https:\/\/api.w.org\/{rel}","templated":true}]}}