{"id":3135,"date":"2018-06-06T10:58:56","date_gmt":"2018-06-06T08:58:56","guid":{"rendered":"https:\/\/www.malin-krk.com\/_novo\/?page_id=3135"},"modified":"2018-06-18T14:45:39","modified_gmt":"2018-06-18T12:45:39","slug":"bootsfahrt-unter-der-krk-bruecke","status":"publish","type":"page","link":"https:\/\/malin-krk.com\/de\/freizeit-und-erholung\/ausfluege\/bootsfahrt-unter-der-krk-bruecke\/","title":{"rendered":"Bootsfahrt unter der Krk-Br\u00fccke"},"content":{"rendered":"<!DOCTYPE html PUBLIC \"-\/\/W3C\/\/DTD HTML 4.0 Transitional\/\/EN\" \"http:\/\/www.w3.org\/TR\/REC-html40\/loose.dtd\">\n<html><body><p>Die Krk-Br&uuml;cke ist ein imposantes Bauwerk erbaut im Jahr 1980, welche aus der Meeresperspektive wahrlich faszinierend aussieht.<\/p>\n<p>Den ersten visuellen Kontakt mit diesem Riesen werden Sie erst dann erleben, nachdem sich das Boot dem Kap &Scaron;ilo n&auml;hert. Dann werden Sie dessen wahre Gr&ouml;&szlig;e und die Eleganz seines &bdquo;Kleinen Bogens&ldquo; (Mali luk) erleben. Nach der Durchfahrt unter dem Kleinen Bogen und dem Distanzieren des Bootes von der Br&uuml;cke bietet sich die M&ouml;glichkeit zur Ansicht der Br&uuml;cke zur G&auml;nze, wobei Sie erneut atemlos sein werden. Dies ist die ideale Gelegenheit zur Anfertigung wundersch&ouml;ne Bilder mit der Br&uuml;cke im Hintergrund.<\/p>\n<p>W&auml;hrend der Durchfahrt unter dem &bdquo;Gro&szlig;en Bogen&ldquo; (Veliki luk) werden Sie das Gef&uuml;hl haben, dass die Br&uuml;cke nur einige Meter von Ihnen entfernt ist und dies ist ein aufregendes Erlebnis. Auf diesem Ausflug k&ouml;nnen Sie ebenso die Sch&ouml;nheiten der Unterwasserwelt genie&szlig;en und, falls Sie Gl&uuml;ck haben, werden Sie auf eine Delphinschar treffen, welche h&auml;ufig G&auml;ste dieser Bucht sind.<\/p>\n<\/body><\/html>\n","protected":false},"excerpt":{"rendered":"<p>Die Krk-Br&uuml;cke ist ein imposantes Bauwerk erbaut im Jahr 1980, welche aus der Meeresperspektive wahrlich faszinierend aussieht. Den ersten visuellen Kontakt mit diesem Riesen werden Sie erst dann erleben, nachdem sich das Boot dem Kap &Scaron;ilo n&auml;hert. Dann werden Sie dessen wahre Gr&ouml;&szlig;e und die Eleganz seines &bdquo;Kleinen Bogens&ldquo; (Mali luk) erleben. Nach der Durchfahrt [&hellip;]<\/p>\n","protected":false},"author":3,"featured_media":0,"parent":3122,"menu_order":0,"comment_status":"closed","ping_status":"closed","template":"","meta":{"_acf_changed":false,"footnotes":""},"class_list":["post-3135","page","type-page","status-publish","hentry"],"acf":[],"yoast_head":"<!-- This site is optimized with the Yoast SEO plugin v27.5 - https:\/\/yoast.com\/product\/yoast-seo-wordpress\/ -->\n<title>Bootsfahrt unter der Krk-Br\u00fccke<\/title>\n<meta name=\"description\" content=\"Der Sommerurlaub in unseren Unterkunften umfasst zahlreiche Ausfl\u00fcge wie die Bootsfahrt unter der Krk-Br\u00fccke. Sie k\u00f6nnen deren Gr\u00f6\u00dfe und Eleganz erleben.\" \/>\n<meta name=\"robots\" content=\"index, follow, max-snippet:-1, max-image-preview:large, max-video-preview:-1\" \/>\n<link rel=\"canonical\" href=\"https:\/\/malin-krk.com\/de\/freizeit-und-erholung\/ausfluege\/bootsfahrt-unter-der-krk-bruecke\/\" \/>\n<meta property=\"og:locale\" content=\"de_DE\" \/>\n<meta property=\"og:type\" content=\"article\" \/>\n<meta property=\"og:title\" content=\"Bootsfahrt unter der Krk-Br\u00fccke\" \/>\n<meta property=\"og:description\" content=\"Der Sommerurlaub in unseren Unterkunften umfasst zahlreiche Ausfl\u00fcge wie die Bootsfahrt unter der Krk-Br\u00fccke. Sie k\u00f6nnen deren Gr\u00f6\u00dfe und Eleganz erleben.\" \/>\n<meta property=\"og:url\" content=\"https:\/\/malin-krk.com\/de\/freizeit-und-erholung\/ausfluege\/bootsfahrt-unter-der-krk-bruecke\/\" \/>\n<meta property=\"og:site_name\" content=\"Malin Krk\" \/>\n<meta property=\"article:publisher\" content=\"https:\/\/www.facebook.com\/hotelmalin\/\" \/>\n<meta property=\"article:modified_time\" content=\"2018-06-18T12:45:39+00:00\" \/>\n<meta property=\"og:image\" content=\"https:\/\/malin-krk.com\/wp-content\/uploads\/2023\/01\/hotel-malin-panorama-21-v2.jpg\" \/>\n\t<meta property=\"og:image:width\" content=\"992\" \/>\n\t<meta property=\"og:image:height\" content=\"661\" \/>\n\t<meta property=\"og:image:type\" content=\"image\/jpeg\" \/>\n<meta name=\"twitter:card\" content=\"summary_large_image\" \/>\n<script type=\"application\/ld+json\" class=\"yoast-schema-graph\">{\"@context\":\"https:\\\/\\\/schema.org\",\"@graph\":[{\"@type\":\"WebPage\",\"@id\":\"https:\\\/\\\/malin-krk.com\\\/de\\\/freizeit-und-erholung\\\/ausfluege\\\/bootsfahrt-unter-der-krk-bruecke\\\/\",\"url\":\"https:\\\/\\\/malin-krk.com\\\/de\\\/freizeit-und-erholung\\\/ausfluege\\\/bootsfahrt-unter-der-krk-bruecke\\\/\",\"name\":\"Bootsfahrt unter der Krk-Br\u00fccke\",\"isPartOf\":{\"@id\":\"https:\\\/\\\/malin-krk.com\\\/#website\"},\"datePublished\":\"2018-06-06T08:58:56+00:00\",\"dateModified\":\"2018-06-18T12:45:39+00:00\",\"description\":\"Der Sommerurlaub in unseren Unterkunften umfasst zahlreiche Ausfl\u00fcge wie die Bootsfahrt unter der Krk-Br\u00fccke. Sie k\u00f6nnen deren Gr\u00f6\u00dfe und Eleganz erleben.\",\"breadcrumb\":{\"@id\":\"https:\\\/\\\/malin-krk.com\\\/de\\\/freizeit-und-erholung\\\/ausfluege\\\/bootsfahrt-unter-der-krk-bruecke\\\/#breadcrumb\"},\"inLanguage\":\"de\",\"potentialAction\":[{\"@type\":\"ReadAction\",\"target\":[\"https:\\\/\\\/malin-krk.com\\\/de\\\/freizeit-und-erholung\\\/ausfluege\\\/bootsfahrt-unter-der-krk-bruecke\\\/\"]}]},{\"@type\":\"BreadcrumbList\",\"@id\":\"https:\\\/\\\/malin-krk.com\\\/de\\\/freizeit-und-erholung\\\/ausfluege\\\/bootsfahrt-unter-der-krk-bruecke\\\/#breadcrumb\",\"itemListElement\":[{\"@type\":\"ListItem\",\"position\":1,\"name\":\"Home\",\"item\":\"https:\\\/\\\/malin-krk.com\\\/de\\\/\"},{\"@type\":\"ListItem\",\"position\":2,\"name\":\"Freizeit und Erholung\",\"item\":\"https:\\\/\\\/malin-krk.com\\\/de\\\/freizeit-und-erholung\\\/\"},{\"@type\":\"ListItem\",\"position\":3,\"name\":\"Ausfl\u00fcge\",\"item\":\"https:\\\/\\\/malin-krk.com\\\/de\\\/freizeit-und-erholung\\\/ausfluege\\\/\"},{\"@type\":\"ListItem\",\"position\":4,\"name\":\"Bootsfahrt unter der Krk-Br\u00fccke\"}]},{\"@type\":\"WebSite\",\"@id\":\"https:\\\/\\\/malin-krk.com\\\/#website\",\"url\":\"https:\\\/\\\/malin-krk.com\\\/\",\"name\":\"Malin Krk\",\"description\":\"\",\"publisher\":{\"@id\":\"https:\\\/\\\/malin-krk.com\\\/#organization\"},\"potentialAction\":[{\"@type\":\"SearchAction\",\"target\":{\"@type\":\"EntryPoint\",\"urlTemplate\":\"https:\\\/\\\/malin-krk.com\\\/?s={search_term_string}\"},\"query-input\":{\"@type\":\"PropertyValueSpecification\",\"valueRequired\":true,\"valueName\":\"search_term_string\"}}],\"inLanguage\":\"de\"},{\"@type\":\"Organization\",\"@id\":\"https:\\\/\\\/malin-krk.com\\\/#organization\",\"name\":\"Malin Krk\",\"url\":\"https:\\\/\\\/malin-krk.com\\\/\",\"logo\":{\"@type\":\"ImageObject\",\"inLanguage\":\"de\",\"@id\":\"https:\\\/\\\/malin-krk.com\\\/#\\\/schema\\\/logo\\\/image\\\/\",\"url\":\"https:\\\/\\\/malin-krk.com\\\/wp-content\\\/uploads\\\/2024\\\/02\\\/malin-logo.jpg\",\"contentUrl\":\"https:\\\/\\\/malin-krk.com\\\/wp-content\\\/uploads\\\/2024\\\/02\\\/malin-logo.jpg\",\"width\":280,\"height\":96,\"caption\":\"Malin Krk\"},\"image\":{\"@id\":\"https:\\\/\\\/malin-krk.com\\\/#\\\/schema\\\/logo\\\/image\\\/\"},\"sameAs\":[\"https:\\\/\\\/www.facebook.com\\\/hotelmalin\\\/\"]}]}<\/script>\n<!-- \/ Yoast SEO plugin. -->","yoast_head_json":{"title":"Bootsfahrt unter der Krk-Br\u00fccke","description":"Der Sommerurlaub in unseren Unterkunften umfasst zahlreiche Ausfl\u00fcge wie die Bootsfahrt unter der Krk-Br\u00fccke. Sie k\u00f6nnen deren Gr\u00f6\u00dfe und Eleganz erleben.","robots":{"index":"index","follow":"follow","max-snippet":"max-snippet:-1","max-image-preview":"max-image-preview:large","max-video-preview":"max-video-preview:-1"},"canonical":"https:\/\/malin-krk.com\/de\/freizeit-und-erholung\/ausfluege\/bootsfahrt-unter-der-krk-bruecke\/","og_locale":"de_DE","og_type":"article","og_title":"Bootsfahrt unter der Krk-Br\u00fccke","og_description":"Der Sommerurlaub in unseren Unterkunften umfasst zahlreiche Ausfl\u00fcge wie die Bootsfahrt unter der Krk-Br\u00fccke. Sie k\u00f6nnen deren Gr\u00f6\u00dfe und Eleganz erleben.","og_url":"https:\/\/malin-krk.com\/de\/freizeit-und-erholung\/ausfluege\/bootsfahrt-unter-der-krk-bruecke\/","og_site_name":"Malin Krk","article_publisher":"https:\/\/www.facebook.com\/hotelmalin\/","article_modified_time":"2018-06-18T12:45:39+00:00","og_image":[{"width":992,"height":661,"url":"https:\/\/malin-krk.com\/wp-content\/uploads\/2023\/01\/hotel-malin-panorama-21-v2.jpg","type":"image\/jpeg"}],"twitter_card":"summary_large_image","schema":{"@context":"https:\/\/schema.org","@graph":[{"@type":"WebPage","@id":"https:\/\/malin-krk.com\/de\/freizeit-und-erholung\/ausfluege\/bootsfahrt-unter-der-krk-bruecke\/","url":"https:\/\/malin-krk.com\/de\/freizeit-und-erholung\/ausfluege\/bootsfahrt-unter-der-krk-bruecke\/","name":"Bootsfahrt unter der Krk-Br\u00fccke","isPartOf":{"@id":"https:\/\/malin-krk.com\/#website"},"datePublished":"2018-06-06T08:58:56+00:00","dateModified":"2018-06-18T12:45:39+00:00","description":"Der Sommerurlaub in unseren Unterkunften umfasst zahlreiche Ausfl\u00fcge wie die Bootsfahrt unter der Krk-Br\u00fccke. Sie k\u00f6nnen deren Gr\u00f6\u00dfe und Eleganz erleben.","breadcrumb":{"@id":"https:\/\/malin-krk.com\/de\/freizeit-und-erholung\/ausfluege\/bootsfahrt-unter-der-krk-bruecke\/#breadcrumb"},"inLanguage":"de","potentialAction":[{"@type":"ReadAction","target":["https:\/\/malin-krk.com\/de\/freizeit-und-erholung\/ausfluege\/bootsfahrt-unter-der-krk-bruecke\/"]}]},{"@type":"BreadcrumbList","@id":"https:\/\/malin-krk.com\/de\/freizeit-und-erholung\/ausfluege\/bootsfahrt-unter-der-krk-bruecke\/#breadcrumb","itemListElement":[{"@type":"ListItem","position":1,"name":"Home","item":"https:\/\/malin-krk.com\/de\/"},{"@type":"ListItem","position":2,"name":"Freizeit und Erholung","item":"https:\/\/malin-krk.com\/de\/freizeit-und-erholung\/"},{"@type":"ListItem","position":3,"name":"Ausfl\u00fcge","item":"https:\/\/malin-krk.com\/de\/freizeit-und-erholung\/ausfluege\/"},{"@type":"ListItem","position":4,"name":"Bootsfahrt unter der Krk-Br\u00fccke"}]},{"@type":"WebSite","@id":"https:\/\/malin-krk.com\/#website","url":"https:\/\/malin-krk.com\/","name":"Malin Krk","description":"","publisher":{"@id":"https:\/\/malin-krk.com\/#organization"},"potentialAction":[{"@type":"SearchAction","target":{"@type":"EntryPoint","urlTemplate":"https:\/\/malin-krk.com\/?s={search_term_string}"},"query-input":{"@type":"PropertyValueSpecification","valueRequired":true,"valueName":"search_term_string"}}],"inLanguage":"de"},{"@type":"Organization","@id":"https:\/\/malin-krk.com\/#organization","name":"Malin Krk","url":"https:\/\/malin-krk.com\/","logo":{"@type":"ImageObject","inLanguage":"de","@id":"https:\/\/malin-krk.com\/#\/schema\/logo\/image\/","url":"https:\/\/malin-krk.com\/wp-content\/uploads\/2024\/02\/malin-logo.jpg","contentUrl":"https:\/\/malin-krk.com\/wp-content\/uploads\/2024\/02\/malin-logo.jpg","width":280,"height":96,"caption":"Malin Krk"},"image":{"@id":"https:\/\/malin-krk.com\/#\/schema\/logo\/image\/"},"sameAs":["https:\/\/www.facebook.com\/hotelmalin\/"]}]}},"_links":{"self":[{"href":"https:\/\/malin-krk.com\/de\/wp-json\/wp\/v2\/pages\/3135","targetHints":{"allow":["GET"]}}],"collection":[{"href":"https:\/\/malin-krk.com\/de\/wp-json\/wp\/v2\/pages"}],"about":[{"href":"https:\/\/malin-krk.com\/de\/wp-json\/wp\/v2\/types\/page"}],"author":[{"embeddable":true,"href":"https:\/\/malin-krk.com\/de\/wp-json\/wp\/v2\/users\/3"}],"replies":[{"embeddable":true,"href":"https:\/\/malin-krk.com\/de\/wp-json\/wp\/v2\/comments?post=3135"}],"version-history":[{"count":2,"href":"https:\/\/malin-krk.com\/de\/wp-json\/wp\/v2\/pages\/3135\/revisions"}],"predecessor-version":[{"id":4290,"href":"https:\/\/malin-krk.com\/de\/wp-json\/wp\/v2\/pages\/3135\/revisions\/4290"}],"up":[{"embeddable":true,"href":"https:\/\/malin-krk.com\/de\/wp-json\/wp\/v2\/pages\/3122"}],"wp:attachment":[{"href":"https:\/\/malin-krk.com\/de\/wp-json\/wp\/v2\/media?parent=3135"}],"curies":[{"name":"wp","href":"https:\/\/api.w.org\/{rel}","templated":true}]}}