{"id":3129,"date":"2018-02-15T10:45:46","date_gmt":"2018-02-15T09:45:46","guid":{"rendered":"https:\/\/www.malin-krk.com\/_novo\/?page_id=3129"},"modified":"2018-06-18T14:47:25","modified_gmt":"2018-06-18T12:47:25","slug":"panoramafahrt-mit-dem-schiff","status":"publish","type":"page","link":"https:\/\/malin-krk.com\/de\/freizeit-und-erholung\/ausfluege\/panoramafahrt-mit-dem-schiff\/","title":{"rendered":"Panoramafahrt mit dem Schiff"},"content":{"rendered":"<!DOCTYPE html PUBLIC \"-\/\/W3C\/\/DTD HTML 4.0 Transitional\/\/EN\" \"http:\/\/www.w3.org\/TR\/REC-html40\/loose.dtd\">\n<html><body><p>Ein ERLEBNIS f&uuml;r die ganze Familie, eine Bootsfahrt vor dem Sonnenuntergang, und Genie&szlig;en des Spiels der Delphine mit einem Glas hausgemachtem Schnaps begleitet vom Rauschen der Wellen&hellip;.<\/p>\n<p>Abfahrt des Panoramaboots ist aus dem Hafen Malinska. Das Panorama und Gr&uuml;n genie&szlig;end, welches sich ganz bis zum Meer erstreckt, werden Sie im ersten Hafen &ndash; Njivice &ndash; anlegen. Die Fortsetzung der Schifffahrt in Richtung Kap Pelova wird Ihnen eine neue Erfahrung darreichen &ndash; Beobachten der Meeresflora und &ndash; Fauna dieses Teils des Meeresgrunds. Die Schifffahrt setzt sich entlang der Bucht von Malinska fort, neben den D&ouml;rfern Porat und Vanta&#269;i&#263;, wobei Sie sich g&auml;nzlich dem Genuss der wundersch&ouml;nen K&uuml;ste hingeben werden k&ouml;nnen.<\/p>\n<\/body><\/html>\n","protected":false},"excerpt":{"rendered":"<p>Ein ERLEBNIS f&uuml;r die ganze Familie, eine Bootsfahrt vor dem Sonnenuntergang, und Genie&szlig;en des Spiels der Delphine mit einem Glas hausgemachtem Schnaps begleitet vom Rauschen der Wellen&hellip;. Abfahrt des Panoramaboots ist aus dem Hafen Malinska. Das Panorama und Gr&uuml;n genie&szlig;end, welches sich ganz bis zum Meer erstreckt, werden Sie im ersten Hafen &ndash; Njivice &ndash; [&hellip;]<\/p>\n","protected":false},"author":3,"featured_media":0,"parent":3122,"menu_order":0,"comment_status":"closed","ping_status":"closed","template":"","meta":{"_acf_changed":false,"footnotes":""},"class_list":["post-3129","page","type-page","status-publish","hentry"],"acf":[],"yoast_head":"<!-- This site is optimized with the Yoast SEO plugin v27.5 - https:\/\/yoast.com\/product\/yoast-seo-wordpress\/ -->\n<title>Erkunden Sie die Insel Krk mit einer Panoramafahrt<\/title>\n<meta name=\"description\" content=\"Eine Panoramafahrt mit dem Schiff ist ein tolles Erlebnis f\u00fcr die ganze Familie. Genie\u00dfen Sie die K\u00fcste sowie die Unterwasserwelt.\" \/>\n<meta name=\"robots\" content=\"index, follow, max-snippet:-1, max-image-preview:large, max-video-preview:-1\" \/>\n<link rel=\"canonical\" href=\"https:\/\/malin-krk.com\/de\/freizeit-und-erholung\/ausfluege\/panoramafahrt-mit-dem-schiff\/\" \/>\n<meta property=\"og:locale\" content=\"de_DE\" \/>\n<meta property=\"og:type\" content=\"article\" \/>\n<meta property=\"og:title\" content=\"Erkunden Sie die Insel Krk mit einer Panoramafahrt\" \/>\n<meta property=\"og:description\" content=\"Eine Panoramafahrt mit dem Schiff ist ein tolles Erlebnis f\u00fcr die ganze Familie. Genie\u00dfen Sie die K\u00fcste sowie die Unterwasserwelt.\" \/>\n<meta property=\"og:url\" content=\"https:\/\/malin-krk.com\/de\/freizeit-und-erholung\/ausfluege\/panoramafahrt-mit-dem-schiff\/\" \/>\n<meta property=\"og:site_name\" content=\"Malin Krk\" \/>\n<meta property=\"article:publisher\" content=\"https:\/\/www.facebook.com\/hotelmalin\/\" \/>\n<meta property=\"article:modified_time\" content=\"2018-06-18T12:47:25+00:00\" \/>\n<meta property=\"og:image\" content=\"https:\/\/malin-krk.com\/wp-content\/uploads\/2023\/01\/hotel-malin-panorama-21-v2.jpg\" \/>\n\t<meta property=\"og:image:width\" content=\"992\" \/>\n\t<meta property=\"og:image:height\" content=\"661\" \/>\n\t<meta property=\"og:image:type\" content=\"image\/jpeg\" \/>\n<meta name=\"twitter:card\" content=\"summary_large_image\" \/>\n<script type=\"application\/ld+json\" class=\"yoast-schema-graph\">{\"@context\":\"https:\\\/\\\/schema.org\",\"@graph\":[{\"@type\":\"WebPage\",\"@id\":\"https:\\\/\\\/malin-krk.com\\\/de\\\/freizeit-und-erholung\\\/ausfluege\\\/panoramafahrt-mit-dem-schiff\\\/\",\"url\":\"https:\\\/\\\/malin-krk.com\\\/de\\\/freizeit-und-erholung\\\/ausfluege\\\/panoramafahrt-mit-dem-schiff\\\/\",\"name\":\"Erkunden Sie die Insel Krk mit einer Panoramafahrt\",\"isPartOf\":{\"@id\":\"https:\\\/\\\/malin-krk.com\\\/#website\"},\"datePublished\":\"2018-02-15T09:45:46+00:00\",\"dateModified\":\"2018-06-18T12:47:25+00:00\",\"description\":\"Eine Panoramafahrt mit dem Schiff ist ein tolles Erlebnis f\u00fcr die ganze Familie. Genie\u00dfen Sie die K\u00fcste sowie die Unterwasserwelt.\",\"breadcrumb\":{\"@id\":\"https:\\\/\\\/malin-krk.com\\\/de\\\/freizeit-und-erholung\\\/ausfluege\\\/panoramafahrt-mit-dem-schiff\\\/#breadcrumb\"},\"inLanguage\":\"de\",\"potentialAction\":[{\"@type\":\"ReadAction\",\"target\":[\"https:\\\/\\\/malin-krk.com\\\/de\\\/freizeit-und-erholung\\\/ausfluege\\\/panoramafahrt-mit-dem-schiff\\\/\"]}]},{\"@type\":\"BreadcrumbList\",\"@id\":\"https:\\\/\\\/malin-krk.com\\\/de\\\/freizeit-und-erholung\\\/ausfluege\\\/panoramafahrt-mit-dem-schiff\\\/#breadcrumb\",\"itemListElement\":[{\"@type\":\"ListItem\",\"position\":1,\"name\":\"Home\",\"item\":\"https:\\\/\\\/malin-krk.com\\\/de\\\/\"},{\"@type\":\"ListItem\",\"position\":2,\"name\":\"Freizeit und Erholung\",\"item\":\"https:\\\/\\\/malin-krk.com\\\/de\\\/freizeit-und-erholung\\\/\"},{\"@type\":\"ListItem\",\"position\":3,\"name\":\"Ausfl\u00fcge\",\"item\":\"https:\\\/\\\/malin-krk.com\\\/de\\\/freizeit-und-erholung\\\/ausfluege\\\/\"},{\"@type\":\"ListItem\",\"position\":4,\"name\":\"Panoramafahrt mit dem Schiff\"}]},{\"@type\":\"WebSite\",\"@id\":\"https:\\\/\\\/malin-krk.com\\\/#website\",\"url\":\"https:\\\/\\\/malin-krk.com\\\/\",\"name\":\"Malin Krk\",\"description\":\"\",\"publisher\":{\"@id\":\"https:\\\/\\\/malin-krk.com\\\/#organization\"},\"potentialAction\":[{\"@type\":\"SearchAction\",\"target\":{\"@type\":\"EntryPoint\",\"urlTemplate\":\"https:\\\/\\\/malin-krk.com\\\/?s={search_term_string}\"},\"query-input\":{\"@type\":\"PropertyValueSpecification\",\"valueRequired\":true,\"valueName\":\"search_term_string\"}}],\"inLanguage\":\"de\"},{\"@type\":\"Organization\",\"@id\":\"https:\\\/\\\/malin-krk.com\\\/#organization\",\"name\":\"Malin Krk\",\"url\":\"https:\\\/\\\/malin-krk.com\\\/\",\"logo\":{\"@type\":\"ImageObject\",\"inLanguage\":\"de\",\"@id\":\"https:\\\/\\\/malin-krk.com\\\/#\\\/schema\\\/logo\\\/image\\\/\",\"url\":\"https:\\\/\\\/malin-krk.com\\\/wp-content\\\/uploads\\\/2024\\\/02\\\/malin-logo.jpg\",\"contentUrl\":\"https:\\\/\\\/malin-krk.com\\\/wp-content\\\/uploads\\\/2024\\\/02\\\/malin-logo.jpg\",\"width\":280,\"height\":96,\"caption\":\"Malin Krk\"},\"image\":{\"@id\":\"https:\\\/\\\/malin-krk.com\\\/#\\\/schema\\\/logo\\\/image\\\/\"},\"sameAs\":[\"https:\\\/\\\/www.facebook.com\\\/hotelmalin\\\/\"]}]}<\/script>\n<!-- \/ Yoast SEO plugin. -->","yoast_head_json":{"title":"Erkunden Sie die Insel Krk mit einer Panoramafahrt","description":"Eine Panoramafahrt mit dem Schiff ist ein tolles Erlebnis f\u00fcr die ganze Familie. Genie\u00dfen Sie die K\u00fcste sowie die Unterwasserwelt.","robots":{"index":"index","follow":"follow","max-snippet":"max-snippet:-1","max-image-preview":"max-image-preview:large","max-video-preview":"max-video-preview:-1"},"canonical":"https:\/\/malin-krk.com\/de\/freizeit-und-erholung\/ausfluege\/panoramafahrt-mit-dem-schiff\/","og_locale":"de_DE","og_type":"article","og_title":"Erkunden Sie die Insel Krk mit einer Panoramafahrt","og_description":"Eine Panoramafahrt mit dem Schiff ist ein tolles Erlebnis f\u00fcr die ganze Familie. Genie\u00dfen Sie die K\u00fcste sowie die Unterwasserwelt.","og_url":"https:\/\/malin-krk.com\/de\/freizeit-und-erholung\/ausfluege\/panoramafahrt-mit-dem-schiff\/","og_site_name":"Malin Krk","article_publisher":"https:\/\/www.facebook.com\/hotelmalin\/","article_modified_time":"2018-06-18T12:47:25+00:00","og_image":[{"width":992,"height":661,"url":"https:\/\/malin-krk.com\/wp-content\/uploads\/2023\/01\/hotel-malin-panorama-21-v2.jpg","type":"image\/jpeg"}],"twitter_card":"summary_large_image","schema":{"@context":"https:\/\/schema.org","@graph":[{"@type":"WebPage","@id":"https:\/\/malin-krk.com\/de\/freizeit-und-erholung\/ausfluege\/panoramafahrt-mit-dem-schiff\/","url":"https:\/\/malin-krk.com\/de\/freizeit-und-erholung\/ausfluege\/panoramafahrt-mit-dem-schiff\/","name":"Erkunden Sie die Insel Krk mit einer Panoramafahrt","isPartOf":{"@id":"https:\/\/malin-krk.com\/#website"},"datePublished":"2018-02-15T09:45:46+00:00","dateModified":"2018-06-18T12:47:25+00:00","description":"Eine Panoramafahrt mit dem Schiff ist ein tolles Erlebnis f\u00fcr die ganze Familie. Genie\u00dfen Sie die K\u00fcste sowie die Unterwasserwelt.","breadcrumb":{"@id":"https:\/\/malin-krk.com\/de\/freizeit-und-erholung\/ausfluege\/panoramafahrt-mit-dem-schiff\/#breadcrumb"},"inLanguage":"de","potentialAction":[{"@type":"ReadAction","target":["https:\/\/malin-krk.com\/de\/freizeit-und-erholung\/ausfluege\/panoramafahrt-mit-dem-schiff\/"]}]},{"@type":"BreadcrumbList","@id":"https:\/\/malin-krk.com\/de\/freizeit-und-erholung\/ausfluege\/panoramafahrt-mit-dem-schiff\/#breadcrumb","itemListElement":[{"@type":"ListItem","position":1,"name":"Home","item":"https:\/\/malin-krk.com\/de\/"},{"@type":"ListItem","position":2,"name":"Freizeit und Erholung","item":"https:\/\/malin-krk.com\/de\/freizeit-und-erholung\/"},{"@type":"ListItem","position":3,"name":"Ausfl\u00fcge","item":"https:\/\/malin-krk.com\/de\/freizeit-und-erholung\/ausfluege\/"},{"@type":"ListItem","position":4,"name":"Panoramafahrt mit dem Schiff"}]},{"@type":"WebSite","@id":"https:\/\/malin-krk.com\/#website","url":"https:\/\/malin-krk.com\/","name":"Malin Krk","description":"","publisher":{"@id":"https:\/\/malin-krk.com\/#organization"},"potentialAction":[{"@type":"SearchAction","target":{"@type":"EntryPoint","urlTemplate":"https:\/\/malin-krk.com\/?s={search_term_string}"},"query-input":{"@type":"PropertyValueSpecification","valueRequired":true,"valueName":"search_term_string"}}],"inLanguage":"de"},{"@type":"Organization","@id":"https:\/\/malin-krk.com\/#organization","name":"Malin Krk","url":"https:\/\/malin-krk.com\/","logo":{"@type":"ImageObject","inLanguage":"de","@id":"https:\/\/malin-krk.com\/#\/schema\/logo\/image\/","url":"https:\/\/malin-krk.com\/wp-content\/uploads\/2024\/02\/malin-logo.jpg","contentUrl":"https:\/\/malin-krk.com\/wp-content\/uploads\/2024\/02\/malin-logo.jpg","width":280,"height":96,"caption":"Malin Krk"},"image":{"@id":"https:\/\/malin-krk.com\/#\/schema\/logo\/image\/"},"sameAs":["https:\/\/www.facebook.com\/hotelmalin\/"]}]}},"_links":{"self":[{"href":"https:\/\/malin-krk.com\/de\/wp-json\/wp\/v2\/pages\/3129","targetHints":{"allow":["GET"]}}],"collection":[{"href":"https:\/\/malin-krk.com\/de\/wp-json\/wp\/v2\/pages"}],"about":[{"href":"https:\/\/malin-krk.com\/de\/wp-json\/wp\/v2\/types\/page"}],"author":[{"embeddable":true,"href":"https:\/\/malin-krk.com\/de\/wp-json\/wp\/v2\/users\/3"}],"replies":[{"embeddable":true,"href":"https:\/\/malin-krk.com\/de\/wp-json\/wp\/v2\/comments?post=3129"}],"version-history":[{"count":2,"href":"https:\/\/malin-krk.com\/de\/wp-json\/wp\/v2\/pages\/3129\/revisions"}],"predecessor-version":[{"id":4292,"href":"https:\/\/malin-krk.com\/de\/wp-json\/wp\/v2\/pages\/3129\/revisions\/4292"}],"up":[{"embeddable":true,"href":"https:\/\/malin-krk.com\/de\/wp-json\/wp\/v2\/pages\/3122"}],"wp:attachment":[{"href":"https:\/\/malin-krk.com\/de\/wp-json\/wp\/v2\/media?parent=3129"}],"curies":[{"name":"wp","href":"https:\/\/api.w.org\/{rel}","templated":true}]}}