{"id":3122,"date":"2018-02-15T10:20:00","date_gmt":"2018-02-15T09:20:00","guid":{"rendered":"https:\/\/www.malin-krk.com\/_novo\/?page_id=3122"},"modified":"2018-08-27T13:08:15","modified_gmt":"2018-08-27T11:08:15","slug":"ausfluege","status":"publish","type":"page","link":"https:\/\/malin-krk.com\/de\/freizeit-und-erholung\/ausfluege\/","title":{"rendered":"Ausfl\u00fcge"},"content":{"rendered":"<!DOCTYPE html PUBLIC \"-\/\/W3C\/\/DTD HTML 4.0 Transitional\/\/EN\" \"http:\/\/www.w3.org\/TR\/REC-html40\/loose.dtd\">\n<html><body><p>Malinska befindet sich so nahe an beliebten Ausflugsdestinationen, diesen von Gott gegebenen Perlen am Kvarner und dessen n&auml;herer Umgebung. Die Insel Krk k&ouml;nnen Sie mit dem Schiff umsegeln mit Verkostung von frischem Fisch und zu Spitzenweinen der Insel Krk ansto&szlig;end. Entlang der Inselwege wiederum, denselben auf welchen einst vor langer Zeit die F&uuml;rsten und F&uuml;rstinnen von Krk geschritten sind, dessen St&auml;dte &ndash; Festungen (ka&scaron;tel) und Basteien welche sie gebaut haben, k&ouml;nnen Sie beim Ausflug unter dem beschreibenden Namen &ndash; &bdquo;Krk tour&ldquo; sehen und erleben.<\/p>\n<p>Vers&auml;umen Sie den Besuch der Stadt Rijeka nicht &ndash; dem Sitz unseres Landkreises, sowie auch nicht den Besuch der &bdquo;K&ouml;nigin der Adria&ldquo; &ndash; Opatija.<\/p>\n<p class=\"margin-bottom-40px\">M&ouml;chten Sie sich auf etwas l&auml;ngere Ausfl&uuml;ge begeben, starten Sie zu einem der kroatischen Nationalparks, weltweit bekannt: die Plitvicer Seen, welche den Atem rauben, befinden sich auf der Liste des mond&auml;nen Naturerbes, die Brijuni Inseln liegen entlang der s&uuml;dlichen K&uuml;ste der Halbinsel Istrien und im Naturpark Velebit, eingereiht in das Netz der internationalen Reservate der Biosph&auml;re von UNESCO befinden sich sogar zwei Nationalparks &ndash; Paklenica und N&ouml;rdlicher Velebit.<\/p>\n<\/body><\/html>\n","protected":false},"excerpt":{"rendered":"<p>Malinska befindet sich so nahe an beliebten Ausflugsdestinationen, diesen von Gott gegebenen Perlen am Kvarner und dessen n&auml;herer Umgebung. Die Insel Krk k&ouml;nnen Sie mit dem Schiff umsegeln mit Verkostung von frischem Fisch und zu Spitzenweinen der Insel Krk ansto&szlig;end. Entlang der Inselwege wiederum, denselben auf welchen einst vor langer Zeit die F&uuml;rsten und F&uuml;rstinnen [&hellip;]<\/p>\n","protected":false},"author":3,"featured_media":12199,"parent":3117,"menu_order":6,"comment_status":"closed","ping_status":"closed","template":"page-full-width-alternate-posts.php","meta":{"_acf_changed":false,"footnotes":""},"class_list":["post-3122","page","type-page","status-publish","has-post-thumbnail","hentry"],"acf":[],"yoast_head":"<!-- This site is optimized with the Yoast SEO plugin v27.5 - https:\/\/yoast.com\/product\/yoast-seo-wordpress\/ -->\n<title>Ausfl\u00fcge auf der Insel Krk - Malin Krk<\/title>\n<meta name=\"description\" content=\"Erkunden Sie Krk mit einer Seefahrt, Verkostung von Spezialit\u00e4ten, Besuch der H\u00f6hle Biserujka, der Stadt Opatija oder des Nationalparks Plitvicer Seen.\" \/>\n<meta name=\"robots\" content=\"index, follow, max-snippet:-1, max-image-preview:large, max-video-preview:-1\" \/>\n<link rel=\"canonical\" href=\"https:\/\/malin-krk.com\/de\/freizeit-und-erholung\/ausfluege\/\" \/>\n<meta property=\"og:locale\" content=\"de_DE\" \/>\n<meta property=\"og:type\" content=\"article\" \/>\n<meta property=\"og:title\" content=\"Ausfl\u00fcge auf der Insel Krk - Malin Krk\" \/>\n<meta property=\"og:description\" content=\"Erkunden Sie Krk mit einer Seefahrt, Verkostung von Spezialit\u00e4ten, Besuch der H\u00f6hle Biserujka, der Stadt Opatija oder des Nationalparks Plitvicer Seen.\" \/>\n<meta property=\"og:url\" content=\"https:\/\/malin-krk.com\/de\/freizeit-und-erholung\/ausfluege\/\" \/>\n<meta property=\"og:site_name\" content=\"Malin Krk\" \/>\n<meta property=\"article:publisher\" content=\"https:\/\/www.facebook.com\/hotelmalin\/\" \/>\n<meta property=\"article:modified_time\" content=\"2018-08-27T11:08:15+00:00\" \/>\n<meta property=\"og:image\" content=\"https:\/\/malin-krk.com\/wp-content\/uploads\/2019\/05\/RF-0080.jpg\" \/>\n\t<meta property=\"og:image:width\" content=\"1950\" \/>\n\t<meta property=\"og:image:height\" content=\"1095\" \/>\n\t<meta property=\"og:image:type\" content=\"image\/jpeg\" \/>\n<meta name=\"twitter:card\" content=\"summary_large_image\" \/>\n<script type=\"application\/ld+json\" class=\"yoast-schema-graph\">{\"@context\":\"https:\\\/\\\/schema.org\",\"@graph\":[{\"@type\":\"WebPage\",\"@id\":\"https:\\\/\\\/malin-krk.com\\\/de\\\/freizeit-und-erholung\\\/ausfluege\\\/\",\"url\":\"https:\\\/\\\/malin-krk.com\\\/de\\\/freizeit-und-erholung\\\/ausfluege\\\/\",\"name\":\"Ausfl\u00fcge auf der Insel Krk - Malin Krk\",\"isPartOf\":{\"@id\":\"https:\\\/\\\/malin-krk.com\\\/#website\"},\"primaryImageOfPage\":{\"@id\":\"https:\\\/\\\/malin-krk.com\\\/de\\\/freizeit-und-erholung\\\/ausfluege\\\/#primaryimage\"},\"image\":{\"@id\":\"https:\\\/\\\/malin-krk.com\\\/de\\\/freizeit-und-erholung\\\/ausfluege\\\/#primaryimage\"},\"thumbnailUrl\":\"https:\\\/\\\/malin-krk.com\\\/wp-content\\\/uploads\\\/2019\\\/05\\\/RF-0080.jpg\",\"datePublished\":\"2018-02-15T09:20:00+00:00\",\"dateModified\":\"2018-08-27T11:08:15+00:00\",\"description\":\"Erkunden Sie Krk mit einer Seefahrt, Verkostung von Spezialit\u00e4ten, Besuch der H\u00f6hle Biserujka, der Stadt Opatija oder des Nationalparks Plitvicer Seen.\",\"breadcrumb\":{\"@id\":\"https:\\\/\\\/malin-krk.com\\\/de\\\/freizeit-und-erholung\\\/ausfluege\\\/#breadcrumb\"},\"inLanguage\":\"de\",\"potentialAction\":[{\"@type\":\"ReadAction\",\"target\":[\"https:\\\/\\\/malin-krk.com\\\/de\\\/freizeit-und-erholung\\\/ausfluege\\\/\"]}]},{\"@type\":\"ImageObject\",\"inLanguage\":\"de\",\"@id\":\"https:\\\/\\\/malin-krk.com\\\/de\\\/freizeit-und-erholung\\\/ausfluege\\\/#primaryimage\",\"url\":\"https:\\\/\\\/malin-krk.com\\\/wp-content\\\/uploads\\\/2019\\\/05\\\/RF-0080.jpg\",\"contentUrl\":\"https:\\\/\\\/malin-krk.com\\\/wp-content\\\/uploads\\\/2019\\\/05\\\/RF-0080.jpg\",\"width\":1950,\"height\":1095},{\"@type\":\"BreadcrumbList\",\"@id\":\"https:\\\/\\\/malin-krk.com\\\/de\\\/freizeit-und-erholung\\\/ausfluege\\\/#breadcrumb\",\"itemListElement\":[{\"@type\":\"ListItem\",\"position\":1,\"name\":\"Home\",\"item\":\"https:\\\/\\\/malin-krk.com\\\/de\\\/\"},{\"@type\":\"ListItem\",\"position\":2,\"name\":\"Freizeit und Erholung\",\"item\":\"https:\\\/\\\/malin-krk.com\\\/de\\\/freizeit-und-erholung\\\/\"},{\"@type\":\"ListItem\",\"position\":3,\"name\":\"Ausfl\u00fcge\"}]},{\"@type\":\"WebSite\",\"@id\":\"https:\\\/\\\/malin-krk.com\\\/#website\",\"url\":\"https:\\\/\\\/malin-krk.com\\\/\",\"name\":\"Malin Krk\",\"description\":\"\",\"publisher\":{\"@id\":\"https:\\\/\\\/malin-krk.com\\\/#organization\"},\"potentialAction\":[{\"@type\":\"SearchAction\",\"target\":{\"@type\":\"EntryPoint\",\"urlTemplate\":\"https:\\\/\\\/malin-krk.com\\\/?s={search_term_string}\"},\"query-input\":{\"@type\":\"PropertyValueSpecification\",\"valueRequired\":true,\"valueName\":\"search_term_string\"}}],\"inLanguage\":\"de\"},{\"@type\":\"Organization\",\"@id\":\"https:\\\/\\\/malin-krk.com\\\/#organization\",\"name\":\"Malin Krk\",\"url\":\"https:\\\/\\\/malin-krk.com\\\/\",\"logo\":{\"@type\":\"ImageObject\",\"inLanguage\":\"de\",\"@id\":\"https:\\\/\\\/malin-krk.com\\\/#\\\/schema\\\/logo\\\/image\\\/\",\"url\":\"https:\\\/\\\/malin-krk.com\\\/wp-content\\\/uploads\\\/2024\\\/02\\\/malin-logo.jpg\",\"contentUrl\":\"https:\\\/\\\/malin-krk.com\\\/wp-content\\\/uploads\\\/2024\\\/02\\\/malin-logo.jpg\",\"width\":280,\"height\":96,\"caption\":\"Malin Krk\"},\"image\":{\"@id\":\"https:\\\/\\\/malin-krk.com\\\/#\\\/schema\\\/logo\\\/image\\\/\"},\"sameAs\":[\"https:\\\/\\\/www.facebook.com\\\/hotelmalin\\\/\"]}]}<\/script>\n<!-- \/ Yoast SEO plugin. -->","yoast_head_json":{"title":"Ausfl\u00fcge auf der Insel Krk - Malin Krk","description":"Erkunden Sie Krk mit einer Seefahrt, Verkostung von Spezialit\u00e4ten, Besuch der H\u00f6hle Biserujka, der Stadt Opatija oder des Nationalparks Plitvicer Seen.","robots":{"index":"index","follow":"follow","max-snippet":"max-snippet:-1","max-image-preview":"max-image-preview:large","max-video-preview":"max-video-preview:-1"},"canonical":"https:\/\/malin-krk.com\/de\/freizeit-und-erholung\/ausfluege\/","og_locale":"de_DE","og_type":"article","og_title":"Ausfl\u00fcge auf der Insel Krk - Malin Krk","og_description":"Erkunden Sie Krk mit einer Seefahrt, Verkostung von Spezialit\u00e4ten, Besuch der H\u00f6hle Biserujka, der Stadt Opatija oder des Nationalparks Plitvicer Seen.","og_url":"https:\/\/malin-krk.com\/de\/freizeit-und-erholung\/ausfluege\/","og_site_name":"Malin Krk","article_publisher":"https:\/\/www.facebook.com\/hotelmalin\/","article_modified_time":"2018-08-27T11:08:15+00:00","og_image":[{"width":1950,"height":1095,"url":"https:\/\/malin-krk.com\/wp-content\/uploads\/2019\/05\/RF-0080.jpg","type":"image\/jpeg"}],"twitter_card":"summary_large_image","schema":{"@context":"https:\/\/schema.org","@graph":[{"@type":"WebPage","@id":"https:\/\/malin-krk.com\/de\/freizeit-und-erholung\/ausfluege\/","url":"https:\/\/malin-krk.com\/de\/freizeit-und-erholung\/ausfluege\/","name":"Ausfl\u00fcge auf der Insel Krk - Malin Krk","isPartOf":{"@id":"https:\/\/malin-krk.com\/#website"},"primaryImageOfPage":{"@id":"https:\/\/malin-krk.com\/de\/freizeit-und-erholung\/ausfluege\/#primaryimage"},"image":{"@id":"https:\/\/malin-krk.com\/de\/freizeit-und-erholung\/ausfluege\/#primaryimage"},"thumbnailUrl":"https:\/\/malin-krk.com\/wp-content\/uploads\/2019\/05\/RF-0080.jpg","datePublished":"2018-02-15T09:20:00+00:00","dateModified":"2018-08-27T11:08:15+00:00","description":"Erkunden Sie Krk mit einer Seefahrt, Verkostung von Spezialit\u00e4ten, Besuch der H\u00f6hle Biserujka, der Stadt Opatija oder des Nationalparks Plitvicer Seen.","breadcrumb":{"@id":"https:\/\/malin-krk.com\/de\/freizeit-und-erholung\/ausfluege\/#breadcrumb"},"inLanguage":"de","potentialAction":[{"@type":"ReadAction","target":["https:\/\/malin-krk.com\/de\/freizeit-und-erholung\/ausfluege\/"]}]},{"@type":"ImageObject","inLanguage":"de","@id":"https:\/\/malin-krk.com\/de\/freizeit-und-erholung\/ausfluege\/#primaryimage","url":"https:\/\/malin-krk.com\/wp-content\/uploads\/2019\/05\/RF-0080.jpg","contentUrl":"https:\/\/malin-krk.com\/wp-content\/uploads\/2019\/05\/RF-0080.jpg","width":1950,"height":1095},{"@type":"BreadcrumbList","@id":"https:\/\/malin-krk.com\/de\/freizeit-und-erholung\/ausfluege\/#breadcrumb","itemListElement":[{"@type":"ListItem","position":1,"name":"Home","item":"https:\/\/malin-krk.com\/de\/"},{"@type":"ListItem","position":2,"name":"Freizeit und Erholung","item":"https:\/\/malin-krk.com\/de\/freizeit-und-erholung\/"},{"@type":"ListItem","position":3,"name":"Ausfl\u00fcge"}]},{"@type":"WebSite","@id":"https:\/\/malin-krk.com\/#website","url":"https:\/\/malin-krk.com\/","name":"Malin Krk","description":"","publisher":{"@id":"https:\/\/malin-krk.com\/#organization"},"potentialAction":[{"@type":"SearchAction","target":{"@type":"EntryPoint","urlTemplate":"https:\/\/malin-krk.com\/?s={search_term_string}"},"query-input":{"@type":"PropertyValueSpecification","valueRequired":true,"valueName":"search_term_string"}}],"inLanguage":"de"},{"@type":"Organization","@id":"https:\/\/malin-krk.com\/#organization","name":"Malin Krk","url":"https:\/\/malin-krk.com\/","logo":{"@type":"ImageObject","inLanguage":"de","@id":"https:\/\/malin-krk.com\/#\/schema\/logo\/image\/","url":"https:\/\/malin-krk.com\/wp-content\/uploads\/2024\/02\/malin-logo.jpg","contentUrl":"https:\/\/malin-krk.com\/wp-content\/uploads\/2024\/02\/malin-logo.jpg","width":280,"height":96,"caption":"Malin Krk"},"image":{"@id":"https:\/\/malin-krk.com\/#\/schema\/logo\/image\/"},"sameAs":["https:\/\/www.facebook.com\/hotelmalin\/"]}]}},"_links":{"self":[{"href":"https:\/\/malin-krk.com\/de\/wp-json\/wp\/v2\/pages\/3122","targetHints":{"allow":["GET"]}}],"collection":[{"href":"https:\/\/malin-krk.com\/de\/wp-json\/wp\/v2\/pages"}],"about":[{"href":"https:\/\/malin-krk.com\/de\/wp-json\/wp\/v2\/types\/page"}],"author":[{"embeddable":true,"href":"https:\/\/malin-krk.com\/de\/wp-json\/wp\/v2\/users\/3"}],"replies":[{"embeddable":true,"href":"https:\/\/malin-krk.com\/de\/wp-json\/wp\/v2\/comments?post=3122"}],"version-history":[{"count":4,"href":"https:\/\/malin-krk.com\/de\/wp-json\/wp\/v2\/pages\/3122\/revisions"}],"predecessor-version":[{"id":4821,"href":"https:\/\/malin-krk.com\/de\/wp-json\/wp\/v2\/pages\/3122\/revisions\/4821"}],"up":[{"embeddable":true,"href":"https:\/\/malin-krk.com\/de\/wp-json\/wp\/v2\/pages\/3117"}],"wp:featuredmedia":[{"embeddable":true,"href":"https:\/\/malin-krk.com\/de\/wp-json\/wp\/v2\/media\/12199"}],"wp:attachment":[{"href":"https:\/\/malin-krk.com\/de\/wp-json\/wp\/v2\/media?parent=3122"}],"curies":[{"name":"wp","href":"https:\/\/api.w.org\/{rel}","templated":true}]}}