{"id":31162,"date":"2024-11-26T10:18:50","date_gmt":"2024-11-26T09:18:50","guid":{"rendered":"https:\/\/malin-krk.com\/?page_id=31162"},"modified":"2024-12-04T11:27:42","modified_gmt":"2024-12-04T10:27:42","slug":"advent-im-hotel-malin","status":"publish","type":"page","link":"https:\/\/malin-krk.com\/de\/hotel-malin\/sonderangebote-des-hotels-malin\/advent-im-hotel-malin\/","title":{"rendered":"ADVENT IM HOTEL MALIN"},"content":{"rendered":"<!DOCTYPE html PUBLIC \"-\/\/W3C\/\/DTD HTML 4.0 Transitional\/\/EN\" \"http:\/\/www.w3.org\/TR\/REC-html40\/loose.dtd\">\n<html><body><p>Die sch&ouml;nste Zeit des Jahres ist da, voller Freude und Zeit mit den Liebsten. Dieses Jahr ist der Advent in Malinska voller Veranstaltungen und wir freuen uns, Ihr bester Gastgeber zu sein. Es wird viele Veranstaltungen geben, von Unterhaltung f&uuml;r die Kleinen, wie lustige Workshops und Auff&uuml;hrungen, bis hin zu Abendpartys mit tollen Bands, die Hits spielen, die uns allen am Herzen liegen. Das Adventsprogramm wird vom Tourismusverband Malinska organisiert und der Eintritt zu allen Veranstaltungen ist kostenlos. Im Dezember finden im Restaurant Mulino, das nur wenige Schritte vom Hotel Malin entfernt am Meer liegt, auch die Kabeljau-Tage statt, eine gastronomische Veranstaltung, die wir w&auml;rmstens empfehlen.<\/p>\n<h3><strong>Das Angebot beinhaltet:<\/strong><\/h3>\n<ul>\n<li>2 N&auml;chte f&uuml;r zwei Personen und 1 Kind bis 7 Jahre im Doppelzimmer mit Balkon<\/li>\n<li>2 x Halbpension (Fr&uuml;hst&uuml;ck und Abendessen)<\/li>\n<li>Kostenlose Nutzung des Innen- und Au&szlig;enpools im Wellness- und Spa-Center<\/li>\n<li>1 x Saunabenutzung w&auml;hrend des Aufenthaltes 120 Min. pro Person (Finnische Sauna, Biosauna, T&uuml;rkisches Bad, Infrarotsauna mit Himalaya-Salz) &ndash; nach Verf&uuml;gbarkeit und vorheriger Reservierung an der Wellnessrezeption<\/li>\n<li>Unbegrenzte Nutzung des Kinderspielplatzes und des Kinderspielzimmers im Freien<\/li>\n<li>M&ouml;glichkeit eines fr&uuml;hen Check-ins im Hotel (je nach Verf&uuml;gbarkeit)<\/li>\n<li>M&ouml;glichkeit eines sp&auml;ten Check-outs im Hotel (je nach Verf&uuml;gbarkeit)<\/li>\n<li>Kostenlose Parkpl&auml;tze (je nach Verf&uuml;gbarkeit)<\/li>\n<\/ul>\n<p><strong>Das Angebot ist g&uuml;ltig:<\/strong><\/p>\n<p>06.12. &ndash; 08.12.2024<\/p>\n<p>13.12. &ndash; 15.12.2024<\/p>\n<p>20.12. &ndash; 22.12.2024<\/p>\n<h3>Paketpreis: 249,00 &euro;<\/h3>\n<h3>Zuschl&auml;ge vor Ort<\/h3>\n<ul>\n<li>Aufpreis f&uuml;r Suite: 30 &euro; pro Nacht<\/li>\n<li>Verl&auml;ngerungsnacht 120,00 &euro; &ndash; auf Anfrage<\/li>\n<li>Ein Kind bis 6,99 g im Doppelzimmer. ist kostenlos, Kinder bis 7-11,99 Jahre alt. zahlt einen Aufpreis von 25,00 &euro; pro Nacht<\/li>\n<li>Erstes Kind bis 11,99 Jahre in der Suite. ist kostenlos, das zweite Kind bis 11,99 g. zahlt einen Aufpreis von 25,00 &euro; pro Nacht<\/li>\n<li>Dritter Erwachsener im Zustellbett 70,00 &euro; pro Person\/Nacht.<\/li>\n<li>Kinderbett f&uuml;r Kinder bis 3 Jahre: 7,00 &euro; pro Nacht.<\/li>\n<li>Kurtaxe 1,00 &euro; pro Person\/Nacht. Kinder bis 12 Jahre. Sie zahlen keine Aufenthaltssteuer.<\/li>\n<\/ul>\n<h5>Beschreibung der Zimmer und Suiten:<\/h5>\n<p><em><strong>Doppelzimmer mit Balkon:<\/strong><\/em> Das Zimmer ist klimatisiert und mit SAT-TV, Telefon, Schlafsofa (f&uuml;r 1 Person), Schreibtisch, Minibar, Safe und Haartrockner ausgestattet.<\/p>\n<p><em><strong>Die Familiensuite<\/strong><\/em> besteht aus einem Schlafzimmer mit Doppelbett und einem Wohnzimmer mit Schlafsofa. Das Zimmer ist mit SAT-TV, Telefon, Schreibtisch, Minibar, Safe und Haartrockner ausgestattet.<\/p>\n\n\t\t\t\t\t\t<ul class='img-galerija list-inline list-unstyled fancybox-show-nav'>\n\n\t\t\t\t\t\t\t\n\t\t\t\t\t\t\t<li class=\"col-md-4 col-sm-6 col-xs-4 thumb-wrapper\">\n\t\t\t\t\t\t\t\t<a class=\"fancybox\" data-fancybox=\"group\" rel=\"group\" data-title=\"ADVENT IM HOTEL MALIN\" href=\"https:\/\/malin-krk.com\/wp-content\/uploads\/2022\/12\/ng-hotel-malin-39.jpg\" data-title=\"ADVENT IM HOTEL MALIN\">\n\t\t\t\t\t\t\t\t\t<img decoding=\"async\" class=\"thumb img-responsive\" src=\"https:\/\/malin-krk.com\/wp-content\/uploads\/2022\/12\/ng-hotel-malin-39-400x400.jpg\" alt=\"ADVENT IM HOTEL MALIN\">\n\t\t\t\t\t\t\t\t<\/a>\n\t\t\t\t\t\t\t<\/li>\n\n\t\t\t\t\t\t\t\n\t\t\t\t\t\t\t<li class=\"col-md-4 col-sm-6 col-xs-4 thumb-wrapper\">\n\t\t\t\t\t\t\t\t<a class=\"fancybox\" data-fancybox=\"group\" rel=\"group\" data-title=\"ADVENT IM HOTEL MALIN\" href=\"https:\/\/malin-krk.com\/wp-content\/uploads\/2022\/12\/IMG_1050L-1.jpg\" data-title=\"ADVENT IM HOTEL MALIN\">\n\t\t\t\t\t\t\t\t\t<img decoding=\"async\" class=\"thumb img-responsive\" src=\"https:\/\/malin-krk.com\/wp-content\/uploads\/2022\/12\/IMG_1050L-1-400x400.jpg\" alt=\"ADVENT IM HOTEL MALIN\">\n\t\t\t\t\t\t\t\t<\/a>\n\t\t\t\t\t\t\t<\/li>\n\n\t\t\t\t\t\t\t\n\t\t\t\t\t\t\t<li class=\"col-md-4 col-sm-6 col-xs-4 thumb-wrapper\">\n\t\t\t\t\t\t\t\t<a class=\"fancybox\" data-fancybox=\"group\" rel=\"group\" data-title=\"ADVENT IM HOTEL MALIN\" href=\"https:\/\/malin-krk.com\/wp-content\/uploads\/2022\/12\/IMG_1053L.jpg\" data-title=\"ADVENT IM HOTEL MALIN\">\n\t\t\t\t\t\t\t\t\t<img decoding=\"async\" class=\"thumb img-responsive\" src=\"https:\/\/malin-krk.com\/wp-content\/uploads\/2022\/12\/IMG_1053L-400x400.jpg\" alt=\"ADVENT IM HOTEL MALIN\">\n\t\t\t\t\t\t\t\t<\/a>\n\t\t\t\t\t\t\t<\/li>\n\n\t\t\t\t\t\t\t\t\t\t\t\t\t<\/ul>\n\t\t\t\t\t\t\n<h3><strong><a href=\"https:\/\/malin-krk.com\/de\/gastronomie\/gastroangebot\/kabeljaustage-im-restaurant-mulino\/\">Kabeljau-Tage im Restaurant Mulino<\/a><\/strong><\/h3>\n<p><img decoding=\"async\" class=\"aligncenter wp-image-31169 size-large\" src=\"https:\/\/malin-krk.com\/wp-content\/uploads\/2024\/11\/Copy-of-Untitled-Design-4-1024x577.png\" alt=\"\" width=\"1024\" height=\"577\" srcset=\"https:\/\/malin-krk.com\/wp-content\/uploads\/2024\/11\/Copy-of-Untitled-Design-4-1024x577.png 1024w, https:\/\/malin-krk.com\/wp-content\/uploads\/2024\/11\/Copy-of-Untitled-Design-4-300x169.png 300w, https:\/\/malin-krk.com\/wp-content\/uploads\/2024\/11\/Copy-of-Untitled-Design-4-768x433.png 768w, https:\/\/malin-krk.com\/wp-content\/uploads\/2024\/11\/Copy-of-Untitled-Design-4-1536x865.png 1536w, https:\/\/malin-krk.com\/wp-content\/uploads\/2024\/11\/Copy-of-Untitled-Design-4.png 1640w\" sizes=\"(max-width: 1024px) 100vw, 1024px\" \/><\/p>\n<h3><strong><a href=\"https:\/\/www.visitmalinska.com\/advent-u-malinskoj-2024\/\">Advent in Malinska<\/a><\/strong><\/h3>\n<p><a href=\"https:\/\/malin-krk.com\/blog\/advent-u-malinskoj\/\"><img decoding=\"async\" class=\"aligncenter wp-image-26348\" src=\"https:\/\/malin-krk.com\/wp-content\/uploads\/2022\/12\/Djed-Mraz_SMANJENI17%EF%BF%BD_TZ-MALINSKA_17122021-13-Copy-1-300x200.jpg\" alt=\"\" width=\"821\" height=\"547\"><\/a><\/p>\n<h3><strong>Informationen und Reservierungen<\/strong><\/h3>\n\n<div class=\"wpcf7 no-js\" id=\"wpcf7-f863-o1\" lang=\"hr-HR\" dir=\"ltr\" data-wpcf7-id=\"863\">\n<div class=\"screen-reader-response\"><p role=\"status\" aria-live=\"polite\" aria-atomic=\"true\"><\/p> <ul><\/ul><\/div>\n<form action=\"\/de\/wp-json\/wp\/v2\/pages\/31162#wpcf7-f863-o1\" method=\"post\" class=\"wpcf7-form init\" aria-label=\"Kontaktformular\" novalidate=\"novalidate\" data-status=\"init\">\n<fieldset class=\"hidden-fields-container\"><input type=\"hidden\" name=\"_wpcf7\" value=\"863\" \/><input type=\"hidden\" name=\"_wpcf7_version\" value=\"6.1.5\" \/><input type=\"hidden\" name=\"_wpcf7_locale\" value=\"hr_HR\" \/><input type=\"hidden\" name=\"_wpcf7_unit_tag\" value=\"wpcf7-f863-o1\" \/><input type=\"hidden\" name=\"_wpcf7_container_post\" value=\"0\" \/><input type=\"hidden\" name=\"_wpcf7_posted_data_hash\" value=\"\" \/>\n<\/fieldset>\n<p><label>Vor- und Nachname*<br \/>\n<span class=\"wpcf7-form-control-wrap\" data-name=\"your-name\"><input size=\"40\" maxlength=\"400\" class=\"wpcf7-form-control wpcf7-text wpcf7-validates-as-required\" aria-required=\"true\" aria-invalid=\"false\" value=\"\" type=\"text\" name=\"your-name\" \/><\/span> <\/label>\n<\/p>\n<p><label>E-mail*<br \/>\n<span class=\"wpcf7-form-control-wrap\" data-name=\"your-email\"><input size=\"40\" maxlength=\"400\" class=\"wpcf7-form-control wpcf7-email wpcf7-validates-as-required wpcf7-text wpcf7-validates-as-email\" aria-required=\"true\" aria-invalid=\"false\" value=\"\" type=\"email\" name=\"your-email\" \/><\/span> <\/label>\n<\/p>\n<p><label>Betreff*<br \/>\n<span class=\"wpcf7-form-control-wrap\" data-name=\"your-subject\"><input size=\"40\" maxlength=\"400\" class=\"wpcf7-form-control wpcf7-text wpcf7-validates-as-required\" aria-required=\"true\" aria-invalid=\"false\" value=\"\" type=\"text\" name=\"your-subject\" \/><\/span> <\/label>\n<\/p>\n<p><label>Ihre Nachricht*<br \/>\n<span class=\"wpcf7-form-control-wrap\" data-name=\"your-message\"><textarea cols=\"40\" rows=\"10\" maxlength=\"2000\" class=\"wpcf7-form-control wpcf7-textarea wpcf7-validates-as-required\" aria-required=\"true\" aria-invalid=\"false\" name=\"your-message\"><\/textarea><\/span> <\/label>\n<\/p>\n<p><label>Empf\u00e4nger<br \/>\n<span class=\"wpcf7-form-control-wrap\" data-name=\"your-recipient\"><select class=\"wpcf7-form-control wpcf7-select wpcf7-validates-as-required\" aria-required=\"true\" aria-invalid=\"false\" name=\"your-recipient\"><option value=\"\">&#8211; Bitte ausw\u00e4hlen &#8211;<\/option><option value=\"Hotel Malin\">Hotel Malin<\/option><option value=\"Villen &amp; appartements\">Villen &amp; appartements<\/option><option value=\"Mobilheime\">Mobilheime<\/option><option value=\"Camp Tiha \u0160ilo\">Camp Tiha \u0160ilo<\/option><\/select><\/span><\/label>\n<\/p>\n<p><label>Captcha<br \/>\n<input type=\"hidden\" name=\"_wpcf7_captcha_challenge_captcha-1\" value=\"547596288\" \/><img decoding=\"async\" class=\"wpcf7-form-control wpcf7-captchac wpcf7-captcha-captcha-1\" width=\"84\" height=\"28\" alt=\"captcha\" src=\"https:\/\/malin-krk.com\/wp-content\/uploads\/wpcf7_captcha\/547596288.png\" \/><span class=\"wpcf7-form-control-wrap\" data-name=\"captcha-1\"><input size=\"40\" maxlength=\"100\" class=\"wpcf7-form-control wpcf7-captchar\" autocomplete=\"off\" aria-invalid=\"false\" placeholder=\"Zeichen eingeben\" value=\"\" type=\"text\" name=\"captcha-1\" \/><\/span><br \/>\n<\/label>\n<\/p>\n<p><span class=\"wpcf7-form-control-wrap\" data-name=\"your-consent\"><span class=\"wpcf7-form-control wpcf7-acceptance\"><span class=\"wpcf7-list-item\"><label><input type=\"checkbox\" name=\"your-consent\" value=\"1\" aria-invalid=\"false\" \/><span class=\"wpcf7-list-item-label\">Bitte markieren, damit Sie der Speicherung Ihrer Daten gem\u00e4\u00df den Richtlinien angef\u00fchrt in unserer <a href=\"https:\/\/malin-krk.com\/de\/allgemeine-nutzungsbedingungen\/\">Datenschutzerkl\u00e4rung zustimmen<\/a><\/span><\/label><\/span><\/span><\/span>\n<\/p>\n<p><input class=\"wpcf7-form-control wpcf7-submit has-spinner btn\" type=\"submit\" value=\"Senden\" \/>\n<\/p><div class=\"wpcf7-response-output\" aria-hidden=\"true\"><\/div>\n<\/form>\n<\/div>\n\n<\/body><\/html>\n","protected":false},"excerpt":{"rendered":"<p>Die sch&ouml;nste Zeit des Jahres ist da, voller Freude und Zeit mit den Liebsten. Dieses Jahr ist der Advent in Malinska voller Veranstaltungen und wir freuen uns, Ihr bester Gastgeber zu sein. Es wird viele Veranstaltungen geben, von Unterhaltung f&uuml;r die Kleinen, wie lustige Workshops und Auff&uuml;hrungen, bis hin zu Abendpartys mit tollen Bands, die [&hellip;]<\/p>\n","protected":false},"author":2,"featured_media":26314,"parent":1339,"menu_order":0,"comment_status":"closed","ping_status":"closed","template":"","meta":{"_acf_changed":false,"footnotes":""},"class_list":["post-31162","page","type-page","status-publish","has-post-thumbnail","hentry"],"acf":[],"yoast_head":"<!-- This site is optimized with the Yoast SEO plugin v27.5 - https:\/\/yoast.com\/product\/yoast-seo-wordpress\/ -->\n<title>ADVENT IM HOTEL MALIN - Malin Krk<\/title>\n<meta name=\"description\" content=\"Genie\u00dfen Sie diesen Advent das Urlaubsangebot des Hotels Malin auf der Insel Krk sowie das Adventsprogramm in Malinska.\" \/>\n<meta name=\"robots\" content=\"index, follow, max-snippet:-1, max-image-preview:large, max-video-preview:-1\" \/>\n<link rel=\"canonical\" href=\"https:\/\/malin-krk.com\/de\/hotel-malin\/sonderangebote-des-hotels-malin\/advent-im-hotel-malin\/\" \/>\n<meta property=\"og:locale\" content=\"de_DE\" \/>\n<meta property=\"og:type\" content=\"article\" \/>\n<meta property=\"og:title\" content=\"ADVENT IM HOTEL MALIN - Malin Krk\" \/>\n<meta property=\"og:description\" content=\"Genie\u00dfen Sie diesen Advent das Urlaubsangebot des Hotels Malin auf der Insel Krk sowie das Adventsprogramm in Malinska.\" \/>\n<meta property=\"og:url\" content=\"https:\/\/malin-krk.com\/de\/hotel-malin\/sonderangebote-des-hotels-malin\/advent-im-hotel-malin\/\" \/>\n<meta property=\"og:site_name\" content=\"Malin Krk\" \/>\n<meta property=\"article:publisher\" content=\"https:\/\/www.facebook.com\/hotelmalin\/\" \/>\n<meta property=\"article:modified_time\" content=\"2024-12-04T10:27:42+00:00\" \/>\n<meta property=\"og:image\" content=\"https:\/\/malin-krk.com\/wp-content\/uploads\/2022\/12\/IMG_1050L.jpg\" \/>\n\t<meta property=\"og:image:width\" content=\"2300\" \/>\n\t<meta property=\"og:image:height\" content=\"1534\" \/>\n\t<meta property=\"og:image:type\" content=\"image\/jpeg\" \/>\n<meta name=\"twitter:card\" content=\"summary_large_image\" \/>\n<script type=\"application\/ld+json\" class=\"yoast-schema-graph\">{\"@context\":\"https:\\\/\\\/schema.org\",\"@graph\":[{\"@type\":\"WebPage\",\"@id\":\"https:\\\/\\\/malin-krk.com\\\/de\\\/hotel-malin\\\/sonderangebote-des-hotels-malin\\\/advent-im-hotel-malin\\\/\",\"url\":\"https:\\\/\\\/malin-krk.com\\\/de\\\/hotel-malin\\\/sonderangebote-des-hotels-malin\\\/advent-im-hotel-malin\\\/\",\"name\":\"ADVENT IM HOTEL MALIN - Malin Krk\",\"isPartOf\":{\"@id\":\"https:\\\/\\\/malin-krk.com\\\/#website\"},\"primaryImageOfPage\":{\"@id\":\"https:\\\/\\\/malin-krk.com\\\/de\\\/hotel-malin\\\/sonderangebote-des-hotels-malin\\\/advent-im-hotel-malin\\\/#primaryimage\"},\"image\":{\"@id\":\"https:\\\/\\\/malin-krk.com\\\/de\\\/hotel-malin\\\/sonderangebote-des-hotels-malin\\\/advent-im-hotel-malin\\\/#primaryimage\"},\"thumbnailUrl\":\"https:\\\/\\\/malin-krk.com\\\/wp-content\\\/uploads\\\/2022\\\/12\\\/IMG_1050L.jpg\",\"datePublished\":\"2024-11-26T09:18:50+00:00\",\"dateModified\":\"2024-12-04T10:27:42+00:00\",\"description\":\"Genie\u00dfen Sie diesen Advent das Urlaubsangebot des Hotels Malin auf der Insel Krk sowie das Adventsprogramm in Malinska.\",\"breadcrumb\":{\"@id\":\"https:\\\/\\\/malin-krk.com\\\/de\\\/hotel-malin\\\/sonderangebote-des-hotels-malin\\\/advent-im-hotel-malin\\\/#breadcrumb\"},\"inLanguage\":\"de\",\"potentialAction\":[{\"@type\":\"ReadAction\",\"target\":[\"https:\\\/\\\/malin-krk.com\\\/de\\\/hotel-malin\\\/sonderangebote-des-hotels-malin\\\/advent-im-hotel-malin\\\/\"]}]},{\"@type\":\"ImageObject\",\"inLanguage\":\"de\",\"@id\":\"https:\\\/\\\/malin-krk.com\\\/de\\\/hotel-malin\\\/sonderangebote-des-hotels-malin\\\/advent-im-hotel-malin\\\/#primaryimage\",\"url\":\"https:\\\/\\\/malin-krk.com\\\/wp-content\\\/uploads\\\/2022\\\/12\\\/IMG_1050L.jpg\",\"contentUrl\":\"https:\\\/\\\/malin-krk.com\\\/wp-content\\\/uploads\\\/2022\\\/12\\\/IMG_1050L.jpg\",\"width\":2300,\"height\":1534},{\"@type\":\"BreadcrumbList\",\"@id\":\"https:\\\/\\\/malin-krk.com\\\/de\\\/hotel-malin\\\/sonderangebote-des-hotels-malin\\\/advent-im-hotel-malin\\\/#breadcrumb\",\"itemListElement\":[{\"@type\":\"ListItem\",\"position\":1,\"name\":\"Home\",\"item\":\"https:\\\/\\\/malin-krk.com\\\/de\\\/\"},{\"@type\":\"ListItem\",\"position\":2,\"name\":\"Hotel Malin\",\"item\":\"https:\\\/\\\/malin-krk.com\\\/de\\\/hotel-malin\\\/\"},{\"@type\":\"ListItem\",\"position\":3,\"name\":\"Advent im Malin Hotel\",\"item\":\"https:\\\/\\\/malin-krk.com\\\/de\\\/hotel-malin\\\/sonderangebote-des-hotels-malin\\\/\"},{\"@type\":\"ListItem\",\"position\":4,\"name\":\"ADVENT IM HOTEL MALIN\"}]},{\"@type\":\"WebSite\",\"@id\":\"https:\\\/\\\/malin-krk.com\\\/#website\",\"url\":\"https:\\\/\\\/malin-krk.com\\\/\",\"name\":\"Malin Krk\",\"description\":\"\",\"publisher\":{\"@id\":\"https:\\\/\\\/malin-krk.com\\\/#organization\"},\"potentialAction\":[{\"@type\":\"SearchAction\",\"target\":{\"@type\":\"EntryPoint\",\"urlTemplate\":\"https:\\\/\\\/malin-krk.com\\\/?s={search_term_string}\"},\"query-input\":{\"@type\":\"PropertyValueSpecification\",\"valueRequired\":true,\"valueName\":\"search_term_string\"}}],\"inLanguage\":\"de\"},{\"@type\":\"Organization\",\"@id\":\"https:\\\/\\\/malin-krk.com\\\/#organization\",\"name\":\"Malin Krk\",\"url\":\"https:\\\/\\\/malin-krk.com\\\/\",\"logo\":{\"@type\":\"ImageObject\",\"inLanguage\":\"de\",\"@id\":\"https:\\\/\\\/malin-krk.com\\\/#\\\/schema\\\/logo\\\/image\\\/\",\"url\":\"https:\\\/\\\/malin-krk.com\\\/wp-content\\\/uploads\\\/2024\\\/02\\\/malin-logo.jpg\",\"contentUrl\":\"https:\\\/\\\/malin-krk.com\\\/wp-content\\\/uploads\\\/2024\\\/02\\\/malin-logo.jpg\",\"width\":280,\"height\":96,\"caption\":\"Malin Krk\"},\"image\":{\"@id\":\"https:\\\/\\\/malin-krk.com\\\/#\\\/schema\\\/logo\\\/image\\\/\"},\"sameAs\":[\"https:\\\/\\\/www.facebook.com\\\/hotelmalin\\\/\"]}]}<\/script>\n<!-- \/ Yoast SEO plugin. -->","yoast_head_json":{"title":"ADVENT IM HOTEL MALIN - Malin Krk","description":"Genie\u00dfen Sie diesen Advent das Urlaubsangebot des Hotels Malin auf der Insel Krk sowie das Adventsprogramm in Malinska.","robots":{"index":"index","follow":"follow","max-snippet":"max-snippet:-1","max-image-preview":"max-image-preview:large","max-video-preview":"max-video-preview:-1"},"canonical":"https:\/\/malin-krk.com\/de\/hotel-malin\/sonderangebote-des-hotels-malin\/advent-im-hotel-malin\/","og_locale":"de_DE","og_type":"article","og_title":"ADVENT IM HOTEL MALIN - Malin Krk","og_description":"Genie\u00dfen Sie diesen Advent das Urlaubsangebot des Hotels Malin auf der Insel Krk sowie das Adventsprogramm in Malinska.","og_url":"https:\/\/malin-krk.com\/de\/hotel-malin\/sonderangebote-des-hotels-malin\/advent-im-hotel-malin\/","og_site_name":"Malin Krk","article_publisher":"https:\/\/www.facebook.com\/hotelmalin\/","article_modified_time":"2024-12-04T10:27:42+00:00","og_image":[{"width":2300,"height":1534,"url":"https:\/\/malin-krk.com\/wp-content\/uploads\/2022\/12\/IMG_1050L.jpg","type":"image\/jpeg"}],"twitter_card":"summary_large_image","schema":{"@context":"https:\/\/schema.org","@graph":[{"@type":"WebPage","@id":"https:\/\/malin-krk.com\/de\/hotel-malin\/sonderangebote-des-hotels-malin\/advent-im-hotel-malin\/","url":"https:\/\/malin-krk.com\/de\/hotel-malin\/sonderangebote-des-hotels-malin\/advent-im-hotel-malin\/","name":"ADVENT IM HOTEL MALIN - Malin Krk","isPartOf":{"@id":"https:\/\/malin-krk.com\/#website"},"primaryImageOfPage":{"@id":"https:\/\/malin-krk.com\/de\/hotel-malin\/sonderangebote-des-hotels-malin\/advent-im-hotel-malin\/#primaryimage"},"image":{"@id":"https:\/\/malin-krk.com\/de\/hotel-malin\/sonderangebote-des-hotels-malin\/advent-im-hotel-malin\/#primaryimage"},"thumbnailUrl":"https:\/\/malin-krk.com\/wp-content\/uploads\/2022\/12\/IMG_1050L.jpg","datePublished":"2024-11-26T09:18:50+00:00","dateModified":"2024-12-04T10:27:42+00:00","description":"Genie\u00dfen Sie diesen Advent das Urlaubsangebot des Hotels Malin auf der Insel Krk sowie das Adventsprogramm in Malinska.","breadcrumb":{"@id":"https:\/\/malin-krk.com\/de\/hotel-malin\/sonderangebote-des-hotels-malin\/advent-im-hotel-malin\/#breadcrumb"},"inLanguage":"de","potentialAction":[{"@type":"ReadAction","target":["https:\/\/malin-krk.com\/de\/hotel-malin\/sonderangebote-des-hotels-malin\/advent-im-hotel-malin\/"]}]},{"@type":"ImageObject","inLanguage":"de","@id":"https:\/\/malin-krk.com\/de\/hotel-malin\/sonderangebote-des-hotels-malin\/advent-im-hotel-malin\/#primaryimage","url":"https:\/\/malin-krk.com\/wp-content\/uploads\/2022\/12\/IMG_1050L.jpg","contentUrl":"https:\/\/malin-krk.com\/wp-content\/uploads\/2022\/12\/IMG_1050L.jpg","width":2300,"height":1534},{"@type":"BreadcrumbList","@id":"https:\/\/malin-krk.com\/de\/hotel-malin\/sonderangebote-des-hotels-malin\/advent-im-hotel-malin\/#breadcrumb","itemListElement":[{"@type":"ListItem","position":1,"name":"Home","item":"https:\/\/malin-krk.com\/de\/"},{"@type":"ListItem","position":2,"name":"Hotel Malin","item":"https:\/\/malin-krk.com\/de\/hotel-malin\/"},{"@type":"ListItem","position":3,"name":"Advent im Malin Hotel","item":"https:\/\/malin-krk.com\/de\/hotel-malin\/sonderangebote-des-hotels-malin\/"},{"@type":"ListItem","position":4,"name":"ADVENT IM HOTEL MALIN"}]},{"@type":"WebSite","@id":"https:\/\/malin-krk.com\/#website","url":"https:\/\/malin-krk.com\/","name":"Malin Krk","description":"","publisher":{"@id":"https:\/\/malin-krk.com\/#organization"},"potentialAction":[{"@type":"SearchAction","target":{"@type":"EntryPoint","urlTemplate":"https:\/\/malin-krk.com\/?s={search_term_string}"},"query-input":{"@type":"PropertyValueSpecification","valueRequired":true,"valueName":"search_term_string"}}],"inLanguage":"de"},{"@type":"Organization","@id":"https:\/\/malin-krk.com\/#organization","name":"Malin Krk","url":"https:\/\/malin-krk.com\/","logo":{"@type":"ImageObject","inLanguage":"de","@id":"https:\/\/malin-krk.com\/#\/schema\/logo\/image\/","url":"https:\/\/malin-krk.com\/wp-content\/uploads\/2024\/02\/malin-logo.jpg","contentUrl":"https:\/\/malin-krk.com\/wp-content\/uploads\/2024\/02\/malin-logo.jpg","width":280,"height":96,"caption":"Malin Krk"},"image":{"@id":"https:\/\/malin-krk.com\/#\/schema\/logo\/image\/"},"sameAs":["https:\/\/www.facebook.com\/hotelmalin\/"]}]}},"_links":{"self":[{"href":"https:\/\/malin-krk.com\/de\/wp-json\/wp\/v2\/pages\/31162","targetHints":{"allow":["GET"]}}],"collection":[{"href":"https:\/\/malin-krk.com\/de\/wp-json\/wp\/v2\/pages"}],"about":[{"href":"https:\/\/malin-krk.com\/de\/wp-json\/wp\/v2\/types\/page"}],"author":[{"embeddable":true,"href":"https:\/\/malin-krk.com\/de\/wp-json\/wp\/v2\/users\/2"}],"replies":[{"embeddable":true,"href":"https:\/\/malin-krk.com\/de\/wp-json\/wp\/v2\/comments?post=31162"}],"version-history":[{"count":21,"href":"https:\/\/malin-krk.com\/de\/wp-json\/wp\/v2\/pages\/31162\/revisions"}],"predecessor-version":[{"id":31342,"href":"https:\/\/malin-krk.com\/de\/wp-json\/wp\/v2\/pages\/31162\/revisions\/31342"}],"up":[{"embeddable":true,"href":"https:\/\/malin-krk.com\/de\/wp-json\/wp\/v2\/pages\/1339"}],"wp:featuredmedia":[{"embeddable":true,"href":"https:\/\/malin-krk.com\/de\/wp-json\/wp\/v2\/media\/26314"}],"wp:attachment":[{"href":"https:\/\/malin-krk.com\/de\/wp-json\/wp\/v2\/media?parent=31162"}],"curies":[{"name":"wp","href":"https:\/\/api.w.org\/{rel}","templated":true}]}}