{"id":30693,"date":"2024-09-20T15:07:12","date_gmt":"2024-09-20T13:07:12","guid":{"rendered":"https:\/\/malin-krk.com\/?page_id=30693"},"modified":"2024-10-29T15:09:47","modified_gmt":"2024-10-29T14:09:47","slug":"herbst-wellness-urlaub","status":"publish","type":"page","link":"https:\/\/malin-krk.com\/de\/herbst-wellness-urlaub\/","title":{"rendered":"HERBST WELLNESS URLAUB"},"content":{"rendered":"<!DOCTYPE html PUBLIC \"-\/\/W3C\/\/DTD HTML 4.0 Transitional\/\/EN\" \"http:\/\/www.w3.org\/TR\/REC-html40\/loose.dtd\">\n<html><body><p>Erleben Sie den Zauber des Herbstes mit unserem neuen <strong>Herbst-SPA-Break<\/strong>-Paket im Hotel Malin. Malinska, in warmen Herbstt&ouml;nen gehalten, ist ein idealer Ort zum Entspannen und Entdecken. Verbringen Sie Zeit beim Spazierengehen auf den zahlreichen Wegen am Meer und genie&szlig;en Sie den Duft der Kiefern und das milde mediterrane Klima. Im Rahmen des Pakets k&ouml;nnen Sie in unserer Sauna entspannen und den Innen- und Au&szlig;enpool nutzen. Geben Sie sich der Ruhe und Harmonie unseres Wellnesscenters hin und tanken Sie neue Energie f&uuml;r die kommenden Tage.<\/p>\n<p>&nbsp;<\/p>\n<p><strong>Das Paket beinhaltet:<\/strong><\/p>\n<p>&bull; 2 Halbpensionen f&uuml;r zwei Personen im Doppelzimmer mit Balkon<\/p>\n<p>&bull; 1 x Saunanutzung w&auml;hrend des Aufenthalts f&uuml;r 120 Min. pro Person (Finnische Sauna, Biosauna, T&uuml;rkisches Bad, Infrarotsauna mit Himalaya-Salz) &ndash; je nach Verf&uuml;gbarkeit und vorheriger Reservierung an der Wellness-Rezeption<\/p>\n<p>&bull; Unbegrenzte kostenlose Nutzung des Innenpools<\/p>\n<p>&bull; M&ouml;glichkeit zum fr&uuml;hen Check-in und sp&auml;ten Check-out im Hotel (je nach Verf&uuml;gbarkeit)<\/p>\n<p>&bull; Kostenloses Parken auf dem offenen Parkplatz<\/p>\n<p>&bull; Kostenloses WLAN<\/p>\n<p>&nbsp;<\/p>\n<p><strong>Paketpreis: 280,00 &euro;<\/strong><\/p>\n<p>Das Angebot gilt nur f&uuml;r Aufenthalte von Montag bis Freitag<\/p>\n\n\t\t\t\t\t\t<ul class='img-galerija list-inline list-unstyled fancybox-show-nav'>\n\n\t\t\t\t\t\t\t\n\t\t\t\t\t\t\t<li class=\"col-md-4 col-sm-6 col-xs-4 thumb-wrapper\">\n\t\t\t\t\t\t\t\t<a class=\"fancybox\" data-fancybox=\"group\" rel=\"group\" data-title=\"HERBST WELLNESS URLAUB\" href=\"https:\/\/malin-krk.com\/wp-content\/uploads\/2023\/10\/HOTEL_MALIN_SOBA-0001.jpg\" data-title=\"HERBST WELLNESS URLAUB\">\n\t\t\t\t\t\t\t\t\t<img decoding=\"async\" class=\"thumb img-responsive\" src=\"https:\/\/malin-krk.com\/wp-content\/uploads\/2023\/10\/HOTEL_MALIN_SOBA-0001-400x400.jpg\" alt=\"HERBST WELLNESS URLAUB\">\n\t\t\t\t\t\t\t\t<\/a>\n\t\t\t\t\t\t\t<\/li>\n\n\t\t\t\t\t\t\t\n\t\t\t\t\t\t\t<li class=\"col-md-4 col-sm-6 col-xs-4 thumb-wrapper\">\n\t\t\t\t\t\t\t\t<a class=\"fancybox\" data-fancybox=\"group\" rel=\"group\" data-title=\"HERBST WELLNESS URLAUB\" href=\"https:\/\/malin-krk.com\/wp-content\/uploads\/2023\/02\/HOTEL_MALIN_SOBA-0020.jpg\" data-title=\"HERBST WELLNESS URLAUB\">\n\t\t\t\t\t\t\t\t\t<img decoding=\"async\" class=\"thumb img-responsive\" src=\"https:\/\/malin-krk.com\/wp-content\/uploads\/2023\/02\/HOTEL_MALIN_SOBA-0020-400x400.jpg\" alt=\"HERBST WELLNESS URLAUB\">\n\t\t\t\t\t\t\t\t<\/a>\n\t\t\t\t\t\t\t<\/li>\n\n\t\t\t\t\t\t\t\n\t\t\t\t\t\t\t<li class=\"col-md-4 col-sm-6 col-xs-4 thumb-wrapper\">\n\t\t\t\t\t\t\t\t<a class=\"fancybox\" data-fancybox=\"group\" rel=\"group\" data-title=\"HERBST WELLNESS URLAUB\" href=\"https:\/\/malin-krk.com\/wp-content\/uploads\/2023\/10\/IMG_2444-HDR.jpg\" data-title=\"HERBST WELLNESS URLAUB\">\n\t\t\t\t\t\t\t\t\t<img decoding=\"async\" class=\"thumb img-responsive\" src=\"https:\/\/malin-krk.com\/wp-content\/uploads\/2023\/10\/IMG_2444-HDR-400x400.jpg\" alt=\"HERBST WELLNESS URLAUB\">\n\t\t\t\t\t\t\t\t<\/a>\n\t\t\t\t\t\t\t<\/li>\n\n\t\t\t\t\t\t\t\n\t\t\t\t\t\t\t<li class=\"col-md-4 col-sm-6 col-xs-4 thumb-wrapper\">\n\t\t\t\t\t\t\t\t<a class=\"fancybox\" data-fancybox=\"group\" rel=\"group\" data-title=\"HERBST WELLNESS URLAUB\" href=\"https:\/\/malin-krk.com\/wp-content\/uploads\/2023\/10\/IMG_2374-HDR.jpg\" data-title=\"HERBST WELLNESS URLAUB\">\n\t\t\t\t\t\t\t\t\t<img decoding=\"async\" class=\"thumb img-responsive\" src=\"https:\/\/malin-krk.com\/wp-content\/uploads\/2023\/10\/IMG_2374-HDR-400x400.jpg\" alt=\"HERBST WELLNESS URLAUB\">\n\t\t\t\t\t\t\t\t<\/a>\n\t\t\t\t\t\t\t<\/li>\n\n\t\t\t\t\t\t\t\n\t\t\t\t\t\t\t<li class=\"col-md-4 col-sm-6 col-xs-4 thumb-wrapper\">\n\t\t\t\t\t\t\t\t<a class=\"fancybox\" data-fancybox=\"group\" rel=\"group\" data-title=\"HERBST WELLNESS URLAUB\" href=\"https:\/\/malin-krk.com\/wp-content\/uploads\/2024\/02\/rajska-cesta.jpg\" data-title=\"HERBST WELLNESS URLAUB\">\n\t\t\t\t\t\t\t\t\t<img decoding=\"async\" class=\"thumb img-responsive\" src=\"https:\/\/malin-krk.com\/wp-content\/uploads\/2024\/02\/rajska-cesta-400x400.jpg\" alt=\"HERBST WELLNESS URLAUB\">\n\t\t\t\t\t\t\t\t<\/a>\n\t\t\t\t\t\t\t<\/li>\n\n\t\t\t\t\t\t\t\n\t\t\t\t\t\t\t<li class=\"col-md-4 col-sm-6 col-xs-4 thumb-wrapper\">\n\t\t\t\t\t\t\t\t<a class=\"fancybox\" data-fancybox=\"group\" rel=\"group\" data-title=\"HERBST WELLNESS URLAUB\" href=\"https:\/\/malin-krk.com\/wp-content\/uploads\/2023\/10\/Hotel-Malin-45.jpg\" data-title=\"HERBST WELLNESS URLAUB\">\n\t\t\t\t\t\t\t\t\t<img decoding=\"async\" class=\"thumb img-responsive\" src=\"https:\/\/malin-krk.com\/wp-content\/uploads\/2023\/10\/Hotel-Malin-45-400x400.jpg\" alt=\"HERBST WELLNESS URLAUB\">\n\t\t\t\t\t\t\t\t<\/a>\n\t\t\t\t\t\t\t<\/li>\n\n\t\t\t\t\t\t\t\t\t\t\t\t\t<\/ul>\n\t\t\t\t\t\t\n<p>&nbsp;<\/p>\n<p>Die Kurtaxe betr&auml;gt 1,00 &euro; und wird pro Person und Nacht berechnet. Kinder bis 12 Jahre zahlen keine Kurtaxe, und Kinder von 12 bis 18 Jahren zahlen 50 % des Kurtaxenpreises.<\/p>\n<p>&nbsp;<\/p>\n<p><strong>Zuschl&auml;ge vor Ort (bei vorheriger Reservierung):<\/strong><br>\n&bull; Suite-Aufpreis: 30,00 &euro; pro Nacht<br>\n&bull; Verl&auml;ngerungsnacht 120,00 &euro;<br>\n&bull; Im Doppelzimmer ist ein Kind bis 6,99 Jahre frei, ein Kind bis 7-11,99 Jahre zahlt einen Aufpreis von 25,00 &euro; pro Nacht<br>\n&bull; In der Suite ist das erste Kind bis 11,99 Jahre frei, das zweite Kind bis 11,99 Jahre zahlt einen Aufpreis von 25,00 &euro; pro Nacht<br>\n&bull; Dritter Erwachsener im Zustellbett 70,00 &euro; pro Person\/Nacht.<br>\n&bull; Kinderbett f&uuml;r Kinder bis 3 Jahre: 7,00 &euro; pro Nacht.<\/p>\n<p>&nbsp;<\/p>\n<p><strong>Zimmerbeschreibung:<\/strong><\/p>\n<p>Doppelzimmer mit Balkon: Das Zimmer ist klimatisiert und mit SAT-TV, Telefon, Schlafsofa (f&uuml;r 1 Person), Schreibtisch, Minibar, Safe und Haartrockner ausgestattet.<\/p>\n<p><em>Familiensuite:<\/em> besteht aus einem Schlafzimmer mit Doppelbett und einem Wohnzimmer mit Schlafsofa. Das Zimmer ist mit Satellitenfernsehen, Telefon, Schreibtisch, Minibar, Safe und Haartrockner ausgestattet.<\/p>\n<p>&nbsp;<\/p>\n<p><strong>Reservierungen:<\/strong><\/p>\n<p>T: 00 385 (0)51 850 129 \/ 00385 (0)51 850 234<br>\nE: reservations@hotelmalin.com<\/p>\n<p>&nbsp;<\/p>\n\n<div class=\"wpcf7 no-js\" id=\"wpcf7-f863-o1\" lang=\"hr-HR\" dir=\"ltr\" data-wpcf7-id=\"863\">\n<div class=\"screen-reader-response\"><p role=\"status\" aria-live=\"polite\" aria-atomic=\"true\"><\/p> <ul><\/ul><\/div>\n<form action=\"\/de\/wp-json\/wp\/v2\/pages\/30693#wpcf7-f863-o1\" method=\"post\" class=\"wpcf7-form init\" aria-label=\"Kontaktformular\" novalidate=\"novalidate\" data-status=\"init\">\n<fieldset class=\"hidden-fields-container\"><input type=\"hidden\" name=\"_wpcf7\" value=\"863\" \/><input type=\"hidden\" name=\"_wpcf7_version\" value=\"6.1.5\" \/><input type=\"hidden\" name=\"_wpcf7_locale\" value=\"hr_HR\" \/><input type=\"hidden\" name=\"_wpcf7_unit_tag\" value=\"wpcf7-f863-o1\" \/><input type=\"hidden\" name=\"_wpcf7_container_post\" value=\"0\" \/><input type=\"hidden\" name=\"_wpcf7_posted_data_hash\" value=\"\" \/>\n<\/fieldset>\n<p><label>Vor- und Nachname*<br \/>\n<span class=\"wpcf7-form-control-wrap\" data-name=\"your-name\"><input size=\"40\" maxlength=\"400\" class=\"wpcf7-form-control wpcf7-text wpcf7-validates-as-required\" aria-required=\"true\" aria-invalid=\"false\" value=\"\" type=\"text\" name=\"your-name\" \/><\/span> <\/label>\n<\/p>\n<p><label>E-mail*<br \/>\n<span class=\"wpcf7-form-control-wrap\" data-name=\"your-email\"><input size=\"40\" maxlength=\"400\" class=\"wpcf7-form-control wpcf7-email wpcf7-validates-as-required wpcf7-text wpcf7-validates-as-email\" aria-required=\"true\" aria-invalid=\"false\" value=\"\" type=\"email\" name=\"your-email\" \/><\/span> <\/label>\n<\/p>\n<p><label>Betreff*<br \/>\n<span class=\"wpcf7-form-control-wrap\" data-name=\"your-subject\"><input size=\"40\" maxlength=\"400\" class=\"wpcf7-form-control wpcf7-text wpcf7-validates-as-required\" aria-required=\"true\" aria-invalid=\"false\" value=\"\" type=\"text\" name=\"your-subject\" \/><\/span> <\/label>\n<\/p>\n<p><label>Ihre Nachricht*<br \/>\n<span class=\"wpcf7-form-control-wrap\" data-name=\"your-message\"><textarea cols=\"40\" rows=\"10\" maxlength=\"2000\" class=\"wpcf7-form-control wpcf7-textarea wpcf7-validates-as-required\" aria-required=\"true\" aria-invalid=\"false\" name=\"your-message\"><\/textarea><\/span> <\/label>\n<\/p>\n<p><label>Empf\u00e4nger<br \/>\n<span class=\"wpcf7-form-control-wrap\" data-name=\"your-recipient\"><select class=\"wpcf7-form-control wpcf7-select wpcf7-validates-as-required\" aria-required=\"true\" aria-invalid=\"false\" name=\"your-recipient\"><option value=\"\">&#8211; Bitte ausw\u00e4hlen &#8211;<\/option><option value=\"Hotel Malin\">Hotel Malin<\/option><option value=\"Villen &amp; appartements\">Villen &amp; appartements<\/option><option value=\"Mobilheime\">Mobilheime<\/option><option value=\"Camp Tiha \u0160ilo\">Camp Tiha \u0160ilo<\/option><\/select><\/span><\/label>\n<\/p>\n<p><label>Captcha<br \/>\n<input type=\"hidden\" name=\"_wpcf7_captcha_challenge_captcha-1\" value=\"2786543569\" \/><img decoding=\"async\" class=\"wpcf7-form-control wpcf7-captchac wpcf7-captcha-captcha-1\" width=\"84\" height=\"28\" alt=\"captcha\" src=\"https:\/\/malin-krk.com\/wp-content\/uploads\/wpcf7_captcha\/2786543569.png\" \/><span class=\"wpcf7-form-control-wrap\" data-name=\"captcha-1\"><input size=\"40\" maxlength=\"100\" class=\"wpcf7-form-control wpcf7-captchar\" autocomplete=\"off\" aria-invalid=\"false\" placeholder=\"Zeichen eingeben\" value=\"\" type=\"text\" name=\"captcha-1\" \/><\/span><br \/>\n<\/label>\n<\/p>\n<p><span class=\"wpcf7-form-control-wrap\" data-name=\"your-consent\"><span class=\"wpcf7-form-control wpcf7-acceptance\"><span class=\"wpcf7-list-item\"><label><input type=\"checkbox\" name=\"your-consent\" value=\"1\" aria-invalid=\"false\" \/><span class=\"wpcf7-list-item-label\">Bitte markieren, damit Sie der Speicherung Ihrer Daten gem\u00e4\u00df den Richtlinien angef\u00fchrt in unserer <a href=\"https:\/\/malin-krk.com\/de\/allgemeine-nutzungsbedingungen\/\">Datenschutzerkl\u00e4rung zustimmen<\/a><\/span><\/label><\/span><\/span><\/span>\n<\/p>\n<p><input class=\"wpcf7-form-control wpcf7-submit has-spinner btn\" type=\"submit\" value=\"Senden\" \/>\n<\/p><div class=\"wpcf7-response-output\" aria-hidden=\"true\"><\/div>\n<\/form>\n<\/div>\n\n<\/body><\/html>\n","protected":false},"excerpt":{"rendered":"<p>Erleben Sie den Zauber des Herbstes mit unserem neuen Herbst-SPA-Break-Paket im Hotel Malin. Malinska, in warmen Herbstt&ouml;nen gehalten, ist ein idealer Ort zum Entspannen und Entdecken. Verbringen Sie Zeit beim Spazierengehen auf den zahlreichen Wegen am Meer und genie&szlig;en Sie den Duft der Kiefern und das milde mediterrane Klima. Im Rahmen des Pakets k&ouml;nnen Sie [&hellip;]<\/p>\n","protected":false},"author":2,"featured_media":28531,"parent":0,"menu_order":0,"comment_status":"closed","ping_status":"closed","template":"","meta":{"_acf_changed":false,"footnotes":""},"class_list":["post-30693","page","type-page","status-publish","has-post-thumbnail","hentry"],"acf":[],"yoast_head":"<!-- This site is optimized with the Yoast SEO plugin v27.5 - https:\/\/yoast.com\/product\/yoast-seo-wordpress\/ -->\n<title>HERBST WELLNESS URLAUB - Malin Krk<\/title>\n<meta name=\"description\" content=\"Erleben Sie den Zauber des Herbstes mit unserem neuen Herbst-SPA-Break-Paket im Hotel Malin. Malinska, in warmen Herbstt\u00f6nen gehalten, ist ein idealer Ort zum Entspannen und Entdecken.\" \/>\n<meta name=\"robots\" content=\"index, follow, max-snippet:-1, max-image-preview:large, max-video-preview:-1\" \/>\n<link rel=\"canonical\" href=\"https:\/\/malin-krk.com\/de\/herbst-wellness-urlaub\/\" \/>\n<meta property=\"og:locale\" content=\"de_DE\" \/>\n<meta property=\"og:type\" content=\"article\" \/>\n<meta property=\"og:title\" content=\"HERBST WELLNESS URLAUB - Malin Krk\" \/>\n<meta property=\"og:description\" content=\"Erleben Sie den Zauber des Herbstes mit unserem neuen Herbst-SPA-Break-Paket im Hotel Malin. Malinska, in warmen Herbstt\u00f6nen gehalten, ist ein idealer Ort zum Entspannen und Entdecken.\" \/>\n<meta property=\"og:url\" content=\"https:\/\/malin-krk.com\/de\/herbst-wellness-urlaub\/\" \/>\n<meta property=\"og:site_name\" content=\"Malin Krk\" \/>\n<meta property=\"article:publisher\" content=\"https:\/\/www.facebook.com\/hotelmalin\/\" \/>\n<meta property=\"article:modified_time\" content=\"2024-10-29T14:09:47+00:00\" \/>\n<meta property=\"og:image\" content=\"https:\/\/malin-krk.com\/wp-content\/uploads\/2023\/10\/Hotel-Malin-37-Copy.jpg\" \/>\n\t<meta property=\"og:image:width\" content=\"2300\" \/>\n\t<meta property=\"og:image:height\" content=\"1533\" \/>\n\t<meta property=\"og:image:type\" content=\"image\/jpeg\" \/>\n<meta name=\"twitter:card\" content=\"summary_large_image\" \/>\n<script type=\"application\/ld+json\" class=\"yoast-schema-graph\">{\"@context\":\"https:\\\/\\\/schema.org\",\"@graph\":[{\"@type\":\"WebPage\",\"@id\":\"https:\\\/\\\/malin-krk.com\\\/de\\\/herbst-wellness-urlaub\\\/\",\"url\":\"https:\\\/\\\/malin-krk.com\\\/de\\\/herbst-wellness-urlaub\\\/\",\"name\":\"HERBST WELLNESS URLAUB - Malin Krk\",\"isPartOf\":{\"@id\":\"https:\\\/\\\/malin-krk.com\\\/#website\"},\"primaryImageOfPage\":{\"@id\":\"https:\\\/\\\/malin-krk.com\\\/de\\\/herbst-wellness-urlaub\\\/#primaryimage\"},\"image\":{\"@id\":\"https:\\\/\\\/malin-krk.com\\\/de\\\/herbst-wellness-urlaub\\\/#primaryimage\"},\"thumbnailUrl\":\"https:\\\/\\\/malin-krk.com\\\/wp-content\\\/uploads\\\/2023\\\/10\\\/Hotel-Malin-37-Copy.jpg\",\"datePublished\":\"2024-09-20T13:07:12+00:00\",\"dateModified\":\"2024-10-29T14:09:47+00:00\",\"description\":\"Erleben Sie den Zauber des Herbstes mit unserem neuen Herbst-SPA-Break-Paket im Hotel Malin. Malinska, in warmen Herbstt\u00f6nen gehalten, ist ein idealer Ort zum Entspannen und Entdecken.\",\"breadcrumb\":{\"@id\":\"https:\\\/\\\/malin-krk.com\\\/de\\\/herbst-wellness-urlaub\\\/#breadcrumb\"},\"inLanguage\":\"de\",\"potentialAction\":[{\"@type\":\"ReadAction\",\"target\":[\"https:\\\/\\\/malin-krk.com\\\/de\\\/herbst-wellness-urlaub\\\/\"]}]},{\"@type\":\"ImageObject\",\"inLanguage\":\"de\",\"@id\":\"https:\\\/\\\/malin-krk.com\\\/de\\\/herbst-wellness-urlaub\\\/#primaryimage\",\"url\":\"https:\\\/\\\/malin-krk.com\\\/wp-content\\\/uploads\\\/2023\\\/10\\\/Hotel-Malin-37-Copy.jpg\",\"contentUrl\":\"https:\\\/\\\/malin-krk.com\\\/wp-content\\\/uploads\\\/2023\\\/10\\\/Hotel-Malin-37-Copy.jpg\",\"width\":2300,\"height\":1533},{\"@type\":\"BreadcrumbList\",\"@id\":\"https:\\\/\\\/malin-krk.com\\\/de\\\/herbst-wellness-urlaub\\\/#breadcrumb\",\"itemListElement\":[{\"@type\":\"ListItem\",\"position\":1,\"name\":\"Home\",\"item\":\"https:\\\/\\\/malin-krk.com\\\/de\\\/\"},{\"@type\":\"ListItem\",\"position\":2,\"name\":\"HERBST WELLNESS URLAUB\"}]},{\"@type\":\"WebSite\",\"@id\":\"https:\\\/\\\/malin-krk.com\\\/#website\",\"url\":\"https:\\\/\\\/malin-krk.com\\\/\",\"name\":\"Malin Krk\",\"description\":\"\",\"publisher\":{\"@id\":\"https:\\\/\\\/malin-krk.com\\\/#organization\"},\"potentialAction\":[{\"@type\":\"SearchAction\",\"target\":{\"@type\":\"EntryPoint\",\"urlTemplate\":\"https:\\\/\\\/malin-krk.com\\\/?s={search_term_string}\"},\"query-input\":{\"@type\":\"PropertyValueSpecification\",\"valueRequired\":true,\"valueName\":\"search_term_string\"}}],\"inLanguage\":\"de\"},{\"@type\":\"Organization\",\"@id\":\"https:\\\/\\\/malin-krk.com\\\/#organization\",\"name\":\"Malin Krk\",\"url\":\"https:\\\/\\\/malin-krk.com\\\/\",\"logo\":{\"@type\":\"ImageObject\",\"inLanguage\":\"de\",\"@id\":\"https:\\\/\\\/malin-krk.com\\\/#\\\/schema\\\/logo\\\/image\\\/\",\"url\":\"https:\\\/\\\/malin-krk.com\\\/wp-content\\\/uploads\\\/2024\\\/02\\\/malin-logo.jpg\",\"contentUrl\":\"https:\\\/\\\/malin-krk.com\\\/wp-content\\\/uploads\\\/2024\\\/02\\\/malin-logo.jpg\",\"width\":280,\"height\":96,\"caption\":\"Malin Krk\"},\"image\":{\"@id\":\"https:\\\/\\\/malin-krk.com\\\/#\\\/schema\\\/logo\\\/image\\\/\"},\"sameAs\":[\"https:\\\/\\\/www.facebook.com\\\/hotelmalin\\\/\"]}]}<\/script>\n<!-- \/ Yoast SEO plugin. -->","yoast_head_json":{"title":"HERBST WELLNESS URLAUB - Malin Krk","description":"Erleben Sie den Zauber des Herbstes mit unserem neuen Herbst-SPA-Break-Paket im Hotel Malin. Malinska, in warmen Herbstt\u00f6nen gehalten, ist ein idealer Ort zum Entspannen und Entdecken.","robots":{"index":"index","follow":"follow","max-snippet":"max-snippet:-1","max-image-preview":"max-image-preview:large","max-video-preview":"max-video-preview:-1"},"canonical":"https:\/\/malin-krk.com\/de\/herbst-wellness-urlaub\/","og_locale":"de_DE","og_type":"article","og_title":"HERBST WELLNESS URLAUB - Malin Krk","og_description":"Erleben Sie den Zauber des Herbstes mit unserem neuen Herbst-SPA-Break-Paket im Hotel Malin. Malinska, in warmen Herbstt\u00f6nen gehalten, ist ein idealer Ort zum Entspannen und Entdecken.","og_url":"https:\/\/malin-krk.com\/de\/herbst-wellness-urlaub\/","og_site_name":"Malin Krk","article_publisher":"https:\/\/www.facebook.com\/hotelmalin\/","article_modified_time":"2024-10-29T14:09:47+00:00","og_image":[{"width":2300,"height":1533,"url":"https:\/\/malin-krk.com\/wp-content\/uploads\/2023\/10\/Hotel-Malin-37-Copy.jpg","type":"image\/jpeg"}],"twitter_card":"summary_large_image","schema":{"@context":"https:\/\/schema.org","@graph":[{"@type":"WebPage","@id":"https:\/\/malin-krk.com\/de\/herbst-wellness-urlaub\/","url":"https:\/\/malin-krk.com\/de\/herbst-wellness-urlaub\/","name":"HERBST WELLNESS URLAUB - Malin Krk","isPartOf":{"@id":"https:\/\/malin-krk.com\/#website"},"primaryImageOfPage":{"@id":"https:\/\/malin-krk.com\/de\/herbst-wellness-urlaub\/#primaryimage"},"image":{"@id":"https:\/\/malin-krk.com\/de\/herbst-wellness-urlaub\/#primaryimage"},"thumbnailUrl":"https:\/\/malin-krk.com\/wp-content\/uploads\/2023\/10\/Hotel-Malin-37-Copy.jpg","datePublished":"2024-09-20T13:07:12+00:00","dateModified":"2024-10-29T14:09:47+00:00","description":"Erleben Sie den Zauber des Herbstes mit unserem neuen Herbst-SPA-Break-Paket im Hotel Malin. Malinska, in warmen Herbstt\u00f6nen gehalten, ist ein idealer Ort zum Entspannen und Entdecken.","breadcrumb":{"@id":"https:\/\/malin-krk.com\/de\/herbst-wellness-urlaub\/#breadcrumb"},"inLanguage":"de","potentialAction":[{"@type":"ReadAction","target":["https:\/\/malin-krk.com\/de\/herbst-wellness-urlaub\/"]}]},{"@type":"ImageObject","inLanguage":"de","@id":"https:\/\/malin-krk.com\/de\/herbst-wellness-urlaub\/#primaryimage","url":"https:\/\/malin-krk.com\/wp-content\/uploads\/2023\/10\/Hotel-Malin-37-Copy.jpg","contentUrl":"https:\/\/malin-krk.com\/wp-content\/uploads\/2023\/10\/Hotel-Malin-37-Copy.jpg","width":2300,"height":1533},{"@type":"BreadcrumbList","@id":"https:\/\/malin-krk.com\/de\/herbst-wellness-urlaub\/#breadcrumb","itemListElement":[{"@type":"ListItem","position":1,"name":"Home","item":"https:\/\/malin-krk.com\/de\/"},{"@type":"ListItem","position":2,"name":"HERBST WELLNESS URLAUB"}]},{"@type":"WebSite","@id":"https:\/\/malin-krk.com\/#website","url":"https:\/\/malin-krk.com\/","name":"Malin Krk","description":"","publisher":{"@id":"https:\/\/malin-krk.com\/#organization"},"potentialAction":[{"@type":"SearchAction","target":{"@type":"EntryPoint","urlTemplate":"https:\/\/malin-krk.com\/?s={search_term_string}"},"query-input":{"@type":"PropertyValueSpecification","valueRequired":true,"valueName":"search_term_string"}}],"inLanguage":"de"},{"@type":"Organization","@id":"https:\/\/malin-krk.com\/#organization","name":"Malin Krk","url":"https:\/\/malin-krk.com\/","logo":{"@type":"ImageObject","inLanguage":"de","@id":"https:\/\/malin-krk.com\/#\/schema\/logo\/image\/","url":"https:\/\/malin-krk.com\/wp-content\/uploads\/2024\/02\/malin-logo.jpg","contentUrl":"https:\/\/malin-krk.com\/wp-content\/uploads\/2024\/02\/malin-logo.jpg","width":280,"height":96,"caption":"Malin Krk"},"image":{"@id":"https:\/\/malin-krk.com\/#\/schema\/logo\/image\/"},"sameAs":["https:\/\/www.facebook.com\/hotelmalin\/"]}]}},"_links":{"self":[{"href":"https:\/\/malin-krk.com\/de\/wp-json\/wp\/v2\/pages\/30693","targetHints":{"allow":["GET"]}}],"collection":[{"href":"https:\/\/malin-krk.com\/de\/wp-json\/wp\/v2\/pages"}],"about":[{"href":"https:\/\/malin-krk.com\/de\/wp-json\/wp\/v2\/types\/page"}],"author":[{"embeddable":true,"href":"https:\/\/malin-krk.com\/de\/wp-json\/wp\/v2\/users\/2"}],"replies":[{"embeddable":true,"href":"https:\/\/malin-krk.com\/de\/wp-json\/wp\/v2\/comments?post=30693"}],"version-history":[{"count":4,"href":"https:\/\/malin-krk.com\/de\/wp-json\/wp\/v2\/pages\/30693\/revisions"}],"predecessor-version":[{"id":30832,"href":"https:\/\/malin-krk.com\/de\/wp-json\/wp\/v2\/pages\/30693\/revisions\/30832"}],"wp:featuredmedia":[{"embeddable":true,"href":"https:\/\/malin-krk.com\/de\/wp-json\/wp\/v2\/media\/28531"}],"wp:attachment":[{"href":"https:\/\/malin-krk.com\/de\/wp-json\/wp\/v2\/media?parent=30693"}],"curies":[{"name":"wp","href":"https:\/\/api.w.org\/{rel}","templated":true}]}}