{"id":29834,"date":"2021-03-24T20:18:03","date_gmt":"2021-03-24T19:18:03","guid":{"rendered":"https:\/\/malin-krk.com\/?page_id=29834"},"modified":"2024-06-03T10:13:24","modified_gmt":"2024-06-03T08:13:24","slug":"wellness-weekend-getaway","status":"publish","type":"page","link":"https:\/\/malin-krk.com\/de\/hotel-malin\/sonderangebote-des-hotels-malin\/wellness-weekend-getaway\/","title":{"rendered":"Wellness Getaway"},"content":{"rendered":"<!DOCTYPE html PUBLIC \"-\/\/W3C\/\/DTD HTML 4.0 Transitional\/\/EN\" \"http:\/\/www.w3.org\/TR\/REC-html40\/loose.dtd\">\n<html><body><p><strong>Wellness Getaway Paket<\/strong> ist der perfekte Grund f&uuml;r einen Kurztrip von der Stadt ans Meer. Entfliehen Sie dem Stress des Alltags und g&ouml;nnen Sie sich etwas Gutes mit unserem Wellness-Getaway-Paket. Das Wellness &amp; Spa Center des Malin Hotels bietet seinen G&auml;sten mit seinem einzigartigen Ambiente eine Oase der Ruhe und Entspannung, einen Ort, an dem Sie eine v&ouml;llige Revitalisierung von K&ouml;rper und Geist erleben k&ouml;nnen. Der Pool und die sonnige Terrasse bieten einen herrlichen Blick auf das Meer, w&auml;hrend Sie ein unvergessliches Wellness-Erlebnis genie&szlig;en.<\/p>\n<p>&nbsp;<\/p>\n<p><strong>Das Angebot gilt im Zeitraum: 21.05.-30.06.2024.<\/strong><\/p>\n<p>&nbsp;<\/p>\n<p><strong>Paket 1 beinhaltet:<\/strong><\/p>\n<p>&bull; 2 Halbpensionen f&uuml;r zwei Personen und ein Kind bis 12 Jahre <strong>im Doppelzimmer mit Balkon<\/strong><\/p>\n<p>&bull; Zum Abendessen sind alkoholfreie Getr&auml;nke aus dem Automaten inbegriffen.<\/p>\n<p>&bull; <strong>Unbegrenzte kostenfreie Nutzung des Innen- und Au&szlig;enpools mit Relax-Zone<\/strong><\/p>\n<p>&bull; <strong>Einmalige Nutzung der Sauna f&uuml;r 120 Min. w&auml;hrend des Aufenthalts<\/strong> (finnische Sauna, Infrarot in Kombination mit Himalaya-Salz, Biosauna und Dampfbad) mit vorheriger Reservierung (nur f&uuml;r Personen &uuml;ber 16 Jahre).<\/p>\n<p>&bull; M&ouml;glichkeit eines fr&uuml;hen Check-in\/sp&auml;ten Check-outs im Hotel (je nach Verf&uuml;gbarkeit)<\/p>\n<p>&bull; Gratis Wifi.<\/p>\n<p>&nbsp;<\/p>\n<p><strong>Paket 1: Paketpreis f&uuml;r 2 Personen und 1 Kind bis 12 Jahre: 379,00 &euro;<\/strong><\/p>\n<p>&nbsp;<\/p>\n<p><strong>Zuschl&auml;ge vor Ort:<\/strong><br>\n&bull; Suite-Zuschlag: 35,00 &euro; pro Tag<br>\n&bull; Aufpreis f&uuml;r ein Zimmer zur Meerseite: 15,00 &euro; pro Tag<br>\n&bull; Parken in der Garage: 15,00 &euro; pro Tag oder 10,00 &euro; auf dem Au&szlig;enparkplatz.<br>\n&bull; Eine Verl&auml;ngerungsnacht kostet 189,50 &euro; pro Tag.<br>\n&bull; Dritter Erwachsener 50,00 &euro; pro Tag im Zustellbett.<\/p>\n<p>&nbsp;<\/p>\n<p><strong>Zimmerbeschreibung:<\/strong><\/p>\n<p><strong>Doppelzimmer mit Balkon<\/strong> &ndash; Das Zimmer ist klimatisiert und mit SAT-TV, Telefon, Sofa (in den meisten Zimmern), Schreibtisch, Minibar, Safe und Haartrockner ausgestattet.<\/p>\n<p>&nbsp;<\/p>\n<p>*Die Kurtaxe betr&auml;gt 1,80 &euro; und wird pro Person und Nacht erhoben. Kinder bis 12 Jahre zahlen keine Kurtaxe, Kinder von 12 bis 18 Jahren zahlen 50 % der Kurtaxe.<\/p>\n<p>*Das Paket gilt f&uuml;r alle Wochentage.<\/p>\n<p>&nbsp;<\/p>\n\n\t\t\t\t\t\t<ul class='img-galerija list-inline list-unstyled fancybox-show-nav'>\n\n\t\t\t\t\t\t\t\n\t\t\t\t\t\t\t<li class=\"col-md-4 col-sm-6 col-xs-4 thumb-wrapper\">\n\t\t\t\t\t\t\t\t<a class=\"fancybox\" data-fancybox=\"group\" rel=\"group\" data-title=\"Wellness Getaway\" href=\"https:\/\/malin-krk.com\/wp-content\/uploads\/2023\/10\/IMG_2444-HDR.jpg\" data-title=\"Wellness Getaway\">\n\t\t\t\t\t\t\t\t\t<img decoding=\"async\" class=\"thumb img-responsive\" src=\"https:\/\/malin-krk.com\/wp-content\/uploads\/2023\/10\/IMG_2444-HDR-400x400.jpg\" alt=\"Wellness Getaway\">\n\t\t\t\t\t\t\t\t<\/a>\n\t\t\t\t\t\t\t<\/li>\n\n\t\t\t\t\t\t\t\n\t\t\t\t\t\t\t<li class=\"col-md-4 col-sm-6 col-xs-4 thumb-wrapper\">\n\t\t\t\t\t\t\t\t<a class=\"fancybox\" data-fancybox=\"group\" rel=\"group\" data-title=\"Wellness Getaway\" href=\"https:\/\/malin-krk.com\/wp-content\/uploads\/2021\/03\/IMG_2255-HDR.jpg\" data-title=\"Wellness Getaway\">\n\t\t\t\t\t\t\t\t\t<img decoding=\"async\" class=\"thumb img-responsive\" src=\"https:\/\/malin-krk.com\/wp-content\/uploads\/2021\/03\/IMG_2255-HDR-400x400.jpg\" alt=\"Wellness Getaway\">\n\t\t\t\t\t\t\t\t<\/a>\n\t\t\t\t\t\t\t<\/li>\n\n\t\t\t\t\t\t\t\n\t\t\t\t\t\t\t<li class=\"col-md-4 col-sm-6 col-xs-4 thumb-wrapper\">\n\t\t\t\t\t\t\t\t<a class=\"fancybox\" data-fancybox=\"group\" rel=\"group\" data-title=\"Wellness Getaway\" href=\"https:\/\/malin-krk.com\/wp-content\/uploads\/2021\/03\/IMG_5483.jpg\" data-title=\"Wellness Getaway\">\n\t\t\t\t\t\t\t\t\t<img decoding=\"async\" class=\"thumb img-responsive\" src=\"https:\/\/malin-krk.com\/wp-content\/uploads\/2021\/03\/IMG_5483-400x400.jpg\" alt=\"Wellness Getaway\">\n\t\t\t\t\t\t\t\t<\/a>\n\t\t\t\t\t\t\t<\/li>\n\n\t\t\t\t\t\t\t\t\t\t\t\t\t<\/ul>\n\t\t\t\t\t\t\n<p><strong>Paket 2 beinhaltet:<\/strong><\/p>\n<p>&bull; 2 Halbpensionen f&uuml;r zwei Personen und zwei Kinder bis 12 Jahre in einer Suite mit Balkon<\/p>\n<p>&bull; Zum Abendessen sind alkoholfreie Getr&auml;nke aus dem Automaten inbegriffen.<\/p>\n<p>&bull; <strong>Unbegrenzte kostenfreie Nutzung des Innen- und Au&szlig;enpools mit Relax-Zone<\/strong><\/p>\n<p>&bull; <strong>Einmalige Nutzung der Sauna f&uuml;r 120 Min. w&auml;hrend des Aufenthalts<\/strong> (finnische Sauna, Infrarot in Kombination mit Himalaya-Salz, Biosauna und Dampfbad) mit vorheriger Reservierung (nur f&uuml;r Personen &uuml;ber 16 Jahre).<\/p>\n<p>&bull; M&ouml;glichkeit eines fr&uuml;hen Check-in\/sp&auml;ten Check-outs im Hotel (je nach Verf&uuml;gbarkeit)<\/p>\n<p>&bull; Gratis Wifi.<\/p>\n<p>&nbsp;<\/p>\n<p><strong>Paket 2: Paketpreis f&uuml;r 2 Personen und 2 Kinder bis 12 Jahre: 479,00 &euro;<\/strong><\/p>\n<p>&nbsp;<\/p>\n<p><strong>Zuschl&auml;ge vor Ort:<\/strong><br>\n&bull; Parken in der Garage: 15,00 &euro; pro Tag oder 10,00 &euro; auf dem Au&szlig;enparkplatz.<br>\n&bull; Eine Verl&auml;ngerungsnacht kostet 239,50 &euro; pro Tag.<br>\n&bull; Dritter Erwachsener 50,00 &euro; pro Tag im Zustellbett.<\/p>\n<p>&nbsp;<\/p>\n<p><strong>Zimmerbeschreibung:<\/strong><\/p>\n<p><strong>Die Suite mit Balkon<\/strong> ist sehr elegant eingerichtet und mit M&ouml;beln und Ger&auml;ten von h&ouml;chster Qualit&auml;t ausgestattet. Alle Suiten verf&uuml;gen &uuml;ber einen gro&szlig;z&uuml;gigen Balkon und einige bieten Meerblick. Es besteht aus einem Schlafzimmer mit Doppelbett und einem Wohnzimmer mit Schlafsofa. Das Badezimmer mit Dusche oder Badewanne bietet Hotelkosmetik und einen Haartrockner. Das Zimmer ist klimatisiert und ausgestattet mit SAT-TV, Telefon, Sofa, Schreibtisch, Safe.<\/p>\n<p>&nbsp;<\/p>\n<p>*Die Kurtaxe betr&auml;gt 1,80 &euro; und wird pro Person und Nacht erhoben. Kinder bis 12 Jahre zahlen keine Kurtaxe, Kinder von 12 bis 18 Jahren zahlen 50 % der Kurtaxe.<\/p>\n<p>*Das Paket gilt f&uuml;r alle Wochentage.<\/p>\n<p>&nbsp;<\/p>\n<p><strong>INFO &amp; RESERVIERUNG:<\/strong><\/p>\n<p><strong>T: 00 385 (0)51 850 129 \/ 00385 (0)51 850 200<\/strong><br>\n<strong>E: reservations@hotelmalin.com<\/strong><\/p>\n\n\t\t\t\t\t\t<ul class='img-galerija list-inline list-unstyled fancybox-show-nav'>\n\n\t\t\t\t\t\t\t\n\t\t\t\t\t\t\t<li class=\"col-md-4 col-sm-6 col-xs-4 thumb-wrapper\">\n\t\t\t\t\t\t\t\t<a class=\"fancybox\" data-fancybox=\"group\" rel=\"group\" data-title=\"Wellness Getaway\" href=\"https:\/\/malin-krk.com\/wp-content\/uploads\/2021\/03\/Hotel-Malin-panorama-20.jpg\" data-title=\"Wellness Getaway\">\n\t\t\t\t\t\t\t\t\t<img decoding=\"async\" class=\"thumb img-responsive\" src=\"https:\/\/malin-krk.com\/wp-content\/uploads\/2021\/03\/Hotel-Malin-panorama-20-400x400.jpg\" alt=\"Wellness Getaway\">\n\t\t\t\t\t\t\t\t<\/a>\n\t\t\t\t\t\t\t<\/li>\n\n\t\t\t\t\t\t\t\n\t\t\t\t\t\t\t<li class=\"col-md-4 col-sm-6 col-xs-4 thumb-wrapper\">\n\t\t\t\t\t\t\t\t<a class=\"fancybox\" data-fancybox=\"group\" rel=\"group\" data-title=\"Hotel Malin\" href=\"https:\/\/malin-krk.com\/wp-content\/uploads\/2023\/01\/hotel-malin-panorama-21-v2.jpg\" data-title=\"Hotel Malin\">\n\t\t\t\t\t\t\t\t\t<img decoding=\"async\" class=\"thumb img-responsive\" src=\"https:\/\/malin-krk.com\/wp-content\/uploads\/2023\/01\/hotel-malin-panorama-21-v2-400x400.jpg\" alt=\"Hotel Malin\">\n\t\t\t\t\t\t\t\t<\/a>\n\t\t\t\t\t\t\t<\/li>\n\n\t\t\t\t\t\t\t\n\t\t\t\t\t\t\t<li class=\"col-md-4 col-sm-6 col-xs-4 thumb-wrapper\">\n\t\t\t\t\t\t\t\t<a class=\"fancybox\" data-fancybox=\"group\" rel=\"group\" data-title=\"bazen\" href=\"https:\/\/malin-krk.com\/wp-content\/uploads\/2021\/03\/IMG_2332-HDR.jpg\" data-title=\"bazen\">\n\t\t\t\t\t\t\t\t\t<img decoding=\"async\" class=\"thumb img-responsive\" src=\"https:\/\/malin-krk.com\/wp-content\/uploads\/2021\/03\/IMG_2332-HDR-400x400.jpg\" alt=\"bazen\">\n\t\t\t\t\t\t\t\t<\/a>\n\t\t\t\t\t\t\t<\/li>\n\n\t\t\t\t\t\t\t\n\t\t\t\t\t\t\t<li class=\"col-md-4 col-sm-6 col-xs-4 thumb-wrapper\">\n\t\t\t\t\t\t\t\t<a class=\"fancybox\" data-fancybox=\"group\" rel=\"group\" data-title=\"Wellness Getaway\" href=\"https:\/\/malin-krk.com\/wp-content\/uploads\/2021\/03\/IMG_2423-HDR.jpg\" data-title=\"Wellness Getaway\">\n\t\t\t\t\t\t\t\t\t<img decoding=\"async\" class=\"thumb img-responsive\" src=\"https:\/\/malin-krk.com\/wp-content\/uploads\/2021\/03\/IMG_2423-HDR-400x400.jpg\" alt=\"Wellness Getaway\">\n\t\t\t\t\t\t\t\t<\/a>\n\t\t\t\t\t\t\t<\/li>\n\n\t\t\t\t\t\t\t\n\t\t\t\t\t\t\t<li class=\"col-md-4 col-sm-6 col-xs-4 thumb-wrapper\">\n\t\t\t\t\t\t\t\t<a class=\"fancybox\" data-fancybox=\"group\" rel=\"group\" data-title=\"Wellness Getaway\" href=\"https:\/\/malin-krk.com\/wp-content\/uploads\/2023\/03\/Malin-15-1024x740-2.jpg\" data-title=\"Wellness Getaway\">\n\t\t\t\t\t\t\t\t\t<img decoding=\"async\" class=\"thumb img-responsive\" src=\"https:\/\/malin-krk.com\/wp-content\/uploads\/2023\/03\/Malin-15-1024x740-2-400x400.jpg\" alt=\"Wellness Getaway\">\n\t\t\t\t\t\t\t\t<\/a>\n\t\t\t\t\t\t\t<\/li>\n\n\t\t\t\t\t\t\t\n\t\t\t\t\t\t\t<li class=\"col-md-4 col-sm-6 col-xs-4 thumb-wrapper\">\n\t\t\t\t\t\t\t\t<a class=\"fancybox\" data-fancybox=\"group\" rel=\"group\" data-title=\"Wellness Getaway\" href=\"https:\/\/malin-krk.com\/wp-content\/uploads\/2023\/02\/S2S-Standard-double-room-1.jpg\" data-title=\"Wellness Getaway\">\n\t\t\t\t\t\t\t\t\t<img decoding=\"async\" class=\"thumb img-responsive\" src=\"https:\/\/malin-krk.com\/wp-content\/uploads\/2023\/02\/S2S-Standard-double-room-1-400x400.jpg\" alt=\"Wellness Getaway\">\n\t\t\t\t\t\t\t\t<\/a>\n\t\t\t\t\t\t\t<\/li>\n\n\t\t\t\t\t\t\t\t\t\t\t\t\t<\/ul>\n\t\t\t\t\t\t\n<h4 style=\"text-align: center;\">&nbsp;<\/h4>\n<div class=\"content__wp-gallery\">\n\n     \t \n\n<\/div>\n\n<div class=\"wpcf7 no-js\" id=\"wpcf7-f858-o1\" lang=\"hr-HR\" dir=\"ltr\" data-wpcf7-id=\"858\">\n<div class=\"screen-reader-response\"><p role=\"status\" aria-live=\"polite\" aria-atomic=\"true\"><\/p> <ul><\/ul><\/div>\n<form action=\"\/de\/wp-json\/wp\/v2\/pages\/29834#wpcf7-f858-o1\" method=\"post\" class=\"wpcf7-form init\" aria-label=\"Kontaktformular\" novalidate=\"novalidate\" data-status=\"init\">\n<fieldset class=\"hidden-fields-container\"><input type=\"hidden\" name=\"_wpcf7\" value=\"858\" \/><input type=\"hidden\" name=\"_wpcf7_version\" value=\"6.1.5\" \/><input type=\"hidden\" name=\"_wpcf7_locale\" value=\"hr_HR\" \/><input type=\"hidden\" name=\"_wpcf7_unit_tag\" value=\"wpcf7-f858-o1\" \/><input type=\"hidden\" name=\"_wpcf7_container_post\" value=\"0\" \/><input type=\"hidden\" name=\"_wpcf7_posted_data_hash\" value=\"\" \/>\n<\/fieldset>\n<p><label>Ime i prezime*<br \/>\n<span class=\"wpcf7-form-control-wrap\" data-name=\"your-name\"><input size=\"40\" maxlength=\"400\" class=\"wpcf7-form-control wpcf7-text wpcf7-validates-as-required\" aria-required=\"true\" aria-invalid=\"false\" value=\"\" type=\"text\" name=\"your-name\" \/><\/span> <\/label>\n<\/p>\n<p><label>Email*<br \/>\n<span class=\"wpcf7-form-control-wrap\" data-name=\"your-email\"><input size=\"40\" maxlength=\"400\" class=\"wpcf7-form-control wpcf7-email wpcf7-validates-as-required wpcf7-text wpcf7-validates-as-email\" aria-required=\"true\" aria-invalid=\"false\" value=\"\" type=\"email\" name=\"your-email\" \/><\/span> <\/label>\n<\/p>\n<p><label>Predmet<br \/>\n<span class=\"wpcf7-form-control-wrap\" data-name=\"your-subject\"><input size=\"40\" maxlength=\"400\" class=\"wpcf7-form-control wpcf7-text wpcf7-validates-as-required\" aria-required=\"true\" aria-invalid=\"false\" value=\"\" type=\"text\" name=\"your-subject\" \/><\/span> <\/label>\n<\/p>\n<p><label>Poruka*<br \/>\n<span class=\"wpcf7-form-control-wrap\" data-name=\"your-message\"><textarea cols=\"40\" rows=\"10\" maxlength=\"2000\" class=\"wpcf7-form-control wpcf7-textarea wpcf7-validates-as-required\" aria-required=\"true\" aria-invalid=\"false\" name=\"your-message\"><\/textarea><\/span> <\/label>\n<\/p>\n<p><label>Primatelj poruke<br \/>\n<span class=\"wpcf7-form-control-wrap\" data-name=\"your-recipient\"><select class=\"wpcf7-form-control wpcf7-select wpcf7-validates-as-required\" aria-required=\"true\" aria-invalid=\"false\" name=\"your-recipient\"><option value=\"\">&#8211; Bitte ausw\u00e4hlen &#8211;<\/option><option value=\"Hotel Malin\">Hotel Malin<\/option><option value=\"Vile i apartmani\">Vile i apartmani<\/option><option value=\"Mobilne ku\u0107ice\">Mobilne ku\u0107ice<\/option><option value=\"Kamp Tiha \u0160ilo\">Kamp Tiha \u0160ilo<\/option><\/select><\/span><\/label>\n<\/p>\n<p><label>Captcha<br \/>\n<input type=\"hidden\" name=\"_wpcf7_captcha_challenge_captcha-1\" value=\"1163653342\" \/><img decoding=\"async\" class=\"wpcf7-form-control wpcf7-captchac wpcf7-captcha-captcha-1\" width=\"84\" height=\"28\" alt=\"captcha\" src=\"https:\/\/malin-krk.com\/wp-content\/uploads\/wpcf7_captcha\/1163653342.png\" \/><span class=\"wpcf7-form-control-wrap\" data-name=\"captcha-1\"><input size=\"40\" maxlength=\"100\" class=\"wpcf7-form-control wpcf7-captchar\" autocomplete=\"off\" aria-invalid=\"false\" placeholder=\"Upi\u0161ite znakove\" value=\"\" type=\"text\" name=\"captcha-1\" \/><\/span><br \/>\n<\/label>\n<\/p>\n<p><span class=\"wpcf7-form-control-wrap\" data-name=\"your-consent\"><span class=\"wpcf7-form-control wpcf7-acceptance\"><span class=\"wpcf7-list-item\"><label><input type=\"checkbox\" name=\"your-consent\" value=\"1\" aria-invalid=\"false\" \/><span class=\"wpcf7-list-item-label\">Molimo ozna\u010dite kako biste pristali na spremanje va\u0161ih podataka u skladu sa smjernicama navedenim u na\u0161oj izjavi o <a href=\"https:\/\/malin-krk.com\/pravila-koristenja\/\">privatnosti podataka<\/a><\/span><\/label><\/span><\/span><\/span>\n<\/p>\n<p><input class=\"wpcf7-form-control wpcf7-submit has-spinner btn\" type=\"submit\" value=\"Po\u0161aljite\" \/>\n<\/p><div class=\"wpcf7-response-output\" aria-hidden=\"true\"><\/div>\n<\/form>\n<\/div>\n\n<\/body><\/html>\n","protected":false},"excerpt":{"rendered":"<p>Wellness Getaway Paket ist der perfekte Grund f&uuml;r einen Kurztrip von der Stadt ans Meer. Entfliehen Sie dem Stress des Alltags und g&ouml;nnen Sie sich etwas Gutes mit unserem Wellness-Getaway-Paket. Das Wellness &amp; Spa Center des Malin Hotels bietet seinen G&auml;sten mit seinem einzigartigen Ambiente eine Oase der Ruhe und Entspannung, einen Ort, an dem [&hellip;]<\/p>\n","protected":false},"author":2,"featured_media":28543,"parent":1339,"menu_order":0,"comment_status":"closed","ping_status":"closed","template":"","meta":{"_acf_changed":false,"footnotes":""},"class_list":["post-29834","page","type-page","status-publish","has-post-thumbnail","hentry"],"acf":[],"yoast_head":"<!-- This site is optimized with the Yoast SEO plugin v27.5 - https:\/\/yoast.com\/product\/yoast-seo-wordpress\/ -->\n<title>Wellness Getaway - Malin Krk<\/title>\n<meta name=\"description\" content=\"Wellness Getaway ist der perfekte Grund f\u00fcr einen Kurztrip von der Stadt ans Meer. Entfliehen Sie dem Stress des Alltags und entspannen Sie sich mit unserem exklusiven Paket.\" \/>\n<meta name=\"robots\" content=\"index, follow, max-snippet:-1, max-image-preview:large, max-video-preview:-1\" \/>\n<link rel=\"canonical\" href=\"https:\/\/malin-krk.com\/de\/hotel-malin\/sonderangebote-des-hotels-malin\/wellness-weekend-getaway\/\" \/>\n<meta property=\"og:locale\" content=\"de_DE\" \/>\n<meta property=\"og:type\" content=\"article\" \/>\n<meta property=\"og:title\" content=\"Wellness Getaway - Malin Krk\" \/>\n<meta property=\"og:description\" content=\"Wellness Getaway ist der perfekte Grund f\u00fcr einen Kurztrip von der Stadt ans Meer. Entfliehen Sie dem Stress des Alltags und entspannen Sie sich mit unserem exklusiven Paket.\" \/>\n<meta property=\"og:url\" content=\"https:\/\/malin-krk.com\/de\/hotel-malin\/sonderangebote-des-hotels-malin\/wellness-weekend-getaway\/\" \/>\n<meta property=\"og:site_name\" content=\"Malin Krk\" \/>\n<meta property=\"article:publisher\" content=\"https:\/\/www.facebook.com\/hotelmalin\/\" \/>\n<meta property=\"article:modified_time\" content=\"2024-06-03T08:13:24+00:00\" \/>\n<meta property=\"og:image\" content=\"https:\/\/malin-krk.com\/wp-content\/uploads\/2023\/10\/IMG_2374-HDR.jpg\" \/>\n\t<meta property=\"og:image:width\" content=\"2300\" \/>\n\t<meta property=\"og:image:height\" content=\"1533\" \/>\n\t<meta property=\"og:image:type\" content=\"image\/jpeg\" \/>\n<meta name=\"twitter:card\" content=\"summary_large_image\" \/>\n<script type=\"application\/ld+json\" class=\"yoast-schema-graph\">{\"@context\":\"https:\\\/\\\/schema.org\",\"@graph\":[{\"@type\":\"WebPage\",\"@id\":\"https:\\\/\\\/malin-krk.com\\\/de\\\/hotel-malin\\\/sonderangebote-des-hotels-malin\\\/wellness-weekend-getaway\\\/\",\"url\":\"https:\\\/\\\/malin-krk.com\\\/de\\\/hotel-malin\\\/sonderangebote-des-hotels-malin\\\/wellness-weekend-getaway\\\/\",\"name\":\"Wellness Getaway - Malin Krk\",\"isPartOf\":{\"@id\":\"https:\\\/\\\/malin-krk.com\\\/#website\"},\"primaryImageOfPage\":{\"@id\":\"https:\\\/\\\/malin-krk.com\\\/de\\\/hotel-malin\\\/sonderangebote-des-hotels-malin\\\/wellness-weekend-getaway\\\/#primaryimage\"},\"image\":{\"@id\":\"https:\\\/\\\/malin-krk.com\\\/de\\\/hotel-malin\\\/sonderangebote-des-hotels-malin\\\/wellness-weekend-getaway\\\/#primaryimage\"},\"thumbnailUrl\":\"https:\\\/\\\/malin-krk.com\\\/wp-content\\\/uploads\\\/2023\\\/10\\\/IMG_2374-HDR.jpg\",\"datePublished\":\"2021-03-24T19:18:03+00:00\",\"dateModified\":\"2024-06-03T08:13:24+00:00\",\"description\":\"Wellness Getaway ist der perfekte Grund f\u00fcr einen Kurztrip von der Stadt ans Meer. Entfliehen Sie dem Stress des Alltags und entspannen Sie sich mit unserem exklusiven Paket.\",\"breadcrumb\":{\"@id\":\"https:\\\/\\\/malin-krk.com\\\/de\\\/hotel-malin\\\/sonderangebote-des-hotels-malin\\\/wellness-weekend-getaway\\\/#breadcrumb\"},\"inLanguage\":\"de\",\"potentialAction\":[{\"@type\":\"ReadAction\",\"target\":[\"https:\\\/\\\/malin-krk.com\\\/de\\\/hotel-malin\\\/sonderangebote-des-hotels-malin\\\/wellness-weekend-getaway\\\/\"]}]},{\"@type\":\"ImageObject\",\"inLanguage\":\"de\",\"@id\":\"https:\\\/\\\/malin-krk.com\\\/de\\\/hotel-malin\\\/sonderangebote-des-hotels-malin\\\/wellness-weekend-getaway\\\/#primaryimage\",\"url\":\"https:\\\/\\\/malin-krk.com\\\/wp-content\\\/uploads\\\/2023\\\/10\\\/IMG_2374-HDR.jpg\",\"contentUrl\":\"https:\\\/\\\/malin-krk.com\\\/wp-content\\\/uploads\\\/2023\\\/10\\\/IMG_2374-HDR.jpg\",\"width\":2300,\"height\":1533},{\"@type\":\"BreadcrumbList\",\"@id\":\"https:\\\/\\\/malin-krk.com\\\/de\\\/hotel-malin\\\/sonderangebote-des-hotels-malin\\\/wellness-weekend-getaway\\\/#breadcrumb\",\"itemListElement\":[{\"@type\":\"ListItem\",\"position\":1,\"name\":\"Home\",\"item\":\"https:\\\/\\\/malin-krk.com\\\/de\\\/\"},{\"@type\":\"ListItem\",\"position\":2,\"name\":\"Hotel Malin\",\"item\":\"https:\\\/\\\/malin-krk.com\\\/de\\\/hotel-malin\\\/\"},{\"@type\":\"ListItem\",\"position\":3,\"name\":\"Advent im Malin Hotel\",\"item\":\"https:\\\/\\\/malin-krk.com\\\/de\\\/hotel-malin\\\/sonderangebote-des-hotels-malin\\\/\"},{\"@type\":\"ListItem\",\"position\":4,\"name\":\"Wellness Getaway\"}]},{\"@type\":\"WebSite\",\"@id\":\"https:\\\/\\\/malin-krk.com\\\/#website\",\"url\":\"https:\\\/\\\/malin-krk.com\\\/\",\"name\":\"Malin Krk\",\"description\":\"\",\"publisher\":{\"@id\":\"https:\\\/\\\/malin-krk.com\\\/#organization\"},\"potentialAction\":[{\"@type\":\"SearchAction\",\"target\":{\"@type\":\"EntryPoint\",\"urlTemplate\":\"https:\\\/\\\/malin-krk.com\\\/?s={search_term_string}\"},\"query-input\":{\"@type\":\"PropertyValueSpecification\",\"valueRequired\":true,\"valueName\":\"search_term_string\"}}],\"inLanguage\":\"de\"},{\"@type\":\"Organization\",\"@id\":\"https:\\\/\\\/malin-krk.com\\\/#organization\",\"name\":\"Malin Krk\",\"url\":\"https:\\\/\\\/malin-krk.com\\\/\",\"logo\":{\"@type\":\"ImageObject\",\"inLanguage\":\"de\",\"@id\":\"https:\\\/\\\/malin-krk.com\\\/#\\\/schema\\\/logo\\\/image\\\/\",\"url\":\"https:\\\/\\\/malin-krk.com\\\/wp-content\\\/uploads\\\/2024\\\/02\\\/malin-logo.jpg\",\"contentUrl\":\"https:\\\/\\\/malin-krk.com\\\/wp-content\\\/uploads\\\/2024\\\/02\\\/malin-logo.jpg\",\"width\":280,\"height\":96,\"caption\":\"Malin Krk\"},\"image\":{\"@id\":\"https:\\\/\\\/malin-krk.com\\\/#\\\/schema\\\/logo\\\/image\\\/\"},\"sameAs\":[\"https:\\\/\\\/www.facebook.com\\\/hotelmalin\\\/\"]}]}<\/script>\n<!-- \/ Yoast SEO plugin. -->","yoast_head_json":{"title":"Wellness Getaway - Malin Krk","description":"Wellness Getaway ist der perfekte Grund f\u00fcr einen Kurztrip von der Stadt ans Meer. Entfliehen Sie dem Stress des Alltags und entspannen Sie sich mit unserem exklusiven Paket.","robots":{"index":"index","follow":"follow","max-snippet":"max-snippet:-1","max-image-preview":"max-image-preview:large","max-video-preview":"max-video-preview:-1"},"canonical":"https:\/\/malin-krk.com\/de\/hotel-malin\/sonderangebote-des-hotels-malin\/wellness-weekend-getaway\/","og_locale":"de_DE","og_type":"article","og_title":"Wellness Getaway - Malin Krk","og_description":"Wellness Getaway ist der perfekte Grund f\u00fcr einen Kurztrip von der Stadt ans Meer. Entfliehen Sie dem Stress des Alltags und entspannen Sie sich mit unserem exklusiven Paket.","og_url":"https:\/\/malin-krk.com\/de\/hotel-malin\/sonderangebote-des-hotels-malin\/wellness-weekend-getaway\/","og_site_name":"Malin Krk","article_publisher":"https:\/\/www.facebook.com\/hotelmalin\/","article_modified_time":"2024-06-03T08:13:24+00:00","og_image":[{"width":2300,"height":1533,"url":"https:\/\/malin-krk.com\/wp-content\/uploads\/2023\/10\/IMG_2374-HDR.jpg","type":"image\/jpeg"}],"twitter_card":"summary_large_image","schema":{"@context":"https:\/\/schema.org","@graph":[{"@type":"WebPage","@id":"https:\/\/malin-krk.com\/de\/hotel-malin\/sonderangebote-des-hotels-malin\/wellness-weekend-getaway\/","url":"https:\/\/malin-krk.com\/de\/hotel-malin\/sonderangebote-des-hotels-malin\/wellness-weekend-getaway\/","name":"Wellness Getaway - Malin Krk","isPartOf":{"@id":"https:\/\/malin-krk.com\/#website"},"primaryImageOfPage":{"@id":"https:\/\/malin-krk.com\/de\/hotel-malin\/sonderangebote-des-hotels-malin\/wellness-weekend-getaway\/#primaryimage"},"image":{"@id":"https:\/\/malin-krk.com\/de\/hotel-malin\/sonderangebote-des-hotels-malin\/wellness-weekend-getaway\/#primaryimage"},"thumbnailUrl":"https:\/\/malin-krk.com\/wp-content\/uploads\/2023\/10\/IMG_2374-HDR.jpg","datePublished":"2021-03-24T19:18:03+00:00","dateModified":"2024-06-03T08:13:24+00:00","description":"Wellness Getaway ist der perfekte Grund f\u00fcr einen Kurztrip von der Stadt ans Meer. Entfliehen Sie dem Stress des Alltags und entspannen Sie sich mit unserem exklusiven Paket.","breadcrumb":{"@id":"https:\/\/malin-krk.com\/de\/hotel-malin\/sonderangebote-des-hotels-malin\/wellness-weekend-getaway\/#breadcrumb"},"inLanguage":"de","potentialAction":[{"@type":"ReadAction","target":["https:\/\/malin-krk.com\/de\/hotel-malin\/sonderangebote-des-hotels-malin\/wellness-weekend-getaway\/"]}]},{"@type":"ImageObject","inLanguage":"de","@id":"https:\/\/malin-krk.com\/de\/hotel-malin\/sonderangebote-des-hotels-malin\/wellness-weekend-getaway\/#primaryimage","url":"https:\/\/malin-krk.com\/wp-content\/uploads\/2023\/10\/IMG_2374-HDR.jpg","contentUrl":"https:\/\/malin-krk.com\/wp-content\/uploads\/2023\/10\/IMG_2374-HDR.jpg","width":2300,"height":1533},{"@type":"BreadcrumbList","@id":"https:\/\/malin-krk.com\/de\/hotel-malin\/sonderangebote-des-hotels-malin\/wellness-weekend-getaway\/#breadcrumb","itemListElement":[{"@type":"ListItem","position":1,"name":"Home","item":"https:\/\/malin-krk.com\/de\/"},{"@type":"ListItem","position":2,"name":"Hotel Malin","item":"https:\/\/malin-krk.com\/de\/hotel-malin\/"},{"@type":"ListItem","position":3,"name":"Advent im Malin Hotel","item":"https:\/\/malin-krk.com\/de\/hotel-malin\/sonderangebote-des-hotels-malin\/"},{"@type":"ListItem","position":4,"name":"Wellness Getaway"}]},{"@type":"WebSite","@id":"https:\/\/malin-krk.com\/#website","url":"https:\/\/malin-krk.com\/","name":"Malin Krk","description":"","publisher":{"@id":"https:\/\/malin-krk.com\/#organization"},"potentialAction":[{"@type":"SearchAction","target":{"@type":"EntryPoint","urlTemplate":"https:\/\/malin-krk.com\/?s={search_term_string}"},"query-input":{"@type":"PropertyValueSpecification","valueRequired":true,"valueName":"search_term_string"}}],"inLanguage":"de"},{"@type":"Organization","@id":"https:\/\/malin-krk.com\/#organization","name":"Malin Krk","url":"https:\/\/malin-krk.com\/","logo":{"@type":"ImageObject","inLanguage":"de","@id":"https:\/\/malin-krk.com\/#\/schema\/logo\/image\/","url":"https:\/\/malin-krk.com\/wp-content\/uploads\/2024\/02\/malin-logo.jpg","contentUrl":"https:\/\/malin-krk.com\/wp-content\/uploads\/2024\/02\/malin-logo.jpg","width":280,"height":96,"caption":"Malin Krk"},"image":{"@id":"https:\/\/malin-krk.com\/#\/schema\/logo\/image\/"},"sameAs":["https:\/\/www.facebook.com\/hotelmalin\/"]}]}},"_links":{"self":[{"href":"https:\/\/malin-krk.com\/de\/wp-json\/wp\/v2\/pages\/29834","targetHints":{"allow":["GET"]}}],"collection":[{"href":"https:\/\/malin-krk.com\/de\/wp-json\/wp\/v2\/pages"}],"about":[{"href":"https:\/\/malin-krk.com\/de\/wp-json\/wp\/v2\/types\/page"}],"author":[{"embeddable":true,"href":"https:\/\/malin-krk.com\/de\/wp-json\/wp\/v2\/users\/2"}],"replies":[{"embeddable":true,"href":"https:\/\/malin-krk.com\/de\/wp-json\/wp\/v2\/comments?post=29834"}],"version-history":[{"count":5,"href":"https:\/\/malin-krk.com\/de\/wp-json\/wp\/v2\/pages\/29834\/revisions"}],"predecessor-version":[{"id":30115,"href":"https:\/\/malin-krk.com\/de\/wp-json\/wp\/v2\/pages\/29834\/revisions\/30115"}],"up":[{"embeddable":true,"href":"https:\/\/malin-krk.com\/de\/wp-json\/wp\/v2\/pages\/1339"}],"wp:featuredmedia":[{"embeddable":true,"href":"https:\/\/malin-krk.com\/de\/wp-json\/wp\/v2\/media\/28543"}],"wp:attachment":[{"href":"https:\/\/malin-krk.com\/de\/wp-json\/wp\/v2\/media?parent=29834"}],"curies":[{"name":"wp","href":"https:\/\/api.w.org\/{rel}","templated":true}]}}