{"id":29252,"date":"2024-02-20T10:01:35","date_gmt":"2024-02-20T09:01:35","guid":{"rendered":"https:\/\/malin-krk.com\/brosure\/"},"modified":"2024-02-20T14:27:27","modified_gmt":"2024-02-20T13:27:27","slug":"broschure","status":"publish","type":"page","link":"https:\/\/malin-krk.com\/de\/broschure\/","title":{"rendered":"Brosch\u00fcre"},"content":{"rendered":"<!DOCTYPE html PUBLIC \"-\/\/W3C\/\/DTD HTML 4.0 Transitional\/\/EN\" \"http:\/\/www.w3.org\/TR\/REC-html40\/loose.dtd\">\n<html><body><h3><strong>Hotel Malin &ndash; FlipBook<\/strong><\/h3>\n<div><iframe src=\"https:\/\/heyzine.com\/flip-book\/ede0f92fa5.html\" width=\"100%\" height=\"700\" frameborder=\"0\" allowfullscreen><\/iframe><\/div>\n<p><a class=\"btn btn-secondary btn-color-primary btn-sm jc-font-14\" href=\"https:\/\/malin-krk.com\/wp-content\/uploads\/2024\/02\/hotel-malin-brochure.pdf\" target=\"_blank\" rel=\"noopener\"><span class=\"mdi mdi-file-pdf\"><\/span> PDF-Brosch&uuml;re &ndash; Hotel Malin (2,85 MB)<\/a><\/p>\n<p>&nbsp;<\/p>\n<h3><strong>Camp Tiha &Scaron;ilo &ndash; FlipBook<\/strong><\/h3>\n<div><iframe src=\"https:\/\/heyzine.com\/flip-book\/6b5c6a7ffc.html\" width=\"100%\" height=\"700\" frameborder=\"0\" allowfullscreen><\/iframe><\/div>\n<p><a class=\"btn btn-secondary btn-color-primary btn-sm jc-font-14\" href=\"https:\/\/malin-krk.com\/wp-content\/uploads\/2024\/02\/kamp-tiha-brochure.pdf\" target=\"_blank\" rel=\"noopener\"><span class=\"mdi mdi-file-pdf\"><\/span> PDF-Brosch&uuml;re &ndash; Camp Tiha &Scaron;ilo (4,30 MB)<\/a><\/p>\n<\/body><\/html>\n","protected":false},"excerpt":{"rendered":"<p>Hotel Malin &ndash; FlipBook PDF-Brosch&uuml;re &ndash; Hotel Malin (2,85 MB) &nbsp; Camp Tiha &Scaron;ilo &ndash; FlipBook PDF-Brosch&uuml;re &ndash; Camp Tiha &Scaron;ilo (4,30 MB)<\/p>\n","protected":false},"author":8,"featured_media":23420,"parent":0,"menu_order":0,"comment_status":"closed","ping_status":"closed","template":"","meta":{"_acf_changed":false,"footnotes":""},"class_list":["post-29252","page","type-page","status-publish","has-post-thumbnail","hentry"],"acf":[],"yoast_head":"<!-- This site is optimized with the Yoast SEO plugin v27.5 - https:\/\/yoast.com\/product\/yoast-seo-wordpress\/ -->\n<title>Brosch\u00fcre - Hotel Malin &amp; Camp Tiha \u0160ilo - Malin Krk<\/title>\n<meta name=\"description\" content=\"Verbringen Sie den perfekten Urlaub auf Krk in hochwertiger Unterkunft in Meeresn\u00e4he, mit traditionellen Gerichten, Weinen, Strandaktivit\u00e4ten, und Ruhe.\" \/>\n<meta name=\"robots\" content=\"index, follow, max-snippet:-1, max-image-preview:large, max-video-preview:-1\" \/>\n<link rel=\"canonical\" href=\"https:\/\/malin-krk.com\/de\/broschure\/\" \/>\n<meta property=\"og:locale\" content=\"de_DE\" \/>\n<meta property=\"og:type\" content=\"article\" \/>\n<meta property=\"og:title\" content=\"Brosch\u00fcre - Hotel Malin &amp; Camp Tiha \u0160ilo - Malin Krk\" \/>\n<meta property=\"og:description\" content=\"Verbringen Sie den perfekten Urlaub auf Krk in hochwertiger Unterkunft in Meeresn\u00e4he, mit traditionellen Gerichten, Weinen, Strandaktivit\u00e4ten, und Ruhe.\" \/>\n<meta property=\"og:url\" content=\"https:\/\/malin-krk.com\/de\/broschure\/\" \/>\n<meta property=\"og:site_name\" content=\"Malin Krk\" \/>\n<meta property=\"article:publisher\" content=\"https:\/\/www.facebook.com\/hotelmalin\/\" \/>\n<meta property=\"article:modified_time\" content=\"2024-02-20T13:27:27+00:00\" \/>\n<meta property=\"og:image\" content=\"https:\/\/malin-krk.com\/wp-content\/uploads\/2022\/07\/DJI_0518.jpg\" \/>\n\t<meta property=\"og:image:width\" content=\"2300\" \/>\n\t<meta property=\"og:image:height\" content=\"1532\" \/>\n\t<meta property=\"og:image:type\" content=\"image\/jpeg\" \/>\n<meta name=\"twitter:card\" content=\"summary_large_image\" \/>\n<script type=\"application\/ld+json\" class=\"yoast-schema-graph\">{\"@context\":\"https:\\\/\\\/schema.org\",\"@graph\":[{\"@type\":\"WebPage\",\"@id\":\"https:\\\/\\\/malin-krk.com\\\/de\\\/broschure\\\/\",\"url\":\"https:\\\/\\\/malin-krk.com\\\/de\\\/broschure\\\/\",\"name\":\"Brosch\u00fcre - Hotel Malin & Camp Tiha \u0160ilo - Malin Krk\",\"isPartOf\":{\"@id\":\"https:\\\/\\\/malin-krk.com\\\/#website\"},\"primaryImageOfPage\":{\"@id\":\"https:\\\/\\\/malin-krk.com\\\/de\\\/broschure\\\/#primaryimage\"},\"image\":{\"@id\":\"https:\\\/\\\/malin-krk.com\\\/de\\\/broschure\\\/#primaryimage\"},\"thumbnailUrl\":\"https:\\\/\\\/malin-krk.com\\\/wp-content\\\/uploads\\\/2022\\\/07\\\/DJI_0518.jpg\",\"datePublished\":\"2024-02-20T09:01:35+00:00\",\"dateModified\":\"2024-02-20T13:27:27+00:00\",\"description\":\"Verbringen Sie den perfekten Urlaub auf Krk in hochwertiger Unterkunft in Meeresn\u00e4he, mit traditionellen Gerichten, Weinen, Strandaktivit\u00e4ten, und Ruhe.\",\"breadcrumb\":{\"@id\":\"https:\\\/\\\/malin-krk.com\\\/de\\\/broschure\\\/#breadcrumb\"},\"inLanguage\":\"de\",\"potentialAction\":[{\"@type\":\"ReadAction\",\"target\":[\"https:\\\/\\\/malin-krk.com\\\/de\\\/broschure\\\/\"]}]},{\"@type\":\"ImageObject\",\"inLanguage\":\"de\",\"@id\":\"https:\\\/\\\/malin-krk.com\\\/de\\\/broschure\\\/#primaryimage\",\"url\":\"https:\\\/\\\/malin-krk.com\\\/wp-content\\\/uploads\\\/2022\\\/07\\\/DJI_0518.jpg\",\"contentUrl\":\"https:\\\/\\\/malin-krk.com\\\/wp-content\\\/uploads\\\/2022\\\/07\\\/DJI_0518.jpg\",\"width\":2300,\"height\":1532},{\"@type\":\"BreadcrumbList\",\"@id\":\"https:\\\/\\\/malin-krk.com\\\/de\\\/broschure\\\/#breadcrumb\",\"itemListElement\":[{\"@type\":\"ListItem\",\"position\":1,\"name\":\"Home\",\"item\":\"https:\\\/\\\/malin-krk.com\\\/de\\\/\"},{\"@type\":\"ListItem\",\"position\":2,\"name\":\"Brosch\u00fcre\"}]},{\"@type\":\"WebSite\",\"@id\":\"https:\\\/\\\/malin-krk.com\\\/#website\",\"url\":\"https:\\\/\\\/malin-krk.com\\\/\",\"name\":\"Malin Krk\",\"description\":\"\",\"publisher\":{\"@id\":\"https:\\\/\\\/malin-krk.com\\\/#organization\"},\"potentialAction\":[{\"@type\":\"SearchAction\",\"target\":{\"@type\":\"EntryPoint\",\"urlTemplate\":\"https:\\\/\\\/malin-krk.com\\\/?s={search_term_string}\"},\"query-input\":{\"@type\":\"PropertyValueSpecification\",\"valueRequired\":true,\"valueName\":\"search_term_string\"}}],\"inLanguage\":\"de\"},{\"@type\":\"Organization\",\"@id\":\"https:\\\/\\\/malin-krk.com\\\/#organization\",\"name\":\"Malin Krk\",\"url\":\"https:\\\/\\\/malin-krk.com\\\/\",\"logo\":{\"@type\":\"ImageObject\",\"inLanguage\":\"de\",\"@id\":\"https:\\\/\\\/malin-krk.com\\\/#\\\/schema\\\/logo\\\/image\\\/\",\"url\":\"https:\\\/\\\/malin-krk.com\\\/wp-content\\\/uploads\\\/2024\\\/02\\\/malin-logo.jpg\",\"contentUrl\":\"https:\\\/\\\/malin-krk.com\\\/wp-content\\\/uploads\\\/2024\\\/02\\\/malin-logo.jpg\",\"width\":280,\"height\":96,\"caption\":\"Malin Krk\"},\"image\":{\"@id\":\"https:\\\/\\\/malin-krk.com\\\/#\\\/schema\\\/logo\\\/image\\\/\"},\"sameAs\":[\"https:\\\/\\\/www.facebook.com\\\/hotelmalin\\\/\"]}]}<\/script>\n<!-- \/ Yoast SEO plugin. -->","yoast_head_json":{"title":"Brosch\u00fcre - Hotel Malin & Camp Tiha \u0160ilo - Malin Krk","description":"Verbringen Sie den perfekten Urlaub auf Krk in hochwertiger Unterkunft in Meeresn\u00e4he, mit traditionellen Gerichten, Weinen, Strandaktivit\u00e4ten, und Ruhe.","robots":{"index":"index","follow":"follow","max-snippet":"max-snippet:-1","max-image-preview":"max-image-preview:large","max-video-preview":"max-video-preview:-1"},"canonical":"https:\/\/malin-krk.com\/de\/broschure\/","og_locale":"de_DE","og_type":"article","og_title":"Brosch\u00fcre - Hotel Malin & Camp Tiha \u0160ilo - Malin Krk","og_description":"Verbringen Sie den perfekten Urlaub auf Krk in hochwertiger Unterkunft in Meeresn\u00e4he, mit traditionellen Gerichten, Weinen, Strandaktivit\u00e4ten, und Ruhe.","og_url":"https:\/\/malin-krk.com\/de\/broschure\/","og_site_name":"Malin Krk","article_publisher":"https:\/\/www.facebook.com\/hotelmalin\/","article_modified_time":"2024-02-20T13:27:27+00:00","og_image":[{"width":2300,"height":1532,"url":"https:\/\/malin-krk.com\/wp-content\/uploads\/2022\/07\/DJI_0518.jpg","type":"image\/jpeg"}],"twitter_card":"summary_large_image","schema":{"@context":"https:\/\/schema.org","@graph":[{"@type":"WebPage","@id":"https:\/\/malin-krk.com\/de\/broschure\/","url":"https:\/\/malin-krk.com\/de\/broschure\/","name":"Brosch\u00fcre - Hotel Malin & Camp Tiha \u0160ilo - Malin Krk","isPartOf":{"@id":"https:\/\/malin-krk.com\/#website"},"primaryImageOfPage":{"@id":"https:\/\/malin-krk.com\/de\/broschure\/#primaryimage"},"image":{"@id":"https:\/\/malin-krk.com\/de\/broschure\/#primaryimage"},"thumbnailUrl":"https:\/\/malin-krk.com\/wp-content\/uploads\/2022\/07\/DJI_0518.jpg","datePublished":"2024-02-20T09:01:35+00:00","dateModified":"2024-02-20T13:27:27+00:00","description":"Verbringen Sie den perfekten Urlaub auf Krk in hochwertiger Unterkunft in Meeresn\u00e4he, mit traditionellen Gerichten, Weinen, Strandaktivit\u00e4ten, und Ruhe.","breadcrumb":{"@id":"https:\/\/malin-krk.com\/de\/broschure\/#breadcrumb"},"inLanguage":"de","potentialAction":[{"@type":"ReadAction","target":["https:\/\/malin-krk.com\/de\/broschure\/"]}]},{"@type":"ImageObject","inLanguage":"de","@id":"https:\/\/malin-krk.com\/de\/broschure\/#primaryimage","url":"https:\/\/malin-krk.com\/wp-content\/uploads\/2022\/07\/DJI_0518.jpg","contentUrl":"https:\/\/malin-krk.com\/wp-content\/uploads\/2022\/07\/DJI_0518.jpg","width":2300,"height":1532},{"@type":"BreadcrumbList","@id":"https:\/\/malin-krk.com\/de\/broschure\/#breadcrumb","itemListElement":[{"@type":"ListItem","position":1,"name":"Home","item":"https:\/\/malin-krk.com\/de\/"},{"@type":"ListItem","position":2,"name":"Brosch\u00fcre"}]},{"@type":"WebSite","@id":"https:\/\/malin-krk.com\/#website","url":"https:\/\/malin-krk.com\/","name":"Malin Krk","description":"","publisher":{"@id":"https:\/\/malin-krk.com\/#organization"},"potentialAction":[{"@type":"SearchAction","target":{"@type":"EntryPoint","urlTemplate":"https:\/\/malin-krk.com\/?s={search_term_string}"},"query-input":{"@type":"PropertyValueSpecification","valueRequired":true,"valueName":"search_term_string"}}],"inLanguage":"de"},{"@type":"Organization","@id":"https:\/\/malin-krk.com\/#organization","name":"Malin Krk","url":"https:\/\/malin-krk.com\/","logo":{"@type":"ImageObject","inLanguage":"de","@id":"https:\/\/malin-krk.com\/#\/schema\/logo\/image\/","url":"https:\/\/malin-krk.com\/wp-content\/uploads\/2024\/02\/malin-logo.jpg","contentUrl":"https:\/\/malin-krk.com\/wp-content\/uploads\/2024\/02\/malin-logo.jpg","width":280,"height":96,"caption":"Malin Krk"},"image":{"@id":"https:\/\/malin-krk.com\/#\/schema\/logo\/image\/"},"sameAs":["https:\/\/www.facebook.com\/hotelmalin\/"]}]}},"_links":{"self":[{"href":"https:\/\/malin-krk.com\/de\/wp-json\/wp\/v2\/pages\/29252","targetHints":{"allow":["GET"]}}],"collection":[{"href":"https:\/\/malin-krk.com\/de\/wp-json\/wp\/v2\/pages"}],"about":[{"href":"https:\/\/malin-krk.com\/de\/wp-json\/wp\/v2\/types\/page"}],"author":[{"embeddable":true,"href":"https:\/\/malin-krk.com\/de\/wp-json\/wp\/v2\/users\/8"}],"replies":[{"embeddable":true,"href":"https:\/\/malin-krk.com\/de\/wp-json\/wp\/v2\/comments?post=29252"}],"version-history":[{"count":4,"href":"https:\/\/malin-krk.com\/de\/wp-json\/wp\/v2\/pages\/29252\/revisions"}],"predecessor-version":[{"id":29262,"href":"https:\/\/malin-krk.com\/de\/wp-json\/wp\/v2\/pages\/29252\/revisions\/29262"}],"wp:featuredmedia":[{"embeddable":true,"href":"https:\/\/malin-krk.com\/de\/wp-json\/wp\/v2\/media\/23420"}],"wp:attachment":[{"href":"https:\/\/malin-krk.com\/de\/wp-json\/wp\/v2\/media?parent=29252"}],"curies":[{"name":"wp","href":"https:\/\/api.w.org\/{rel}","templated":true}]}}