{"id":29007,"date":"2023-12-07T09:16:23","date_gmt":"2023-12-07T08:16:23","guid":{"rendered":"https:\/\/malin-krk.com\/?page_id=29007"},"modified":"2026-03-16T11:55:46","modified_gmt":"2026-03-16T10:55:46","slug":"besonderer-vorteil-fuer-mitglieder","status":"publish","type":"page","link":"https:\/\/malin-krk.com\/de\/besonderer-vorteil-fuer-mitglieder\/","title":{"rendered":"Besonderer Vorteil f\u00fcr Mitglieder"},"content":{"rendered":"<!DOCTYPE html PUBLIC \"-\/\/W3C\/\/DTD HTML 4.0 Transitional\/\/EN\" \"http:\/\/www.w3.org\/TR\/REC-html40\/loose.dtd\">\n<html><body><p>F&uuml;r alle Mitglieder der Campingkarten <a href=\"https:\/\/www.adac.de\/\">ADAC,<\/a> <a href=\"https:\/\/www.campingcard.co.uk\/\">ACSI<\/a>, <a href=\"https:\/\/avtokampi.si\/\">Avtokampi.si<\/a> und <a href=\"https:\/\/udrugakampista.hr\/\">UKH<\/a> haben wir besondere Vorteile vorbereitet.<\/p>\n<p>&nbsp;<\/p>\n<p><img decoding=\"async\" class=\"aligncenter  wp-image-34268\" src=\"https:\/\/malin-krk.com\/wp-content\/uploads\/2026\/03\/FBIG-CAMP-post-Landscape-2-300x212.png\" alt=\"\" width=\"795\" height=\"562\" srcset=\"https:\/\/malin-krk.com\/wp-content\/uploads\/2026\/03\/FBIG-CAMP-post-Landscape-2-300x212.png 300w, https:\/\/malin-krk.com\/wp-content\/uploads\/2026\/03\/FBIG-CAMP-post-Landscape-2-1024x724.png 1024w, https:\/\/malin-krk.com\/wp-content\/uploads\/2026\/03\/FBIG-CAMP-post-Landscape-2-768x543.png 768w, https:\/\/malin-krk.com\/wp-content\/uploads\/2026\/03\/FBIG-CAMP-post-Landscape-2-1536x1086.png 1536w, https:\/\/malin-krk.com\/wp-content\/uploads\/2026\/03\/FBIG-CAMP-post-Landscape-2.png 2000w\" sizes=\"(max-width: 795px) 100vw, 795px\" \/><\/p>\n<p>Das Sonderangebot gilt ab<strong> dem 15.04. bis 21.06. und vom 01.09. bis 31.10.<\/strong> und beinhaltet Folgendes:<\/p>\n<ul>\n<li>CLASSIC-Stellplatz f&uuml;r 2 Erwachsene<\/li>\n<li>Anschluss an Strom<\/li>\n<li>KOSTENLOSER Aufenthalt f&uuml;r Kinder bis 5 Jahre (max. 2 Kinder)<\/li>\n<\/ul>\n<p><strong>PREIS: 23,00 &euro; \/ Tag<\/strong><\/p>\n<p>*Die Kurtaxe ist nicht im Preis inbegriffen.<\/p>\n<p>*Sonderangebot schlie&szlig;t alle anderen Angebote aus.<\/p>\n<p>*Die Anzahl der Grundst&uuml;cke ist verf&uuml;gbar, bis sie belegt sind.<\/p>\n<p>&nbsp;<\/p>\n<p>Sonderaktion<strong> 15% RABATT<\/strong> f&uuml;r ADAC Camp Card Mitglieder im Zeitraum <strong>vom 01.04. &ndash; 21.06. und 01.09. bis 31.10.:<\/strong><\/p>\n<ul>\n<li>15 % Rabatt auf alle Grundst&uuml;ckstypen<\/li>\n<li>Stromanschluss<\/li>\n<\/ul>\n<p>*Die Kurtaxe ist nicht im Preis inbegriffen.<\/p>\n<p>*Sonderangebot schlie&szlig;t alle anderen Angebote aus.<\/p>\n<p>*Die Anzahl der Grundst&uuml;cke ist verf&uuml;gbar, bis sie belegt sind.<\/p>\n<p>&nbsp;<\/p>\n<p>Die Erm&auml;&szlig;igung wird bei der Abreise gegen Vorlage einer g&uuml;ltigen Karte berechnet.<\/p>\n<p>&nbsp;<\/p>\n<p>Inhaber der genannten Campingkarten erhalten au&szlig;erdem in allen Semesterzeiten und auf allen Stellplatzarten:<\/p>\n<ul>\n<li>&nbsp;5 % Rabatt auf den Preis pro Person<\/li>\n<li>max. 20 % Rabatt auf den Preis pro Person &ndash; bei ununterbrochenem Aufenthalt derselben Personen im Camp f&uuml;r mehr als 14 N&auml;chte<\/li>\n<\/ul>\n<p>Der Rabatt wird an der Rezeption berechnet und ist nicht mit anderen Rabatten kombinierbar.<\/p>\n<p>&nbsp;<\/p>\n<p><strong>Reservierungen:<\/strong><\/p>\n<p>&#128233;reservations@camp.tiha.hr<\/p>\n<p>&#128222;+385 (0)51 850 129<\/p>\n\n\t\t\t\t\t\t<ul class='img-galerija list-inline list-unstyled fancybox-show-nav'>\n\n\t\t\t\t\t\t\t\n\t\t\t\t\t\t\t<li class=\"col-md-4 col-sm-6 col-xs-4 thumb-wrapper\">\n\t\t\t\t\t\t\t\t<a class=\"fancybox\" data-fancybox=\"group\" rel=\"group\" data-title=\"Besonderer Vorteil f\u00fcr Mitglieder\" href=\"https:\/\/malin-krk.com\/wp-content\/uploads\/2026\/03\/DJI_0513.jpg\" data-title=\"Besonderer Vorteil f\u00fcr Mitglieder\">\n\t\t\t\t\t\t\t\t\t<img decoding=\"async\" class=\"thumb img-responsive\" src=\"https:\/\/malin-krk.com\/wp-content\/uploads\/2026\/03\/DJI_0513-400x400.jpg\" alt=\"Besonderer Vorteil f\u00fcr Mitglieder\">\n\t\t\t\t\t\t\t\t<\/a>\n\t\t\t\t\t\t\t<\/li>\n\n\t\t\t\t\t\t\t\n\t\t\t\t\t\t\t<li class=\"col-md-4 col-sm-6 col-xs-4 thumb-wrapper\">\n\t\t\t\t\t\t\t\t<a class=\"fancybox\" data-fancybox=\"group\" rel=\"group\" data-title=\"Besonderer Vorteil f\u00fcr Mitglieder\" href=\"https:\/\/malin-krk.com\/wp-content\/uploads\/2023\/11\/KAMP_SILO_2023-0109.jpg\" data-title=\"Besonderer Vorteil f\u00fcr Mitglieder\">\n\t\t\t\t\t\t\t\t\t<img decoding=\"async\" class=\"thumb img-responsive\" src=\"https:\/\/malin-krk.com\/wp-content\/uploads\/2023\/11\/KAMP_SILO_2023-0109-400x400.jpg\" alt=\"Besonderer Vorteil f\u00fcr Mitglieder\">\n\t\t\t\t\t\t\t\t<\/a>\n\t\t\t\t\t\t\t<\/li>\n\n\t\t\t\t\t\t\t\n\t\t\t\t\t\t\t<li class=\"col-md-4 col-sm-6 col-xs-4 thumb-wrapper\">\n\t\t\t\t\t\t\t\t<a class=\"fancybox\" data-fancybox=\"group\" rel=\"group\" data-title=\"Besonderer Vorteil f\u00fcr Mitglieder\" href=\"https:\/\/malin-krk.com\/wp-content\/uploads\/2023\/11\/KAMP_SILO_2023-0132.jpg\" data-title=\"Besonderer Vorteil f\u00fcr Mitglieder\">\n\t\t\t\t\t\t\t\t\t<img decoding=\"async\" class=\"thumb img-responsive\" src=\"https:\/\/malin-krk.com\/wp-content\/uploads\/2023\/11\/KAMP_SILO_2023-0132-400x400.jpg\" alt=\"Besonderer Vorteil f\u00fcr Mitglieder\">\n\t\t\t\t\t\t\t\t<\/a>\n\t\t\t\t\t\t\t<\/li>\n\n\t\t\t\t\t\t\t\n\t\t\t\t\t\t\t<li class=\"col-md-4 col-sm-6 col-xs-4 thumb-wrapper\">\n\t\t\t\t\t\t\t\t<a class=\"fancybox\" data-fancybox=\"group\" rel=\"group\" data-title=\"Besonderer Vorteil f\u00fcr Mitglieder\" href=\"https:\/\/malin-krk.com\/wp-content\/uploads\/2024\/07\/KAMP_SILO_2024-0104.jpg\" data-title=\"Besonderer Vorteil f\u00fcr Mitglieder\">\n\t\t\t\t\t\t\t\t\t<img decoding=\"async\" class=\"thumb img-responsive\" src=\"https:\/\/malin-krk.com\/wp-content\/uploads\/2024\/07\/KAMP_SILO_2024-0104-400x400.jpg\" alt=\"Besonderer Vorteil f\u00fcr Mitglieder\">\n\t\t\t\t\t\t\t\t<\/a>\n\t\t\t\t\t\t\t<\/li>\n\n\t\t\t\t\t\t\t\n\t\t\t\t\t\t\t<li class=\"col-md-4 col-sm-6 col-xs-4 thumb-wrapper\">\n\t\t\t\t\t\t\t\t<a class=\"fancybox\" data-fancybox=\"group\" rel=\"group\" data-title=\"Besonderer Vorteil f\u00fcr Mitglieder\" href=\"https:\/\/malin-krk.com\/wp-content\/uploads\/2024\/07\/8O0A6879.jpg\" data-title=\"Besonderer Vorteil f\u00fcr Mitglieder\">\n\t\t\t\t\t\t\t\t\t<img decoding=\"async\" class=\"thumb img-responsive\" src=\"https:\/\/malin-krk.com\/wp-content\/uploads\/2024\/07\/8O0A6879-400x400.jpg\" alt=\"Besonderer Vorteil f\u00fcr Mitglieder\">\n\t\t\t\t\t\t\t\t<\/a>\n\t\t\t\t\t\t\t<\/li>\n\n\t\t\t\t\t\t\t\n\t\t\t\t\t\t\t<li class=\"col-md-4 col-sm-6 col-xs-4 thumb-wrapper\">\n\t\t\t\t\t\t\t\t<a class=\"fancybox\" data-fancybox=\"group\" rel=\"group\" data-title=\"Besonderer Vorteil f\u00fcr Mitglieder\" href=\"https:\/\/malin-krk.com\/wp-content\/uploads\/2024\/07\/KAMP_SILO_2024-0099.jpg\" data-title=\"Besonderer Vorteil f\u00fcr Mitglieder\">\n\t\t\t\t\t\t\t\t\t<img decoding=\"async\" class=\"thumb img-responsive\" src=\"https:\/\/malin-krk.com\/wp-content\/uploads\/2024\/07\/KAMP_SILO_2024-0099-400x400.jpg\" alt=\"Besonderer Vorteil f\u00fcr Mitglieder\">\n\t\t\t\t\t\t\t\t<\/a>\n\t\t\t\t\t\t\t<\/li>\n\n\t\t\t\t\t\t\t\t\t\t\t\t\t<\/ul>\n\t\t\t\t\t\t\n<p>&nbsp;<\/p>\n<h3><strong>Kontaktiere uns<\/strong><\/h3>\n\n<div class=\"wpcf7 no-js\" id=\"wpcf7-f858-o1\" lang=\"hr-HR\" dir=\"ltr\" data-wpcf7-id=\"858\">\n<div class=\"screen-reader-response\"><p role=\"status\" aria-live=\"polite\" aria-atomic=\"true\"><\/p> <ul><\/ul><\/div>\n<form action=\"\/de\/wp-json\/wp\/v2\/pages\/29007#wpcf7-f858-o1\" method=\"post\" class=\"wpcf7-form init\" aria-label=\"Kontaktformular\" novalidate=\"novalidate\" data-status=\"init\">\n<fieldset class=\"hidden-fields-container\"><input type=\"hidden\" name=\"_wpcf7\" value=\"858\" \/><input type=\"hidden\" name=\"_wpcf7_version\" value=\"6.1.5\" \/><input type=\"hidden\" name=\"_wpcf7_locale\" value=\"hr_HR\" \/><input type=\"hidden\" name=\"_wpcf7_unit_tag\" value=\"wpcf7-f858-o1\" \/><input type=\"hidden\" name=\"_wpcf7_container_post\" value=\"0\" \/><input type=\"hidden\" name=\"_wpcf7_posted_data_hash\" value=\"\" \/>\n<\/fieldset>\n<p><label>Ime i prezime*<br \/>\n<span class=\"wpcf7-form-control-wrap\" data-name=\"your-name\"><input size=\"40\" maxlength=\"400\" class=\"wpcf7-form-control wpcf7-text wpcf7-validates-as-required\" aria-required=\"true\" aria-invalid=\"false\" value=\"\" type=\"text\" name=\"your-name\" \/><\/span> <\/label>\n<\/p>\n<p><label>Email*<br \/>\n<span class=\"wpcf7-form-control-wrap\" data-name=\"your-email\"><input size=\"40\" maxlength=\"400\" class=\"wpcf7-form-control wpcf7-email wpcf7-validates-as-required wpcf7-text wpcf7-validates-as-email\" aria-required=\"true\" aria-invalid=\"false\" value=\"\" type=\"email\" name=\"your-email\" \/><\/span> <\/label>\n<\/p>\n<p><label>Predmet<br \/>\n<span class=\"wpcf7-form-control-wrap\" data-name=\"your-subject\"><input size=\"40\" maxlength=\"400\" class=\"wpcf7-form-control wpcf7-text wpcf7-validates-as-required\" aria-required=\"true\" aria-invalid=\"false\" value=\"\" type=\"text\" name=\"your-subject\" \/><\/span> <\/label>\n<\/p>\n<p><label>Poruka*<br \/>\n<span class=\"wpcf7-form-control-wrap\" data-name=\"your-message\"><textarea cols=\"40\" rows=\"10\" maxlength=\"2000\" class=\"wpcf7-form-control wpcf7-textarea wpcf7-validates-as-required\" aria-required=\"true\" aria-invalid=\"false\" name=\"your-message\"><\/textarea><\/span> <\/label>\n<\/p>\n<p><label>Primatelj poruke<br \/>\n<span class=\"wpcf7-form-control-wrap\" data-name=\"your-recipient\"><select class=\"wpcf7-form-control wpcf7-select wpcf7-validates-as-required\" aria-required=\"true\" aria-invalid=\"false\" name=\"your-recipient\"><option value=\"\">&#8211; Bitte ausw\u00e4hlen &#8211;<\/option><option value=\"Hotel Malin\">Hotel Malin<\/option><option value=\"Vile i apartmani\">Vile i apartmani<\/option><option value=\"Mobilne ku\u0107ice\">Mobilne ku\u0107ice<\/option><option value=\"Kamp Tiha \u0160ilo\">Kamp Tiha \u0160ilo<\/option><\/select><\/span><\/label>\n<\/p>\n<p><label>Captcha<br \/>\n<input type=\"hidden\" name=\"_wpcf7_captcha_challenge_captcha-1\" value=\"1114979612\" \/><img decoding=\"async\" class=\"wpcf7-form-control wpcf7-captchac wpcf7-captcha-captcha-1\" width=\"84\" height=\"28\" alt=\"captcha\" src=\"https:\/\/malin-krk.com\/wp-content\/uploads\/wpcf7_captcha\/1114979612.png\" \/><span class=\"wpcf7-form-control-wrap\" data-name=\"captcha-1\"><input size=\"40\" maxlength=\"100\" class=\"wpcf7-form-control wpcf7-captchar\" autocomplete=\"off\" aria-invalid=\"false\" placeholder=\"Upi\u0161ite znakove\" value=\"\" type=\"text\" name=\"captcha-1\" \/><\/span><br \/>\n<\/label>\n<\/p>\n<p><span class=\"wpcf7-form-control-wrap\" data-name=\"your-consent\"><span class=\"wpcf7-form-control wpcf7-acceptance\"><span class=\"wpcf7-list-item\"><label><input type=\"checkbox\" name=\"your-consent\" value=\"1\" aria-invalid=\"false\" \/><span class=\"wpcf7-list-item-label\">Molimo ozna\u010dite kako biste pristali na spremanje va\u0161ih podataka u skladu sa smjernicama navedenim u na\u0161oj izjavi o <a href=\"https:\/\/malin-krk.com\/pravila-koristenja\/\">privatnosti podataka<\/a><\/span><\/label><\/span><\/span><\/span>\n<\/p>\n<p><input class=\"wpcf7-form-control wpcf7-submit has-spinner btn\" type=\"submit\" value=\"Po\u0161aljite\" \/>\n<\/p><div class=\"wpcf7-response-output\" aria-hidden=\"true\"><\/div>\n<\/form>\n<\/div>\n\n<p>&nbsp;<\/p>\n<\/body><\/html>\n","protected":false},"excerpt":{"rendered":"<p>F&uuml;r alle Mitglieder der Campingkarten ADAC, ACSI, Avtokampi.si und UKH haben wir besondere Vorteile vorbereitet. &nbsp; Das Sonderangebot gilt ab dem 15.04. bis 21.06. und vom 01.09. bis 31.10. und beinhaltet Folgendes: CLASSIC-Stellplatz f&uuml;r 2 Erwachsene Anschluss an Strom KOSTENLOSER Aufenthalt f&uuml;r Kinder bis 5 Jahre (max. 2 Kinder) PREIS: 23,00 &euro; \/ Tag *Die [&hellip;]<\/p>\n","protected":false},"author":2,"featured_media":28996,"parent":0,"menu_order":0,"comment_status":"closed","ping_status":"closed","template":"","meta":{"_acf_changed":false,"footnotes":""},"class_list":["post-29007","page","type-page","status-publish","has-post-thumbnail","hentry"],"acf":[],"yoast_head":"<!-- This site is optimized with the Yoast SEO plugin v27.5 - https:\/\/yoast.com\/product\/yoast-seo-wordpress\/ -->\n<title>Besonderer Vorteil f\u00fcr Mitglieder - Malin Krk<\/title>\n<meta name=\"description\" content=\"Besonderer Vorteil f\u00fcr alle Mitglieder der Campingkarten ACSII, ADAC, Avtokampi.si und UKH das ganze Jahr \u00fcber. Profitieren Sie von den Vorteilen der Mitgliedschaft.\" \/>\n<meta name=\"robots\" content=\"index, follow, max-snippet:-1, max-image-preview:large, max-video-preview:-1\" \/>\n<link rel=\"canonical\" href=\"https:\/\/malin-krk.com\/de\/besonderer-vorteil-fuer-mitglieder\/\" \/>\n<meta property=\"og:locale\" content=\"de_DE\" \/>\n<meta property=\"og:type\" content=\"article\" \/>\n<meta property=\"og:title\" content=\"Besonderer Vorteil f\u00fcr Mitglieder - Malin Krk\" \/>\n<meta property=\"og:description\" content=\"Besonderer Vorteil f\u00fcr alle Mitglieder der Campingkarten ACSII, ADAC, Avtokampi.si und UKH das ganze Jahr \u00fcber. Profitieren Sie von den Vorteilen der Mitgliedschaft.\" \/>\n<meta property=\"og:url\" content=\"https:\/\/malin-krk.com\/de\/besonderer-vorteil-fuer-mitglieder\/\" \/>\n<meta property=\"og:site_name\" content=\"Malin Krk\" \/>\n<meta property=\"article:publisher\" content=\"https:\/\/www.facebook.com\/hotelmalin\/\" \/>\n<meta property=\"article:modified_time\" content=\"2026-03-16T10:55:46+00:00\" \/>\n<meta property=\"og:image\" content=\"https:\/\/malin-krk.com\/wp-content\/uploads\/2023\/12\/Untitled-design-1-1024x1024.png\" \/>\n\t<meta property=\"og:image:width\" content=\"1024\" \/>\n\t<meta property=\"og:image:height\" content=\"1024\" \/>\n\t<meta property=\"og:image:type\" content=\"image\/png\" \/>\n<meta name=\"twitter:card\" content=\"summary_large_image\" \/>\n<script type=\"application\/ld+json\" class=\"yoast-schema-graph\">{\"@context\":\"https:\\\/\\\/schema.org\",\"@graph\":[{\"@type\":\"WebPage\",\"@id\":\"https:\\\/\\\/malin-krk.com\\\/de\\\/besonderer-vorteil-fuer-mitglieder\\\/\",\"url\":\"https:\\\/\\\/malin-krk.com\\\/de\\\/besonderer-vorteil-fuer-mitglieder\\\/\",\"name\":\"Besonderer Vorteil f\u00fcr Mitglieder - Malin Krk\",\"isPartOf\":{\"@id\":\"https:\\\/\\\/malin-krk.com\\\/#website\"},\"primaryImageOfPage\":{\"@id\":\"https:\\\/\\\/malin-krk.com\\\/de\\\/besonderer-vorteil-fuer-mitglieder\\\/#primaryimage\"},\"image\":{\"@id\":\"https:\\\/\\\/malin-krk.com\\\/de\\\/besonderer-vorteil-fuer-mitglieder\\\/#primaryimage\"},\"thumbnailUrl\":\"https:\\\/\\\/malin-krk.com\\\/wp-content\\\/uploads\\\/2023\\\/12\\\/Untitled-design-1.png\",\"datePublished\":\"2023-12-07T08:16:23+00:00\",\"dateModified\":\"2026-03-16T10:55:46+00:00\",\"description\":\"Besonderer Vorteil f\u00fcr alle Mitglieder der Campingkarten ACSII, ADAC, Avtokampi.si und UKH das ganze Jahr \u00fcber. Profitieren Sie von den Vorteilen der Mitgliedschaft.\",\"breadcrumb\":{\"@id\":\"https:\\\/\\\/malin-krk.com\\\/de\\\/besonderer-vorteil-fuer-mitglieder\\\/#breadcrumb\"},\"inLanguage\":\"de\",\"potentialAction\":[{\"@type\":\"ReadAction\",\"target\":[\"https:\\\/\\\/malin-krk.com\\\/de\\\/besonderer-vorteil-fuer-mitglieder\\\/\"]}]},{\"@type\":\"ImageObject\",\"inLanguage\":\"de\",\"@id\":\"https:\\\/\\\/malin-krk.com\\\/de\\\/besonderer-vorteil-fuer-mitglieder\\\/#primaryimage\",\"url\":\"https:\\\/\\\/malin-krk.com\\\/wp-content\\\/uploads\\\/2023\\\/12\\\/Untitled-design-1.png\",\"contentUrl\":\"https:\\\/\\\/malin-krk.com\\\/wp-content\\\/uploads\\\/2023\\\/12\\\/Untitled-design-1.png\",\"width\":2000,\"height\":2000},{\"@type\":\"BreadcrumbList\",\"@id\":\"https:\\\/\\\/malin-krk.com\\\/de\\\/besonderer-vorteil-fuer-mitglieder\\\/#breadcrumb\",\"itemListElement\":[{\"@type\":\"ListItem\",\"position\":1,\"name\":\"Home\",\"item\":\"https:\\\/\\\/malin-krk.com\\\/de\\\/\"},{\"@type\":\"ListItem\",\"position\":2,\"name\":\"Besonderer Vorteil f\u00fcr Mitglieder\"}]},{\"@type\":\"WebSite\",\"@id\":\"https:\\\/\\\/malin-krk.com\\\/#website\",\"url\":\"https:\\\/\\\/malin-krk.com\\\/\",\"name\":\"Malin Krk\",\"description\":\"\",\"publisher\":{\"@id\":\"https:\\\/\\\/malin-krk.com\\\/#organization\"},\"potentialAction\":[{\"@type\":\"SearchAction\",\"target\":{\"@type\":\"EntryPoint\",\"urlTemplate\":\"https:\\\/\\\/malin-krk.com\\\/?s={search_term_string}\"},\"query-input\":{\"@type\":\"PropertyValueSpecification\",\"valueRequired\":true,\"valueName\":\"search_term_string\"}}],\"inLanguage\":\"de\"},{\"@type\":\"Organization\",\"@id\":\"https:\\\/\\\/malin-krk.com\\\/#organization\",\"name\":\"Malin Krk\",\"url\":\"https:\\\/\\\/malin-krk.com\\\/\",\"logo\":{\"@type\":\"ImageObject\",\"inLanguage\":\"de\",\"@id\":\"https:\\\/\\\/malin-krk.com\\\/#\\\/schema\\\/logo\\\/image\\\/\",\"url\":\"https:\\\/\\\/malin-krk.com\\\/wp-content\\\/uploads\\\/2024\\\/02\\\/malin-logo.jpg\",\"contentUrl\":\"https:\\\/\\\/malin-krk.com\\\/wp-content\\\/uploads\\\/2024\\\/02\\\/malin-logo.jpg\",\"width\":280,\"height\":96,\"caption\":\"Malin Krk\"},\"image\":{\"@id\":\"https:\\\/\\\/malin-krk.com\\\/#\\\/schema\\\/logo\\\/image\\\/\"},\"sameAs\":[\"https:\\\/\\\/www.facebook.com\\\/hotelmalin\\\/\"]}]}<\/script>\n<!-- \/ Yoast SEO plugin. -->","yoast_head_json":{"title":"Besonderer Vorteil f\u00fcr Mitglieder - Malin Krk","description":"Besonderer Vorteil f\u00fcr alle Mitglieder der Campingkarten ACSII, ADAC, Avtokampi.si und UKH das ganze Jahr \u00fcber. Profitieren Sie von den Vorteilen der Mitgliedschaft.","robots":{"index":"index","follow":"follow","max-snippet":"max-snippet:-1","max-image-preview":"max-image-preview:large","max-video-preview":"max-video-preview:-1"},"canonical":"https:\/\/malin-krk.com\/de\/besonderer-vorteil-fuer-mitglieder\/","og_locale":"de_DE","og_type":"article","og_title":"Besonderer Vorteil f\u00fcr Mitglieder - Malin Krk","og_description":"Besonderer Vorteil f\u00fcr alle Mitglieder der Campingkarten ACSII, ADAC, Avtokampi.si und UKH das ganze Jahr \u00fcber. Profitieren Sie von den Vorteilen der Mitgliedschaft.","og_url":"https:\/\/malin-krk.com\/de\/besonderer-vorteil-fuer-mitglieder\/","og_site_name":"Malin Krk","article_publisher":"https:\/\/www.facebook.com\/hotelmalin\/","article_modified_time":"2026-03-16T10:55:46+00:00","og_image":[{"width":1024,"height":1024,"url":"https:\/\/malin-krk.com\/wp-content\/uploads\/2023\/12\/Untitled-design-1-1024x1024.png","type":"image\/png"}],"twitter_card":"summary_large_image","schema":{"@context":"https:\/\/schema.org","@graph":[{"@type":"WebPage","@id":"https:\/\/malin-krk.com\/de\/besonderer-vorteil-fuer-mitglieder\/","url":"https:\/\/malin-krk.com\/de\/besonderer-vorteil-fuer-mitglieder\/","name":"Besonderer Vorteil f\u00fcr Mitglieder - Malin Krk","isPartOf":{"@id":"https:\/\/malin-krk.com\/#website"},"primaryImageOfPage":{"@id":"https:\/\/malin-krk.com\/de\/besonderer-vorteil-fuer-mitglieder\/#primaryimage"},"image":{"@id":"https:\/\/malin-krk.com\/de\/besonderer-vorteil-fuer-mitglieder\/#primaryimage"},"thumbnailUrl":"https:\/\/malin-krk.com\/wp-content\/uploads\/2023\/12\/Untitled-design-1.png","datePublished":"2023-12-07T08:16:23+00:00","dateModified":"2026-03-16T10:55:46+00:00","description":"Besonderer Vorteil f\u00fcr alle Mitglieder der Campingkarten ACSII, ADAC, Avtokampi.si und UKH das ganze Jahr \u00fcber. Profitieren Sie von den Vorteilen der Mitgliedschaft.","breadcrumb":{"@id":"https:\/\/malin-krk.com\/de\/besonderer-vorteil-fuer-mitglieder\/#breadcrumb"},"inLanguage":"de","potentialAction":[{"@type":"ReadAction","target":["https:\/\/malin-krk.com\/de\/besonderer-vorteil-fuer-mitglieder\/"]}]},{"@type":"ImageObject","inLanguage":"de","@id":"https:\/\/malin-krk.com\/de\/besonderer-vorteil-fuer-mitglieder\/#primaryimage","url":"https:\/\/malin-krk.com\/wp-content\/uploads\/2023\/12\/Untitled-design-1.png","contentUrl":"https:\/\/malin-krk.com\/wp-content\/uploads\/2023\/12\/Untitled-design-1.png","width":2000,"height":2000},{"@type":"BreadcrumbList","@id":"https:\/\/malin-krk.com\/de\/besonderer-vorteil-fuer-mitglieder\/#breadcrumb","itemListElement":[{"@type":"ListItem","position":1,"name":"Home","item":"https:\/\/malin-krk.com\/de\/"},{"@type":"ListItem","position":2,"name":"Besonderer Vorteil f\u00fcr Mitglieder"}]},{"@type":"WebSite","@id":"https:\/\/malin-krk.com\/#website","url":"https:\/\/malin-krk.com\/","name":"Malin Krk","description":"","publisher":{"@id":"https:\/\/malin-krk.com\/#organization"},"potentialAction":[{"@type":"SearchAction","target":{"@type":"EntryPoint","urlTemplate":"https:\/\/malin-krk.com\/?s={search_term_string}"},"query-input":{"@type":"PropertyValueSpecification","valueRequired":true,"valueName":"search_term_string"}}],"inLanguage":"de"},{"@type":"Organization","@id":"https:\/\/malin-krk.com\/#organization","name":"Malin Krk","url":"https:\/\/malin-krk.com\/","logo":{"@type":"ImageObject","inLanguage":"de","@id":"https:\/\/malin-krk.com\/#\/schema\/logo\/image\/","url":"https:\/\/malin-krk.com\/wp-content\/uploads\/2024\/02\/malin-logo.jpg","contentUrl":"https:\/\/malin-krk.com\/wp-content\/uploads\/2024\/02\/malin-logo.jpg","width":280,"height":96,"caption":"Malin Krk"},"image":{"@id":"https:\/\/malin-krk.com\/#\/schema\/logo\/image\/"},"sameAs":["https:\/\/www.facebook.com\/hotelmalin\/"]}]}},"_links":{"self":[{"href":"https:\/\/malin-krk.com\/de\/wp-json\/wp\/v2\/pages\/29007","targetHints":{"allow":["GET"]}}],"collection":[{"href":"https:\/\/malin-krk.com\/de\/wp-json\/wp\/v2\/pages"}],"about":[{"href":"https:\/\/malin-krk.com\/de\/wp-json\/wp\/v2\/types\/page"}],"author":[{"embeddable":true,"href":"https:\/\/malin-krk.com\/de\/wp-json\/wp\/v2\/users\/2"}],"replies":[{"embeddable":true,"href":"https:\/\/malin-krk.com\/de\/wp-json\/wp\/v2\/comments?post=29007"}],"version-history":[{"count":14,"href":"https:\/\/malin-krk.com\/de\/wp-json\/wp\/v2\/pages\/29007\/revisions"}],"predecessor-version":[{"id":34282,"href":"https:\/\/malin-krk.com\/de\/wp-json\/wp\/v2\/pages\/29007\/revisions\/34282"}],"wp:featuredmedia":[{"embeddable":true,"href":"https:\/\/malin-krk.com\/de\/wp-json\/wp\/v2\/media\/28996"}],"wp:attachment":[{"href":"https:\/\/malin-krk.com\/de\/wp-json\/wp\/v2\/media?parent=29007"}],"curies":[{"name":"wp","href":"https:\/\/api.w.org\/{rel}","templated":true}]}}