{"id":25229,"date":"2022-09-16T13:10:42","date_gmt":"2022-09-16T11:10:42","guid":{"rendered":"https:\/\/malin-krk.com\/?page_id=25229"},"modified":"2025-11-12T09:13:29","modified_gmt":"2025-11-12T08:13:29","slug":"olive-touch-paket-2025","status":"publish","type":"page","link":"https:\/\/malin-krk.com\/de\/hotel-malin\/sonderangebote-des-hotels-malin\/olive-touch-paket-2025\/","title":{"rendered":"OLIVE TOUCH PAKET 2025"},"content":{"rendered":"<!DOCTYPE html PUBLIC \"-\/\/W3C\/\/DTD HTML 4.0 Transitional\/\/EN\" \"http:\/\/www.w3.org\/TR\/REC-html40\/loose.dtd\">\n<html><body><h1 style=\"text-align: center;\">OLIVE TOUCH PAKET<\/h1>\n<p><strong data-start=\"3041\" data-end=\"3056\">Olive Touch<\/strong> ist ein Bildungs-, Gastronomie- und Wellnessprogramm, das das Oliven&ouml;l feiert. Bei Besuchen in den Olivenhainen informieren Olivenbauern die G&auml;ste &uuml;ber Anbau und Ernte der Oliven, die Vorteile des Oliven&ouml;ls, und bei Verkostungen von hausgemachtem Oliven&ouml;l erleben die G&auml;ste den einzigartigen Aufenthalt auf der &bdquo;Goldenen Insel&ldquo; mit der Teilnahme an einer traditionellen Olivenernte. Das Programm umfasst Besuche traditioneller Olivenhaine, Naturaufenthalte sowie ein gastronomisches und Wellnesserlebnis im Hotel, inspiriert vom Oliven&ouml;l.<\/p>\n<p><img decoding=\"async\" class=\"aligncenter wp-image-33367 size-large\" src=\"https:\/\/malin-krk.com\/wp-content\/uploads\/2025\/09\/OLIVE-TOUCH-1-1024x724.png\" alt=\"\" width=\"1024\" height=\"724\"><\/p>\n<p data-start=\"3599\" data-end=\"3645\"><em><strong data-start=\"3599\" data-end=\"3643\">Angebot g&uuml;ltig vom 01.10. bis 16.11.2025<\/strong><\/em><\/p>\n<h2 data-start=\"3647\" data-end=\"3674\">Das Paket beinhaltet:<\/h2>\n<ul data-start=\"3675\" data-end=\"4539\">\n<li data-start=\"3675\" data-end=\"3736\">\n<p data-start=\"3677\" data-end=\"3736\">2 &Uuml;bernachtungen mit Fr&uuml;hst&uuml;ck im Doppelzimmer mit Balkon<\/p>\n<\/li>\n<li data-start=\"3737\" data-end=\"3824\">\n<p data-start=\"3739\" data-end=\"3824\">1x Abendessen&nbsp; im <a href=\"https:\/\/malin-krk.com\/de\/gastronomie\/restaurants\/restaurant-mulino\/\"><strong>&Agrave;-la-carte-Restaurant Mulino<\/strong><\/a> f&uuml;r zwei Personen<\/p>\n<\/li>\n<li data-start=\"3825\" data-end=\"3868\">\n<p data-start=\"3827\" data-end=\"3868\">1x Buffet-Abendessen im Hotelrestaurant<\/p>\n<\/li>\n<li data-start=\"3869\" data-end=\"3989\">\n<p data-start=\"3871\" data-end=\"3989\">1x &bdquo;Olive Touch&ldquo; Massage (25 Min) f&uuml;r 2 Personen im <a href=\"https:\/\/malin-krk.com\/de\/freizeit-und-erholung\/wellness\/\"><strong>Wellness &amp; Spa Zentrum des Hotels<\/strong> <\/a>(Vorreservierung erforderlich)<\/p>\n<\/li>\n<li data-start=\"3990\" data-end=\"4085\">\n<p data-start=\"3992\" data-end=\"4085\">1x Nutzung der SPA-ZONE im Wellness &amp; Spa Zentrum des Hotels (Vorreservierung erforderlich)<\/p>\n<\/li>\n<li data-start=\"4252\" data-end=\"4383\">\n<p data-start=\"4254\" data-end=\"4383\">Unbegrenzte Nutzung der beheizten Innen- und Au&szlig;enpools, Relax-Zone mit Liegest&uuml;hlen im Wellness &amp; Spa Zentrum des Hotels Malin<\/p>\n<\/li>\n<li data-start=\"4384\" data-end=\"4418\">\n<p data-start=\"4386\" data-end=\"4418\">Kostenloser Parkplatz und WLAN<\/p>\n<\/li>\n<li data-start=\"4419\" data-end=\"4478\">\n<p data-start=\"4421\" data-end=\"4478\">M&ouml;glichkeit zum fr&uuml;hen Check-in (je nach Verf&uuml;gbarkeit)<\/p>\n<\/li>\n<li data-start=\"4479\" data-end=\"4539\">\n<p data-start=\"4481\" data-end=\"4539\">M&ouml;glichkeit zum sp&auml;ten Check-out (je nach Verf&uuml;gbarkeit)<\/p>\n<\/li>\n<\/ul>\n<p data-start=\"4541\" data-end=\"4707\"><strong>Paketpreis: 339,00 &euro; f&uuml;r 2 Personen \/ 2 Tage<\/strong><\/p>\n<p><img decoding=\"async\" class=\"aligncenter size-large wp-image-24918\" src=\"https:\/\/malin-krk.com\/wp-content\/uploads\/2022\/09\/120837968_2286988191444492_5263643804166610409_o-e1663325567421-1024x313.jpg\" alt=\"\"><\/p>\n<p data-start=\"5063\" data-end=\"5245\">&nbsp;<\/p>\n<h2 data-start=\"5247\" data-end=\"5280\">Zuschl&auml;ge an der Rezeption:<\/h2>\n<ul data-start=\"5281\" data-end=\"5594\">\n<li data-start=\"5281\" data-end=\"5352\">\n<p data-start=\"5283\" data-end=\"5352\">Aufpreis f&uuml;r Suite: 35,00 &euro; pro Suite\/Nacht (je nach Verf&uuml;gbarkeit)<\/p>\n<\/li>\n<li data-start=\"5353\" data-end=\"5461\">\n<p data-start=\"5355\" data-end=\"5461\">Aufpreis f&uuml;r zus&auml;tzliche &Uuml;bernachtung mit Halbpension: 120,00 &euro; pro Zimmer\/Nacht (je nach Verf&uuml;gbarkeit)<\/p>\n<\/li>\n<li data-start=\"5462\" data-end=\"5532\">\n<p data-start=\"5464\" data-end=\"5532\">Kinder bis 12 Jahre: 50,00 &euro; pro Nacht (Massage nicht inbegriffen)<\/p>\n<\/li>\n<li data-start=\"5533\" data-end=\"5594\">\n<p data-start=\"5535\" data-end=\"5594\">Kurtaxe nicht im Preis enthalten: 1,50 &euro; pro Person\/Nacht<\/p>\n<\/li>\n<\/ul>\n<h2 data-start=\"5596\" data-end=\"5621\">Zimmerbeschreibung:<\/h2>\n<p data-start=\"5622\" data-end=\"5825\"><a href=\"https:\/\/malin-krk.com\/de\/hotel-malin\/unterkunft\/standard-und-komfortzimmer\/zweibettzimmer-mit-balkon\/\"><strong>Standard Doppelzimmer mit Balkon<\/strong><\/a> (20 m&sup2;), klimatisiert, ausgestattet mit SAT-TV, Telefon, Sofa (f&uuml;r 1 weitere Person), Schreibtisch, Minibar, Safe und Haartrockner. Ausrichtung: Norden. LINK ZUM ZIMMER<\/p>\n<p data-start=\"5827\" data-end=\"5929\"><strong data-start=\"5827\" data-end=\"5850\">INFO &amp; RESERVIERUNG<\/strong><br data-start=\"5850\" data-end=\"5853\"><br>\nHOTEL MALIN****<br data-start=\"5868\" data-end=\"5871\"><br>\nT: 00 385 (0)51 850 129<br data-start=\"5894\" data-end=\"5897\"><br>\nE: <a class=\"decorated-link cursor-pointer\" rel=\"noopener\" data-start=\"5900\" data-end=\"5927\">reservations@hotelmalin.com<\/a><\/p>\n\n\t\t\t\t\t\t<ul class='img-galerija list-inline list-unstyled fancybox-show-nav'>\n\n\t\t\t\t\t\t\t\n\t\t\t\t\t\t\t<li class=\"col-md-4 col-sm-6 col-xs-4 thumb-wrapper\">\n\t\t\t\t\t\t\t\t<a class=\"fancybox\" data-fancybox=\"group\" rel=\"group\" data-title=\"Olive touch hotel Malin\" href=\"https:\/\/malin-krk.com\/wp-content\/uploads\/2022\/09\/120813630_1661231430748985_6248967134684077225_o.jpg\" data-title=\"Olive touch hotel Malin\">\n\t\t\t\t\t\t\t\t\t<img decoding=\"async\" class=\"thumb img-responsive\" src=\"https:\/\/malin-krk.com\/wp-content\/uploads\/2022\/09\/120813630_1661231430748985_6248967134684077225_o-400x400.jpg\" alt=\"Olive touch hotel Malin\">\n\t\t\t\t\t\t\t\t<\/a>\n\t\t\t\t\t\t\t<\/li>\n\n\t\t\t\t\t\t\t\n\t\t\t\t\t\t\t<li class=\"col-md-4 col-sm-6 col-xs-4 thumb-wrapper\">\n\t\t\t\t\t\t\t\t<a class=\"fancybox\" data-fancybox=\"group\" rel=\"group\" data-title=\"OLIVE TOUCH PAKET 2025\" href=\"https:\/\/malin-krk.com\/wp-content\/uploads\/2022\/09\/8O0A1050.jpg\" data-title=\"OLIVE TOUCH PAKET 2025\">\n\t\t\t\t\t\t\t\t\t<img decoding=\"async\" class=\"thumb img-responsive\" src=\"https:\/\/malin-krk.com\/wp-content\/uploads\/2022\/09\/8O0A1050-400x400.jpg\" alt=\"OLIVE TOUCH PAKET 2025\">\n\t\t\t\t\t\t\t\t<\/a>\n\t\t\t\t\t\t\t<\/li>\n\n\t\t\t\t\t\t\t\n\t\t\t\t\t\t\t<li class=\"col-md-4 col-sm-6 col-xs-4 thumb-wrapper\">\n\t\t\t\t\t\t\t\t<a class=\"fancybox\" data-fancybox=\"group\" rel=\"group\" data-title=\"Olive touch hotel Malin\" href=\"https:\/\/malin-krk.com\/wp-content\/uploads\/2022\/09\/8O0A1101.jpg\" data-title=\"Olive touch hotel Malin\">\n\t\t\t\t\t\t\t\t\t<img decoding=\"async\" class=\"thumb img-responsive\" src=\"https:\/\/malin-krk.com\/wp-content\/uploads\/2022\/09\/8O0A1101-400x400.jpg\" alt=\"Olive touch hotel Malin\">\n\t\t\t\t\t\t\t\t<\/a>\n\t\t\t\t\t\t\t<\/li>\n\n\t\t\t\t\t\t\t\n\t\t\t\t\t\t\t<li class=\"col-md-4 col-sm-6 col-xs-4 thumb-wrapper\">\n\t\t\t\t\t\t\t\t<a class=\"fancybox\" data-fancybox=\"group\" rel=\"group\" data-title=\"Olive touch hotel Malin\" href=\"https:\/\/malin-krk.com\/wp-content\/uploads\/2022\/09\/72986504_1897941210349194_2735350553541345280_o.jpg\" data-title=\"Olive touch hotel Malin\">\n\t\t\t\t\t\t\t\t\t<img decoding=\"async\" class=\"thumb img-responsive\" src=\"https:\/\/malin-krk.com\/wp-content\/uploads\/2022\/09\/72986504_1897941210349194_2735350553541345280_o-400x400.jpg\" alt=\"Olive touch hotel Malin\">\n\t\t\t\t\t\t\t\t<\/a>\n\t\t\t\t\t\t\t<\/li>\n\n\t\t\t\t\t\t\t\n\t\t\t\t\t\t\t<li class=\"col-md-4 col-sm-6 col-xs-4 thumb-wrapper\">\n\t\t\t\t\t\t\t\t<a class=\"fancybox\" data-fancybox=\"group\" rel=\"group\" data-title=\"OLIVE TOUCH PAKET 2025\" href=\"https:\/\/malin-krk.com\/wp-content\/uploads\/2022\/09\/8998671_orig.jpg\" data-title=\"OLIVE TOUCH PAKET 2025\">\n\t\t\t\t\t\t\t\t\t<img decoding=\"async\" class=\"thumb img-responsive\" src=\"https:\/\/malin-krk.com\/wp-content\/uploads\/2022\/09\/8998671_orig-400x400.jpg\" alt=\"OLIVE TOUCH PAKET 2025\">\n\t\t\t\t\t\t\t\t<\/a>\n\t\t\t\t\t\t\t<\/li>\n\n\t\t\t\t\t\t\t\n\t\t\t\t\t\t\t<li class=\"col-md-4 col-sm-6 col-xs-4 thumb-wrapper\">\n\t\t\t\t\t\t\t\t<a class=\"fancybox\" data-fancybox=\"group\" rel=\"group\" data-title=\"OLIVE TOUCH PAKET 2025\" href=\"https:\/\/malin-krk.com\/wp-content\/uploads\/2022\/09\/83480253_2015136251963022_5771234146470854656_o.jpg\" data-title=\"OLIVE TOUCH PAKET 2025\">\n\t\t\t\t\t\t\t\t\t<img decoding=\"async\" class=\"thumb img-responsive\" src=\"https:\/\/malin-krk.com\/wp-content\/uploads\/2022\/09\/83480253_2015136251963022_5771234146470854656_o-400x400.jpg\" alt=\"OLIVE TOUCH PAKET 2025\">\n\t\t\t\t\t\t\t\t<\/a>\n\t\t\t\t\t\t\t<\/li>\n\n\t\t\t\t\t\t\t\n\t\t\t\t\t\t\t<li class=\"col-md-4 col-sm-6 col-xs-4 thumb-wrapper\">\n\t\t\t\t\t\t\t\t<a class=\"fancybox\" data-fancybox=\"group\" rel=\"group\" data-title=\"Olive touch hotel Malin\" href=\"https:\/\/malin-krk.com\/wp-content\/uploads\/2022\/09\/DJI_0107.jpg\" data-title=\"Olive touch hotel Malin\">\n\t\t\t\t\t\t\t\t\t<img decoding=\"async\" class=\"thumb img-responsive\" src=\"https:\/\/malin-krk.com\/wp-content\/uploads\/2022\/09\/DJI_0107-400x400.jpg\" alt=\"Olive touch hotel Malin\">\n\t\t\t\t\t\t\t\t<\/a>\n\t\t\t\t\t\t\t<\/li>\n\n\t\t\t\t\t\t\t\n\t\t\t\t\t\t\t<li class=\"col-md-4 col-sm-6 col-xs-4 thumb-wrapper\">\n\t\t\t\t\t\t\t\t<a class=\"fancybox\" data-fancybox=\"group\" rel=\"group\" data-title=\"Olive touch hotel Malin\" href=\"https:\/\/malin-krk.com\/wp-content\/uploads\/2022\/09\/DUBoak_statisti_nocne_F-Media_230522-53.jpg\" data-title=\"Olive touch hotel Malin\">\n\t\t\t\t\t\t\t\t\t<img decoding=\"async\" class=\"thumb img-responsive\" src=\"https:\/\/malin-krk.com\/wp-content\/uploads\/2022\/09\/DUBoak_statisti_nocne_F-Media_230522-53-400x400.jpg\" alt=\"Olive touch hotel Malin\">\n\t\t\t\t\t\t\t\t<\/a>\n\t\t\t\t\t\t\t<\/li>\n\n\t\t\t\t\t\t\t\n\t\t\t\t\t\t\t<li class=\"col-md-4 col-sm-6 col-xs-4 thumb-wrapper\">\n\t\t\t\t\t\t\t\t<a class=\"fancybox\" data-fancybox=\"group\" rel=\"group\" data-title=\"OLIVE TOUCH PAKET 2025\" href=\"https:\/\/malin-krk.com\/wp-content\/uploads\/2022\/09\/DUBoak_statisti_nocne_F-Media_230522-60.jpg\" data-title=\"OLIVE TOUCH PAKET 2025\">\n\t\t\t\t\t\t\t\t\t<img decoding=\"async\" class=\"thumb img-responsive\" src=\"https:\/\/malin-krk.com\/wp-content\/uploads\/2022\/09\/DUBoak_statisti_nocne_F-Media_230522-60-400x400.jpg\" alt=\"OLIVE TOUCH PAKET 2025\">\n\t\t\t\t\t\t\t\t<\/a>\n\t\t\t\t\t\t\t<\/li>\n\n\t\t\t\t\t\t\t\t\t\t\t\t\t<\/ul>\n\t\t\t\t\t\t\n\n<div class=\"wpcf7 no-js\" id=\"wpcf7-f863-o1\" lang=\"hr-HR\" dir=\"ltr\" data-wpcf7-id=\"863\">\n<div class=\"screen-reader-response\"><p role=\"status\" aria-live=\"polite\" aria-atomic=\"true\"><\/p> <ul><\/ul><\/div>\n<form action=\"\/de\/wp-json\/wp\/v2\/pages\/25229#wpcf7-f863-o1\" method=\"post\" class=\"wpcf7-form init\" aria-label=\"Kontaktformular\" novalidate=\"novalidate\" data-status=\"init\">\n<fieldset class=\"hidden-fields-container\"><input type=\"hidden\" name=\"_wpcf7\" value=\"863\" \/><input type=\"hidden\" name=\"_wpcf7_version\" value=\"6.1.5\" \/><input type=\"hidden\" name=\"_wpcf7_locale\" value=\"hr_HR\" \/><input type=\"hidden\" name=\"_wpcf7_unit_tag\" value=\"wpcf7-f863-o1\" \/><input type=\"hidden\" name=\"_wpcf7_container_post\" value=\"0\" \/><input type=\"hidden\" name=\"_wpcf7_posted_data_hash\" value=\"\" \/>\n<\/fieldset>\n<p><label>Vor- und Nachname*<br \/>\n<span class=\"wpcf7-form-control-wrap\" data-name=\"your-name\"><input size=\"40\" maxlength=\"400\" class=\"wpcf7-form-control wpcf7-text wpcf7-validates-as-required\" aria-required=\"true\" aria-invalid=\"false\" value=\"\" type=\"text\" name=\"your-name\" \/><\/span> <\/label>\n<\/p>\n<p><label>E-mail*<br \/>\n<span class=\"wpcf7-form-control-wrap\" data-name=\"your-email\"><input size=\"40\" maxlength=\"400\" class=\"wpcf7-form-control wpcf7-email wpcf7-validates-as-required wpcf7-text wpcf7-validates-as-email\" aria-required=\"true\" aria-invalid=\"false\" value=\"\" type=\"email\" name=\"your-email\" \/><\/span> <\/label>\n<\/p>\n<p><label>Betreff*<br \/>\n<span class=\"wpcf7-form-control-wrap\" data-name=\"your-subject\"><input size=\"40\" maxlength=\"400\" class=\"wpcf7-form-control wpcf7-text wpcf7-validates-as-required\" aria-required=\"true\" aria-invalid=\"false\" value=\"\" type=\"text\" name=\"your-subject\" \/><\/span> <\/label>\n<\/p>\n<p><label>Ihre Nachricht*<br \/>\n<span class=\"wpcf7-form-control-wrap\" data-name=\"your-message\"><textarea cols=\"40\" rows=\"10\" maxlength=\"2000\" class=\"wpcf7-form-control wpcf7-textarea wpcf7-validates-as-required\" aria-required=\"true\" aria-invalid=\"false\" name=\"your-message\"><\/textarea><\/span> <\/label>\n<\/p>\n<p><label>Empf\u00e4nger<br \/>\n<span class=\"wpcf7-form-control-wrap\" data-name=\"your-recipient\"><select class=\"wpcf7-form-control wpcf7-select wpcf7-validates-as-required\" aria-required=\"true\" aria-invalid=\"false\" name=\"your-recipient\"><option value=\"\">&#8211; Bitte ausw\u00e4hlen &#8211;<\/option><option value=\"Hotel Malin\">Hotel Malin<\/option><option value=\"Villen &amp; appartements\">Villen &amp; appartements<\/option><option value=\"Mobilheime\">Mobilheime<\/option><option value=\"Camp Tiha \u0160ilo\">Camp Tiha \u0160ilo<\/option><\/select><\/span><\/label>\n<\/p>\n<p><label>Captcha<br \/>\n<input type=\"hidden\" name=\"_wpcf7_captcha_challenge_captcha-1\" value=\"821890411\" \/><img decoding=\"async\" class=\"wpcf7-form-control wpcf7-captchac wpcf7-captcha-captcha-1\" width=\"84\" height=\"28\" alt=\"captcha\" src=\"https:\/\/malin-krk.com\/wp-content\/uploads\/wpcf7_captcha\/821890411.png\" \/><span class=\"wpcf7-form-control-wrap\" data-name=\"captcha-1\"><input size=\"40\" maxlength=\"100\" class=\"wpcf7-form-control wpcf7-captchar\" autocomplete=\"off\" aria-invalid=\"false\" placeholder=\"Zeichen eingeben\" value=\"\" type=\"text\" name=\"captcha-1\" \/><\/span><br \/>\n<\/label>\n<\/p>\n<p><span class=\"wpcf7-form-control-wrap\" data-name=\"your-consent\"><span class=\"wpcf7-form-control wpcf7-acceptance\"><span class=\"wpcf7-list-item\"><label><input type=\"checkbox\" name=\"your-consent\" value=\"1\" aria-invalid=\"false\" \/><span class=\"wpcf7-list-item-label\">Bitte markieren, damit Sie der Speicherung Ihrer Daten gem\u00e4\u00df den Richtlinien angef\u00fchrt in unserer <a href=\"https:\/\/malin-krk.com\/de\/allgemeine-nutzungsbedingungen\/\">Datenschutzerkl\u00e4rung zustimmen<\/a><\/span><\/label><\/span><\/span><\/span>\n<\/p>\n<p><input class=\"wpcf7-form-control wpcf7-submit has-spinner btn\" type=\"submit\" value=\"Senden\" \/>\n<\/p><div class=\"wpcf7-response-output\" aria-hidden=\"true\"><\/div>\n<\/form>\n<\/div>\n\n<\/body><\/html>\n","protected":false},"excerpt":{"rendered":"<p>OLIVE TOUCH PAKET Olive Touch ist ein Bildungs-, Gastronomie- und Wellnessprogramm, das das Oliven&ouml;l feiert. Bei Besuchen in den Olivenhainen informieren Olivenbauern die G&auml;ste &uuml;ber Anbau und Ernte der Oliven, die Vorteile des Oliven&ouml;ls, und bei Verkostungen von hausgemachtem Oliven&ouml;l erleben die G&auml;ste den einzigartigen Aufenthalt auf der &bdquo;Goldenen Insel&ldquo; mit der Teilnahme an einer [&hellip;]<\/p>\n","protected":false},"author":2,"featured_media":33371,"parent":1339,"menu_order":0,"comment_status":"closed","ping_status":"closed","template":"","meta":{"_acf_changed":false,"footnotes":""},"class_list":["post-25229","page","type-page","status-publish","has-post-thumbnail","hentry"],"acf":[],"yoast_head":"<!-- This site is optimized with the Yoast SEO plugin v27.5 - https:\/\/yoast.com\/product\/yoast-seo-wordpress\/ -->\n<title>OLIVE TOUCH PAKET 2025 - Malin Krk<\/title>\n<meta name=\"description\" content=\"Erleben Sie Olivenernte, \u00d6lverkostung und Wellness auf Krk mit dem Olive Touch Paket im Hotel Malin. Jetzt goldene Auszeit buchen!\" \/>\n<meta name=\"robots\" content=\"index, follow, max-snippet:-1, max-image-preview:large, max-video-preview:-1\" \/>\n<link rel=\"canonical\" href=\"https:\/\/malin-krk.com\/de\/hotel-malin\/sonderangebote-des-hotels-malin\/olive-touch-paket-2025\/\" \/>\n<meta property=\"og:locale\" content=\"de_DE\" \/>\n<meta property=\"og:type\" content=\"article\" \/>\n<meta property=\"og:title\" content=\"OLIVE TOUCH PAKET 2025 - Malin Krk\" \/>\n<meta property=\"og:description\" content=\"Erleben Sie Olivenernte, \u00d6lverkostung und Wellness auf Krk mit dem Olive Touch Paket im Hotel Malin. Jetzt goldene Auszeit buchen!\" \/>\n<meta property=\"og:url\" content=\"https:\/\/malin-krk.com\/de\/hotel-malin\/sonderangebote-des-hotels-malin\/olive-touch-paket-2025\/\" \/>\n<meta property=\"og:site_name\" content=\"Malin Krk\" \/>\n<meta property=\"article:publisher\" content=\"https:\/\/www.facebook.com\/hotelmalin\/\" \/>\n<meta property=\"article:modified_time\" content=\"2025-11-12T08:13:29+00:00\" \/>\n<meta property=\"og:image\" content=\"https:\/\/malin-krk.com\/wp-content\/uploads\/2025\/09\/Untitled-design-29.png\" \/>\n\t<meta property=\"og:image:width\" content=\"600\" \/>\n\t<meta property=\"og:image:height\" content=\"600\" \/>\n\t<meta property=\"og:image:type\" content=\"image\/png\" \/>\n<meta name=\"twitter:card\" content=\"summary_large_image\" \/>\n<script type=\"application\/ld+json\" class=\"yoast-schema-graph\">{\"@context\":\"https:\\\/\\\/schema.org\",\"@graph\":[{\"@type\":\"WebPage\",\"@id\":\"https:\\\/\\\/malin-krk.com\\\/de\\\/hotel-malin\\\/sonderangebote-des-hotels-malin\\\/olive-touch-paket-2025\\\/\",\"url\":\"https:\\\/\\\/malin-krk.com\\\/de\\\/hotel-malin\\\/sonderangebote-des-hotels-malin\\\/olive-touch-paket-2025\\\/\",\"name\":\"OLIVE TOUCH PAKET 2025 - Malin Krk\",\"isPartOf\":{\"@id\":\"https:\\\/\\\/malin-krk.com\\\/#website\"},\"primaryImageOfPage\":{\"@id\":\"https:\\\/\\\/malin-krk.com\\\/de\\\/hotel-malin\\\/sonderangebote-des-hotels-malin\\\/olive-touch-paket-2025\\\/#primaryimage\"},\"image\":{\"@id\":\"https:\\\/\\\/malin-krk.com\\\/de\\\/hotel-malin\\\/sonderangebote-des-hotels-malin\\\/olive-touch-paket-2025\\\/#primaryimage\"},\"thumbnailUrl\":\"https:\\\/\\\/malin-krk.com\\\/wp-content\\\/uploads\\\/2025\\\/09\\\/Untitled-design-29.png\",\"datePublished\":\"2022-09-16T11:10:42+00:00\",\"dateModified\":\"2025-11-12T08:13:29+00:00\",\"description\":\"Erleben Sie Olivenernte, \u00d6lverkostung und Wellness auf Krk mit dem Olive Touch Paket im Hotel Malin. Jetzt goldene Auszeit buchen!\",\"breadcrumb\":{\"@id\":\"https:\\\/\\\/malin-krk.com\\\/de\\\/hotel-malin\\\/sonderangebote-des-hotels-malin\\\/olive-touch-paket-2025\\\/#breadcrumb\"},\"inLanguage\":\"de\",\"potentialAction\":[{\"@type\":\"ReadAction\",\"target\":[\"https:\\\/\\\/malin-krk.com\\\/de\\\/hotel-malin\\\/sonderangebote-des-hotels-malin\\\/olive-touch-paket-2025\\\/\"]}]},{\"@type\":\"ImageObject\",\"inLanguage\":\"de\",\"@id\":\"https:\\\/\\\/malin-krk.com\\\/de\\\/hotel-malin\\\/sonderangebote-des-hotels-malin\\\/olive-touch-paket-2025\\\/#primaryimage\",\"url\":\"https:\\\/\\\/malin-krk.com\\\/wp-content\\\/uploads\\\/2025\\\/09\\\/Untitled-design-29.png\",\"contentUrl\":\"https:\\\/\\\/malin-krk.com\\\/wp-content\\\/uploads\\\/2025\\\/09\\\/Untitled-design-29.png\",\"width\":600,\"height\":600},{\"@type\":\"BreadcrumbList\",\"@id\":\"https:\\\/\\\/malin-krk.com\\\/de\\\/hotel-malin\\\/sonderangebote-des-hotels-malin\\\/olive-touch-paket-2025\\\/#breadcrumb\",\"itemListElement\":[{\"@type\":\"ListItem\",\"position\":1,\"name\":\"Home\",\"item\":\"https:\\\/\\\/malin-krk.com\\\/de\\\/\"},{\"@type\":\"ListItem\",\"position\":2,\"name\":\"Hotel Malin\",\"item\":\"https:\\\/\\\/malin-krk.com\\\/de\\\/hotel-malin\\\/\"},{\"@type\":\"ListItem\",\"position\":3,\"name\":\"Advent im Malin Hotel\",\"item\":\"https:\\\/\\\/malin-krk.com\\\/de\\\/hotel-malin\\\/sonderangebote-des-hotels-malin\\\/\"},{\"@type\":\"ListItem\",\"position\":4,\"name\":\"OLIVE TOUCH PAKET 2025\"}]},{\"@type\":\"WebSite\",\"@id\":\"https:\\\/\\\/malin-krk.com\\\/#website\",\"url\":\"https:\\\/\\\/malin-krk.com\\\/\",\"name\":\"Malin Krk\",\"description\":\"\",\"publisher\":{\"@id\":\"https:\\\/\\\/malin-krk.com\\\/#organization\"},\"potentialAction\":[{\"@type\":\"SearchAction\",\"target\":{\"@type\":\"EntryPoint\",\"urlTemplate\":\"https:\\\/\\\/malin-krk.com\\\/?s={search_term_string}\"},\"query-input\":{\"@type\":\"PropertyValueSpecification\",\"valueRequired\":true,\"valueName\":\"search_term_string\"}}],\"inLanguage\":\"de\"},{\"@type\":\"Organization\",\"@id\":\"https:\\\/\\\/malin-krk.com\\\/#organization\",\"name\":\"Malin Krk\",\"url\":\"https:\\\/\\\/malin-krk.com\\\/\",\"logo\":{\"@type\":\"ImageObject\",\"inLanguage\":\"de\",\"@id\":\"https:\\\/\\\/malin-krk.com\\\/#\\\/schema\\\/logo\\\/image\\\/\",\"url\":\"https:\\\/\\\/malin-krk.com\\\/wp-content\\\/uploads\\\/2024\\\/02\\\/malin-logo.jpg\",\"contentUrl\":\"https:\\\/\\\/malin-krk.com\\\/wp-content\\\/uploads\\\/2024\\\/02\\\/malin-logo.jpg\",\"width\":280,\"height\":96,\"caption\":\"Malin Krk\"},\"image\":{\"@id\":\"https:\\\/\\\/malin-krk.com\\\/#\\\/schema\\\/logo\\\/image\\\/\"},\"sameAs\":[\"https:\\\/\\\/www.facebook.com\\\/hotelmalin\\\/\"]}]}<\/script>\n<!-- \/ Yoast SEO plugin. -->","yoast_head_json":{"title":"OLIVE TOUCH PAKET 2025 - Malin Krk","description":"Erleben Sie Olivenernte, \u00d6lverkostung und Wellness auf Krk mit dem Olive Touch Paket im Hotel Malin. Jetzt goldene Auszeit buchen!","robots":{"index":"index","follow":"follow","max-snippet":"max-snippet:-1","max-image-preview":"max-image-preview:large","max-video-preview":"max-video-preview:-1"},"canonical":"https:\/\/malin-krk.com\/de\/hotel-malin\/sonderangebote-des-hotels-malin\/olive-touch-paket-2025\/","og_locale":"de_DE","og_type":"article","og_title":"OLIVE TOUCH PAKET 2025 - Malin Krk","og_description":"Erleben Sie Olivenernte, \u00d6lverkostung und Wellness auf Krk mit dem Olive Touch Paket im Hotel Malin. Jetzt goldene Auszeit buchen!","og_url":"https:\/\/malin-krk.com\/de\/hotel-malin\/sonderangebote-des-hotels-malin\/olive-touch-paket-2025\/","og_site_name":"Malin Krk","article_publisher":"https:\/\/www.facebook.com\/hotelmalin\/","article_modified_time":"2025-11-12T08:13:29+00:00","og_image":[{"width":600,"height":600,"url":"https:\/\/malin-krk.com\/wp-content\/uploads\/2025\/09\/Untitled-design-29.png","type":"image\/png"}],"twitter_card":"summary_large_image","schema":{"@context":"https:\/\/schema.org","@graph":[{"@type":"WebPage","@id":"https:\/\/malin-krk.com\/de\/hotel-malin\/sonderangebote-des-hotels-malin\/olive-touch-paket-2025\/","url":"https:\/\/malin-krk.com\/de\/hotel-malin\/sonderangebote-des-hotels-malin\/olive-touch-paket-2025\/","name":"OLIVE TOUCH PAKET 2025 - Malin Krk","isPartOf":{"@id":"https:\/\/malin-krk.com\/#website"},"primaryImageOfPage":{"@id":"https:\/\/malin-krk.com\/de\/hotel-malin\/sonderangebote-des-hotels-malin\/olive-touch-paket-2025\/#primaryimage"},"image":{"@id":"https:\/\/malin-krk.com\/de\/hotel-malin\/sonderangebote-des-hotels-malin\/olive-touch-paket-2025\/#primaryimage"},"thumbnailUrl":"https:\/\/malin-krk.com\/wp-content\/uploads\/2025\/09\/Untitled-design-29.png","datePublished":"2022-09-16T11:10:42+00:00","dateModified":"2025-11-12T08:13:29+00:00","description":"Erleben Sie Olivenernte, \u00d6lverkostung und Wellness auf Krk mit dem Olive Touch Paket im Hotel Malin. Jetzt goldene Auszeit buchen!","breadcrumb":{"@id":"https:\/\/malin-krk.com\/de\/hotel-malin\/sonderangebote-des-hotels-malin\/olive-touch-paket-2025\/#breadcrumb"},"inLanguage":"de","potentialAction":[{"@type":"ReadAction","target":["https:\/\/malin-krk.com\/de\/hotel-malin\/sonderangebote-des-hotels-malin\/olive-touch-paket-2025\/"]}]},{"@type":"ImageObject","inLanguage":"de","@id":"https:\/\/malin-krk.com\/de\/hotel-malin\/sonderangebote-des-hotels-malin\/olive-touch-paket-2025\/#primaryimage","url":"https:\/\/malin-krk.com\/wp-content\/uploads\/2025\/09\/Untitled-design-29.png","contentUrl":"https:\/\/malin-krk.com\/wp-content\/uploads\/2025\/09\/Untitled-design-29.png","width":600,"height":600},{"@type":"BreadcrumbList","@id":"https:\/\/malin-krk.com\/de\/hotel-malin\/sonderangebote-des-hotels-malin\/olive-touch-paket-2025\/#breadcrumb","itemListElement":[{"@type":"ListItem","position":1,"name":"Home","item":"https:\/\/malin-krk.com\/de\/"},{"@type":"ListItem","position":2,"name":"Hotel Malin","item":"https:\/\/malin-krk.com\/de\/hotel-malin\/"},{"@type":"ListItem","position":3,"name":"Advent im Malin Hotel","item":"https:\/\/malin-krk.com\/de\/hotel-malin\/sonderangebote-des-hotels-malin\/"},{"@type":"ListItem","position":4,"name":"OLIVE TOUCH PAKET 2025"}]},{"@type":"WebSite","@id":"https:\/\/malin-krk.com\/#website","url":"https:\/\/malin-krk.com\/","name":"Malin Krk","description":"","publisher":{"@id":"https:\/\/malin-krk.com\/#organization"},"potentialAction":[{"@type":"SearchAction","target":{"@type":"EntryPoint","urlTemplate":"https:\/\/malin-krk.com\/?s={search_term_string}"},"query-input":{"@type":"PropertyValueSpecification","valueRequired":true,"valueName":"search_term_string"}}],"inLanguage":"de"},{"@type":"Organization","@id":"https:\/\/malin-krk.com\/#organization","name":"Malin Krk","url":"https:\/\/malin-krk.com\/","logo":{"@type":"ImageObject","inLanguage":"de","@id":"https:\/\/malin-krk.com\/#\/schema\/logo\/image\/","url":"https:\/\/malin-krk.com\/wp-content\/uploads\/2024\/02\/malin-logo.jpg","contentUrl":"https:\/\/malin-krk.com\/wp-content\/uploads\/2024\/02\/malin-logo.jpg","width":280,"height":96,"caption":"Malin Krk"},"image":{"@id":"https:\/\/malin-krk.com\/#\/schema\/logo\/image\/"},"sameAs":["https:\/\/www.facebook.com\/hotelmalin\/"]}]}},"_links":{"self":[{"href":"https:\/\/malin-krk.com\/de\/wp-json\/wp\/v2\/pages\/25229","targetHints":{"allow":["GET"]}}],"collection":[{"href":"https:\/\/malin-krk.com\/de\/wp-json\/wp\/v2\/pages"}],"about":[{"href":"https:\/\/malin-krk.com\/de\/wp-json\/wp\/v2\/types\/page"}],"author":[{"embeddable":true,"href":"https:\/\/malin-krk.com\/de\/wp-json\/wp\/v2\/users\/2"}],"replies":[{"embeddable":true,"href":"https:\/\/malin-krk.com\/de\/wp-json\/wp\/v2\/comments?post=25229"}],"version-history":[{"count":15,"href":"https:\/\/malin-krk.com\/de\/wp-json\/wp\/v2\/pages\/25229\/revisions"}],"predecessor-version":[{"id":33659,"href":"https:\/\/malin-krk.com\/de\/wp-json\/wp\/v2\/pages\/25229\/revisions\/33659"}],"up":[{"embeddable":true,"href":"https:\/\/malin-krk.com\/de\/wp-json\/wp\/v2\/pages\/1339"}],"wp:featuredmedia":[{"embeddable":true,"href":"https:\/\/malin-krk.com\/de\/wp-json\/wp\/v2\/media\/33371"}],"wp:attachment":[{"href":"https:\/\/malin-krk.com\/de\/wp-json\/wp\/v2\/media?parent=25229"}],"curies":[{"name":"wp","href":"https:\/\/api.w.org\/{rel}","templated":true}]}}