{"id":24226,"date":"2022-02-02T14:30:15","date_gmt":"2022-02-02T13:30:15","guid":{"rendered":"https:\/\/malin-krk.com\/?page_id=24226"},"modified":"2025-05-08T12:16:20","modified_gmt":"2025-05-08T10:16:20","slug":"aktivurlaub","status":"publish","type":"page","link":"https:\/\/malin-krk.com\/de\/camp-tiha-silo\/erholung-und-spass-im-camp-tiha\/aktivurlaub\/","title":{"rendered":"Aktivurlaub"},"content":{"rendered":"<!DOCTYPE html PUBLIC \"-\/\/W3C\/\/DTD HTML 4.0 Transitional\/\/EN\" \"http:\/\/www.w3.org\/TR\/REC-html40\/loose.dtd\">\n<html><body><p>Die Natur l&auml;dt hier st&auml;ndig zu Bewegung und Aktivit&auml;t ein. Einfach loslassen und loslegen &ndash; ein gem&uuml;tlicher Spaziergang entlang des beliebten Lugomare oder ein adrenalingeladener Sprung in ein neues Abenteuer!<\/p>\n<p>Ob zur Erholung oder f&uuml;r passionierte Sportler, <strong>Die Insel Krk<\/strong> bietet vielf&auml;ltige M&ouml;glichkeiten f&uuml;r einen aktiven Urlaub: angelegte Wander- und Radwege, Beachvolleyball, Tennis und Minigolf, lustige Quads f&uuml;r aufregende Fahrten rund um die Insel und zwangsl&auml;ufig zahlreiche Wassersportarten.<\/p>\n<p>Beim Segeln oder Tauchen werden Sie das Meer und die Meerestiefen genie&szlig;en, egal ob Sie Anf&auml;nger oder erfahrener &bdquo;Seewolf&ldquo; sind, und auch auf Sandolin und Scooter, mit Jetski und einem Jetski k&ouml;nnen Sie sich auf den Wellen vergn&uuml;gen Bananenlift. Adrenalinliebhaber finden im vielf&auml;ltigen Angebot Karussellfahrten, Fallschirmspringen und Wasserski.<\/p>\n<p>Camp Tiha hat f&uuml;r zahlreiche Aktivit&auml;ten f&uuml;r Kinder und Erwachsene gesorgt, und neben dem Fahrradverleih organisieren wir verschiedene Aktivit&auml;ten f&uuml;r Sie in Ihrer Freizeit.<\/p>\n\t\n\n\n    \n\n\n<\/div>\n<\/div>\n<div class=\"restorani\">\n\n\t\n\t\n\t<div class=\"restoran__inside restoran__inside--2\">\n\n\t<a class=\"restoran__img\" href=\"https:\/\/malin-krk.com\/de\/camp-tiha-silo\/erholung-und-spass-im-camp-tiha\/aktivurlaub\/rent-a-sup\/\">\n\t\t\t\t\t\t\t\t<img decoding=\"async\" class=\"img-responsive\" src=\"https:\/\/malin-krk.com\/wp-content\/uploads\/2022\/08\/CAMP_TIHA_SILO-0055-960x800.jpg\" alt=\"Rent a SUP\" \/>\n\t\t\t\t\t\t\t<\/a>\n\t<div class=\"restoran__content\">\n\t\t<div class=\"restoran__content-inside\">\n\t\t\t<div class=\"restoran__intro\">\n\t\t\t\t\t\t\t<\/div>\n\t\t\t<a href=\"https:\/\/malin-krk.com\/de\/camp-tiha-silo\/erholung-und-spass-im-camp-tiha\/aktivurlaub\/rent-a-sup\/\">\n\t\t\t\t<h2 class=\"restoran__title text-lg color-primary text-uppercase\">\n\t\t\t\t\tRent a SUP\t\t\t\t<\/h2>\n\t\t\t<\/a>\n\t\t\t<div class=\"restoran__text\">\n\t\t\t\t\t\t\t<\/div>\n\t\t\t<a class=\"btn btn-tertiary\" href=\"https:\/\/malin-krk.com\/de\/camp-tiha-silo\/erholung-und-spass-im-camp-tiha\/aktivurlaub\/rent-a-sup\/\">\n\t\t\t\tAnsehen\t\t\t<\/a>\n\t\t<\/div>\n\t<\/div>\n<\/div>\n\n\t\n\t\n\t<div class=\"restoran__inside restoran__inside--1\">\n\n\t<a class=\"restoran__img\" href=\"https:\/\/malin-krk.com\/de\/camp-tiha-silo\/erholung-und-spass-im-camp-tiha\/aktivurlaub\/tennis\/\">\n\t\t\t\t\t\t\t\t<img decoding=\"async\" class=\"img-responsive\" src=\"https:\/\/malin-krk.com\/wp-content\/uploads\/2022\/08\/DJI_0606-960x800.jpg\" alt=\"tenis otok krk\" \/>\n\t\t\t\t\t\t\t<\/a>\n\t<div class=\"restoran__content\">\n\t\t<div class=\"restoran__content-inside\">\n\t\t\t<div class=\"restoran__intro\">\n\t\t\t\t\t\t\t<\/div>\n\t\t\t<a href=\"https:\/\/malin-krk.com\/de\/camp-tiha-silo\/erholung-und-spass-im-camp-tiha\/aktivurlaub\/tennis\/\">\n\t\t\t\t<h2 class=\"restoran__title text-lg color-primary text-uppercase\">\n\t\t\t\t\tTennis\t\t\t\t<\/h2>\n\t\t\t<\/a>\n\t\t\t<div class=\"restoran__text\">\n\t\t\t\t<p>F&uuml;r Unterhaltung und Erholung w&auml;hrend Ihres Urlaubs sorgt der Tennisplatz im Camp selbst.<\/p>\n\t\t\t<\/div>\n\t\t\t<a class=\"btn btn-tertiary\" href=\"https:\/\/malin-krk.com\/de\/camp-tiha-silo\/erholung-und-spass-im-camp-tiha\/aktivurlaub\/tennis\/\">\n\t\t\t\tAnsehen\t\t\t<\/a>\n\t\t<\/div>\n\t<\/div>\n<\/div>\n\n\t\n\t\n\t<div class=\"restoran__inside restoran__inside--2\">\n\n\t<a class=\"restoran__img\" href=\"https:\/\/malin-krk.com\/de\/camp-tiha-silo\/erholung-und-spass-im-camp-tiha\/aktivurlaub\/wanderpfade\/\">\n\t\t\t\t\t\t\t\t<img decoding=\"async\" class=\"img-responsive\" src=\"https:\/\/malin-krk.com\/wp-content\/uploads\/2022\/08\/DJI_0169-960x800.jpg\" alt=\"Wanderpfade\" \/>\n\t\t\t\t\t\t\t<\/a>\n\t<div class=\"restoran__content\">\n\t\t<div class=\"restoran__content-inside\">\n\t\t\t<div class=\"restoran__intro\">\n\t\t\t\t\t\t\t<\/div>\n\t\t\t<a href=\"https:\/\/malin-krk.com\/de\/camp-tiha-silo\/erholung-und-spass-im-camp-tiha\/aktivurlaub\/wanderpfade\/\">\n\t\t\t\t<h2 class=\"restoran__title text-lg color-primary text-uppercase\">\n\t\t\t\t\tWanderpfade\t\t\t\t<\/h2>\n\t\t\t<\/a>\n\t\t\t<div class=\"restoran__text\">\n\t\t\t\t<p>Unabh&auml;ngig von der Zeitdauer bedeutet Urlaub f&uuml;r den Einzelnen in erster Linie Entspannung, das Loslassen von negativ angestauten Emotionen und das Aufladen der Batterien in Ruhe und Stille. Eine andere Determinante der Ruhe ist jedoch immer pr&auml;senter und beliebter, und sie ist eine Erholungsform der Ruhe, die sich vom Negativen entleert und sich mit dem [&hellip;]<\/p>\n\t\t\t<\/div>\n\t\t\t<a class=\"btn btn-tertiary\" href=\"https:\/\/malin-krk.com\/de\/camp-tiha-silo\/erholung-und-spass-im-camp-tiha\/aktivurlaub\/wanderpfade\/\">\n\t\t\t\tAnsehen\t\t\t<\/a>\n\t\t<\/div>\n\t<\/div>\n<\/div>\n\n\t\n\t\n\t<div class=\"restoran__inside restoran__inside--1\">\n\n\t<a class=\"restoran__img\" href=\"https:\/\/malin-krk.com\/de\/camp-tiha-silo\/erholung-und-spass-im-camp-tiha\/aktivurlaub\/camino-krk\/\">\n\t\t\t\t\t\t\t\t<img decoding=\"async\" class=\"img-responsive\" src=\"https:\/\/malin-krk.com\/wp-content\/uploads\/2022\/02\/1632897409_camino1-960x800.jpg\" alt=\"Camino Krk-Route\" \/>\n\t\t\t\t\t\t\t<\/a>\n\t<div class=\"restoran__content\">\n\t\t<div class=\"restoran__content-inside\">\n\t\t\t<div class=\"restoran__intro\">\n\t\t\t\t\t\t\t<\/div>\n\t\t\t<a href=\"https:\/\/malin-krk.com\/de\/camp-tiha-silo\/erholung-und-spass-im-camp-tiha\/aktivurlaub\/camino-krk\/\">\n\t\t\t\t<h2 class=\"restoran__title text-lg color-primary text-uppercase\">\n\t\t\t\t\tCamino Krk-Route\t\t\t\t<\/h2>\n\t\t\t<\/a>\n\t\t\t<div class=\"restoran__text\">\n\t\t\t\t<p>Die Insel Krk wurde als erster Abschnitt des kroatischen Camino ausgew&auml;hlt, der offiziell mit gelben Pfeilen (angepasst an kroatische traditionelle Symbole) gekennzeichnet ist. Ein offizieller kroatischer Ausweis (Pilgerpass) mit Camino-Stempeln, die das lokale kulturelle Erbe widerspiegeln, ist f&uuml;r alle Pilger erh&auml;ltlich, die diese neue Erg&auml;nzung des europ&auml;ischen Netzwerks von Camino-Routen entdecken m&ouml;chten. Die Camino Krk-Route [&hellip;]<\/p>\n\t\t\t<\/div>\n\t\t\t<a class=\"btn btn-tertiary\" href=\"https:\/\/malin-krk.com\/de\/camp-tiha-silo\/erholung-und-spass-im-camp-tiha\/aktivurlaub\/camino-krk\/\">\n\t\t\t\tAnsehen\t\t\t<\/a>\n\t\t<\/div>\n\t<\/div>\n<\/div>\n\n\t\n\t\n\t<div class=\"restoran__inside restoran__inside--2\">\n\n\t<a class=\"restoran__img\" href=\"https:\/\/malin-krk.com\/de\/camp-tiha-silo\/erholung-und-spass-im-camp-tiha\/aktivurlaub\/bike\/\">\n\t\t\t\t\t\t\t\t<img decoding=\"async\" class=\"img-responsive\" src=\"https:\/\/malin-krk.com\/wp-content\/uploads\/2022\/02\/biciklizam-1-1.jpg\" alt=\"Radfahren\" \/>\n\t\t\t\t\t\t\t<\/a>\n\t<div class=\"restoran__content\">\n\t\t<div class=\"restoran__content-inside\">\n\t\t\t<div class=\"restoran__intro\">\n\t\t\t\t\t\t\t<\/div>\n\t\t\t<a href=\"https:\/\/malin-krk.com\/de\/camp-tiha-silo\/erholung-und-spass-im-camp-tiha\/aktivurlaub\/bike\/\">\n\t\t\t\t<h2 class=\"restoran__title text-lg color-primary text-uppercase\">\n\t\t\t\t\tRadfahren\t\t\t\t<\/h2>\n\t\t\t<\/a>\n\t\t\t<div class=\"restoran__text\">\n\t\t\t\t<p>Die Natur in Dobrinj&scaron;tina hat daf&uuml;r gesorgt, dass die meisten Wege auch als Fu&szlig;g&auml;nger, Wanderer oder Radfahrer genutzt werden k&ouml;nnen. Was f&uuml;r einen Aktivurlaub gilt, gilt auch f&uuml;r das Radfahren, das eigentlich zu einem modernen Aktivurlaub dazugeh&ouml;rt. Radfahrer sind regelm&auml;&szlig;ige Verkehrsteilnehmer, nicht nur in den Sommermonaten, sondern auch w&auml;hrend des restlichen Jahres. Daher wurden die [&hellip;]<\/p>\n\t\t\t<\/div>\n\t\t\t<a class=\"btn btn-tertiary\" href=\"https:\/\/malin-krk.com\/de\/camp-tiha-silo\/erholung-und-spass-im-camp-tiha\/aktivurlaub\/bike\/\">\n\t\t\t\tAnsehen\t\t\t<\/a>\n\t\t<\/div>\n\t<\/div>\n<\/div>\n\n\t\n\t\n\t<div class=\"restoran__inside restoran__inside--1\">\n\n\t<a class=\"restoran__img\" href=\"https:\/\/malin-krk.com\/de\/camp-tiha-silo\/erholung-und-spass-im-camp-tiha\/aktivurlaub\/tauchen\/\">\n\t\t\t\t\t\t\t\t<img decoding=\"async\" class=\"img-responsive\" src=\"https:\/\/malin-krk.com\/wp-content\/uploads\/2022\/08\/DSC05901-960x800.jpg\" alt=\"Tauchen\" \/>\n\t\t\t\t\t\t\t<\/a>\n\t<div class=\"restoran__content\">\n\t\t<div class=\"restoran__content-inside\">\n\t\t\t<div class=\"restoran__intro\">\n\t\t\t\t\t\t\t<\/div>\n\t\t\t<a href=\"https:\/\/malin-krk.com\/de\/camp-tiha-silo\/erholung-und-spass-im-camp-tiha\/aktivurlaub\/tauchen\/\">\n\t\t\t\t<h2 class=\"restoran__title text-lg color-primary text-uppercase\">\n\t\t\t\t\tTauchen\t\t\t\t<\/h2>\n\t\t\t<\/a>\n\t\t\t<div class=\"restoran__text\">\n\t\t\t\t<p>Neben dem reichen materiellen Erbe zeichnet sich die Insel Krk auch durch einige Besonderheiten der Landschaft aus, die in den zwei spezifischen Farben dieser Region &ndash; Gr&uuml;n und Blau &ndash; gemalt sind. Die blaue F&uuml;lle der Insel Krk, das Meer genannt, ist seit der Antike eng mit dem Leben auf der Insel verbunden. Das Meer [&hellip;]<\/p>\n\t\t\t<\/div>\n\t\t\t<a class=\"btn btn-tertiary\" href=\"https:\/\/malin-krk.com\/de\/camp-tiha-silo\/erholung-und-spass-im-camp-tiha\/aktivurlaub\/tauchen\/\">\n\t\t\t\tAnsehen\t\t\t<\/a>\n\t\t<\/div>\n\t<\/div>\n<\/div>\n\n\t\n\t\n\t<div class=\"restoran__inside restoran__inside--2\">\n\n\t<a class=\"restoran__img\" href=\"https:\/\/malin-krk.com\/de\/camp-tiha-silo\/erholung-und-spass-im-camp-tiha\/aktivurlaub\/wakeboarding\/\">\n\t\t\t\t\t\t\t\t<img decoding=\"async\" class=\"img-responsive\" src=\"https:\/\/malin-krk.com\/wp-content\/uploads\/2022\/02\/txt_wakeboard_4_v.jpg\" alt=\"Wakeboarding\" \/>\n\t\t\t\t\t\t\t<\/a>\n\t<div class=\"restoran__content\">\n\t\t<div class=\"restoran__content-inside\">\n\t\t\t<div class=\"restoran__intro\">\n\t\t\t\t\t\t\t<\/div>\n\t\t\t<a href=\"https:\/\/malin-krk.com\/de\/camp-tiha-silo\/erholung-und-spass-im-camp-tiha\/aktivurlaub\/wakeboarding\/\">\n\t\t\t\t<h2 class=\"restoran__title text-lg color-primary text-uppercase\">\n\t\t\t\t\tWakeboarding\t\t\t\t<\/h2>\n\t\t\t<\/a>\n\t\t\t<div class=\"restoran__text\">\n\t\t\t\t<p>Skilift Dunat &ndash; befindet sich vor dem Dorf Korni&#263;, zwischen der Stadt Krk und Punt auf der Insel Krk. Die 400 m2 gro&szlig;e Anlage &uuml;ber dem Meer beherbergt den Start des Skilifts, ein Restaurant, einen Bordshop und eine Sonnenterrasse, so dass die meisten Besucher hier ihren ganzen Tag verbringen und die entspannte Sommeratmosph&auml;re genie&szlig;en. Egal, [&hellip;]<\/p>\n\t\t\t<\/div>\n\t\t\t<a class=\"btn btn-tertiary\" href=\"https:\/\/malin-krk.com\/de\/camp-tiha-silo\/erholung-und-spass-im-camp-tiha\/aktivurlaub\/wakeboarding\/\">\n\t\t\t\tAnsehen\t\t\t<\/a>\n\t\t<\/div>\n\t<\/div>\n<\/div>\n\n\t\n\t\n\t<div class=\"restoran__inside restoran__inside--1\">\n\n\t<a class=\"restoran__img\" href=\"https:\/\/malin-krk.com\/de\/camp-tiha-silo\/erholung-und-spass-im-camp-tiha\/aktivurlaub\/zip-line\/\">\n\t\t\t\t\t\t\t\t<img decoding=\"async\" class=\"img-responsive\" src=\"https:\/\/malin-krk.com\/wp-content\/uploads\/2022\/02\/zipline_edison_krk_01-960x640.jpg\" alt=\"Zip line\" \/>\n\t\t\t\t\t\t\t<\/a>\n\t<div class=\"restoran__content\">\n\t\t<div class=\"restoran__content-inside\">\n\t\t\t<div class=\"restoran__intro\">\n\t\t\t\t\t\t\t<\/div>\n\t\t\t<a href=\"https:\/\/malin-krk.com\/de\/camp-tiha-silo\/erholung-und-spass-im-camp-tiha\/aktivurlaub\/zip-line\/\">\n\t\t\t\t<h2 class=\"restoran__title text-lg color-primary text-uppercase\">\n\t\t\t\t\tZip line\t\t\t\t<\/h2>\n\t\t\t<\/a>\n\t\t\t<div class=\"restoran__text\">\n\t\t\t\t<p>Zipline &bdquo;Edison&ldquo; ist eine einzigartige Attraktion auf der Insel Krk und dar&uuml;ber hinaus, die f&uuml;r Familien und Abenteuerliebhaber bestimmt ist. Es liegt am Treskavc-Pass an der Staatsstra&szlig;e D 102 in unmittelbarer N&auml;he des ber&uuml;hmten Glagolitik-Wanderwegs. &bdquo;Ein Spaziergang zwischen den Baumwipfeln&ldquo; bietet den Besuchern ein unvergessliches Erlebnis durch das Fahren eines Gel&auml;ndewagens, das Wandern durch unvergessliche [&hellip;]<\/p>\n\t\t\t<\/div>\n\t\t\t<a class=\"btn btn-tertiary\" href=\"https:\/\/malin-krk.com\/de\/camp-tiha-silo\/erholung-und-spass-im-camp-tiha\/aktivurlaub\/zip-line\/\">\n\t\t\t\tAnsehen\t\t\t<\/a>\n\t\t<\/div>\n\t<\/div>\n<\/div>\n\n\t\n<\/div>\n<div class=\"container\">\n\n\n\n<style>\n\t@media screen and (min-width: 1200px) {\n\t\t.page-id-812 .restoran__inside--1 .restoran__img {\n    order: 0 !important;\n}\n\t\t.page-id-3475 .restoran__inside--1 .restoran__img {\n    order: 0 !important;\n}\n\t\t.page-id-3476 .restoran__inside--1 .restoran__img {\n    order: 0 !important;\n}\n\t\t.page-id-3454 .restoran__inside--1 .restoran__img {\n    order: 0 !important;\n}\n\t}\n<\/style>\n\n\n<\/div>\n\n\n<\/body><\/html>\n","protected":false},"excerpt":{"rendered":"<p>Die Natur l&auml;dt hier st&auml;ndig zu Bewegung und Aktivit&auml;t ein. Einfach loslassen und loslegen &ndash; ein gem&uuml;tlicher Spaziergang entlang des beliebten Lugomare oder ein adrenalingeladener Sprung in ein neues Abenteuer! Ob zur Erholung oder f&uuml;r passionierte Sportler, Die Insel Krk bietet vielf&auml;ltige M&ouml;glichkeiten f&uuml;r einen aktiven Urlaub: angelegte Wander- und Radwege, Beachvolleyball, Tennis und Minigolf, [&hellip;]<\/p>\n","protected":false},"author":2,"featured_media":24105,"parent":24213,"menu_order":1,"comment_status":"closed","ping_status":"closed","template":"","meta":{"_acf_changed":false,"footnotes":""},"class_list":["post-24226","page","type-page","status-publish","has-post-thumbnail","hentry"],"acf":[],"yoast_head":"<!-- This site is optimized with the Yoast SEO plugin v27.4 - https:\/\/yoast.com\/product\/yoast-seo-wordpress\/ -->\n<title>Aktivurlaub - Malin Krk<\/title>\n<meta name=\"description\" content=\"Die Natur l\u00e4dt hier st\u00e4ndig zu Bewegung und Aktivit\u00e4t ein. Einfach loslassen und loslegen \u2013 ein gem\u00fctlicher Spaziergang entlang des beliebten Lugomare oder ein adrenalingeladener Sprung in ein neues Abenteuer!\" \/>\n<meta name=\"robots\" content=\"index, follow, max-snippet:-1, max-image-preview:large, max-video-preview:-1\" \/>\n<link rel=\"canonical\" href=\"https:\/\/malin-krk.com\/de\/camp-tiha-silo\/erholung-und-spass-im-camp-tiha\/aktivurlaub\/\" \/>\n<meta property=\"og:locale\" content=\"de_DE\" \/>\n<meta property=\"og:type\" content=\"article\" \/>\n<meta property=\"og:title\" content=\"Aktivurlaub - Malin Krk\" \/>\n<meta property=\"og:description\" content=\"Die Natur l\u00e4dt hier st\u00e4ndig zu Bewegung und Aktivit\u00e4t ein. Einfach loslassen und loslegen \u2013 ein gem\u00fctlicher Spaziergang entlang des beliebten Lugomare oder ein adrenalingeladener Sprung in ein neues Abenteuer!\" \/>\n<meta property=\"og:url\" content=\"https:\/\/malin-krk.com\/de\/camp-tiha-silo\/erholung-und-spass-im-camp-tiha\/aktivurlaub\/\" \/>\n<meta property=\"og:site_name\" content=\"Malin Krk\" \/>\n<meta property=\"article:publisher\" content=\"https:\/\/www.facebook.com\/hotelmalin\/\" \/>\n<meta property=\"article:modified_time\" content=\"2025-05-08T10:16:20+00:00\" \/>\n<meta property=\"og:image\" content=\"https:\/\/malin-krk.com\/wp-content\/uploads\/2022\/08\/krk-bike-story-14-4-2019-100.jpg\" \/>\n\t<meta property=\"og:image:width\" content=\"2300\" \/>\n\t<meta property=\"og:image:height\" content=\"1533\" \/>\n\t<meta property=\"og:image:type\" content=\"image\/jpeg\" \/>\n<meta name=\"twitter:card\" content=\"summary_large_image\" \/>\n<script type=\"application\/ld+json\" class=\"yoast-schema-graph\">{\"@context\":\"https:\\\/\\\/schema.org\",\"@graph\":[{\"@type\":\"WebPage\",\"@id\":\"https:\\\/\\\/malin-krk.com\\\/de\\\/camp-tiha-silo\\\/erholung-und-spass-im-camp-tiha\\\/aktivurlaub\\\/\",\"url\":\"https:\\\/\\\/malin-krk.com\\\/de\\\/camp-tiha-silo\\\/erholung-und-spass-im-camp-tiha\\\/aktivurlaub\\\/\",\"name\":\"Aktivurlaub - Malin Krk\",\"isPartOf\":{\"@id\":\"https:\\\/\\\/malin-krk.com\\\/#website\"},\"primaryImageOfPage\":{\"@id\":\"https:\\\/\\\/malin-krk.com\\\/de\\\/camp-tiha-silo\\\/erholung-und-spass-im-camp-tiha\\\/aktivurlaub\\\/#primaryimage\"},\"image\":{\"@id\":\"https:\\\/\\\/malin-krk.com\\\/de\\\/camp-tiha-silo\\\/erholung-und-spass-im-camp-tiha\\\/aktivurlaub\\\/#primaryimage\"},\"thumbnailUrl\":\"https:\\\/\\\/malin-krk.com\\\/wp-content\\\/uploads\\\/2022\\\/08\\\/krk-bike-story-14-4-2019-100.jpg\",\"datePublished\":\"2022-02-02T13:30:15+00:00\",\"dateModified\":\"2025-05-08T10:16:20+00:00\",\"description\":\"Die Natur l\u00e4dt hier st\u00e4ndig zu Bewegung und Aktivit\u00e4t ein. Einfach loslassen und loslegen \u2013 ein gem\u00fctlicher Spaziergang entlang des beliebten Lugomare oder ein adrenalingeladener Sprung in ein neues Abenteuer!\",\"breadcrumb\":{\"@id\":\"https:\\\/\\\/malin-krk.com\\\/de\\\/camp-tiha-silo\\\/erholung-und-spass-im-camp-tiha\\\/aktivurlaub\\\/#breadcrumb\"},\"inLanguage\":\"de\",\"potentialAction\":[{\"@type\":\"ReadAction\",\"target\":[\"https:\\\/\\\/malin-krk.com\\\/de\\\/camp-tiha-silo\\\/erholung-und-spass-im-camp-tiha\\\/aktivurlaub\\\/\"]}]},{\"@type\":\"ImageObject\",\"inLanguage\":\"de\",\"@id\":\"https:\\\/\\\/malin-krk.com\\\/de\\\/camp-tiha-silo\\\/erholung-und-spass-im-camp-tiha\\\/aktivurlaub\\\/#primaryimage\",\"url\":\"https:\\\/\\\/malin-krk.com\\\/wp-content\\\/uploads\\\/2022\\\/08\\\/krk-bike-story-14-4-2019-100.jpg\",\"contentUrl\":\"https:\\\/\\\/malin-krk.com\\\/wp-content\\\/uploads\\\/2022\\\/08\\\/krk-bike-story-14-4-2019-100.jpg\",\"width\":2300,\"height\":1533},{\"@type\":\"BreadcrumbList\",\"@id\":\"https:\\\/\\\/malin-krk.com\\\/de\\\/camp-tiha-silo\\\/erholung-und-spass-im-camp-tiha\\\/aktivurlaub\\\/#breadcrumb\",\"itemListElement\":[{\"@type\":\"ListItem\",\"position\":1,\"name\":\"Home\",\"item\":\"https:\\\/\\\/malin-krk.com\\\/de\\\/\"},{\"@type\":\"ListItem\",\"position\":2,\"name\":\"Camp Tiha \u0160ilo\",\"item\":\"https:\\\/\\\/malin-krk.com\\\/de\\\/camp-tiha-silo\\\/\"},{\"@type\":\"ListItem\",\"position\":3,\"name\":\"Erholung und Spa\u00df im Camp Tiha\",\"item\":\"https:\\\/\\\/malin-krk.com\\\/de\\\/camp-tiha-silo\\\/erholung-und-spass-im-camp-tiha\\\/\"},{\"@type\":\"ListItem\",\"position\":4,\"name\":\"Aktivurlaub\"}]},{\"@type\":\"WebSite\",\"@id\":\"https:\\\/\\\/malin-krk.com\\\/#website\",\"url\":\"https:\\\/\\\/malin-krk.com\\\/\",\"name\":\"Malin Krk\",\"description\":\"\",\"publisher\":{\"@id\":\"https:\\\/\\\/malin-krk.com\\\/#organization\"},\"potentialAction\":[{\"@type\":\"SearchAction\",\"target\":{\"@type\":\"EntryPoint\",\"urlTemplate\":\"https:\\\/\\\/malin-krk.com\\\/?s={search_term_string}\"},\"query-input\":{\"@type\":\"PropertyValueSpecification\",\"valueRequired\":true,\"valueName\":\"search_term_string\"}}],\"inLanguage\":\"de\"},{\"@type\":\"Organization\",\"@id\":\"https:\\\/\\\/malin-krk.com\\\/#organization\",\"name\":\"Malin Krk\",\"url\":\"https:\\\/\\\/malin-krk.com\\\/\",\"logo\":{\"@type\":\"ImageObject\",\"inLanguage\":\"de\",\"@id\":\"https:\\\/\\\/malin-krk.com\\\/#\\\/schema\\\/logo\\\/image\\\/\",\"url\":\"https:\\\/\\\/malin-krk.com\\\/wp-content\\\/uploads\\\/2024\\\/02\\\/malin-logo.jpg\",\"contentUrl\":\"https:\\\/\\\/malin-krk.com\\\/wp-content\\\/uploads\\\/2024\\\/02\\\/malin-logo.jpg\",\"width\":280,\"height\":96,\"caption\":\"Malin Krk\"},\"image\":{\"@id\":\"https:\\\/\\\/malin-krk.com\\\/#\\\/schema\\\/logo\\\/image\\\/\"},\"sameAs\":[\"https:\\\/\\\/www.facebook.com\\\/hotelmalin\\\/\"]}]}<\/script>\n<!-- \/ Yoast SEO plugin. -->","yoast_head_json":{"title":"Aktivurlaub - Malin Krk","description":"Die Natur l\u00e4dt hier st\u00e4ndig zu Bewegung und Aktivit\u00e4t ein. Einfach loslassen und loslegen \u2013 ein gem\u00fctlicher Spaziergang entlang des beliebten Lugomare oder ein adrenalingeladener Sprung in ein neues Abenteuer!","robots":{"index":"index","follow":"follow","max-snippet":"max-snippet:-1","max-image-preview":"max-image-preview:large","max-video-preview":"max-video-preview:-1"},"canonical":"https:\/\/malin-krk.com\/de\/camp-tiha-silo\/erholung-und-spass-im-camp-tiha\/aktivurlaub\/","og_locale":"de_DE","og_type":"article","og_title":"Aktivurlaub - Malin Krk","og_description":"Die Natur l\u00e4dt hier st\u00e4ndig zu Bewegung und Aktivit\u00e4t ein. Einfach loslassen und loslegen \u2013 ein gem\u00fctlicher Spaziergang entlang des beliebten Lugomare oder ein adrenalingeladener Sprung in ein neues Abenteuer!","og_url":"https:\/\/malin-krk.com\/de\/camp-tiha-silo\/erholung-und-spass-im-camp-tiha\/aktivurlaub\/","og_site_name":"Malin Krk","article_publisher":"https:\/\/www.facebook.com\/hotelmalin\/","article_modified_time":"2025-05-08T10:16:20+00:00","og_image":[{"width":2300,"height":1533,"url":"https:\/\/malin-krk.com\/wp-content\/uploads\/2022\/08\/krk-bike-story-14-4-2019-100.jpg","type":"image\/jpeg"}],"twitter_card":"summary_large_image","schema":{"@context":"https:\/\/schema.org","@graph":[{"@type":"WebPage","@id":"https:\/\/malin-krk.com\/de\/camp-tiha-silo\/erholung-und-spass-im-camp-tiha\/aktivurlaub\/","url":"https:\/\/malin-krk.com\/de\/camp-tiha-silo\/erholung-und-spass-im-camp-tiha\/aktivurlaub\/","name":"Aktivurlaub - Malin Krk","isPartOf":{"@id":"https:\/\/malin-krk.com\/#website"},"primaryImageOfPage":{"@id":"https:\/\/malin-krk.com\/de\/camp-tiha-silo\/erholung-und-spass-im-camp-tiha\/aktivurlaub\/#primaryimage"},"image":{"@id":"https:\/\/malin-krk.com\/de\/camp-tiha-silo\/erholung-und-spass-im-camp-tiha\/aktivurlaub\/#primaryimage"},"thumbnailUrl":"https:\/\/malin-krk.com\/wp-content\/uploads\/2022\/08\/krk-bike-story-14-4-2019-100.jpg","datePublished":"2022-02-02T13:30:15+00:00","dateModified":"2025-05-08T10:16:20+00:00","description":"Die Natur l\u00e4dt hier st\u00e4ndig zu Bewegung und Aktivit\u00e4t ein. Einfach loslassen und loslegen \u2013 ein gem\u00fctlicher Spaziergang entlang des beliebten Lugomare oder ein adrenalingeladener Sprung in ein neues Abenteuer!","breadcrumb":{"@id":"https:\/\/malin-krk.com\/de\/camp-tiha-silo\/erholung-und-spass-im-camp-tiha\/aktivurlaub\/#breadcrumb"},"inLanguage":"de","potentialAction":[{"@type":"ReadAction","target":["https:\/\/malin-krk.com\/de\/camp-tiha-silo\/erholung-und-spass-im-camp-tiha\/aktivurlaub\/"]}]},{"@type":"ImageObject","inLanguage":"de","@id":"https:\/\/malin-krk.com\/de\/camp-tiha-silo\/erholung-und-spass-im-camp-tiha\/aktivurlaub\/#primaryimage","url":"https:\/\/malin-krk.com\/wp-content\/uploads\/2022\/08\/krk-bike-story-14-4-2019-100.jpg","contentUrl":"https:\/\/malin-krk.com\/wp-content\/uploads\/2022\/08\/krk-bike-story-14-4-2019-100.jpg","width":2300,"height":1533},{"@type":"BreadcrumbList","@id":"https:\/\/malin-krk.com\/de\/camp-tiha-silo\/erholung-und-spass-im-camp-tiha\/aktivurlaub\/#breadcrumb","itemListElement":[{"@type":"ListItem","position":1,"name":"Home","item":"https:\/\/malin-krk.com\/de\/"},{"@type":"ListItem","position":2,"name":"Camp Tiha \u0160ilo","item":"https:\/\/malin-krk.com\/de\/camp-tiha-silo\/"},{"@type":"ListItem","position":3,"name":"Erholung und Spa\u00df im Camp Tiha","item":"https:\/\/malin-krk.com\/de\/camp-tiha-silo\/erholung-und-spass-im-camp-tiha\/"},{"@type":"ListItem","position":4,"name":"Aktivurlaub"}]},{"@type":"WebSite","@id":"https:\/\/malin-krk.com\/#website","url":"https:\/\/malin-krk.com\/","name":"Malin Krk","description":"","publisher":{"@id":"https:\/\/malin-krk.com\/#organization"},"potentialAction":[{"@type":"SearchAction","target":{"@type":"EntryPoint","urlTemplate":"https:\/\/malin-krk.com\/?s={search_term_string}"},"query-input":{"@type":"PropertyValueSpecification","valueRequired":true,"valueName":"search_term_string"}}],"inLanguage":"de"},{"@type":"Organization","@id":"https:\/\/malin-krk.com\/#organization","name":"Malin Krk","url":"https:\/\/malin-krk.com\/","logo":{"@type":"ImageObject","inLanguage":"de","@id":"https:\/\/malin-krk.com\/#\/schema\/logo\/image\/","url":"https:\/\/malin-krk.com\/wp-content\/uploads\/2024\/02\/malin-logo.jpg","contentUrl":"https:\/\/malin-krk.com\/wp-content\/uploads\/2024\/02\/malin-logo.jpg","width":280,"height":96,"caption":"Malin Krk"},"image":{"@id":"https:\/\/malin-krk.com\/#\/schema\/logo\/image\/"},"sameAs":["https:\/\/www.facebook.com\/hotelmalin\/"]}]}},"_links":{"self":[{"href":"https:\/\/malin-krk.com\/de\/wp-json\/wp\/v2\/pages\/24226","targetHints":{"allow":["GET"]}}],"collection":[{"href":"https:\/\/malin-krk.com\/de\/wp-json\/wp\/v2\/pages"}],"about":[{"href":"https:\/\/malin-krk.com\/de\/wp-json\/wp\/v2\/types\/page"}],"author":[{"embeddable":true,"href":"https:\/\/malin-krk.com\/de\/wp-json\/wp\/v2\/users\/2"}],"replies":[{"embeddable":true,"href":"https:\/\/malin-krk.com\/de\/wp-json\/wp\/v2\/comments?post=24226"}],"version-history":[{"count":3,"href":"https:\/\/malin-krk.com\/de\/wp-json\/wp\/v2\/pages\/24226\/revisions"}],"predecessor-version":[{"id":32399,"href":"https:\/\/malin-krk.com\/de\/wp-json\/wp\/v2\/pages\/24226\/revisions\/32399"}],"up":[{"embeddable":true,"href":"https:\/\/malin-krk.com\/de\/wp-json\/wp\/v2\/pages\/24213"}],"wp:featuredmedia":[{"embeddable":true,"href":"https:\/\/malin-krk.com\/de\/wp-json\/wp\/v2\/media\/24105"}],"wp:attachment":[{"href":"https:\/\/malin-krk.com\/de\/wp-json\/wp\/v2\/media?parent=24226"}],"curies":[{"name":"wp","href":"https:\/\/api.w.org\/{rel}","templated":true}]}}