{"id":20663,"date":"2021-03-01T10:12:33","date_gmt":"2021-03-01T09:12:33","guid":{"rendered":"https:\/\/malin-krk.com\/camp-tiha-silo\/smjestaj\/"},"modified":"2021-03-01T10:16:55","modified_gmt":"2021-03-01T09:16:55","slug":"unterkunft","status":"publish","type":"page","link":"https:\/\/malin-krk.com\/de\/camp-tiha-silo\/unterkunft\/","title":{"rendered":"Unterkunft"},"content":{"rendered":"<!DOCTYPE html PUBLIC \"-\/\/W3C\/\/DTD HTML 4.0 Transitional\/\/EN\" \"http:\/\/www.w3.org\/TR\/REC-html40\/loose.dtd\">\n<html><body><p><span style=\"font-weight: 400;\">Das reiche Unterkunftsangebot im Camp Tiha &Scaron;ilo wird auch den anspruchsvollsten Gast zufriedenstellen. Die luxuri&ouml;sen, ausgezeichnet ausgestatteten Mobilh&auml;uschen, eingerichtet im mediterranen Stil, der besondere Platz vorgesehen f&uuml;r Camper &ndash; Durchreisende, eingerichtete Parzellen im Schatten der Kiefer, sind nur ein Teil des attraktiven Angebots. Das Camp Tiha &Scaron;ilo hat in seinem Angebot ebenfalls Appartements mit Terrasse, welche einen Blick aufs Meer offenbaren, welcher jedem Gast Ruhe und Gem&uuml;tlichkeit bietet.<\/span><\/p>\n\n\n\t\n<div class=\"soba-wrapper\">\n\n\t\n\t\t\n<div class=\"soba\">\n\t<div class=\"soba__img-wrapper\">\n\t\t<a href=\"https:\/\/malin-krk.com\/de\/camp-tiha-silo\/unterkunft\/stellplaetze\/\">\n\t\t\t\t\t\t\t\t\t<img decoding=\"async\" src=\"https:\/\/malin-krk.com\/wp-content\/uploads\/2020\/06\/KAMP_SILO-0030-400x300.jpg\" class=\"img-responsive\" alt=\"Kampiranje &#8211; parcele\">\n\t\t\t\t\t\t\t\t<\/a>\n\t<\/div>\n\t<div class=\"soba__content\">\n\t\t<h3 class=\"soba__title\">\n\t\t\t<a class=\"soba__title-btn\" href=\"https:\/\/malin-krk.com\/de\/camp-tiha-silo\/unterkunft\/stellplaetze\/\">\n\t\t\t\tStellpl\u00e4tze\t\t\t<\/a>\n\t\t<\/h3>\n\t\t<div class=\"soba__text\">\n\t\t\t<p>Mit 90 Stellpl&auml;tzen f&uuml;r Zelte, Wohnwagen und Wohnmobile ist Camp Tiha ein idealer Ort f&uuml;r alle, die einen Urlaub in der Natur erleben m&ouml;chten. Grundst&uuml;cke von 30 bis 100 m2 verteilen sich auf einer herrlichen Fl&auml;che von 4 Hektar, die teilweise mit Kiefernwald bedeckt ist, umgeben von klarem Meer und Kieselstrand. Die Grundst&uuml;cke liegen im [&hellip;]<\/p>\n\t\t<\/div>\n\t\t<ul class=\"soba__list list-unstyled\">\n\n\t\t\t\n\t\t\t\n\t\t\t\t\t\t\n\t\t\t<li>\n\t\t\t\tWiFi\t\t\t<\/li>\n\n\t\t\t\n\t\t\t\n\t\t<\/ul>\n\t\t<ul class=\"soba__linkovi list-inline\">\n\t\t\t<li>\n\t\t\t\t<a class=\"soba__link\" href=\"https:\/\/malin-krk.com\/de\/camp-tiha-silo\/unterkunft\/stellplaetze\/\">\n\t\t\t\t\tMehr Details ansehen\t\t\t\t<\/a>\n\t\t\t<\/li>\n\t\t\t<li>\n\t\t\t\t<a class=\"soba__link\" href=\"https:\/\/malin-krk.com\/de\/datenschutz-bestimmungen\/\">\n\t\t\t\t\tAllgemeine Vertragsbedingungen\t\t\t\t<\/a>\n\t\t\t<\/li>\n\t\t<\/ul>\n\t<\/div>\n\t<div class=\"soba__desno\">\n\t\t<ul class=\"soba__popis list-unstyled\">\n\n\t\t\t\n\t\t<\/ul>\n\t\t\t\t<div class=\"text-center\">\n\t\t\t<a class=\"btn btn-primary btn-primary--secondary color-white soba__btn btn--rezervacija\" href=\"https:\/\/malin-krk.com\/de\/kontakt\/?kamp=1\">\n\t\t\t\tSenden\t\t\t<\/a>\n\t\t<\/div>\n\t\t<br>\n\t\t<div class=\"text-center\">\n\t\t\n\t\t\t\t\t\t\t\t\t\t\t<a class=\"btn btn-primary btn-primary--secondary color-white soba__btn btn--rezervacija\" href=\"https:\/\/malin-krk.book-official-website.com\/book.php?company_id=46397161914251e464f8373ba1bec4d4&hotel=e411396a13e71b4cb2f3c52ebd2a3c20&lang=de&cookie_consent=1\" target=\"_blank\">\n\t\t\t\tBuchen Sie jetzt!<\/a>\n\t\t\t\t\t\t\t\t\n\t\t\t\t\n\t\t<\/div>\n\t<\/div>\n<\/div>\t\n\t\n<\/div>\n\n\n<\/body><\/html>\n","protected":false},"excerpt":{"rendered":"<p>Das reiche Unterkunftsangebot im Camp Tiha &Scaron;ilo wird auch den anspruchsvollsten Gast zufriedenstellen. Die luxuri&ouml;sen, ausgezeichnet ausgestatteten Mobilh&auml;uschen, eingerichtet im mediterranen Stil, der besondere Platz vorgesehen f&uuml;r Camper &ndash; Durchreisende, eingerichtete Parzellen im Schatten der Kiefer, sind nur ein Teil des attraktiven Angebots. Das Camp Tiha &Scaron;ilo hat in seinem Angebot ebenfalls Appartements mit Terrasse, [&hellip;]<\/p>\n","protected":false},"author":3,"featured_media":4080,"parent":1399,"menu_order":0,"comment_status":"closed","ping_status":"closed","template":"","meta":{"_acf_changed":false,"footnotes":""},"class_list":["post-20663","page","type-page","status-publish","has-post-thumbnail","hentry"],"acf":[],"yoast_head":"<!-- This site is optimized with the Yoast SEO plugin v27.5 - https:\/\/yoast.com\/product\/yoast-seo-wordpress\/ -->\n<title>Unterkunft im Camp Tiha \u0160ilo \u2013 Malin Krk w\u00e4hlen<\/title>\n<meta name=\"description\" content=\"\u00dcberpr\u00fcfen Sie das reiche Angebot von Unterkunftseinheiten und Stellpl\u00e4tzen im Camp Tiha \u0160ilo auf Krk. Luxusmobilheime, Wohnmobile, Stellpl\u00e4tze und mehr.\" \/>\n<meta name=\"robots\" content=\"index, follow, max-snippet:-1, max-image-preview:large, max-video-preview:-1\" \/>\n<link rel=\"canonical\" href=\"https:\/\/malin-krk.com\/de\/camp-tiha-silo\/unterkunft\/\" \/>\n<meta property=\"og:locale\" content=\"de_DE\" \/>\n<meta property=\"og:type\" content=\"article\" \/>\n<meta property=\"og:title\" content=\"Unterkunft im Camp Tiha \u0160ilo \u2013 Malin Krk w\u00e4hlen\" \/>\n<meta property=\"og:description\" content=\"\u00dcberpr\u00fcfen Sie das reiche Angebot von Unterkunftseinheiten und Stellpl\u00e4tzen im Camp Tiha \u0160ilo auf Krk. Luxusmobilheime, Wohnmobile, Stellpl\u00e4tze und mehr.\" \/>\n<meta property=\"og:url\" content=\"https:\/\/malin-krk.com\/de\/camp-tiha-silo\/unterkunft\/\" \/>\n<meta property=\"og:site_name\" content=\"Malin Krk\" \/>\n<meta property=\"article:publisher\" content=\"https:\/\/www.facebook.com\/hotelmalin\/\" \/>\n<meta property=\"article:modified_time\" content=\"2021-03-01T09:16:55+00:00\" \/>\n<meta property=\"og:image\" content=\"https:\/\/malin-krk.com\/wp-content\/uploads\/2018\/06\/kamp-tiha-silo-smjestaj.jpg\" \/>\n\t<meta property=\"og:image:width\" content=\"800\" \/>\n\t<meta property=\"og:image:height\" content=\"533\" \/>\n\t<meta property=\"og:image:type\" content=\"image\/jpeg\" \/>\n<meta name=\"twitter:card\" content=\"summary_large_image\" \/>\n<script type=\"application\/ld+json\" class=\"yoast-schema-graph\">{\"@context\":\"https:\\\/\\\/schema.org\",\"@graph\":[{\"@type\":\"WebPage\",\"@id\":\"https:\\\/\\\/malin-krk.com\\\/de\\\/camp-tiha-silo\\\/unterkunft\\\/\",\"url\":\"https:\\\/\\\/malin-krk.com\\\/de\\\/camp-tiha-silo\\\/unterkunft\\\/\",\"name\":\"Unterkunft im Camp Tiha \u0160ilo \u2013 Malin Krk w\u00e4hlen\",\"isPartOf\":{\"@id\":\"https:\\\/\\\/malin-krk.com\\\/#website\"},\"primaryImageOfPage\":{\"@id\":\"https:\\\/\\\/malin-krk.com\\\/de\\\/camp-tiha-silo\\\/unterkunft\\\/#primaryimage\"},\"image\":{\"@id\":\"https:\\\/\\\/malin-krk.com\\\/de\\\/camp-tiha-silo\\\/unterkunft\\\/#primaryimage\"},\"thumbnailUrl\":\"https:\\\/\\\/malin-krk.com\\\/wp-content\\\/uploads\\\/2018\\\/06\\\/kamp-tiha-silo-smjestaj.jpg\",\"datePublished\":\"2021-03-01T09:12:33+00:00\",\"dateModified\":\"2021-03-01T09:16:55+00:00\",\"description\":\"\u00dcberpr\u00fcfen Sie das reiche Angebot von Unterkunftseinheiten und Stellpl\u00e4tzen im Camp Tiha \u0160ilo auf Krk. Luxusmobilheime, Wohnmobile, Stellpl\u00e4tze und mehr.\",\"breadcrumb\":{\"@id\":\"https:\\\/\\\/malin-krk.com\\\/de\\\/camp-tiha-silo\\\/unterkunft\\\/#breadcrumb\"},\"inLanguage\":\"de\",\"potentialAction\":[{\"@type\":\"ReadAction\",\"target\":[\"https:\\\/\\\/malin-krk.com\\\/de\\\/camp-tiha-silo\\\/unterkunft\\\/\"]}]},{\"@type\":\"ImageObject\",\"inLanguage\":\"de\",\"@id\":\"https:\\\/\\\/malin-krk.com\\\/de\\\/camp-tiha-silo\\\/unterkunft\\\/#primaryimage\",\"url\":\"https:\\\/\\\/malin-krk.com\\\/wp-content\\\/uploads\\\/2018\\\/06\\\/kamp-tiha-silo-smjestaj.jpg\",\"contentUrl\":\"https:\\\/\\\/malin-krk.com\\\/wp-content\\\/uploads\\\/2018\\\/06\\\/kamp-tiha-silo-smjestaj.jpg\",\"width\":800,\"height\":533,\"caption\":\"kamp Tiha \u0160ilo smje\u0161taj\"},{\"@type\":\"BreadcrumbList\",\"@id\":\"https:\\\/\\\/malin-krk.com\\\/de\\\/camp-tiha-silo\\\/unterkunft\\\/#breadcrumb\",\"itemListElement\":[{\"@type\":\"ListItem\",\"position\":1,\"name\":\"Home\",\"item\":\"https:\\\/\\\/malin-krk.com\\\/de\\\/\"},{\"@type\":\"ListItem\",\"position\":2,\"name\":\"Camp Tiha \u0160ilo\",\"item\":\"https:\\\/\\\/malin-krk.com\\\/de\\\/camp-tiha-silo\\\/\"},{\"@type\":\"ListItem\",\"position\":3,\"name\":\"Unterkunft\"}]},{\"@type\":\"WebSite\",\"@id\":\"https:\\\/\\\/malin-krk.com\\\/#website\",\"url\":\"https:\\\/\\\/malin-krk.com\\\/\",\"name\":\"Malin Krk\",\"description\":\"\",\"publisher\":{\"@id\":\"https:\\\/\\\/malin-krk.com\\\/#organization\"},\"potentialAction\":[{\"@type\":\"SearchAction\",\"target\":{\"@type\":\"EntryPoint\",\"urlTemplate\":\"https:\\\/\\\/malin-krk.com\\\/?s={search_term_string}\"},\"query-input\":{\"@type\":\"PropertyValueSpecification\",\"valueRequired\":true,\"valueName\":\"search_term_string\"}}],\"inLanguage\":\"de\"},{\"@type\":\"Organization\",\"@id\":\"https:\\\/\\\/malin-krk.com\\\/#organization\",\"name\":\"Malin Krk\",\"url\":\"https:\\\/\\\/malin-krk.com\\\/\",\"logo\":{\"@type\":\"ImageObject\",\"inLanguage\":\"de\",\"@id\":\"https:\\\/\\\/malin-krk.com\\\/#\\\/schema\\\/logo\\\/image\\\/\",\"url\":\"https:\\\/\\\/malin-krk.com\\\/wp-content\\\/uploads\\\/2024\\\/02\\\/malin-logo.jpg\",\"contentUrl\":\"https:\\\/\\\/malin-krk.com\\\/wp-content\\\/uploads\\\/2024\\\/02\\\/malin-logo.jpg\",\"width\":280,\"height\":96,\"caption\":\"Malin Krk\"},\"image\":{\"@id\":\"https:\\\/\\\/malin-krk.com\\\/#\\\/schema\\\/logo\\\/image\\\/\"},\"sameAs\":[\"https:\\\/\\\/www.facebook.com\\\/hotelmalin\\\/\"]}]}<\/script>\n<!-- \/ Yoast SEO plugin. -->","yoast_head_json":{"title":"Unterkunft im Camp Tiha \u0160ilo \u2013 Malin Krk w\u00e4hlen","description":"\u00dcberpr\u00fcfen Sie das reiche Angebot von Unterkunftseinheiten und Stellpl\u00e4tzen im Camp Tiha \u0160ilo auf Krk. Luxusmobilheime, Wohnmobile, Stellpl\u00e4tze und mehr.","robots":{"index":"index","follow":"follow","max-snippet":"max-snippet:-1","max-image-preview":"max-image-preview:large","max-video-preview":"max-video-preview:-1"},"canonical":"https:\/\/malin-krk.com\/de\/camp-tiha-silo\/unterkunft\/","og_locale":"de_DE","og_type":"article","og_title":"Unterkunft im Camp Tiha \u0160ilo \u2013 Malin Krk w\u00e4hlen","og_description":"\u00dcberpr\u00fcfen Sie das reiche Angebot von Unterkunftseinheiten und Stellpl\u00e4tzen im Camp Tiha \u0160ilo auf Krk. Luxusmobilheime, Wohnmobile, Stellpl\u00e4tze und mehr.","og_url":"https:\/\/malin-krk.com\/de\/camp-tiha-silo\/unterkunft\/","og_site_name":"Malin Krk","article_publisher":"https:\/\/www.facebook.com\/hotelmalin\/","article_modified_time":"2021-03-01T09:16:55+00:00","og_image":[{"width":800,"height":533,"url":"https:\/\/malin-krk.com\/wp-content\/uploads\/2018\/06\/kamp-tiha-silo-smjestaj.jpg","type":"image\/jpeg"}],"twitter_card":"summary_large_image","schema":{"@context":"https:\/\/schema.org","@graph":[{"@type":"WebPage","@id":"https:\/\/malin-krk.com\/de\/camp-tiha-silo\/unterkunft\/","url":"https:\/\/malin-krk.com\/de\/camp-tiha-silo\/unterkunft\/","name":"Unterkunft im Camp Tiha \u0160ilo \u2013 Malin Krk w\u00e4hlen","isPartOf":{"@id":"https:\/\/malin-krk.com\/#website"},"primaryImageOfPage":{"@id":"https:\/\/malin-krk.com\/de\/camp-tiha-silo\/unterkunft\/#primaryimage"},"image":{"@id":"https:\/\/malin-krk.com\/de\/camp-tiha-silo\/unterkunft\/#primaryimage"},"thumbnailUrl":"https:\/\/malin-krk.com\/wp-content\/uploads\/2018\/06\/kamp-tiha-silo-smjestaj.jpg","datePublished":"2021-03-01T09:12:33+00:00","dateModified":"2021-03-01T09:16:55+00:00","description":"\u00dcberpr\u00fcfen Sie das reiche Angebot von Unterkunftseinheiten und Stellpl\u00e4tzen im Camp Tiha \u0160ilo auf Krk. Luxusmobilheime, Wohnmobile, Stellpl\u00e4tze und mehr.","breadcrumb":{"@id":"https:\/\/malin-krk.com\/de\/camp-tiha-silo\/unterkunft\/#breadcrumb"},"inLanguage":"de","potentialAction":[{"@type":"ReadAction","target":["https:\/\/malin-krk.com\/de\/camp-tiha-silo\/unterkunft\/"]}]},{"@type":"ImageObject","inLanguage":"de","@id":"https:\/\/malin-krk.com\/de\/camp-tiha-silo\/unterkunft\/#primaryimage","url":"https:\/\/malin-krk.com\/wp-content\/uploads\/2018\/06\/kamp-tiha-silo-smjestaj.jpg","contentUrl":"https:\/\/malin-krk.com\/wp-content\/uploads\/2018\/06\/kamp-tiha-silo-smjestaj.jpg","width":800,"height":533,"caption":"kamp Tiha \u0160ilo smje\u0161taj"},{"@type":"BreadcrumbList","@id":"https:\/\/malin-krk.com\/de\/camp-tiha-silo\/unterkunft\/#breadcrumb","itemListElement":[{"@type":"ListItem","position":1,"name":"Home","item":"https:\/\/malin-krk.com\/de\/"},{"@type":"ListItem","position":2,"name":"Camp Tiha \u0160ilo","item":"https:\/\/malin-krk.com\/de\/camp-tiha-silo\/"},{"@type":"ListItem","position":3,"name":"Unterkunft"}]},{"@type":"WebSite","@id":"https:\/\/malin-krk.com\/#website","url":"https:\/\/malin-krk.com\/","name":"Malin Krk","description":"","publisher":{"@id":"https:\/\/malin-krk.com\/#organization"},"potentialAction":[{"@type":"SearchAction","target":{"@type":"EntryPoint","urlTemplate":"https:\/\/malin-krk.com\/?s={search_term_string}"},"query-input":{"@type":"PropertyValueSpecification","valueRequired":true,"valueName":"search_term_string"}}],"inLanguage":"de"},{"@type":"Organization","@id":"https:\/\/malin-krk.com\/#organization","name":"Malin Krk","url":"https:\/\/malin-krk.com\/","logo":{"@type":"ImageObject","inLanguage":"de","@id":"https:\/\/malin-krk.com\/#\/schema\/logo\/image\/","url":"https:\/\/malin-krk.com\/wp-content\/uploads\/2024\/02\/malin-logo.jpg","contentUrl":"https:\/\/malin-krk.com\/wp-content\/uploads\/2024\/02\/malin-logo.jpg","width":280,"height":96,"caption":"Malin Krk"},"image":{"@id":"https:\/\/malin-krk.com\/#\/schema\/logo\/image\/"},"sameAs":["https:\/\/www.facebook.com\/hotelmalin\/"]}]}},"_links":{"self":[{"href":"https:\/\/malin-krk.com\/de\/wp-json\/wp\/v2\/pages\/20663","targetHints":{"allow":["GET"]}}],"collection":[{"href":"https:\/\/malin-krk.com\/de\/wp-json\/wp\/v2\/pages"}],"about":[{"href":"https:\/\/malin-krk.com\/de\/wp-json\/wp\/v2\/types\/page"}],"author":[{"embeddable":true,"href":"https:\/\/malin-krk.com\/de\/wp-json\/wp\/v2\/users\/3"}],"replies":[{"embeddable":true,"href":"https:\/\/malin-krk.com\/de\/wp-json\/wp\/v2\/comments?post=20663"}],"version-history":[{"count":1,"href":"https:\/\/malin-krk.com\/de\/wp-json\/wp\/v2\/pages\/20663\/revisions"}],"predecessor-version":[{"id":20666,"href":"https:\/\/malin-krk.com\/de\/wp-json\/wp\/v2\/pages\/20663\/revisions\/20666"}],"up":[{"embeddable":true,"href":"https:\/\/malin-krk.com\/de\/wp-json\/wp\/v2\/pages\/1399"}],"wp:featuredmedia":[{"embeddable":true,"href":"https:\/\/malin-krk.com\/de\/wp-json\/wp\/v2\/media\/4080"}],"wp:attachment":[{"href":"https:\/\/malin-krk.com\/de\/wp-json\/wp\/v2\/media?parent=20663"}],"curies":[{"name":"wp","href":"https:\/\/api.w.org\/{rel}","templated":true}]}}