{"id":1688,"date":"2018-02-15T10:08:46","date_gmt":"2018-02-15T09:08:46","guid":{"rendered":"https:\/\/www.malin-krk.com\/_novo\/?page_id=1688"},"modified":"2024-08-19T10:16:46","modified_gmt":"2024-08-19T08:16:46","slug":"b2b","status":"publish","type":"page","link":"https:\/\/malin-krk.com\/de\/b2b\/","title":{"rendered":"B2B"},"content":{"rendered":"<!DOCTYPE html PUBLIC \"-\/\/W3C\/\/DTD HTML 4.0 Transitional\/\/EN\" \"http:\/\/www.w3.org\/TR\/REC-html40\/loose.dtd\">\n<html><body><h3><b><\/b><strong>TOURISTENAGENTUREN<\/strong><\/h3>\n<p>Das Hotel Malin bietet die M&ouml;glichkeit, seine Kapazit&auml;ten an Reiseb&uuml;ros und Vermittler zu verkaufen, die keinen Kontingentvertrag haben. M&ouml;glichkeit der Zusammenarbeit:<\/p>\n<p><strong>Durch Verbindung mit dem PHOBS-Betriebssystem<\/strong> &ndash; Fordern Sie einen Code f&uuml;r den Zugriff auf Preise und verf&uuml;gbare Kapazit&auml;ten an unter <a href=\"mailto:sales@hotelmalin.com\">sales@hotelmalin.com<\/a><\/p>\n<p><strong>Arbeit auf Anfrage<\/strong><\/p>\n<p><strong>Bedingungen der Zusammenarbeit:<\/strong><br>\nKontaktieren Sie uns unter <a href=\"mailto:sales@hotelmalin.com\">sales@hotelmalin.com<\/a>.<\/p>\n<p><strong>Verf&uuml;gbarkeitsanfrage<\/strong>:<br>\nPr&uuml;fen Sie die Option auf Verf&uuml;gbarkeit &uuml;ber das Reservierungszentrum per E-Mail an <a href=\"mailto:reservations@hotelmalin.com\">reservations@hotelmalin.com<\/a> oder telefonisch unter 00385(0)51 850 129.<\/p>\n<p><strong>Zahlungsbedingungen<\/strong>:<br>\nZur Best&auml;tigung der Reservierung ist die Zahlung des gesamten Betrags im Voraus gem&auml;&szlig; der Proforma-Rechnung sp&auml;testens 14 Tage vor der Ankunft des Gastes erforderlich.<\/p>\n<p><strong>Zahlungsmethoden<\/strong>:<\/p>\n<p>Per Bank&uuml;berweisung<\/p>\n<p>Die Zahlung erfolgt an Kentbank d.d.:<\/p>\n<p>IBAN: HR0341240031199017578<br>\nSWIFT: KENBHR22<br>\nADRESSE DER BANK: KENTBANK D.D., Gunduli&#263;eva ulica 1, 10 000 Zagreb zu Gunsten von<br>\nHotel Malin &ndash; G.P.P. Miki&#263; d.o.o., Kralja Tomislava 23, 51511 Malinska<\/p>\n<p>Hinweis: Zusammen mit der Zahlungsbeschreibung m&uuml;ssen Sie die Rufnummer angeben (sichtbar auf der Proforma-Rechnung).<\/p>\n<p><strong>GRUPPENARRANGEMEINSCHAFTEN<\/strong><\/p>\n<p>Das Hotel Malin bietet die M&ouml;glichkeit, Gruppenreisen zu organisieren und verschiedene Veranstaltungen und Dienstleistungen f&uuml;r organisierte Ank&uuml;nfte zu organisieren.<\/p>\n<p>Wir heben einige der Angebote hervor:<\/p>\n<p>Ostern<br>\nGef&uuml;hrte Camino-Touren<br>\nSaisoner&ouml;ffnung\/-abschluss<br>\nSilvester<\/p>\n<p><strong>Verf&uuml;gbarkeitsanfrage<\/strong>:<br>\nPr&uuml;fen Sie die Option auf Verf&uuml;gbarkeit per E-Mail: <a href=\"mailto:groups@hotelmalin.com\">groups@hotelmalin.com<\/a> oder telefonisch unter 00385(0)51 850 129.<\/p>\n<p>&nbsp;<\/p>\n<\/body><\/html>\n","protected":false},"excerpt":{"rendered":"<p>TOURISTENAGENTUREN Das Hotel Malin bietet die M&ouml;glichkeit, seine Kapazit&auml;ten an Reiseb&uuml;ros und Vermittler zu verkaufen, die keinen Kontingentvertrag haben. M&ouml;glichkeit der Zusammenarbeit: Durch Verbindung mit dem PHOBS-Betriebssystem &ndash; Fordern Sie einen Code f&uuml;r den Zugriff auf Preise und verf&uuml;gbare Kapazit&auml;ten an unter sales@hotelmalin.com Arbeit auf Anfrage Bedingungen der Zusammenarbeit: Kontaktieren Sie uns unter sales@hotelmalin.com. Verf&uuml;gbarkeitsanfrage: [&hellip;]<\/p>\n","protected":false},"author":3,"featured_media":4167,"parent":0,"menu_order":0,"comment_status":"closed","ping_status":"closed","template":"","meta":{"_acf_changed":false,"footnotes":""},"class_list":["post-1688","page","type-page","status-publish","has-post-thumbnail","hentry"],"acf":[],"yoast_head":"<!-- This site is optimized with the Yoast SEO plugin v27.5 - https:\/\/yoast.com\/product\/yoast-seo-wordpress\/ -->\n<title>B2B - Hotel Malin<\/title>\n<meta name=\"description\" content=\"Hotel Malin bietet Gruppen-Arrangements und Verkauf von Unterkunftskapazit\u00e4ten an Reiseb\u00fcros. Im Download-Bereich k\u00f6nnen Sie die Materialien herunterladen.\" \/>\n<meta name=\"robots\" content=\"index, follow, max-snippet:-1, max-image-preview:large, max-video-preview:-1\" \/>\n<link rel=\"canonical\" href=\"https:\/\/malin-krk.com\/de\/b2b\/\" \/>\n<meta property=\"og:locale\" content=\"de_DE\" \/>\n<meta property=\"og:type\" content=\"article\" \/>\n<meta property=\"og:title\" content=\"B2B - Hotel Malin\" \/>\n<meta property=\"og:description\" content=\"Hotel Malin bietet Gruppen-Arrangements und Verkauf von Unterkunftskapazit\u00e4ten an Reiseb\u00fcros. Im Download-Bereich k\u00f6nnen Sie die Materialien herunterladen.\" \/>\n<meta property=\"og:url\" content=\"https:\/\/malin-krk.com\/de\/b2b\/\" \/>\n<meta property=\"og:site_name\" content=\"Malin Krk\" \/>\n<meta property=\"article:publisher\" content=\"https:\/\/www.facebook.com\/hotelmalin\/\" \/>\n<meta property=\"article:modified_time\" content=\"2024-08-19T08:16:46+00:00\" \/>\n<meta property=\"og:image\" content=\"https:\/\/malin-krk.com\/wp-content\/uploads\/2018\/06\/b2b.jpg\" \/>\n\t<meta property=\"og:image:width\" content=\"1018\" \/>\n\t<meta property=\"og:image:height\" content=\"325\" \/>\n\t<meta property=\"og:image:type\" content=\"image\/jpeg\" \/>\n<meta name=\"twitter:card\" content=\"summary_large_image\" \/>\n<script type=\"application\/ld+json\" class=\"yoast-schema-graph\">{\"@context\":\"https:\\\/\\\/schema.org\",\"@graph\":[{\"@type\":\"WebPage\",\"@id\":\"https:\\\/\\\/malin-krk.com\\\/de\\\/b2b\\\/\",\"url\":\"https:\\\/\\\/malin-krk.com\\\/de\\\/b2b\\\/\",\"name\":\"B2B - Hotel Malin\",\"isPartOf\":{\"@id\":\"https:\\\/\\\/malin-krk.com\\\/#website\"},\"primaryImageOfPage\":{\"@id\":\"https:\\\/\\\/malin-krk.com\\\/de\\\/b2b\\\/#primaryimage\"},\"image\":{\"@id\":\"https:\\\/\\\/malin-krk.com\\\/de\\\/b2b\\\/#primaryimage\"},\"thumbnailUrl\":\"https:\\\/\\\/malin-krk.com\\\/wp-content\\\/uploads\\\/2018\\\/06\\\/b2b.jpg\",\"datePublished\":\"2018-02-15T09:08:46+00:00\",\"dateModified\":\"2024-08-19T08:16:46+00:00\",\"description\":\"Hotel Malin bietet Gruppen-Arrangements und Verkauf von Unterkunftskapazit\u00e4ten an Reiseb\u00fcros. Im Download-Bereich k\u00f6nnen Sie die Materialien herunterladen.\",\"breadcrumb\":{\"@id\":\"https:\\\/\\\/malin-krk.com\\\/de\\\/b2b\\\/#breadcrumb\"},\"inLanguage\":\"de\",\"potentialAction\":[{\"@type\":\"ReadAction\",\"target\":[\"https:\\\/\\\/malin-krk.com\\\/de\\\/b2b\\\/\"]}]},{\"@type\":\"ImageObject\",\"inLanguage\":\"de\",\"@id\":\"https:\\\/\\\/malin-krk.com\\\/de\\\/b2b\\\/#primaryimage\",\"url\":\"https:\\\/\\\/malin-krk.com\\\/wp-content\\\/uploads\\\/2018\\\/06\\\/b2b.jpg\",\"contentUrl\":\"https:\\\/\\\/malin-krk.com\\\/wp-content\\\/uploads\\\/2018\\\/06\\\/b2b.jpg\",\"width\":1018,\"height\":325,\"caption\":\"hotel Malin b2b\"},{\"@type\":\"BreadcrumbList\",\"@id\":\"https:\\\/\\\/malin-krk.com\\\/de\\\/b2b\\\/#breadcrumb\",\"itemListElement\":[{\"@type\":\"ListItem\",\"position\":1,\"name\":\"Home\",\"item\":\"https:\\\/\\\/malin-krk.com\\\/de\\\/\"},{\"@type\":\"ListItem\",\"position\":2,\"name\":\"B2B\"}]},{\"@type\":\"WebSite\",\"@id\":\"https:\\\/\\\/malin-krk.com\\\/#website\",\"url\":\"https:\\\/\\\/malin-krk.com\\\/\",\"name\":\"Malin Krk\",\"description\":\"\",\"publisher\":{\"@id\":\"https:\\\/\\\/malin-krk.com\\\/#organization\"},\"potentialAction\":[{\"@type\":\"SearchAction\",\"target\":{\"@type\":\"EntryPoint\",\"urlTemplate\":\"https:\\\/\\\/malin-krk.com\\\/?s={search_term_string}\"},\"query-input\":{\"@type\":\"PropertyValueSpecification\",\"valueRequired\":true,\"valueName\":\"search_term_string\"}}],\"inLanguage\":\"de\"},{\"@type\":\"Organization\",\"@id\":\"https:\\\/\\\/malin-krk.com\\\/#organization\",\"name\":\"Malin Krk\",\"url\":\"https:\\\/\\\/malin-krk.com\\\/\",\"logo\":{\"@type\":\"ImageObject\",\"inLanguage\":\"de\",\"@id\":\"https:\\\/\\\/malin-krk.com\\\/#\\\/schema\\\/logo\\\/image\\\/\",\"url\":\"https:\\\/\\\/malin-krk.com\\\/wp-content\\\/uploads\\\/2024\\\/02\\\/malin-logo.jpg\",\"contentUrl\":\"https:\\\/\\\/malin-krk.com\\\/wp-content\\\/uploads\\\/2024\\\/02\\\/malin-logo.jpg\",\"width\":280,\"height\":96,\"caption\":\"Malin Krk\"},\"image\":{\"@id\":\"https:\\\/\\\/malin-krk.com\\\/#\\\/schema\\\/logo\\\/image\\\/\"},\"sameAs\":[\"https:\\\/\\\/www.facebook.com\\\/hotelmalin\\\/\"]}]}<\/script>\n<!-- \/ Yoast SEO plugin. -->","yoast_head_json":{"title":"B2B - Hotel Malin","description":"Hotel Malin bietet Gruppen-Arrangements und Verkauf von Unterkunftskapazit\u00e4ten an Reiseb\u00fcros. Im Download-Bereich k\u00f6nnen Sie die Materialien herunterladen.","robots":{"index":"index","follow":"follow","max-snippet":"max-snippet:-1","max-image-preview":"max-image-preview:large","max-video-preview":"max-video-preview:-1"},"canonical":"https:\/\/malin-krk.com\/de\/b2b\/","og_locale":"de_DE","og_type":"article","og_title":"B2B - Hotel Malin","og_description":"Hotel Malin bietet Gruppen-Arrangements und Verkauf von Unterkunftskapazit\u00e4ten an Reiseb\u00fcros. Im Download-Bereich k\u00f6nnen Sie die Materialien herunterladen.","og_url":"https:\/\/malin-krk.com\/de\/b2b\/","og_site_name":"Malin Krk","article_publisher":"https:\/\/www.facebook.com\/hotelmalin\/","article_modified_time":"2024-08-19T08:16:46+00:00","og_image":[{"width":1018,"height":325,"url":"https:\/\/malin-krk.com\/wp-content\/uploads\/2018\/06\/b2b.jpg","type":"image\/jpeg"}],"twitter_card":"summary_large_image","schema":{"@context":"https:\/\/schema.org","@graph":[{"@type":"WebPage","@id":"https:\/\/malin-krk.com\/de\/b2b\/","url":"https:\/\/malin-krk.com\/de\/b2b\/","name":"B2B - Hotel Malin","isPartOf":{"@id":"https:\/\/malin-krk.com\/#website"},"primaryImageOfPage":{"@id":"https:\/\/malin-krk.com\/de\/b2b\/#primaryimage"},"image":{"@id":"https:\/\/malin-krk.com\/de\/b2b\/#primaryimage"},"thumbnailUrl":"https:\/\/malin-krk.com\/wp-content\/uploads\/2018\/06\/b2b.jpg","datePublished":"2018-02-15T09:08:46+00:00","dateModified":"2024-08-19T08:16:46+00:00","description":"Hotel Malin bietet Gruppen-Arrangements und Verkauf von Unterkunftskapazit\u00e4ten an Reiseb\u00fcros. Im Download-Bereich k\u00f6nnen Sie die Materialien herunterladen.","breadcrumb":{"@id":"https:\/\/malin-krk.com\/de\/b2b\/#breadcrumb"},"inLanguage":"de","potentialAction":[{"@type":"ReadAction","target":["https:\/\/malin-krk.com\/de\/b2b\/"]}]},{"@type":"ImageObject","inLanguage":"de","@id":"https:\/\/malin-krk.com\/de\/b2b\/#primaryimage","url":"https:\/\/malin-krk.com\/wp-content\/uploads\/2018\/06\/b2b.jpg","contentUrl":"https:\/\/malin-krk.com\/wp-content\/uploads\/2018\/06\/b2b.jpg","width":1018,"height":325,"caption":"hotel Malin b2b"},{"@type":"BreadcrumbList","@id":"https:\/\/malin-krk.com\/de\/b2b\/#breadcrumb","itemListElement":[{"@type":"ListItem","position":1,"name":"Home","item":"https:\/\/malin-krk.com\/de\/"},{"@type":"ListItem","position":2,"name":"B2B"}]},{"@type":"WebSite","@id":"https:\/\/malin-krk.com\/#website","url":"https:\/\/malin-krk.com\/","name":"Malin Krk","description":"","publisher":{"@id":"https:\/\/malin-krk.com\/#organization"},"potentialAction":[{"@type":"SearchAction","target":{"@type":"EntryPoint","urlTemplate":"https:\/\/malin-krk.com\/?s={search_term_string}"},"query-input":{"@type":"PropertyValueSpecification","valueRequired":true,"valueName":"search_term_string"}}],"inLanguage":"de"},{"@type":"Organization","@id":"https:\/\/malin-krk.com\/#organization","name":"Malin Krk","url":"https:\/\/malin-krk.com\/","logo":{"@type":"ImageObject","inLanguage":"de","@id":"https:\/\/malin-krk.com\/#\/schema\/logo\/image\/","url":"https:\/\/malin-krk.com\/wp-content\/uploads\/2024\/02\/malin-logo.jpg","contentUrl":"https:\/\/malin-krk.com\/wp-content\/uploads\/2024\/02\/malin-logo.jpg","width":280,"height":96,"caption":"Malin Krk"},"image":{"@id":"https:\/\/malin-krk.com\/#\/schema\/logo\/image\/"},"sameAs":["https:\/\/www.facebook.com\/hotelmalin\/"]}]}},"_links":{"self":[{"href":"https:\/\/malin-krk.com\/de\/wp-json\/wp\/v2\/pages\/1688","targetHints":{"allow":["GET"]}}],"collection":[{"href":"https:\/\/malin-krk.com\/de\/wp-json\/wp\/v2\/pages"}],"about":[{"href":"https:\/\/malin-krk.com\/de\/wp-json\/wp\/v2\/types\/page"}],"author":[{"embeddable":true,"href":"https:\/\/malin-krk.com\/de\/wp-json\/wp\/v2\/users\/3"}],"replies":[{"embeddable":true,"href":"https:\/\/malin-krk.com\/de\/wp-json\/wp\/v2\/comments?post=1688"}],"version-history":[{"count":10,"href":"https:\/\/malin-krk.com\/de\/wp-json\/wp\/v2\/pages\/1688\/revisions"}],"predecessor-version":[{"id":30520,"href":"https:\/\/malin-krk.com\/de\/wp-json\/wp\/v2\/pages\/1688\/revisions\/30520"}],"wp:featuredmedia":[{"embeddable":true,"href":"https:\/\/malin-krk.com\/de\/wp-json\/wp\/v2\/media\/4167"}],"wp:attachment":[{"href":"https:\/\/malin-krk.com\/de\/wp-json\/wp\/v2\/media?parent=1688"}],"curies":[{"name":"wp","href":"https:\/\/api.w.org\/{rel}","templated":true}]}}