{"id":1416,"date":"2018-05-24T15:55:34","date_gmt":"2018-05-24T13:55:34","guid":{"rendered":"https:\/\/www.malin-krk.com\/_novo\/?page_id=1416"},"modified":"2018-07-24T09:23:59","modified_gmt":"2018-07-24T07:23:59","slug":"sonderangebote","status":"publish","type":"page","link":"https:\/\/malin-krk.com\/de\/events\/seminare-und-kongresse\/sonderangebote\/","title":{"rendered":"Sonderangebote"},"content":{"rendered":"<!DOCTYPE html PUBLIC \"-\/\/W3C\/\/DTD HTML 4.0 Transitional\/\/EN\" \"http:\/\/www.w3.org\/TR\/REC-html40\/loose.dtd\">\n<html><body><p><span style=\"font-weight: 400;\">Verbringen Sie einen romantischen Urlaub zu zweit, entdecken Sie lokale Spezialit&auml;ten und genie&szlig;en Sie gute Speisen, verbringen Sie qualitative Momente mit der Familie am Meer, sowie einen sorglosen Urlaub mit Ihrem Haustier! Das Hotel Malin bietet seinen G&auml;sten Sonderangebote f&uuml;r verschiedene Urlausarten, sowie die Organisation von Ereignissen, wie etwa Gesch&auml;ftstreffen und Kongresse. Falls Sie gerne dem t&auml;glichen Stress entfliehen, sowie K&ouml;rper und Seele baumeln lassen, oder aber einen aktiven Urlaub mit zahlreichen begleitenden Inhalten verbringen m&ouml;chten, falls Sie gerne zahlreiche Ergebnisse Ihres gesch&auml;ftlichen Events erreichen m&ouml;chten, dann ist das Hotel Malin der ideale Ort f&uuml;r Sie. &nbsp;&nbsp;<\/span><\/p>\n<\/body><\/html>\n","protected":false},"excerpt":{"rendered":"<p>Verbringen Sie einen romantischen Urlaub zu zweit, entdecken Sie lokale Spezialit&auml;ten und genie&szlig;en Sie gute Speisen, verbringen Sie qualitative Momente mit der Familie am Meer, sowie einen sorglosen Urlaub mit Ihrem Haustier! Das Hotel Malin bietet seinen G&auml;sten Sonderangebote f&uuml;r verschiedene Urlausarten, sowie die Organisation von Ereignissen, wie etwa Gesch&auml;ftstreffen und Kongresse. Falls Sie gerne [&hellip;]<\/p>\n","protected":false},"author":3,"featured_media":2755,"parent":1327,"menu_order":0,"comment_status":"closed","ping_status":"closed","template":"","meta":{"_acf_changed":false,"footnotes":""},"class_list":["post-1416","page","type-page","status-publish","has-post-thumbnail","hentry"],"acf":[],"yoast_head":"<!-- This site is optimized with the Yoast SEO plugin v27.5 - https:\/\/yoast.com\/product\/yoast-seo-wordpress\/ -->\n<title>Sonderangebote f\u00fcr Konferenzen<\/title>\n<meta name=\"description\" content=\"F\u00fcr optimale Ergebnisse Ihres Gesch\u00e4ftsereignisses sorgt das Hotel Malin. Entdecken Sie hier unsere Sonderangebote f\u00fcr Seminare!\" \/>\n<meta name=\"robots\" content=\"index, follow, max-snippet:-1, max-image-preview:large, max-video-preview:-1\" \/>\n<link rel=\"canonical\" href=\"https:\/\/malin-krk.com\/de\/events\/seminare-und-kongresse\/sonderangebote\/\" \/>\n<meta property=\"og:locale\" content=\"de_DE\" \/>\n<meta property=\"og:type\" content=\"article\" \/>\n<meta property=\"og:title\" content=\"Sonderangebote f\u00fcr Konferenzen\" \/>\n<meta property=\"og:description\" content=\"F\u00fcr optimale Ergebnisse Ihres Gesch\u00e4ftsereignisses sorgt das Hotel Malin. Entdecken Sie hier unsere Sonderangebote f\u00fcr Seminare!\" \/>\n<meta property=\"og:url\" content=\"https:\/\/malin-krk.com\/de\/events\/seminare-und-kongresse\/sonderangebote\/\" \/>\n<meta property=\"og:site_name\" content=\"Malin Krk\" \/>\n<meta property=\"article:publisher\" content=\"https:\/\/www.facebook.com\/hotelmalin\/\" \/>\n<meta property=\"article:modified_time\" content=\"2018-07-24T07:23:59+00:00\" \/>\n<meta property=\"og:image\" content=\"https:\/\/malin-krk.com\/wp-content\/uploads\/2018\/05\/obiteljska-jesenska-ponuda.jpg\" \/>\n\t<meta property=\"og:image:width\" content=\"1024\" \/>\n\t<meta property=\"og:image:height\" content=\"682\" \/>\n\t<meta property=\"og:image:type\" content=\"image\/jpeg\" \/>\n<meta name=\"twitter:card\" content=\"summary_large_image\" \/>\n<script type=\"application\/ld+json\" class=\"yoast-schema-graph\">{\"@context\":\"https:\\\/\\\/schema.org\",\"@graph\":[{\"@type\":\"WebPage\",\"@id\":\"https:\\\/\\\/malin-krk.com\\\/de\\\/events\\\/seminare-und-kongresse\\\/sonderangebote\\\/\",\"url\":\"https:\\\/\\\/malin-krk.com\\\/de\\\/events\\\/seminare-und-kongresse\\\/sonderangebote\\\/\",\"name\":\"Sonderangebote f\u00fcr Konferenzen\",\"isPartOf\":{\"@id\":\"https:\\\/\\\/malin-krk.com\\\/#website\"},\"primaryImageOfPage\":{\"@id\":\"https:\\\/\\\/malin-krk.com\\\/de\\\/events\\\/seminare-und-kongresse\\\/sonderangebote\\\/#primaryimage\"},\"image\":{\"@id\":\"https:\\\/\\\/malin-krk.com\\\/de\\\/events\\\/seminare-und-kongresse\\\/sonderangebote\\\/#primaryimage\"},\"thumbnailUrl\":\"https:\\\/\\\/malin-krk.com\\\/wp-content\\\/uploads\\\/2018\\\/05\\\/obiteljska-jesenska-ponuda.jpg\",\"datePublished\":\"2018-05-24T13:55:34+00:00\",\"dateModified\":\"2018-07-24T07:23:59+00:00\",\"description\":\"F\u00fcr optimale Ergebnisse Ihres Gesch\u00e4ftsereignisses sorgt das Hotel Malin. Entdecken Sie hier unsere Sonderangebote f\u00fcr Seminare!\",\"breadcrumb\":{\"@id\":\"https:\\\/\\\/malin-krk.com\\\/de\\\/events\\\/seminare-und-kongresse\\\/sonderangebote\\\/#breadcrumb\"},\"inLanguage\":\"de\",\"potentialAction\":[{\"@type\":\"ReadAction\",\"target\":[\"https:\\\/\\\/malin-krk.com\\\/de\\\/events\\\/seminare-und-kongresse\\\/sonderangebote\\\/\"]}]},{\"@type\":\"ImageObject\",\"inLanguage\":\"de\",\"@id\":\"https:\\\/\\\/malin-krk.com\\\/de\\\/events\\\/seminare-und-kongresse\\\/sonderangebote\\\/#primaryimage\",\"url\":\"https:\\\/\\\/malin-krk.com\\\/wp-content\\\/uploads\\\/2018\\\/05\\\/obiteljska-jesenska-ponuda.jpg\",\"contentUrl\":\"https:\\\/\\\/malin-krk.com\\\/wp-content\\\/uploads\\\/2018\\\/05\\\/obiteljska-jesenska-ponuda.jpg\",\"width\":1024,\"height\":682},{\"@type\":\"BreadcrumbList\",\"@id\":\"https:\\\/\\\/malin-krk.com\\\/de\\\/events\\\/seminare-und-kongresse\\\/sonderangebote\\\/#breadcrumb\",\"itemListElement\":[{\"@type\":\"ListItem\",\"position\":1,\"name\":\"Home\",\"item\":\"https:\\\/\\\/malin-krk.com\\\/de\\\/\"},{\"@type\":\"ListItem\",\"position\":2,\"name\":\"Events\",\"item\":\"https:\\\/\\\/malin-krk.com\\\/de\\\/events\\\/\"},{\"@type\":\"ListItem\",\"position\":3,\"name\":\"Seminare und Kongresse\",\"item\":\"https:\\\/\\\/malin-krk.com\\\/de\\\/events\\\/seminare-und-kongresse\\\/\"},{\"@type\":\"ListItem\",\"position\":4,\"name\":\"Sonderangebote\"}]},{\"@type\":\"WebSite\",\"@id\":\"https:\\\/\\\/malin-krk.com\\\/#website\",\"url\":\"https:\\\/\\\/malin-krk.com\\\/\",\"name\":\"Malin Krk\",\"description\":\"\",\"publisher\":{\"@id\":\"https:\\\/\\\/malin-krk.com\\\/#organization\"},\"potentialAction\":[{\"@type\":\"SearchAction\",\"target\":{\"@type\":\"EntryPoint\",\"urlTemplate\":\"https:\\\/\\\/malin-krk.com\\\/?s={search_term_string}\"},\"query-input\":{\"@type\":\"PropertyValueSpecification\",\"valueRequired\":true,\"valueName\":\"search_term_string\"}}],\"inLanguage\":\"de\"},{\"@type\":\"Organization\",\"@id\":\"https:\\\/\\\/malin-krk.com\\\/#organization\",\"name\":\"Malin Krk\",\"url\":\"https:\\\/\\\/malin-krk.com\\\/\",\"logo\":{\"@type\":\"ImageObject\",\"inLanguage\":\"de\",\"@id\":\"https:\\\/\\\/malin-krk.com\\\/#\\\/schema\\\/logo\\\/image\\\/\",\"url\":\"https:\\\/\\\/malin-krk.com\\\/wp-content\\\/uploads\\\/2024\\\/02\\\/malin-logo.jpg\",\"contentUrl\":\"https:\\\/\\\/malin-krk.com\\\/wp-content\\\/uploads\\\/2024\\\/02\\\/malin-logo.jpg\",\"width\":280,\"height\":96,\"caption\":\"Malin Krk\"},\"image\":{\"@id\":\"https:\\\/\\\/malin-krk.com\\\/#\\\/schema\\\/logo\\\/image\\\/\"},\"sameAs\":[\"https:\\\/\\\/www.facebook.com\\\/hotelmalin\\\/\"]}]}<\/script>\n<!-- \/ Yoast SEO plugin. -->","yoast_head_json":{"title":"Sonderangebote f\u00fcr Konferenzen","description":"F\u00fcr optimale Ergebnisse Ihres Gesch\u00e4ftsereignisses sorgt das Hotel Malin. Entdecken Sie hier unsere Sonderangebote f\u00fcr Seminare!","robots":{"index":"index","follow":"follow","max-snippet":"max-snippet:-1","max-image-preview":"max-image-preview:large","max-video-preview":"max-video-preview:-1"},"canonical":"https:\/\/malin-krk.com\/de\/events\/seminare-und-kongresse\/sonderangebote\/","og_locale":"de_DE","og_type":"article","og_title":"Sonderangebote f\u00fcr Konferenzen","og_description":"F\u00fcr optimale Ergebnisse Ihres Gesch\u00e4ftsereignisses sorgt das Hotel Malin. Entdecken Sie hier unsere Sonderangebote f\u00fcr Seminare!","og_url":"https:\/\/malin-krk.com\/de\/events\/seminare-und-kongresse\/sonderangebote\/","og_site_name":"Malin Krk","article_publisher":"https:\/\/www.facebook.com\/hotelmalin\/","article_modified_time":"2018-07-24T07:23:59+00:00","og_image":[{"width":1024,"height":682,"url":"https:\/\/malin-krk.com\/wp-content\/uploads\/2018\/05\/obiteljska-jesenska-ponuda.jpg","type":"image\/jpeg"}],"twitter_card":"summary_large_image","schema":{"@context":"https:\/\/schema.org","@graph":[{"@type":"WebPage","@id":"https:\/\/malin-krk.com\/de\/events\/seminare-und-kongresse\/sonderangebote\/","url":"https:\/\/malin-krk.com\/de\/events\/seminare-und-kongresse\/sonderangebote\/","name":"Sonderangebote f\u00fcr Konferenzen","isPartOf":{"@id":"https:\/\/malin-krk.com\/#website"},"primaryImageOfPage":{"@id":"https:\/\/malin-krk.com\/de\/events\/seminare-und-kongresse\/sonderangebote\/#primaryimage"},"image":{"@id":"https:\/\/malin-krk.com\/de\/events\/seminare-und-kongresse\/sonderangebote\/#primaryimage"},"thumbnailUrl":"https:\/\/malin-krk.com\/wp-content\/uploads\/2018\/05\/obiteljska-jesenska-ponuda.jpg","datePublished":"2018-05-24T13:55:34+00:00","dateModified":"2018-07-24T07:23:59+00:00","description":"F\u00fcr optimale Ergebnisse Ihres Gesch\u00e4ftsereignisses sorgt das Hotel Malin. Entdecken Sie hier unsere Sonderangebote f\u00fcr Seminare!","breadcrumb":{"@id":"https:\/\/malin-krk.com\/de\/events\/seminare-und-kongresse\/sonderangebote\/#breadcrumb"},"inLanguage":"de","potentialAction":[{"@type":"ReadAction","target":["https:\/\/malin-krk.com\/de\/events\/seminare-und-kongresse\/sonderangebote\/"]}]},{"@type":"ImageObject","inLanguage":"de","@id":"https:\/\/malin-krk.com\/de\/events\/seminare-und-kongresse\/sonderangebote\/#primaryimage","url":"https:\/\/malin-krk.com\/wp-content\/uploads\/2018\/05\/obiteljska-jesenska-ponuda.jpg","contentUrl":"https:\/\/malin-krk.com\/wp-content\/uploads\/2018\/05\/obiteljska-jesenska-ponuda.jpg","width":1024,"height":682},{"@type":"BreadcrumbList","@id":"https:\/\/malin-krk.com\/de\/events\/seminare-und-kongresse\/sonderangebote\/#breadcrumb","itemListElement":[{"@type":"ListItem","position":1,"name":"Home","item":"https:\/\/malin-krk.com\/de\/"},{"@type":"ListItem","position":2,"name":"Events","item":"https:\/\/malin-krk.com\/de\/events\/"},{"@type":"ListItem","position":3,"name":"Seminare und Kongresse","item":"https:\/\/malin-krk.com\/de\/events\/seminare-und-kongresse\/"},{"@type":"ListItem","position":4,"name":"Sonderangebote"}]},{"@type":"WebSite","@id":"https:\/\/malin-krk.com\/#website","url":"https:\/\/malin-krk.com\/","name":"Malin Krk","description":"","publisher":{"@id":"https:\/\/malin-krk.com\/#organization"},"potentialAction":[{"@type":"SearchAction","target":{"@type":"EntryPoint","urlTemplate":"https:\/\/malin-krk.com\/?s={search_term_string}"},"query-input":{"@type":"PropertyValueSpecification","valueRequired":true,"valueName":"search_term_string"}}],"inLanguage":"de"},{"@type":"Organization","@id":"https:\/\/malin-krk.com\/#organization","name":"Malin Krk","url":"https:\/\/malin-krk.com\/","logo":{"@type":"ImageObject","inLanguage":"de","@id":"https:\/\/malin-krk.com\/#\/schema\/logo\/image\/","url":"https:\/\/malin-krk.com\/wp-content\/uploads\/2024\/02\/malin-logo.jpg","contentUrl":"https:\/\/malin-krk.com\/wp-content\/uploads\/2024\/02\/malin-logo.jpg","width":280,"height":96,"caption":"Malin Krk"},"image":{"@id":"https:\/\/malin-krk.com\/#\/schema\/logo\/image\/"},"sameAs":["https:\/\/www.facebook.com\/hotelmalin\/"]}]}},"_links":{"self":[{"href":"https:\/\/malin-krk.com\/de\/wp-json\/wp\/v2\/pages\/1416","targetHints":{"allow":["GET"]}}],"collection":[{"href":"https:\/\/malin-krk.com\/de\/wp-json\/wp\/v2\/pages"}],"about":[{"href":"https:\/\/malin-krk.com\/de\/wp-json\/wp\/v2\/types\/page"}],"author":[{"embeddable":true,"href":"https:\/\/malin-krk.com\/de\/wp-json\/wp\/v2\/users\/3"}],"replies":[{"embeddable":true,"href":"https:\/\/malin-krk.com\/de\/wp-json\/wp\/v2\/comments?post=1416"}],"version-history":[{"count":2,"href":"https:\/\/malin-krk.com\/de\/wp-json\/wp\/v2\/pages\/1416\/revisions"}],"predecessor-version":[{"id":3303,"href":"https:\/\/malin-krk.com\/de\/wp-json\/wp\/v2\/pages\/1416\/revisions\/3303"}],"up":[{"embeddable":true,"href":"https:\/\/malin-krk.com\/de\/wp-json\/wp\/v2\/pages\/1327"}],"wp:featuredmedia":[{"embeddable":true,"href":"https:\/\/malin-krk.com\/de\/wp-json\/wp\/v2\/media\/2755"}],"wp:attachment":[{"href":"https:\/\/malin-krk.com\/de\/wp-json\/wp\/v2\/media?parent=1416"}],"curies":[{"name":"wp","href":"https:\/\/api.w.org\/{rel}","templated":true}]}}