{"id":1393,"date":"2018-05-24T15:50:00","date_gmt":"2018-05-24T13:50:00","guid":{"rendered":"https:\/\/www.malin-krk.com\/_novo\/?page_id=1393"},"modified":"2018-06-18T14:23:03","modified_gmt":"2018-06-18T12:23:03","slug":"appartements-4-sterne","status":"publish","type":"page","link":"https:\/\/malin-krk.com\/de\/unterkunft\/appartements-4-sterne\/","title":{"rendered":"Appartements 4 Sterne"},"content":{"rendered":"<!DOCTYPE html PUBLIC \"-\/\/W3C\/\/DTD HTML 4.0 Transitional\/\/EN\" \"http:\/\/www.w3.org\/TR\/REC-html40\/loose.dtd\">\n<html><body><p><span style=\"font-weight: 400;\">Erleben Sie einen sorglosen Urlaub in mediterranem Klima! Das reiche Angebot an modern eingerichteten Appartements mit 4 Sternen in der Villa Mike, Villa Rini, Villa Malin in Malinska auf der Insel Krk, sowie der Villa Franka auf der Insel Rab ist die richtige Wahl f&uuml;r all jene, welche ihren Urlaub mit dem Gef&uuml;hl zuhause zu sein verbringen m&ouml;chten. Genie&szlig;en Sie im Appartement mit 4 Sternen gleich am Meer gelegen, entspannen Sie in der Ruhe und Stille, nutzen Sie das Angebot zus&auml;tzlicher Inhalte und Dienstleistungen und verwirklichen Sie Ihren Urlaub von einem perfekten Urlaub!<\/span><\/p>\n\n\n<\/body><\/html>\n","protected":false},"excerpt":{"rendered":"<p>Erleben Sie einen sorglosen Urlaub in mediterranem Klima! Das reiche Angebot an modern eingerichteten Appartements mit 4 Sternen in der Villa Mike, Villa Rini, Villa Malin in Malinska auf der Insel Krk, sowie der Villa Franka auf der Insel Rab ist die richtige Wahl f&uuml;r all jene, welche ihren Urlaub mit dem Gef&uuml;hl zuhause zu [&hellip;]<\/p>\n","protected":false},"author":3,"featured_media":4071,"parent":1385,"menu_order":0,"comment_status":"closed","ping_status":"closed","template":"","meta":{"_acf_changed":false,"footnotes":""},"class_list":["post-1393","page","type-page","status-publish","has-post-thumbnail","hentry"],"acf":[],"yoast_head":"<!-- This site is optimized with the Yoast SEO plugin v27.5 - https:\/\/yoast.com\/product\/yoast-seo-wordpress\/ -->\n<title>4-Sterne-Appartements auf der Insel Krk<\/title>\n<meta name=\"description\" content=\"Das mediterrane Gr\u00fcn, der Geruch des Meeres, Ruhe und Besinnung, N\u00e4he der Str\u00e4nde, Restaurants und L\u00e4den beschreiben den Ort mit diesen 4*-Appartements.\" \/>\n<meta name=\"robots\" content=\"index, follow, max-snippet:-1, max-image-preview:large, max-video-preview:-1\" \/>\n<link rel=\"canonical\" href=\"https:\/\/malin-krk.com\/de\/unterkunft\/appartements-4-sterne\/\" \/>\n<meta property=\"og:locale\" content=\"de_DE\" \/>\n<meta property=\"og:type\" content=\"article\" \/>\n<meta property=\"og:title\" content=\"4-Sterne-Appartements auf der Insel Krk\" \/>\n<meta property=\"og:description\" content=\"Das mediterrane Gr\u00fcn, der Geruch des Meeres, Ruhe und Besinnung, N\u00e4he der Str\u00e4nde, Restaurants und L\u00e4den beschreiben den Ort mit diesen 4*-Appartements.\" \/>\n<meta property=\"og:url\" content=\"https:\/\/malin-krk.com\/de\/unterkunft\/appartements-4-sterne\/\" \/>\n<meta property=\"og:site_name\" content=\"Malin Krk\" \/>\n<meta property=\"article:publisher\" content=\"https:\/\/www.facebook.com\/hotelmalin\/\" \/>\n<meta property=\"article:modified_time\" content=\"2018-06-18T12:23:03+00:00\" \/>\n<meta property=\"og:image\" content=\"https:\/\/malin-krk.com\/wp-content\/uploads\/2018\/06\/apartmani-4-zvjezdica.jpg\" \/>\n\t<meta property=\"og:image:width\" content=\"800\" \/>\n\t<meta property=\"og:image:height\" content=\"533\" \/>\n\t<meta property=\"og:image:type\" content=\"image\/jpeg\" \/>\n<meta name=\"twitter:card\" content=\"summary_large_image\" \/>\n<script type=\"application\/ld+json\" class=\"yoast-schema-graph\">{\"@context\":\"https:\\\/\\\/schema.org\",\"@graph\":[{\"@type\":\"WebPage\",\"@id\":\"https:\\\/\\\/malin-krk.com\\\/de\\\/unterkunft\\\/appartements-4-sterne\\\/\",\"url\":\"https:\\\/\\\/malin-krk.com\\\/de\\\/unterkunft\\\/appartements-4-sterne\\\/\",\"name\":\"4-Sterne-Appartements auf der Insel Krk\",\"isPartOf\":{\"@id\":\"https:\\\/\\\/malin-krk.com\\\/#website\"},\"primaryImageOfPage\":{\"@id\":\"https:\\\/\\\/malin-krk.com\\\/de\\\/unterkunft\\\/appartements-4-sterne\\\/#primaryimage\"},\"image\":{\"@id\":\"https:\\\/\\\/malin-krk.com\\\/de\\\/unterkunft\\\/appartements-4-sterne\\\/#primaryimage\"},\"thumbnailUrl\":\"https:\\\/\\\/malin-krk.com\\\/wp-content\\\/uploads\\\/2018\\\/06\\\/apartmani-4-zvjezdica.jpg\",\"datePublished\":\"2018-05-24T13:50:00+00:00\",\"dateModified\":\"2018-06-18T12:23:03+00:00\",\"description\":\"Das mediterrane Gr\u00fcn, der Geruch des Meeres, Ruhe und Besinnung, N\u00e4he der Str\u00e4nde, Restaurants und L\u00e4den beschreiben den Ort mit diesen 4*-Appartements.\",\"breadcrumb\":{\"@id\":\"https:\\\/\\\/malin-krk.com\\\/de\\\/unterkunft\\\/appartements-4-sterne\\\/#breadcrumb\"},\"inLanguage\":\"de\",\"potentialAction\":[{\"@type\":\"ReadAction\",\"target\":[\"https:\\\/\\\/malin-krk.com\\\/de\\\/unterkunft\\\/appartements-4-sterne\\\/\"]}]},{\"@type\":\"ImageObject\",\"inLanguage\":\"de\",\"@id\":\"https:\\\/\\\/malin-krk.com\\\/de\\\/unterkunft\\\/appartements-4-sterne\\\/#primaryimage\",\"url\":\"https:\\\/\\\/malin-krk.com\\\/wp-content\\\/uploads\\\/2018\\\/06\\\/apartmani-4-zvjezdica.jpg\",\"contentUrl\":\"https:\\\/\\\/malin-krk.com\\\/wp-content\\\/uploads\\\/2018\\\/06\\\/apartmani-4-zvjezdica.jpg\",\"width\":800,\"height\":533,\"caption\":\"apartmani 4 zvjezdice\"},{\"@type\":\"BreadcrumbList\",\"@id\":\"https:\\\/\\\/malin-krk.com\\\/de\\\/unterkunft\\\/appartements-4-sterne\\\/#breadcrumb\",\"itemListElement\":[{\"@type\":\"ListItem\",\"position\":1,\"name\":\"Home\",\"item\":\"https:\\\/\\\/malin-krk.com\\\/de\\\/\"},{\"@type\":\"ListItem\",\"position\":2,\"name\":\"Unterkunft\",\"item\":\"https:\\\/\\\/malin-krk.com\\\/de\\\/?page_id=1385\"},{\"@type\":\"ListItem\",\"position\":3,\"name\":\"Appartements 4 Sterne\"}]},{\"@type\":\"WebSite\",\"@id\":\"https:\\\/\\\/malin-krk.com\\\/#website\",\"url\":\"https:\\\/\\\/malin-krk.com\\\/\",\"name\":\"Malin Krk\",\"description\":\"\",\"publisher\":{\"@id\":\"https:\\\/\\\/malin-krk.com\\\/#organization\"},\"potentialAction\":[{\"@type\":\"SearchAction\",\"target\":{\"@type\":\"EntryPoint\",\"urlTemplate\":\"https:\\\/\\\/malin-krk.com\\\/?s={search_term_string}\"},\"query-input\":{\"@type\":\"PropertyValueSpecification\",\"valueRequired\":true,\"valueName\":\"search_term_string\"}}],\"inLanguage\":\"de\"},{\"@type\":\"Organization\",\"@id\":\"https:\\\/\\\/malin-krk.com\\\/#organization\",\"name\":\"Malin Krk\",\"url\":\"https:\\\/\\\/malin-krk.com\\\/\",\"logo\":{\"@type\":\"ImageObject\",\"inLanguage\":\"de\",\"@id\":\"https:\\\/\\\/malin-krk.com\\\/#\\\/schema\\\/logo\\\/image\\\/\",\"url\":\"https:\\\/\\\/malin-krk.com\\\/wp-content\\\/uploads\\\/2024\\\/02\\\/malin-logo.jpg\",\"contentUrl\":\"https:\\\/\\\/malin-krk.com\\\/wp-content\\\/uploads\\\/2024\\\/02\\\/malin-logo.jpg\",\"width\":280,\"height\":96,\"caption\":\"Malin Krk\"},\"image\":{\"@id\":\"https:\\\/\\\/malin-krk.com\\\/#\\\/schema\\\/logo\\\/image\\\/\"},\"sameAs\":[\"https:\\\/\\\/www.facebook.com\\\/hotelmalin\\\/\"]}]}<\/script>\n<!-- \/ Yoast SEO plugin. -->","yoast_head_json":{"title":"4-Sterne-Appartements auf der Insel Krk","description":"Das mediterrane Gr\u00fcn, der Geruch des Meeres, Ruhe und Besinnung, N\u00e4he der Str\u00e4nde, Restaurants und L\u00e4den beschreiben den Ort mit diesen 4*-Appartements.","robots":{"index":"index","follow":"follow","max-snippet":"max-snippet:-1","max-image-preview":"max-image-preview:large","max-video-preview":"max-video-preview:-1"},"canonical":"https:\/\/malin-krk.com\/de\/unterkunft\/appartements-4-sterne\/","og_locale":"de_DE","og_type":"article","og_title":"4-Sterne-Appartements auf der Insel Krk","og_description":"Das mediterrane Gr\u00fcn, der Geruch des Meeres, Ruhe und Besinnung, N\u00e4he der Str\u00e4nde, Restaurants und L\u00e4den beschreiben den Ort mit diesen 4*-Appartements.","og_url":"https:\/\/malin-krk.com\/de\/unterkunft\/appartements-4-sterne\/","og_site_name":"Malin Krk","article_publisher":"https:\/\/www.facebook.com\/hotelmalin\/","article_modified_time":"2018-06-18T12:23:03+00:00","og_image":[{"width":800,"height":533,"url":"https:\/\/malin-krk.com\/wp-content\/uploads\/2018\/06\/apartmani-4-zvjezdica.jpg","type":"image\/jpeg"}],"twitter_card":"summary_large_image","schema":{"@context":"https:\/\/schema.org","@graph":[{"@type":"WebPage","@id":"https:\/\/malin-krk.com\/de\/unterkunft\/appartements-4-sterne\/","url":"https:\/\/malin-krk.com\/de\/unterkunft\/appartements-4-sterne\/","name":"4-Sterne-Appartements auf der Insel Krk","isPartOf":{"@id":"https:\/\/malin-krk.com\/#website"},"primaryImageOfPage":{"@id":"https:\/\/malin-krk.com\/de\/unterkunft\/appartements-4-sterne\/#primaryimage"},"image":{"@id":"https:\/\/malin-krk.com\/de\/unterkunft\/appartements-4-sterne\/#primaryimage"},"thumbnailUrl":"https:\/\/malin-krk.com\/wp-content\/uploads\/2018\/06\/apartmani-4-zvjezdica.jpg","datePublished":"2018-05-24T13:50:00+00:00","dateModified":"2018-06-18T12:23:03+00:00","description":"Das mediterrane Gr\u00fcn, der Geruch des Meeres, Ruhe und Besinnung, N\u00e4he der Str\u00e4nde, Restaurants und L\u00e4den beschreiben den Ort mit diesen 4*-Appartements.","breadcrumb":{"@id":"https:\/\/malin-krk.com\/de\/unterkunft\/appartements-4-sterne\/#breadcrumb"},"inLanguage":"de","potentialAction":[{"@type":"ReadAction","target":["https:\/\/malin-krk.com\/de\/unterkunft\/appartements-4-sterne\/"]}]},{"@type":"ImageObject","inLanguage":"de","@id":"https:\/\/malin-krk.com\/de\/unterkunft\/appartements-4-sterne\/#primaryimage","url":"https:\/\/malin-krk.com\/wp-content\/uploads\/2018\/06\/apartmani-4-zvjezdica.jpg","contentUrl":"https:\/\/malin-krk.com\/wp-content\/uploads\/2018\/06\/apartmani-4-zvjezdica.jpg","width":800,"height":533,"caption":"apartmani 4 zvjezdice"},{"@type":"BreadcrumbList","@id":"https:\/\/malin-krk.com\/de\/unterkunft\/appartements-4-sterne\/#breadcrumb","itemListElement":[{"@type":"ListItem","position":1,"name":"Home","item":"https:\/\/malin-krk.com\/de\/"},{"@type":"ListItem","position":2,"name":"Unterkunft","item":"https:\/\/malin-krk.com\/de\/?page_id=1385"},{"@type":"ListItem","position":3,"name":"Appartements 4 Sterne"}]},{"@type":"WebSite","@id":"https:\/\/malin-krk.com\/#website","url":"https:\/\/malin-krk.com\/","name":"Malin Krk","description":"","publisher":{"@id":"https:\/\/malin-krk.com\/#organization"},"potentialAction":[{"@type":"SearchAction","target":{"@type":"EntryPoint","urlTemplate":"https:\/\/malin-krk.com\/?s={search_term_string}"},"query-input":{"@type":"PropertyValueSpecification","valueRequired":true,"valueName":"search_term_string"}}],"inLanguage":"de"},{"@type":"Organization","@id":"https:\/\/malin-krk.com\/#organization","name":"Malin Krk","url":"https:\/\/malin-krk.com\/","logo":{"@type":"ImageObject","inLanguage":"de","@id":"https:\/\/malin-krk.com\/#\/schema\/logo\/image\/","url":"https:\/\/malin-krk.com\/wp-content\/uploads\/2024\/02\/malin-logo.jpg","contentUrl":"https:\/\/malin-krk.com\/wp-content\/uploads\/2024\/02\/malin-logo.jpg","width":280,"height":96,"caption":"Malin Krk"},"image":{"@id":"https:\/\/malin-krk.com\/#\/schema\/logo\/image\/"},"sameAs":["https:\/\/www.facebook.com\/hotelmalin\/"]}]}},"_links":{"self":[{"href":"https:\/\/malin-krk.com\/de\/wp-json\/wp\/v2\/pages\/1393","targetHints":{"allow":["GET"]}}],"collection":[{"href":"https:\/\/malin-krk.com\/de\/wp-json\/wp\/v2\/pages"}],"about":[{"href":"https:\/\/malin-krk.com\/de\/wp-json\/wp\/v2\/types\/page"}],"author":[{"embeddable":true,"href":"https:\/\/malin-krk.com\/de\/wp-json\/wp\/v2\/users\/3"}],"replies":[{"embeddable":true,"href":"https:\/\/malin-krk.com\/de\/wp-json\/wp\/v2\/comments?post=1393"}],"version-history":[{"count":3,"href":"https:\/\/malin-krk.com\/de\/wp-json\/wp\/v2\/pages\/1393\/revisions"}],"predecessor-version":[{"id":4101,"href":"https:\/\/malin-krk.com\/de\/wp-json\/wp\/v2\/pages\/1393\/revisions\/4101"}],"up":[{"embeddable":true,"href":"https:\/\/malin-krk.com\/de\/wp-json\/wp\/v2\/pages\/1385"}],"wp:featuredmedia":[{"embeddable":true,"href":"https:\/\/malin-krk.com\/de\/wp-json\/wp\/v2\/media\/4071"}],"wp:attachment":[{"href":"https:\/\/malin-krk.com\/de\/wp-json\/wp\/v2\/media?parent=1393"}],"curies":[{"name":"wp","href":"https:\/\/api.w.org\/{rel}","templated":true}]}}